{"id":2032,"date":"2022-02-17T11:17:19","date_gmt":"2022-02-17T11:17:19","guid":{"rendered":"https:\/\/ap.com.al\/?page_id=2032"},"modified":"2023-04-25T12:17:07","modified_gmt":"2023-04-25T12:17:07","slug":"news","status":"publish","type":"page","link":"https:\/\/ap.com.al\/?page_id=2032&lang=en","title":{"rendered":"News"},"content":{"rendered":"\n<style>\n  #oniiii{\n    background-image:url(\"https:\/\/ap.com.al\/wp-content\/uploads\/2022\/03\/cleaning-2.png\");\n    padding-bottom:32%;\n    background-position:center center;\n    background-repeat: no-repeat;\n    background-size:cover;\n  }\n  <\/style>\n  <script src=\"https:\/\/code.jquery.com\/jquery-3.5.0.js\"><\/script>\n\n\n<div id=\"oniiii\"><\/div>\n \n<script>\n$( \"#oniiii\" ).insertBefore( \".container_wrap_first\" );\n<\/script>\n\n\n\n<div class=\"wp-block-columns\" id=\"containerr\">\n<div class=\"wp-block-column\" style=\"flex-basis:25%\">\n<div class=\"avia_textblock\" itemprop=\"text\"><h2 style=\"color:#005a8c;\n\">News<\/h2>\n<\/div>\n<\/div>\n\n\n\n<div class=\"wp-block-column\" style=\"flex-basis:80%\">\n<div class=\"wp-block-columns\">\n<div class=\"wp-block-column\">\n<section class=\"av_textblock_section line-box-html style=\" border-radius:0px;=\"\" \"=\"\" itemscope=\"itemscope\" itemtype=\"https:\/\/schema.org\/CreativeWork\"><div class=\"avia_textblock animation_start\" itemprop=\"text\"><\/div><\/section>\n<\/div>\n\n\n\n<div class=\"wp-block-column\">\n<div class=\"avia-image-container  av-styling-no-styling   avia-builder-el-6  el_after_av_textblock  avia-builder-el-last  column one avia-align-right \" itemscope=\"itemscope\" itemtype=\"https:\/\/schema.org\/ImageObject\"><div class=\"avia-image-container-inner\"><img decoding=\"async\" class=\"avia_image \" src=\"https:\/\/ap.com.al\/wp-content\/uploads\/2022\/03\/Articles.png\" alt=\"\" title=\"\" itemprop=\"thumbnailUrl\"><\/div><\/div>\n<\/div>\n<\/div>\n<\/div>\n<\/div>\n\n\n\n<div class=\"wp-block-columns\" id=\"containerr\">\n<div class=\"wp-block-column\">\n<div class=\"ftesa\" style=\"padding-left: 20px;\">\n<div class=\"flex_column av_one_full  flex_column_div av-zero-column-padding first  avia-builder-el-19  el_before_av_two_fifth  avia-builder-el-first  count_intheline \" style=\"margin-bottom: 23px; \">\n<section class=\"av_textblock_section\" itemscope=\"itemscope\" itemtype=\"https:\/\/schema.org\/CreativeWork\"><div class=\"avia_textblock \" itemprop=\"text\"><h4>Ftes\u00eb: Panairi \u201cDit\u00ebt e Bujq\u00ebsis\u00eb 2023\u201d<\/h4>\n<\/div><\/section><\/div>\n<div class=\"avia_textblock blue_list\" style=\"padding: unset;\" itemprop=\"text\"><p>Austria Praemix (AP) ka k\u00ebnaq\u00ebsin\u00eb t\u2019ju ftoj\u00eb n\u00eb Panairin Nd\u00ebrkomb\u00ebtar p\u00ebr Bujq\u00ebsin\u00eb e Q\u00ebndrueshme, Blegtorin\u00eb, Peshkimin dhe Inovacionin \u201cDit\u00ebt e Bujq\u00ebsis\u00eb 2023\u201d, i cili do t\u00eb organizohet n\u00eb datat 27-29 Prill n\u00eb qytetin e Lushnj\u00ebs.\n<\/p>\n<p>D\u00ebshirojm\u00eb t\u2019ju ftojm\u00eb q\u00eb t\u00eb jeni prezent\u00eb n\u00eb Referatin me tem\u00eb:\n\n&#8220;Inovacioni dhe menaxhimi efektiv i fermave blegtorale&#8221;.\n\nDI. Bianca Duro-Spernbauer\n<\/p>\n<p>T\u00eb premten, dat\u00eb 28 Prill, Ora 09:15, Stenda Nr. 32\n<\/p>\n<\/div>\n<div class=\"avia-button-wrap avia-button-left  avia-builder-el-7  el_after_av_textblock  avia-builder-el-last \"><a href=\"https:\/\/ap.com.al\/en\/ftese-panairi-2\/\"target=\"_blank\" class=\"avia-button   avia-icon_select-no avia-color-theme-color avia-size-large avia-position-left \" rel=\"noopener\"><span class=\"avia_iconbox_title\">Read more<\/span><\/a><\/div>\n<\/div>\n<\/div>\n\n\n\n<div class=\"wp-block-column\">\n<div class=\"imagee_IMG\">\n<img decoding=\"async\" src=\"https:\/\/ap.com.al\/wp-content\/uploads\/2023\/04\/Panair-2023.jpeg\">\n<\/div>\n<\/div>\n<\/div>\n\n\n\n<div class=\"wp-block-columns\" id=\"containerr\">\n<div class=\"wp-block-column\">\n<div class=\"imagee_IMG\">\n<img decoding=\"async\" src=\"https:\/\/ap.com.al\/wp-content\/uploads\/2022\/05\/Panairi-Lushnje.jpg\">\n<\/div>\n<\/div>\n\n\n\n<div class=\"wp-block-column\">\n<div class=\"ftesa\" style=\"padding-left: 20px;\">\n<div class=\"flex_column av_one_full  flex_column_div av-zero-column-padding first  avia-builder-el-19  el_before_av_two_fifth  avia-builder-el-first  count_intheline \" style=\"margin-bottom: 23px; \">\n<section class=\"av_textblock_section\" itemscope=\"itemscope\" itemtype=\"https:\/\/schema.org\/CreativeWork\"><div class=\"avia_textblock \" itemprop=\"text\"><h4>Ftes\u00eb: Panairi \u201cDit\u00ebt e Bujq\u00ebsis\u00eb 2022\u201d<\/h4>\n<\/div><\/section><\/div>\n<div class=\"avia_textblock blue_list\" style=\"padding: unset;\" itemprop=\"text\"><p>Austria Praemix (AP) ka k\u00ebnaq\u00ebsin\u00eb t\u2019ju ftoj\u00eb n\u00eb Panairin Nd\u00ebrkomb\u00ebtar t\u00eb Bujq\u00ebsis\u00eb, Teknologjive, Ushqimit dhe P\u00ebrpunimit, \u201cDit\u00ebt e Bujq\u00ebsis\u00eb 2022\u201d, i cili do t\u00eb organizohet n\u00eb datat 19-21 Maj n\u00eb qytetin e Lushnjes.\n<\/p>\n<p>D\u00ebshirojm\u00eb t\u2019ju ftojm\u00eb q\u00eb t\u00eb jeni prezent n\u00eb Koktejin q\u00eb ne organizojm\u00eb n\u00eb panair:\n<\/p>\n<p>T\u00eb premten, dat\u00eb 20 Maj Ora 10:30 Stenda Nr. 29\n<\/p>\n<\/div>\n<div class=\"avia-button-wrap avia-button-left  avia-builder-el-7  el_after_av_textblock  avia-builder-el-last \"><a href=\"https:\/\/ap.com.al\/ftese-panairi\/\" target=\"_blank\" class=\"avia-button   avia-icon_select-no avia-color-theme-color avia-size-large avia-position-left \" rel=\"noopener\"><span class=\"avia_iconbox_title\">Read more<\/span><\/a><\/div>\n<\/div>\n<\/div>\n<\/div>\n","protected":false},"excerpt":{"rendered":"<p>News<\/p>\n","protected":false},"author":1,"featured_media":0,"parent":0,"menu_order":0,"comment_status":"closed","ping_status":"closed","template":"","meta":{"inline_featured_image":false,"footnotes":""},"class_list":["post-2032","page","type-page","status-publish","hentry"],"yoast_head":"<!-- This site is optimized with the Yoast SEO plugin v18.9 - https:\/\/yoast.com\/wordpress\/plugins\/seo\/ -->\n<title>News - Austria Praemix<\/title>\n<meta name=\"robots\" content=\"index, follow, max-snippet:-1, max-image-preview:large, max-video-preview:-1\" \/>\n<link rel=\"canonical\" href=\"https:\/\/ap.com.al\/?page_id=2032&#038;lang=en\" \/>\n<meta property=\"og:locale\" content=\"en_US\" \/>\n<meta property=\"og:type\" content=\"article\" \/>\n<meta property=\"og:title\" content=\"News - Austria Praemix\" \/>\n<meta property=\"og:description\" content=\"News\" \/>\n<meta property=\"og:url\" content=\"https:\/\/ap.com.al\/?page_id=2032&amp;lang=en\" \/>\n<meta property=\"og:site_name\" content=\"Austria Praemix\" \/>\n<meta property=\"article:publisher\" content=\"https:\/\/www.facebook.com\/austriapraemiks\/\" \/>\n<meta property=\"article:modified_time\" content=\"2023-04-25T12:17:07+00:00\" \/>\n<meta property=\"og:image\" content=\"https:\/\/ap.com.al\/wp-content\/uploads\/2022\/03\/Articles.png\" \/>\n<meta name=\"twitter:card\" content=\"summary_large_image\" \/>\n<meta name=\"twitter:label1\" content=\"Est. reading time\" \/>\n\t<meta name=\"twitter:data1\" content=\"1 minute\" \/>\n<script type=\"application\/ld+json\" class=\"yoast-schema-graph\">{\"@context\":\"https:\/\/schema.org\",\"@graph\":[{\"@type\":\"Organization\",\"@id\":\"https:\/\/ap.com.al\/#organization\",\"name\":\"Austria Preamix\",\"url\":\"https:\/\/ap.com.al\/\",\"sameAs\":[\"https:\/\/www.instagram.com\/austriapraemix\/\",\"https:\/\/www.facebook.com\/austriapraemiks\/\"],\"logo\":{\"@type\":\"ImageObject\",\"inLanguage\":\"en-US\",\"@id\":\"https:\/\/ap.com.al\/#\/schema\/logo\/image\/\",\"url\":\"https:\/\/ap.com.al\/wp-content\/uploads\/2022\/02\/AP-logo.png\",\"contentUrl\":\"https:\/\/ap.com.al\/wp-content\/uploads\/2022\/02\/AP-logo.png\",\"width\":3358,\"height\":1616,\"caption\":\"Austria Preamix\"},\"image\":{\"@id\":\"https:\/\/ap.com.al\/#\/schema\/logo\/image\/\"}},{\"@type\":\"WebSite\",\"@id\":\"https:\/\/ap.com.al\/#website\",\"url\":\"https:\/\/ap.com.al\/\",\"name\":\"Austria Praemix\",\"description\":\"\",\"publisher\":{\"@id\":\"https:\/\/ap.com.al\/#organization\"},\"potentialAction\":[{\"@type\":\"SearchAction\",\"target\":{\"@type\":\"EntryPoint\",\"urlTemplate\":\"https:\/\/ap.com.al\/?s={search_term_string}\"},\"query-input\":\"required name=search_term_string\"}],\"inLanguage\":\"en-US\"},{\"@type\":\"ImageObject\",\"inLanguage\":\"en-US\",\"@id\":\"https:\/\/ap.com.al\/?page_id=2032&lang=en#primaryimage\",\"url\":\"https:\/\/ap.com.al\/wp-content\/uploads\/2022\/03\/Articles.png\",\"contentUrl\":\"https:\/\/ap.com.al\/wp-content\/uploads\/2022\/03\/Articles.png\",\"width\":66,\"height\":60},{\"@type\":\"WebPage\",\"@id\":\"https:\/\/ap.com.al\/?page_id=2032&lang=en#webpage\",\"url\":\"https:\/\/ap.com.al\/?page_id=2032&lang=en\",\"name\":\"News - Austria Praemix\",\"isPartOf\":{\"@id\":\"https:\/\/ap.com.al\/#website\"},\"primaryImageOfPage\":{\"@id\":\"https:\/\/ap.com.al\/?page_id=2032&lang=en#primaryimage\"},\"datePublished\":\"2022-02-17T11:17:19+00:00\",\"dateModified\":\"2023-04-25T12:17:07+00:00\",\"breadcrumb\":{\"@id\":\"https:\/\/ap.com.al\/?page_id=2032&lang=en#breadcrumb\"},\"inLanguage\":\"en-US\",\"potentialAction\":[{\"@type\":\"ReadAction\",\"target\":[\"https:\/\/ap.com.al\/?page_id=2032&lang=en\"]}]},{\"@type\":\"BreadcrumbList\",\"@id\":\"https:\/\/ap.com.al\/?page_id=2032&lang=en#breadcrumb\",\"itemListElement\":[{\"@type\":\"ListItem\",\"position\":1,\"name\":\"Home\",\"item\":\"https:\/\/ap.com.al\/\"},{\"@type\":\"ListItem\",\"position\":2,\"name\":\"News\"}]}]}<\/script>\n<!-- \/ Yoast SEO plugin. -->","yoast_head_json":{"title":"News - Austria Praemix","robots":{"index":"index","follow":"follow","max-snippet":"max-snippet:-1","max-image-preview":"max-image-preview:large","max-video-preview":"max-video-preview:-1"},"canonical":"https:\/\/ap.com.al\/?page_id=2032&lang=en","og_locale":"en_US","og_type":"article","og_title":"News - Austria Praemix","og_description":"News","og_url":"https:\/\/ap.com.al\/?page_id=2032&lang=en","og_site_name":"Austria Praemix","article_publisher":"https:\/\/www.facebook.com\/austriapraemiks\/","article_modified_time":"2023-04-25T12:17:07+00:00","og_image":[{"url":"https:\/\/ap.com.al\/wp-content\/uploads\/2022\/03\/Articles.png"}],"twitter_card":"summary_large_image","twitter_misc":{"Est. reading time":"1 minute"},"schema":{"@context":"https:\/\/schema.org","@graph":[{"@type":"Organization","@id":"https:\/\/ap.com.al\/#organization","name":"Austria Preamix","url":"https:\/\/ap.com.al\/","sameAs":["https:\/\/www.instagram.com\/austriapraemix\/","https:\/\/www.facebook.com\/austriapraemiks\/"],"logo":{"@type":"ImageObject","inLanguage":"en-US","@id":"https:\/\/ap.com.al\/#\/schema\/logo\/image\/","url":"https:\/\/ap.com.al\/wp-content\/uploads\/2022\/02\/AP-logo.png","contentUrl":"https:\/\/ap.com.al\/wp-content\/uploads\/2022\/02\/AP-logo.png","width":3358,"height":1616,"caption":"Austria Preamix"},"image":{"@id":"https:\/\/ap.com.al\/#\/schema\/logo\/image\/"}},{"@type":"WebSite","@id":"https:\/\/ap.com.al\/#website","url":"https:\/\/ap.com.al\/","name":"Austria Praemix","description":"","publisher":{"@id":"https:\/\/ap.com.al\/#organization"},"potentialAction":[{"@type":"SearchAction","target":{"@type":"EntryPoint","urlTemplate":"https:\/\/ap.com.al\/?s={search_term_string}"},"query-input":"required name=search_term_string"}],"inLanguage":"en-US"},{"@type":"ImageObject","inLanguage":"en-US","@id":"https:\/\/ap.com.al\/?page_id=2032&lang=en#primaryimage","url":"https:\/\/ap.com.al\/wp-content\/uploads\/2022\/03\/Articles.png","contentUrl":"https:\/\/ap.com.al\/wp-content\/uploads\/2022\/03\/Articles.png","width":66,"height":60},{"@type":"WebPage","@id":"https:\/\/ap.com.al\/?page_id=2032&lang=en#webpage","url":"https:\/\/ap.com.al\/?page_id=2032&lang=en","name":"News - Austria Praemix","isPartOf":{"@id":"https:\/\/ap.com.al\/#website"},"primaryImageOfPage":{"@id":"https:\/\/ap.com.al\/?page_id=2032&lang=en#primaryimage"},"datePublished":"2022-02-17T11:17:19+00:00","dateModified":"2023-04-25T12:17:07+00:00","breadcrumb":{"@id":"https:\/\/ap.com.al\/?page_id=2032&lang=en#breadcrumb"},"inLanguage":"en-US","potentialAction":[{"@type":"ReadAction","target":["https:\/\/ap.com.al\/?page_id=2032&lang=en"]}]},{"@type":"BreadcrumbList","@id":"https:\/\/ap.com.al\/?page_id=2032&lang=en#breadcrumb","itemListElement":[{"@type":"ListItem","position":1,"name":"Home","item":"https:\/\/ap.com.al\/"},{"@type":"ListItem","position":2,"name":"News"}]}]}},"_links":{"self":[{"href":"https:\/\/ap.com.al\/index.php?rest_route=\/wp\/v2\/pages\/2032","targetHints":{"allow":["GET"]}}],"collection":[{"href":"https:\/\/ap.com.al\/index.php?rest_route=\/wp\/v2\/pages"}],"about":[{"href":"https:\/\/ap.com.al\/index.php?rest_route=\/wp\/v2\/types\/page"}],"author":[{"embeddable":true,"href":"https:\/\/ap.com.al\/index.php?rest_route=\/wp\/v2\/users\/1"}],"replies":[{"embeddable":true,"href":"https:\/\/ap.com.al\/index.php?rest_route=%2Fwp%2Fv2%2Fcomments&post=2032"}],"version-history":[{"count":82,"href":"https:\/\/ap.com.al\/index.php?rest_route=\/wp\/v2\/pages\/2032\/revisions"}],"predecessor-version":[{"id":8622,"href":"https:\/\/ap.com.al\/index.php?rest_route=\/wp\/v2\/pages\/2032\/revisions\/8622"}],"wp:attachment":[{"href":"https:\/\/ap.com.al\/index.php?rest_route=%2Fwp%2Fv2%2Fmedia&parent=2032"}],"curies":[{"name":"wp","href":"https:\/\/api.w.org\/{rel}","templated":true}]}}