{"id":6124,"date":"2022-05-10T13:24:30","date_gmt":"2022-05-10T13:24:30","guid":{"rendered":"https:\/\/ap.com.al\/?page_id=6124"},"modified":"2022-06-01T09:11:02","modified_gmt":"2022-06-01T09:11:02","slug":"schaumann-energy","status":"publish","type":"page","link":"https:\/\/ap.com.al\/?page_id=6124","title":{"rendered":"SCHAUMANN Energy"},"content":{"rendered":"\n<style>\n  #oniiii{\n    background-image:url(\"https:\/\/ap.com.al\/wp-content\/uploads\/2022\/01\/Kuehe.jpg\");\n    padding-bottom: 32%;\n    background-position:center center;\n    background-repeat: no-repeat;\n    background-size:cover;\n  }\n  <\/style>\n  <script src=\"https:\/\/code.jquery.com\/jquery-3.5.0.js\">\n<\/script>\n\n<div id=\"oniiii\"><\/div>\n \n<script>\n$( \"#oniiii\" ).insertBefore( \".container_wrap_first\" );\n<\/script>\n\n\n\n<div class=\"wp-block-columns\" id=\"containerr\">\n<div class=\"wp-block-column\">\n<div class=\"avia_textblock\" itemprop=\"text\"><h4 style=\"color:#005a8c;\n\">SCHAUMANN Energy<\/h4>\n<\/div>\n<\/div>\n<\/div>\n\n\n\n<div class=\"wp-block-columns\" id=\"containerr\">\n<div class=\"wp-block-column\">\n<div class=\"detail__certificates-item-icon\">\n<img decoding=\"async\" alt=\"SCHAUMANN Energy\" src=\"https:\/\/ap.com.al\/wp-content\/uploads\/2022\/03\/Asset-51-1.png\">\n<\/div>\n<\/div>\n<\/div>\n\n\n\n<div class=\"wp-block-columns\" id=\"containerr\">\n<div class=\"wp-block-column\">\n<div class=\"blue_list\">\n<h4>Yndyra t\u00eb mbrojtura p\u00ebr rendimente m\u00eb t\u00eb larta<\/h4>\n<\/div>\n\n\n\n<div class=\"blue_marker_list\">\n<h4 style=\"padding-top: 20px;\">Efektet e produktit:<\/h4>\n<ul style=\"list-style-type: square; \n\tpadding-left: 1em;\">\n<li>Yndyr\u00eb e q\u00ebndrueshme n\u00eb rumen p\u00ebr t\u00eb rritur nivelin e energjis\u00eb.<\/li>\n<li>Nuk ka ndikim negativ tek bakteriet e rumenit<\/li>\n<li>Tretshm\u00ebri e lart\u00eb e acideve yndyrore<\/li>\n<\/ul>\n\n<\/div>\n\n\n\n<div class=\"blue_marker_list\">\n<h4>P\u00ebr m\u00eb shum\u00eb energji:<\/h4>\n<ul style=\"list-style-type: square; \n\tpadding-left: 1em;\">\n<li>Komponent\u00eb yndyror\u00eb me origjin\u00eb t\u00eb past\u00ebr bimore.<\/li>\n<li>Burim i past\u00ebr energjitik n\u00eb racionin ushqimor, sidomos te lop\u00ebt e qum\u00ebshtit me rendiment t\u00eb lart\u00eb.<\/li>\n<li>Ndikim pozitiv n\u00eb riprodhim dhe sh\u00ebndetin e kafsh\u00ebs.<\/li>\n<li>P\u00ebrmbajtja e acideve yndyrore me pik\u00eb shkrirje t\u00eb lart\u00eb parandalon grumbullimin e formacioneve yndyrore, fakt q\u00eb ndikon pozitivisht n\u00eb rritjen e absorbimit.<\/li>\n\n<\/ul>\n\n<\/div>\n\n\n\n<div class=\"blue_marker_list\">\n<h4>Sasia e p\u00ebrdorimit:<\/h4>\n<ul style=\"list-style-type: square; \n\tpadding-left: 1em;\">\n<li>Esht\u00eb e varur nga sasia e nevojshme t\u00eb energjis\u00eb (MJ) n\u00eb racionin total ushqimor dhe varion nga 200-800 gr p\u00ebr lop\u00eb n\u00eb dit\u00eb.<\/li>\n<p><em>SCHAUMANN Energy \u2013 M\u00eb shum\u00eb energji p\u00ebr rendimet fenomenal!<\/em><\/p>\n\n<\/ul>\n\n<\/div>\n<\/div>\n<\/div>\n","protected":false},"excerpt":{"rendered":"<p>SCHAUMANN Energy Yndyra t\u00eb mbrojtura p\u00ebr rendimente m\u00eb t\u00eb larta Efektet e produktit: Yndyr\u00eb e q\u00ebndrueshme n\u00eb rumen p\u00ebr t\u00eb rritur nivelin e energjis\u00eb. Nuk ka ndikim negativ tek bakteriet e rumenit Tretshm\u00ebri e lart\u00eb e acideve yndyrore P\u00ebr m\u00eb shum\u00eb energji: Komponent\u00eb yndyror\u00eb me origjin\u00eb t\u00eb past\u00ebr bimore. Burim i past\u00ebr energjitik n\u00eb racionin [&hellip;]<\/p>\n","protected":false},"author":1,"featured_media":0,"parent":0,"menu_order":0,"comment_status":"closed","ping_status":"closed","template":"","meta":{"inline_featured_image":false,"footnotes":""},"class_list":["post-6124","page","type-page","status-publish","hentry"],"yoast_head":"<!-- This site is optimized with the Yoast SEO plugin v18.9 - https:\/\/yoast.com\/wordpress\/plugins\/seo\/ -->\n<title>SCHAUMANN Energy - Austria Praemix<\/title>\n<meta name=\"robots\" content=\"index, follow, max-snippet:-1, max-image-preview:large, max-video-preview:-1\" \/>\n<link rel=\"canonical\" href=\"https:\/\/ap.com.al\/?page_id=6124\" \/>\n<meta property=\"og:locale\" content=\"en_US\" \/>\n<meta property=\"og:type\" content=\"article\" \/>\n<meta property=\"og:title\" content=\"SCHAUMANN Energy - Austria Praemix\" \/>\n<meta property=\"og:description\" content=\"SCHAUMANN Energy Yndyra t\u00eb mbrojtura p\u00ebr rendimente m\u00eb t\u00eb larta Efektet e produktit: Yndyr\u00eb e q\u00ebndrueshme n\u00eb rumen p\u00ebr t\u00eb rritur nivelin e energjis\u00eb. Nuk ka ndikim negativ tek bakteriet e rumenit Tretshm\u00ebri e lart\u00eb e acideve yndyrore P\u00ebr m\u00eb shum\u00eb energji: Komponent\u00eb yndyror\u00eb me origjin\u00eb t\u00eb past\u00ebr bimore. Burim i past\u00ebr energjitik n\u00eb racionin [&hellip;]\" \/>\n<meta property=\"og:url\" content=\"https:\/\/ap.com.al\/?page_id=6124\" \/>\n<meta property=\"og:site_name\" content=\"Austria Praemix\" \/>\n<meta property=\"article:publisher\" content=\"https:\/\/www.facebook.com\/austriapraemiks\/\" \/>\n<meta property=\"article:modified_time\" content=\"2022-06-01T09:11:02+00:00\" \/>\n<meta property=\"og:image\" content=\"https:\/\/ap.com.al\/wp-content\/uploads\/2022\/03\/Asset-51-1.png\" \/>\n<meta name=\"twitter:card\" content=\"summary_large_image\" \/>\n<meta name=\"twitter:label1\" content=\"Est. reading time\" \/>\n\t<meta name=\"twitter:data1\" content=\"1 minute\" \/>\n<script type=\"application\/ld+json\" class=\"yoast-schema-graph\">{\"@context\":\"https:\/\/schema.org\",\"@graph\":[{\"@type\":\"Organization\",\"@id\":\"https:\/\/ap.com.al\/#organization\",\"name\":\"Austria Preamix\",\"url\":\"https:\/\/ap.com.al\/\",\"sameAs\":[\"https:\/\/www.instagram.com\/austriapraemix\/\",\"https:\/\/www.facebook.com\/austriapraemiks\/\"],\"logo\":{\"@type\":\"ImageObject\",\"inLanguage\":\"en-US\",\"@id\":\"https:\/\/ap.com.al\/#\/schema\/logo\/image\/\",\"url\":\"https:\/\/ap.com.al\/wp-content\/uploads\/2022\/02\/AP-logo.png\",\"contentUrl\":\"https:\/\/ap.com.al\/wp-content\/uploads\/2022\/02\/AP-logo.png\",\"width\":3358,\"height\":1616,\"caption\":\"Austria Preamix\"},\"image\":{\"@id\":\"https:\/\/ap.com.al\/#\/schema\/logo\/image\/\"}},{\"@type\":\"WebSite\",\"@id\":\"https:\/\/ap.com.al\/#website\",\"url\":\"https:\/\/ap.com.al\/\",\"name\":\"Austria Praemix\",\"description\":\"\",\"publisher\":{\"@id\":\"https:\/\/ap.com.al\/#organization\"},\"potentialAction\":[{\"@type\":\"SearchAction\",\"target\":{\"@type\":\"EntryPoint\",\"urlTemplate\":\"https:\/\/ap.com.al\/?s={search_term_string}\"},\"query-input\":\"required name=search_term_string\"}],\"inLanguage\":\"en-US\"},{\"@type\":\"ImageObject\",\"inLanguage\":\"en-US\",\"@id\":\"https:\/\/ap.com.al\/?page_id=6124#primaryimage\",\"url\":\"https:\/\/ap.com.al\/wp-content\/uploads\/2022\/03\/Asset-51-1.png\",\"contentUrl\":\"https:\/\/ap.com.al\/wp-content\/uploads\/2022\/03\/Asset-51-1.png\",\"width\":355,\"height\":354},{\"@type\":\"WebPage\",\"@id\":\"https:\/\/ap.com.al\/?page_id=6124#webpage\",\"url\":\"https:\/\/ap.com.al\/?page_id=6124\",\"name\":\"SCHAUMANN Energy - Austria Praemix\",\"isPartOf\":{\"@id\":\"https:\/\/ap.com.al\/#website\"},\"primaryImageOfPage\":{\"@id\":\"https:\/\/ap.com.al\/?page_id=6124#primaryimage\"},\"datePublished\":\"2022-05-10T13:24:30+00:00\",\"dateModified\":\"2022-06-01T09:11:02+00:00\",\"breadcrumb\":{\"@id\":\"https:\/\/ap.com.al\/?page_id=6124#breadcrumb\"},\"inLanguage\":\"en-US\",\"potentialAction\":[{\"@type\":\"ReadAction\",\"target\":[\"https:\/\/ap.com.al\/?page_id=6124\"]}]},{\"@type\":\"BreadcrumbList\",\"@id\":\"https:\/\/ap.com.al\/?page_id=6124#breadcrumb\",\"itemListElement\":[{\"@type\":\"ListItem\",\"position\":1,\"name\":\"Home\",\"item\":\"https:\/\/ap.com.al\/\"},{\"@type\":\"ListItem\",\"position\":2,\"name\":\"SCHAUMANN Energy\"}]}]}<\/script>\n<!-- \/ Yoast SEO plugin. -->","yoast_head_json":{"title":"SCHAUMANN Energy - Austria Praemix","robots":{"index":"index","follow":"follow","max-snippet":"max-snippet:-1","max-image-preview":"max-image-preview:large","max-video-preview":"max-video-preview:-1"},"canonical":"https:\/\/ap.com.al\/?page_id=6124","og_locale":"en_US","og_type":"article","og_title":"SCHAUMANN Energy - Austria Praemix","og_description":"SCHAUMANN Energy Yndyra t\u00eb mbrojtura p\u00ebr rendimente m\u00eb t\u00eb larta Efektet e produktit: Yndyr\u00eb e q\u00ebndrueshme n\u00eb rumen p\u00ebr t\u00eb rritur nivelin e energjis\u00eb. Nuk ka ndikim negativ tek bakteriet e rumenit Tretshm\u00ebri e lart\u00eb e acideve yndyrore P\u00ebr m\u00eb shum\u00eb energji: Komponent\u00eb yndyror\u00eb me origjin\u00eb t\u00eb past\u00ebr bimore. Burim i past\u00ebr energjitik n\u00eb racionin [&hellip;]","og_url":"https:\/\/ap.com.al\/?page_id=6124","og_site_name":"Austria Praemix","article_publisher":"https:\/\/www.facebook.com\/austriapraemiks\/","article_modified_time":"2022-06-01T09:11:02+00:00","og_image":[{"url":"https:\/\/ap.com.al\/wp-content\/uploads\/2022\/03\/Asset-51-1.png"}],"twitter_card":"summary_large_image","twitter_misc":{"Est. reading time":"1 minute"},"schema":{"@context":"https:\/\/schema.org","@graph":[{"@type":"Organization","@id":"https:\/\/ap.com.al\/#organization","name":"Austria Preamix","url":"https:\/\/ap.com.al\/","sameAs":["https:\/\/www.instagram.com\/austriapraemix\/","https:\/\/www.facebook.com\/austriapraemiks\/"],"logo":{"@type":"ImageObject","inLanguage":"en-US","@id":"https:\/\/ap.com.al\/#\/schema\/logo\/image\/","url":"https:\/\/ap.com.al\/wp-content\/uploads\/2022\/02\/AP-logo.png","contentUrl":"https:\/\/ap.com.al\/wp-content\/uploads\/2022\/02\/AP-logo.png","width":3358,"height":1616,"caption":"Austria Preamix"},"image":{"@id":"https:\/\/ap.com.al\/#\/schema\/logo\/image\/"}},{"@type":"WebSite","@id":"https:\/\/ap.com.al\/#website","url":"https:\/\/ap.com.al\/","name":"Austria Praemix","description":"","publisher":{"@id":"https:\/\/ap.com.al\/#organization"},"potentialAction":[{"@type":"SearchAction","target":{"@type":"EntryPoint","urlTemplate":"https:\/\/ap.com.al\/?s={search_term_string}"},"query-input":"required name=search_term_string"}],"inLanguage":"en-US"},{"@type":"ImageObject","inLanguage":"en-US","@id":"https:\/\/ap.com.al\/?page_id=6124#primaryimage","url":"https:\/\/ap.com.al\/wp-content\/uploads\/2022\/03\/Asset-51-1.png","contentUrl":"https:\/\/ap.com.al\/wp-content\/uploads\/2022\/03\/Asset-51-1.png","width":355,"height":354},{"@type":"WebPage","@id":"https:\/\/ap.com.al\/?page_id=6124#webpage","url":"https:\/\/ap.com.al\/?page_id=6124","name":"SCHAUMANN Energy - Austria Praemix","isPartOf":{"@id":"https:\/\/ap.com.al\/#website"},"primaryImageOfPage":{"@id":"https:\/\/ap.com.al\/?page_id=6124#primaryimage"},"datePublished":"2022-05-10T13:24:30+00:00","dateModified":"2022-06-01T09:11:02+00:00","breadcrumb":{"@id":"https:\/\/ap.com.al\/?page_id=6124#breadcrumb"},"inLanguage":"en-US","potentialAction":[{"@type":"ReadAction","target":["https:\/\/ap.com.al\/?page_id=6124"]}]},{"@type":"BreadcrumbList","@id":"https:\/\/ap.com.al\/?page_id=6124#breadcrumb","itemListElement":[{"@type":"ListItem","position":1,"name":"Home","item":"https:\/\/ap.com.al\/"},{"@type":"ListItem","position":2,"name":"SCHAUMANN Energy"}]}]}},"_links":{"self":[{"href":"https:\/\/ap.com.al\/index.php?rest_route=\/wp\/v2\/pages\/6124","targetHints":{"allow":["GET"]}}],"collection":[{"href":"https:\/\/ap.com.al\/index.php?rest_route=\/wp\/v2\/pages"}],"about":[{"href":"https:\/\/ap.com.al\/index.php?rest_route=\/wp\/v2\/types\/page"}],"author":[{"embeddable":true,"href":"https:\/\/ap.com.al\/index.php?rest_route=\/wp\/v2\/users\/1"}],"replies":[{"embeddable":true,"href":"https:\/\/ap.com.al\/index.php?rest_route=%2Fwp%2Fv2%2Fcomments&post=6124"}],"version-history":[{"count":3,"href":"https:\/\/ap.com.al\/index.php?rest_route=\/wp\/v2\/pages\/6124\/revisions"}],"predecessor-version":[{"id":8047,"href":"https:\/\/ap.com.al\/index.php?rest_route=\/wp\/v2\/pages\/6124\/revisions\/8047"}],"wp:attachment":[{"href":"https:\/\/ap.com.al\/index.php?rest_route=%2Fwp%2Fv2%2Fmedia&parent=6124"}],"curies":[{"name":"wp","href":"https:\/\/api.w.org\/{rel}","templated":true}]}}