{"id":6206,"date":"2022-05-10T15:01:57","date_gmt":"2022-05-10T15:01:57","guid":{"rendered":"https:\/\/ap.com.al\/?page_id=6206"},"modified":"2022-06-01T09:11:42","modified_gmt":"2022-06-01T09:11:42","slug":"bovin-s-komplex","status":"publish","type":"page","link":"https:\/\/ap.com.al\/?page_id=6206","title":{"rendered":"Bovin-S-Komplex"},"content":{"rendered":"\n<style>\n  #oniiii{\n    background-image:url(\"https:\/\/ap.com.al\/wp-content\/uploads\/2022\/01\/Kuehe.jpg\");\n    padding-bottom: 32%;\n    background-position:center center;\n    background-repeat: no-repeat;\n    background-size:cover;\n  }\n  <\/style>\n  <script src=\"https:\/\/code.jquery.com\/jquery-3.5.0.js\">\n<\/script>\n\n<div id=\"oniiii\"><\/div>\n \n<script>\n$( \"#oniiii\" ).insertBefore( \".container_wrap_first\" );\n<\/script>\n\n\n\n<div class=\"wp-block-columns\" id=\"containerr\">\n<div class=\"wp-block-column\">\n<div class=\"avia_textblock\" itemprop=\"text\"><h4 style=\"color:#005a8c;\n\">Bovin-S-Komplex<\/h4>\n<\/div>\n<\/div>\n<\/div>\n\n\n\n<div class=\"wp-block-columns\" id=\"containerr\">\n<div class=\"wp-block-column\">\n<div class=\"detail__certificates-item-icon\">\n<img decoding=\"async\" alt=\"SCHAUMANN Energy\" src=\"https:\/\/ap.com.al\/wp-content\/uploads\/2022\/03\/Asset-51-1.png\">\n<\/div>\n<\/div>\n<\/div>\n\n\n\n<div class=\"wp-block-columns\" id=\"containerr\">\n<div class=\"wp-block-column\">\n<div class=\"blue_marker_list\">\n<h4>P\u00ebr nj\u00eb metaboliz\u00ebm optimal n\u00eb rumen<\/h4>\n<br>Bovin-S-Komplex (BSK) \u00ebsht\u00eb krijuar p\u00ebr t\u00eb p\u00ebrmir\u00ebsuar furnizimin energjitik t\u00eb lop\u00ebs.<\/br>\n<\/div>\n\n\n\n<div class=\"blue_marker_list\">\n<h4 style=\"padding-top: 20px;\">Mekanizmi i veprimit:<\/h4>\n<ul style=\"list-style-type: square; \n\tpadding-left: 1em;\">\n<li>Ndikon n\u00eb p\u00ebrmir\u00ebsimin e acidit acetik propionik, si pasoj\u00eb rritet konsumi i ushqimit dhe furnizimi me energji i bakterieve n\u00eb rumen , duke p\u00ebrmir\u00ebsuar sintez\u00ebn bakteriale t\u00eb protein\u00ebs<\/li>\n<li>Ndikon pozitivisht gjat\u00eb procesit t\u00eb tretjes n\u00eb parastomaqe<\/li>\n<li>Rrit ngarkes\u00ebn mikrobike n\u00eb parastomaqe<\/li>\n<li>P\u00ebrb\u00ebrja e Bovin-S-Komplex (BSK): \u00ebsht\u00eb nj\u00eb kombinacion i substancave bimore t\u00eb cilat mb\u00ebshtesin metabolizmin n\u00eb rumen dhe reduktojn\u00eb krijimin e amoniakut n\u00eb parastomaqe. Qendra eksperimentale Schauman ka punuar 20 vjet p\u00ebr produktin Bovin-S-Komplex (BSK), i cili \u00ebsht\u00eb i specializuar p\u00ebr t\u00eb mbrojtur organizmin nga furnizimi i tep\u00ebrt me protein\u00eb, n\u00eb ushqimet me p\u00ebrqindje t\u00eb lart\u00eb protein\u00eb t\u00eb asimilueshme (n\u00eb nivel mbi 85% t\u00eb barit, silazhi i barit, bari i that\u00eb)<\/li>\n<li>M\u00eb shum\u00eb protein\u00eb krudo n\u00eb zorr\u00ebn e holl\u00eb (nXP).<\/li>\n<li>Furnizimi optimal me aminoacide n\u00eb zorr\u00ebn e holl\u00eb.<\/li>\n<\/ul>\n<p class=\"sub_nutrition\">Sjell p\u00ebrmir\u00ebsime t\u00eb ndjeshme n\u00eb rritjen t\u00eb sasis\u00eb s\u00eb qum\u00ebshtit dhe p\u00ebrmir\u00ebsimi i cil\u00ebsis\u00eb s\u00eb tij. Ulja e amoniakut t\u00eb p\u00ebrq\u00ebndruar n\u00eb rumen duke leht\u00ebsuar pun\u00ebn e m\u00ebl\u00e7is\u00eb \u2013 eleminohet\/ reduktohet konsumi i energjis\u00eb s\u00eb domosdoshme p\u00ebr sintez\u00ebn e ures\u00eb. <\/p>\n\n<p class=\"sub_nutrition\">Lop\u00ebve t\u00eb cilat u ofrohet produkti BSK n\u00ebp\u00ebrmjet linj\u00ebs s\u00eb premikseve Rindavit, kan\u00eb nj\u00eb q\u00ebndrueshm\u00ebri t\u00eb lart\u00eb n\u00eb periudh\u00ebn e laktacionit. Duke p\u00ebrmir\u00ebsuar kondicionin sjell af\u00ebrsisht 0.9-1.2 kg qum\u00ebsht m\u00eb shum\u00eb p\u00ebr lop\u00eb n\u00eb dit\u00eb.<\/p>\n<\/div>\n<\/div>\n<\/div>\n","protected":false},"excerpt":{"rendered":"<p>Bovin-S-Komplex P\u00ebr nj\u00eb metaboliz\u00ebm optimal n\u00eb rumen Bovin-S-Komplex (BSK) \u00ebsht\u00eb krijuar p\u00ebr t\u00eb p\u00ebrmir\u00ebsuar furnizimin energjitik t\u00eb lop\u00ebs. Mekanizmi i veprimit: Ndikon n\u00eb p\u00ebrmir\u00ebsimin e acidit acetik propionik, si pasoj\u00eb rritet konsumi i ushqimit dhe furnizimi me energji i bakterieve n\u00eb rumen , duke p\u00ebrmir\u00ebsuar sintez\u00ebn bakteriale t\u00eb protein\u00ebs Ndikon pozitivisht gjat\u00eb procesit t\u00eb tretjes [&hellip;]<\/p>\n","protected":false},"author":1,"featured_media":0,"parent":0,"menu_order":0,"comment_status":"closed","ping_status":"closed","template":"","meta":{"inline_featured_image":false,"footnotes":""},"class_list":["post-6206","page","type-page","status-publish","hentry"],"yoast_head":"<!-- This site is optimized with the Yoast SEO plugin v18.9 - https:\/\/yoast.com\/wordpress\/plugins\/seo\/ -->\n<title>Bovin-S-Komplex - Austria Praemix<\/title>\n<meta name=\"robots\" content=\"index, follow, max-snippet:-1, max-image-preview:large, max-video-preview:-1\" \/>\n<link rel=\"canonical\" href=\"https:\/\/ap.com.al\/?page_id=6206\" \/>\n<meta property=\"og:locale\" content=\"en_US\" \/>\n<meta property=\"og:type\" content=\"article\" \/>\n<meta property=\"og:title\" content=\"Bovin-S-Komplex - Austria Praemix\" \/>\n<meta property=\"og:description\" content=\"Bovin-S-Komplex P\u00ebr nj\u00eb metaboliz\u00ebm optimal n\u00eb rumen Bovin-S-Komplex (BSK) \u00ebsht\u00eb krijuar p\u00ebr t\u00eb p\u00ebrmir\u00ebsuar furnizimin energjitik t\u00eb lop\u00ebs. Mekanizmi i veprimit: Ndikon n\u00eb p\u00ebrmir\u00ebsimin e acidit acetik propionik, si pasoj\u00eb rritet konsumi i ushqimit dhe furnizimi me energji i bakterieve n\u00eb rumen , duke p\u00ebrmir\u00ebsuar sintez\u00ebn bakteriale t\u00eb protein\u00ebs Ndikon pozitivisht gjat\u00eb procesit t\u00eb tretjes [&hellip;]\" \/>\n<meta property=\"og:url\" content=\"https:\/\/ap.com.al\/?page_id=6206\" \/>\n<meta property=\"og:site_name\" content=\"Austria Praemix\" \/>\n<meta property=\"article:publisher\" content=\"https:\/\/www.facebook.com\/austriapraemiks\/\" \/>\n<meta property=\"article:modified_time\" content=\"2022-06-01T09:11:42+00:00\" \/>\n<meta property=\"og:image\" content=\"https:\/\/ap.com.al\/wp-content\/uploads\/2022\/03\/Asset-51-1.png\" \/>\n<meta name=\"twitter:card\" content=\"summary_large_image\" \/>\n<meta name=\"twitter:label1\" content=\"Est. reading time\" \/>\n\t<meta name=\"twitter:data1\" content=\"2 minutes\" \/>\n<script type=\"application\/ld+json\" class=\"yoast-schema-graph\">{\"@context\":\"https:\/\/schema.org\",\"@graph\":[{\"@type\":\"Organization\",\"@id\":\"https:\/\/ap.com.al\/#organization\",\"name\":\"Austria Preamix\",\"url\":\"https:\/\/ap.com.al\/\",\"sameAs\":[\"https:\/\/www.instagram.com\/austriapraemix\/\",\"https:\/\/www.facebook.com\/austriapraemiks\/\"],\"logo\":{\"@type\":\"ImageObject\",\"inLanguage\":\"en-US\",\"@id\":\"https:\/\/ap.com.al\/#\/schema\/logo\/image\/\",\"url\":\"https:\/\/ap.com.al\/wp-content\/uploads\/2022\/02\/AP-logo.png\",\"contentUrl\":\"https:\/\/ap.com.al\/wp-content\/uploads\/2022\/02\/AP-logo.png\",\"width\":3358,\"height\":1616,\"caption\":\"Austria Preamix\"},\"image\":{\"@id\":\"https:\/\/ap.com.al\/#\/schema\/logo\/image\/\"}},{\"@type\":\"WebSite\",\"@id\":\"https:\/\/ap.com.al\/#website\",\"url\":\"https:\/\/ap.com.al\/\",\"name\":\"Austria Praemix\",\"description\":\"\",\"publisher\":{\"@id\":\"https:\/\/ap.com.al\/#organization\"},\"potentialAction\":[{\"@type\":\"SearchAction\",\"target\":{\"@type\":\"EntryPoint\",\"urlTemplate\":\"https:\/\/ap.com.al\/?s={search_term_string}\"},\"query-input\":\"required name=search_term_string\"}],\"inLanguage\":\"en-US\"},{\"@type\":\"ImageObject\",\"inLanguage\":\"en-US\",\"@id\":\"https:\/\/ap.com.al\/?page_id=6206#primaryimage\",\"url\":\"https:\/\/ap.com.al\/wp-content\/uploads\/2022\/03\/Asset-51-1.png\",\"contentUrl\":\"https:\/\/ap.com.al\/wp-content\/uploads\/2022\/03\/Asset-51-1.png\",\"width\":355,\"height\":354},{\"@type\":\"WebPage\",\"@id\":\"https:\/\/ap.com.al\/?page_id=6206#webpage\",\"url\":\"https:\/\/ap.com.al\/?page_id=6206\",\"name\":\"Bovin-S-Komplex - Austria Praemix\",\"isPartOf\":{\"@id\":\"https:\/\/ap.com.al\/#website\"},\"primaryImageOfPage\":{\"@id\":\"https:\/\/ap.com.al\/?page_id=6206#primaryimage\"},\"datePublished\":\"2022-05-10T15:01:57+00:00\",\"dateModified\":\"2022-06-01T09:11:42+00:00\",\"breadcrumb\":{\"@id\":\"https:\/\/ap.com.al\/?page_id=6206#breadcrumb\"},\"inLanguage\":\"en-US\",\"potentialAction\":[{\"@type\":\"ReadAction\",\"target\":[\"https:\/\/ap.com.al\/?page_id=6206\"]}]},{\"@type\":\"BreadcrumbList\",\"@id\":\"https:\/\/ap.com.al\/?page_id=6206#breadcrumb\",\"itemListElement\":[{\"@type\":\"ListItem\",\"position\":1,\"name\":\"Home\",\"item\":\"https:\/\/ap.com.al\/\"},{\"@type\":\"ListItem\",\"position\":2,\"name\":\"Bovin-S-Komplex\"}]}]}<\/script>\n<!-- \/ Yoast SEO plugin. -->","yoast_head_json":{"title":"Bovin-S-Komplex - Austria Praemix","robots":{"index":"index","follow":"follow","max-snippet":"max-snippet:-1","max-image-preview":"max-image-preview:large","max-video-preview":"max-video-preview:-1"},"canonical":"https:\/\/ap.com.al\/?page_id=6206","og_locale":"en_US","og_type":"article","og_title":"Bovin-S-Komplex - Austria Praemix","og_description":"Bovin-S-Komplex P\u00ebr nj\u00eb metaboliz\u00ebm optimal n\u00eb rumen Bovin-S-Komplex (BSK) \u00ebsht\u00eb krijuar p\u00ebr t\u00eb p\u00ebrmir\u00ebsuar furnizimin energjitik t\u00eb lop\u00ebs. Mekanizmi i veprimit: Ndikon n\u00eb p\u00ebrmir\u00ebsimin e acidit acetik propionik, si pasoj\u00eb rritet konsumi i ushqimit dhe furnizimi me energji i bakterieve n\u00eb rumen , duke p\u00ebrmir\u00ebsuar sintez\u00ebn bakteriale t\u00eb protein\u00ebs Ndikon pozitivisht gjat\u00eb procesit t\u00eb tretjes [&hellip;]","og_url":"https:\/\/ap.com.al\/?page_id=6206","og_site_name":"Austria Praemix","article_publisher":"https:\/\/www.facebook.com\/austriapraemiks\/","article_modified_time":"2022-06-01T09:11:42+00:00","og_image":[{"url":"https:\/\/ap.com.al\/wp-content\/uploads\/2022\/03\/Asset-51-1.png"}],"twitter_card":"summary_large_image","twitter_misc":{"Est. reading time":"2 minutes"},"schema":{"@context":"https:\/\/schema.org","@graph":[{"@type":"Organization","@id":"https:\/\/ap.com.al\/#organization","name":"Austria Preamix","url":"https:\/\/ap.com.al\/","sameAs":["https:\/\/www.instagram.com\/austriapraemix\/","https:\/\/www.facebook.com\/austriapraemiks\/"],"logo":{"@type":"ImageObject","inLanguage":"en-US","@id":"https:\/\/ap.com.al\/#\/schema\/logo\/image\/","url":"https:\/\/ap.com.al\/wp-content\/uploads\/2022\/02\/AP-logo.png","contentUrl":"https:\/\/ap.com.al\/wp-content\/uploads\/2022\/02\/AP-logo.png","width":3358,"height":1616,"caption":"Austria Preamix"},"image":{"@id":"https:\/\/ap.com.al\/#\/schema\/logo\/image\/"}},{"@type":"WebSite","@id":"https:\/\/ap.com.al\/#website","url":"https:\/\/ap.com.al\/","name":"Austria Praemix","description":"","publisher":{"@id":"https:\/\/ap.com.al\/#organization"},"potentialAction":[{"@type":"SearchAction","target":{"@type":"EntryPoint","urlTemplate":"https:\/\/ap.com.al\/?s={search_term_string}"},"query-input":"required name=search_term_string"}],"inLanguage":"en-US"},{"@type":"ImageObject","inLanguage":"en-US","@id":"https:\/\/ap.com.al\/?page_id=6206#primaryimage","url":"https:\/\/ap.com.al\/wp-content\/uploads\/2022\/03\/Asset-51-1.png","contentUrl":"https:\/\/ap.com.al\/wp-content\/uploads\/2022\/03\/Asset-51-1.png","width":355,"height":354},{"@type":"WebPage","@id":"https:\/\/ap.com.al\/?page_id=6206#webpage","url":"https:\/\/ap.com.al\/?page_id=6206","name":"Bovin-S-Komplex - Austria Praemix","isPartOf":{"@id":"https:\/\/ap.com.al\/#website"},"primaryImageOfPage":{"@id":"https:\/\/ap.com.al\/?page_id=6206#primaryimage"},"datePublished":"2022-05-10T15:01:57+00:00","dateModified":"2022-06-01T09:11:42+00:00","breadcrumb":{"@id":"https:\/\/ap.com.al\/?page_id=6206#breadcrumb"},"inLanguage":"en-US","potentialAction":[{"@type":"ReadAction","target":["https:\/\/ap.com.al\/?page_id=6206"]}]},{"@type":"BreadcrumbList","@id":"https:\/\/ap.com.al\/?page_id=6206#breadcrumb","itemListElement":[{"@type":"ListItem","position":1,"name":"Home","item":"https:\/\/ap.com.al\/"},{"@type":"ListItem","position":2,"name":"Bovin-S-Komplex"}]}]}},"_links":{"self":[{"href":"https:\/\/ap.com.al\/index.php?rest_route=\/wp\/v2\/pages\/6206","targetHints":{"allow":["GET"]}}],"collection":[{"href":"https:\/\/ap.com.al\/index.php?rest_route=\/wp\/v2\/pages"}],"about":[{"href":"https:\/\/ap.com.al\/index.php?rest_route=\/wp\/v2\/types\/page"}],"author":[{"embeddable":true,"href":"https:\/\/ap.com.al\/index.php?rest_route=\/wp\/v2\/users\/1"}],"replies":[{"embeddable":true,"href":"https:\/\/ap.com.al\/index.php?rest_route=%2Fwp%2Fv2%2Fcomments&post=6206"}],"version-history":[{"count":3,"href":"https:\/\/ap.com.al\/index.php?rest_route=\/wp\/v2\/pages\/6206\/revisions"}],"predecessor-version":[{"id":8049,"href":"https:\/\/ap.com.al\/index.php?rest_route=\/wp\/v2\/pages\/6206\/revisions\/8049"}],"wp:attachment":[{"href":"https:\/\/ap.com.al\/index.php?rest_route=%2Fwp%2Fv2%2Fmedia&parent=6206"}],"curies":[{"name":"wp","href":"https:\/\/api.w.org\/{rel}","templated":true}]}}