{"id":6276,"date":"2022-05-11T09:22:40","date_gmt":"2022-05-11T09:22:40","guid":{"rendered":"https:\/\/ap.com.al\/?page_id=6276"},"modified":"2022-06-01T09:13:15","modified_gmt":"2022-06-01T09:13:15","slug":"leckmassen-kova-lepirese","status":"publish","type":"page","link":"https:\/\/ap.com.al\/?page_id=6276","title":{"rendered":"LECKMASSEN \u2013 KOVA L\u00cbPIR\u00cbSE"},"content":{"rendered":"\n<style>\n  #oniiii{\n    background-image:url(\"https:\/\/ap.com.al\/wp-content\/uploads\/2022\/01\/Kuehe.jpg\");\n    padding-bottom: 32%;\n    background-position:center center;\n    background-repeat: no-repeat;\n    background-size:cover;\n  }\n  <\/style>\n  <script src=\"https:\/\/code.jquery.com\/jquery-3.5.0.js\">\n<\/script>\n\n<div id=\"oniiii\"><\/div>\n \n<script>\n$( \"#oniiii\" ).insertBefore( \".container_wrap_first\" );\n<\/script>\n\n\n\n<div class=\"wp-block-columns\" id=\"containerr\">\n<div class=\"wp-block-column\">\n<div class=\"avia_textblock\" itemprop=\"text\"><h4 style=\"color:#005a8c;\n\">LECKMASSEN \u2013 KOVA L\u00cbPIR\u00cbSE<\/h4>\n<\/div>\n<\/div>\n<\/div>\n\n\n\n<div class=\"wp-block-columns\" id=\"containerr\">\n<div class=\"wp-block-column\">\n<div class=\"detail__certificates-item-icon\">\n<img decoding=\"async\" alt=\"Icon RINDAMAST UNI\" src=\"https:\/\/ap.com.al\/wp-content\/uploads\/2022\/03\/Asset-52-1.png\">\n<\/div>\n<\/div>\n<\/div>\n\n\n\n<div class=\"wp-block-columns\" id=\"containerr\">\n<div class=\"wp-block-column\">\n<div class=\"blue_marker_list\">\r\n<h4>P\u00ebr nj\u00eb mb\u00ebshtetje t\u00eb sigurt t\u00eb l\u00ebnd\u00ebve minerale<\/h4>\r\n<br>Si kullota po ashtu edhe ushqimi foragjer nuk mund t\u00eb plot\u00ebsojn\u00eb t\u00eb vetme k\u00ebrkesat p\u00ebr sasit\u00eb e nevojshme me mikro-makroelemente dhe vitamina.<\/br>\r\n<\/div>\n\n\n\n<div class=\"blue_marker_list\">\n<h4 style=\"padding-top: 20px;\">SCHAUMANN Leckmassen \u2013 Kova l\u00ebpir\u00ebse (cil\u00ebsia 5 yje):<\/h4>\n<ul style=\"list-style-type: square; \n\tpadding-left: 1em;\">\n<li>Kombinim ideal i l\u00ebnd\u00ebve t\u00eb para<\/li>\n<li>P\u00ebrb\u00ebrje e lart\u00eb vitaminoze<\/li>\n<li>Ngurt\u00ebsim perfekt<\/li>\n<li>T\u00ebrheq\u00ebs  dhe i p\u00eblqyesh\u00ebm p\u00ebr kafsh\u00ebt dhe i thjesht\u00eb n\u00eb p\u00ebrdorim<\/li>\n<li>E q\u00ebndrueshme ndaj kushteve atmosferike (shiut)<\/li>\n\n<\/ul>\n<p>Gjat\u00eb ver\u00ebs ka humbje t\u00eb m\u00ebdha t\u00eb l\u00ebngjeve (elektrolit\u00ebt) dhe rendimentet e larta t\u00eb qum\u00ebshtit ndihmohen nga kovat l\u00ebpir\u00ebse p\u00ebr sh\u00ebndetin e lop\u00ebve dhe vi\u00e7ave n\u00eb m\u00ebnyr\u00eb perfekte me vitaminat e tretshme n\u00eb yndyrna si A, D, E tek SCHAUMANN-Leckmassen.\n<\/p>\n<\/div>\n\n\n\n<div class=\"blue_marker_list\">\n<h4>SCHAUMANN-LECKMASSE:<\/h4>\n<ul style=\"list-style-type: square; \n\tpadding-left: 1em;\">\n<li>Kov\u00eb l\u00ebpir\u00ebse e shijshme p\u00ebr lop\u00eb dhe vi\u00e7a, me p\u00ebrb\u00ebrje vitaminash dhe mikro-makroelementesh.<\/li>\n<\/ul>\n<\/div>\n\n\n\n<div class=\"blue_marker_list\">\n<h4>RINDAVIT PRE LICK:<\/h4>\n<ul style=\"list-style-type: square; \n\tpadding-left: 1em;\">\n<li> Kova l\u00ebpir\u00ebse e p\u00ebrshtatur sipas k\u00ebrkesave t\u00eb nevojshme p\u00ebr lop\u00ebt n\u00eb periudh\u00ebn e tharjes. Me p\u00ebrb\u00ebrje t\u00eb lart\u00eb vitaminash (sidomos vitamina E) dhe mikroelemente. E varf\u00ebr n\u00eb kalcium dhe e pasur me fosfor.\n<\/li>\n\n<\/ul>\n<\/div>\n\n\n\n<div class=\"blue_marker_list\">\n<h4>RINDAMIN JUNIOR LICK:<\/h4>\n<ul style=\"list-style-type: square; \n\tpadding-left: 1em;\">\n<li> Kova l\u00ebpir\u00ebse t\u00eb p\u00ebrshtatura ve\u00e7an\u00ebrisht p\u00ebr vi\u00e7at femra (m\u00ebshqerra p\u00ebr remont). Esht\u00eb krijuar p\u00ebr t\u2019iu p\u00ebrshtatur zhvillimit t\u00eb rumenit t\u00eb vi\u00e7it q\u00eb n\u00eb mosh\u00eb t\u00eb vog\u00ebl. E plot\u00ebsuar me grupin e vitaminave sidomos  nga p\u00ebrmbajtje e lart\u00eb e vitaminave B.\n<\/li>\n\n<\/ul>\n<\/div>\n\n\n\n<div class=\"blue_marker_list\">\n<h4>RINDAMIN LICK:<\/h4>\n<ul style=\"list-style-type: square; \n\tpadding-left: 1em;\">\n<li> Kova l\u00ebpir\u00ebse p\u00ebr m\u00ebshqerra, lop\u00eb q\u00eb dalin n\u00eb kullot\u00eb dhe lop\u00eb ne laktacion. P\u00ebrmbajtja e lart\u00eb me vitamina dhe mikro-makroelementeve.\n<\/li>\n<li> Bakri \u00ebsht\u00eb i pranish\u00ebm n\u00eb k\u00ebt\u00eb kompleks organik p\u00ebr t\u00eb siguruar furnizimin gjat\u00eb laktacioneve n\u00eb t\u00eb cilat ka mungesa t\u00eb theksuara.\n<\/li>\n\n\n<\/ul>\n<\/div>\n<\/div>\n<\/div>\n","protected":false},"excerpt":{"rendered":"<p>LECKMASSEN \u2013 KOVA L\u00cbPIR\u00cbSE P\u00ebr nj\u00eb mb\u00ebshtetje t\u00eb sigurt t\u00eb l\u00ebnd\u00ebve minerale Si kullota po ashtu edhe ushqimi foragjer nuk mund t\u00eb plot\u00ebsojn\u00eb t\u00eb vetme k\u00ebrkesat p\u00ebr sasit\u00eb e nevojshme me mikro-makroelemente dhe vitamina. SCHAUMANN Leckmassen \u2013 Kova l\u00ebpir\u00ebse (cil\u00ebsia 5 yje): Kombinim ideal i l\u00ebnd\u00ebve t\u00eb para P\u00ebrb\u00ebrje e lart\u00eb vitaminoze Ngurt\u00ebsim perfekt T\u00ebrheq\u00ebs [&hellip;]<\/p>\n","protected":false},"author":1,"featured_media":0,"parent":0,"menu_order":0,"comment_status":"closed","ping_status":"closed","template":"","meta":{"inline_featured_image":false,"footnotes":""},"class_list":["post-6276","page","type-page","status-publish","hentry"],"yoast_head":"<!-- This site is optimized with the Yoast SEO plugin v18.9 - https:\/\/yoast.com\/wordpress\/plugins\/seo\/ -->\n<title>LECKMASSEN \u2013 KOVA L\u00cbPIR\u00cbSE - Austria Praemix<\/title>\n<meta name=\"robots\" content=\"index, follow, max-snippet:-1, max-image-preview:large, max-video-preview:-1\" \/>\n<link rel=\"canonical\" href=\"https:\/\/ap.com.al\/?page_id=6276\" \/>\n<meta property=\"og:locale\" content=\"en_US\" \/>\n<meta property=\"og:type\" content=\"article\" \/>\n<meta property=\"og:title\" content=\"LECKMASSEN \u2013 KOVA L\u00cbPIR\u00cbSE - Austria Praemix\" \/>\n<meta property=\"og:description\" content=\"LECKMASSEN \u2013 KOVA L\u00cbPIR\u00cbSE P\u00ebr nj\u00eb mb\u00ebshtetje t\u00eb sigurt t\u00eb l\u00ebnd\u00ebve minerale Si kullota po ashtu edhe ushqimi foragjer nuk mund t\u00eb plot\u00ebsojn\u00eb t\u00eb vetme k\u00ebrkesat p\u00ebr sasit\u00eb e nevojshme me mikro-makroelemente dhe vitamina. SCHAUMANN Leckmassen \u2013 Kova l\u00ebpir\u00ebse (cil\u00ebsia 5 yje): Kombinim ideal i l\u00ebnd\u00ebve t\u00eb para P\u00ebrb\u00ebrje e lart\u00eb vitaminoze Ngurt\u00ebsim perfekt T\u00ebrheq\u00ebs [&hellip;]\" \/>\n<meta property=\"og:url\" content=\"https:\/\/ap.com.al\/?page_id=6276\" \/>\n<meta property=\"og:site_name\" content=\"Austria Praemix\" \/>\n<meta property=\"article:publisher\" content=\"https:\/\/www.facebook.com\/austriapraemiks\/\" \/>\n<meta property=\"article:modified_time\" content=\"2022-06-01T09:13:15+00:00\" \/>\n<meta property=\"og:image\" content=\"https:\/\/ap.com.al\/wp-content\/uploads\/2022\/03\/Asset-52-1.png\" \/>\n<meta name=\"twitter:card\" content=\"summary_large_image\" \/>\n<meta name=\"twitter:label1\" content=\"Est. reading time\" \/>\n\t<meta name=\"twitter:data1\" content=\"2 minutes\" \/>\n<script type=\"application\/ld+json\" class=\"yoast-schema-graph\">{\"@context\":\"https:\/\/schema.org\",\"@graph\":[{\"@type\":\"Organization\",\"@id\":\"https:\/\/ap.com.al\/#organization\",\"name\":\"Austria Preamix\",\"url\":\"https:\/\/ap.com.al\/\",\"sameAs\":[\"https:\/\/www.instagram.com\/austriapraemix\/\",\"https:\/\/www.facebook.com\/austriapraemiks\/\"],\"logo\":{\"@type\":\"ImageObject\",\"inLanguage\":\"en-US\",\"@id\":\"https:\/\/ap.com.al\/#\/schema\/logo\/image\/\",\"url\":\"https:\/\/ap.com.al\/wp-content\/uploads\/2022\/02\/AP-logo.png\",\"contentUrl\":\"https:\/\/ap.com.al\/wp-content\/uploads\/2022\/02\/AP-logo.png\",\"width\":3358,\"height\":1616,\"caption\":\"Austria Preamix\"},\"image\":{\"@id\":\"https:\/\/ap.com.al\/#\/schema\/logo\/image\/\"}},{\"@type\":\"WebSite\",\"@id\":\"https:\/\/ap.com.al\/#website\",\"url\":\"https:\/\/ap.com.al\/\",\"name\":\"Austria Praemix\",\"description\":\"\",\"publisher\":{\"@id\":\"https:\/\/ap.com.al\/#organization\"},\"potentialAction\":[{\"@type\":\"SearchAction\",\"target\":{\"@type\":\"EntryPoint\",\"urlTemplate\":\"https:\/\/ap.com.al\/?s={search_term_string}\"},\"query-input\":\"required name=search_term_string\"}],\"inLanguage\":\"en-US\"},{\"@type\":\"ImageObject\",\"inLanguage\":\"en-US\",\"@id\":\"https:\/\/ap.com.al\/?page_id=6276#primaryimage\",\"url\":\"https:\/\/ap.com.al\/wp-content\/uploads\/2022\/03\/Asset-52-1.png\",\"contentUrl\":\"https:\/\/ap.com.al\/wp-content\/uploads\/2022\/03\/Asset-52-1.png\",\"width\":355,\"height\":354},{\"@type\":\"WebPage\",\"@id\":\"https:\/\/ap.com.al\/?page_id=6276#webpage\",\"url\":\"https:\/\/ap.com.al\/?page_id=6276\",\"name\":\"LECKMASSEN \u2013 KOVA L\u00cbPIR\u00cbSE - Austria Praemix\",\"isPartOf\":{\"@id\":\"https:\/\/ap.com.al\/#website\"},\"primaryImageOfPage\":{\"@id\":\"https:\/\/ap.com.al\/?page_id=6276#primaryimage\"},\"datePublished\":\"2022-05-11T09:22:40+00:00\",\"dateModified\":\"2022-06-01T09:13:15+00:00\",\"breadcrumb\":{\"@id\":\"https:\/\/ap.com.al\/?page_id=6276#breadcrumb\"},\"inLanguage\":\"en-US\",\"potentialAction\":[{\"@type\":\"ReadAction\",\"target\":[\"https:\/\/ap.com.al\/?page_id=6276\"]}]},{\"@type\":\"BreadcrumbList\",\"@id\":\"https:\/\/ap.com.al\/?page_id=6276#breadcrumb\",\"itemListElement\":[{\"@type\":\"ListItem\",\"position\":1,\"name\":\"Home\",\"item\":\"https:\/\/ap.com.al\/\"},{\"@type\":\"ListItem\",\"position\":2,\"name\":\"LECKMASSEN \u2013 KOVA L\u00cbPIR\u00cbSE\"}]}]}<\/script>\n<!-- \/ Yoast SEO plugin. -->","yoast_head_json":{"title":"LECKMASSEN \u2013 KOVA L\u00cbPIR\u00cbSE - Austria Praemix","robots":{"index":"index","follow":"follow","max-snippet":"max-snippet:-1","max-image-preview":"max-image-preview:large","max-video-preview":"max-video-preview:-1"},"canonical":"https:\/\/ap.com.al\/?page_id=6276","og_locale":"en_US","og_type":"article","og_title":"LECKMASSEN \u2013 KOVA L\u00cbPIR\u00cbSE - Austria Praemix","og_description":"LECKMASSEN \u2013 KOVA L\u00cbPIR\u00cbSE P\u00ebr nj\u00eb mb\u00ebshtetje t\u00eb sigurt t\u00eb l\u00ebnd\u00ebve minerale Si kullota po ashtu edhe ushqimi foragjer nuk mund t\u00eb plot\u00ebsojn\u00eb t\u00eb vetme k\u00ebrkesat p\u00ebr sasit\u00eb e nevojshme me mikro-makroelemente dhe vitamina. SCHAUMANN Leckmassen \u2013 Kova l\u00ebpir\u00ebse (cil\u00ebsia 5 yje): Kombinim ideal i l\u00ebnd\u00ebve t\u00eb para P\u00ebrb\u00ebrje e lart\u00eb vitaminoze Ngurt\u00ebsim perfekt T\u00ebrheq\u00ebs [&hellip;]","og_url":"https:\/\/ap.com.al\/?page_id=6276","og_site_name":"Austria Praemix","article_publisher":"https:\/\/www.facebook.com\/austriapraemiks\/","article_modified_time":"2022-06-01T09:13:15+00:00","og_image":[{"url":"https:\/\/ap.com.al\/wp-content\/uploads\/2022\/03\/Asset-52-1.png"}],"twitter_card":"summary_large_image","twitter_misc":{"Est. reading time":"2 minutes"},"schema":{"@context":"https:\/\/schema.org","@graph":[{"@type":"Organization","@id":"https:\/\/ap.com.al\/#organization","name":"Austria Preamix","url":"https:\/\/ap.com.al\/","sameAs":["https:\/\/www.instagram.com\/austriapraemix\/","https:\/\/www.facebook.com\/austriapraemiks\/"],"logo":{"@type":"ImageObject","inLanguage":"en-US","@id":"https:\/\/ap.com.al\/#\/schema\/logo\/image\/","url":"https:\/\/ap.com.al\/wp-content\/uploads\/2022\/02\/AP-logo.png","contentUrl":"https:\/\/ap.com.al\/wp-content\/uploads\/2022\/02\/AP-logo.png","width":3358,"height":1616,"caption":"Austria Preamix"},"image":{"@id":"https:\/\/ap.com.al\/#\/schema\/logo\/image\/"}},{"@type":"WebSite","@id":"https:\/\/ap.com.al\/#website","url":"https:\/\/ap.com.al\/","name":"Austria Praemix","description":"","publisher":{"@id":"https:\/\/ap.com.al\/#organization"},"potentialAction":[{"@type":"SearchAction","target":{"@type":"EntryPoint","urlTemplate":"https:\/\/ap.com.al\/?s={search_term_string}"},"query-input":"required name=search_term_string"}],"inLanguage":"en-US"},{"@type":"ImageObject","inLanguage":"en-US","@id":"https:\/\/ap.com.al\/?page_id=6276#primaryimage","url":"https:\/\/ap.com.al\/wp-content\/uploads\/2022\/03\/Asset-52-1.png","contentUrl":"https:\/\/ap.com.al\/wp-content\/uploads\/2022\/03\/Asset-52-1.png","width":355,"height":354},{"@type":"WebPage","@id":"https:\/\/ap.com.al\/?page_id=6276#webpage","url":"https:\/\/ap.com.al\/?page_id=6276","name":"LECKMASSEN \u2013 KOVA L\u00cbPIR\u00cbSE - Austria Praemix","isPartOf":{"@id":"https:\/\/ap.com.al\/#website"},"primaryImageOfPage":{"@id":"https:\/\/ap.com.al\/?page_id=6276#primaryimage"},"datePublished":"2022-05-11T09:22:40+00:00","dateModified":"2022-06-01T09:13:15+00:00","breadcrumb":{"@id":"https:\/\/ap.com.al\/?page_id=6276#breadcrumb"},"inLanguage":"en-US","potentialAction":[{"@type":"ReadAction","target":["https:\/\/ap.com.al\/?page_id=6276"]}]},{"@type":"BreadcrumbList","@id":"https:\/\/ap.com.al\/?page_id=6276#breadcrumb","itemListElement":[{"@type":"ListItem","position":1,"name":"Home","item":"https:\/\/ap.com.al\/"},{"@type":"ListItem","position":2,"name":"LECKMASSEN \u2013 KOVA L\u00cbPIR\u00cbSE"}]}]}},"_links":{"self":[{"href":"https:\/\/ap.com.al\/index.php?rest_route=\/wp\/v2\/pages\/6276","targetHints":{"allow":["GET"]}}],"collection":[{"href":"https:\/\/ap.com.al\/index.php?rest_route=\/wp\/v2\/pages"}],"about":[{"href":"https:\/\/ap.com.al\/index.php?rest_route=\/wp\/v2\/types\/page"}],"author":[{"embeddable":true,"href":"https:\/\/ap.com.al\/index.php?rest_route=\/wp\/v2\/users\/1"}],"replies":[{"embeddable":true,"href":"https:\/\/ap.com.al\/index.php?rest_route=%2Fwp%2Fv2%2Fcomments&post=6276"}],"version-history":[{"count":2,"href":"https:\/\/ap.com.al\/index.php?rest_route=\/wp\/v2\/pages\/6276\/revisions"}],"predecessor-version":[{"id":8054,"href":"https:\/\/ap.com.al\/index.php?rest_route=\/wp\/v2\/pages\/6276\/revisions\/8054"}],"wp:attachment":[{"href":"https:\/\/ap.com.al\/index.php?rest_route=%2Fwp%2Fv2%2Fmedia&parent=6276"}],"curies":[{"name":"wp","href":"https:\/\/api.w.org\/{rel}","templated":true}]}}