{"id":6292,"date":"2022-05-11T09:36:54","date_gmt":"2022-05-11T09:36:54","guid":{"rendered":"https:\/\/ap.com.al\/?page_id=6292"},"modified":"2024-02-09T12:53:55","modified_gmt":"2024-02-09T12:53:55","slug":"rindavital-vk-c-plus-atg","status":"publish","type":"page","link":"https:\/\/ap.com.al\/?page_id=6292","title":{"rendered":"Rindavital vk c plus atg"},"content":{"rendered":"\n<style>\n  #oniiii{\n    background-image:url(\"https:\/\/ap.com.al\/wp-content\/uploads\/2022\/01\/Kuehe.jpg\");\n    padding-bottom: 32%;\n    background-position:center center;\n    background-repeat: no-repeat;\n    background-size:cover;\n  }\n  <\/style>\n  <script src=\"https:\/\/code.jquery.com\/jquery-3.5.0.js\">\n<\/script>\n\n<div id=\"oniiii\"><\/div>\n \n<script>\n$( \"#oniiii\" ).insertBefore( \".container_wrap_first\" );\n<\/script>\n\n\n\n<div class=\"wp-block-columns\" id=\"containerr\">\n<div class=\"wp-block-column\">\n<div class=\"avia_textblock\" itemprop=\"text\">\n<h4 style=\"color:#005a8c;\n\">RINDAVITAL VK C PLUS ATG<\/h4>\n<\/div>\n<\/div>\n<\/div>\n\n\n\n<div class=\"wp-block-columns\" id=\"containerr\">\n<div class=\"wp-block-column\">\n<div class=\"detail__certificates-item-icon\">\n<img decoding=\"async\" alt=\"SCHAUMANN Energy\" src=\"https:\/\/ap.com.al\/wp-content\/uploads\/2022\/03\/Asset-52-1.png\">\n<\/div>\n<\/div>\n<\/div>\n\n\n\n<div class=\"wp-block-columns\" id=\"containerr\">\n<div class=\"wp-block-column\">\n<div class=\"blue_marker_list\">\n<h4>\u00cbsht\u00eb produkt special p\u00ebr periudh\u00ebn tranzitore t\u00eb barsm\u00ebris\u00eb-pjelljes:<\/h4>\n<br>Me fundin e periudh\u00ebs s\u00eb barsm\u00ebris\u00eb dhe me fillimin e periudh\u00ebs s\u00eb laktacionit, lop\u00ebt me rendimente t\u00eb larta kan\u00eb nj\u00eb bilanc negativ t\u00eb energjis\u00eb.\n<br>P\u00ebrb\u00ebrja e ve\u00e7ant\u00eb e RINDAVITAL VK C PLUS me Carnitin, t\u00eb mbrojtura p\u00ebr terrenin mikrobik n\u00eb rumen, krijon kushte optimale t\u00eb metabolizmit dhe p\u00ebrmir\u00ebson ndjesh\u00ebm rendimentin dhe  fertilitetin e lop\u00ebve t\u00eb qum\u00ebshtit. \n<\/div>\n\n\n\n<div class=\"blue_marker_list\">\n<h4 style=\"padding-top: 20px;\"> Ve\u00e7orit\u00eb:<\/h4>\n<ul style=\"list-style-type: square; \n\tpadding-left: 1em;\">\n<li>P\u00ebrmir\u00ebson furnizimin me energji p\u00ebr funksionim normal t\u00eb m\u00ebl\u00e7is\u00eb.<\/li>\n<li>Parandalon furnizimin e tep\u00ebrt me acide yndyrore nga rezervatdhjamore.<\/li>\n<li>Konverton shpejt acidet yndyrore (me prejardhje nga depozitat dhjamore -trupore) n\u00eb m\u00ebl\u00e7i.<\/li>\n<li>Detoksifikon metabolizmin ketonik n\u00ebp\u00ebrmjet eleminimit, kjo q\u00eb n\u00eb hapate para t\u00eb ketoz\u00ebs n\u00ebp\u00ebrmjet urin\u00ebs.<\/li>\n<\/ul>\n<\/div>\n\n\n\n<div class=\"blue_marker_list\">\n<h4 style=\"padding-top: 20px;\">Rezultatet:<\/h4>\n<ul style=\"list-style-type: square; \n\tpadding-left: 1em;\">\n<li>Konsumim t\u00eb shpejt\u00eb dhe t\u00eb lart\u00eb t\u00eb ushqimit menj\u00ebher\u00eb mbas procesit t\u00eb pjelljes.<\/li>\n<li>Vi\u00e7a t\u00eb fort\u00eb dhe vital<\/li>\n<li>Rendimente m\u00eb t\u00eb larta si p\u00ebr lop\u00ebt po ashtu dhe p\u00ebr m\u00ebshqerrat.<\/li>\n<li>Rendiment qum\u00ebshti t\u00eb q\u00ebndrueshme.<\/li>\n<li>Ulet duksh\u00ebm rreziku i ketoz\u00ebs.<\/li>\n<li>Fertilitet dhe barsm\u00ebri e garantuar.<\/li>\n<\/ul>\n<\/div>\n\n\n\n<div class=\"blue_marker_list\">\r\n<h4 style=\"padding-top: 20px;\">P\u00ebrdorimi i produktit:<\/h4>\r\n<br>P\u00ebrgjat\u00eb periudh\u00ebs s\u00eb tranzicionit: <\/br>\r\n<ul style=\"list-style-type: square; \r\n\tpadding-left: 1em;\">\r\n<li>Faza 1 e periudh\u00ebs s\u00eb tharjes (6 jav\u00eb): 100 g\/kafsh\u00eb n\u00eb dit\u00eb.<\/li>\r\n<li>Faza 2 e periudh\u00ebs s\u00eb tharjes (3 jav\u00eb para pjelljes): 200 g\/kafsh\u00eb n\u00eb dit\u00eb.<\/li>\r\n<\/ul>\r\n<br>Mbas pjelljes: <\/br>\r\n<ul style=\"list-style-type: square; \r\n\tpadding-left: 1em;\">\r\n<li>100 g\/kafsh\u00eb n\u00eb dit\u00eb<\/li>\r\n\r\n<\/ul>\r\n\r\n\r\n<\/div>\n<\/div>\n<\/div>\n","protected":false},"excerpt":{"rendered":"<p>RINDAVITAL VK C PLUS ATG \u00cbsht\u00eb produkt special p\u00ebr periudh\u00ebn tranzitore t\u00eb barsm\u00ebris\u00eb-pjelljes: Me fundin e periudh\u00ebs s\u00eb barsm\u00ebris\u00eb dhe me fillimin e periudh\u00ebs s\u00eb laktacionit, lop\u00ebt me rendimente t\u00eb larta kan\u00eb nj\u00eb bilanc negativ t\u00eb energjis\u00eb. P\u00ebrb\u00ebrja e ve\u00e7ant\u00eb e RINDAVITAL VK C PLUS me Carnitin, t\u00eb mbrojtura p\u00ebr terrenin mikrobik n\u00eb rumen, krijon [&hellip;]<\/p>\n","protected":false},"author":1,"featured_media":0,"parent":0,"menu_order":0,"comment_status":"closed","ping_status":"closed","template":"","meta":{"inline_featured_image":false,"footnotes":""},"class_list":["post-6292","page","type-page","status-publish","hentry"],"yoast_head":"<!-- This site is optimized with the Yoast SEO plugin v18.9 - https:\/\/yoast.com\/wordpress\/plugins\/seo\/ -->\n<title>Rindavital vk c plus atg - Austria Praemix<\/title>\n<meta name=\"robots\" content=\"index, follow, max-snippet:-1, max-image-preview:large, max-video-preview:-1\" \/>\n<link rel=\"canonical\" href=\"https:\/\/ap.com.al\/?page_id=6292\" \/>\n<meta property=\"og:locale\" content=\"en_US\" \/>\n<meta property=\"og:type\" content=\"article\" \/>\n<meta property=\"og:title\" content=\"Rindavital vk c plus atg - Austria Praemix\" \/>\n<meta property=\"og:description\" content=\"RINDAVITAL VK C PLUS ATG \u00cbsht\u00eb produkt special p\u00ebr periudh\u00ebn tranzitore t\u00eb barsm\u00ebris\u00eb-pjelljes: Me fundin e periudh\u00ebs s\u00eb barsm\u00ebris\u00eb dhe me fillimin e periudh\u00ebs s\u00eb laktacionit, lop\u00ebt me rendimente t\u00eb larta kan\u00eb nj\u00eb bilanc negativ t\u00eb energjis\u00eb. P\u00ebrb\u00ebrja e ve\u00e7ant\u00eb e RINDAVITAL VK C PLUS me Carnitin, t\u00eb mbrojtura p\u00ebr terrenin mikrobik n\u00eb rumen, krijon [&hellip;]\" \/>\n<meta property=\"og:url\" content=\"https:\/\/ap.com.al\/?page_id=6292\" \/>\n<meta property=\"og:site_name\" content=\"Austria Praemix\" \/>\n<meta property=\"article:publisher\" content=\"https:\/\/www.facebook.com\/austriapraemiks\/\" \/>\n<meta property=\"article:modified_time\" content=\"2024-02-09T12:53:55+00:00\" \/>\n<meta property=\"og:image\" content=\"https:\/\/ap.com.al\/wp-content\/uploads\/2022\/03\/Asset-52-1.png\" \/>\n<meta name=\"twitter:card\" content=\"summary_large_image\" \/>\n<meta name=\"twitter:label1\" content=\"Est. reading time\" \/>\n\t<meta name=\"twitter:data1\" content=\"2 minutes\" \/>\n<script type=\"application\/ld+json\" class=\"yoast-schema-graph\">{\"@context\":\"https:\/\/schema.org\",\"@graph\":[{\"@type\":\"Organization\",\"@id\":\"https:\/\/ap.com.al\/#organization\",\"name\":\"Austria Preamix\",\"url\":\"https:\/\/ap.com.al\/\",\"sameAs\":[\"https:\/\/www.instagram.com\/austriapraemix\/\",\"https:\/\/www.facebook.com\/austriapraemiks\/\"],\"logo\":{\"@type\":\"ImageObject\",\"inLanguage\":\"en-US\",\"@id\":\"https:\/\/ap.com.al\/#\/schema\/logo\/image\/\",\"url\":\"https:\/\/ap.com.al\/wp-content\/uploads\/2022\/02\/AP-logo.png\",\"contentUrl\":\"https:\/\/ap.com.al\/wp-content\/uploads\/2022\/02\/AP-logo.png\",\"width\":3358,\"height\":1616,\"caption\":\"Austria Preamix\"},\"image\":{\"@id\":\"https:\/\/ap.com.al\/#\/schema\/logo\/image\/\"}},{\"@type\":\"WebSite\",\"@id\":\"https:\/\/ap.com.al\/#website\",\"url\":\"https:\/\/ap.com.al\/\",\"name\":\"Austria Praemix\",\"description\":\"\",\"publisher\":{\"@id\":\"https:\/\/ap.com.al\/#organization\"},\"potentialAction\":[{\"@type\":\"SearchAction\",\"target\":{\"@type\":\"EntryPoint\",\"urlTemplate\":\"https:\/\/ap.com.al\/?s={search_term_string}\"},\"query-input\":\"required name=search_term_string\"}],\"inLanguage\":\"en-US\"},{\"@type\":\"ImageObject\",\"inLanguage\":\"en-US\",\"@id\":\"https:\/\/ap.com.al\/?page_id=6292#primaryimage\",\"url\":\"https:\/\/ap.com.al\/wp-content\/uploads\/2022\/03\/Asset-52-1.png\",\"contentUrl\":\"https:\/\/ap.com.al\/wp-content\/uploads\/2022\/03\/Asset-52-1.png\",\"width\":355,\"height\":354},{\"@type\":\"WebPage\",\"@id\":\"https:\/\/ap.com.al\/?page_id=6292#webpage\",\"url\":\"https:\/\/ap.com.al\/?page_id=6292\",\"name\":\"Rindavital vk c plus atg - Austria Praemix\",\"isPartOf\":{\"@id\":\"https:\/\/ap.com.al\/#website\"},\"primaryImageOfPage\":{\"@id\":\"https:\/\/ap.com.al\/?page_id=6292#primaryimage\"},\"datePublished\":\"2022-05-11T09:36:54+00:00\",\"dateModified\":\"2024-02-09T12:53:55+00:00\",\"breadcrumb\":{\"@id\":\"https:\/\/ap.com.al\/?page_id=6292#breadcrumb\"},\"inLanguage\":\"en-US\",\"potentialAction\":[{\"@type\":\"ReadAction\",\"target\":[\"https:\/\/ap.com.al\/?page_id=6292\"]}]},{\"@type\":\"BreadcrumbList\",\"@id\":\"https:\/\/ap.com.al\/?page_id=6292#breadcrumb\",\"itemListElement\":[{\"@type\":\"ListItem\",\"position\":1,\"name\":\"Home\",\"item\":\"https:\/\/ap.com.al\/\"},{\"@type\":\"ListItem\",\"position\":2,\"name\":\"Rindavital vk c plus atg\"}]}]}<\/script>\n<!-- \/ Yoast SEO plugin. -->","yoast_head_json":{"title":"Rindavital vk c plus atg - Austria Praemix","robots":{"index":"index","follow":"follow","max-snippet":"max-snippet:-1","max-image-preview":"max-image-preview:large","max-video-preview":"max-video-preview:-1"},"canonical":"https:\/\/ap.com.al\/?page_id=6292","og_locale":"en_US","og_type":"article","og_title":"Rindavital vk c plus atg - Austria Praemix","og_description":"RINDAVITAL VK C PLUS ATG \u00cbsht\u00eb produkt special p\u00ebr periudh\u00ebn tranzitore t\u00eb barsm\u00ebris\u00eb-pjelljes: Me fundin e periudh\u00ebs s\u00eb barsm\u00ebris\u00eb dhe me fillimin e periudh\u00ebs s\u00eb laktacionit, lop\u00ebt me rendimente t\u00eb larta kan\u00eb nj\u00eb bilanc negativ t\u00eb energjis\u00eb. P\u00ebrb\u00ebrja e ve\u00e7ant\u00eb e RINDAVITAL VK C PLUS me Carnitin, t\u00eb mbrojtura p\u00ebr terrenin mikrobik n\u00eb rumen, krijon [&hellip;]","og_url":"https:\/\/ap.com.al\/?page_id=6292","og_site_name":"Austria Praemix","article_publisher":"https:\/\/www.facebook.com\/austriapraemiks\/","article_modified_time":"2024-02-09T12:53:55+00:00","og_image":[{"url":"https:\/\/ap.com.al\/wp-content\/uploads\/2022\/03\/Asset-52-1.png"}],"twitter_card":"summary_large_image","twitter_misc":{"Est. reading time":"2 minutes"},"schema":{"@context":"https:\/\/schema.org","@graph":[{"@type":"Organization","@id":"https:\/\/ap.com.al\/#organization","name":"Austria Preamix","url":"https:\/\/ap.com.al\/","sameAs":["https:\/\/www.instagram.com\/austriapraemix\/","https:\/\/www.facebook.com\/austriapraemiks\/"],"logo":{"@type":"ImageObject","inLanguage":"en-US","@id":"https:\/\/ap.com.al\/#\/schema\/logo\/image\/","url":"https:\/\/ap.com.al\/wp-content\/uploads\/2022\/02\/AP-logo.png","contentUrl":"https:\/\/ap.com.al\/wp-content\/uploads\/2022\/02\/AP-logo.png","width":3358,"height":1616,"caption":"Austria Preamix"},"image":{"@id":"https:\/\/ap.com.al\/#\/schema\/logo\/image\/"}},{"@type":"WebSite","@id":"https:\/\/ap.com.al\/#website","url":"https:\/\/ap.com.al\/","name":"Austria Praemix","description":"","publisher":{"@id":"https:\/\/ap.com.al\/#organization"},"potentialAction":[{"@type":"SearchAction","target":{"@type":"EntryPoint","urlTemplate":"https:\/\/ap.com.al\/?s={search_term_string}"},"query-input":"required name=search_term_string"}],"inLanguage":"en-US"},{"@type":"ImageObject","inLanguage":"en-US","@id":"https:\/\/ap.com.al\/?page_id=6292#primaryimage","url":"https:\/\/ap.com.al\/wp-content\/uploads\/2022\/03\/Asset-52-1.png","contentUrl":"https:\/\/ap.com.al\/wp-content\/uploads\/2022\/03\/Asset-52-1.png","width":355,"height":354},{"@type":"WebPage","@id":"https:\/\/ap.com.al\/?page_id=6292#webpage","url":"https:\/\/ap.com.al\/?page_id=6292","name":"Rindavital vk c plus atg - Austria Praemix","isPartOf":{"@id":"https:\/\/ap.com.al\/#website"},"primaryImageOfPage":{"@id":"https:\/\/ap.com.al\/?page_id=6292#primaryimage"},"datePublished":"2022-05-11T09:36:54+00:00","dateModified":"2024-02-09T12:53:55+00:00","breadcrumb":{"@id":"https:\/\/ap.com.al\/?page_id=6292#breadcrumb"},"inLanguage":"en-US","potentialAction":[{"@type":"ReadAction","target":["https:\/\/ap.com.al\/?page_id=6292"]}]},{"@type":"BreadcrumbList","@id":"https:\/\/ap.com.al\/?page_id=6292#breadcrumb","itemListElement":[{"@type":"ListItem","position":1,"name":"Home","item":"https:\/\/ap.com.al\/"},{"@type":"ListItem","position":2,"name":"Rindavital vk c plus atg"}]}]}},"_links":{"self":[{"href":"https:\/\/ap.com.al\/index.php?rest_route=\/wp\/v2\/pages\/6292","targetHints":{"allow":["GET"]}}],"collection":[{"href":"https:\/\/ap.com.al\/index.php?rest_route=\/wp\/v2\/pages"}],"about":[{"href":"https:\/\/ap.com.al\/index.php?rest_route=\/wp\/v2\/types\/page"}],"author":[{"embeddable":true,"href":"https:\/\/ap.com.al\/index.php?rest_route=\/wp\/v2\/users\/1"}],"replies":[{"embeddable":true,"href":"https:\/\/ap.com.al\/index.php?rest_route=%2Fwp%2Fv2%2Fcomments&post=6292"}],"version-history":[{"count":3,"href":"https:\/\/ap.com.al\/index.php?rest_route=\/wp\/v2\/pages\/6292\/revisions"}],"predecessor-version":[{"id":8661,"href":"https:\/\/ap.com.al\/index.php?rest_route=\/wp\/v2\/pages\/6292\/revisions\/8661"}],"wp:attachment":[{"href":"https:\/\/ap.com.al\/index.php?rest_route=%2Fwp%2Fv2%2Fmedia&parent=6292"}],"curies":[{"name":"wp","href":"https:\/\/api.w.org\/{rel}","templated":true}]}}