{"id":6376,"date":"2022-05-11T12:41:28","date_gmt":"2022-05-11T12:41:28","guid":{"rendered":"https:\/\/ap.com.al\/?page_id=6376"},"modified":"2022-06-01T09:20:21","modified_gmt":"2022-06-01T09:20:21","slug":"schaumalac-zt-40","status":"publish","type":"page","link":"https:\/\/ap.com.al\/?page_id=6376","title":{"rendered":"SCHAUMALAC ZT 40"},"content":{"rendered":"\n<style>\n  #oniiii{\n    background-image:url(\"https:\/\/ap.com.al\/wp-content\/uploads\/2022\/05\/pigg.jpg\");\n    padding-bottom: 32%;\n    background-position:center left;\n    background-repeat: no-repeat;\n    background-size:cover;\n  }\n  <\/style>\n  <script src=\"https:\/\/code.jquery.com\/jquery-3.5.0.js\">\n<\/script>\n\n<div id=\"oniiii\"><\/div>\n \n<script>\n$( \"#oniiii\" ).insertBefore( \".container_wrap_first\" );\n<\/script>\n\n\n\n<div class=\"wp-block-columns\" id=\"containerr\">\n<div class=\"wp-block-column\">\n<div class=\"avia_textblock\" itemprop=\"text\"><h4 style=\"color:#005a8c;\n\">SCHAUMALAC ZT 40<\/h4>\n<\/div>\n<\/div>\n<\/div>\n\n\n\n<div class=\"wp-block-columns\" id=\"containerr\">\n<div class=\"wp-block-column\">\n<div class=\"detail__certificates-item-icon\">\n<img decoding=\"async\" alt=\"SCHAUMANN Energy\" src=\"https:\/\/ap.com.al\/wp-content\/uploads\/2022\/03\/Asset-54-1.png\">\n<\/div>\n<\/div>\n<\/div>\n\n\n\n<div class=\"wp-block-columns\" id=\"containerr\">\n<div class=\"wp-block-column\">\n<div class=\"blue_marker_list\">\n<h4 style=\"padding-top: 20px;\"> Premiks p\u00ebr dosa barr\u00ebse:<\/h4>\n<ul style=\"list-style-type: square; \n\tpadding-left: 1em;\">\n<li>P\u00ebrmbajtja e lart\u00eb e lizin\u00ebs p\u00ebrkrah zhvillimin e dos\u00ebs dhe rrit rezervat e protein\u00ebs tek dosa.<\/li>\n<li>P\u00ebrshtatja n\u00eb p\u00ebrb\u00ebrjen e l\u00ebnd\u00ebve minerale leht\u00ebson metabolizmin tek dosat barr\u00ebse. P\u00ebrb\u00ebrja me vitamina \u00ebsht\u00eb p\u00ebrshtatur q\u00ebllimisht p\u00ebr zhvillimin optimal t\u00eb fetusit.<\/li>\n\n\n<\/ul>\n<\/div>\n\n\n\n<div class=\"blue_marker_list\">\n<h4 style=\"padding-top: 20px;\">Sasia e p\u00ebrdorimit:<\/h4>\n<ul style=\"list-style-type: square; \n\tpadding-left: 1em;\">\n<li>Sasia e p\u00ebrdorimit: 3 %.<\/li>\n<\/ul>\n\n<\/div>\n<\/div>\n<\/div>\n","protected":false},"excerpt":{"rendered":"<p>SCHAUMALAC ZT 40 Premiks p\u00ebr dosa barr\u00ebse: P\u00ebrmbajtja e lart\u00eb e lizin\u00ebs p\u00ebrkrah zhvillimin e dos\u00ebs dhe rrit rezervat e protein\u00ebs tek dosa. P\u00ebrshtatja n\u00eb p\u00ebrb\u00ebrjen e l\u00ebnd\u00ebve minerale leht\u00ebson metabolizmin tek dosat barr\u00ebse. P\u00ebrb\u00ebrja me vitamina \u00ebsht\u00eb p\u00ebrshtatur q\u00ebllimisht p\u00ebr zhvillimin optimal t\u00eb fetusit. Sasia e p\u00ebrdorimit: Sasia e p\u00ebrdorimit: 3 %.<\/p>\n","protected":false},"author":1,"featured_media":0,"parent":0,"menu_order":0,"comment_status":"closed","ping_status":"closed","template":"","meta":{"inline_featured_image":false,"footnotes":""},"class_list":["post-6376","page","type-page","status-publish","hentry"],"yoast_head":"<!-- This site is optimized with the Yoast SEO plugin v18.9 - https:\/\/yoast.com\/wordpress\/plugins\/seo\/ -->\n<title>SCHAUMALAC ZT 40 - Austria Praemix<\/title>\n<meta name=\"robots\" content=\"index, follow, max-snippet:-1, max-image-preview:large, max-video-preview:-1\" \/>\n<link rel=\"canonical\" href=\"https:\/\/ap.com.al\/?page_id=6376\" \/>\n<meta property=\"og:locale\" content=\"en_US\" \/>\n<meta property=\"og:type\" content=\"article\" \/>\n<meta property=\"og:title\" content=\"SCHAUMALAC ZT 40 - Austria Praemix\" \/>\n<meta property=\"og:description\" content=\"SCHAUMALAC ZT 40 Premiks p\u00ebr dosa barr\u00ebse: P\u00ebrmbajtja e lart\u00eb e lizin\u00ebs p\u00ebrkrah zhvillimin e dos\u00ebs dhe rrit rezervat e protein\u00ebs tek dosa. P\u00ebrshtatja n\u00eb p\u00ebrb\u00ebrjen e l\u00ebnd\u00ebve minerale leht\u00ebson metabolizmin tek dosat barr\u00ebse. P\u00ebrb\u00ebrja me vitamina \u00ebsht\u00eb p\u00ebrshtatur q\u00ebllimisht p\u00ebr zhvillimin optimal t\u00eb fetusit. Sasia e p\u00ebrdorimit: Sasia e p\u00ebrdorimit: 3 %.\" \/>\n<meta property=\"og:url\" content=\"https:\/\/ap.com.al\/?page_id=6376\" \/>\n<meta property=\"og:site_name\" content=\"Austria Praemix\" \/>\n<meta property=\"article:publisher\" content=\"https:\/\/www.facebook.com\/austriapraemiks\/\" \/>\n<meta property=\"article:modified_time\" content=\"2022-06-01T09:20:21+00:00\" \/>\n<meta property=\"og:image\" content=\"https:\/\/ap.com.al\/wp-content\/uploads\/2022\/03\/Asset-54-1.png\" \/>\n<meta name=\"twitter:card\" content=\"summary_large_image\" \/>\n<meta name=\"twitter:label1\" content=\"Est. reading time\" \/>\n\t<meta name=\"twitter:data1\" content=\"1 minute\" \/>\n<script type=\"application\/ld+json\" class=\"yoast-schema-graph\">{\"@context\":\"https:\/\/schema.org\",\"@graph\":[{\"@type\":\"Organization\",\"@id\":\"https:\/\/ap.com.al\/#organization\",\"name\":\"Austria Preamix\",\"url\":\"https:\/\/ap.com.al\/\",\"sameAs\":[\"https:\/\/www.instagram.com\/austriapraemix\/\",\"https:\/\/www.facebook.com\/austriapraemiks\/\"],\"logo\":{\"@type\":\"ImageObject\",\"inLanguage\":\"en-US\",\"@id\":\"https:\/\/ap.com.al\/#\/schema\/logo\/image\/\",\"url\":\"https:\/\/ap.com.al\/wp-content\/uploads\/2022\/02\/AP-logo.png\",\"contentUrl\":\"https:\/\/ap.com.al\/wp-content\/uploads\/2022\/02\/AP-logo.png\",\"width\":3358,\"height\":1616,\"caption\":\"Austria Preamix\"},\"image\":{\"@id\":\"https:\/\/ap.com.al\/#\/schema\/logo\/image\/\"}},{\"@type\":\"WebSite\",\"@id\":\"https:\/\/ap.com.al\/#website\",\"url\":\"https:\/\/ap.com.al\/\",\"name\":\"Austria Praemix\",\"description\":\"\",\"publisher\":{\"@id\":\"https:\/\/ap.com.al\/#organization\"},\"potentialAction\":[{\"@type\":\"SearchAction\",\"target\":{\"@type\":\"EntryPoint\",\"urlTemplate\":\"https:\/\/ap.com.al\/?s={search_term_string}\"},\"query-input\":\"required name=search_term_string\"}],\"inLanguage\":\"en-US\"},{\"@type\":\"ImageObject\",\"inLanguage\":\"en-US\",\"@id\":\"https:\/\/ap.com.al\/?page_id=6376#primaryimage\",\"url\":\"https:\/\/ap.com.al\/wp-content\/uploads\/2022\/03\/Asset-54-1.png\",\"contentUrl\":\"https:\/\/ap.com.al\/wp-content\/uploads\/2022\/03\/Asset-54-1.png\",\"width\":355,\"height\":354},{\"@type\":\"WebPage\",\"@id\":\"https:\/\/ap.com.al\/?page_id=6376#webpage\",\"url\":\"https:\/\/ap.com.al\/?page_id=6376\",\"name\":\"SCHAUMALAC ZT 40 - Austria Praemix\",\"isPartOf\":{\"@id\":\"https:\/\/ap.com.al\/#website\"},\"primaryImageOfPage\":{\"@id\":\"https:\/\/ap.com.al\/?page_id=6376#primaryimage\"},\"datePublished\":\"2022-05-11T12:41:28+00:00\",\"dateModified\":\"2022-06-01T09:20:21+00:00\",\"breadcrumb\":{\"@id\":\"https:\/\/ap.com.al\/?page_id=6376#breadcrumb\"},\"inLanguage\":\"en-US\",\"potentialAction\":[{\"@type\":\"ReadAction\",\"target\":[\"https:\/\/ap.com.al\/?page_id=6376\"]}]},{\"@type\":\"BreadcrumbList\",\"@id\":\"https:\/\/ap.com.al\/?page_id=6376#breadcrumb\",\"itemListElement\":[{\"@type\":\"ListItem\",\"position\":1,\"name\":\"Home\",\"item\":\"https:\/\/ap.com.al\/\"},{\"@type\":\"ListItem\",\"position\":2,\"name\":\"SCHAUMALAC ZT 40\"}]}]}<\/script>\n<!-- \/ Yoast SEO plugin. -->","yoast_head_json":{"title":"SCHAUMALAC ZT 40 - Austria Praemix","robots":{"index":"index","follow":"follow","max-snippet":"max-snippet:-1","max-image-preview":"max-image-preview:large","max-video-preview":"max-video-preview:-1"},"canonical":"https:\/\/ap.com.al\/?page_id=6376","og_locale":"en_US","og_type":"article","og_title":"SCHAUMALAC ZT 40 - Austria Praemix","og_description":"SCHAUMALAC ZT 40 Premiks p\u00ebr dosa barr\u00ebse: P\u00ebrmbajtja e lart\u00eb e lizin\u00ebs p\u00ebrkrah zhvillimin e dos\u00ebs dhe rrit rezervat e protein\u00ebs tek dosa. P\u00ebrshtatja n\u00eb p\u00ebrb\u00ebrjen e l\u00ebnd\u00ebve minerale leht\u00ebson metabolizmin tek dosat barr\u00ebse. P\u00ebrb\u00ebrja me vitamina \u00ebsht\u00eb p\u00ebrshtatur q\u00ebllimisht p\u00ebr zhvillimin optimal t\u00eb fetusit. Sasia e p\u00ebrdorimit: Sasia e p\u00ebrdorimit: 3 %.","og_url":"https:\/\/ap.com.al\/?page_id=6376","og_site_name":"Austria Praemix","article_publisher":"https:\/\/www.facebook.com\/austriapraemiks\/","article_modified_time":"2022-06-01T09:20:21+00:00","og_image":[{"url":"https:\/\/ap.com.al\/wp-content\/uploads\/2022\/03\/Asset-54-1.png"}],"twitter_card":"summary_large_image","twitter_misc":{"Est. reading time":"1 minute"},"schema":{"@context":"https:\/\/schema.org","@graph":[{"@type":"Organization","@id":"https:\/\/ap.com.al\/#organization","name":"Austria Preamix","url":"https:\/\/ap.com.al\/","sameAs":["https:\/\/www.instagram.com\/austriapraemix\/","https:\/\/www.facebook.com\/austriapraemiks\/"],"logo":{"@type":"ImageObject","inLanguage":"en-US","@id":"https:\/\/ap.com.al\/#\/schema\/logo\/image\/","url":"https:\/\/ap.com.al\/wp-content\/uploads\/2022\/02\/AP-logo.png","contentUrl":"https:\/\/ap.com.al\/wp-content\/uploads\/2022\/02\/AP-logo.png","width":3358,"height":1616,"caption":"Austria Preamix"},"image":{"@id":"https:\/\/ap.com.al\/#\/schema\/logo\/image\/"}},{"@type":"WebSite","@id":"https:\/\/ap.com.al\/#website","url":"https:\/\/ap.com.al\/","name":"Austria Praemix","description":"","publisher":{"@id":"https:\/\/ap.com.al\/#organization"},"potentialAction":[{"@type":"SearchAction","target":{"@type":"EntryPoint","urlTemplate":"https:\/\/ap.com.al\/?s={search_term_string}"},"query-input":"required name=search_term_string"}],"inLanguage":"en-US"},{"@type":"ImageObject","inLanguage":"en-US","@id":"https:\/\/ap.com.al\/?page_id=6376#primaryimage","url":"https:\/\/ap.com.al\/wp-content\/uploads\/2022\/03\/Asset-54-1.png","contentUrl":"https:\/\/ap.com.al\/wp-content\/uploads\/2022\/03\/Asset-54-1.png","width":355,"height":354},{"@type":"WebPage","@id":"https:\/\/ap.com.al\/?page_id=6376#webpage","url":"https:\/\/ap.com.al\/?page_id=6376","name":"SCHAUMALAC ZT 40 - Austria Praemix","isPartOf":{"@id":"https:\/\/ap.com.al\/#website"},"primaryImageOfPage":{"@id":"https:\/\/ap.com.al\/?page_id=6376#primaryimage"},"datePublished":"2022-05-11T12:41:28+00:00","dateModified":"2022-06-01T09:20:21+00:00","breadcrumb":{"@id":"https:\/\/ap.com.al\/?page_id=6376#breadcrumb"},"inLanguage":"en-US","potentialAction":[{"@type":"ReadAction","target":["https:\/\/ap.com.al\/?page_id=6376"]}]},{"@type":"BreadcrumbList","@id":"https:\/\/ap.com.al\/?page_id=6376#breadcrumb","itemListElement":[{"@type":"ListItem","position":1,"name":"Home","item":"https:\/\/ap.com.al\/"},{"@type":"ListItem","position":2,"name":"SCHAUMALAC ZT 40"}]}]}},"_links":{"self":[{"href":"https:\/\/ap.com.al\/index.php?rest_route=\/wp\/v2\/pages\/6376","targetHints":{"allow":["GET"]}}],"collection":[{"href":"https:\/\/ap.com.al\/index.php?rest_route=\/wp\/v2\/pages"}],"about":[{"href":"https:\/\/ap.com.al\/index.php?rest_route=\/wp\/v2\/types\/page"}],"author":[{"embeddable":true,"href":"https:\/\/ap.com.al\/index.php?rest_route=\/wp\/v2\/users\/1"}],"replies":[{"embeddable":true,"href":"https:\/\/ap.com.al\/index.php?rest_route=%2Fwp%2Fv2%2Fcomments&post=6376"}],"version-history":[{"count":2,"href":"https:\/\/ap.com.al\/index.php?rest_route=\/wp\/v2\/pages\/6376\/revisions"}],"predecessor-version":[{"id":8067,"href":"https:\/\/ap.com.al\/index.php?rest_route=\/wp\/v2\/pages\/6376\/revisions\/8067"}],"wp:attachment":[{"href":"https:\/\/ap.com.al\/index.php?rest_route=%2Fwp%2Fv2%2Fmedia&parent=6376"}],"curies":[{"name":"wp","href":"https:\/\/api.w.org\/{rel}","templated":true}]}}