{"id":6591,"date":"2022-05-11T18:23:45","date_gmt":"2022-05-11T18:23:45","guid":{"rendered":"https:\/\/ap.com.al\/?page_id=6591"},"modified":"2022-11-22T13:39:39","modified_gmt":"2022-11-22T13:39:39","slug":"mbareshtimi-i-kafsheve","status":"publish","type":"page","link":"https:\/\/ap.com.al\/?page_id=6591","title":{"rendered":"Mbar\u00ebshtimi i kafsh\u00ebve"},"content":{"rendered":"\n<style>\n  #oniiii{\n    background-image:url(\"https:\/\/ap.com.al\/wp-content\/uploads\/2022\/05\/pula-36x364-1.jpeg\");\n    padding-bottom: 32%;\n    background-position:center center;\n    background-repeat: no-repeat;\n    background-size:cover;\n  }\n  <\/style>\n  <script src=\"https:\/\/code.jquery.com\/jquery-3.5.0.js\">\n<\/script>\n\n<div id=\"oniiii\"><\/div>\n \n<script>\n$( \"#oniiii\" ).insertBefore( \".container_wrap_first\" );\n<\/script>\n\n\n\n<div class=\"wp-block-columns\" id=\"containerr\">\n<div class=\"wp-block-column\" style=\"flex-basis:25%\">\n<div class=\"avia_textblock\" itemprop=\"text\"><h2 style=\"color:#005a8c;\n\">Mbar\u00ebshtimi i kafsh\u00ebve<\/h2>\n<\/div>\n<\/div>\n\n\n\n<div class=\"wp-block-column\" style=\"flex-basis:80%\">\n<div class=\"wp-block-columns\">\n<div class=\"wp-block-column\">\n<section class=\"av_textblock_section line-box-html style=\" border-radius:0px;=\"\" \"=\"\" itemscope=\"itemscope\" itemtype=\"https:\/\/schema.org\/CreativeWork\"><div class=\"avia_textblock animation_start\" itemprop=\"text\"><\/div><\/section>\n<\/div>\n\n\n\n<div class=\"wp-block-column\">\n<div class=\"avia-image-container  av-styling-no-styling   avia-builder-el-6  el_after_av_textblock  avia-builder-el-last  column one avia-align-right \" itemscope=\"itemscope\" itemtype=\"https:\/\/schema.org\/ImageObject\"><div class=\"avia-image-container-inner\"><img decoding=\"async\" class=\"avia_image \" src=\"https:\/\/ap.com.al\/wp-content\/uploads\/2022\/06\/breeding.png\" alt=\"\" title=\"\" itemprop=\"thumbnailUrl\"><\/div><\/div>\n<\/div>\n<\/div>\n<\/div>\n<\/div>\n\n\n\n<div class=\"wp-block-columns has-background\" style=\"background-color:#fbf9f6\">\n<div class=\"wp-block-column text_pdd\" style=\"flex-basis:70%\">\n<div class=\"flex_column \" style=\"border-radius:0px; display: inline-flex; margin-bottom: 23px; \">\n<section><div itemprop=\"text\"><h4 style=\"font-size: 26px;\">PIG Austria<\/h4>\n<\/div><\/section><\/div>\n\n\n\n<div class=\"blue_marker_list \" itemprop=\"text\">\n<p style=\"margin: unset;\">Austria Praemix \u00ebsht\u00eb partneri juaj p\u00ebr racat kryesore t\u00eb derrave. Ofron produktet m\u00eb t\u00eb mira nga blegtoria. Nj\u00eb fokus i r\u00ebnd\u00ebsish\u00ebm \u00ebsht\u00eb zhvillimi i cil\u00ebsis\u00eb s\u00eb derrave dhe dosave n\u00eb parametrat e shtesave ditore, konvertimit t\u00eb ushqimit dhe p\u00ebrmbajtjes s\u00eb mishit pa dhjam\u00eb, si dhe n\u00eb aspektin sh\u00ebndet\u00ebsor.<\/p>\n<div style=\"padding-top: 15px;\">\n<h4>Produkte:<\/h4>\n<ul style=\"line-height: 20px;list-style-type: square; \n\tpadding-left: 1em;\">\n<li>Gjenetik\u00eb e cil\u00ebsis\u00eb s\u00eb lart\u00eb p\u00ebr derrat e vegj\u00ebl (6 \u2013 8 kg)<\/li>\n<li>Derrat (25-30 kg) derrat majm\u00ebris\u00eb<\/li>\n<li>Dosat e mbar\u00ebshtimit<\/li>\n<li>Derrat (pietrain, duroc, large white) etj<\/li>\n<\/ul>\n<\/div>\n<\/div>\n<\/div>\n\n\n\n<div class=\"wp-block-column img_pig\" style=\"flex-basis:40%\">\n<div class=\"wp-block-column smart_farming_block\" style=\"flex-basis:30%\">\n<figure class=\"img_size\"><img decoding=\"async\" src=\"https:\/\/ap.com.al\/wp-content\/uploads\/2022\/05\/Ferkel-f4754b7c-min.png\" class=\"wp-image-2807\" \"=\"\"><\/figure>\n<\/div>\n<\/div>\n<\/div>\n\n\n\n<div class=\"wp-block-columns has-background\" style=\"background-color:#fbf9f6\">\n<div class=\"wp-block-column text_pdd\" style=\"flex-basis:70%\">\n<div class=\"flex_column \" style=\"border-radius:0px; display: inline-flex; margin-bottom: 23px; \">\n<section><div itemprop=\"text\"><h4 style=\"font-size: 26px;\">Genetic Austria<\/h4>\n<\/div><\/section><\/div>\n\n\n\n<div class=\"blue_marker_list \" itemprop=\"text\">\n<p style=\"margin: unset;\">Ne u ofrojm\u00eb fermer\u00ebve baz\u00ebn p\u00ebr nj\u00eb t\u00eb ardhme t\u00eb q\u00ebndrueshme dhe t\u00eb sigurt: mbar\u00ebshtimin e gjedhit me gjenetik\u00eb t\u00eb lart\u00eb austriake dhe gjermane. <\/p>\n<div style=\"padding-top: 15px;\">\n<h4>Racat:<\/h4>\n<ul style=\"line-height: 20px;list-style-type: square; \n\tpadding-left: 1em;\">\n<li>Red-simmental, Brown swiss, Holstein, Grey cattle<\/li>\n<li>Pinzgauer, Racat e mishit (limousin, charolais, belgian blue, simmental)<\/li>\n<\/ul>\n<\/div>\n<\/div>\n<\/div>\n\n\n\n<div class=\"wp-block-column\" style=\"flex-basis:40%\">\n<div class=\"wp-block-column smart_farming_block\" style=\"flex-basis:30%\">\n<figure class=\"img_size\"><img decoding=\"async\" src=\"https:\/\/ap.com.al\/wp-content\/uploads\/2022\/06\/Genetic-Austria.png\" class=\"wp-image-2807\" \"=\"\"><\/figure>\n<\/div>\n<\/div>\n<\/div>\n\n\n\n<div class=\"wp-block-columns has-background\" style=\"background-color:#fbf9f6\">\n<div class=\"wp-block-column text_pdd\" style=\"flex-basis:70%\">\n<div class=\"flex_column \" style=\"border-radius:0px; display: inline-flex; margin-bottom: 23px; \">\n<section><div itemprop=\"text\"><h4 style=\"font-size: 26px;\">Schropper<\/h4>\n<\/div><\/section><\/div>\n\n\n\n<div class=\"blue_marker_list \" itemprop=\"text\" style=\"max-width: 90%;\">\r\n<p style=\"margin: unset;\">Ne jemi furnizuesi m\u00eb i madh i mbar\u00ebshtimit t\u00eb zogjve nj\u00eb-ditor\u00eb. <\/p>\r\n<br> Nj\u00eb eksperienc\u00eb shum\u00ebvje\u00e7are, specializimet e shumta dhe konceptet e rrepta n\u00eb higjien\u00eb na b\u00ebjn\u00eb t\u00eb jemi furnizuesi m\u00eb i mir\u00eb dhe m\u00eb i madh n\u00eb tregun shqiptar t\u00eb zogjve nj\u00eb-ditor\u00eb Lohmann. Ne kujdesemi q\u00eb gjithmon\u00eb t\u00eb ofrojm\u00eb nj\u00eb cil\u00ebsi maksimale. <\/p>\r\n\r\n<\/div>\n<\/div>\n\n\n\n<div class=\"wp-block-column\" style=\"flex-basis:40%\">\n<div class=\"wp-block-column smart_farming_block\" style=\"flex-basis:30%\">\n<figure class=\"img_size\"><img decoding=\"async\" src=\"https:\/\/ap.com.al\/wp-content\/uploads\/2022\/05\/Schropper.jpeg\" class=\"wp-image-2807\" \"=\"\"><\/figure>\n<\/div>\n<\/div>\n<\/div>\n","protected":false},"excerpt":{"rendered":"<p>Mbar\u00ebshtimi i kafsh\u00ebve Genetic Austria Ne u ofrojm\u00eb fermer\u00ebve baz\u00ebn p\u00ebr nj\u00eb t\u00eb ardhme t\u00eb q\u00ebndrueshme dhe t\u00eb sigurt: mbar\u00ebshtimin e gjedhit me gjenetik\u00eb t\u00eb lart\u00eb austriake dhe gjermane. Racat: Red-simmental, Brown swiss, Holstein, Grey cattle Pinzgauer, Racat e mishit (limousin, charolais, belgian blue, simmental)<\/p>\n","protected":false},"author":1,"featured_media":0,"parent":0,"menu_order":0,"comment_status":"closed","ping_status":"closed","template":"","meta":{"inline_featured_image":false,"footnotes":""},"class_list":["post-6591","page","type-page","status-publish","hentry"],"yoast_head":"<!-- This site is optimized with the Yoast SEO plugin v18.9 - https:\/\/yoast.com\/wordpress\/plugins\/seo\/ -->\n<title>Mbar\u00ebshtimi i kafsh\u00ebve - Austria Praemix<\/title>\n<meta name=\"robots\" content=\"index, follow, max-snippet:-1, max-image-preview:large, max-video-preview:-1\" \/>\n<link rel=\"canonical\" href=\"https:\/\/ap.com.al\/?page_id=6591\" \/>\n<meta property=\"og:locale\" content=\"en_US\" \/>\n<meta property=\"og:type\" content=\"article\" \/>\n<meta property=\"og:title\" content=\"Mbar\u00ebshtimi i kafsh\u00ebve - Austria Praemix\" \/>\n<meta property=\"og:description\" content=\"Mbar\u00ebshtimi i kafsh\u00ebve Genetic Austria Ne u ofrojm\u00eb fermer\u00ebve baz\u00ebn p\u00ebr nj\u00eb t\u00eb ardhme t\u00eb q\u00ebndrueshme dhe t\u00eb sigurt: mbar\u00ebshtimin e gjedhit me gjenetik\u00eb t\u00eb lart\u00eb austriake dhe gjermane. Racat: Red-simmental, Brown swiss, Holstein, Grey cattle Pinzgauer, Racat e mishit (limousin, charolais, belgian blue, simmental)\" \/>\n<meta property=\"og:url\" content=\"https:\/\/ap.com.al\/?page_id=6591\" \/>\n<meta property=\"og:site_name\" content=\"Austria Praemix\" \/>\n<meta property=\"article:publisher\" content=\"https:\/\/www.facebook.com\/austriapraemiks\/\" \/>\n<meta property=\"article:modified_time\" content=\"2022-11-22T13:39:39+00:00\" \/>\n<meta property=\"og:image\" content=\"https:\/\/ap.com.al\/wp-content\/uploads\/2022\/06\/breeding.png\" \/>\n<meta name=\"twitter:card\" content=\"summary_large_image\" \/>\n<meta name=\"twitter:label1\" content=\"Est. reading time\" \/>\n\t<meta name=\"twitter:data1\" content=\"2 minutes\" \/>\n<script type=\"application\/ld+json\" class=\"yoast-schema-graph\">{\"@context\":\"https:\/\/schema.org\",\"@graph\":[{\"@type\":\"Organization\",\"@id\":\"https:\/\/ap.com.al\/#organization\",\"name\":\"Austria Preamix\",\"url\":\"https:\/\/ap.com.al\/\",\"sameAs\":[\"https:\/\/www.instagram.com\/austriapraemix\/\",\"https:\/\/www.facebook.com\/austriapraemiks\/\"],\"logo\":{\"@type\":\"ImageObject\",\"inLanguage\":\"en-US\",\"@id\":\"https:\/\/ap.com.al\/#\/schema\/logo\/image\/\",\"url\":\"https:\/\/ap.com.al\/wp-content\/uploads\/2022\/02\/AP-logo.png\",\"contentUrl\":\"https:\/\/ap.com.al\/wp-content\/uploads\/2022\/02\/AP-logo.png\",\"width\":3358,\"height\":1616,\"caption\":\"Austria Preamix\"},\"image\":{\"@id\":\"https:\/\/ap.com.al\/#\/schema\/logo\/image\/\"}},{\"@type\":\"WebSite\",\"@id\":\"https:\/\/ap.com.al\/#website\",\"url\":\"https:\/\/ap.com.al\/\",\"name\":\"Austria Praemix\",\"description\":\"\",\"publisher\":{\"@id\":\"https:\/\/ap.com.al\/#organization\"},\"potentialAction\":[{\"@type\":\"SearchAction\",\"target\":{\"@type\":\"EntryPoint\",\"urlTemplate\":\"https:\/\/ap.com.al\/?s={search_term_string}\"},\"query-input\":\"required name=search_term_string\"}],\"inLanguage\":\"en-US\"},{\"@type\":\"ImageObject\",\"inLanguage\":\"en-US\",\"@id\":\"https:\/\/ap.com.al\/?page_id=6591#primaryimage\",\"url\":\"https:\/\/ap.com.al\/wp-content\/uploads\/2022\/06\/breeding.png\",\"contentUrl\":\"https:\/\/ap.com.al\/wp-content\/uploads\/2022\/06\/breeding.png\",\"width\":65,\"height\":61},{\"@type\":\"WebPage\",\"@id\":\"https:\/\/ap.com.al\/?page_id=6591#webpage\",\"url\":\"https:\/\/ap.com.al\/?page_id=6591\",\"name\":\"Mbar\u00ebshtimi i kafsh\u00ebve - Austria Praemix\",\"isPartOf\":{\"@id\":\"https:\/\/ap.com.al\/#website\"},\"primaryImageOfPage\":{\"@id\":\"https:\/\/ap.com.al\/?page_id=6591#primaryimage\"},\"datePublished\":\"2022-05-11T18:23:45+00:00\",\"dateModified\":\"2022-11-22T13:39:39+00:00\",\"breadcrumb\":{\"@id\":\"https:\/\/ap.com.al\/?page_id=6591#breadcrumb\"},\"inLanguage\":\"en-US\",\"potentialAction\":[{\"@type\":\"ReadAction\",\"target\":[\"https:\/\/ap.com.al\/?page_id=6591\"]}]},{\"@type\":\"BreadcrumbList\",\"@id\":\"https:\/\/ap.com.al\/?page_id=6591#breadcrumb\",\"itemListElement\":[{\"@type\":\"ListItem\",\"position\":1,\"name\":\"Home\",\"item\":\"https:\/\/ap.com.al\/\"},{\"@type\":\"ListItem\",\"position\":2,\"name\":\"Mbar\u00ebshtimi i kafsh\u00ebve\"}]}]}<\/script>\n<!-- \/ Yoast SEO plugin. -->","yoast_head_json":{"title":"Mbar\u00ebshtimi i kafsh\u00ebve - Austria Praemix","robots":{"index":"index","follow":"follow","max-snippet":"max-snippet:-1","max-image-preview":"max-image-preview:large","max-video-preview":"max-video-preview:-1"},"canonical":"https:\/\/ap.com.al\/?page_id=6591","og_locale":"en_US","og_type":"article","og_title":"Mbar\u00ebshtimi i kafsh\u00ebve - Austria Praemix","og_description":"Mbar\u00ebshtimi i kafsh\u00ebve Genetic Austria Ne u ofrojm\u00eb fermer\u00ebve baz\u00ebn p\u00ebr nj\u00eb t\u00eb ardhme t\u00eb q\u00ebndrueshme dhe t\u00eb sigurt: mbar\u00ebshtimin e gjedhit me gjenetik\u00eb t\u00eb lart\u00eb austriake dhe gjermane. Racat: Red-simmental, Brown swiss, Holstein, Grey cattle Pinzgauer, Racat e mishit (limousin, charolais, belgian blue, simmental)","og_url":"https:\/\/ap.com.al\/?page_id=6591","og_site_name":"Austria Praemix","article_publisher":"https:\/\/www.facebook.com\/austriapraemiks\/","article_modified_time":"2022-11-22T13:39:39+00:00","og_image":[{"url":"https:\/\/ap.com.al\/wp-content\/uploads\/2022\/06\/breeding.png"}],"twitter_card":"summary_large_image","twitter_misc":{"Est. reading time":"2 minutes"},"schema":{"@context":"https:\/\/schema.org","@graph":[{"@type":"Organization","@id":"https:\/\/ap.com.al\/#organization","name":"Austria Preamix","url":"https:\/\/ap.com.al\/","sameAs":["https:\/\/www.instagram.com\/austriapraemix\/","https:\/\/www.facebook.com\/austriapraemiks\/"],"logo":{"@type":"ImageObject","inLanguage":"en-US","@id":"https:\/\/ap.com.al\/#\/schema\/logo\/image\/","url":"https:\/\/ap.com.al\/wp-content\/uploads\/2022\/02\/AP-logo.png","contentUrl":"https:\/\/ap.com.al\/wp-content\/uploads\/2022\/02\/AP-logo.png","width":3358,"height":1616,"caption":"Austria Preamix"},"image":{"@id":"https:\/\/ap.com.al\/#\/schema\/logo\/image\/"}},{"@type":"WebSite","@id":"https:\/\/ap.com.al\/#website","url":"https:\/\/ap.com.al\/","name":"Austria Praemix","description":"","publisher":{"@id":"https:\/\/ap.com.al\/#organization"},"potentialAction":[{"@type":"SearchAction","target":{"@type":"EntryPoint","urlTemplate":"https:\/\/ap.com.al\/?s={search_term_string}"},"query-input":"required name=search_term_string"}],"inLanguage":"en-US"},{"@type":"ImageObject","inLanguage":"en-US","@id":"https:\/\/ap.com.al\/?page_id=6591#primaryimage","url":"https:\/\/ap.com.al\/wp-content\/uploads\/2022\/06\/breeding.png","contentUrl":"https:\/\/ap.com.al\/wp-content\/uploads\/2022\/06\/breeding.png","width":65,"height":61},{"@type":"WebPage","@id":"https:\/\/ap.com.al\/?page_id=6591#webpage","url":"https:\/\/ap.com.al\/?page_id=6591","name":"Mbar\u00ebshtimi i kafsh\u00ebve - Austria Praemix","isPartOf":{"@id":"https:\/\/ap.com.al\/#website"},"primaryImageOfPage":{"@id":"https:\/\/ap.com.al\/?page_id=6591#primaryimage"},"datePublished":"2022-05-11T18:23:45+00:00","dateModified":"2022-11-22T13:39:39+00:00","breadcrumb":{"@id":"https:\/\/ap.com.al\/?page_id=6591#breadcrumb"},"inLanguage":"en-US","potentialAction":[{"@type":"ReadAction","target":["https:\/\/ap.com.al\/?page_id=6591"]}]},{"@type":"BreadcrumbList","@id":"https:\/\/ap.com.al\/?page_id=6591#breadcrumb","itemListElement":[{"@type":"ListItem","position":1,"name":"Home","item":"https:\/\/ap.com.al\/"},{"@type":"ListItem","position":2,"name":"Mbar\u00ebshtimi i kafsh\u00ebve"}]}]}},"_links":{"self":[{"href":"https:\/\/ap.com.al\/index.php?rest_route=\/wp\/v2\/pages\/6591","targetHints":{"allow":["GET"]}}],"collection":[{"href":"https:\/\/ap.com.al\/index.php?rest_route=\/wp\/v2\/pages"}],"about":[{"href":"https:\/\/ap.com.al\/index.php?rest_route=\/wp\/v2\/types\/page"}],"author":[{"embeddable":true,"href":"https:\/\/ap.com.al\/index.php?rest_route=\/wp\/v2\/users\/1"}],"replies":[{"embeddable":true,"href":"https:\/\/ap.com.al\/index.php?rest_route=%2Fwp%2Fv2%2Fcomments&post=6591"}],"version-history":[{"count":19,"href":"https:\/\/ap.com.al\/index.php?rest_route=\/wp\/v2\/pages\/6591\/revisions"}],"predecessor-version":[{"id":8442,"href":"https:\/\/ap.com.al\/index.php?rest_route=\/wp\/v2\/pages\/6591\/revisions\/8442"}],"wp:attachment":[{"href":"https:\/\/ap.com.al\/index.php?rest_route=%2Fwp%2Fv2%2Fmedia&parent=6591"}],"curies":[{"name":"wp","href":"https:\/\/api.w.org\/{rel}","templated":true}]}}