{"id":6639,"date":"2022-05-12T07:52:16","date_gmt":"2022-05-12T07:52:16","guid":{"rendered":"https:\/\/ap.com.al\/?page_id=6639"},"modified":"2022-12-15T09:38:20","modified_gmt":"2022-12-15T09:38:20","slug":"ndertim-kompleksesh-blegtorale","status":"publish","type":"page","link":"https:\/\/ap.com.al\/?page_id=6639","title":{"rendered":"Nd\u00ebrtim kompleksesh blegtorale"},"content":{"rendered":"\n<style>\n  #oniiii{\n    background-image:url(\"https:\/\/ap.com.al\/wp-content\/uploads\/2022\/04\/projects-scaled.jpg\");\n    padding-bottom:32%;\n    background-position:center top;\n    background-repeat: no-repeat;\n    background-size:cover;\n  }\n  <\/style>\n  <script src=\"https:\/\/code.jquery.com\/jquery-3.5.0.js\">\n<\/script>\n\n<div id=\"oniiii\"><\/div>\n \n<script>\n$( \"#oniiii\" ).insertBefore( \".container_wrap_first\" );\n<\/script>\n\n\n\n<div class=\"wp-block-columns\" id=\"containerr\">\n<div class=\"wp-block-column\" style=\"flex-basis:25%\">\n<div class=\"avia_textblock\" itemprop=\"text\"><h2 style=\"color:#005a8c;\n\">Komplekse Blegtorale<\/h2>\n<\/div>\n<\/div>\n\n\n\n<div class=\"wp-block-column\" style=\"flex-basis:80%\">\n<div class=\"wp-block-columns\">\n<div class=\"wp-block-column\">\n<section class=\"av_textblock_section line-box-html style=\" border-radius:0px;=\"\" \"=\"\" itemscope=\"itemscope\" itemtype=\"https:\/\/schema.org\/CreativeWork\"><div class=\"avia_textblock animation_start\" itemprop=\"text\"><\/div><\/section>\n<\/div>\n\n\n\n<div class=\"wp-block-column\">\n<div class=\"avia-image-container  av-styling-no-styling   avia-builder-el-6  el_after_av_textblock  avia-builder-el-last  column one avia-align-right \" itemscope=\"itemscope\" itemtype=\"https:\/\/schema.org\/ImageObject\"><div class=\"avia-image-container-inner\"><img decoding=\"async\" class=\"avia_image \" src=\"https:\/\/ap.com.al\/wp-content\/uploads\/2022\/03\/Animal-Nutrition-min.png\" alt=\"\" title=\"\" itemprop=\"thumbnailUrl\"><\/div><\/div>\n<\/div>\n<\/div>\n<\/div>\n<\/div>\n\n\n\n<div class=\"wp-block-columns has-background\" style=\"background-color:#fbf9f6\">\n<div class=\"wp-block-column text_pdd\" style=\"flex-basis:70%\">\n<div class=\"flex_column \" style=\"border-radius:0px; display: inline-flex; margin-bottom: 23px; \">\n<section><div itemprop=\"text\"><h4 style=\"font-size: 26px;\">Schauer Agrotronic <\/h4>\n<\/div><\/section><\/div>\n\n\n\n<div class=\"blue_marker_list \" itemprop=\"text\">\n<p style=\"margin: unset;\">Motoja jon\u00eb tradicionale \u00ebsht\u00eb: \u201cGjithmon\u00eb nj\u00eb ide p\u00ebrpara\u201d. Pavar\u00ebsisht se ku ndodheni, ne jemi atje p\u00ebr t\u2019ju ofruar koncepte efikase planifikimi dhe aplikimi t\u00eb suksessh\u00ebm p\u00ebr projektet tuaja p\u00ebr derrat, gjedhin dhe kuajt. Me ne ju merrni ide gjith\u00ebp\u00ebrfshir\u00ebse p\u00ebr ferm\u00ebn tuaj, p\u00ebr t&#8217;u b\u00ebr\u00eb nj\u00eb nga bizneset m\u00eb t\u00eb mira t\u00eb prodhimit t\u00eb kafsh\u00ebve. Ne synojm\u00eb p\u00ebr nj\u00eb koncept bazuar n\u00eb objektivin tuaj t\u00eb prodhimit, duke p\u00ebrfshir\u00eb t\u00eb gjitha burimet tuaja t\u00eb nevojshme dhe p\u00ebrshkrimin e procesit zooteknik.<\/p>\n<div style=\"padding-top: 15px;\">\n<h4>Zgjidhje: sisteme t\u00eb p\u00ebrsosura blegtorale.<\/h4>\n<ul style=\"line-height: 20px;list-style-type: square; \n\tpadding-left: 1em;\">\n<li>Derra: sistemet e t\u00eb ushqyerit, teknologjia e heqjes s\u00eb plehut organik dhe llumit, sistemet e stallave t\u00eb derrave, NatureLine dhe mir\u00ebqenia e kafsh\u00ebve, kontrolli i klim\u00ebs n\u00eb stallat e derrave, p\u00ebrhapja dhe shp\u00ebrndarja automatike e kasht\u00ebs, softueri i ushqyerjes.<\/li>\n<li>Gjedh\u00eb: sistemet e komplekseve blegtorale, t\u00eb ushqyerit e gjedh\u00ebve, teknologjia e heqjes s\u00eb plehut organik dhe llumit, klima n\u00eb stall\u00eb, sistemi i shtret\u00ebrve.<\/li>\n<li>Pajisjet e komplekseve blegtorale t\u00eb deleve dhe dhive, pajisjet e komplekseve blegtorale t\u00eb kuajve, Spotmix p\u00ebr mbar\u00ebshtimin e peshqve.<\/li>\n\n<\/ul>\n<\/div>\n<\/div>\n<\/div>\n\n\n\n<div class=\"wp-block-column\" style=\"flex-basis:40%\" id=\"center_image\">\n<div class=\"wp-block-column smart_farming_block\" style=\"flex-basis:30%\">\n<figure class=\"img_size\"><img decoding=\"async\" src=\"https:\/\/ap.com.al\/wp-content\/uploads\/2022\/05\/Schauer.png\" class=\"wp-image-2807\" \"=\"\"><\/figure>\n<\/div>\n<\/div>\n<\/div>\n\n\n\n<div class=\"wp-block-columns has-background\" style=\"background-color:#fbf9f6\">\n<div class=\"wp-block-column text_pdd\" style=\"flex-basis:70%\">\n<div class=\"flex_column \" style=\"border-radius:0px; display: inline-flex; margin-bottom: 23px; \">\n<section><div itemprop=\"text\"><h4 style=\"font-size: 26px;\">Big Dutchman<\/h4>\n<\/div><\/section><\/div>\n\n\n\n<div class=\"blue_marker_list \" itemprop=\"text\">\n<p style=\"margin: unset;\">Ne planifikojm\u00eb dhe realizojm\u00eb sisteme ushqimi dhe pajisje p\u00ebr komplekset blegtorale moderne n\u00eb sektorin e derrave dhe shpend\u00ebve. Ne ju ofrojm\u00eb zgjidhje praktike, ekonomike dhe miq\u00ebsore me mjedisin, t\u00eb gjitha t\u00eb p\u00ebrshtatura p\u00ebr k\u00ebrkesat e s\u00eb ardhmes. Ne jemi nj\u00eb nga lider\u00ebt m\u00eb t\u00eb m\u00ebdhenj t\u00eb tregut n\u00eb t\u00eb gjith\u00eb industrin\u00eb n\u00eb Shqip\u00ebri. Inovacionet tona kan\u00eb patur ndikim t\u00eb konsideruesh\u00ebm n\u00eb menaxhimin e blegtoris\u00eb dhe ne do t\u00eb vazhdojm\u00eb ta b\u00ebjm\u00eb k\u00ebt\u00eb.<\/p>\n<div style=\"padding-top: 15px;\">\n<h4>Produkte:<\/h4>\n<p style=\"margin: unset;\">Pajisje n\u00eb sektorin e brojlerave dhe derrave, gjelave t\u00eb detit, rosave, sisteme menaxhimi p\u00ebr mbar\u00ebshtuesit e brojlerave, shpend\u00ebve, sisteme kontrolli t\u00eb klim\u00ebs, ndri\u00e7im p\u00ebr komplekset blegtorale p\u00ebr \u00e7do kategori, furnizimi me energji elektrike, impiante t\u00eb ruajtjes s\u00eb ushqimit\/konvejer\u00eb, BFN fusion (platform\u00eb softuerike e cila bashkon t\u00eb gjitha t\u00eb dh\u00ebnat e gjeneruara nga ferma).<\/p>\n\n<\/div>\n<\/div>\n<\/div>\n\n\n\n<div class=\"wp-block-column img_pig\" style=\"flex-basis:40%\">\n<div class=\"wp-block-column smart_farming_block\" style=\"flex-basis:30%\">\n<figure class=\"img_size\"><img decoding=\"async\" src=\"https:\/\/ap.com.al\/wp-content\/uploads\/2022\/05\/Big-Dutchman.jpg\" class=\"wp-image-2807\" \"=\"\"><\/figure>\n<\/div>\n<\/div>\n<\/div>\n\n\n\n<div class=\"wp-block-columns has-background\" style=\"background-color:#fbf9f6\">\n<div class=\"wp-block-column text_pdd\" style=\"flex-basis:70%\">\n<div class=\"flex_column \" style=\"border-radius:0px; display: inline-flex; margin-bottom: 23px; \">\n<section><div itemprop=\"text\"><h4 style=\"font-size: 26px;\">DeLaval <\/h4>\n<\/div><\/section><\/div>\n\n\n\n<div class=\"blue_marker_list \" itemprop=\"text\">\n<p style=\"margin: unset;\">Ne jemi furnizuesi m\u00eb i madh i zgjidhjeve n\u00eb sektorin e prodhimit t\u00eb qum\u00ebshtit. N\u00eb thelb t\u00eb asaj q\u00eb ne ofrojm\u00eb \u00ebsht\u00eb rezultati i fokusuar n\u00eb gjetjen e m\u00ebnyrave p\u00ebr t\u00eb ndihmuar fermer\u00ebt e qum\u00ebshtit q\u00eb t\u00eb ofrojn\u00eb m\u00eb shum\u00eb qum\u00ebsht me cil\u00ebsi m\u00eb t\u00eb mir\u00eb nga lop\u00eb m\u00eb t\u00eb sh\u00ebndetshme, pa asnj\u00eb v\u00ebshtir\u00ebsi p\u00ebr nj\u00eb jetes\u00eb t\u00eb sh\u00ebndetshme. Sisteme dhe pajisje t\u00eb mjeljes, sisteme t\u00eb t\u00eb ushqyerit dhe komoditet.<\/p>\n<div style=\"padding-top: 15px;\">\n<h4>Products:<\/h4>\n<ul style=\"line-height: 20px;list-style-type: square; \n\tpadding-left: 1em;\">\n<li>Produkte esenciale t\u00eb mjeljes: pajisjet e dhom\u00ebs s\u00eb mjeljes, filtra qum\u00ebshti, tuba etj.<\/li>\n<li>Komoditeti i lop\u00ebs: kap\u00ebse, matrikuj, fur\u00e7a p\u00ebr lop\u00ebt, shtret\u00ebr, kova ushqimi, bibirona dhe ngroh\u00ebs qum\u00ebshti, pir\u00ebse uji etj.<\/li>\n\n<\/ul>\n<\/div>\n<\/div>\n<\/div>\n\n\n\n<div class=\"wp-block-column img_pig\" style=\"flex-basis:40%\">\n<div class=\"wp-block-column smart_farming_block\" style=\"flex-basis:30%\">\n<figure class=\"img_size\"><img decoding=\"async\" src=\"https:\/\/ap.com.al\/wp-content\/uploads\/2022\/05\/DeLaval.jpg\" class=\"wp-image-2807\" \"=\"\"><\/figure>\n<\/div>\n<\/div>\n<\/div>\n","protected":false},"excerpt":{"rendered":"<p>Komplekse Blegtorale Big Dutchman Ne planifikojm\u00eb dhe realizojm\u00eb sisteme ushqimi dhe pajisje p\u00ebr komplekset blegtorale moderne n\u00eb sektorin e derrave dhe shpend\u00ebve. Ne ju ofrojm\u00eb zgjidhje praktike, ekonomike dhe miq\u00ebsore me mjedisin, t\u00eb gjitha t\u00eb p\u00ebrshtatura p\u00ebr k\u00ebrkesat e s\u00eb ardhmes. Ne jemi nj\u00eb nga lider\u00ebt m\u00eb t\u00eb m\u00ebdhenj t\u00eb tregut n\u00eb t\u00eb gjith\u00eb industrin\u00eb [&hellip;]<\/p>\n","protected":false},"author":1,"featured_media":0,"parent":0,"menu_order":0,"comment_status":"closed","ping_status":"closed","template":"","meta":{"inline_featured_image":false,"footnotes":""},"class_list":["post-6639","page","type-page","status-publish","hentry"],"yoast_head":"<!-- This site is optimized with the Yoast SEO plugin v18.9 - https:\/\/yoast.com\/wordpress\/plugins\/seo\/ -->\n<title>Nd\u00ebrtim kompleksesh blegtorale - Austria Praemix<\/title>\n<meta name=\"robots\" content=\"index, follow, max-snippet:-1, max-image-preview:large, max-video-preview:-1\" \/>\n<link rel=\"canonical\" href=\"https:\/\/ap.com.al\/?page_id=6639\" \/>\n<meta property=\"og:locale\" content=\"en_US\" \/>\n<meta property=\"og:type\" content=\"article\" \/>\n<meta property=\"og:title\" content=\"Nd\u00ebrtim kompleksesh blegtorale - Austria Praemix\" \/>\n<meta property=\"og:description\" content=\"Komplekse Blegtorale Big Dutchman Ne planifikojm\u00eb dhe realizojm\u00eb sisteme ushqimi dhe pajisje p\u00ebr komplekset blegtorale moderne n\u00eb sektorin e derrave dhe shpend\u00ebve. Ne ju ofrojm\u00eb zgjidhje praktike, ekonomike dhe miq\u00ebsore me mjedisin, t\u00eb gjitha t\u00eb p\u00ebrshtatura p\u00ebr k\u00ebrkesat e s\u00eb ardhmes. Ne jemi nj\u00eb nga lider\u00ebt m\u00eb t\u00eb m\u00ebdhenj t\u00eb tregut n\u00eb t\u00eb gjith\u00eb industrin\u00eb [&hellip;]\" \/>\n<meta property=\"og:url\" content=\"https:\/\/ap.com.al\/?page_id=6639\" \/>\n<meta property=\"og:site_name\" content=\"Austria Praemix\" \/>\n<meta property=\"article:publisher\" content=\"https:\/\/www.facebook.com\/austriapraemiks\/\" \/>\n<meta property=\"article:modified_time\" content=\"2022-12-15T09:38:20+00:00\" \/>\n<meta property=\"og:image\" content=\"https:\/\/ap.com.al\/wp-content\/uploads\/2022\/03\/Animal-Nutrition-min.png\" \/>\n<meta name=\"twitter:card\" content=\"summary_large_image\" \/>\n<meta name=\"twitter:label1\" content=\"Est. reading time\" \/>\n\t<meta name=\"twitter:data1\" content=\"3 minutes\" \/>\n<script type=\"application\/ld+json\" class=\"yoast-schema-graph\">{\"@context\":\"https:\/\/schema.org\",\"@graph\":[{\"@type\":\"Organization\",\"@id\":\"https:\/\/ap.com.al\/#organization\",\"name\":\"Austria Preamix\",\"url\":\"https:\/\/ap.com.al\/\",\"sameAs\":[\"https:\/\/www.instagram.com\/austriapraemix\/\",\"https:\/\/www.facebook.com\/austriapraemiks\/\"],\"logo\":{\"@type\":\"ImageObject\",\"inLanguage\":\"en-US\",\"@id\":\"https:\/\/ap.com.al\/#\/schema\/logo\/image\/\",\"url\":\"https:\/\/ap.com.al\/wp-content\/uploads\/2022\/02\/AP-logo.png\",\"contentUrl\":\"https:\/\/ap.com.al\/wp-content\/uploads\/2022\/02\/AP-logo.png\",\"width\":3358,\"height\":1616,\"caption\":\"Austria Preamix\"},\"image\":{\"@id\":\"https:\/\/ap.com.al\/#\/schema\/logo\/image\/\"}},{\"@type\":\"WebSite\",\"@id\":\"https:\/\/ap.com.al\/#website\",\"url\":\"https:\/\/ap.com.al\/\",\"name\":\"Austria Praemix\",\"description\":\"\",\"publisher\":{\"@id\":\"https:\/\/ap.com.al\/#organization\"},\"potentialAction\":[{\"@type\":\"SearchAction\",\"target\":{\"@type\":\"EntryPoint\",\"urlTemplate\":\"https:\/\/ap.com.al\/?s={search_term_string}\"},\"query-input\":\"required name=search_term_string\"}],\"inLanguage\":\"en-US\"},{\"@type\":\"ImageObject\",\"inLanguage\":\"en-US\",\"@id\":\"https:\/\/ap.com.al\/?page_id=6639#primaryimage\",\"url\":\"https:\/\/ap.com.al\/wp-content\/uploads\/2022\/03\/Animal-Nutrition-min.png\",\"contentUrl\":\"https:\/\/ap.com.al\/wp-content\/uploads\/2022\/03\/Animal-Nutrition-min.png\",\"width\":65,\"height\":60},{\"@type\":\"WebPage\",\"@id\":\"https:\/\/ap.com.al\/?page_id=6639#webpage\",\"url\":\"https:\/\/ap.com.al\/?page_id=6639\",\"name\":\"Nd\u00ebrtim kompleksesh blegtorale - Austria Praemix\",\"isPartOf\":{\"@id\":\"https:\/\/ap.com.al\/#website\"},\"primaryImageOfPage\":{\"@id\":\"https:\/\/ap.com.al\/?page_id=6639#primaryimage\"},\"datePublished\":\"2022-05-12T07:52:16+00:00\",\"dateModified\":\"2022-12-15T09:38:20+00:00\",\"breadcrumb\":{\"@id\":\"https:\/\/ap.com.al\/?page_id=6639#breadcrumb\"},\"inLanguage\":\"en-US\",\"potentialAction\":[{\"@type\":\"ReadAction\",\"target\":[\"https:\/\/ap.com.al\/?page_id=6639\"]}]},{\"@type\":\"BreadcrumbList\",\"@id\":\"https:\/\/ap.com.al\/?page_id=6639#breadcrumb\",\"itemListElement\":[{\"@type\":\"ListItem\",\"position\":1,\"name\":\"Home\",\"item\":\"https:\/\/ap.com.al\/\"},{\"@type\":\"ListItem\",\"position\":2,\"name\":\"Nd\u00ebrtim kompleksesh blegtorale\"}]}]}<\/script>\n<!-- \/ Yoast SEO plugin. -->","yoast_head_json":{"title":"Nd\u00ebrtim kompleksesh blegtorale - Austria Praemix","robots":{"index":"index","follow":"follow","max-snippet":"max-snippet:-1","max-image-preview":"max-image-preview:large","max-video-preview":"max-video-preview:-1"},"canonical":"https:\/\/ap.com.al\/?page_id=6639","og_locale":"en_US","og_type":"article","og_title":"Nd\u00ebrtim kompleksesh blegtorale - Austria Praemix","og_description":"Komplekse Blegtorale Big Dutchman Ne planifikojm\u00eb dhe realizojm\u00eb sisteme ushqimi dhe pajisje p\u00ebr komplekset blegtorale moderne n\u00eb sektorin e derrave dhe shpend\u00ebve. Ne ju ofrojm\u00eb zgjidhje praktike, ekonomike dhe miq\u00ebsore me mjedisin, t\u00eb gjitha t\u00eb p\u00ebrshtatura p\u00ebr k\u00ebrkesat e s\u00eb ardhmes. Ne jemi nj\u00eb nga lider\u00ebt m\u00eb t\u00eb m\u00ebdhenj t\u00eb tregut n\u00eb t\u00eb gjith\u00eb industrin\u00eb [&hellip;]","og_url":"https:\/\/ap.com.al\/?page_id=6639","og_site_name":"Austria Praemix","article_publisher":"https:\/\/www.facebook.com\/austriapraemiks\/","article_modified_time":"2022-12-15T09:38:20+00:00","og_image":[{"url":"https:\/\/ap.com.al\/wp-content\/uploads\/2022\/03\/Animal-Nutrition-min.png"}],"twitter_card":"summary_large_image","twitter_misc":{"Est. reading time":"3 minutes"},"schema":{"@context":"https:\/\/schema.org","@graph":[{"@type":"Organization","@id":"https:\/\/ap.com.al\/#organization","name":"Austria Preamix","url":"https:\/\/ap.com.al\/","sameAs":["https:\/\/www.instagram.com\/austriapraemix\/","https:\/\/www.facebook.com\/austriapraemiks\/"],"logo":{"@type":"ImageObject","inLanguage":"en-US","@id":"https:\/\/ap.com.al\/#\/schema\/logo\/image\/","url":"https:\/\/ap.com.al\/wp-content\/uploads\/2022\/02\/AP-logo.png","contentUrl":"https:\/\/ap.com.al\/wp-content\/uploads\/2022\/02\/AP-logo.png","width":3358,"height":1616,"caption":"Austria Preamix"},"image":{"@id":"https:\/\/ap.com.al\/#\/schema\/logo\/image\/"}},{"@type":"WebSite","@id":"https:\/\/ap.com.al\/#website","url":"https:\/\/ap.com.al\/","name":"Austria Praemix","description":"","publisher":{"@id":"https:\/\/ap.com.al\/#organization"},"potentialAction":[{"@type":"SearchAction","target":{"@type":"EntryPoint","urlTemplate":"https:\/\/ap.com.al\/?s={search_term_string}"},"query-input":"required name=search_term_string"}],"inLanguage":"en-US"},{"@type":"ImageObject","inLanguage":"en-US","@id":"https:\/\/ap.com.al\/?page_id=6639#primaryimage","url":"https:\/\/ap.com.al\/wp-content\/uploads\/2022\/03\/Animal-Nutrition-min.png","contentUrl":"https:\/\/ap.com.al\/wp-content\/uploads\/2022\/03\/Animal-Nutrition-min.png","width":65,"height":60},{"@type":"WebPage","@id":"https:\/\/ap.com.al\/?page_id=6639#webpage","url":"https:\/\/ap.com.al\/?page_id=6639","name":"Nd\u00ebrtim kompleksesh blegtorale - Austria Praemix","isPartOf":{"@id":"https:\/\/ap.com.al\/#website"},"primaryImageOfPage":{"@id":"https:\/\/ap.com.al\/?page_id=6639#primaryimage"},"datePublished":"2022-05-12T07:52:16+00:00","dateModified":"2022-12-15T09:38:20+00:00","breadcrumb":{"@id":"https:\/\/ap.com.al\/?page_id=6639#breadcrumb"},"inLanguage":"en-US","potentialAction":[{"@type":"ReadAction","target":["https:\/\/ap.com.al\/?page_id=6639"]}]},{"@type":"BreadcrumbList","@id":"https:\/\/ap.com.al\/?page_id=6639#breadcrumb","itemListElement":[{"@type":"ListItem","position":1,"name":"Home","item":"https:\/\/ap.com.al\/"},{"@type":"ListItem","position":2,"name":"Nd\u00ebrtim kompleksesh blegtorale"}]}]}},"_links":{"self":[{"href":"https:\/\/ap.com.al\/index.php?rest_route=\/wp\/v2\/pages\/6639","targetHints":{"allow":["GET"]}}],"collection":[{"href":"https:\/\/ap.com.al\/index.php?rest_route=\/wp\/v2\/pages"}],"about":[{"href":"https:\/\/ap.com.al\/index.php?rest_route=\/wp\/v2\/types\/page"}],"author":[{"embeddable":true,"href":"https:\/\/ap.com.al\/index.php?rest_route=\/wp\/v2\/users\/1"}],"replies":[{"embeddable":true,"href":"https:\/\/ap.com.al\/index.php?rest_route=%2Fwp%2Fv2%2Fcomments&post=6639"}],"version-history":[{"count":19,"href":"https:\/\/ap.com.al\/index.php?rest_route=\/wp\/v2\/pages\/6639\/revisions"}],"predecessor-version":[{"id":8495,"href":"https:\/\/ap.com.al\/index.php?rest_route=\/wp\/v2\/pages\/6639\/revisions\/8495"}],"wp:attachment":[{"href":"https:\/\/ap.com.al\/index.php?rest_route=%2Fwp%2Fv2%2Fmedia&parent=6639"}],"curies":[{"name":"wp","href":"https:\/\/api.w.org\/{rel}","templated":true}]}}