{"id":6711,"date":"2022-05-12T09:30:23","date_gmt":"2022-05-12T09:30:23","guid":{"rendered":"https:\/\/ap.com.al\/?page_id=6711"},"modified":"2022-12-15T09:44:13","modified_gmt":"2022-12-15T09:44:13","slug":"pajisje-per-komplekse-blegtorale","status":"publish","type":"page","link":"https:\/\/ap.com.al\/?page_id=6711","title":{"rendered":"Pajisje p\u00ebr komplekse blegtorale"},"content":{"rendered":"\n<style>\n  #oniiii{\n    background-image:url(\"https:\/\/ap.com.al\/wp-content\/uploads\/2022\/04\/Schwein_am_Sensortrog_NEU__2_.jpg\");\n    padding-bottom:32%;\n    background-position:center center;\n    background-repeat: no-repeat;\n    background-size:cover;\n  }\n  <\/style>\n  <script src=\"https:\/\/code.jquery.com\/jquery-3.5.0.js\">\n<\/script>\n\n<div id=\"oniiii\"><\/div>\n \n<script>\n$( \"#oniiii\" ).insertBefore( \".container_wrap_first\" );\n<\/script>\n\n\n\n<div class=\"wp-block-columns\" id=\"containerr\">\n<div class=\"wp-block-column\" style=\"flex-basis:29%\">\n<div class=\"avia_textblock\" itemprop=\"text\"><h2 style=\"color:#005a8c;\n\">Pajisje p\u00ebr komplekse blegtorale<\/h2>\n<\/div>\n<\/div>\n\n\n\n<div class=\"wp-block-column\" style=\"flex-basis:80%\">\n<div class=\"wp-block-columns\">\n<div class=\"wp-block-column\">\n<section class=\"av_textblock_section line-box-html style=\" border-radius:0px;=\"\" \"=\"\" itemscope=\"itemscope\" itemtype=\"https:\/\/schema.org\/CreativeWork\"><div class=\"avia_textblock animation_start\" itemprop=\"text\"><\/div><\/section>\n<\/div>\n\n\n\n<div class=\"wp-block-column\">\n<div class=\"avia-image-container  av-styling-no-styling   avia-builder-el-6  el_after_av_textblock  avia-builder-el-last  column one avia-align-right \" itemscope=\"itemscope\" itemtype=\"https:\/\/schema.org\/ImageObject\"><div class=\"avia-image-container-inner\"><img decoding=\"async\" class=\"avia_image \" src=\"https:\/\/ap.com.al\/wp-content\/uploads\/2022\/06\/breeding.png\" alt=\"\" title=\"\" itemprop=\"thumbnailUrl\"><\/div><\/div>\n<\/div>\n<\/div>\n<\/div>\n<\/div>\n\n\n\n<div class=\"wp-block-columns has-background\" style=\"background-color:#fbf9f6\">\n<div class=\"wp-block-column text_pdd\" style=\"flex-basis:70%\">\n<div class=\"flex_column \" style=\"border-radius:0px; display: inline-flex; margin-bottom: 23px; \">\n<section><div itemprop=\"text\"><h4 style=\"font-size: 26px;\">Kerbl <\/h4>\n<\/div><\/section><\/div>\n\n\n\n<div class=\"blue_marker_list \" itemprop=\"text\">\n<p style=\"margin: unset;\">Ne kemi ndikim n\u00eb blegtori me njohurit\u00eb tona t\u00eb specializuara p\u00ebr k\u00ebrkesat e fermer\u00ebve, mbar\u00ebshtuesve dhe adhuruesve t\u00eb kafsh\u00ebve. Me ekspertiz\u00ebn ton\u00eb t\u00eb kafsh\u00ebve, ne u ofrojm\u00eb fermer\u00ebve nj\u00eb gam\u00eb produktesh cil\u00ebsore, duke siguruar q\u00eb t\u00eb plot\u00ebsohen t\u00eb gjitha nevojat e tyre, p\u00ebr mbar\u00ebshtim t\u00eb suksessh\u00ebm n\u00eb ferm\u00eb.<\/p>\n<div style=\"padding-top: 15px;\">\n<h4>Produkte:<\/h4>\n<ul style=\"line-height: 20px;list-style-type: square; \n\tpadding-left: 1em;\">\n<li>Pajisje p\u00ebr komplekse blegtorale dhe bujq\u00ebsore, Stalla, Kuaj, Kafsh\u00eb sht\u00ebpiake<\/li>\n<li>Pajisje mbrojt\u00ebse, Dara prer\u00ebse, Gardhe.<\/li>\n<\/ul>\n<\/div>\n<h4>Klikoni m\u00eb posht\u00eb p\u00ebr t\u00eb par\u00eb katalogun e produkteve.<\/h4>\n<\/div>\n\n\n\n<div class=\"avia-button-wrap avia-button-left  avia-builder-el-7  el_after_av_textblock  avia-builder-el-last \"><a href=\"https:\/\/katalog.kerbl.com\/de\/agrarbedarf-2022\/116\/\" target=\"_blank\" class=\"avia-button   avia-icon_select-no avia-color-theme-color avia-size-large avia-position-left \" rel=\"noopener\"><span class=\"avia_iconbox_title\">Lexo m\u00eb shum\u00eb<\/span><\/a><\/div>\n<\/div>\n\n\n\n<div class=\"wp-block-column\" style=\"flex-basis:40%\" id=\"center_image\">\n<div class=\"wp-block-column smart_farming_block\" style=\"flex-basis:30%\">\n<figure class=\"img_size\"><img decoding=\"async\" src=\"https:\/\/ap.com.al\/wp-content\/uploads\/2022\/05\/kerbl.png\" class=\"wp-image-2807\" \"=\"\"><\/figure>\n<\/div>\n<\/div>\n<\/div>\n\n\n\n<div class=\"wp-block-columns has-background\" style=\"background-color:#fbf9f6\">\n<div class=\"wp-block-column text_pdd\" style=\"flex-basis:70%\">\n<div class=\"flex_column \" style=\"border-radius:0px; display: inline-flex; margin-bottom: 23px; \">\n<section><div itemprop=\"text\"><h4 style=\"font-size: 26px;\">Bauer<\/h4>\n<\/div><\/section><\/div>\n\n\n\n<div class=\"blue_marker_list \" itemprop=\"text\">\n<p style=\"margin: unset;\">Ne ofrojm\u00eb produkte q\u00eb p\u00ebrmbushin standardet evropiane, duke siguruar k\u00ebshtu cil\u00ebsin\u00eb m\u00eb t\u00eb lart\u00eb deri n\u00eb detajet m\u00eb t\u00eb vogla. Synimi yn\u00eb \u00ebsht\u00eb lidershipi n\u00eb cil\u00ebsi n\u00eb fushat e teknologjis\u00eb s\u00eb ujitjes, separatimit dhe heqjes se llumit. P\u00ebr k\u00ebt\u00eb arsye ne punojm\u00eb p\u00ebr t\u00eb garantuar zgjidhje t\u00eb q\u00ebndrueshme dhe ekonomike.<\/p>\n<div style=\"padding-top: 15px;\">\n<h4>Produkte:<\/h4>\n<ul style=\"line-height: 20px;list-style-type: square; \n\tpadding-left: 1em;\">\n<li>Ujitje: sisteme pivot \/ linear, rainstar, prorain, sp\u00ebrkat\u00ebs, smartrain, ujitje me an\u00eb t\u00eb tubave, pompa famos, timberrain.<\/li>\n<li>Tuba dhe pajisje: tuba p\u00ebr bashkim t\u00eb shpejt\u00eb hk, lidhje tubash ngrit\u00ebs dhe tuba ngrit\u00ebs, karroca, pajisje hka, sp\u00ebrkat\u00ebs, tuba bashkimi t\u00eb shpejt\u00eb hks, unaza gome, tuba p\u00ebr kanalizime.<\/li>\n<li>Teknologjia e heqjes s\u00eb llumit: teknologjia e agjitacionit, teknologjia e pompimit, teknologjia e ndarjes, cisternat premium, cisternat profi, teknologjia e shp\u00ebrndarjes s\u00eb plehut t\u00eb l\u00ebngsh\u00ebm, fu\u00e7it\u00eb speciale<\/li>\n<\/ul>\n\n<\/div>\n<\/div>\n<\/div>\n\n\n\n<div class=\"wp-block-column\" style=\"flex-basis:40%\" id=\"center_image\">\n<div class=\"wp-block-column smart_farming_block\" style=\"flex-basis:30%\">\n<figure class=\"img_size\"><img decoding=\"async\" src=\"https:\/\/ap.com.al\/wp-content\/uploads\/2022\/05\/Bauer-1.jpg\" class=\"wp-image-2807\" \"=\"\"><\/figure>\n<\/div>\n<\/div>\n<\/div>\n\n\n\n<div class=\"wp-block-columns has-background\" style=\"background-color:#fbf9f6\">\n<div class=\"wp-block-column text_pdd\" style=\"flex-basis:70%\">\n<div class=\"flex_column \" style=\"border-radius:0px; display: inline-flex; margin-bottom: 23px; \">\n<section><div itemprop=\"text\"><h4 style=\"font-size: 26px;\">Rosensteiner<\/h4>\n<\/div><\/section><\/div>\n\n\n\n<div class=\"blue_marker_list \" itemprop=\"text\">\n<p style=\"margin: unset;\">Ne jemi nj\u00eb nga furnitor\u00ebt m\u00eb t\u00eb r\u00ebnd\u00ebsish\u00ebm n\u00eb Shqip\u00ebri n\u00eb fush\u00ebn e kujdesit t\u00eb thundr\u00ebs. Zgjidhjet dhe njohurit\u00eb tona i mbajn\u00eb lop\u00ebt tuaja n\u00eb form\u00eb dhe t\u00eb sh\u00ebndetshme, rrisin performanc\u00ebn dhe e b\u00ebjn\u00eb kujdesin e thundr\u00ebs nj\u00eb pun\u00eb t\u00eb frytshme.<\/p>\n<div style=\"padding-top: 15px;\">\n<h4>Produktet:<\/h4>\n<ul style=\"line-height: 20px;list-style-type: square; \n\tpadding-left: 1em;\">\n<li>Stativ\u00ebt<\/li>\n<li>Stativ\u00ebt me pist\u00eb ecjeje<\/li>\n<li>Seria profesionale RS<\/li>\n<li>Trajtimi i thundrave.<\/li>\n\n<\/ul>\n\n<\/div>\n<\/div>\n<\/div>\n\n\n\n<div class=\"wp-block-column\" style=\"flex-basis:40%\" id=\"center_image\">\n<div class=\"wp-block-column smart_farming_block\" style=\"flex-basis:30%\">\n<figure class=\"img_size\"><img decoding=\"async\" src=\"https:\/\/ap.com.al\/wp-content\/uploads\/2022\/05\/Rosensteiner.png\" class=\"wp-image-2807\" \"=\"\"><\/figure>\n<\/div>\n<\/div>\n<\/div>\n\n\n\n<div class=\"wp-block-columns has-background\" style=\"background-color:#fbf9f6\">\n<div class=\"wp-block-column text_pdd\" style=\"flex-basis:70%\">\n<div class=\"flex_column \" style=\"border-radius:0px; display: inline-flex; margin-bottom: 23px; \">\n<section><div itemprop=\"text\"><h4 style=\"font-size: 26px;\">DM Folien <\/h4>\n<\/div><\/section><\/div>\n\n\n\n<div class=\"blue_marker_list \" itemprop=\"text\">\n<p style=\"margin: unset;\">Ne ofrojm\u00eb nj\u00eb shum\u00ebllojshm\u00ebri prej 3000 produktesh n\u00eb sektorin e bujq\u00ebsis\u00eb me p\u00ebrdorime praktike n\u00eb jet\u00ebn e p\u00ebrditshme. <\/p>\n<div style=\"padding-top: 15px;\">\n<h4>Produkte:<\/h4>\n<ul style=\"line-height: 20px;list-style-type: square; \n\tpadding-left: 1em;\">\n<li>Filma, Lesh<\/li>\n<li>Rrjeta, Canta, Thas\u00eb<\/li>\n<li>Goma, Shirita ngjit\u00ebs<\/li>\n<li>Litar\u00eb, Canta transportuese, Unaza gome etj.<\/li>\n<\/ul>\n<\/div>\n<\/div>\n<\/div>\n\n\n\n<div class=\"wp-block-column\" style=\"flex-basis:40%\" id=\"center_image\">\n<div class=\"wp-block-column smart_farming_block\" style=\"flex-basis:30%\">\n<figure class=\"img_size\"><img decoding=\"async\" src=\"https:\/\/ap.com.al\/wp-content\/uploads\/2022\/05\/dmFolien.png\" class=\"wp-image-2807\" \"=\"\"><\/figure>\n<\/div>\n<\/div>\n<\/div>\n\n\n\n<div class=\"wp-block-columns has-background\" style=\"background-color:#fbf9f6\">\n<div class=\"wp-block-column text_pdd\" style=\"flex-basis:70%\">\n<div class=\"flex_column \" style=\"border-radius:0px; display: inline-flex; margin-bottom: 23px; \">\n<section><div itemprop=\"text\"><h4 style=\"font-size: 26px;\">Gruber<\/h4>\n<\/div><\/section><\/div>\n\n\n\n<div class=\"blue_marker_list \" itemprop=\"text\">\n<p style=\"margin: unset;\">Teknologjia e p\u00ebrpunimit t\u00eb drith\u00ebrave &#8211; 55 vjet p\u00ebrvoj\u00eb n\u00eb nd\u00ebrtimin e mullirit.<\/p>\n<div style=\"padding-top: 15px;\">\n<h4>Teknologjia e bluarjes dhe e p\u00ebrzierjes.<\/h4>\n<p style=\"margin:unset;\">Austria Praemix p\u00ebrfaq\u00ebson furnizuesin m\u00eb t\u00eb suksessh\u00ebm dhe m\u00eb t\u00eb madh n\u00eb sistemin e bluarjes dhe p\u00ebrzierjes s\u00eb drith\u00ebrave. Ne ofrojm\u00eb pajisje t\u00eb forta dhe efikase, t\u00eb p\u00ebrshtatura sakt\u00ebsisht p\u00ebr nevojat tuaja. Sistemi modular Gruber mund\u00ebson nj\u00eb zgjerim t\u00eb m\u00ebvonsh\u00ebm t\u00eb impiantit t\u00eb p\u00ebrzierjes s\u00eb ushqimit. Komponent\u00ebt tan\u00eb me konsum t\u00eb ul\u00ebt sigurojn\u00eb funksionim t\u00eb p\u00ebrditsh\u00ebm, t\u00eb besuesh\u00ebm dhe jet\u00ebgjat\u00eb sh\u00ebrbimi.\n<\/p>\n<h4>Produkte:<\/h4>\n<p style=\"margin:unset;\">Hammer mill super, hammer mill xtreme, blower hammer mill hm, blower hammer mill ultra, vertical mixer, inclined mixer, sisteme t\u00eb dozimit.\n<\/p>\n<\/ul>\n<\/div>\n<\/div>\n<\/div>\n\n\n\n<div class=\"wp-block-column\" style=\"flex-basis:40%\" id=\"center_image\">\n<div class=\"wp-block-column smart_farming_block\" style=\"flex-basis:30%\">\n<figure class=\"img_size\"><img decoding=\"async\" src=\"https:\/\/ap.com.al\/wp-content\/uploads\/2022\/05\/Grueber.jpg\" class=\"wp-image-2807\" \"=\"\"><\/figure>\n<\/div>\n<\/div>\n<\/div>\n\n\n\n<div class=\"wp-block-columns has-background\" style=\"background-color:#fbf9f6\">\n<div class=\"wp-block-column text_pdd\" style=\"flex-basis:70%\">\n<div class=\"flex_column \" style=\"border-radius:0px; display: inline-flex; margin-bottom: 23px; \">\n<section><div itemprop=\"text\"><h4 style=\"font-size: 26px;\">V\u00f6lker <\/h4>\n<\/div><\/section><\/div>\n\n\n\n<div class=\"blue_marker_list \" itemprop=\"text\">\n<p style=\"margin: unset;\">Austria Praemix ka zhvilluar zgjidhje p\u00ebr makineri dhe sisteme me cil\u00ebsi t\u00eb lart\u00eb p\u00ebr ndarjen dhe paketimin e vez\u00ebve. Produktet tona si pajisjet ndar\u00ebse t\u00eb vez\u00ebve, paketuesit, sistemet e automatizuara t\u00eb etiketimit t\u00eb vez\u00ebve jan\u00eb p\u00ebrshtatur individualisht p\u00ebr nevojat e klient\u00ebve tan\u00eb. Kjo rezulton n\u00eb efikasitetin m\u00eb t\u00eb madh t\u00eb mundsh\u00ebm.<\/p>\n<div style=\"padding-top: 15px;\">\n<h4>Produkte &amp; makineri: <\/h4>\n<ul style=\"line-height: 20px;list-style-type: square; \n\tpadding-left: 1em;\">\n<li>Pajisjet ndar\u00ebse t\u00eb vez\u00ebve<\/li>\n<li>Paketuesit<\/li>\n<li>Sistemet e automatizuara t\u00eb etiketimit t\u00eb vez\u00ebve<\/li>\n<li>Boj\u00ebra<\/li>\n\n<\/ul>\n<\/div>\n<\/div>\n<\/div>\n\n\n\n<div class=\"wp-block-column\" style=\"flex-basis:40%\" id=\"center_image\">\n<div class=\"wp-block-column smart_farming_block\" style=\"flex-basis:30%\">\n<figure class=\"img_size\"><img decoding=\"async\" src=\"https:\/\/ap.com.al\/wp-content\/uploads\/2022\/05\/Volker.png\" class=\"wp-image-2807\" \"=\"\"><\/figure>\n<\/div>\n<\/div>\n<\/div>\n\n\n\n<div class=\"wp-block-columns has-background\" style=\"background-color:#fbf9f6\">\n<div class=\"wp-block-column text_pdd\" style=\"flex-basis:70%\">\n<div class=\"flex_column \" style=\"border-radius:0px; display: inline-flex; margin-bottom: 23px; \">\n<section><div itemprop=\"text\"><h4 style=\"font-size: 26px;\">Smartbow<\/h4>\n<\/div><\/section><\/div>\n\n\n\n<div class=\"blue_marker_list \" itemprop=\"text\">\n<p style=\"margin: unset;\">Austria Praemix me partnerin e saj SMARTBOW, kompania lider n\u00eb bot\u00eb p\u00ebr sh\u00ebndetin e kafsh\u00ebve, ofron p\u00ebr fermer\u00ebt dhe veteriner\u00ebt akses mbi t\u00eb dh\u00ebnat e lop\u00ebve n\u00eb koh\u00eb reale, 24\/7. Matrikujt smart monitorojn\u00eb p\u00ebrtypjen dhe aktivitetin e secil\u00ebs lop\u00eb p\u00ebr t\u00eb dh\u00ebn\u00eb sinjalizime p\u00ebr sh\u00ebndetin dhe nxeht\u00ebsin\u00eb, p\u00ebr t\u00eb parandaluar, zbuluar dhe trajtuar problemet e sh\u00ebndetit t\u00eb kafsh\u00ebve n\u00eb ferm\u00eb \u2013 duke \u00e7uar p\u00ebrfundimisht n\u00eb rezultate m\u00eb t\u00eb mira. P\u00ebrdorimi i produkteve tona sjell p\u00ebrfitime p\u00ebr ferm\u00ebn dhe portofolin tuaj.<\/p>\n<h4>Klikoni m\u00eb posht\u00eb p\u00ebr t\u00eb par\u00eb katalogun e produkteve.<\/h4>\n<\/div>\n\n\n\n<div class=\"avia-button-wrap avia-button-left  avia-builder-el-7  el_after_av_textblock  avia-builder-el-last \"><a href=\"https:\/\/ap.com.al\/ferma-smart\/#neda2-smartbow\" class=\"avia-button   avia-icon_select-no avia-color-theme-color avia-size-large avia-position-left \" rel=\"noopener\"><span class=\"avia_iconbox_title\">Lexo m\u00eb shum\u00eb<\/span><\/a><\/div>\n<\/div>\n\n\n\n<div class=\"wp-block-column\" style=\"flex-basis:40%\" id=\"center_image\">\n<div class=\"wp-block-column smart_farming_block\" style=\"flex-basis:30%\">\n<figure class=\"img_size\"><img decoding=\"async\" src=\"https:\/\/ap.com.al\/wp-content\/uploads\/2022\/05\/Smartbow.jpg\" class=\"wp-image-2807\" \"=\"\"><\/figure>\n<\/div>\n<\/div>\n<\/div>\n\n\n\n<div class=\"wp-block-columns has-background\" style=\"background-color:#fbf9f6\">\n<div class=\"wp-block-column text_pdd\" style=\"flex-basis:70%\">\n<div class=\"flex_column \" style=\"border-radius:0px; display: inline-flex; margin-bottom: 23px; \">\n<section><div itemprop=\"text\"><h4 style=\"font-size: 26px;\">Westermann<\/h4>\n<\/div><\/section><\/div>\n\n\n\n<div class=\"blue_marker_list \" itemprop=\"text\">\n<p style=\"margin: unset;\">Austria Praemix ka makin\u00ebn e duhur p\u00ebr \u00e7do fush\u00eb aplikimi, nga benzina, nafta dhe makinerit\u00eb pa tela, t\u00eb qeta dhe p\u00ebr p\u00ebrdorim privat deri tek ato profesionale komunale.\n<\/p>\n<div style=\"padding-top: 15px;\">\n<h4>Produkte: <\/h4>\n<ul style=\"line-height: 20px;list-style-type: square; \n\tpadding-left: 1em;\">\n<li>Fshes\u00eb radiale<\/li>\n<li>Vet\u00ebl\u00ebviz\u00ebse<\/li>\n<li>Fshir\u00ebse t\u00eb montuara<\/li>\n<li>Ngjit\u00ebse<\/li>\n\n<\/ul>\n<\/div>\n<\/div>\n<\/div>\n\n\n\n<div class=\"wp-block-column\" style=\"flex-basis:40%\" id=\"center_image\">\n<div class=\"wp-block-column smart_farming_block\" style=\"flex-basis:30%\">\n<figure class=\"img_size\"><img decoding=\"async\" src=\"https:\/\/ap.com.al\/wp-content\/uploads\/2022\/05\/Westermann.png\" class=\"wp-image-2807\" \"=\"\"><\/figure>\n<\/div>\n<\/div>\n<\/div>\n","protected":false},"excerpt":{"rendered":"<p>Pajisje p\u00ebr komplekse blegtorale Bauer Ne ofrojm\u00eb produkte q\u00eb p\u00ebrmbushin standardet evropiane, duke siguruar k\u00ebshtu cil\u00ebsin\u00eb m\u00eb t\u00eb lart\u00eb deri n\u00eb detajet m\u00eb t\u00eb vogla. Synimi yn\u00eb \u00ebsht\u00eb lidershipi n\u00eb cil\u00ebsi n\u00eb fushat e teknologjis\u00eb s\u00eb ujitjes, separatimit dhe heqjes se llumit. P\u00ebr k\u00ebt\u00eb arsye ne punojm\u00eb p\u00ebr t\u00eb garantuar zgjidhje t\u00eb q\u00ebndrueshme dhe ekonomike. [&hellip;]<\/p>\n","protected":false},"author":1,"featured_media":0,"parent":0,"menu_order":0,"comment_status":"closed","ping_status":"closed","template":"","meta":{"inline_featured_image":false,"footnotes":""},"class_list":["post-6711","page","type-page","status-publish","hentry"],"yoast_head":"<!-- This site is optimized with the Yoast SEO plugin v18.9 - https:\/\/yoast.com\/wordpress\/plugins\/seo\/ -->\n<title>Pajisje p\u00ebr komplekse blegtorale - Austria Praemix<\/title>\n<meta name=\"robots\" content=\"index, follow, max-snippet:-1, max-image-preview:large, max-video-preview:-1\" \/>\n<link rel=\"canonical\" href=\"https:\/\/ap.com.al\/?page_id=6711\" \/>\n<meta property=\"og:locale\" content=\"en_US\" \/>\n<meta property=\"og:type\" content=\"article\" \/>\n<meta property=\"og:title\" content=\"Pajisje p\u00ebr komplekse blegtorale - Austria Praemix\" \/>\n<meta property=\"og:description\" content=\"Pajisje p\u00ebr komplekse blegtorale Bauer Ne ofrojm\u00eb produkte q\u00eb p\u00ebrmbushin standardet evropiane, duke siguruar k\u00ebshtu cil\u00ebsin\u00eb m\u00eb t\u00eb lart\u00eb deri n\u00eb detajet m\u00eb t\u00eb vogla. Synimi yn\u00eb \u00ebsht\u00eb lidershipi n\u00eb cil\u00ebsi n\u00eb fushat e teknologjis\u00eb s\u00eb ujitjes, separatimit dhe heqjes se llumit. P\u00ebr k\u00ebt\u00eb arsye ne punojm\u00eb p\u00ebr t\u00eb garantuar zgjidhje t\u00eb q\u00ebndrueshme dhe ekonomike. [&hellip;]\" \/>\n<meta property=\"og:url\" content=\"https:\/\/ap.com.al\/?page_id=6711\" \/>\n<meta property=\"og:site_name\" content=\"Austria Praemix\" \/>\n<meta property=\"article:publisher\" content=\"https:\/\/www.facebook.com\/austriapraemiks\/\" \/>\n<meta property=\"article:modified_time\" content=\"2022-12-15T09:44:13+00:00\" \/>\n<meta property=\"og:image\" content=\"https:\/\/ap.com.al\/wp-content\/uploads\/2022\/06\/breeding.png\" \/>\n<meta name=\"twitter:card\" content=\"summary_large_image\" \/>\n<meta name=\"twitter:label1\" content=\"Est. reading time\" \/>\n\t<meta name=\"twitter:data1\" content=\"5 minutes\" \/>\n<script type=\"application\/ld+json\" class=\"yoast-schema-graph\">{\"@context\":\"https:\/\/schema.org\",\"@graph\":[{\"@type\":\"Organization\",\"@id\":\"https:\/\/ap.com.al\/#organization\",\"name\":\"Austria Preamix\",\"url\":\"https:\/\/ap.com.al\/\",\"sameAs\":[\"https:\/\/www.instagram.com\/austriapraemix\/\",\"https:\/\/www.facebook.com\/austriapraemiks\/\"],\"logo\":{\"@type\":\"ImageObject\",\"inLanguage\":\"en-US\",\"@id\":\"https:\/\/ap.com.al\/#\/schema\/logo\/image\/\",\"url\":\"https:\/\/ap.com.al\/wp-content\/uploads\/2022\/02\/AP-logo.png\",\"contentUrl\":\"https:\/\/ap.com.al\/wp-content\/uploads\/2022\/02\/AP-logo.png\",\"width\":3358,\"height\":1616,\"caption\":\"Austria Preamix\"},\"image\":{\"@id\":\"https:\/\/ap.com.al\/#\/schema\/logo\/image\/\"}},{\"@type\":\"WebSite\",\"@id\":\"https:\/\/ap.com.al\/#website\",\"url\":\"https:\/\/ap.com.al\/\",\"name\":\"Austria Praemix\",\"description\":\"\",\"publisher\":{\"@id\":\"https:\/\/ap.com.al\/#organization\"},\"potentialAction\":[{\"@type\":\"SearchAction\",\"target\":{\"@type\":\"EntryPoint\",\"urlTemplate\":\"https:\/\/ap.com.al\/?s={search_term_string}\"},\"query-input\":\"required name=search_term_string\"}],\"inLanguage\":\"en-US\"},{\"@type\":\"ImageObject\",\"inLanguage\":\"en-US\",\"@id\":\"https:\/\/ap.com.al\/?page_id=6711#primaryimage\",\"url\":\"https:\/\/ap.com.al\/wp-content\/uploads\/2022\/06\/breeding.png\",\"contentUrl\":\"https:\/\/ap.com.al\/wp-content\/uploads\/2022\/06\/breeding.png\",\"width\":65,\"height\":61},{\"@type\":\"WebPage\",\"@id\":\"https:\/\/ap.com.al\/?page_id=6711#webpage\",\"url\":\"https:\/\/ap.com.al\/?page_id=6711\",\"name\":\"Pajisje p\u00ebr komplekse blegtorale - Austria Praemix\",\"isPartOf\":{\"@id\":\"https:\/\/ap.com.al\/#website\"},\"primaryImageOfPage\":{\"@id\":\"https:\/\/ap.com.al\/?page_id=6711#primaryimage\"},\"datePublished\":\"2022-05-12T09:30:23+00:00\",\"dateModified\":\"2022-12-15T09:44:13+00:00\",\"breadcrumb\":{\"@id\":\"https:\/\/ap.com.al\/?page_id=6711#breadcrumb\"},\"inLanguage\":\"en-US\",\"potentialAction\":[{\"@type\":\"ReadAction\",\"target\":[\"https:\/\/ap.com.al\/?page_id=6711\"]}]},{\"@type\":\"BreadcrumbList\",\"@id\":\"https:\/\/ap.com.al\/?page_id=6711#breadcrumb\",\"itemListElement\":[{\"@type\":\"ListItem\",\"position\":1,\"name\":\"Home\",\"item\":\"https:\/\/ap.com.al\/\"},{\"@type\":\"ListItem\",\"position\":2,\"name\":\"Pajisje p\u00ebr komplekse blegtorale\"}]}]}<\/script>\n<!-- \/ Yoast SEO plugin. -->","yoast_head_json":{"title":"Pajisje p\u00ebr komplekse blegtorale - Austria Praemix","robots":{"index":"index","follow":"follow","max-snippet":"max-snippet:-1","max-image-preview":"max-image-preview:large","max-video-preview":"max-video-preview:-1"},"canonical":"https:\/\/ap.com.al\/?page_id=6711","og_locale":"en_US","og_type":"article","og_title":"Pajisje p\u00ebr komplekse blegtorale - Austria Praemix","og_description":"Pajisje p\u00ebr komplekse blegtorale Bauer Ne ofrojm\u00eb produkte q\u00eb p\u00ebrmbushin standardet evropiane, duke siguruar k\u00ebshtu cil\u00ebsin\u00eb m\u00eb t\u00eb lart\u00eb deri n\u00eb detajet m\u00eb t\u00eb vogla. Synimi yn\u00eb \u00ebsht\u00eb lidershipi n\u00eb cil\u00ebsi n\u00eb fushat e teknologjis\u00eb s\u00eb ujitjes, separatimit dhe heqjes se llumit. P\u00ebr k\u00ebt\u00eb arsye ne punojm\u00eb p\u00ebr t\u00eb garantuar zgjidhje t\u00eb q\u00ebndrueshme dhe ekonomike. [&hellip;]","og_url":"https:\/\/ap.com.al\/?page_id=6711","og_site_name":"Austria Praemix","article_publisher":"https:\/\/www.facebook.com\/austriapraemiks\/","article_modified_time":"2022-12-15T09:44:13+00:00","og_image":[{"url":"https:\/\/ap.com.al\/wp-content\/uploads\/2022\/06\/breeding.png"}],"twitter_card":"summary_large_image","twitter_misc":{"Est. reading time":"5 minutes"},"schema":{"@context":"https:\/\/schema.org","@graph":[{"@type":"Organization","@id":"https:\/\/ap.com.al\/#organization","name":"Austria Preamix","url":"https:\/\/ap.com.al\/","sameAs":["https:\/\/www.instagram.com\/austriapraemix\/","https:\/\/www.facebook.com\/austriapraemiks\/"],"logo":{"@type":"ImageObject","inLanguage":"en-US","@id":"https:\/\/ap.com.al\/#\/schema\/logo\/image\/","url":"https:\/\/ap.com.al\/wp-content\/uploads\/2022\/02\/AP-logo.png","contentUrl":"https:\/\/ap.com.al\/wp-content\/uploads\/2022\/02\/AP-logo.png","width":3358,"height":1616,"caption":"Austria Preamix"},"image":{"@id":"https:\/\/ap.com.al\/#\/schema\/logo\/image\/"}},{"@type":"WebSite","@id":"https:\/\/ap.com.al\/#website","url":"https:\/\/ap.com.al\/","name":"Austria Praemix","description":"","publisher":{"@id":"https:\/\/ap.com.al\/#organization"},"potentialAction":[{"@type":"SearchAction","target":{"@type":"EntryPoint","urlTemplate":"https:\/\/ap.com.al\/?s={search_term_string}"},"query-input":"required name=search_term_string"}],"inLanguage":"en-US"},{"@type":"ImageObject","inLanguage":"en-US","@id":"https:\/\/ap.com.al\/?page_id=6711#primaryimage","url":"https:\/\/ap.com.al\/wp-content\/uploads\/2022\/06\/breeding.png","contentUrl":"https:\/\/ap.com.al\/wp-content\/uploads\/2022\/06\/breeding.png","width":65,"height":61},{"@type":"WebPage","@id":"https:\/\/ap.com.al\/?page_id=6711#webpage","url":"https:\/\/ap.com.al\/?page_id=6711","name":"Pajisje p\u00ebr komplekse blegtorale - Austria Praemix","isPartOf":{"@id":"https:\/\/ap.com.al\/#website"},"primaryImageOfPage":{"@id":"https:\/\/ap.com.al\/?page_id=6711#primaryimage"},"datePublished":"2022-05-12T09:30:23+00:00","dateModified":"2022-12-15T09:44:13+00:00","breadcrumb":{"@id":"https:\/\/ap.com.al\/?page_id=6711#breadcrumb"},"inLanguage":"en-US","potentialAction":[{"@type":"ReadAction","target":["https:\/\/ap.com.al\/?page_id=6711"]}]},{"@type":"BreadcrumbList","@id":"https:\/\/ap.com.al\/?page_id=6711#breadcrumb","itemListElement":[{"@type":"ListItem","position":1,"name":"Home","item":"https:\/\/ap.com.al\/"},{"@type":"ListItem","position":2,"name":"Pajisje p\u00ebr komplekse blegtorale"}]}]}},"_links":{"self":[{"href":"https:\/\/ap.com.al\/index.php?rest_route=\/wp\/v2\/pages\/6711","targetHints":{"allow":["GET"]}}],"collection":[{"href":"https:\/\/ap.com.al\/index.php?rest_route=\/wp\/v2\/pages"}],"about":[{"href":"https:\/\/ap.com.al\/index.php?rest_route=\/wp\/v2\/types\/page"}],"author":[{"embeddable":true,"href":"https:\/\/ap.com.al\/index.php?rest_route=\/wp\/v2\/users\/1"}],"replies":[{"embeddable":true,"href":"https:\/\/ap.com.al\/index.php?rest_route=%2Fwp%2Fv2%2Fcomments&post=6711"}],"version-history":[{"count":31,"href":"https:\/\/ap.com.al\/index.php?rest_route=\/wp\/v2\/pages\/6711\/revisions"}],"predecessor-version":[{"id":8497,"href":"https:\/\/ap.com.al\/index.php?rest_route=\/wp\/v2\/pages\/6711\/revisions\/8497"}],"wp:attachment":[{"href":"https:\/\/ap.com.al\/index.php?rest_route=%2Fwp%2Fv2%2Fmedia&parent=6711"}],"curies":[{"name":"wp","href":"https:\/\/api.w.org\/{rel}","templated":true}]}}