{"id":6758,"date":"2022-05-12T11:43:58","date_gmt":"2022-05-12T11:43:58","guid":{"rendered":"https:\/\/ap.com.al\/?page_id=6758"},"modified":"2022-06-15T08:05:35","modified_gmt":"2022-06-15T08:05:35","slug":"higjena","status":"publish","type":"page","link":"https:\/\/ap.com.al\/?page_id=6758","title":{"rendered":"Higjena"},"content":{"rendered":"\n<style>\n  #onedaaa{\n    background-image:url(\"https:\/\/ap.com.al\/wp-content\/uploads\/2022\/05\/Cleaning-Supplie-scaled.jpg\");\n    padding-bottom:32%;\n    background-position:center center;\n    background-repeat: no-repeat;\n    background-size:cover;\n  }\n  <\/style>\n  <script src=\"https:\/\/code.jquery.com\/jquery-3.5.0.js\">\n<\/script>\n\n<div id=\"onedaaa\"><\/div>\n \n<script>\n$( \"#onedaaa\" ).insertBefore( \".container_wrap_first\" );\n<\/script>\n\n\n\n<div class=\"wp-block-columns\" id=\"containerr\">\n<div class=\"wp-block-column\" style=\"flex-basis:25%\">\n<div class=\"avia_textblock\" itemprop=\"text\"><h2 style=\"color:#005a8c;\n\">Higjiena<\/h2>\n<\/div>\n<\/div>\n\n\n\n<div class=\"wp-block-column\" style=\"flex-basis:80%\">\n<div class=\"wp-block-columns\">\n<div class=\"wp-block-column\">\n<section class=\"av_textblock_section line-box-html style=\" border-radius:0px;=\"\" \"=\"\" itemscope=\"itemscope\" itemtype=\"https:\/\/schema.org\/CreativeWork\"><div class=\"avia_textblock animation_start\" itemprop=\"text\"><\/div><\/section>\n<\/div>\n\n\n\n<div class=\"wp-block-column\">\n<div class=\"avia-image-container  av-styling-no-styling   avia-builder-el-6  el_after_av_textblock  avia-builder-el-last  column one avia-align-right \" itemscope=\"itemscope\" itemtype=\"https:\/\/schema.org\/ImageObject\"><div class=\"avia-image-container-inner\"><img decoding=\"async\" class=\"avia_image \" src=\"https:\/\/ap.com.al\/wp-content\/uploads\/2022\/03\/Our-Partners.png\" alt=\"\" title=\"\" itemprop=\"thumbnailUrl\"><\/div><\/div>\n<\/div>\n<\/div>\n<\/div>\n<\/div>\n\n\n\n<div class=\"wp-block-columns has-background\" style=\"background-color:#fbf9f6\">\n<div class=\"wp-block-column text_pdd\" style=\"flex-basis:70%\">\n<div class=\"flex_column \" style=\"border-radius:0px; display: inline-flex; margin-bottom: 23px; \">\n<section><div itemprop=\"text\"><h4 style=\"font-size: 26px;\">Calvatis<\/h4>\n<\/div><\/section><\/div>\n\n\n\n<div class=\"blue_marker_list \" itemprop=\"text\">\n<p style=\"margin: unset;\">Ne u ofrojm\u00eb klient\u00ebve tan\u00eb produkte cil\u00ebsore unike dhe koncepte t\u00eb higjien\u00ebs. Sigurimi i sh\u00ebndetit t\u00eb kafsh\u00ebve n\u00eb stalla \u00ebsht\u00eb nj\u00eb pjes\u00eb thelb\u00ebsore e procesit t\u00eb prodhimit bujq\u00ebsor t\u00eb ndjesh\u00ebm ndaj higjien\u00ebs. Higjiena e pamjaftueshme rrezikon kafsh\u00ebt dhe ndikon n\u00eb suksesin e proceseve t\u00eb pun\u00ebs. Prandaj, kryerja e rregullt e pastrimit dhe dezinfektimit \u00ebsht\u00eb e detyrueshme n\u00eb blegtorin\u00eb moderne.<\/p>\n<div style=\"padding-top: 15px;\">\n<h4>Products<\/h4>\n<ul style=\"line-height: 20px;list-style-type: square; \n\tpadding-left: 1em;\">\n<li>Detergjent\u00eb &amp; dezinfektues p\u00ebr shpend\u00eb<\/li>\n<li>Fermat e derrave, fermat e gjedh\u00ebve, pastrimi me shkum\u00eb <\/li>\n<li>Trajtim i ujit, sisteme t\u00eb pastrimit t\u00eb qum\u00ebshtit etj.<\/li>\n\n<\/ul>\n<\/div>\n<\/div>\n\n\n\n<div class=\"avia-button-wrap avia-button-left  avia-builder-el-7  el_after_av_textblock  avia-builder-el-last \">\n<a href=\"https:\/\/ap.com.al\/wp-content\/uploads\/2022\/06\/Prod_Calvatis_sq.pdf\" target=\"\u201d_blank\u201d\" class=\"avia-button   avia-icon_select-no avia-color-theme-color avia-size-large avia-position-left \" rel=\"noopener\"><span class=\"avia_iconbox_title\">Lexo m\u00eb shum\u00eb<\/span><\/a><\/div>\n<\/div>\n\n\n\n<div class=\"wp-block-column\" style=\"flex-basis:40%\" id=\"center_image\">\n<div class=\"wp-block-column smart_farming_block\" style=\"flex-basis:30%\">\n<figure class=\"img_size\"><img decoding=\"async\" src=\"https:\/\/ap.com.al\/wp-content\/uploads\/2022\/05\/Calvatis.png\" class=\"wp-image-2807\" \"=\"\"><\/figure>\n<\/div>\n<\/div>\n<\/div>\n","protected":false},"excerpt":{"rendered":"<p>Higjiena<\/p>\n","protected":false},"author":1,"featured_media":0,"parent":0,"menu_order":0,"comment_status":"closed","ping_status":"closed","template":"","meta":{"inline_featured_image":false,"footnotes":""},"class_list":["post-6758","page","type-page","status-publish","hentry"],"yoast_head":"<!-- This site is optimized with the Yoast SEO plugin v18.9 - https:\/\/yoast.com\/wordpress\/plugins\/seo\/ -->\n<title>Higjena - Austria Praemix<\/title>\n<meta name=\"robots\" content=\"index, follow, max-snippet:-1, max-image-preview:large, max-video-preview:-1\" \/>\n<link rel=\"canonical\" href=\"https:\/\/ap.com.al\/?page_id=6758\" \/>\n<meta property=\"og:locale\" content=\"en_US\" \/>\n<meta property=\"og:type\" content=\"article\" \/>\n<meta property=\"og:title\" content=\"Higjena - Austria Praemix\" \/>\n<meta property=\"og:description\" content=\"Higjiena\" \/>\n<meta property=\"og:url\" content=\"https:\/\/ap.com.al\/?page_id=6758\" \/>\n<meta property=\"og:site_name\" content=\"Austria Praemix\" \/>\n<meta property=\"article:publisher\" content=\"https:\/\/www.facebook.com\/austriapraemiks\/\" \/>\n<meta property=\"article:modified_time\" content=\"2022-06-15T08:05:35+00:00\" \/>\n<meta property=\"og:image\" content=\"https:\/\/ap.com.al\/wp-content\/uploads\/2022\/03\/Our-Partners.png\" \/>\n<meta name=\"twitter:card\" content=\"summary_large_image\" \/>\n<meta name=\"twitter:label1\" content=\"Est. reading time\" \/>\n\t<meta name=\"twitter:data1\" content=\"1 minute\" \/>\n<script type=\"application\/ld+json\" class=\"yoast-schema-graph\">{\"@context\":\"https:\/\/schema.org\",\"@graph\":[{\"@type\":\"Organization\",\"@id\":\"https:\/\/ap.com.al\/#organization\",\"name\":\"Austria Preamix\",\"url\":\"https:\/\/ap.com.al\/\",\"sameAs\":[\"https:\/\/www.instagram.com\/austriapraemix\/\",\"https:\/\/www.facebook.com\/austriapraemiks\/\"],\"logo\":{\"@type\":\"ImageObject\",\"inLanguage\":\"en-US\",\"@id\":\"https:\/\/ap.com.al\/#\/schema\/logo\/image\/\",\"url\":\"https:\/\/ap.com.al\/wp-content\/uploads\/2022\/02\/AP-logo.png\",\"contentUrl\":\"https:\/\/ap.com.al\/wp-content\/uploads\/2022\/02\/AP-logo.png\",\"width\":3358,\"height\":1616,\"caption\":\"Austria Preamix\"},\"image\":{\"@id\":\"https:\/\/ap.com.al\/#\/schema\/logo\/image\/\"}},{\"@type\":\"WebSite\",\"@id\":\"https:\/\/ap.com.al\/#website\",\"url\":\"https:\/\/ap.com.al\/\",\"name\":\"Austria Praemix\",\"description\":\"\",\"publisher\":{\"@id\":\"https:\/\/ap.com.al\/#organization\"},\"potentialAction\":[{\"@type\":\"SearchAction\",\"target\":{\"@type\":\"EntryPoint\",\"urlTemplate\":\"https:\/\/ap.com.al\/?s={search_term_string}\"},\"query-input\":\"required name=search_term_string\"}],\"inLanguage\":\"en-US\"},{\"@type\":\"ImageObject\",\"inLanguage\":\"en-US\",\"@id\":\"https:\/\/ap.com.al\/?page_id=6758#primaryimage\",\"url\":\"https:\/\/ap.com.al\/wp-content\/uploads\/2022\/03\/Our-Partners.png\",\"contentUrl\":\"https:\/\/ap.com.al\/wp-content\/uploads\/2022\/03\/Our-Partners.png\",\"width\":65,\"height\":60},{\"@type\":\"WebPage\",\"@id\":\"https:\/\/ap.com.al\/?page_id=6758#webpage\",\"url\":\"https:\/\/ap.com.al\/?page_id=6758\",\"name\":\"Higjena - Austria Praemix\",\"isPartOf\":{\"@id\":\"https:\/\/ap.com.al\/#website\"},\"primaryImageOfPage\":{\"@id\":\"https:\/\/ap.com.al\/?page_id=6758#primaryimage\"},\"datePublished\":\"2022-05-12T11:43:58+00:00\",\"dateModified\":\"2022-06-15T08:05:35+00:00\",\"breadcrumb\":{\"@id\":\"https:\/\/ap.com.al\/?page_id=6758#breadcrumb\"},\"inLanguage\":\"en-US\",\"potentialAction\":[{\"@type\":\"ReadAction\",\"target\":[\"https:\/\/ap.com.al\/?page_id=6758\"]}]},{\"@type\":\"BreadcrumbList\",\"@id\":\"https:\/\/ap.com.al\/?page_id=6758#breadcrumb\",\"itemListElement\":[{\"@type\":\"ListItem\",\"position\":1,\"name\":\"Home\",\"item\":\"https:\/\/ap.com.al\/\"},{\"@type\":\"ListItem\",\"position\":2,\"name\":\"Higjena\"}]}]}<\/script>\n<!-- \/ Yoast SEO plugin. -->","yoast_head_json":{"title":"Higjena - Austria Praemix","robots":{"index":"index","follow":"follow","max-snippet":"max-snippet:-1","max-image-preview":"max-image-preview:large","max-video-preview":"max-video-preview:-1"},"canonical":"https:\/\/ap.com.al\/?page_id=6758","og_locale":"en_US","og_type":"article","og_title":"Higjena - Austria Praemix","og_description":"Higjiena","og_url":"https:\/\/ap.com.al\/?page_id=6758","og_site_name":"Austria Praemix","article_publisher":"https:\/\/www.facebook.com\/austriapraemiks\/","article_modified_time":"2022-06-15T08:05:35+00:00","og_image":[{"url":"https:\/\/ap.com.al\/wp-content\/uploads\/2022\/03\/Our-Partners.png"}],"twitter_card":"summary_large_image","twitter_misc":{"Est. reading time":"1 minute"},"schema":{"@context":"https:\/\/schema.org","@graph":[{"@type":"Organization","@id":"https:\/\/ap.com.al\/#organization","name":"Austria Preamix","url":"https:\/\/ap.com.al\/","sameAs":["https:\/\/www.instagram.com\/austriapraemix\/","https:\/\/www.facebook.com\/austriapraemiks\/"],"logo":{"@type":"ImageObject","inLanguage":"en-US","@id":"https:\/\/ap.com.al\/#\/schema\/logo\/image\/","url":"https:\/\/ap.com.al\/wp-content\/uploads\/2022\/02\/AP-logo.png","contentUrl":"https:\/\/ap.com.al\/wp-content\/uploads\/2022\/02\/AP-logo.png","width":3358,"height":1616,"caption":"Austria Preamix"},"image":{"@id":"https:\/\/ap.com.al\/#\/schema\/logo\/image\/"}},{"@type":"WebSite","@id":"https:\/\/ap.com.al\/#website","url":"https:\/\/ap.com.al\/","name":"Austria Praemix","description":"","publisher":{"@id":"https:\/\/ap.com.al\/#organization"},"potentialAction":[{"@type":"SearchAction","target":{"@type":"EntryPoint","urlTemplate":"https:\/\/ap.com.al\/?s={search_term_string}"},"query-input":"required name=search_term_string"}],"inLanguage":"en-US"},{"@type":"ImageObject","inLanguage":"en-US","@id":"https:\/\/ap.com.al\/?page_id=6758#primaryimage","url":"https:\/\/ap.com.al\/wp-content\/uploads\/2022\/03\/Our-Partners.png","contentUrl":"https:\/\/ap.com.al\/wp-content\/uploads\/2022\/03\/Our-Partners.png","width":65,"height":60},{"@type":"WebPage","@id":"https:\/\/ap.com.al\/?page_id=6758#webpage","url":"https:\/\/ap.com.al\/?page_id=6758","name":"Higjena - Austria Praemix","isPartOf":{"@id":"https:\/\/ap.com.al\/#website"},"primaryImageOfPage":{"@id":"https:\/\/ap.com.al\/?page_id=6758#primaryimage"},"datePublished":"2022-05-12T11:43:58+00:00","dateModified":"2022-06-15T08:05:35+00:00","breadcrumb":{"@id":"https:\/\/ap.com.al\/?page_id=6758#breadcrumb"},"inLanguage":"en-US","potentialAction":[{"@type":"ReadAction","target":["https:\/\/ap.com.al\/?page_id=6758"]}]},{"@type":"BreadcrumbList","@id":"https:\/\/ap.com.al\/?page_id=6758#breadcrumb","itemListElement":[{"@type":"ListItem","position":1,"name":"Home","item":"https:\/\/ap.com.al\/"},{"@type":"ListItem","position":2,"name":"Higjena"}]}]}},"_links":{"self":[{"href":"https:\/\/ap.com.al\/index.php?rest_route=\/wp\/v2\/pages\/6758","targetHints":{"allow":["GET"]}}],"collection":[{"href":"https:\/\/ap.com.al\/index.php?rest_route=\/wp\/v2\/pages"}],"about":[{"href":"https:\/\/ap.com.al\/index.php?rest_route=\/wp\/v2\/types\/page"}],"author":[{"embeddable":true,"href":"https:\/\/ap.com.al\/index.php?rest_route=\/wp\/v2\/users\/1"}],"replies":[{"embeddable":true,"href":"https:\/\/ap.com.al\/index.php?rest_route=%2Fwp%2Fv2%2Fcomments&post=6758"}],"version-history":[{"count":13,"href":"https:\/\/ap.com.al\/index.php?rest_route=\/wp\/v2\/pages\/6758\/revisions"}],"predecessor-version":[{"id":8284,"href":"https:\/\/ap.com.al\/index.php?rest_route=\/wp\/v2\/pages\/6758\/revisions\/8284"}],"wp:attachment":[{"href":"https:\/\/ap.com.al\/index.php?rest_route=%2Fwp%2Fv2%2Fmedia&parent=6758"}],"curies":[{"name":"wp","href":"https:\/\/api.w.org\/{rel}","templated":true}]}}