{"id":6789,"date":"2022-05-12T12:11:49","date_gmt":"2022-05-12T12:11:49","guid":{"rendered":"https:\/\/ap.com.al\/?page_id=6789"},"modified":"2022-06-02T16:01:42","modified_gmt":"2022-06-02T16:01:42","slug":"teknologji-te-therjes","status":"publish","type":"page","link":"https:\/\/ap.com.al\/?page_id=6789","title":{"rendered":"Teknologji t\u00eb therjes"},"content":{"rendered":"\n<style>\n  #oniiii{\n    background-image:url(\"https:\/\/ap.com.al\/wp-content\/uploads\/2022\/05\/slaughteringgg-scaled.jpg\");\n    padding-bottom:32%;\n    background-position:center center;\n    background-repeat: no-repeat;\n    background-size:cover;\n  }\n  <\/style>\n  <script src=\"https:\/\/code.jquery.com\/jquery-3.5.0.js\">\n<\/script>\n\n<div id=\"oniiii\"><\/div>\n \n<script>\n$( \"#oniiii\" ).insertBefore( \".container_wrap_first\" );\n<\/script>\n\n\n\n<div class=\"wp-block-columns\" id=\"containerr\">\n<div class=\"wp-block-column\" style=\"flex-basis:25%\">\n<div class=\"avia_textblock\" itemprop=\"text\"><h2 style=\"color:#005a8c;\n\">Teknologji t\u00eb Therjes<\/h2>\n<\/div>\n<\/div>\n\n\n\n<div class=\"wp-block-column\" style=\"flex-basis:80%\">\n<div class=\"wp-block-columns\">\n<div class=\"wp-block-column\">\n<section class=\"av_textblock_section line-box-html style=\" border-radius:0px;=\"\" \"=\"\" itemscope=\"itemscope\" itemtype=\"https:\/\/schema.org\/CreativeWork\"><div class=\"avia_textblock animation_start\" itemprop=\"text\"><\/div><\/section>\n<\/div>\n\n\n\n<div class=\"wp-block-column\">\n<div class=\"avia-image-container  av-styling-no-styling   avia-builder-el-6  el_after_av_textblock  avia-builder-el-last  column one avia-align-right \" itemscope=\"itemscope\" itemtype=\"https:\/\/schema.org\/ImageObject\"><div class=\"avia-image-container-inner\"><img decoding=\"async\" class=\"avia_image \" src=\"https:\/\/ap.com.al\/wp-content\/uploads\/2022\/03\/Animal-Nutrition-min.png\" alt=\"\" title=\"\" itemprop=\"thumbnailUrl\"><\/div><\/div>\n<\/div>\n<\/div>\n<\/div>\n<\/div>\n\n\n\n<div class=\"wp-block-columns has-background\" style=\"background-color:#fbf9f6\">\n<div class=\"wp-block-column text_pdd\" style=\"flex-basis:70%\">\n<div class=\"flex_column \" style=\"border-radius:0px; display: inline-flex; margin-bottom: 23px; \">\n<section><div itemprop=\"text\"><h4 style=\"font-size: 26px;\">Voran <\/h4>\n<\/div><\/section><\/div>\n\n\n\n<div class=\"blue_marker_list \" itemprop=\"text\">\n<p style=\"margin: unset;\">Ne ofrojm\u00eb zgjidhje p\u00ebr optimizimin e cil\u00ebsis\u00eb dhe jet\u00ebgjat\u00ebsis\u00eb s\u00eb mishit. K\u00ebto zgjidhje jan\u00eb rezultat i projektimit t\u00eb q\u00ebndruesh\u00ebm t\u00eb impiantit, p\u00ebrzgjedhjes s\u00eb pajisjeve, praktik\u00ebs dhe proceseve higjienike.<\/p>\n<div style=\"padding-top: 15px;\">\n<h4>Produkte:<\/h4>\n<ul style=\"line-height: 20px;list-style-type: square; \n\tpadding-left: 1em;\">\n<li>Makina p\u00ebr therjen e kafsh\u00ebve<\/li>\n<li>Robotik\u00eb e nivelit t\u00eb lart\u00eb (robotika\/automatizimi po b\u00ebhet gjithnj\u00eb e m\u00eb i r\u00ebnd\u00ebsish\u00ebm n\u00eb fush\u00ebn e therjes, prerjes dhe p\u00ebrpunimit t\u00eb mishit).<\/li>\n<li>sisteme t\u00eb kontrollit t\u00eb thertores (transport automatik dhe t\u00eb sinkronizuar t\u00eb produkteve t\u00eb mishit)<\/li>\n<li>sisteme t\u00eb ftohjes, transportues, sisteme t\u00eb prerjes s\u00eb mishit etj.<\/li>\n\n<\/ul>\n<\/div>\n<\/div>\n<\/div>\n\n\n\n<div class=\"wp-block-column\" style=\"flex-basis:40%\" id=\"center_image\">\n<div class=\"wp-block-column smart_farming_block\" style=\"flex-basis:30%\">\n<figure class=\"img_size\"><img decoding=\"async\" src=\"https:\/\/ap.com.al\/wp-content\/uploads\/2022\/05\/Voran.png\" class=\"wp-image-2807\" \"=\"\"><\/figure>\n<\/div>\n<\/div>\n<\/div>\n\n\n\n<div class=\"wp-block-columns has-background\" style=\"background-color:#fbf9f6\">\n<div class=\"wp-block-column text_pdd\" style=\"flex-basis:70%\">\n<div class=\"flex_column \" style=\"border-radius:0px; display: inline-flex; margin-bottom: 23px; \">\n<section><div itemprop=\"text\"><h4 style=\"font-size: 26px;\">Banss<\/h4>\n<\/div><\/section><\/div>\n\n\n\n<div class=\"blue_marker_list \" itemprop=\"text\">\n<p style=\"margin: unset;\">Ne si Austria Praemix, p\u00ebrfaq\u00ebsojm\u00eb nj\u00eb nga furnizuesit m\u00eb t\u00eb m\u00ebdhenj t\u00eb pajisjeve t\u00eb thertoreve, n\u00eb tregun shqiptar. Partneri yn\u00eb BANS prej m\u00eb shum\u00eb se 28 vitesh \u00ebsht\u00eb prodhues i pajisjeve p\u00ebr therjen e derrave, deleve, gjedheve dhe kuajve n\u00eb mbar\u00eb bot\u00ebn. Banss Austria \u00ebsht\u00eb nj\u00eb nga kompanit\u00eb kryesore europiane t\u00eb sistemeve automatike t\u00eb transportit t\u00eb karkasave n\u00eb dhomat e ftohjes, heqjen e kockave me ane te sistemeve automatike te kontrollit.<\/p>\n<div style=\"padding-top: 15px;\">\n<h4>Sektor\u00ebt<\/h4>\n<ul style=\"line-height: 20px;list-style-type: square; \n\tpadding-left: 1em;\">\n<li>Therje e derrave <\/li>\n<li>Therje e gjedh\u00ebve <\/li>\n<li>Therje e deleve<\/li>\n\n<\/ul>\n<\/div>\n<\/div>\n<\/div>\n\n\n\n<div class=\"wp-block-column\" style=\"flex-basis:40%\" id=\"center_image\">\n<div class=\"wp-block-column smart_farming_block\" style=\"flex-basis:30%\">\n<figure class=\"img_size\"><img decoding=\"async\" src=\"https:\/\/ap.com.al\/wp-content\/uploads\/2022\/05\/Banss.jpg\" class=\"wp-image-2807\" \"=\"\"><\/figure>\n<\/div>\n<\/div>\n<\/div>\n","protected":false},"excerpt":{"rendered":"<p>Teknologji t\u00eb Therjes Banss Ne si Austria Praemix, p\u00ebrfaq\u00ebsojm\u00eb nj\u00eb nga furnizuesit m\u00eb t\u00eb m\u00ebdhenj t\u00eb pajisjeve t\u00eb thertoreve, n\u00eb tregun shqiptar. Partneri yn\u00eb BANS prej m\u00eb shum\u00eb se 28 vitesh \u00ebsht\u00eb prodhues i pajisjeve p\u00ebr therjen e derrave, deleve, gjedheve dhe kuajve n\u00eb mbar\u00eb bot\u00ebn. Banss Austria \u00ebsht\u00eb nj\u00eb nga kompanit\u00eb kryesore europiane t\u00eb [&hellip;]<\/p>\n","protected":false},"author":1,"featured_media":0,"parent":0,"menu_order":0,"comment_status":"closed","ping_status":"closed","template":"","meta":{"inline_featured_image":false,"footnotes":""},"class_list":["post-6789","page","type-page","status-publish","hentry"],"yoast_head":"<!-- This site is optimized with the Yoast SEO plugin v18.9 - https:\/\/yoast.com\/wordpress\/plugins\/seo\/ -->\n<title>Teknologji t\u00eb therjes - Austria Praemix<\/title>\n<meta name=\"robots\" content=\"index, follow, max-snippet:-1, max-image-preview:large, max-video-preview:-1\" \/>\n<link rel=\"canonical\" href=\"https:\/\/ap.com.al\/?page_id=6789\" \/>\n<meta property=\"og:locale\" content=\"en_US\" \/>\n<meta property=\"og:type\" content=\"article\" \/>\n<meta property=\"og:title\" content=\"Teknologji t\u00eb therjes - Austria Praemix\" \/>\n<meta property=\"og:description\" content=\"Teknologji t\u00eb Therjes Banss Ne si Austria Praemix, p\u00ebrfaq\u00ebsojm\u00eb nj\u00eb nga furnizuesit m\u00eb t\u00eb m\u00ebdhenj t\u00eb pajisjeve t\u00eb thertoreve, n\u00eb tregun shqiptar. Partneri yn\u00eb BANS prej m\u00eb shum\u00eb se 28 vitesh \u00ebsht\u00eb prodhues i pajisjeve p\u00ebr therjen e derrave, deleve, gjedheve dhe kuajve n\u00eb mbar\u00eb bot\u00ebn. Banss Austria \u00ebsht\u00eb nj\u00eb nga kompanit\u00eb kryesore europiane t\u00eb [&hellip;]\" \/>\n<meta property=\"og:url\" content=\"https:\/\/ap.com.al\/?page_id=6789\" \/>\n<meta property=\"og:site_name\" content=\"Austria Praemix\" \/>\n<meta property=\"article:publisher\" content=\"https:\/\/www.facebook.com\/austriapraemiks\/\" \/>\n<meta property=\"article:modified_time\" content=\"2022-06-02T16:01:42+00:00\" \/>\n<meta property=\"og:image\" content=\"https:\/\/ap.com.al\/wp-content\/uploads\/2022\/03\/Animal-Nutrition-min.png\" \/>\n<meta name=\"twitter:card\" content=\"summary_large_image\" \/>\n<meta name=\"twitter:label1\" content=\"Est. reading time\" \/>\n\t<meta name=\"twitter:data1\" content=\"2 minutes\" \/>\n<script type=\"application\/ld+json\" class=\"yoast-schema-graph\">{\"@context\":\"https:\/\/schema.org\",\"@graph\":[{\"@type\":\"Organization\",\"@id\":\"https:\/\/ap.com.al\/#organization\",\"name\":\"Austria Preamix\",\"url\":\"https:\/\/ap.com.al\/\",\"sameAs\":[\"https:\/\/www.instagram.com\/austriapraemix\/\",\"https:\/\/www.facebook.com\/austriapraemiks\/\"],\"logo\":{\"@type\":\"ImageObject\",\"inLanguage\":\"en-US\",\"@id\":\"https:\/\/ap.com.al\/#\/schema\/logo\/image\/\",\"url\":\"https:\/\/ap.com.al\/wp-content\/uploads\/2022\/02\/AP-logo.png\",\"contentUrl\":\"https:\/\/ap.com.al\/wp-content\/uploads\/2022\/02\/AP-logo.png\",\"width\":3358,\"height\":1616,\"caption\":\"Austria Preamix\"},\"image\":{\"@id\":\"https:\/\/ap.com.al\/#\/schema\/logo\/image\/\"}},{\"@type\":\"WebSite\",\"@id\":\"https:\/\/ap.com.al\/#website\",\"url\":\"https:\/\/ap.com.al\/\",\"name\":\"Austria Praemix\",\"description\":\"\",\"publisher\":{\"@id\":\"https:\/\/ap.com.al\/#organization\"},\"potentialAction\":[{\"@type\":\"SearchAction\",\"target\":{\"@type\":\"EntryPoint\",\"urlTemplate\":\"https:\/\/ap.com.al\/?s={search_term_string}\"},\"query-input\":\"required name=search_term_string\"}],\"inLanguage\":\"en-US\"},{\"@type\":\"ImageObject\",\"inLanguage\":\"en-US\",\"@id\":\"https:\/\/ap.com.al\/?page_id=6789#primaryimage\",\"url\":\"https:\/\/ap.com.al\/wp-content\/uploads\/2022\/03\/Animal-Nutrition-min.png\",\"contentUrl\":\"https:\/\/ap.com.al\/wp-content\/uploads\/2022\/03\/Animal-Nutrition-min.png\",\"width\":65,\"height\":60},{\"@type\":\"WebPage\",\"@id\":\"https:\/\/ap.com.al\/?page_id=6789#webpage\",\"url\":\"https:\/\/ap.com.al\/?page_id=6789\",\"name\":\"Teknologji t\u00eb therjes - Austria Praemix\",\"isPartOf\":{\"@id\":\"https:\/\/ap.com.al\/#website\"},\"primaryImageOfPage\":{\"@id\":\"https:\/\/ap.com.al\/?page_id=6789#primaryimage\"},\"datePublished\":\"2022-05-12T12:11:49+00:00\",\"dateModified\":\"2022-06-02T16:01:42+00:00\",\"breadcrumb\":{\"@id\":\"https:\/\/ap.com.al\/?page_id=6789#breadcrumb\"},\"inLanguage\":\"en-US\",\"potentialAction\":[{\"@type\":\"ReadAction\",\"target\":[\"https:\/\/ap.com.al\/?page_id=6789\"]}]},{\"@type\":\"BreadcrumbList\",\"@id\":\"https:\/\/ap.com.al\/?page_id=6789#breadcrumb\",\"itemListElement\":[{\"@type\":\"ListItem\",\"position\":1,\"name\":\"Home\",\"item\":\"https:\/\/ap.com.al\/\"},{\"@type\":\"ListItem\",\"position\":2,\"name\":\"Teknologji t\u00eb therjes\"}]}]}<\/script>\n<!-- \/ Yoast SEO plugin. -->","yoast_head_json":{"title":"Teknologji t\u00eb therjes - Austria Praemix","robots":{"index":"index","follow":"follow","max-snippet":"max-snippet:-1","max-image-preview":"max-image-preview:large","max-video-preview":"max-video-preview:-1"},"canonical":"https:\/\/ap.com.al\/?page_id=6789","og_locale":"en_US","og_type":"article","og_title":"Teknologji t\u00eb therjes - Austria Praemix","og_description":"Teknologji t\u00eb Therjes Banss Ne si Austria Praemix, p\u00ebrfaq\u00ebsojm\u00eb nj\u00eb nga furnizuesit m\u00eb t\u00eb m\u00ebdhenj t\u00eb pajisjeve t\u00eb thertoreve, n\u00eb tregun shqiptar. Partneri yn\u00eb BANS prej m\u00eb shum\u00eb se 28 vitesh \u00ebsht\u00eb prodhues i pajisjeve p\u00ebr therjen e derrave, deleve, gjedheve dhe kuajve n\u00eb mbar\u00eb bot\u00ebn. Banss Austria \u00ebsht\u00eb nj\u00eb nga kompanit\u00eb kryesore europiane t\u00eb [&hellip;]","og_url":"https:\/\/ap.com.al\/?page_id=6789","og_site_name":"Austria Praemix","article_publisher":"https:\/\/www.facebook.com\/austriapraemiks\/","article_modified_time":"2022-06-02T16:01:42+00:00","og_image":[{"url":"https:\/\/ap.com.al\/wp-content\/uploads\/2022\/03\/Animal-Nutrition-min.png"}],"twitter_card":"summary_large_image","twitter_misc":{"Est. reading time":"2 minutes"},"schema":{"@context":"https:\/\/schema.org","@graph":[{"@type":"Organization","@id":"https:\/\/ap.com.al\/#organization","name":"Austria Preamix","url":"https:\/\/ap.com.al\/","sameAs":["https:\/\/www.instagram.com\/austriapraemix\/","https:\/\/www.facebook.com\/austriapraemiks\/"],"logo":{"@type":"ImageObject","inLanguage":"en-US","@id":"https:\/\/ap.com.al\/#\/schema\/logo\/image\/","url":"https:\/\/ap.com.al\/wp-content\/uploads\/2022\/02\/AP-logo.png","contentUrl":"https:\/\/ap.com.al\/wp-content\/uploads\/2022\/02\/AP-logo.png","width":3358,"height":1616,"caption":"Austria Preamix"},"image":{"@id":"https:\/\/ap.com.al\/#\/schema\/logo\/image\/"}},{"@type":"WebSite","@id":"https:\/\/ap.com.al\/#website","url":"https:\/\/ap.com.al\/","name":"Austria Praemix","description":"","publisher":{"@id":"https:\/\/ap.com.al\/#organization"},"potentialAction":[{"@type":"SearchAction","target":{"@type":"EntryPoint","urlTemplate":"https:\/\/ap.com.al\/?s={search_term_string}"},"query-input":"required name=search_term_string"}],"inLanguage":"en-US"},{"@type":"ImageObject","inLanguage":"en-US","@id":"https:\/\/ap.com.al\/?page_id=6789#primaryimage","url":"https:\/\/ap.com.al\/wp-content\/uploads\/2022\/03\/Animal-Nutrition-min.png","contentUrl":"https:\/\/ap.com.al\/wp-content\/uploads\/2022\/03\/Animal-Nutrition-min.png","width":65,"height":60},{"@type":"WebPage","@id":"https:\/\/ap.com.al\/?page_id=6789#webpage","url":"https:\/\/ap.com.al\/?page_id=6789","name":"Teknologji t\u00eb therjes - Austria Praemix","isPartOf":{"@id":"https:\/\/ap.com.al\/#website"},"primaryImageOfPage":{"@id":"https:\/\/ap.com.al\/?page_id=6789#primaryimage"},"datePublished":"2022-05-12T12:11:49+00:00","dateModified":"2022-06-02T16:01:42+00:00","breadcrumb":{"@id":"https:\/\/ap.com.al\/?page_id=6789#breadcrumb"},"inLanguage":"en-US","potentialAction":[{"@type":"ReadAction","target":["https:\/\/ap.com.al\/?page_id=6789"]}]},{"@type":"BreadcrumbList","@id":"https:\/\/ap.com.al\/?page_id=6789#breadcrumb","itemListElement":[{"@type":"ListItem","position":1,"name":"Home","item":"https:\/\/ap.com.al\/"},{"@type":"ListItem","position":2,"name":"Teknologji t\u00eb therjes"}]}]}},"_links":{"self":[{"href":"https:\/\/ap.com.al\/index.php?rest_route=\/wp\/v2\/pages\/6789","targetHints":{"allow":["GET"]}}],"collection":[{"href":"https:\/\/ap.com.al\/index.php?rest_route=\/wp\/v2\/pages"}],"about":[{"href":"https:\/\/ap.com.al\/index.php?rest_route=\/wp\/v2\/types\/page"}],"author":[{"embeddable":true,"href":"https:\/\/ap.com.al\/index.php?rest_route=\/wp\/v2\/users\/1"}],"replies":[{"embeddable":true,"href":"https:\/\/ap.com.al\/index.php?rest_route=%2Fwp%2Fv2%2Fcomments&post=6789"}],"version-history":[{"count":6,"href":"https:\/\/ap.com.al\/index.php?rest_route=\/wp\/v2\/pages\/6789\/revisions"}],"predecessor-version":[{"id":8252,"href":"https:\/\/ap.com.al\/index.php?rest_route=\/wp\/v2\/pages\/6789\/revisions\/8252"}],"wp:attachment":[{"href":"https:\/\/ap.com.al\/index.php?rest_route=%2Fwp%2Fv2%2Fmedia&parent=6789"}],"curies":[{"name":"wp","href":"https:\/\/api.w.org\/{rel}","templated":true}]}}