{"id":7829,"date":"2022-05-30T12:24:21","date_gmt":"2022-05-30T12:24:21","guid":{"rendered":"https:\/\/ap.com.al\/?page_id=7829"},"modified":"2022-06-01T09:19:18","modified_gmt":"2022-06-01T09:19:18","slug":"schaumaphos-m-50-sf","status":"publish","type":"page","link":"https:\/\/ap.com.al\/?page_id=7829","title":{"rendered":"SCHAUMAPHOS M 50 SF"},"content":{"rendered":"\n<style>\n  #oniiii{\n    background-image:url(\"https:\/\/ap.com.al\/wp-content\/uploads\/2022\/05\/pigg.jpg\");\n    padding-bottom: 32%;\n    background-position:center left;\n    background-repeat: no-repeat;\n    background-size:cover;\n  }\n  <\/style>\n  <script src=\"https:\/\/code.jquery.com\/jquery-3.5.0.js\">\n<\/script>\n\n<div id=\"oniiii\"><\/div>\n \n<script>\n$( \"#oniiii\" ).insertBefore( \".container_wrap_first\" );\n<\/script>\n\n\n\n<div class=\"wp-block-columns\" id=\"containerr\">\n<div class=\"wp-block-column\">\n<div class=\"avia_textblock\" itemprop=\"text\"><h4 style=\"color:#005a8c;\n\">SCHAUMAPHOS M 50 SF<\/h4>\n<\/div>\n<\/div>\n<\/div>\n\n\n\n<div class=\"wp-block-columns\" id=\"containerr\">\n<div class=\"wp-block-column\">\n<div class=\"detail__certificates-item-icon\">\n<img decoding=\"async\" alt=\"SCHAUMAPHOS M 50 SF\" src=\"https:\/\/ap.com.al\/wp-content\/uploads\/2022\/03\/Asset-54-1.png\">\n<\/div>\n<\/div>\n<\/div>\n\n\n\n<div class=\"wp-block-columns\" id=\"containerr\">\n<div class=\"wp-block-column\">\n<div class=\"blue_marker_list\">\n<h4 style=\"padding-top: 20px;\">P\u00ebrmban t\u00eb gjitha mineralet dhe vitaminat thelb\u00ebsore t\u00eb p\u00ebrshtatura sipas k\u00ebrkes\u00ebs s\u00eb derrave t\u00eb majm\u00ebris\u00eb<\/h4>\n<ul style=\"list-style-type: square; \n\tpadding-left: 1em;\">\n<li>P\u00ebrfshin aminoacidin 100% t\u00eb tretsh\u00ebm Lizin\u00ebn.<\/li>\n<li>Bonvital p\u00ebr stabilizimin e flor\u00ebs intestinale, optimizimin e tretjes dhe p\u00ebrmir\u00ebsimin e sh\u00ebndetit.<\/li>\n<li>MCP me cil\u00ebsi t\u00eb lart\u00eb si burim fosfori.<\/li>\n<li>Fitaza p\u00ebr shfryt\u00ebzim m\u00eb t\u00eb mir\u00eb t\u00eb p\u00ebrmbajtjes s\u00eb fosforit.<\/li>\n\n<\/ul>\n<\/div>\n\n\n\n<div class=\"blue_marker_list\">\n<h4 style=\"padding-top: 20px;\">L\u00ebnd\u00ebt ushqyese t\u00eb zgjedhura<\/h4>\n<p>Dozimi 3 % n\u00eb racionet ditore.\n<\/div>\n\n\n\n<table>\n  <tr>\n    <td>5,0 % Lizin \t<\/td>\n    <td>216.665 I.E Vitamina A<\/td>\n   \n  <\/tr>\n  <tr>\n    <td>6,7 x 109 KBE Bonvital <\/td>\n    <td>60.000 Vitamina D3<\/td>\n    \n  <\/tr>\n  <tr>\n    <td>15.000 FTU Fitaz\u00eb\t<\/td>\n    <td>2.000 mg Vitamina E<\/td>\n   \n  <\/tr>\n \n<\/table>\n<\/div>\n<\/div>\n","protected":false},"excerpt":{"rendered":"<p>SCHAUMAPHOS M 50 SF P\u00ebrmban t\u00eb gjitha mineralet dhe vitaminat thelb\u00ebsore t\u00eb p\u00ebrshtatura sipas k\u00ebrkes\u00ebs s\u00eb derrave t\u00eb majm\u00ebris\u00eb P\u00ebrfshin aminoacidin 100% t\u00eb tretsh\u00ebm Lizin\u00ebn. Bonvital p\u00ebr stabilizimin e flor\u00ebs intestinale, optimizimin e tretjes dhe p\u00ebrmir\u00ebsimin e sh\u00ebndetit. MCP me cil\u00ebsi t\u00eb lart\u00eb si burim fosfori. Fitaza p\u00ebr shfryt\u00ebzim m\u00eb t\u00eb mir\u00eb t\u00eb p\u00ebrmbajtjes s\u00eb [&hellip;]<\/p>\n","protected":false},"author":1,"featured_media":0,"parent":0,"menu_order":0,"comment_status":"closed","ping_status":"closed","template":"","meta":{"inline_featured_image":false,"footnotes":""},"class_list":["post-7829","page","type-page","status-publish","hentry"],"yoast_head":"<!-- This site is optimized with the Yoast SEO plugin v18.9 - https:\/\/yoast.com\/wordpress\/plugins\/seo\/ -->\n<title>SCHAUMAPHOS M 50 SF - Austria Praemix<\/title>\n<meta name=\"robots\" content=\"index, follow, max-snippet:-1, max-image-preview:large, max-video-preview:-1\" \/>\n<link rel=\"canonical\" href=\"https:\/\/ap.com.al\/?page_id=7829\" \/>\n<meta property=\"og:locale\" content=\"en_US\" \/>\n<meta property=\"og:type\" content=\"article\" \/>\n<meta property=\"og:title\" content=\"SCHAUMAPHOS M 50 SF - Austria Praemix\" \/>\n<meta property=\"og:description\" content=\"SCHAUMAPHOS M 50 SF P\u00ebrmban t\u00eb gjitha mineralet dhe vitaminat thelb\u00ebsore t\u00eb p\u00ebrshtatura sipas k\u00ebrkes\u00ebs s\u00eb derrave t\u00eb majm\u00ebris\u00eb P\u00ebrfshin aminoacidin 100% t\u00eb tretsh\u00ebm Lizin\u00ebn. Bonvital p\u00ebr stabilizimin e flor\u00ebs intestinale, optimizimin e tretjes dhe p\u00ebrmir\u00ebsimin e sh\u00ebndetit. MCP me cil\u00ebsi t\u00eb lart\u00eb si burim fosfori. Fitaza p\u00ebr shfryt\u00ebzim m\u00eb t\u00eb mir\u00eb t\u00eb p\u00ebrmbajtjes s\u00eb [&hellip;]\" \/>\n<meta property=\"og:url\" content=\"https:\/\/ap.com.al\/?page_id=7829\" \/>\n<meta property=\"og:site_name\" content=\"Austria Praemix\" \/>\n<meta property=\"article:publisher\" content=\"https:\/\/www.facebook.com\/austriapraemiks\/\" \/>\n<meta property=\"article:modified_time\" content=\"2022-06-01T09:19:18+00:00\" \/>\n<meta property=\"og:image\" content=\"https:\/\/ap.com.al\/wp-content\/uploads\/2022\/03\/Asset-54-1.png\" \/>\n<meta name=\"twitter:card\" content=\"summary_large_image\" \/>\n<meta name=\"twitter:label1\" content=\"Est. reading time\" \/>\n\t<meta name=\"twitter:data1\" content=\"1 minute\" \/>\n<script type=\"application\/ld+json\" class=\"yoast-schema-graph\">{\"@context\":\"https:\/\/schema.org\",\"@graph\":[{\"@type\":\"Organization\",\"@id\":\"https:\/\/ap.com.al\/#organization\",\"name\":\"Austria Preamix\",\"url\":\"https:\/\/ap.com.al\/\",\"sameAs\":[\"https:\/\/www.instagram.com\/austriapraemix\/\",\"https:\/\/www.facebook.com\/austriapraemiks\/\"],\"logo\":{\"@type\":\"ImageObject\",\"inLanguage\":\"en-US\",\"@id\":\"https:\/\/ap.com.al\/#\/schema\/logo\/image\/\",\"url\":\"https:\/\/ap.com.al\/wp-content\/uploads\/2022\/02\/AP-logo.png\",\"contentUrl\":\"https:\/\/ap.com.al\/wp-content\/uploads\/2022\/02\/AP-logo.png\",\"width\":3358,\"height\":1616,\"caption\":\"Austria Preamix\"},\"image\":{\"@id\":\"https:\/\/ap.com.al\/#\/schema\/logo\/image\/\"}},{\"@type\":\"WebSite\",\"@id\":\"https:\/\/ap.com.al\/#website\",\"url\":\"https:\/\/ap.com.al\/\",\"name\":\"Austria Praemix\",\"description\":\"\",\"publisher\":{\"@id\":\"https:\/\/ap.com.al\/#organization\"},\"potentialAction\":[{\"@type\":\"SearchAction\",\"target\":{\"@type\":\"EntryPoint\",\"urlTemplate\":\"https:\/\/ap.com.al\/?s={search_term_string}\"},\"query-input\":\"required name=search_term_string\"}],\"inLanguage\":\"en-US\"},{\"@type\":\"ImageObject\",\"inLanguage\":\"en-US\",\"@id\":\"https:\/\/ap.com.al\/?page_id=7829#primaryimage\",\"url\":\"https:\/\/ap.com.al\/wp-content\/uploads\/2022\/03\/Asset-54-1.png\",\"contentUrl\":\"https:\/\/ap.com.al\/wp-content\/uploads\/2022\/03\/Asset-54-1.png\",\"width\":355,\"height\":354},{\"@type\":\"WebPage\",\"@id\":\"https:\/\/ap.com.al\/?page_id=7829#webpage\",\"url\":\"https:\/\/ap.com.al\/?page_id=7829\",\"name\":\"SCHAUMAPHOS M 50 SF - Austria Praemix\",\"isPartOf\":{\"@id\":\"https:\/\/ap.com.al\/#website\"},\"primaryImageOfPage\":{\"@id\":\"https:\/\/ap.com.al\/?page_id=7829#primaryimage\"},\"datePublished\":\"2022-05-30T12:24:21+00:00\",\"dateModified\":\"2022-06-01T09:19:18+00:00\",\"breadcrumb\":{\"@id\":\"https:\/\/ap.com.al\/?page_id=7829#breadcrumb\"},\"inLanguage\":\"en-US\",\"potentialAction\":[{\"@type\":\"ReadAction\",\"target\":[\"https:\/\/ap.com.al\/?page_id=7829\"]}]},{\"@type\":\"BreadcrumbList\",\"@id\":\"https:\/\/ap.com.al\/?page_id=7829#breadcrumb\",\"itemListElement\":[{\"@type\":\"ListItem\",\"position\":1,\"name\":\"Home\",\"item\":\"https:\/\/ap.com.al\/\"},{\"@type\":\"ListItem\",\"position\":2,\"name\":\"SCHAUMAPHOS M 50 SF\"}]}]}<\/script>\n<!-- \/ Yoast SEO plugin. -->","yoast_head_json":{"title":"SCHAUMAPHOS M 50 SF - Austria Praemix","robots":{"index":"index","follow":"follow","max-snippet":"max-snippet:-1","max-image-preview":"max-image-preview:large","max-video-preview":"max-video-preview:-1"},"canonical":"https:\/\/ap.com.al\/?page_id=7829","og_locale":"en_US","og_type":"article","og_title":"SCHAUMAPHOS M 50 SF - Austria Praemix","og_description":"SCHAUMAPHOS M 50 SF P\u00ebrmban t\u00eb gjitha mineralet dhe vitaminat thelb\u00ebsore t\u00eb p\u00ebrshtatura sipas k\u00ebrkes\u00ebs s\u00eb derrave t\u00eb majm\u00ebris\u00eb P\u00ebrfshin aminoacidin 100% t\u00eb tretsh\u00ebm Lizin\u00ebn. Bonvital p\u00ebr stabilizimin e flor\u00ebs intestinale, optimizimin e tretjes dhe p\u00ebrmir\u00ebsimin e sh\u00ebndetit. MCP me cil\u00ebsi t\u00eb lart\u00eb si burim fosfori. Fitaza p\u00ebr shfryt\u00ebzim m\u00eb t\u00eb mir\u00eb t\u00eb p\u00ebrmbajtjes s\u00eb [&hellip;]","og_url":"https:\/\/ap.com.al\/?page_id=7829","og_site_name":"Austria Praemix","article_publisher":"https:\/\/www.facebook.com\/austriapraemiks\/","article_modified_time":"2022-06-01T09:19:18+00:00","og_image":[{"url":"https:\/\/ap.com.al\/wp-content\/uploads\/2022\/03\/Asset-54-1.png"}],"twitter_card":"summary_large_image","twitter_misc":{"Est. reading time":"1 minute"},"schema":{"@context":"https:\/\/schema.org","@graph":[{"@type":"Organization","@id":"https:\/\/ap.com.al\/#organization","name":"Austria Preamix","url":"https:\/\/ap.com.al\/","sameAs":["https:\/\/www.instagram.com\/austriapraemix\/","https:\/\/www.facebook.com\/austriapraemiks\/"],"logo":{"@type":"ImageObject","inLanguage":"en-US","@id":"https:\/\/ap.com.al\/#\/schema\/logo\/image\/","url":"https:\/\/ap.com.al\/wp-content\/uploads\/2022\/02\/AP-logo.png","contentUrl":"https:\/\/ap.com.al\/wp-content\/uploads\/2022\/02\/AP-logo.png","width":3358,"height":1616,"caption":"Austria Preamix"},"image":{"@id":"https:\/\/ap.com.al\/#\/schema\/logo\/image\/"}},{"@type":"WebSite","@id":"https:\/\/ap.com.al\/#website","url":"https:\/\/ap.com.al\/","name":"Austria Praemix","description":"","publisher":{"@id":"https:\/\/ap.com.al\/#organization"},"potentialAction":[{"@type":"SearchAction","target":{"@type":"EntryPoint","urlTemplate":"https:\/\/ap.com.al\/?s={search_term_string}"},"query-input":"required name=search_term_string"}],"inLanguage":"en-US"},{"@type":"ImageObject","inLanguage":"en-US","@id":"https:\/\/ap.com.al\/?page_id=7829#primaryimage","url":"https:\/\/ap.com.al\/wp-content\/uploads\/2022\/03\/Asset-54-1.png","contentUrl":"https:\/\/ap.com.al\/wp-content\/uploads\/2022\/03\/Asset-54-1.png","width":355,"height":354},{"@type":"WebPage","@id":"https:\/\/ap.com.al\/?page_id=7829#webpage","url":"https:\/\/ap.com.al\/?page_id=7829","name":"SCHAUMAPHOS M 50 SF - Austria Praemix","isPartOf":{"@id":"https:\/\/ap.com.al\/#website"},"primaryImageOfPage":{"@id":"https:\/\/ap.com.al\/?page_id=7829#primaryimage"},"datePublished":"2022-05-30T12:24:21+00:00","dateModified":"2022-06-01T09:19:18+00:00","breadcrumb":{"@id":"https:\/\/ap.com.al\/?page_id=7829#breadcrumb"},"inLanguage":"en-US","potentialAction":[{"@type":"ReadAction","target":["https:\/\/ap.com.al\/?page_id=7829"]}]},{"@type":"BreadcrumbList","@id":"https:\/\/ap.com.al\/?page_id=7829#breadcrumb","itemListElement":[{"@type":"ListItem","position":1,"name":"Home","item":"https:\/\/ap.com.al\/"},{"@type":"ListItem","position":2,"name":"SCHAUMAPHOS M 50 SF"}]}]}},"_links":{"self":[{"href":"https:\/\/ap.com.al\/index.php?rest_route=\/wp\/v2\/pages\/7829","targetHints":{"allow":["GET"]}}],"collection":[{"href":"https:\/\/ap.com.al\/index.php?rest_route=\/wp\/v2\/pages"}],"about":[{"href":"https:\/\/ap.com.al\/index.php?rest_route=\/wp\/v2\/types\/page"}],"author":[{"embeddable":true,"href":"https:\/\/ap.com.al\/index.php?rest_route=\/wp\/v2\/users\/1"}],"replies":[{"embeddable":true,"href":"https:\/\/ap.com.al\/index.php?rest_route=%2Fwp%2Fv2%2Fcomments&post=7829"}],"version-history":[{"count":3,"href":"https:\/\/ap.com.al\/index.php?rest_route=\/wp\/v2\/pages\/7829\/revisions"}],"predecessor-version":[{"id":8064,"href":"https:\/\/ap.com.al\/index.php?rest_route=\/wp\/v2\/pages\/7829\/revisions\/8064"}],"wp:attachment":[{"href":"https:\/\/ap.com.al\/index.php?rest_route=%2Fwp%2Fv2%2Fmedia&parent=7829"}],"curies":[{"name":"wp","href":"https:\/\/api.w.org\/{rel}","templated":true}]}}