{"id":7835,"date":"2022-05-30T12:36:09","date_gmt":"2022-05-30T12:36:09","guid":{"rendered":"https:\/\/ap.com.al\/?page_id=7835"},"modified":"2022-06-01T14:07:29","modified_gmt":"2022-06-01T14:07:29","slug":"pre-natupig-m","status":"publish","type":"page","link":"https:\/\/ap.com.al\/?page_id=7835","title":{"rendered":"PRE NATUPIG M"},"content":{"rendered":"\n<style>\n  #oniiii{\n    background-image:url(\"https:\/\/ap.com.al\/wp-content\/uploads\/2022\/05\/pigg.jpg\");\n    padding-bottom: 32%;\n    background-position:center center;\n    background-repeat: no-repeat;\n    background-size:cover;\n  }\n  <\/style>\n  <script src=\"https:\/\/code.jquery.com\/jquery-3.5.0.js\">\n<\/script>\n\n<div id=\"oniiii\"><\/div>\n \n<script>\n$( \"#oniiii\" ).insertBefore( \".container_wrap_first\" );\n<\/script>\n\n\n\n<div class=\"wp-block-columns\" id=\"containerr\">\n<div class=\"wp-block-column\">\n<div class=\"avia_textblock\" itemprop=\"text\"><h4 style=\"color:#005a8c;\n\">PRE NATUPIG M 200-1.5<\/h4>\n<\/div>\n<\/div>\n<\/div>\n\n\n\n<div class=\"wp-block-columns\" id=\"containerr\">\n<div class=\"wp-block-column\">\n<div class=\"detail__certificates-item-icon\">\n<img decoding=\"async\" alt=\"PRE NATUPIG M 200-1.5\" src=\"https:\/\/ap.com.al\/wp-content\/uploads\/2022\/03\/Asset-54-1.png\">\n<\/div>\n<\/div>\n<\/div>\n\n\n\n<div class=\"wp-block-columns\" id=\"containerr\">\n<div class=\"wp-block-column\">\n<div class=\"list\">\n<div class=\"blue_marker_list\">\n<h4 style=\"padding-top: 20px;\">Premiks p\u00ebr derra n\u00eb periudh\u00ebn e majm\u00ebris\u00eb<\/h4>\n<p style=\"margin-top: unset;\">P\u00ebrmbajta n\u00eb komponent\u00eb:<\/p>\n<\/div>\n<table>\n  <tr>\n    <td>Kalcium<\/td>\n    <td>5,0 %<\/td>\n   \n  <\/tr>\n  <tr>\n    <td>Magnez<\/td>\n    <td>4,0 %<\/td>\n    \n  <\/tr>\n  <tr>\n    <td>Threonine<\/td>\n    <td>7,0 %<\/td>\n   \n  <\/tr>\n  <tr>\n    <td>Fosfor<\/td>\n    <td>4,0 %<\/td>\n    \n  <\/tr>\n  <tr>\n    <td>Lizin\u00eb<\/td>\n    <td>20,0 %<\/td>\n    \n  <\/tr>\n<tr>\n    <td>HCI \u2013 hi i patretsh\u00ebm <\/td>\n    <td>1,7 %<\/td>\n    \n  <\/tr>\n<tr>\n    <td>Natrium<\/td>\n    <td>11,0 %<\/td>\n    \n  <\/tr>\n<tr>\n    <td>Metionin<\/td>\n    <td>4,0 %<\/td>\n    \n  <\/tr>\n<\/table>\n<\/div>\n\n\n\n<div class=\"list\">\n<div class=\"blue_marker_list\">\n<h4 style=\"padding-top: 20px;\">L\u00ebnd\u00ebt shtes\u00eb p\u00ebr Kg:<\/h4>\n<p style=\"margin-top: unset;\">Vitamina dhe provitamina<\/p>\n<\/div>\n<table>\n  <tr>\n    <td>Vitamin A<\/td>\n    <td>433.330 NE<\/td>\n   \n  <\/tr>\n  <tr>\n    <td>Vitamin D3<\/td>\n    <td>120.000 NE<\/td>\n    \n  <\/tr>\n  <tr>\n    <td>Vitamin E<\/td>\n    <td>6.000 mg<\/td>\n   \n  <\/tr>\n  \n<\/table>\n<\/div>\n\n\n\n<div class=\"blue_marker_list\">\n\n<h4 style=\"padding: 20px 0;\">Mikroelemente<\/h4>\n<\/div>\n\n\n\n<table>\n\n  <tr>\n    <td>Hekur (Hekur-(II)-Sulfat, Monohidrat)<\/td>\n    <td>2.400 mg<\/td>\n   \n  <\/tr>\n  <tr>\n    <td>Baker (Bi-lisinate Bakri)<\/td>\n    <td>500 mg<\/td>\n    \n  <\/tr>\n  <tr>\n    <td>Zink  ((Bis-lisinate Zinku)<\/td>\n    <td>1.700 mg<\/td>\n   \n  <\/tr>\n  <tr>\n    <td>Mangan  (Glicine-Xhelatine Mangani, Hidrat)<\/td>\n    <td>500 mg<\/td>\n    \n  <\/tr>\n  <tr>\n    <td>Jod (Jodat Kalciumi, pa uje)<\/td>\n    <td>100 mg<\/td>\n    \n  <\/tr>\n<tr>\n    <td>Selen  (Selenite Natriumi) <\/td>\n    <td>28 mg<\/td>\n    \n  <\/tr>\n<tr>\n    <td style=\"font-weight: bold;\">ENZIMA<\/td>\n    <td><\/td>\n    \n  <\/tr>\n<tr>\n    <td>6-Fitaze <\/td>\n    <td>66.670 FTU<\/td>\n    \n  <\/tr>\n<\/table>\n\n\n\n<div class=\"blue_marker_list\">\n<h4 style=\"padding-top: 20px;\"> P\u00ebrb\u00ebrja:<\/h4>\n<ul style=\"list-style-type: square; \n\tpadding-left: 1em;\">\n<li>Klorid natriumi<\/li>\n<li>Fosfat monokalciumi<\/li>\n<li>Oksid magnezi, CERAVITAL\u00aeXP (Nenprodukte nga fermentimi I substrateve bimore bashke me kerpudha)<\/li>\n<li>Karbonat kalciumi<\/li>\n<li>P\u00ebrmban nj\u00eb p\u00ebrzierje t\u00eb kompletuar nga Schaumann me (Vitamina dhe Mikroelemente).<\/li>\n\n<\/ul>\n<\/div>\n\n\n\n<div class=\"blue_marker_list\">\n<h4 style=\"padding-top: 20px;\"> P\u00ebrdorimi:<\/h4>\n<ul style=\"list-style-type: square; \n\tpadding-left: 1em;\">\n<li>Duke ju bazuar perqindjes se larte te vitamines A vitamines D3, Mikroelementeve, Fitazes dhe Bonvitalit  ky produkt mund te perdoret deri ne 1,5 % te racionit ditor vetem tek derrat e majmerise.<\/li>\n\n\n<\/ul>\n<\/div>\n<\/div>\n<\/div>\n","protected":false},"excerpt":{"rendered":"<p>PRE NATUPIG M 200-1.5 Premiks p\u00ebr derra n\u00eb periudh\u00ebn e majm\u00ebris\u00eb P\u00ebrmbajta n\u00eb komponent\u00eb: Kalcium 5,0 % Magnez 4,0 % Threonine 7,0 % Fosfor 4,0 % Lizin\u00eb 20,0 % HCI \u2013 hi i patretsh\u00ebm 1,7 % Natrium 11,0 % Metionin 4,0 % L\u00ebnd\u00ebt shtes\u00eb p\u00ebr Kg: Vitamina dhe provitamina Vitamin A 433.330 NE Vitamin D3 [&hellip;]<\/p>\n","protected":false},"author":1,"featured_media":0,"parent":0,"menu_order":0,"comment_status":"closed","ping_status":"closed","template":"","meta":{"inline_featured_image":false,"footnotes":""},"class_list":["post-7835","page","type-page","status-publish","hentry"],"yoast_head":"<!-- This site is optimized with the Yoast SEO plugin v18.9 - https:\/\/yoast.com\/wordpress\/plugins\/seo\/ -->\n<title>PRE NATUPIG M - Austria Praemix<\/title>\n<meta name=\"robots\" content=\"index, follow, max-snippet:-1, max-image-preview:large, max-video-preview:-1\" \/>\n<link rel=\"canonical\" href=\"https:\/\/ap.com.al\/?page_id=7835\" \/>\n<meta property=\"og:locale\" content=\"en_US\" \/>\n<meta property=\"og:type\" content=\"article\" \/>\n<meta property=\"og:title\" content=\"PRE NATUPIG M - Austria Praemix\" \/>\n<meta property=\"og:description\" content=\"PRE NATUPIG M 200-1.5 Premiks p\u00ebr derra n\u00eb periudh\u00ebn e majm\u00ebris\u00eb P\u00ebrmbajta n\u00eb komponent\u00eb: Kalcium 5,0 % Magnez 4,0 % Threonine 7,0 % Fosfor 4,0 % Lizin\u00eb 20,0 % HCI \u2013 hi i patretsh\u00ebm 1,7 % Natrium 11,0 % Metionin 4,0 % L\u00ebnd\u00ebt shtes\u00eb p\u00ebr Kg: Vitamina dhe provitamina Vitamin A 433.330 NE Vitamin D3 [&hellip;]\" \/>\n<meta property=\"og:url\" content=\"https:\/\/ap.com.al\/?page_id=7835\" \/>\n<meta property=\"og:site_name\" content=\"Austria Praemix\" \/>\n<meta property=\"article:publisher\" content=\"https:\/\/www.facebook.com\/austriapraemiks\/\" \/>\n<meta property=\"article:modified_time\" content=\"2022-06-01T14:07:29+00:00\" \/>\n<meta property=\"og:image\" content=\"https:\/\/ap.com.al\/wp-content\/uploads\/2022\/03\/Asset-54-1.png\" \/>\n<meta name=\"twitter:card\" content=\"summary_large_image\" \/>\n<meta name=\"twitter:label1\" content=\"Est. reading time\" \/>\n\t<meta name=\"twitter:data1\" content=\"1 minute\" \/>\n<script type=\"application\/ld+json\" class=\"yoast-schema-graph\">{\"@context\":\"https:\/\/schema.org\",\"@graph\":[{\"@type\":\"Organization\",\"@id\":\"https:\/\/ap.com.al\/#organization\",\"name\":\"Austria Preamix\",\"url\":\"https:\/\/ap.com.al\/\",\"sameAs\":[\"https:\/\/www.instagram.com\/austriapraemix\/\",\"https:\/\/www.facebook.com\/austriapraemiks\/\"],\"logo\":{\"@type\":\"ImageObject\",\"inLanguage\":\"en-US\",\"@id\":\"https:\/\/ap.com.al\/#\/schema\/logo\/image\/\",\"url\":\"https:\/\/ap.com.al\/wp-content\/uploads\/2022\/02\/AP-logo.png\",\"contentUrl\":\"https:\/\/ap.com.al\/wp-content\/uploads\/2022\/02\/AP-logo.png\",\"width\":3358,\"height\":1616,\"caption\":\"Austria Preamix\"},\"image\":{\"@id\":\"https:\/\/ap.com.al\/#\/schema\/logo\/image\/\"}},{\"@type\":\"WebSite\",\"@id\":\"https:\/\/ap.com.al\/#website\",\"url\":\"https:\/\/ap.com.al\/\",\"name\":\"Austria Praemix\",\"description\":\"\",\"publisher\":{\"@id\":\"https:\/\/ap.com.al\/#organization\"},\"potentialAction\":[{\"@type\":\"SearchAction\",\"target\":{\"@type\":\"EntryPoint\",\"urlTemplate\":\"https:\/\/ap.com.al\/?s={search_term_string}\"},\"query-input\":\"required name=search_term_string\"}],\"inLanguage\":\"en-US\"},{\"@type\":\"ImageObject\",\"inLanguage\":\"en-US\",\"@id\":\"https:\/\/ap.com.al\/?page_id=7835#primaryimage\",\"url\":\"https:\/\/ap.com.al\/wp-content\/uploads\/2022\/03\/Asset-54-1.png\",\"contentUrl\":\"https:\/\/ap.com.al\/wp-content\/uploads\/2022\/03\/Asset-54-1.png\",\"width\":355,\"height\":354},{\"@type\":\"WebPage\",\"@id\":\"https:\/\/ap.com.al\/?page_id=7835#webpage\",\"url\":\"https:\/\/ap.com.al\/?page_id=7835\",\"name\":\"PRE NATUPIG M - Austria Praemix\",\"isPartOf\":{\"@id\":\"https:\/\/ap.com.al\/#website\"},\"primaryImageOfPage\":{\"@id\":\"https:\/\/ap.com.al\/?page_id=7835#primaryimage\"},\"datePublished\":\"2022-05-30T12:36:09+00:00\",\"dateModified\":\"2022-06-01T14:07:29+00:00\",\"breadcrumb\":{\"@id\":\"https:\/\/ap.com.al\/?page_id=7835#breadcrumb\"},\"inLanguage\":\"en-US\",\"potentialAction\":[{\"@type\":\"ReadAction\",\"target\":[\"https:\/\/ap.com.al\/?page_id=7835\"]}]},{\"@type\":\"BreadcrumbList\",\"@id\":\"https:\/\/ap.com.al\/?page_id=7835#breadcrumb\",\"itemListElement\":[{\"@type\":\"ListItem\",\"position\":1,\"name\":\"Home\",\"item\":\"https:\/\/ap.com.al\/\"},{\"@type\":\"ListItem\",\"position\":2,\"name\":\"PRE NATUPIG M\"}]}]}<\/script>\n<!-- \/ Yoast SEO plugin. -->","yoast_head_json":{"title":"PRE NATUPIG M - Austria Praemix","robots":{"index":"index","follow":"follow","max-snippet":"max-snippet:-1","max-image-preview":"max-image-preview:large","max-video-preview":"max-video-preview:-1"},"canonical":"https:\/\/ap.com.al\/?page_id=7835","og_locale":"en_US","og_type":"article","og_title":"PRE NATUPIG M - Austria Praemix","og_description":"PRE NATUPIG M 200-1.5 Premiks p\u00ebr derra n\u00eb periudh\u00ebn e majm\u00ebris\u00eb P\u00ebrmbajta n\u00eb komponent\u00eb: Kalcium 5,0 % Magnez 4,0 % Threonine 7,0 % Fosfor 4,0 % Lizin\u00eb 20,0 % HCI \u2013 hi i patretsh\u00ebm 1,7 % Natrium 11,0 % Metionin 4,0 % L\u00ebnd\u00ebt shtes\u00eb p\u00ebr Kg: Vitamina dhe provitamina Vitamin A 433.330 NE Vitamin D3 [&hellip;]","og_url":"https:\/\/ap.com.al\/?page_id=7835","og_site_name":"Austria Praemix","article_publisher":"https:\/\/www.facebook.com\/austriapraemiks\/","article_modified_time":"2022-06-01T14:07:29+00:00","og_image":[{"url":"https:\/\/ap.com.al\/wp-content\/uploads\/2022\/03\/Asset-54-1.png"}],"twitter_card":"summary_large_image","twitter_misc":{"Est. reading time":"1 minute"},"schema":{"@context":"https:\/\/schema.org","@graph":[{"@type":"Organization","@id":"https:\/\/ap.com.al\/#organization","name":"Austria Preamix","url":"https:\/\/ap.com.al\/","sameAs":["https:\/\/www.instagram.com\/austriapraemix\/","https:\/\/www.facebook.com\/austriapraemiks\/"],"logo":{"@type":"ImageObject","inLanguage":"en-US","@id":"https:\/\/ap.com.al\/#\/schema\/logo\/image\/","url":"https:\/\/ap.com.al\/wp-content\/uploads\/2022\/02\/AP-logo.png","contentUrl":"https:\/\/ap.com.al\/wp-content\/uploads\/2022\/02\/AP-logo.png","width":3358,"height":1616,"caption":"Austria Preamix"},"image":{"@id":"https:\/\/ap.com.al\/#\/schema\/logo\/image\/"}},{"@type":"WebSite","@id":"https:\/\/ap.com.al\/#website","url":"https:\/\/ap.com.al\/","name":"Austria Praemix","description":"","publisher":{"@id":"https:\/\/ap.com.al\/#organization"},"potentialAction":[{"@type":"SearchAction","target":{"@type":"EntryPoint","urlTemplate":"https:\/\/ap.com.al\/?s={search_term_string}"},"query-input":"required name=search_term_string"}],"inLanguage":"en-US"},{"@type":"ImageObject","inLanguage":"en-US","@id":"https:\/\/ap.com.al\/?page_id=7835#primaryimage","url":"https:\/\/ap.com.al\/wp-content\/uploads\/2022\/03\/Asset-54-1.png","contentUrl":"https:\/\/ap.com.al\/wp-content\/uploads\/2022\/03\/Asset-54-1.png","width":355,"height":354},{"@type":"WebPage","@id":"https:\/\/ap.com.al\/?page_id=7835#webpage","url":"https:\/\/ap.com.al\/?page_id=7835","name":"PRE NATUPIG M - Austria Praemix","isPartOf":{"@id":"https:\/\/ap.com.al\/#website"},"primaryImageOfPage":{"@id":"https:\/\/ap.com.al\/?page_id=7835#primaryimage"},"datePublished":"2022-05-30T12:36:09+00:00","dateModified":"2022-06-01T14:07:29+00:00","breadcrumb":{"@id":"https:\/\/ap.com.al\/?page_id=7835#breadcrumb"},"inLanguage":"en-US","potentialAction":[{"@type":"ReadAction","target":["https:\/\/ap.com.al\/?page_id=7835"]}]},{"@type":"BreadcrumbList","@id":"https:\/\/ap.com.al\/?page_id=7835#breadcrumb","itemListElement":[{"@type":"ListItem","position":1,"name":"Home","item":"https:\/\/ap.com.al\/"},{"@type":"ListItem","position":2,"name":"PRE NATUPIG M"}]}]}},"_links":{"self":[{"href":"https:\/\/ap.com.al\/index.php?rest_route=\/wp\/v2\/pages\/7835","targetHints":{"allow":["GET"]}}],"collection":[{"href":"https:\/\/ap.com.al\/index.php?rest_route=\/wp\/v2\/pages"}],"about":[{"href":"https:\/\/ap.com.al\/index.php?rest_route=\/wp\/v2\/types\/page"}],"author":[{"embeddable":true,"href":"https:\/\/ap.com.al\/index.php?rest_route=\/wp\/v2\/users\/1"}],"replies":[{"embeddable":true,"href":"https:\/\/ap.com.al\/index.php?rest_route=%2Fwp%2Fv2%2Fcomments&post=7835"}],"version-history":[{"count":17,"href":"https:\/\/ap.com.al\/index.php?rest_route=\/wp\/v2\/pages\/7835\/revisions"}],"predecessor-version":[{"id":8163,"href":"https:\/\/ap.com.al\/index.php?rest_route=\/wp\/v2\/pages\/7835\/revisions\/8163"}],"wp:attachment":[{"href":"https:\/\/ap.com.al\/index.php?rest_route=%2Fwp%2Fv2%2Fmedia&parent=7835"}],"curies":[{"name":"wp","href":"https:\/\/api.w.org\/{rel}","templated":true}]}}