{"id":7866,"date":"2022-05-30T13:49:18","date_gmt":"2022-05-30T13:49:18","guid":{"rendered":"https:\/\/ap.com.al\/?page_id=7866"},"modified":"2022-06-01T09:21:32","modified_gmt":"2022-06-01T09:21:32","slug":"schaumann-faserkonzetrat","status":"publish","type":"page","link":"https:\/\/ap.com.al\/?page_id=7866","title":{"rendered":"SCHAUMANN &#8211; FASERKONZETRAT"},"content":{"rendered":"\n<style>\n  #oniiii{\n    background-image:url(\"https:\/\/ap.com.al\/wp-content\/uploads\/2022\/05\/pigg.jpg\");\n    padding-bottom: 32%;\n    background-position:center left;\n    background-repeat: no-repeat;\n    background-size:cover;\n  }\n  <\/style>\n  <script src=\"https:\/\/code.jquery.com\/jquery-3.5.0.js\">\n<\/script>\n\n<div id=\"oniiii\"><\/div>\n \n<script>\n$( \"#oniiii\" ).insertBefore( \".container_wrap_first\" );\n<\/script>\n\n\n\n<div class=\"wp-block-columns\" id=\"containerr\">\n<div class=\"wp-block-column\">\n<div class=\"avia_textblock\" itemprop=\"text\"><h4 style=\"color:#005a8c;\n\">SCHAUMANN &#8211; FASERKONZETRAT<\/h4>\n<\/div>\n<\/div>\n<\/div>\n\n\n\n<div class=\"wp-block-columns\" id=\"containerr\">\n<div class=\"wp-block-column\">\n<div class=\"detail__certificates-item-icon\">\n<img decoding=\"async\" alt=\"Icon SCHAUMANN - FASERKONZETRAT\" src=\"https:\/\/ap.com.al\/wp-content\/uploads\/2022\/03\/Asset-54-1.png\">\n<\/div>\n<\/div>\n<\/div>\n\n\n\n<div class=\"wp-block-columns\" id=\"containerr\">\n<div class=\"wp-block-column\">\n<div class=\"blue_marker_list\">\n<h4>Celuloz\u00eb e cil\u00ebsis\u00eb s\u00eb lart\u00eb p\u00ebr dosat n\u00eb prodhim<\/h4>\n<br>SCHAUMANN-FASERKONZETRAT \u00ebsht\u00eb nj\u00eb kombinim i nj\u00eb cil\u00ebsie t\u00eb lart\u00eb fibrash t\u00eb pap\u00ebrpunuara dhe e p\u00ebrb\u00ebr\u00eb nga krunde gruri, b\u00ebrsi frutash, molle, dhe melas\u00eb panxhari. SCHAUMANN-FASERKONZENTRAT si dhe SCHAUMACID jan\u00eb produkte me past\u00ebrti maksimale dhe nj\u00eb burim optimal p\u00ebr t\u00eb ngopur dosat n\u00eb prodhim. \n<br>SCHAUMANN &#8211; FASERKONZETRAT \u00ebsht\u00eb m\u00eb s\u00eb miri i p\u00ebrshtatsh\u00ebm p\u00ebr t\u00eb gjitha metodat e t\u00eb ushqyerit n\u00eb kategorit\u00eb dosa barr\u00ebse dhe laktacion. P\u00ebr shkak t\u00eb koncentrimit t\u00eb lart\u00eb n\u00eb fibra, jan\u00eb t\u00eb nevojshme vet\u00ebm sasi t\u00eb ulta p\u00ebrdorimi n\u00eb racion ushqimor.\n<\/div>\n\n\n\n<div class=\"blue_marker_list\">\n<h4 style=\"padding-top: 20px;\">Avantazhet e SCHAUMANN \u2013 FASERKONZETRAT:<\/h4>\n<ul style=\"list-style-type: square; \n\tpadding-left: 1em;\">\n<li>P\u00ebrmbajtje e fibrave krudo 20,4% kombinime optimale dhe t\u00eb efektshme n\u00ebp\u00ebrmjet nj\u00eb larmi fibrash.\n<\/li>\n<li>Nxitje e aktivitetit t\u00eb zorr\u00ebve, ndikim pozitiv tek mikroflora dhe rregullim i aparatit tret\u00ebs, n\u00eb k\u00ebt\u00eb m\u00ebnyr\u00eb kemi jasht\u00ebqitje t\u00eb lehta para lindje.<\/li>\n<li>SCHAUMACID mb\u00ebshtet m\u00eb tep\u00ebr mikroflor\u00ebn dhe ofron stabilitet n\u00eb produkt.<\/li>\n<li>\u00cbsht\u00eb i rekomanduesh\u00ebm p\u00ebr t\u00eb gjitha llojet e recetave n\u00eb dosat barr\u00ebse dhe ato t\u00eb laktacionit.<\/li>\n<li>P\u00ebrmir\u00ebson ndjesh\u00ebm sh\u00ebndetin e gjirit, nj\u00eb mas\u00eb parandaluese kund\u00ebr mastitit (vitamina E, mikro-makroelementet e lidhur organikisht me zink dhe bak\u00ebr).<\/li>\n\n<\/ul>\n\n<\/div>\n<\/div>\n<\/div>\n","protected":false},"excerpt":{"rendered":"<p>SCHAUMANN &#8211; FASERKONZETRAT Celuloz\u00eb e cil\u00ebsis\u00eb s\u00eb lart\u00eb p\u00ebr dosat n\u00eb prodhim SCHAUMANN-FASERKONZETRAT \u00ebsht\u00eb nj\u00eb kombinim i nj\u00eb cil\u00ebsie t\u00eb lart\u00eb fibrash t\u00eb pap\u00ebrpunuara dhe e p\u00ebrb\u00ebr\u00eb nga krunde gruri, b\u00ebrsi frutash, molle, dhe melas\u00eb panxhari. SCHAUMANN-FASERKONZENTRAT si dhe SCHAUMACID jan\u00eb produkte me past\u00ebrti maksimale dhe nj\u00eb burim optimal p\u00ebr t\u00eb ngopur dosat n\u00eb prodhim. [&hellip;]<\/p>\n","protected":false},"author":1,"featured_media":0,"parent":0,"menu_order":0,"comment_status":"closed","ping_status":"closed","template":"","meta":{"inline_featured_image":false,"footnotes":""},"class_list":["post-7866","page","type-page","status-publish","hentry"],"yoast_head":"<!-- This site is optimized with the Yoast SEO plugin v18.9 - https:\/\/yoast.com\/wordpress\/plugins\/seo\/ -->\n<title>SCHAUMANN - FASERKONZETRAT - Austria Praemix<\/title>\n<meta name=\"robots\" content=\"index, follow, max-snippet:-1, max-image-preview:large, max-video-preview:-1\" \/>\n<link rel=\"canonical\" href=\"https:\/\/ap.com.al\/?page_id=7866\" \/>\n<meta property=\"og:locale\" content=\"en_US\" \/>\n<meta property=\"og:type\" content=\"article\" \/>\n<meta property=\"og:title\" content=\"SCHAUMANN - FASERKONZETRAT - Austria Praemix\" \/>\n<meta property=\"og:description\" content=\"SCHAUMANN &#8211; FASERKONZETRAT Celuloz\u00eb e cil\u00ebsis\u00eb s\u00eb lart\u00eb p\u00ebr dosat n\u00eb prodhim SCHAUMANN-FASERKONZETRAT \u00ebsht\u00eb nj\u00eb kombinim i nj\u00eb cil\u00ebsie t\u00eb lart\u00eb fibrash t\u00eb pap\u00ebrpunuara dhe e p\u00ebrb\u00ebr\u00eb nga krunde gruri, b\u00ebrsi frutash, molle, dhe melas\u00eb panxhari. SCHAUMANN-FASERKONZENTRAT si dhe SCHAUMACID jan\u00eb produkte me past\u00ebrti maksimale dhe nj\u00eb burim optimal p\u00ebr t\u00eb ngopur dosat n\u00eb prodhim. [&hellip;]\" \/>\n<meta property=\"og:url\" content=\"https:\/\/ap.com.al\/?page_id=7866\" \/>\n<meta property=\"og:site_name\" content=\"Austria Praemix\" \/>\n<meta property=\"article:publisher\" content=\"https:\/\/www.facebook.com\/austriapraemiks\/\" \/>\n<meta property=\"article:modified_time\" content=\"2022-06-01T09:21:32+00:00\" \/>\n<meta property=\"og:image\" content=\"https:\/\/ap.com.al\/wp-content\/uploads\/2022\/03\/Asset-54-1.png\" \/>\n<meta name=\"twitter:card\" content=\"summary_large_image\" \/>\n<meta name=\"twitter:label1\" content=\"Est. reading time\" \/>\n\t<meta name=\"twitter:data1\" content=\"2 minutes\" \/>\n<script type=\"application\/ld+json\" class=\"yoast-schema-graph\">{\"@context\":\"https:\/\/schema.org\",\"@graph\":[{\"@type\":\"Organization\",\"@id\":\"https:\/\/ap.com.al\/#organization\",\"name\":\"Austria Preamix\",\"url\":\"https:\/\/ap.com.al\/\",\"sameAs\":[\"https:\/\/www.instagram.com\/austriapraemix\/\",\"https:\/\/www.facebook.com\/austriapraemiks\/\"],\"logo\":{\"@type\":\"ImageObject\",\"inLanguage\":\"en-US\",\"@id\":\"https:\/\/ap.com.al\/#\/schema\/logo\/image\/\",\"url\":\"https:\/\/ap.com.al\/wp-content\/uploads\/2022\/02\/AP-logo.png\",\"contentUrl\":\"https:\/\/ap.com.al\/wp-content\/uploads\/2022\/02\/AP-logo.png\",\"width\":3358,\"height\":1616,\"caption\":\"Austria Preamix\"},\"image\":{\"@id\":\"https:\/\/ap.com.al\/#\/schema\/logo\/image\/\"}},{\"@type\":\"WebSite\",\"@id\":\"https:\/\/ap.com.al\/#website\",\"url\":\"https:\/\/ap.com.al\/\",\"name\":\"Austria Praemix\",\"description\":\"\",\"publisher\":{\"@id\":\"https:\/\/ap.com.al\/#organization\"},\"potentialAction\":[{\"@type\":\"SearchAction\",\"target\":{\"@type\":\"EntryPoint\",\"urlTemplate\":\"https:\/\/ap.com.al\/?s={search_term_string}\"},\"query-input\":\"required name=search_term_string\"}],\"inLanguage\":\"en-US\"},{\"@type\":\"ImageObject\",\"inLanguage\":\"en-US\",\"@id\":\"https:\/\/ap.com.al\/?page_id=7866#primaryimage\",\"url\":\"https:\/\/ap.com.al\/wp-content\/uploads\/2022\/03\/Asset-54-1.png\",\"contentUrl\":\"https:\/\/ap.com.al\/wp-content\/uploads\/2022\/03\/Asset-54-1.png\",\"width\":355,\"height\":354},{\"@type\":\"WebPage\",\"@id\":\"https:\/\/ap.com.al\/?page_id=7866#webpage\",\"url\":\"https:\/\/ap.com.al\/?page_id=7866\",\"name\":\"SCHAUMANN - FASERKONZETRAT - Austria Praemix\",\"isPartOf\":{\"@id\":\"https:\/\/ap.com.al\/#website\"},\"primaryImageOfPage\":{\"@id\":\"https:\/\/ap.com.al\/?page_id=7866#primaryimage\"},\"datePublished\":\"2022-05-30T13:49:18+00:00\",\"dateModified\":\"2022-06-01T09:21:32+00:00\",\"breadcrumb\":{\"@id\":\"https:\/\/ap.com.al\/?page_id=7866#breadcrumb\"},\"inLanguage\":\"en-US\",\"potentialAction\":[{\"@type\":\"ReadAction\",\"target\":[\"https:\/\/ap.com.al\/?page_id=7866\"]}]},{\"@type\":\"BreadcrumbList\",\"@id\":\"https:\/\/ap.com.al\/?page_id=7866#breadcrumb\",\"itemListElement\":[{\"@type\":\"ListItem\",\"position\":1,\"name\":\"Home\",\"item\":\"https:\/\/ap.com.al\/\"},{\"@type\":\"ListItem\",\"position\":2,\"name\":\"SCHAUMANN &#8211; FASERKONZETRAT\"}]}]}<\/script>\n<!-- \/ Yoast SEO plugin. -->","yoast_head_json":{"title":"SCHAUMANN - FASERKONZETRAT - Austria Praemix","robots":{"index":"index","follow":"follow","max-snippet":"max-snippet:-1","max-image-preview":"max-image-preview:large","max-video-preview":"max-video-preview:-1"},"canonical":"https:\/\/ap.com.al\/?page_id=7866","og_locale":"en_US","og_type":"article","og_title":"SCHAUMANN - FASERKONZETRAT - Austria Praemix","og_description":"SCHAUMANN &#8211; FASERKONZETRAT Celuloz\u00eb e cil\u00ebsis\u00eb s\u00eb lart\u00eb p\u00ebr dosat n\u00eb prodhim SCHAUMANN-FASERKONZETRAT \u00ebsht\u00eb nj\u00eb kombinim i nj\u00eb cil\u00ebsie t\u00eb lart\u00eb fibrash t\u00eb pap\u00ebrpunuara dhe e p\u00ebrb\u00ebr\u00eb nga krunde gruri, b\u00ebrsi frutash, molle, dhe melas\u00eb panxhari. SCHAUMANN-FASERKONZENTRAT si dhe SCHAUMACID jan\u00eb produkte me past\u00ebrti maksimale dhe nj\u00eb burim optimal p\u00ebr t\u00eb ngopur dosat n\u00eb prodhim. [&hellip;]","og_url":"https:\/\/ap.com.al\/?page_id=7866","og_site_name":"Austria Praemix","article_publisher":"https:\/\/www.facebook.com\/austriapraemiks\/","article_modified_time":"2022-06-01T09:21:32+00:00","og_image":[{"url":"https:\/\/ap.com.al\/wp-content\/uploads\/2022\/03\/Asset-54-1.png"}],"twitter_card":"summary_large_image","twitter_misc":{"Est. reading time":"2 minutes"},"schema":{"@context":"https:\/\/schema.org","@graph":[{"@type":"Organization","@id":"https:\/\/ap.com.al\/#organization","name":"Austria Preamix","url":"https:\/\/ap.com.al\/","sameAs":["https:\/\/www.instagram.com\/austriapraemix\/","https:\/\/www.facebook.com\/austriapraemiks\/"],"logo":{"@type":"ImageObject","inLanguage":"en-US","@id":"https:\/\/ap.com.al\/#\/schema\/logo\/image\/","url":"https:\/\/ap.com.al\/wp-content\/uploads\/2022\/02\/AP-logo.png","contentUrl":"https:\/\/ap.com.al\/wp-content\/uploads\/2022\/02\/AP-logo.png","width":3358,"height":1616,"caption":"Austria Preamix"},"image":{"@id":"https:\/\/ap.com.al\/#\/schema\/logo\/image\/"}},{"@type":"WebSite","@id":"https:\/\/ap.com.al\/#website","url":"https:\/\/ap.com.al\/","name":"Austria Praemix","description":"","publisher":{"@id":"https:\/\/ap.com.al\/#organization"},"potentialAction":[{"@type":"SearchAction","target":{"@type":"EntryPoint","urlTemplate":"https:\/\/ap.com.al\/?s={search_term_string}"},"query-input":"required name=search_term_string"}],"inLanguage":"en-US"},{"@type":"ImageObject","inLanguage":"en-US","@id":"https:\/\/ap.com.al\/?page_id=7866#primaryimage","url":"https:\/\/ap.com.al\/wp-content\/uploads\/2022\/03\/Asset-54-1.png","contentUrl":"https:\/\/ap.com.al\/wp-content\/uploads\/2022\/03\/Asset-54-1.png","width":355,"height":354},{"@type":"WebPage","@id":"https:\/\/ap.com.al\/?page_id=7866#webpage","url":"https:\/\/ap.com.al\/?page_id=7866","name":"SCHAUMANN - FASERKONZETRAT - Austria Praemix","isPartOf":{"@id":"https:\/\/ap.com.al\/#website"},"primaryImageOfPage":{"@id":"https:\/\/ap.com.al\/?page_id=7866#primaryimage"},"datePublished":"2022-05-30T13:49:18+00:00","dateModified":"2022-06-01T09:21:32+00:00","breadcrumb":{"@id":"https:\/\/ap.com.al\/?page_id=7866#breadcrumb"},"inLanguage":"en-US","potentialAction":[{"@type":"ReadAction","target":["https:\/\/ap.com.al\/?page_id=7866"]}]},{"@type":"BreadcrumbList","@id":"https:\/\/ap.com.al\/?page_id=7866#breadcrumb","itemListElement":[{"@type":"ListItem","position":1,"name":"Home","item":"https:\/\/ap.com.al\/"},{"@type":"ListItem","position":2,"name":"SCHAUMANN &#8211; FASERKONZETRAT"}]}]}},"_links":{"self":[{"href":"https:\/\/ap.com.al\/index.php?rest_route=\/wp\/v2\/pages\/7866","targetHints":{"allow":["GET"]}}],"collection":[{"href":"https:\/\/ap.com.al\/index.php?rest_route=\/wp\/v2\/pages"}],"about":[{"href":"https:\/\/ap.com.al\/index.php?rest_route=\/wp\/v2\/types\/page"}],"author":[{"embeddable":true,"href":"https:\/\/ap.com.al\/index.php?rest_route=\/wp\/v2\/users\/1"}],"replies":[{"embeddable":true,"href":"https:\/\/ap.com.al\/index.php?rest_route=%2Fwp%2Fv2%2Fcomments&post=7866"}],"version-history":[{"count":3,"href":"https:\/\/ap.com.al\/index.php?rest_route=\/wp\/v2\/pages\/7866\/revisions"}],"predecessor-version":[{"id":8070,"href":"https:\/\/ap.com.al\/index.php?rest_route=\/wp\/v2\/pages\/7866\/revisions\/8070"}],"wp:attachment":[{"href":"https:\/\/ap.com.al\/index.php?rest_route=%2Fwp%2Fv2%2Fmedia&parent=7866"}],"curies":[{"name":"wp","href":"https:\/\/api.w.org\/{rel}","templated":true}]}}