{"id":7881,"date":"2022-05-30T14:45:41","date_gmt":"2022-05-30T14:45:41","guid":{"rendered":"https:\/\/ap.com.al\/?page_id=7881"},"modified":"2022-06-01T09:22:04","modified_gmt":"2022-06-01T09:22:04","slug":"bonvital-top","status":"publish","type":"page","link":"https:\/\/ap.com.al\/?page_id=7881","title":{"rendered":"BONVITAL TOP"},"content":{"rendered":"\n<style>\n  #oniiii{\n    background-image:url(\"https:\/\/ap.com.al\/wp-content\/uploads\/2022\/05\/pigg.jpg\");\n    padding-bottom: 32%;\n    background-position:center left;\n    background-repeat: no-repeat;\n    background-size:cover;\n  }\n  <\/style>\n  <script src=\"https:\/\/code.jquery.com\/jquery-3.5.0.js\">\n<\/script>\n\n<div id=\"oniiii\"><\/div>\n \n<script>\n$( \"#oniiii\" ).insertBefore( \".container_wrap_first\" );\n<\/script>\n\n\n\n<div class=\"wp-block-columns\" id=\"containerr\">\n<div class=\"wp-block-column\">\n<div class=\"avia_textblock\" itemprop=\"text\"><h4 style=\"color:#005a8c;\n\">BONVITAL TOP<\/h4>\n<\/div>\n<\/div>\n<\/div>\n\n\n\n<div class=\"wp-block-columns\" id=\"containerr\">\n<div class=\"wp-block-column\">\n<div class=\"detail__certificates-item-icon\">\n<img decoding=\"async\" alt=\"Icon BONVITAL TOP\" src=\"https:\/\/ap.com.al\/wp-content\/uploads\/2022\/03\/Asset-54-1.png\">\n<\/div>\n<\/div>\n<\/div>\n\n\n\n<div class=\"wp-block-columns\" id=\"containerr\">\n<div class=\"wp-block-column\">\n<div class=\"blue_marker_list\">\n<h4 style=\"padding-top: 20px;\">Synimi i furnizimit me probiotik ekstra p\u00ebr derra<\/h4>\n<ul style=\"list-style-type: square; \n\tpadding-left: 1em;\">\n<li>P\u00ebrmban 1 x 10<sup>11 <\/sup>KBE BONVITAL p\u00ebr kilogram.<\/li>\n<li>Nxit sh\u00ebndetin e mikroflor\u00ebs dhe p\u00ebrmir\u00ebson absorbimin e l\u00ebnd\u00ebve ushqyese n\u00eb traktin gastrointensinal<\/li>\n<li>Kontribon n\u00eb rritjen e sigurt optimale dhe t\u00eb sh\u00ebndetshme t\u00eb kafsh\u00ebs.<\/li>\n<li>Mbi t\u00eb gjitha BONVITAL TOP siguron q\u00eb n\u00eb situata stresuese si temperatura t\u00eb larta, ndryshime klimaterike, munges\u00eb e higjen\u00ebs gjat\u00eb lindjes, gjat\u00eb shk\u00ebputjes, ndryshimi i stall\u00ebs, pranis\u00eb s\u00eb lart\u00eb t\u00eb infeksioneve, q\u00eb mikroflora t\u00eb jet\u00eb e ekuilibruar.<\/li>\n<li>\u00cbsht\u00eb i p\u00ebrshtatsh\u00ebm p\u00ebr t\u00eb gjitha fazat e mbar\u00ebshtimit t\u00eb derrit; n\u00eb sektorin e dosave n\u00eb prodhim \u00ebsht\u00eb po aq i domosdosh\u00ebm si te ai i shk\u00ebputjes dhe i majmeris\u00eb p\u00ebrfundimtare.<\/li>\n\n\n<\/ul>\n\n<\/div>\n\n\n\n<div class=\"blue_marker_list\">\n<h4 style=\"padding-top: 20px;\">Sasia e p\u00ebrdorimit t\u00eb rekomanduar: <\/h4>\n<ul style=\"list-style-type: square; \n\tpadding-left: 1em;\">\n<li>Gica: 0,5\u20131,0 %<\/li>\n<li>Dosa n\u00eb prodhim: 0,2\u20130,5 %<\/li>\n<li>Derra majm\u00ebrie: 0,5\u20131,0 %<\/li>\n\n<\/ul>\n\n<\/div>\n<\/div>\n<\/div>\n","protected":false},"excerpt":{"rendered":"<p>BONVITAL TOP Synimi i furnizimit me probiotik ekstra p\u00ebr derra P\u00ebrmban 1 x 1011 KBE BONVITAL p\u00ebr kilogram. Nxit sh\u00ebndetin e mikroflor\u00ebs dhe p\u00ebrmir\u00ebson absorbimin e l\u00ebnd\u00ebve ushqyese n\u00eb traktin gastrointensinal Kontribon n\u00eb rritjen e sigurt optimale dhe t\u00eb sh\u00ebndetshme t\u00eb kafsh\u00ebs. Mbi t\u00eb gjitha BONVITAL TOP siguron q\u00eb n\u00eb situata stresuese si temperatura t\u00eb [&hellip;]<\/p>\n","protected":false},"author":1,"featured_media":0,"parent":0,"menu_order":0,"comment_status":"closed","ping_status":"closed","template":"","meta":{"inline_featured_image":false,"footnotes":""},"class_list":["post-7881","page","type-page","status-publish","hentry"],"yoast_head":"<!-- This site is optimized with the Yoast SEO plugin v18.9 - https:\/\/yoast.com\/wordpress\/plugins\/seo\/ -->\n<title>BONVITAL TOP - Austria Praemix<\/title>\n<meta name=\"robots\" content=\"index, follow, max-snippet:-1, max-image-preview:large, max-video-preview:-1\" \/>\n<link rel=\"canonical\" href=\"https:\/\/ap.com.al\/?page_id=7881\" \/>\n<meta property=\"og:locale\" content=\"en_US\" \/>\n<meta property=\"og:type\" content=\"article\" \/>\n<meta property=\"og:title\" content=\"BONVITAL TOP - Austria Praemix\" \/>\n<meta property=\"og:description\" content=\"BONVITAL TOP Synimi i furnizimit me probiotik ekstra p\u00ebr derra P\u00ebrmban 1 x 1011 KBE BONVITAL p\u00ebr kilogram. Nxit sh\u00ebndetin e mikroflor\u00ebs dhe p\u00ebrmir\u00ebson absorbimin e l\u00ebnd\u00ebve ushqyese n\u00eb traktin gastrointensinal Kontribon n\u00eb rritjen e sigurt optimale dhe t\u00eb sh\u00ebndetshme t\u00eb kafsh\u00ebs. Mbi t\u00eb gjitha BONVITAL TOP siguron q\u00eb n\u00eb situata stresuese si temperatura t\u00eb [&hellip;]\" \/>\n<meta property=\"og:url\" content=\"https:\/\/ap.com.al\/?page_id=7881\" \/>\n<meta property=\"og:site_name\" content=\"Austria Praemix\" \/>\n<meta property=\"article:publisher\" content=\"https:\/\/www.facebook.com\/austriapraemiks\/\" \/>\n<meta property=\"article:modified_time\" content=\"2022-06-01T09:22:04+00:00\" \/>\n<meta property=\"og:image\" content=\"https:\/\/ap.com.al\/wp-content\/uploads\/2022\/03\/Asset-54-1.png\" \/>\n<meta name=\"twitter:card\" content=\"summary_large_image\" \/>\n<meta name=\"twitter:label1\" content=\"Est. reading time\" \/>\n\t<meta name=\"twitter:data1\" content=\"1 minute\" \/>\n<script type=\"application\/ld+json\" class=\"yoast-schema-graph\">{\"@context\":\"https:\/\/schema.org\",\"@graph\":[{\"@type\":\"Organization\",\"@id\":\"https:\/\/ap.com.al\/#organization\",\"name\":\"Austria Preamix\",\"url\":\"https:\/\/ap.com.al\/\",\"sameAs\":[\"https:\/\/www.instagram.com\/austriapraemix\/\",\"https:\/\/www.facebook.com\/austriapraemiks\/\"],\"logo\":{\"@type\":\"ImageObject\",\"inLanguage\":\"en-US\",\"@id\":\"https:\/\/ap.com.al\/#\/schema\/logo\/image\/\",\"url\":\"https:\/\/ap.com.al\/wp-content\/uploads\/2022\/02\/AP-logo.png\",\"contentUrl\":\"https:\/\/ap.com.al\/wp-content\/uploads\/2022\/02\/AP-logo.png\",\"width\":3358,\"height\":1616,\"caption\":\"Austria Preamix\"},\"image\":{\"@id\":\"https:\/\/ap.com.al\/#\/schema\/logo\/image\/\"}},{\"@type\":\"WebSite\",\"@id\":\"https:\/\/ap.com.al\/#website\",\"url\":\"https:\/\/ap.com.al\/\",\"name\":\"Austria Praemix\",\"description\":\"\",\"publisher\":{\"@id\":\"https:\/\/ap.com.al\/#organization\"},\"potentialAction\":[{\"@type\":\"SearchAction\",\"target\":{\"@type\":\"EntryPoint\",\"urlTemplate\":\"https:\/\/ap.com.al\/?s={search_term_string}\"},\"query-input\":\"required name=search_term_string\"}],\"inLanguage\":\"en-US\"},{\"@type\":\"ImageObject\",\"inLanguage\":\"en-US\",\"@id\":\"https:\/\/ap.com.al\/?page_id=7881#primaryimage\",\"url\":\"https:\/\/ap.com.al\/wp-content\/uploads\/2022\/03\/Asset-54-1.png\",\"contentUrl\":\"https:\/\/ap.com.al\/wp-content\/uploads\/2022\/03\/Asset-54-1.png\",\"width\":355,\"height\":354},{\"@type\":\"WebPage\",\"@id\":\"https:\/\/ap.com.al\/?page_id=7881#webpage\",\"url\":\"https:\/\/ap.com.al\/?page_id=7881\",\"name\":\"BONVITAL TOP - Austria Praemix\",\"isPartOf\":{\"@id\":\"https:\/\/ap.com.al\/#website\"},\"primaryImageOfPage\":{\"@id\":\"https:\/\/ap.com.al\/?page_id=7881#primaryimage\"},\"datePublished\":\"2022-05-30T14:45:41+00:00\",\"dateModified\":\"2022-06-01T09:22:04+00:00\",\"breadcrumb\":{\"@id\":\"https:\/\/ap.com.al\/?page_id=7881#breadcrumb\"},\"inLanguage\":\"en-US\",\"potentialAction\":[{\"@type\":\"ReadAction\",\"target\":[\"https:\/\/ap.com.al\/?page_id=7881\"]}]},{\"@type\":\"BreadcrumbList\",\"@id\":\"https:\/\/ap.com.al\/?page_id=7881#breadcrumb\",\"itemListElement\":[{\"@type\":\"ListItem\",\"position\":1,\"name\":\"Home\",\"item\":\"https:\/\/ap.com.al\/\"},{\"@type\":\"ListItem\",\"position\":2,\"name\":\"BONVITAL TOP\"}]}]}<\/script>\n<!-- \/ Yoast SEO plugin. -->","yoast_head_json":{"title":"BONVITAL TOP - Austria Praemix","robots":{"index":"index","follow":"follow","max-snippet":"max-snippet:-1","max-image-preview":"max-image-preview:large","max-video-preview":"max-video-preview:-1"},"canonical":"https:\/\/ap.com.al\/?page_id=7881","og_locale":"en_US","og_type":"article","og_title":"BONVITAL TOP - Austria Praemix","og_description":"BONVITAL TOP Synimi i furnizimit me probiotik ekstra p\u00ebr derra P\u00ebrmban 1 x 1011 KBE BONVITAL p\u00ebr kilogram. Nxit sh\u00ebndetin e mikroflor\u00ebs dhe p\u00ebrmir\u00ebson absorbimin e l\u00ebnd\u00ebve ushqyese n\u00eb traktin gastrointensinal Kontribon n\u00eb rritjen e sigurt optimale dhe t\u00eb sh\u00ebndetshme t\u00eb kafsh\u00ebs. Mbi t\u00eb gjitha BONVITAL TOP siguron q\u00eb n\u00eb situata stresuese si temperatura t\u00eb [&hellip;]","og_url":"https:\/\/ap.com.al\/?page_id=7881","og_site_name":"Austria Praemix","article_publisher":"https:\/\/www.facebook.com\/austriapraemiks\/","article_modified_time":"2022-06-01T09:22:04+00:00","og_image":[{"url":"https:\/\/ap.com.al\/wp-content\/uploads\/2022\/03\/Asset-54-1.png"}],"twitter_card":"summary_large_image","twitter_misc":{"Est. reading time":"1 minute"},"schema":{"@context":"https:\/\/schema.org","@graph":[{"@type":"Organization","@id":"https:\/\/ap.com.al\/#organization","name":"Austria Preamix","url":"https:\/\/ap.com.al\/","sameAs":["https:\/\/www.instagram.com\/austriapraemix\/","https:\/\/www.facebook.com\/austriapraemiks\/"],"logo":{"@type":"ImageObject","inLanguage":"en-US","@id":"https:\/\/ap.com.al\/#\/schema\/logo\/image\/","url":"https:\/\/ap.com.al\/wp-content\/uploads\/2022\/02\/AP-logo.png","contentUrl":"https:\/\/ap.com.al\/wp-content\/uploads\/2022\/02\/AP-logo.png","width":3358,"height":1616,"caption":"Austria Preamix"},"image":{"@id":"https:\/\/ap.com.al\/#\/schema\/logo\/image\/"}},{"@type":"WebSite","@id":"https:\/\/ap.com.al\/#website","url":"https:\/\/ap.com.al\/","name":"Austria Praemix","description":"","publisher":{"@id":"https:\/\/ap.com.al\/#organization"},"potentialAction":[{"@type":"SearchAction","target":{"@type":"EntryPoint","urlTemplate":"https:\/\/ap.com.al\/?s={search_term_string}"},"query-input":"required name=search_term_string"}],"inLanguage":"en-US"},{"@type":"ImageObject","inLanguage":"en-US","@id":"https:\/\/ap.com.al\/?page_id=7881#primaryimage","url":"https:\/\/ap.com.al\/wp-content\/uploads\/2022\/03\/Asset-54-1.png","contentUrl":"https:\/\/ap.com.al\/wp-content\/uploads\/2022\/03\/Asset-54-1.png","width":355,"height":354},{"@type":"WebPage","@id":"https:\/\/ap.com.al\/?page_id=7881#webpage","url":"https:\/\/ap.com.al\/?page_id=7881","name":"BONVITAL TOP - Austria Praemix","isPartOf":{"@id":"https:\/\/ap.com.al\/#website"},"primaryImageOfPage":{"@id":"https:\/\/ap.com.al\/?page_id=7881#primaryimage"},"datePublished":"2022-05-30T14:45:41+00:00","dateModified":"2022-06-01T09:22:04+00:00","breadcrumb":{"@id":"https:\/\/ap.com.al\/?page_id=7881#breadcrumb"},"inLanguage":"en-US","potentialAction":[{"@type":"ReadAction","target":["https:\/\/ap.com.al\/?page_id=7881"]}]},{"@type":"BreadcrumbList","@id":"https:\/\/ap.com.al\/?page_id=7881#breadcrumb","itemListElement":[{"@type":"ListItem","position":1,"name":"Home","item":"https:\/\/ap.com.al\/"},{"@type":"ListItem","position":2,"name":"BONVITAL TOP"}]}]}},"_links":{"self":[{"href":"https:\/\/ap.com.al\/index.php?rest_route=\/wp\/v2\/pages\/7881","targetHints":{"allow":["GET"]}}],"collection":[{"href":"https:\/\/ap.com.al\/index.php?rest_route=\/wp\/v2\/pages"}],"about":[{"href":"https:\/\/ap.com.al\/index.php?rest_route=\/wp\/v2\/types\/page"}],"author":[{"embeddable":true,"href":"https:\/\/ap.com.al\/index.php?rest_route=\/wp\/v2\/users\/1"}],"replies":[{"embeddable":true,"href":"https:\/\/ap.com.al\/index.php?rest_route=%2Fwp%2Fv2%2Fcomments&post=7881"}],"version-history":[{"count":3,"href":"https:\/\/ap.com.al\/index.php?rest_route=\/wp\/v2\/pages\/7881\/revisions"}],"predecessor-version":[{"id":8072,"href":"https:\/\/ap.com.al\/index.php?rest_route=\/wp\/v2\/pages\/7881\/revisions\/8072"}],"wp:attachment":[{"href":"https:\/\/ap.com.al\/index.php?rest_route=%2Fwp%2Fv2%2Fmedia&parent=7881"}],"curies":[{"name":"wp","href":"https:\/\/api.w.org\/{rel}","templated":true}]}}