{"id":7913,"date":"2022-05-31T09:09:51","date_gmt":"2022-05-31T09:09:51","guid":{"rendered":"https:\/\/ap.com.al\/?page_id=7913"},"modified":"2022-06-01T09:23:13","modified_gmt":"2022-06-01T09:23:13","slug":"schaumalac-f-80","status":"publish","type":"page","link":"https:\/\/ap.com.al\/?page_id=7913","title":{"rendered":"SCHAUMALAC F 80"},"content":{"rendered":"\n<style>\n  #oniiii{\n    background-image:url(\"https:\/\/ap.com.al\/wp-content\/uploads\/2022\/05\/pigg.jpg\");\n    padding-bottom: 32%;\n    background-position:center left;\n    background-repeat: no-repeat;\n    background-size:cover;\n  }\n  <\/style>\n  <script src=\"https:\/\/code.jquery.com\/jquery-3.5.0.js\">\n<\/script>\n\n<div id=\"oniiii\"><\/div>\n \n<script>\n$( \"#oniiii\" ).insertBefore( \".container_wrap_first\" );\n<\/script>\n\n\n\n<div class=\"wp-block-columns\" id=\"containerr\">\n<div class=\"wp-block-column\">\n<div class=\"avia_textblock\" itemprop=\"text\"><h4 style=\"color:#005a8c;\n\">SCHAUMALAC F 80<\/h4>\n<\/div>\n<\/div>\n<\/div>\n\n\n\n<div class=\"wp-block-columns\" id=\"containerr\">\n<div class=\"wp-block-column\">\n<div class=\"detail__certificates-item-icon\">\n<img decoding=\"async\" alt=\"Icon SCHAUMALAC F 80\" src=\"https:\/\/ap.com.al\/wp-content\/uploads\/2022\/03\/Asset-54-1.png\">\n<\/div>\n<\/div>\n<\/div>\n\n\n\n<div class=\"wp-block-columns\" id=\"containerr\">\n<div class=\"wp-block-column\">\n<div class=\"blue_marker_list\">\n<p style=\"margin: 20px 0px 10px;\">Mbar\u00ebshtim i suksessh\u00ebm i gicave me produktet schaumalac<\/p>\n\n\n<\/div>\n\n\n\n<div class=\"blue_marker_list\">\n<h4 style=\"margin-bottom: 10px;\">M\u00ebnyr\u00eb e re p\u00ebr t\u00eb ushqyerit e gicave!<\/h4>\n\n<p style=\"margin:unset;\">T\u00eb gjitha produktet SCHAUMALAC F p\u00ebr kategorit\u00eb e gicave q\u00eb jan\u00eb t\u00eb pasuruara me probiotikun BONVTAL, sjellin nj\u00eb furnizim optimal t\u00eb gicave direkt pas faz\u00ebs s\u00eb m\u00ebm\u00ebzimit. T\u00eb pajisura me t\u00eb gjitha l\u00ebnd\u00ebt kryesore p\u00ebr rendimente optimale dhe t\u00eb sigurta n\u00eb faz\u00ebn e shk\u00ebputjes.\nGrupi i produkteve SCHAUMALAC, p\u00ebr kategorin\u00eb gica p\u00ebrmban natyrisht t\u00eb gjitha vitaminat dhe mikroelement\u00ebt esenciale t\u00eb k\u00ebrkuara dhe t\u00eb nevojshme p\u00ebr kategorit\u00eb e gicave. gjithashtu kane nj\u00eb aromantizues intensiv p\u00ebr t\u00eb rritur pranimin dhe konsumin e ushqimit dhe me nj\u00eb kompleks t\u00eb ve\u00e7ant\u00eb acidesh t\u00eb cilat ndikojn\u00eb positivisht n\u00eb rritjen e konsumit dhe asimilimit t\u00eb ushqimit.\n\n<\/p>\n\n<\/div>\n\n\n\n<div class=\"blue_marker_list\">\n<h4 style=\"padding-top: 20px;\">Produktet SCHAUMALAC jan\u00eb mbres\u00ebl\u00ebnse n\u00eb rritjen e gicit sepse: <\/h4>\n<ul style=\"list-style-type: square; \n\tpadding-left: 1em;\">\n<li>Ka konsum dhe asimilim t\u00eb p\u00ebrkryer t\u00eb ushqimit<\/li>\n<li>Rendimente t\u00eb lart\u00eb n\u00eb shtes\u00eb peshe n\u00eb t\u00eb gjitha kategorit\u00eb <\/li>\n<li>Siguri e plot\u00eb n\u00eb faz\u00ebn e shk\u00ebputjes <\/li>\n<li>Kursim n\u00eb koh\u00eb dhe n\u00eb vler\u00eb monetare <\/li>\n<li>Gica vital t\u00eb sh\u00ebndetsh\u00ebm dhe nj\u00eb rritje e balancuar<\/li>\n\n\n\n<\/ul>\n\n<\/div>\n<\/div>\n<\/div>\n","protected":false},"excerpt":{"rendered":"<p>SCHAUMALAC F 80 Mbar\u00ebshtim i suksessh\u00ebm i gicave me produktet schaumalac M\u00ebnyr\u00eb e re p\u00ebr t\u00eb ushqyerit e gicave! T\u00eb gjitha produktet SCHAUMALAC F p\u00ebr kategorit\u00eb e gicave q\u00eb jan\u00eb t\u00eb pasuruara me probiotikun BONVTAL, sjellin nj\u00eb furnizim optimal t\u00eb gicave direkt pas faz\u00ebs s\u00eb m\u00ebm\u00ebzimit. T\u00eb pajisura me t\u00eb gjitha l\u00ebnd\u00ebt kryesore p\u00ebr rendimente [&hellip;]<\/p>\n","protected":false},"author":1,"featured_media":0,"parent":0,"menu_order":0,"comment_status":"closed","ping_status":"closed","template":"","meta":{"inline_featured_image":false,"footnotes":""},"class_list":["post-7913","page","type-page","status-publish","hentry"],"yoast_head":"<!-- This site is optimized with the Yoast SEO plugin v18.9 - https:\/\/yoast.com\/wordpress\/plugins\/seo\/ -->\n<title>SCHAUMALAC F 80 - Austria Praemix<\/title>\n<meta name=\"robots\" content=\"index, follow, max-snippet:-1, max-image-preview:large, max-video-preview:-1\" \/>\n<link rel=\"canonical\" href=\"https:\/\/ap.com.al\/?page_id=7913\" \/>\n<meta property=\"og:locale\" content=\"en_US\" \/>\n<meta property=\"og:type\" content=\"article\" \/>\n<meta property=\"og:title\" content=\"SCHAUMALAC F 80 - Austria Praemix\" \/>\n<meta property=\"og:description\" content=\"SCHAUMALAC F 80 Mbar\u00ebshtim i suksessh\u00ebm i gicave me produktet schaumalac M\u00ebnyr\u00eb e re p\u00ebr t\u00eb ushqyerit e gicave! T\u00eb gjitha produktet SCHAUMALAC F p\u00ebr kategorit\u00eb e gicave q\u00eb jan\u00eb t\u00eb pasuruara me probiotikun BONVTAL, sjellin nj\u00eb furnizim optimal t\u00eb gicave direkt pas faz\u00ebs s\u00eb m\u00ebm\u00ebzimit. T\u00eb pajisura me t\u00eb gjitha l\u00ebnd\u00ebt kryesore p\u00ebr rendimente [&hellip;]\" \/>\n<meta property=\"og:url\" content=\"https:\/\/ap.com.al\/?page_id=7913\" \/>\n<meta property=\"og:site_name\" content=\"Austria Praemix\" \/>\n<meta property=\"article:publisher\" content=\"https:\/\/www.facebook.com\/austriapraemiks\/\" \/>\n<meta property=\"article:modified_time\" content=\"2022-06-01T09:23:13+00:00\" \/>\n<meta property=\"og:image\" content=\"https:\/\/ap.com.al\/wp-content\/uploads\/2022\/03\/Asset-54-1.png\" \/>\n<meta name=\"twitter:card\" content=\"summary_large_image\" \/>\n<meta name=\"twitter:label1\" content=\"Est. reading time\" \/>\n\t<meta name=\"twitter:data1\" content=\"2 minutes\" \/>\n<script type=\"application\/ld+json\" class=\"yoast-schema-graph\">{\"@context\":\"https:\/\/schema.org\",\"@graph\":[{\"@type\":\"Organization\",\"@id\":\"https:\/\/ap.com.al\/#organization\",\"name\":\"Austria Preamix\",\"url\":\"https:\/\/ap.com.al\/\",\"sameAs\":[\"https:\/\/www.instagram.com\/austriapraemix\/\",\"https:\/\/www.facebook.com\/austriapraemiks\/\"],\"logo\":{\"@type\":\"ImageObject\",\"inLanguage\":\"en-US\",\"@id\":\"https:\/\/ap.com.al\/#\/schema\/logo\/image\/\",\"url\":\"https:\/\/ap.com.al\/wp-content\/uploads\/2022\/02\/AP-logo.png\",\"contentUrl\":\"https:\/\/ap.com.al\/wp-content\/uploads\/2022\/02\/AP-logo.png\",\"width\":3358,\"height\":1616,\"caption\":\"Austria Preamix\"},\"image\":{\"@id\":\"https:\/\/ap.com.al\/#\/schema\/logo\/image\/\"}},{\"@type\":\"WebSite\",\"@id\":\"https:\/\/ap.com.al\/#website\",\"url\":\"https:\/\/ap.com.al\/\",\"name\":\"Austria Praemix\",\"description\":\"\",\"publisher\":{\"@id\":\"https:\/\/ap.com.al\/#organization\"},\"potentialAction\":[{\"@type\":\"SearchAction\",\"target\":{\"@type\":\"EntryPoint\",\"urlTemplate\":\"https:\/\/ap.com.al\/?s={search_term_string}\"},\"query-input\":\"required name=search_term_string\"}],\"inLanguage\":\"en-US\"},{\"@type\":\"ImageObject\",\"inLanguage\":\"en-US\",\"@id\":\"https:\/\/ap.com.al\/?page_id=7913#primaryimage\",\"url\":\"https:\/\/ap.com.al\/wp-content\/uploads\/2022\/03\/Asset-54-1.png\",\"contentUrl\":\"https:\/\/ap.com.al\/wp-content\/uploads\/2022\/03\/Asset-54-1.png\",\"width\":355,\"height\":354},{\"@type\":\"WebPage\",\"@id\":\"https:\/\/ap.com.al\/?page_id=7913#webpage\",\"url\":\"https:\/\/ap.com.al\/?page_id=7913\",\"name\":\"SCHAUMALAC F 80 - Austria Praemix\",\"isPartOf\":{\"@id\":\"https:\/\/ap.com.al\/#website\"},\"primaryImageOfPage\":{\"@id\":\"https:\/\/ap.com.al\/?page_id=7913#primaryimage\"},\"datePublished\":\"2022-05-31T09:09:51+00:00\",\"dateModified\":\"2022-06-01T09:23:13+00:00\",\"breadcrumb\":{\"@id\":\"https:\/\/ap.com.al\/?page_id=7913#breadcrumb\"},\"inLanguage\":\"en-US\",\"potentialAction\":[{\"@type\":\"ReadAction\",\"target\":[\"https:\/\/ap.com.al\/?page_id=7913\"]}]},{\"@type\":\"BreadcrumbList\",\"@id\":\"https:\/\/ap.com.al\/?page_id=7913#breadcrumb\",\"itemListElement\":[{\"@type\":\"ListItem\",\"position\":1,\"name\":\"Home\",\"item\":\"https:\/\/ap.com.al\/\"},{\"@type\":\"ListItem\",\"position\":2,\"name\":\"SCHAUMALAC F 80\"}]}]}<\/script>\n<!-- \/ Yoast SEO plugin. -->","yoast_head_json":{"title":"SCHAUMALAC F 80 - Austria Praemix","robots":{"index":"index","follow":"follow","max-snippet":"max-snippet:-1","max-image-preview":"max-image-preview:large","max-video-preview":"max-video-preview:-1"},"canonical":"https:\/\/ap.com.al\/?page_id=7913","og_locale":"en_US","og_type":"article","og_title":"SCHAUMALAC F 80 - Austria Praemix","og_description":"SCHAUMALAC F 80 Mbar\u00ebshtim i suksessh\u00ebm i gicave me produktet schaumalac M\u00ebnyr\u00eb e re p\u00ebr t\u00eb ushqyerit e gicave! T\u00eb gjitha produktet SCHAUMALAC F p\u00ebr kategorit\u00eb e gicave q\u00eb jan\u00eb t\u00eb pasuruara me probiotikun BONVTAL, sjellin nj\u00eb furnizim optimal t\u00eb gicave direkt pas faz\u00ebs s\u00eb m\u00ebm\u00ebzimit. T\u00eb pajisura me t\u00eb gjitha l\u00ebnd\u00ebt kryesore p\u00ebr rendimente [&hellip;]","og_url":"https:\/\/ap.com.al\/?page_id=7913","og_site_name":"Austria Praemix","article_publisher":"https:\/\/www.facebook.com\/austriapraemiks\/","article_modified_time":"2022-06-01T09:23:13+00:00","og_image":[{"url":"https:\/\/ap.com.al\/wp-content\/uploads\/2022\/03\/Asset-54-1.png"}],"twitter_card":"summary_large_image","twitter_misc":{"Est. reading time":"2 minutes"},"schema":{"@context":"https:\/\/schema.org","@graph":[{"@type":"Organization","@id":"https:\/\/ap.com.al\/#organization","name":"Austria Preamix","url":"https:\/\/ap.com.al\/","sameAs":["https:\/\/www.instagram.com\/austriapraemix\/","https:\/\/www.facebook.com\/austriapraemiks\/"],"logo":{"@type":"ImageObject","inLanguage":"en-US","@id":"https:\/\/ap.com.al\/#\/schema\/logo\/image\/","url":"https:\/\/ap.com.al\/wp-content\/uploads\/2022\/02\/AP-logo.png","contentUrl":"https:\/\/ap.com.al\/wp-content\/uploads\/2022\/02\/AP-logo.png","width":3358,"height":1616,"caption":"Austria Preamix"},"image":{"@id":"https:\/\/ap.com.al\/#\/schema\/logo\/image\/"}},{"@type":"WebSite","@id":"https:\/\/ap.com.al\/#website","url":"https:\/\/ap.com.al\/","name":"Austria Praemix","description":"","publisher":{"@id":"https:\/\/ap.com.al\/#organization"},"potentialAction":[{"@type":"SearchAction","target":{"@type":"EntryPoint","urlTemplate":"https:\/\/ap.com.al\/?s={search_term_string}"},"query-input":"required name=search_term_string"}],"inLanguage":"en-US"},{"@type":"ImageObject","inLanguage":"en-US","@id":"https:\/\/ap.com.al\/?page_id=7913#primaryimage","url":"https:\/\/ap.com.al\/wp-content\/uploads\/2022\/03\/Asset-54-1.png","contentUrl":"https:\/\/ap.com.al\/wp-content\/uploads\/2022\/03\/Asset-54-1.png","width":355,"height":354},{"@type":"WebPage","@id":"https:\/\/ap.com.al\/?page_id=7913#webpage","url":"https:\/\/ap.com.al\/?page_id=7913","name":"SCHAUMALAC F 80 - Austria Praemix","isPartOf":{"@id":"https:\/\/ap.com.al\/#website"},"primaryImageOfPage":{"@id":"https:\/\/ap.com.al\/?page_id=7913#primaryimage"},"datePublished":"2022-05-31T09:09:51+00:00","dateModified":"2022-06-01T09:23:13+00:00","breadcrumb":{"@id":"https:\/\/ap.com.al\/?page_id=7913#breadcrumb"},"inLanguage":"en-US","potentialAction":[{"@type":"ReadAction","target":["https:\/\/ap.com.al\/?page_id=7913"]}]},{"@type":"BreadcrumbList","@id":"https:\/\/ap.com.al\/?page_id=7913#breadcrumb","itemListElement":[{"@type":"ListItem","position":1,"name":"Home","item":"https:\/\/ap.com.al\/"},{"@type":"ListItem","position":2,"name":"SCHAUMALAC F 80"}]}]}},"_links":{"self":[{"href":"https:\/\/ap.com.al\/index.php?rest_route=\/wp\/v2\/pages\/7913","targetHints":{"allow":["GET"]}}],"collection":[{"href":"https:\/\/ap.com.al\/index.php?rest_route=\/wp\/v2\/pages"}],"about":[{"href":"https:\/\/ap.com.al\/index.php?rest_route=\/wp\/v2\/types\/page"}],"author":[{"embeddable":true,"href":"https:\/\/ap.com.al\/index.php?rest_route=\/wp\/v2\/users\/1"}],"replies":[{"embeddable":true,"href":"https:\/\/ap.com.al\/index.php?rest_route=%2Fwp%2Fv2%2Fcomments&post=7913"}],"version-history":[{"count":5,"href":"https:\/\/ap.com.al\/index.php?rest_route=\/wp\/v2\/pages\/7913\/revisions"}],"predecessor-version":[{"id":8075,"href":"https:\/\/ap.com.al\/index.php?rest_route=\/wp\/v2\/pages\/7913\/revisions\/8075"}],"wp:attachment":[{"href":"https:\/\/ap.com.al\/index.php?rest_route=%2Fwp%2Fv2%2Fmedia&parent=7913"}],"curies":[{"name":"wp","href":"https:\/\/api.w.org\/{rel}","templated":true}]}}