{"id":7919,"date":"2022-05-31T09:22:47","date_gmt":"2022-05-31T09:22:47","guid":{"rendered":"https:\/\/ap.com.al\/?page_id=7919"},"modified":"2022-06-01T09:23:29","modified_gmt":"2022-06-01T09:23:29","slug":"schaumalac-pro-activ","status":"publish","type":"page","link":"https:\/\/ap.com.al\/?page_id=7919","title":{"rendered":"SCHAUMALAC PRO AKTIV"},"content":{"rendered":"\n<style>\n  #oniiii{\n    background-image:url(\"https:\/\/ap.com.al\/wp-content\/uploads\/2022\/05\/pigg.jpg\");\n    padding-bottom: 32%;\n    background-position:center left;\n    background-repeat: no-repeat;\n    background-size:cover;\n  }\n  <\/style>\n  <script src=\"https:\/\/code.jquery.com\/jquery-3.5.0.js\">\n<\/script>\n\n<div id=\"oniiii\"><\/div>\n \n<script>\n$( \"#oniiii\" ).insertBefore( \".container_wrap_first\" );\n<\/script>\n\n\n\n<div class=\"wp-block-columns\" id=\"containerr\">\n<div class=\"wp-block-column\">\n<div class=\"avia_textblock\" itemprop=\"text\"><h4 style=\"color:#005a8c;\n\">SCHAUMALAC PRO AKTIV<\/h4>\n<\/div>\n<\/div>\n<\/div>\n\n\n\n<div class=\"wp-block-columns\" id=\"containerr\">\n<div class=\"wp-block-column\">\n<div class=\"detail__certificates-item-icon\">\n<img decoding=\"async\" alt=\"Icon SCHAUMALAC PRO AKTIV\" src=\"https:\/\/ap.com.al\/wp-content\/uploads\/2022\/03\/Asset-54-1.png\">\n<\/div>\n<\/div>\n<\/div>\n\n\n\n<div class=\"wp-block-columns\" id=\"containerr\">\n<div class=\"wp-block-column\">\n<div class=\"blue_marker_list\">\n<h4 style=\"padding-top: 20px;\">Ushqim plot\u00ebsues n\u00eb form\u00eb paste -P\u00ebr nj\u00eb fillim t\u00eb sh\u00ebndetsh\u00ebm<\/h4>\n\n\n<\/div>\n\n\n\n<div class=\"blue_marker_list\">\n<h4 style=\"padding-top: 20px;\">Problematika:<\/h4>\n<ul style=\"list-style-type: square; \n\tpadding-left: 1em;\">\n<li>60% e humbjeve n\u00eb gica ndodhin n\u00eb 4 dit\u00ebt e para t\u00eb jet\u00ebs d.m.th n\u00eb periudh\u00ebn e m\u00ebm\u00ebzimit. Shkaqet kryesore jan\u00eb shtypjet dhe niveli i ul\u00ebt i sistemit imunitar p\u00ebrball\u00eb ngarkesave mikrobike.<\/li>\n\n<\/ul>\n\n<\/div>\n\n\n\n<div class=\"blue_marker_list\">\n<h4 style=\"padding-top: 20px;\">Zgjidhja:<\/h4>\n<ul style=\"list-style-type: square; \n\tpadding-left: 1em; margin:unset;\">\n<li>SCHAUMALAC PRO AKTIV i jepet brenda or\u00ebve t\u00eb para t\u00eb jet\u00ebs me an\u00eb t\u00eb nj\u00eb dozatori n\u00eb goj\u00eb. Nj\u00eb doz\u00eb prej (2ml) \u00ebsht\u00eb e mjaftueshme p\u00ebr t\u00eb p\u00ebrballuar vitalitetin dhe p\u00ebr t\u00eb rritur sisitemin mbrojt\u00ebs t\u00eb gicit n\u00eb dit\u00ebt e para t\u00eb jet\u00ebs.<\/li>\n<\/ul>\n\n<\/div>\n<\/div>\n<\/div>\n\n\n\n<div class=\"wp-block-columns image_center\">\n<div class=\"wp-block-column\" style=\"flex-basis:70%\">\n<div class=\"blue_marker_list \" itemprop=\"text\">\n<div style=\"padding-top: 15px;\">\n<h4>SCHAUMALAC PRO AKTIV me BONVITAL ndikon:<\/h4>\n<ul style=\"line-height: 20px;list-style-type: square; \n\tpadding-left: 1em;\">\n<li>N\u00eb stabilizimin e mikroflor\u00ebs n\u00eb traktin tret\u00ebs duke  parandaluar dhe penguar mikrobet q\u00eb shkaktojn\u00eb s\u00ebmundje, si E.Coli. Gjithashtu n\u00ebp\u00ebrmjet BONVITAL arrihet riprodhimi i mikroflor\u00ebs n\u00eb traktin tret\u00ebs me SCHAUMALAC PRO AKTIV plot\u00ebsues, p\u00ebr rritjen e sistemit imunitar q\u00eb gici merr natyrsh\u00ebm nga kulloshtra.<\/li>\n<li>Nxit rezistenc\u00ebn e sistemit imunitar n\u00ebp\u00ebrmjet komplekseve t\u00eb p\u00ebrzgjedhura vitaminoze A, E dhe C gjithashtu dhe n\u00ebp\u00ebrmjet mikroelementeve shum\u00eb t\u00eb asimilueshme. Niveli relativisht i lart\u00eb i k\u00ebtyre subtancave n\u00eb kullosht\u00ebr \u00ebsht\u00eb plot\u00ebsuar me efektivitet.<\/li>\n<li>Si furnitor i nj\u00eb burimi energjitik tep\u00ebr t\u00eb asimiluesh\u00ebm duke p\u00ebrmbushur rezervat e gicit t\u00eb porsalindur n\u00eb or\u00ebt e para t\u00eb jet\u00ebs.<\/li>\n\n<\/ul>\n<h4>P\u00ebrpar\u00ebsit\u00eb e SCHAUMALAC PRO AKTIV:<\/h4>\n<ul style=\"line-height: 20px;list-style-type: square; \n\tpadding-left: 1em;\">\n<li>Shtypje t\u00eb pakta n\u00ebp\u00ebrmjet gicave me vital.<\/li>\n<li>Nj\u00eb rritje uniforme p\u00ebr t\u00eb gjith\u00eb gicat n\u00eb nj\u00eb pjellje.<\/li>\n<li>Eleminon-redukton diaren\u00eb n\u00eb dit\u00ebt e para t\u00eb jet\u00ebs.<\/li>\n<li>M\u00eb shum\u00eb gica t\u00eb shk\u00ebputur p\u00ebr dos\u00eb gjat\u00eb nj\u00eb viti.<\/li>\n\n<\/ul>\n<\/div>\n<\/div>\n<\/div>\n\n\n\n<div class=\"wp-block-column\" style=\"flex-basis:40%\">\n<div class=\"wp-block-column smart_farming_block\" style=\"flex-basis:30%\">\n<figure class=\"img_size\"><img decoding=\"async\" src=\"https:\/\/ap.com.al\/wp-content\/uploads\/2022\/05\/schaumalac-pro-aktiv.jpg\" class=\"wp-image-2807\" \"=\"\"><\/figure>\n<\/div>\n<\/div>\n<\/div>\n","protected":false},"excerpt":{"rendered":"<p>SCHAUMALAC PRO AKTIV Ushqim plot\u00ebsues n\u00eb form\u00eb paste -P\u00ebr nj\u00eb fillim t\u00eb sh\u00ebndetsh\u00ebm Problematika: 60% e humbjeve n\u00eb gica ndodhin n\u00eb 4 dit\u00ebt e para t\u00eb jet\u00ebs d.m.th n\u00eb periudh\u00ebn e m\u00ebm\u00ebzimit. Shkaqet kryesore jan\u00eb shtypjet dhe niveli i ul\u00ebt i sistemit imunitar p\u00ebrball\u00eb ngarkesave mikrobike. Zgjidhja: SCHAUMALAC PRO AKTIV i jepet brenda or\u00ebve t\u00eb [&hellip;]<\/p>\n","protected":false},"author":1,"featured_media":0,"parent":0,"menu_order":0,"comment_status":"closed","ping_status":"closed","template":"","meta":{"inline_featured_image":false,"footnotes":""},"class_list":["post-7919","page","type-page","status-publish","hentry"],"yoast_head":"<!-- This site is optimized with the Yoast SEO plugin v18.9 - https:\/\/yoast.com\/wordpress\/plugins\/seo\/ -->\n<title>SCHAUMALAC PRO AKTIV - Austria Praemix<\/title>\n<meta name=\"robots\" content=\"index, follow, max-snippet:-1, max-image-preview:large, max-video-preview:-1\" \/>\n<link rel=\"canonical\" href=\"https:\/\/ap.com.al\/?page_id=7919\" \/>\n<meta property=\"og:locale\" content=\"en_US\" \/>\n<meta property=\"og:type\" content=\"article\" \/>\n<meta property=\"og:title\" content=\"SCHAUMALAC PRO AKTIV - Austria Praemix\" \/>\n<meta property=\"og:description\" content=\"SCHAUMALAC PRO AKTIV Ushqim plot\u00ebsues n\u00eb form\u00eb paste -P\u00ebr nj\u00eb fillim t\u00eb sh\u00ebndetsh\u00ebm Problematika: 60% e humbjeve n\u00eb gica ndodhin n\u00eb 4 dit\u00ebt e para t\u00eb jet\u00ebs d.m.th n\u00eb periudh\u00ebn e m\u00ebm\u00ebzimit. Shkaqet kryesore jan\u00eb shtypjet dhe niveli i ul\u00ebt i sistemit imunitar p\u00ebrball\u00eb ngarkesave mikrobike. Zgjidhja: SCHAUMALAC PRO AKTIV i jepet brenda or\u00ebve t\u00eb [&hellip;]\" \/>\n<meta property=\"og:url\" content=\"https:\/\/ap.com.al\/?page_id=7919\" \/>\n<meta property=\"og:site_name\" content=\"Austria Praemix\" \/>\n<meta property=\"article:publisher\" content=\"https:\/\/www.facebook.com\/austriapraemiks\/\" \/>\n<meta property=\"article:modified_time\" content=\"2022-06-01T09:23:29+00:00\" \/>\n<meta property=\"og:image\" content=\"https:\/\/ap.com.al\/wp-content\/uploads\/2022\/03\/Asset-54-1.png\" \/>\n<meta name=\"twitter:card\" content=\"summary_large_image\" \/>\n<meta name=\"twitter:label1\" content=\"Est. reading time\" \/>\n\t<meta name=\"twitter:data1\" content=\"2 minutes\" \/>\n<script type=\"application\/ld+json\" class=\"yoast-schema-graph\">{\"@context\":\"https:\/\/schema.org\",\"@graph\":[{\"@type\":\"Organization\",\"@id\":\"https:\/\/ap.com.al\/#organization\",\"name\":\"Austria Preamix\",\"url\":\"https:\/\/ap.com.al\/\",\"sameAs\":[\"https:\/\/www.instagram.com\/austriapraemix\/\",\"https:\/\/www.facebook.com\/austriapraemiks\/\"],\"logo\":{\"@type\":\"ImageObject\",\"inLanguage\":\"en-US\",\"@id\":\"https:\/\/ap.com.al\/#\/schema\/logo\/image\/\",\"url\":\"https:\/\/ap.com.al\/wp-content\/uploads\/2022\/02\/AP-logo.png\",\"contentUrl\":\"https:\/\/ap.com.al\/wp-content\/uploads\/2022\/02\/AP-logo.png\",\"width\":3358,\"height\":1616,\"caption\":\"Austria Preamix\"},\"image\":{\"@id\":\"https:\/\/ap.com.al\/#\/schema\/logo\/image\/\"}},{\"@type\":\"WebSite\",\"@id\":\"https:\/\/ap.com.al\/#website\",\"url\":\"https:\/\/ap.com.al\/\",\"name\":\"Austria Praemix\",\"description\":\"\",\"publisher\":{\"@id\":\"https:\/\/ap.com.al\/#organization\"},\"potentialAction\":[{\"@type\":\"SearchAction\",\"target\":{\"@type\":\"EntryPoint\",\"urlTemplate\":\"https:\/\/ap.com.al\/?s={search_term_string}\"},\"query-input\":\"required name=search_term_string\"}],\"inLanguage\":\"en-US\"},{\"@type\":\"ImageObject\",\"inLanguage\":\"en-US\",\"@id\":\"https:\/\/ap.com.al\/?page_id=7919#primaryimage\",\"url\":\"https:\/\/ap.com.al\/wp-content\/uploads\/2022\/03\/Asset-54-1.png\",\"contentUrl\":\"https:\/\/ap.com.al\/wp-content\/uploads\/2022\/03\/Asset-54-1.png\",\"width\":355,\"height\":354},{\"@type\":\"WebPage\",\"@id\":\"https:\/\/ap.com.al\/?page_id=7919#webpage\",\"url\":\"https:\/\/ap.com.al\/?page_id=7919\",\"name\":\"SCHAUMALAC PRO AKTIV - Austria Praemix\",\"isPartOf\":{\"@id\":\"https:\/\/ap.com.al\/#website\"},\"primaryImageOfPage\":{\"@id\":\"https:\/\/ap.com.al\/?page_id=7919#primaryimage\"},\"datePublished\":\"2022-05-31T09:22:47+00:00\",\"dateModified\":\"2022-06-01T09:23:29+00:00\",\"breadcrumb\":{\"@id\":\"https:\/\/ap.com.al\/?page_id=7919#breadcrumb\"},\"inLanguage\":\"en-US\",\"potentialAction\":[{\"@type\":\"ReadAction\",\"target\":[\"https:\/\/ap.com.al\/?page_id=7919\"]}]},{\"@type\":\"BreadcrumbList\",\"@id\":\"https:\/\/ap.com.al\/?page_id=7919#breadcrumb\",\"itemListElement\":[{\"@type\":\"ListItem\",\"position\":1,\"name\":\"Home\",\"item\":\"https:\/\/ap.com.al\/\"},{\"@type\":\"ListItem\",\"position\":2,\"name\":\"SCHAUMALAC PRO AKTIV\"}]}]}<\/script>\n<!-- \/ Yoast SEO plugin. -->","yoast_head_json":{"title":"SCHAUMALAC PRO AKTIV - Austria Praemix","robots":{"index":"index","follow":"follow","max-snippet":"max-snippet:-1","max-image-preview":"max-image-preview:large","max-video-preview":"max-video-preview:-1"},"canonical":"https:\/\/ap.com.al\/?page_id=7919","og_locale":"en_US","og_type":"article","og_title":"SCHAUMALAC PRO AKTIV - Austria Praemix","og_description":"SCHAUMALAC PRO AKTIV Ushqim plot\u00ebsues n\u00eb form\u00eb paste -P\u00ebr nj\u00eb fillim t\u00eb sh\u00ebndetsh\u00ebm Problematika: 60% e humbjeve n\u00eb gica ndodhin n\u00eb 4 dit\u00ebt e para t\u00eb jet\u00ebs d.m.th n\u00eb periudh\u00ebn e m\u00ebm\u00ebzimit. Shkaqet kryesore jan\u00eb shtypjet dhe niveli i ul\u00ebt i sistemit imunitar p\u00ebrball\u00eb ngarkesave mikrobike. Zgjidhja: SCHAUMALAC PRO AKTIV i jepet brenda or\u00ebve t\u00eb [&hellip;]","og_url":"https:\/\/ap.com.al\/?page_id=7919","og_site_name":"Austria Praemix","article_publisher":"https:\/\/www.facebook.com\/austriapraemiks\/","article_modified_time":"2022-06-01T09:23:29+00:00","og_image":[{"url":"https:\/\/ap.com.al\/wp-content\/uploads\/2022\/03\/Asset-54-1.png"}],"twitter_card":"summary_large_image","twitter_misc":{"Est. reading time":"2 minutes"},"schema":{"@context":"https:\/\/schema.org","@graph":[{"@type":"Organization","@id":"https:\/\/ap.com.al\/#organization","name":"Austria Preamix","url":"https:\/\/ap.com.al\/","sameAs":["https:\/\/www.instagram.com\/austriapraemix\/","https:\/\/www.facebook.com\/austriapraemiks\/"],"logo":{"@type":"ImageObject","inLanguage":"en-US","@id":"https:\/\/ap.com.al\/#\/schema\/logo\/image\/","url":"https:\/\/ap.com.al\/wp-content\/uploads\/2022\/02\/AP-logo.png","contentUrl":"https:\/\/ap.com.al\/wp-content\/uploads\/2022\/02\/AP-logo.png","width":3358,"height":1616,"caption":"Austria Preamix"},"image":{"@id":"https:\/\/ap.com.al\/#\/schema\/logo\/image\/"}},{"@type":"WebSite","@id":"https:\/\/ap.com.al\/#website","url":"https:\/\/ap.com.al\/","name":"Austria Praemix","description":"","publisher":{"@id":"https:\/\/ap.com.al\/#organization"},"potentialAction":[{"@type":"SearchAction","target":{"@type":"EntryPoint","urlTemplate":"https:\/\/ap.com.al\/?s={search_term_string}"},"query-input":"required name=search_term_string"}],"inLanguage":"en-US"},{"@type":"ImageObject","inLanguage":"en-US","@id":"https:\/\/ap.com.al\/?page_id=7919#primaryimage","url":"https:\/\/ap.com.al\/wp-content\/uploads\/2022\/03\/Asset-54-1.png","contentUrl":"https:\/\/ap.com.al\/wp-content\/uploads\/2022\/03\/Asset-54-1.png","width":355,"height":354},{"@type":"WebPage","@id":"https:\/\/ap.com.al\/?page_id=7919#webpage","url":"https:\/\/ap.com.al\/?page_id=7919","name":"SCHAUMALAC PRO AKTIV - Austria Praemix","isPartOf":{"@id":"https:\/\/ap.com.al\/#website"},"primaryImageOfPage":{"@id":"https:\/\/ap.com.al\/?page_id=7919#primaryimage"},"datePublished":"2022-05-31T09:22:47+00:00","dateModified":"2022-06-01T09:23:29+00:00","breadcrumb":{"@id":"https:\/\/ap.com.al\/?page_id=7919#breadcrumb"},"inLanguage":"en-US","potentialAction":[{"@type":"ReadAction","target":["https:\/\/ap.com.al\/?page_id=7919"]}]},{"@type":"BreadcrumbList","@id":"https:\/\/ap.com.al\/?page_id=7919#breadcrumb","itemListElement":[{"@type":"ListItem","position":1,"name":"Home","item":"https:\/\/ap.com.al\/"},{"@type":"ListItem","position":2,"name":"SCHAUMALAC PRO AKTIV"}]}]}},"_links":{"self":[{"href":"https:\/\/ap.com.al\/index.php?rest_route=\/wp\/v2\/pages\/7919","targetHints":{"allow":["GET"]}}],"collection":[{"href":"https:\/\/ap.com.al\/index.php?rest_route=\/wp\/v2\/pages"}],"about":[{"href":"https:\/\/ap.com.al\/index.php?rest_route=\/wp\/v2\/types\/page"}],"author":[{"embeddable":true,"href":"https:\/\/ap.com.al\/index.php?rest_route=\/wp\/v2\/users\/1"}],"replies":[{"embeddable":true,"href":"https:\/\/ap.com.al\/index.php?rest_route=%2Fwp%2Fv2%2Fcomments&post=7919"}],"version-history":[{"count":12,"href":"https:\/\/ap.com.al\/index.php?rest_route=\/wp\/v2\/pages\/7919\/revisions"}],"predecessor-version":[{"id":8076,"href":"https:\/\/ap.com.al\/index.php?rest_route=\/wp\/v2\/pages\/7919\/revisions\/8076"}],"wp:attachment":[{"href":"https:\/\/ap.com.al\/index.php?rest_route=%2Fwp%2Fv2%2Fmedia&parent=7919"}],"curies":[{"name":"wp","href":"https:\/\/api.w.org\/{rel}","templated":true}]}}