{"id":7948,"date":"2022-05-31T09:53:47","date_gmt":"2022-05-31T09:53:47","guid":{"rendered":"https:\/\/ap.com.al\/?page_id=7948"},"modified":"2022-06-01T09:23:51","modified_gmt":"2022-06-01T09:23:51","slug":"schaumalac-50-plasma-g","status":"publish","type":"page","link":"https:\/\/ap.com.al\/?page_id=7948","title":{"rendered":"SCHAUMALAC 50 PLASMA G"},"content":{"rendered":"\n<style>\n  #oniiii{\n    background-image:url(\"https:\/\/ap.com.al\/wp-content\/uploads\/2022\/05\/pigg.jpg\");\n    padding-bottom: 32%;\n    background-position:center left;\n    background-repeat: no-repeat;\n    background-size:cover;\n  }\n  <\/style>\n  <script src=\"https:\/\/code.jquery.com\/jquery-3.5.0.js\">\n<\/script>\n\n<div id=\"oniiii\"><\/div>\n \n<script>\n$( \"#oniiii\" ).insertBefore( \".container_wrap_first\" );\n<\/script>\n\n\n\n<div class=\"wp-block-columns\" id=\"containerr\">\n<div class=\"wp-block-column\">\n<div class=\"avia_textblock\" itemprop=\"text\"><h4 style=\"color:#005a8c;\n\"> SCHAUMALAC 50 PLASMA G <\/h4>\n<\/div>\n<\/div>\n<\/div>\n\n\n\n<div class=\"wp-block-columns\" id=\"containerr\">\n<div class=\"wp-block-column\">\n<div class=\"detail__certificates-item-icon\">\n<img decoding=\"async\" alt=\"Icon SCHAUMALAC 50 PLASMA G \" src=\"https:\/\/ap.com.al\/wp-content\/uploads\/2022\/03\/Asset-54-1.png\">\n<\/div>\n<\/div>\n<\/div>\n\n\n\n<div class=\"wp-block-columns\" id=\"containerr\">\n<div class=\"wp-block-column\">\n<div class=\"blue_marker_list\">\n<h4 style=\"padding-top: 20px;\">T\u00eb ushqyerit n\u00eb m\u00ebnyr\u00eb perfekte posa\u00e7\u00ebrisht p\u00ebr gica t\u00eb vegj\u00ebl<\/h4>\n<p>Me SCHAUMALAC 50 PLASMA G mund t\u00eb prodhohet leht\u00eb nj\u00eb konzetrat me cil\u00ebsi absolute  p\u00ebr periudh\u00ebn e shk\u00ebputjes  0-8 kg peshe e gjalle. Drith\u00ebrat \u00eb trajtuara p\u00ebr nj\u00eb asimilim t\u00eb lart\u00eb,protein bimore dhe shtazore t\u00eb nj\u00eb cil\u00ebsie t\u00eb lart\u00eb, gjithashtu p\u00ebrmbajtja n\u00eb komponente t\u00eb yndyr\u00ebs dhe laktoz\u00ebs . Nj\u00eb kombinim perfekt i l\u00ebnd\u00ebve minerale,p\u00ebrb\u00ebr\u00ebsit aktiv si dhe drith\u00ebrave na jep nj\u00eb ushqim me nj\u00eb tretshm\u00ebri t\u00eb lart\u00eb,nj\u00eb mb\u00ebshtetje dhe siguri\nN\u00eb k\u00ebt\u00eb cik\u00ebl na japin element\u00ebt shtes\u00eb si BONVITAL, NSP-Enzyme , Acidet dhe Fitasa. Ju mb\u00ebshtesni zhvillimin e gicave n\u00eb nj\u00eb form\u00eb ideale n\u00ebp\u00ebr mjet ushqimit SCHAUMALAC 50 PLASMA G\n\nME SCHAUMALAC 50 PLASMA G \u2013mund t\u00eb realizohet nj\u00eb p\u00ebrzierje opitmale dhe  e sigurt\u00eb,me nj\u00eb shkall\u00eb t\u00eb lart\u00eb efikasiteti n\u00eb fermat tuaja p\u00ebr kategorit\u00eb n\u00eb shk\u00ebputje.\n<\/p>\n\n\n<\/div>\n\n\n\n<div class=\"blue_marker_list\">\n<h4 style=\"padding-top: 20px;\">Komponentet kryesor vijojn\u00eb si m\u00ebposht\u00eb:<\/h4>\n<ul style=\"list-style-type: square; \n\tpadding-left: 1em; margin:unset;\">\n<li>Probiotiku BONVITA, NSP-Enzima,Fitaze dhe Aromantizues.\nRrritje t\u00eb konsumit t\u00eb ushqimit dhe tretshm\u00ebri sa m\u00eb efektive me pranin\u00eb e enzimave. Stabilizimi i aparatit tret\u00ebs  nxit  shtes\u00ebn e pesh\u00ebs.<\/li>\n<li>Produktet shtazore si plasma e gjakut,mielli i peshkut, proteinat bimore si dhe p\u00ebrb\u00ebrjet e rakorduara t\u00eb aminoacideve si Lysin, Methionin,Threonin dhe Tryptophan 100% t\u00eb asimilueshme ,sigurojn\u00eb nj\u00eb burim cil\u00ebsor si dhe furnizimin e nevojsh\u00ebm proteinik t\u00eb kafsh\u00ebs.<\/li>\n<li>Komponent\u00eb me prejardhje qum\u00ebshti me nj\u00eb tretshm\u00ebri t\u00eb lart\u00eb si dhe burime leht\u00ebsisht t\u00eb tretshme proteinash sigurojn\u00eb p\u00ebr nj\u00eb shfryt\u00ebzimin maksimal t\u00eb p\u00ebrzierjes s\u00eb koncentratit p\u00ebr kategorin\u00eb e gicave.P\u00ebrdorimi i soj\u00ebs n\u00eb p\u00ebrzierjen ushqimore nuk \u00ebsht\u00eb i nevojsh\u00ebm.<\/li>\n<li>Prezenca e imunoglobulinava stimulon n\u00eb rezisteushm\u00ebrin\u00eb e gicave dhe siguron vitalitetin n\u00eb sh\u00ebndetin e tyre.<\/li>\n<\/ul>\n<p>Me SCHAUMALAC 50 PLASMA G do t\u00eb arrini t\u00eb garantuar nj\u00eb konsum\/asimilim t\u00eb lart\u00eb t\u00eb ushqimit dhe ve\u00e7an\u00ebrisht gicat me pesh\u00eb trupore t\u00eb vog\u00ebl do t\u00eb ken\u00eb nj\u00eb rritje t\u00eb shpejt\u00eb. <\/p>\n<\/div>\n\n\n\n<div class=\"blue_marker_list\">\n<h4 style=\"padding-top: 20px;\">Sasia e p\u00ebrdorimit:<\/h4>\n<ul style=\"list-style-type: square; \n\tpadding-left: 1em;\">\n<li>50% e racionit t\u00eb p\u00ebrfunduar<\/li>\n\n<\/ul>\n\n<\/div>\n<\/div>\n<\/div>\n","protected":false},"excerpt":{"rendered":"<p>SCHAUMALAC 50 PLASMA G T\u00eb ushqyerit n\u00eb m\u00ebnyr\u00eb perfekte posa\u00e7\u00ebrisht p\u00ebr gica t\u00eb vegj\u00ebl Me SCHAUMALAC 50 PLASMA G mund t\u00eb prodhohet leht\u00eb nj\u00eb konzetrat me cil\u00ebsi absolute p\u00ebr periudh\u00ebn e shk\u00ebputjes 0-8 kg peshe e gjalle. Drith\u00ebrat \u00eb trajtuara p\u00ebr nj\u00eb asimilim t\u00eb lart\u00eb,protein bimore dhe shtazore t\u00eb nj\u00eb cil\u00ebsie t\u00eb lart\u00eb, gjithashtu p\u00ebrmbajtja [&hellip;]<\/p>\n","protected":false},"author":1,"featured_media":0,"parent":0,"menu_order":0,"comment_status":"closed","ping_status":"closed","template":"","meta":{"inline_featured_image":false,"footnotes":""},"class_list":["post-7948","page","type-page","status-publish","hentry"],"yoast_head":"<!-- This site is optimized with the Yoast SEO plugin v18.9 - https:\/\/yoast.com\/wordpress\/plugins\/seo\/ -->\n<title>SCHAUMALAC 50 PLASMA G - Austria Praemix<\/title>\n<meta name=\"robots\" content=\"index, follow, max-snippet:-1, max-image-preview:large, max-video-preview:-1\" \/>\n<link rel=\"canonical\" href=\"https:\/\/ap.com.al\/?page_id=7948\" \/>\n<meta property=\"og:locale\" content=\"en_US\" \/>\n<meta property=\"og:type\" content=\"article\" \/>\n<meta property=\"og:title\" content=\"SCHAUMALAC 50 PLASMA G - Austria Praemix\" \/>\n<meta property=\"og:description\" content=\"SCHAUMALAC 50 PLASMA G T\u00eb ushqyerit n\u00eb m\u00ebnyr\u00eb perfekte posa\u00e7\u00ebrisht p\u00ebr gica t\u00eb vegj\u00ebl Me SCHAUMALAC 50 PLASMA G mund t\u00eb prodhohet leht\u00eb nj\u00eb konzetrat me cil\u00ebsi absolute p\u00ebr periudh\u00ebn e shk\u00ebputjes 0-8 kg peshe e gjalle. Drith\u00ebrat \u00eb trajtuara p\u00ebr nj\u00eb asimilim t\u00eb lart\u00eb,protein bimore dhe shtazore t\u00eb nj\u00eb cil\u00ebsie t\u00eb lart\u00eb, gjithashtu p\u00ebrmbajtja [&hellip;]\" \/>\n<meta property=\"og:url\" content=\"https:\/\/ap.com.al\/?page_id=7948\" \/>\n<meta property=\"og:site_name\" content=\"Austria Praemix\" \/>\n<meta property=\"article:publisher\" content=\"https:\/\/www.facebook.com\/austriapraemiks\/\" \/>\n<meta property=\"article:modified_time\" content=\"2022-06-01T09:23:51+00:00\" \/>\n<meta property=\"og:image\" content=\"https:\/\/ap.com.al\/wp-content\/uploads\/2022\/03\/Asset-54-1.png\" \/>\n<meta name=\"twitter:card\" content=\"summary_large_image\" \/>\n<meta name=\"twitter:label1\" content=\"Est. reading time\" \/>\n\t<meta name=\"twitter:data1\" content=\"2 minutes\" \/>\n<script type=\"application\/ld+json\" class=\"yoast-schema-graph\">{\"@context\":\"https:\/\/schema.org\",\"@graph\":[{\"@type\":\"Organization\",\"@id\":\"https:\/\/ap.com.al\/#organization\",\"name\":\"Austria Preamix\",\"url\":\"https:\/\/ap.com.al\/\",\"sameAs\":[\"https:\/\/www.instagram.com\/austriapraemix\/\",\"https:\/\/www.facebook.com\/austriapraemiks\/\"],\"logo\":{\"@type\":\"ImageObject\",\"inLanguage\":\"en-US\",\"@id\":\"https:\/\/ap.com.al\/#\/schema\/logo\/image\/\",\"url\":\"https:\/\/ap.com.al\/wp-content\/uploads\/2022\/02\/AP-logo.png\",\"contentUrl\":\"https:\/\/ap.com.al\/wp-content\/uploads\/2022\/02\/AP-logo.png\",\"width\":3358,\"height\":1616,\"caption\":\"Austria Preamix\"},\"image\":{\"@id\":\"https:\/\/ap.com.al\/#\/schema\/logo\/image\/\"}},{\"@type\":\"WebSite\",\"@id\":\"https:\/\/ap.com.al\/#website\",\"url\":\"https:\/\/ap.com.al\/\",\"name\":\"Austria Praemix\",\"description\":\"\",\"publisher\":{\"@id\":\"https:\/\/ap.com.al\/#organization\"},\"potentialAction\":[{\"@type\":\"SearchAction\",\"target\":{\"@type\":\"EntryPoint\",\"urlTemplate\":\"https:\/\/ap.com.al\/?s={search_term_string}\"},\"query-input\":\"required name=search_term_string\"}],\"inLanguage\":\"en-US\"},{\"@type\":\"ImageObject\",\"inLanguage\":\"en-US\",\"@id\":\"https:\/\/ap.com.al\/?page_id=7948#primaryimage\",\"url\":\"https:\/\/ap.com.al\/wp-content\/uploads\/2022\/03\/Asset-54-1.png\",\"contentUrl\":\"https:\/\/ap.com.al\/wp-content\/uploads\/2022\/03\/Asset-54-1.png\",\"width\":355,\"height\":354},{\"@type\":\"WebPage\",\"@id\":\"https:\/\/ap.com.al\/?page_id=7948#webpage\",\"url\":\"https:\/\/ap.com.al\/?page_id=7948\",\"name\":\"SCHAUMALAC 50 PLASMA G - Austria Praemix\",\"isPartOf\":{\"@id\":\"https:\/\/ap.com.al\/#website\"},\"primaryImageOfPage\":{\"@id\":\"https:\/\/ap.com.al\/?page_id=7948#primaryimage\"},\"datePublished\":\"2022-05-31T09:53:47+00:00\",\"dateModified\":\"2022-06-01T09:23:51+00:00\",\"breadcrumb\":{\"@id\":\"https:\/\/ap.com.al\/?page_id=7948#breadcrumb\"},\"inLanguage\":\"en-US\",\"potentialAction\":[{\"@type\":\"ReadAction\",\"target\":[\"https:\/\/ap.com.al\/?page_id=7948\"]}]},{\"@type\":\"BreadcrumbList\",\"@id\":\"https:\/\/ap.com.al\/?page_id=7948#breadcrumb\",\"itemListElement\":[{\"@type\":\"ListItem\",\"position\":1,\"name\":\"Home\",\"item\":\"https:\/\/ap.com.al\/\"},{\"@type\":\"ListItem\",\"position\":2,\"name\":\"SCHAUMALAC 50 PLASMA G\"}]}]}<\/script>\n<!-- \/ Yoast SEO plugin. -->","yoast_head_json":{"title":"SCHAUMALAC 50 PLASMA G - Austria Praemix","robots":{"index":"index","follow":"follow","max-snippet":"max-snippet:-1","max-image-preview":"max-image-preview:large","max-video-preview":"max-video-preview:-1"},"canonical":"https:\/\/ap.com.al\/?page_id=7948","og_locale":"en_US","og_type":"article","og_title":"SCHAUMALAC 50 PLASMA G - Austria Praemix","og_description":"SCHAUMALAC 50 PLASMA G T\u00eb ushqyerit n\u00eb m\u00ebnyr\u00eb perfekte posa\u00e7\u00ebrisht p\u00ebr gica t\u00eb vegj\u00ebl Me SCHAUMALAC 50 PLASMA G mund t\u00eb prodhohet leht\u00eb nj\u00eb konzetrat me cil\u00ebsi absolute p\u00ebr periudh\u00ebn e shk\u00ebputjes 0-8 kg peshe e gjalle. Drith\u00ebrat \u00eb trajtuara p\u00ebr nj\u00eb asimilim t\u00eb lart\u00eb,protein bimore dhe shtazore t\u00eb nj\u00eb cil\u00ebsie t\u00eb lart\u00eb, gjithashtu p\u00ebrmbajtja [&hellip;]","og_url":"https:\/\/ap.com.al\/?page_id=7948","og_site_name":"Austria Praemix","article_publisher":"https:\/\/www.facebook.com\/austriapraemiks\/","article_modified_time":"2022-06-01T09:23:51+00:00","og_image":[{"url":"https:\/\/ap.com.al\/wp-content\/uploads\/2022\/03\/Asset-54-1.png"}],"twitter_card":"summary_large_image","twitter_misc":{"Est. reading time":"2 minutes"},"schema":{"@context":"https:\/\/schema.org","@graph":[{"@type":"Organization","@id":"https:\/\/ap.com.al\/#organization","name":"Austria Preamix","url":"https:\/\/ap.com.al\/","sameAs":["https:\/\/www.instagram.com\/austriapraemix\/","https:\/\/www.facebook.com\/austriapraemiks\/"],"logo":{"@type":"ImageObject","inLanguage":"en-US","@id":"https:\/\/ap.com.al\/#\/schema\/logo\/image\/","url":"https:\/\/ap.com.al\/wp-content\/uploads\/2022\/02\/AP-logo.png","contentUrl":"https:\/\/ap.com.al\/wp-content\/uploads\/2022\/02\/AP-logo.png","width":3358,"height":1616,"caption":"Austria Preamix"},"image":{"@id":"https:\/\/ap.com.al\/#\/schema\/logo\/image\/"}},{"@type":"WebSite","@id":"https:\/\/ap.com.al\/#website","url":"https:\/\/ap.com.al\/","name":"Austria Praemix","description":"","publisher":{"@id":"https:\/\/ap.com.al\/#organization"},"potentialAction":[{"@type":"SearchAction","target":{"@type":"EntryPoint","urlTemplate":"https:\/\/ap.com.al\/?s={search_term_string}"},"query-input":"required name=search_term_string"}],"inLanguage":"en-US"},{"@type":"ImageObject","inLanguage":"en-US","@id":"https:\/\/ap.com.al\/?page_id=7948#primaryimage","url":"https:\/\/ap.com.al\/wp-content\/uploads\/2022\/03\/Asset-54-1.png","contentUrl":"https:\/\/ap.com.al\/wp-content\/uploads\/2022\/03\/Asset-54-1.png","width":355,"height":354},{"@type":"WebPage","@id":"https:\/\/ap.com.al\/?page_id=7948#webpage","url":"https:\/\/ap.com.al\/?page_id=7948","name":"SCHAUMALAC 50 PLASMA G - Austria Praemix","isPartOf":{"@id":"https:\/\/ap.com.al\/#website"},"primaryImageOfPage":{"@id":"https:\/\/ap.com.al\/?page_id=7948#primaryimage"},"datePublished":"2022-05-31T09:53:47+00:00","dateModified":"2022-06-01T09:23:51+00:00","breadcrumb":{"@id":"https:\/\/ap.com.al\/?page_id=7948#breadcrumb"},"inLanguage":"en-US","potentialAction":[{"@type":"ReadAction","target":["https:\/\/ap.com.al\/?page_id=7948"]}]},{"@type":"BreadcrumbList","@id":"https:\/\/ap.com.al\/?page_id=7948#breadcrumb","itemListElement":[{"@type":"ListItem","position":1,"name":"Home","item":"https:\/\/ap.com.al\/"},{"@type":"ListItem","position":2,"name":"SCHAUMALAC 50 PLASMA G"}]}]}},"_links":{"self":[{"href":"https:\/\/ap.com.al\/index.php?rest_route=\/wp\/v2\/pages\/7948","targetHints":{"allow":["GET"]}}],"collection":[{"href":"https:\/\/ap.com.al\/index.php?rest_route=\/wp\/v2\/pages"}],"about":[{"href":"https:\/\/ap.com.al\/index.php?rest_route=\/wp\/v2\/types\/page"}],"author":[{"embeddable":true,"href":"https:\/\/ap.com.al\/index.php?rest_route=\/wp\/v2\/users\/1"}],"replies":[{"embeddable":true,"href":"https:\/\/ap.com.al\/index.php?rest_route=%2Fwp%2Fv2%2Fcomments&post=7948"}],"version-history":[{"count":2,"href":"https:\/\/ap.com.al\/index.php?rest_route=\/wp\/v2\/pages\/7948\/revisions"}],"predecessor-version":[{"id":8077,"href":"https:\/\/ap.com.al\/index.php?rest_route=\/wp\/v2\/pages\/7948\/revisions\/8077"}],"wp:attachment":[{"href":"https:\/\/ap.com.al\/index.php?rest_route=%2Fwp%2Fv2%2Fmedia&parent=7948"}],"curies":[{"name":"wp","href":"https:\/\/api.w.org\/{rel}","templated":true}]}}