{"id":7950,"date":"2022-05-31T09:59:57","date_gmt":"2022-05-31T09:59:57","guid":{"rendered":"https:\/\/ap.com.al\/?page_id=7950"},"modified":"2022-06-01T09:24:48","modified_gmt":"2022-06-01T09:24:48","slug":"bi-lactin-plus","status":"publish","type":"page","link":"https:\/\/ap.com.al\/?page_id=7950","title":{"rendered":"BI LACTIN PLUS"},"content":{"rendered":"\n<style>\n  #oniiii{\n    background-image:url(\"https:\/\/ap.com.al\/wp-content\/uploads\/2022\/05\/pigg.jpg\");\n    padding-bottom: 32%;\n    background-position:center left;\n    background-repeat: no-repeat;\n    background-size:cover;\n  }\n  <\/style>\n  <script src=\"https:\/\/code.jquery.com\/jquery-3.5.0.js\">\n<\/script>\n\n<div id=\"oniiii\"><\/div>\n \n<script>\n$( \"#oniiii\" ).insertBefore( \".container_wrap_first\" );\n<\/script>\n\n\n\n<div class=\"wp-block-columns\" id=\"containerr\">\n<div class=\"wp-block-column\">\n<div class=\"avia_textblock\" itemprop=\"text\"><h4 style=\"color:#005a8c;\n\"> BI LACTIN PLUS <\/h4>\n<\/div>\n<\/div>\n<\/div>\n\n\n\n<div class=\"wp-block-columns\" id=\"containerr\">\n<div class=\"wp-block-column\">\n<div class=\"detail__certificates-item-icon\">\n<img decoding=\"async\" alt=\"Icon BI LACTIN PLUS  \" src=\"https:\/\/ap.com.al\/wp-content\/uploads\/2022\/03\/Asset-54-1.png\">\n<\/div>\n<\/div>\n<\/div>\n\n\n\n<div class=\"wp-block-columns\" id=\"containerr\">\n<div class=\"wp-block-column\">\n<div class=\"blue_marker_list\">\n<h4 style=\"padding-top: 20px;\">Ushqim p\u00ebr faz\u00ebn fillestare t\u00eb gicave n\u00eb m\u00ebm\u00ebzim<\/h4>\n<p style=\"margin: 0.5em 0;\">Gicat kan\u00eb k\u00ebrkesa shum\u00eb t\u00eb larta p\u00ebr ushqimin e tyre t\u00eb par\u00eb mbas periudh\u00ebs s\u00eb qum\u00ebshtit. Qum\u00ebshti i dos\u00ebs \u00ebsht\u00eb ushqimi ideal p\u00ebr gicat e vegj\u00ebl, por p\u00ebr fat t\u00eb keq nuk e kan\u00eb n\u00eb dispozicion m\u00eb shum\u00eb se 3-4 jav\u00eb, pastaj gicat jan\u00eb t\u00eb destinuar dhe t\u00eb varur nga burime t\u00eb tjera ushqyese. \nQendra e testimeve SCHAUMANN ka zbuluar me Bilaktin Plus nj\u00eb ushqim fillestar n\u00eb form\u00ebn pluhur tek e cila mund ti jepet e p\u00ebrzier me l\u00ebnd\u00ebn e pare (koncetrat) por edhe n\u00eb form\u00eb paste n\u00eb tas p\u00ebr gicat e pa shk\u00ebputur.\n\n<\/p>\n\n\n<\/div>\n\n\n\n<div class=\"blue_marker_list\">\n\n<ul style=\"list-style-type: square; \n\tpadding-left: 1em; margin:unset;\">\n<li>Ve\u00e7an\u00ebrisht p\u00ebr nj\u00eb shije t\u00eb ve\u00e7ant\u00eb, konsum i lart\u00eb si dhe p\u00ebr nj\u00eb rritje uniform\u00eb t\u00eb gicave.<\/li>\n<li>Tretshm\u00ebri shum\u00eb e lart\u00eb dhe p\u00ebrdorim i enzimave, acideve dhe probiotikut sigurojn\u00eb nj\u00eb tretje t\u00eb q\u00ebndrushme.<\/li>\n<li>Energji jasht\u00ebzakonisht shum\u00eb t\u00eb larta si dhe p\u00ebrmbajtje optimale e aminoacideve sigurojn\u00eb nj\u00eb shtes\u00eb pesh\u00eb optimale n\u00eb periudh\u00ebn e m\u00ebm\u00ebzimit. <\/li>\n<li>Arritje e peshave t\u00eb larta, n\u00eb periudh\u00ebn e shk\u00ebputjes si dhe gica t\u00eb sh\u00ebndetsh\u00ebm.<\/li>\n<li>BI-LACTIN PLUS \u00ebsht\u00eb i p\u00ebrshtatsh\u00ebm p\u00ebr shk\u00ebputjet n\u00ebn 28-t\u00eb dit\u00eb.<\/li>\n<li>T\u00eb ushqyerit me  BI-LACTIN PLUS 10-15% p\u00ebrmir\u00ebson shijen e ushqimit t\u00eb gicit si dhe stimulon at\u00eb t\u00eb rris\u00eb konsumin n\u00eb faz\u00ebn e shk\u00ebputjes dhe at\u00eb para saj.<\/li>\n<\/ul>\n\n<\/div>\n\n\n\n<div class=\"blue_marker_list\">\n<h4 style=\"padding-top: 20px;\">P\u00ebrdorimi i produktit:<\/h4>\n<ul style=\"list-style-type: square; \n\tpadding-left: 1em;\">\n<li>BI-LACTIN Plus ti ofrohet n\u00eb form\u00eb pluhuri ose t\u00eb p\u00ebrzihet me uj\u00eb t\u00eb vak\u00ebt minimalja 2 her\u00eb n\u00eb dit\u00eb n\u00eb form\u00eb paste. T\u00eb mbahet parasysh q\u00eb higjena duhet t\u00eb jet\u00eb n\u00eb kushte optimale!<\/li>\n\n<\/ul>\n\n<\/div>\n<\/div>\n<\/div>\n","protected":false},"excerpt":{"rendered":"<p>BI LACTIN PLUS Ushqim p\u00ebr faz\u00ebn fillestare t\u00eb gicave n\u00eb m\u00ebm\u00ebzim Gicat kan\u00eb k\u00ebrkesa shum\u00eb t\u00eb larta p\u00ebr ushqimin e tyre t\u00eb par\u00eb mbas periudh\u00ebs s\u00eb qum\u00ebshtit. Qum\u00ebshti i dos\u00ebs \u00ebsht\u00eb ushqimi ideal p\u00ebr gicat e vegj\u00ebl, por p\u00ebr fat t\u00eb keq nuk e kan\u00eb n\u00eb dispozicion m\u00eb shum\u00eb se 3-4 jav\u00eb, pastaj gicat jan\u00eb [&hellip;]<\/p>\n","protected":false},"author":1,"featured_media":0,"parent":0,"menu_order":0,"comment_status":"closed","ping_status":"closed","template":"","meta":{"inline_featured_image":false,"footnotes":""},"class_list":["post-7950","page","type-page","status-publish","hentry"],"yoast_head":"<!-- This site is optimized with the Yoast SEO plugin v18.9 - https:\/\/yoast.com\/wordpress\/plugins\/seo\/ -->\n<title>BI LACTIN PLUS - Austria Praemix<\/title>\n<meta name=\"robots\" content=\"index, follow, max-snippet:-1, max-image-preview:large, max-video-preview:-1\" \/>\n<link rel=\"canonical\" href=\"https:\/\/ap.com.al\/?page_id=7950\" \/>\n<meta property=\"og:locale\" content=\"en_US\" \/>\n<meta property=\"og:type\" content=\"article\" \/>\n<meta property=\"og:title\" content=\"BI LACTIN PLUS - Austria Praemix\" \/>\n<meta property=\"og:description\" content=\"BI LACTIN PLUS Ushqim p\u00ebr faz\u00ebn fillestare t\u00eb gicave n\u00eb m\u00ebm\u00ebzim Gicat kan\u00eb k\u00ebrkesa shum\u00eb t\u00eb larta p\u00ebr ushqimin e tyre t\u00eb par\u00eb mbas periudh\u00ebs s\u00eb qum\u00ebshtit. Qum\u00ebshti i dos\u00ebs \u00ebsht\u00eb ushqimi ideal p\u00ebr gicat e vegj\u00ebl, por p\u00ebr fat t\u00eb keq nuk e kan\u00eb n\u00eb dispozicion m\u00eb shum\u00eb se 3-4 jav\u00eb, pastaj gicat jan\u00eb [&hellip;]\" \/>\n<meta property=\"og:url\" content=\"https:\/\/ap.com.al\/?page_id=7950\" \/>\n<meta property=\"og:site_name\" content=\"Austria Praemix\" \/>\n<meta property=\"article:publisher\" content=\"https:\/\/www.facebook.com\/austriapraemiks\/\" \/>\n<meta property=\"article:modified_time\" content=\"2022-06-01T09:24:48+00:00\" \/>\n<meta property=\"og:image\" content=\"https:\/\/ap.com.al\/wp-content\/uploads\/2022\/03\/Asset-54-1.png\" \/>\n<meta name=\"twitter:card\" content=\"summary_large_image\" \/>\n<meta name=\"twitter:label1\" content=\"Est. reading time\" \/>\n\t<meta name=\"twitter:data1\" content=\"2 minutes\" \/>\n<script type=\"application\/ld+json\" class=\"yoast-schema-graph\">{\"@context\":\"https:\/\/schema.org\",\"@graph\":[{\"@type\":\"Organization\",\"@id\":\"https:\/\/ap.com.al\/#organization\",\"name\":\"Austria Preamix\",\"url\":\"https:\/\/ap.com.al\/\",\"sameAs\":[\"https:\/\/www.instagram.com\/austriapraemix\/\",\"https:\/\/www.facebook.com\/austriapraemiks\/\"],\"logo\":{\"@type\":\"ImageObject\",\"inLanguage\":\"en-US\",\"@id\":\"https:\/\/ap.com.al\/#\/schema\/logo\/image\/\",\"url\":\"https:\/\/ap.com.al\/wp-content\/uploads\/2022\/02\/AP-logo.png\",\"contentUrl\":\"https:\/\/ap.com.al\/wp-content\/uploads\/2022\/02\/AP-logo.png\",\"width\":3358,\"height\":1616,\"caption\":\"Austria Preamix\"},\"image\":{\"@id\":\"https:\/\/ap.com.al\/#\/schema\/logo\/image\/\"}},{\"@type\":\"WebSite\",\"@id\":\"https:\/\/ap.com.al\/#website\",\"url\":\"https:\/\/ap.com.al\/\",\"name\":\"Austria Praemix\",\"description\":\"\",\"publisher\":{\"@id\":\"https:\/\/ap.com.al\/#organization\"},\"potentialAction\":[{\"@type\":\"SearchAction\",\"target\":{\"@type\":\"EntryPoint\",\"urlTemplate\":\"https:\/\/ap.com.al\/?s={search_term_string}\"},\"query-input\":\"required name=search_term_string\"}],\"inLanguage\":\"en-US\"},{\"@type\":\"ImageObject\",\"inLanguage\":\"en-US\",\"@id\":\"https:\/\/ap.com.al\/?page_id=7950#primaryimage\",\"url\":\"https:\/\/ap.com.al\/wp-content\/uploads\/2022\/03\/Asset-54-1.png\",\"contentUrl\":\"https:\/\/ap.com.al\/wp-content\/uploads\/2022\/03\/Asset-54-1.png\",\"width\":355,\"height\":354},{\"@type\":\"WebPage\",\"@id\":\"https:\/\/ap.com.al\/?page_id=7950#webpage\",\"url\":\"https:\/\/ap.com.al\/?page_id=7950\",\"name\":\"BI LACTIN PLUS - Austria Praemix\",\"isPartOf\":{\"@id\":\"https:\/\/ap.com.al\/#website\"},\"primaryImageOfPage\":{\"@id\":\"https:\/\/ap.com.al\/?page_id=7950#primaryimage\"},\"datePublished\":\"2022-05-31T09:59:57+00:00\",\"dateModified\":\"2022-06-01T09:24:48+00:00\",\"breadcrumb\":{\"@id\":\"https:\/\/ap.com.al\/?page_id=7950#breadcrumb\"},\"inLanguage\":\"en-US\",\"potentialAction\":[{\"@type\":\"ReadAction\",\"target\":[\"https:\/\/ap.com.al\/?page_id=7950\"]}]},{\"@type\":\"BreadcrumbList\",\"@id\":\"https:\/\/ap.com.al\/?page_id=7950#breadcrumb\",\"itemListElement\":[{\"@type\":\"ListItem\",\"position\":1,\"name\":\"Home\",\"item\":\"https:\/\/ap.com.al\/\"},{\"@type\":\"ListItem\",\"position\":2,\"name\":\"BI LACTIN PLUS\"}]}]}<\/script>\n<!-- \/ Yoast SEO plugin. -->","yoast_head_json":{"title":"BI LACTIN PLUS - Austria Praemix","robots":{"index":"index","follow":"follow","max-snippet":"max-snippet:-1","max-image-preview":"max-image-preview:large","max-video-preview":"max-video-preview:-1"},"canonical":"https:\/\/ap.com.al\/?page_id=7950","og_locale":"en_US","og_type":"article","og_title":"BI LACTIN PLUS - Austria Praemix","og_description":"BI LACTIN PLUS Ushqim p\u00ebr faz\u00ebn fillestare t\u00eb gicave n\u00eb m\u00ebm\u00ebzim Gicat kan\u00eb k\u00ebrkesa shum\u00eb t\u00eb larta p\u00ebr ushqimin e tyre t\u00eb par\u00eb mbas periudh\u00ebs s\u00eb qum\u00ebshtit. Qum\u00ebshti i dos\u00ebs \u00ebsht\u00eb ushqimi ideal p\u00ebr gicat e vegj\u00ebl, por p\u00ebr fat t\u00eb keq nuk e kan\u00eb n\u00eb dispozicion m\u00eb shum\u00eb se 3-4 jav\u00eb, pastaj gicat jan\u00eb [&hellip;]","og_url":"https:\/\/ap.com.al\/?page_id=7950","og_site_name":"Austria Praemix","article_publisher":"https:\/\/www.facebook.com\/austriapraemiks\/","article_modified_time":"2022-06-01T09:24:48+00:00","og_image":[{"url":"https:\/\/ap.com.al\/wp-content\/uploads\/2022\/03\/Asset-54-1.png"}],"twitter_card":"summary_large_image","twitter_misc":{"Est. reading time":"2 minutes"},"schema":{"@context":"https:\/\/schema.org","@graph":[{"@type":"Organization","@id":"https:\/\/ap.com.al\/#organization","name":"Austria Preamix","url":"https:\/\/ap.com.al\/","sameAs":["https:\/\/www.instagram.com\/austriapraemix\/","https:\/\/www.facebook.com\/austriapraemiks\/"],"logo":{"@type":"ImageObject","inLanguage":"en-US","@id":"https:\/\/ap.com.al\/#\/schema\/logo\/image\/","url":"https:\/\/ap.com.al\/wp-content\/uploads\/2022\/02\/AP-logo.png","contentUrl":"https:\/\/ap.com.al\/wp-content\/uploads\/2022\/02\/AP-logo.png","width":3358,"height":1616,"caption":"Austria Preamix"},"image":{"@id":"https:\/\/ap.com.al\/#\/schema\/logo\/image\/"}},{"@type":"WebSite","@id":"https:\/\/ap.com.al\/#website","url":"https:\/\/ap.com.al\/","name":"Austria Praemix","description":"","publisher":{"@id":"https:\/\/ap.com.al\/#organization"},"potentialAction":[{"@type":"SearchAction","target":{"@type":"EntryPoint","urlTemplate":"https:\/\/ap.com.al\/?s={search_term_string}"},"query-input":"required name=search_term_string"}],"inLanguage":"en-US"},{"@type":"ImageObject","inLanguage":"en-US","@id":"https:\/\/ap.com.al\/?page_id=7950#primaryimage","url":"https:\/\/ap.com.al\/wp-content\/uploads\/2022\/03\/Asset-54-1.png","contentUrl":"https:\/\/ap.com.al\/wp-content\/uploads\/2022\/03\/Asset-54-1.png","width":355,"height":354},{"@type":"WebPage","@id":"https:\/\/ap.com.al\/?page_id=7950#webpage","url":"https:\/\/ap.com.al\/?page_id=7950","name":"BI LACTIN PLUS - Austria Praemix","isPartOf":{"@id":"https:\/\/ap.com.al\/#website"},"primaryImageOfPage":{"@id":"https:\/\/ap.com.al\/?page_id=7950#primaryimage"},"datePublished":"2022-05-31T09:59:57+00:00","dateModified":"2022-06-01T09:24:48+00:00","breadcrumb":{"@id":"https:\/\/ap.com.al\/?page_id=7950#breadcrumb"},"inLanguage":"en-US","potentialAction":[{"@type":"ReadAction","target":["https:\/\/ap.com.al\/?page_id=7950"]}]},{"@type":"BreadcrumbList","@id":"https:\/\/ap.com.al\/?page_id=7950#breadcrumb","itemListElement":[{"@type":"ListItem","position":1,"name":"Home","item":"https:\/\/ap.com.al\/"},{"@type":"ListItem","position":2,"name":"BI LACTIN PLUS"}]}]}},"_links":{"self":[{"href":"https:\/\/ap.com.al\/index.php?rest_route=\/wp\/v2\/pages\/7950","targetHints":{"allow":["GET"]}}],"collection":[{"href":"https:\/\/ap.com.al\/index.php?rest_route=\/wp\/v2\/pages"}],"about":[{"href":"https:\/\/ap.com.al\/index.php?rest_route=\/wp\/v2\/types\/page"}],"author":[{"embeddable":true,"href":"https:\/\/ap.com.al\/index.php?rest_route=\/wp\/v2\/users\/1"}],"replies":[{"embeddable":true,"href":"https:\/\/ap.com.al\/index.php?rest_route=%2Fwp%2Fv2%2Fcomments&post=7950"}],"version-history":[{"count":3,"href":"https:\/\/ap.com.al\/index.php?rest_route=\/wp\/v2\/pages\/7950\/revisions"}],"predecessor-version":[{"id":8078,"href":"https:\/\/ap.com.al\/index.php?rest_route=\/wp\/v2\/pages\/7950\/revisions\/8078"}],"wp:attachment":[{"href":"https:\/\/ap.com.al\/index.php?rest_route=%2Fwp%2Fv2%2Fmedia&parent=7950"}],"curies":[{"name":"wp","href":"https:\/\/api.w.org\/{rel}","templated":true}]}}