{"id":7953,"date":"2022-05-31T10:07:00","date_gmt":"2022-05-31T10:07:00","guid":{"rendered":"https:\/\/ap.com.al\/?page_id=7953"},"modified":"2022-06-01T09:25:21","modified_gmt":"2022-06-01T09:25:21","slug":"natupig-start-30","status":"publish","type":"page","link":"https:\/\/ap.com.al\/?page_id=7953","title":{"rendered":"NATUPIG START 30"},"content":{"rendered":"\n<style>\n  #oniiii{\n    background-image:url(\"https:\/\/ap.com.al\/wp-content\/uploads\/2022\/05\/pigg.jpg\");\n    padding-bottom: 32%;\n    background-position:center left;\n    background-repeat: no-repeat;\n    background-size:cover;\n  }\n  <\/style>\n  <script src=\"https:\/\/code.jquery.com\/jquery-3.5.0.js\">\n<\/script>\n\n<div id=\"oniiii\"><\/div>\n \n<script>\n$( \"#oniiii\" ).insertBefore( \".container_wrap_first\" );\n<\/script>\n\n\n\n<div class=\"wp-block-columns\" id=\"containerr\">\n<div class=\"wp-block-column\">\n<div class=\"avia_textblock\" itemprop=\"text\"><h4 style=\"color:#005a8c;\n\">NATUPIG START 30 <\/h4>\n<\/div>\n<\/div>\n<\/div>\n\n\n\n<div class=\"wp-block-columns\" id=\"containerr\">\n<div class=\"wp-block-column\">\n<div class=\"detail__certificates-item-icon\">\n<img decoding=\"async\" alt=\"Icon NATUPIG START 30 \" src=\"https:\/\/ap.com.al\/wp-content\/uploads\/2022\/03\/Asset-54-1.png\">\n<\/div>\n<\/div>\n<\/div>\n\n\n\n<div class=\"wp-block-columns\" id=\"containerr\">\n<div class=\"wp-block-column\">\n<div class=\"blue_marker_list\">\n<h4 style=\"padding-top: 20px;\">P\u00ebr shk\u00ebputje t\u00eb suksesshme dhe t\u00eb sigurt<\/h4>\n<p style=\"margin: 0.5em 0;\">NATUPIG START 30 \u00ebsht\u00eb suplementi p\u00ebr premium prestarter dhe p\u00ebr t\u00eb ushqyerit n\u00eb faz\u00ebn e shk\u00ebputjes. Komponent\u00ebt special\u00eb, Bonvital, CERAVITAL XP, CERAGEL dhe CERABAC p\u00ebrve\u00e7 fitaz\u00ebs e mb\u00ebshtesin derrin n\u00eb zhvillimin e tij n\u00eb m\u00ebnyr\u00eb optimale.\n\n<\/p>\n\n\n<\/div>\n\n\n\n<div class=\"blue_marker_list\">\n<h4 style=\"padding-top: 20px;\">NATUPIG START 30 &#8211; p\u00ebrzierjet \u00e7ojn\u00eb n\u00eb nj\u00eb nivel t\u00eb lart\u00eb sigurie dhe aft\u00ebsie t\u00eb performanc\u00ebs n\u00eb p\u00ebrzierjet e qum\u00ebshtit t\u00eb b\u00ebra n\u00eb sht\u00ebpi:<\/h4>\n<ul style=\"list-style-type: square; \n\tpadding-left: 1em; margin:unset;\">\n<li>Kombinimi i probiotik\u00ebve BONVITAL dhe CARABAC duke p\u00ebrfshir\u00eb nj\u00eb densitet t\u00eb lart\u00eb t\u00eb Phytase dhe CERAVITAL XP t\u00eb zhvilluara t\u00eb re. Marrja e ushqimit rritet dhe p\u00ebrdorimi i l\u00ebnd\u00ebve ushqyese t\u00eb ushqimit p\u00ebrmir\u00ebsohet. K\u00ebshtu, tretja stabilizohet dhe performanca e rritjes rritet.<\/li>\n<li>Pajisjen me kat\u00ebr aminoacidet lizin\u00eb, metionin\u00eb, treonine dhe triptofan me tretshm\u00ebri 100% si dhe plot\u00ebsimin e burimeve proteinike shum\u00eb t\u00eb tretshme. Reduktimi i proteinave parandalon problemet e tretjes.<\/li>\n<li>Komponent\u00ebt premium dhe burimet e proteinave leht\u00ebsisht t\u00eb tretshme p\u00ebrmir\u00ebsojn\u00eb p\u00ebrzierjet e rritjes s\u00eb derrave.<\/li>\n\n<\/ul>\n\n<\/div>\n<\/div>\n<\/div>\n\n\n\n<div class=\"wp-block-columns\" id=\"containerr\">\n<div class=\"wp-block-column probio_img\">\n<figure class=\"wp-block-image size-full img_per \"><img loading=\"lazy\" decoding=\"async\" width=\"211\" height=\"119\" src=\"https:\/\/ap.com.al\/wp-content\/uploads\/2022\/05\/bonvital.jpg\" alt=\"\" class=\"wp-image-7961\"><\/figure>\n<\/div>\n\n\n\n<div class=\"wp-block-column probio_img\">\n<figure class=\"wp-block-image size-full img_per\"><img loading=\"lazy\" decoding=\"async\" width=\"159\" height=\"80\" src=\"https:\/\/ap.com.al\/wp-content\/uploads\/2022\/05\/mizi.jpg\" alt=\"\" class=\"wp-image-7959\"\/><\/figure>\n<\/div>\n\n\n\n<div class=\"wp-block-column probio_img\">\n<figure class=\"wp-block-image size-full img_per\"><img loading=\"lazy\" decoding=\"async\" width=\"373\" height=\"53\" src=\"https:\/\/ap.com.al\/wp-content\/uploads\/2022\/05\/aminotrace.jpg\" alt=\"\" class=\"wp-image-7960\" srcset=\"https:\/\/ap.com.al\/wp-content\/uploads\/2022\/05\/aminotrace.jpg 373w, https:\/\/ap.com.al\/wp-content\/uploads\/2022\/05\/aminotrace-300x43.jpg 300w\" sizes=\"auto, (max-width: 373px) 100vw, 373px\" \/><\/figure>\n<\/div>\n<\/div>\n\n\n\n<div class=\"wp-block-columns\" id=\"containerr\">\n<div class=\"wp-block-column probio_img\">\n<figure class=\"wp-block-image size-full img_per \"><img loading=\"lazy\" decoding=\"async\" width=\"256\" height=\"171\" src=\"https:\/\/ap.com.al\/wp-content\/uploads\/2022\/05\/cerabac.jpg\" alt=\"\" class=\"wp-image-7956\"><\/figure>\n<\/div>\n\n\n\n<div class=\"wp-block-column probio_img\">\n<figure class=\"wp-block-image size-full img_per\"><img loading=\"lazy\" decoding=\"async\" width=\"944\" height=\"472\" src=\"https:\/\/ap.com.al\/wp-content\/uploads\/2022\/05\/ceragel.gif\" alt=\"\" class=\"wp-image-7957\"><\/figure>\n<\/div>\n\n\n\n<div class=\"wp-block-column probio_img\">\n<figure class=\"wp-block-image size-full img_per\"><img loading=\"lazy\" decoding=\"async\" width=\"431\" height=\"74\" src=\"https:\/\/ap.com.al\/wp-content\/uploads\/2022\/05\/ceravital.jpg\" alt=\"\" class=\"wp-image-7958\" srcset=\"https:\/\/ap.com.al\/wp-content\/uploads\/2022\/05\/ceravital.jpg 431w, https:\/\/ap.com.al\/wp-content\/uploads\/2022\/05\/ceravital-300x52.jpg 300w\" sizes=\"auto, (max-width: 431px) 100vw, 431px\" \/><\/figure>\n<\/div>\n<\/div>\n","protected":false},"excerpt":{"rendered":"<p>NATUPIG START 30 P\u00ebr shk\u00ebputje t\u00eb suksesshme dhe t\u00eb sigurt NATUPIG START 30 \u00ebsht\u00eb suplementi p\u00ebr premium prestarter dhe p\u00ebr t\u00eb ushqyerit n\u00eb faz\u00ebn e shk\u00ebputjes. Komponent\u00ebt special\u00eb, Bonvital, CERAVITAL XP, CERAGEL dhe CERABAC p\u00ebrve\u00e7 fitaz\u00ebs e mb\u00ebshtesin derrin n\u00eb zhvillimin e tij n\u00eb m\u00ebnyr\u00eb optimale. NATUPIG START 30 &#8211; p\u00ebrzierjet \u00e7ojn\u00eb n\u00eb nj\u00eb nivel [&hellip;]<\/p>\n","protected":false},"author":1,"featured_media":0,"parent":0,"menu_order":0,"comment_status":"closed","ping_status":"closed","template":"","meta":{"inline_featured_image":false,"footnotes":""},"class_list":["post-7953","page","type-page","status-publish","hentry"],"yoast_head":"<!-- This site is optimized with the Yoast SEO plugin v18.9 - https:\/\/yoast.com\/wordpress\/plugins\/seo\/ -->\n<title>NATUPIG START 30 - Austria Praemix<\/title>\n<meta name=\"robots\" content=\"index, follow, max-snippet:-1, max-image-preview:large, max-video-preview:-1\" \/>\n<link rel=\"canonical\" href=\"https:\/\/ap.com.al\/?page_id=7953\" \/>\n<meta property=\"og:locale\" content=\"en_US\" \/>\n<meta property=\"og:type\" content=\"article\" \/>\n<meta property=\"og:title\" content=\"NATUPIG START 30 - Austria Praemix\" \/>\n<meta property=\"og:description\" content=\"NATUPIG START 30 P\u00ebr shk\u00ebputje t\u00eb suksesshme dhe t\u00eb sigurt NATUPIG START 30 \u00ebsht\u00eb suplementi p\u00ebr premium prestarter dhe p\u00ebr t\u00eb ushqyerit n\u00eb faz\u00ebn e shk\u00ebputjes. Komponent\u00ebt special\u00eb, Bonvital, CERAVITAL XP, CERAGEL dhe CERABAC p\u00ebrve\u00e7 fitaz\u00ebs e mb\u00ebshtesin derrin n\u00eb zhvillimin e tij n\u00eb m\u00ebnyr\u00eb optimale. NATUPIG START 30 &#8211; p\u00ebrzierjet \u00e7ojn\u00eb n\u00eb nj\u00eb nivel [&hellip;]\" \/>\n<meta property=\"og:url\" content=\"https:\/\/ap.com.al\/?page_id=7953\" \/>\n<meta property=\"og:site_name\" content=\"Austria Praemix\" \/>\n<meta property=\"article:publisher\" content=\"https:\/\/www.facebook.com\/austriapraemiks\/\" \/>\n<meta property=\"article:modified_time\" content=\"2022-06-01T09:25:21+00:00\" \/>\n<meta property=\"og:image\" content=\"https:\/\/ap.com.al\/wp-content\/uploads\/2022\/03\/Asset-54-1.png\" \/>\n<meta name=\"twitter:card\" content=\"summary_large_image\" \/>\n<meta name=\"twitter:label1\" content=\"Est. reading time\" \/>\n\t<meta name=\"twitter:data1\" content=\"3 minutes\" \/>\n<script type=\"application\/ld+json\" class=\"yoast-schema-graph\">{\"@context\":\"https:\/\/schema.org\",\"@graph\":[{\"@type\":\"Organization\",\"@id\":\"https:\/\/ap.com.al\/#organization\",\"name\":\"Austria Preamix\",\"url\":\"https:\/\/ap.com.al\/\",\"sameAs\":[\"https:\/\/www.instagram.com\/austriapraemix\/\",\"https:\/\/www.facebook.com\/austriapraemiks\/\"],\"logo\":{\"@type\":\"ImageObject\",\"inLanguage\":\"en-US\",\"@id\":\"https:\/\/ap.com.al\/#\/schema\/logo\/image\/\",\"url\":\"https:\/\/ap.com.al\/wp-content\/uploads\/2022\/02\/AP-logo.png\",\"contentUrl\":\"https:\/\/ap.com.al\/wp-content\/uploads\/2022\/02\/AP-logo.png\",\"width\":3358,\"height\":1616,\"caption\":\"Austria Preamix\"},\"image\":{\"@id\":\"https:\/\/ap.com.al\/#\/schema\/logo\/image\/\"}},{\"@type\":\"WebSite\",\"@id\":\"https:\/\/ap.com.al\/#website\",\"url\":\"https:\/\/ap.com.al\/\",\"name\":\"Austria Praemix\",\"description\":\"\",\"publisher\":{\"@id\":\"https:\/\/ap.com.al\/#organization\"},\"potentialAction\":[{\"@type\":\"SearchAction\",\"target\":{\"@type\":\"EntryPoint\",\"urlTemplate\":\"https:\/\/ap.com.al\/?s={search_term_string}\"},\"query-input\":\"required name=search_term_string\"}],\"inLanguage\":\"en-US\"},{\"@type\":\"ImageObject\",\"inLanguage\":\"en-US\",\"@id\":\"https:\/\/ap.com.al\/?page_id=7953#primaryimage\",\"url\":\"https:\/\/ap.com.al\/wp-content\/uploads\/2022\/03\/Asset-54-1.png\",\"contentUrl\":\"https:\/\/ap.com.al\/wp-content\/uploads\/2022\/03\/Asset-54-1.png\",\"width\":355,\"height\":354},{\"@type\":\"WebPage\",\"@id\":\"https:\/\/ap.com.al\/?page_id=7953#webpage\",\"url\":\"https:\/\/ap.com.al\/?page_id=7953\",\"name\":\"NATUPIG START 30 - Austria Praemix\",\"isPartOf\":{\"@id\":\"https:\/\/ap.com.al\/#website\"},\"primaryImageOfPage\":{\"@id\":\"https:\/\/ap.com.al\/?page_id=7953#primaryimage\"},\"datePublished\":\"2022-05-31T10:07:00+00:00\",\"dateModified\":\"2022-06-01T09:25:21+00:00\",\"breadcrumb\":{\"@id\":\"https:\/\/ap.com.al\/?page_id=7953#breadcrumb\"},\"inLanguage\":\"en-US\",\"potentialAction\":[{\"@type\":\"ReadAction\",\"target\":[\"https:\/\/ap.com.al\/?page_id=7953\"]}]},{\"@type\":\"BreadcrumbList\",\"@id\":\"https:\/\/ap.com.al\/?page_id=7953#breadcrumb\",\"itemListElement\":[{\"@type\":\"ListItem\",\"position\":1,\"name\":\"Home\",\"item\":\"https:\/\/ap.com.al\/\"},{\"@type\":\"ListItem\",\"position\":2,\"name\":\"NATUPIG START 30\"}]}]}<\/script>\n<!-- \/ Yoast SEO plugin. -->","yoast_head_json":{"title":"NATUPIG START 30 - Austria Praemix","robots":{"index":"index","follow":"follow","max-snippet":"max-snippet:-1","max-image-preview":"max-image-preview:large","max-video-preview":"max-video-preview:-1"},"canonical":"https:\/\/ap.com.al\/?page_id=7953","og_locale":"en_US","og_type":"article","og_title":"NATUPIG START 30 - Austria Praemix","og_description":"NATUPIG START 30 P\u00ebr shk\u00ebputje t\u00eb suksesshme dhe t\u00eb sigurt NATUPIG START 30 \u00ebsht\u00eb suplementi p\u00ebr premium prestarter dhe p\u00ebr t\u00eb ushqyerit n\u00eb faz\u00ebn e shk\u00ebputjes. Komponent\u00ebt special\u00eb, Bonvital, CERAVITAL XP, CERAGEL dhe CERABAC p\u00ebrve\u00e7 fitaz\u00ebs e mb\u00ebshtesin derrin n\u00eb zhvillimin e tij n\u00eb m\u00ebnyr\u00eb optimale. NATUPIG START 30 &#8211; p\u00ebrzierjet \u00e7ojn\u00eb n\u00eb nj\u00eb nivel [&hellip;]","og_url":"https:\/\/ap.com.al\/?page_id=7953","og_site_name":"Austria Praemix","article_publisher":"https:\/\/www.facebook.com\/austriapraemiks\/","article_modified_time":"2022-06-01T09:25:21+00:00","og_image":[{"url":"https:\/\/ap.com.al\/wp-content\/uploads\/2022\/03\/Asset-54-1.png"}],"twitter_card":"summary_large_image","twitter_misc":{"Est. reading time":"3 minutes"},"schema":{"@context":"https:\/\/schema.org","@graph":[{"@type":"Organization","@id":"https:\/\/ap.com.al\/#organization","name":"Austria Preamix","url":"https:\/\/ap.com.al\/","sameAs":["https:\/\/www.instagram.com\/austriapraemix\/","https:\/\/www.facebook.com\/austriapraemiks\/"],"logo":{"@type":"ImageObject","inLanguage":"en-US","@id":"https:\/\/ap.com.al\/#\/schema\/logo\/image\/","url":"https:\/\/ap.com.al\/wp-content\/uploads\/2022\/02\/AP-logo.png","contentUrl":"https:\/\/ap.com.al\/wp-content\/uploads\/2022\/02\/AP-logo.png","width":3358,"height":1616,"caption":"Austria Preamix"},"image":{"@id":"https:\/\/ap.com.al\/#\/schema\/logo\/image\/"}},{"@type":"WebSite","@id":"https:\/\/ap.com.al\/#website","url":"https:\/\/ap.com.al\/","name":"Austria Praemix","description":"","publisher":{"@id":"https:\/\/ap.com.al\/#organization"},"potentialAction":[{"@type":"SearchAction","target":{"@type":"EntryPoint","urlTemplate":"https:\/\/ap.com.al\/?s={search_term_string}"},"query-input":"required name=search_term_string"}],"inLanguage":"en-US"},{"@type":"ImageObject","inLanguage":"en-US","@id":"https:\/\/ap.com.al\/?page_id=7953#primaryimage","url":"https:\/\/ap.com.al\/wp-content\/uploads\/2022\/03\/Asset-54-1.png","contentUrl":"https:\/\/ap.com.al\/wp-content\/uploads\/2022\/03\/Asset-54-1.png","width":355,"height":354},{"@type":"WebPage","@id":"https:\/\/ap.com.al\/?page_id=7953#webpage","url":"https:\/\/ap.com.al\/?page_id=7953","name":"NATUPIG START 30 - Austria Praemix","isPartOf":{"@id":"https:\/\/ap.com.al\/#website"},"primaryImageOfPage":{"@id":"https:\/\/ap.com.al\/?page_id=7953#primaryimage"},"datePublished":"2022-05-31T10:07:00+00:00","dateModified":"2022-06-01T09:25:21+00:00","breadcrumb":{"@id":"https:\/\/ap.com.al\/?page_id=7953#breadcrumb"},"inLanguage":"en-US","potentialAction":[{"@type":"ReadAction","target":["https:\/\/ap.com.al\/?page_id=7953"]}]},{"@type":"BreadcrumbList","@id":"https:\/\/ap.com.al\/?page_id=7953#breadcrumb","itemListElement":[{"@type":"ListItem","position":1,"name":"Home","item":"https:\/\/ap.com.al\/"},{"@type":"ListItem","position":2,"name":"NATUPIG START 30"}]}]}},"_links":{"self":[{"href":"https:\/\/ap.com.al\/index.php?rest_route=\/wp\/v2\/pages\/7953","targetHints":{"allow":["GET"]}}],"collection":[{"href":"https:\/\/ap.com.al\/index.php?rest_route=\/wp\/v2\/pages"}],"about":[{"href":"https:\/\/ap.com.al\/index.php?rest_route=\/wp\/v2\/types\/page"}],"author":[{"embeddable":true,"href":"https:\/\/ap.com.al\/index.php?rest_route=\/wp\/v2\/users\/1"}],"replies":[{"embeddable":true,"href":"https:\/\/ap.com.al\/index.php?rest_route=%2Fwp%2Fv2%2Fcomments&post=7953"}],"version-history":[{"count":6,"href":"https:\/\/ap.com.al\/index.php?rest_route=\/wp\/v2\/pages\/7953\/revisions"}],"predecessor-version":[{"id":8079,"href":"https:\/\/ap.com.al\/index.php?rest_route=\/wp\/v2\/pages\/7953\/revisions\/8079"}],"wp:attachment":[{"href":"https:\/\/ap.com.al\/index.php?rest_route=%2Fwp%2Fv2%2Fmedia&parent=7953"}],"curies":[{"name":"wp","href":"https:\/\/api.w.org\/{rel}","templated":true}]}}