{"id":7993,"date":"2022-05-31T12:54:59","date_gmt":"2022-05-31T12:54:59","guid":{"rendered":"https:\/\/ap.com.al\/?page_id=7993"},"modified":"2022-05-31T12:55:38","modified_gmt":"2022-05-31T12:55:38","slug":"millaphos-leckschale-atg","status":"publish","type":"page","link":"https:\/\/ap.com.al\/?page_id=7993","title":{"rendered":"MILLAPHOS LECKSCHALE ATG"},"content":{"rendered":"\n<style>\n  #oniiii{\n    background-image:url(\"https:\/\/ap.com.al\/wp-content\/uploads\/2022\/05\/Schafe.jpg\");\n    padding-bottom: 32%;\n    background-position:center center;\n    background-repeat: no-repeat;\n    background-size:cover;\n  }\n  <\/style>\n  <script src=\"https:\/\/code.jquery.com\/jquery-3.5.0.js\">\n<\/script>\n\n<div id=\"oniiii\"><\/div>\n \n<script>\n$( \"#oniiii\" ).insertBefore( \".container_wrap_first\" );\n<\/script>\n\n\n\n<div class=\"wp-block-columns\" id=\"containerr\">\n<div class=\"wp-block-column\">\n<div class=\"avia_textblock\" itemprop=\"text\"><h4 style=\"color:#005a8c;\n\">MILLAPHOS LECKSCHALE ATG<\/h4>\n<\/div>\n<\/div>\n<\/div>\n\n\n\n<div class=\"wp-block-columns\" id=\"containerr\">\n<div class=\"wp-block-column\">\n<div class=\"detail__certificates-item-icon\">\n<img decoding=\"async\" alt=\"Icon MILLAPHOS LECKSCHALE ATG\" src=\"https:\/\/ap.com.al\/wp-content\/uploads\/2022\/03\/Asset-50-1.png\">\n<\/div>\n<\/div>\n<\/div>\n\n\n\n<div class=\"wp-block-columns\" id=\"containerr\">\n<div class=\"wp-block-column\">\n<div class=\"blue_marker_list\">\n<h4 style=\"padding-top: 20px;\">Kova l\u00ebpir\u00ebse t\u00eb mineralizuara me vitamina p\u00ebr delet p\u00ebr konsum t\u00eb lir\u00eb. P\u00ebr furnizimin e pavarur t\u00eb mineraleve dhe l\u00ebnd\u00ebve aktive n\u00eb stall\u00eb dhe n\u00eb kullot\u00eb:<\/h4>\n<ul style=\"list-style-type: square; \n\tpadding-left: 1em;\">\n<li>Plot\u00ebson racionet e ushqimit me t\u00eb gjith\u00eb mineralet dhe element\u00ebt gjurm\u00eb t\u00eb r\u00ebnd\u00ebsish\u00ebm, si dhe vitamina me disponueshm\u00ebri t\u00eb lart\u00eb.<\/li>\n<li>Me elemente organike AMINOTRACE mjaft t\u00eb disponueshme.<\/li>\n<li>Mbulon k\u00ebrkesat optimale p\u00ebr minerale, edhe n\u00eb kullot\u00eb me baz\u00eb cil\u00ebsore t\u00eb ushqimit.<\/li>\n<li>Ndikon pozitivisht n\u00eb pjellorin\u00eb e kafsh\u00ebve.<\/li>\n<li>\u00cbsht\u00eb pranuar n\u00eb m\u00ebnyr\u00eb t\u00eb shk\u00eblqyer.<\/li>\n<li>Q\u00ebndrueshm\u00ebri ndaj lag\u00ebshtis\u00eb.<\/li>\n\n\n\n<\/ul>\n\n<\/div>\n\n\n\n<div class=\"blue_marker_list\">\n<p style=\"margin-top: 20px;\">Sidomos n\u00eb ver\u00eb, me humbje t\u00eb m\u00ebdha t\u00eb elektroliteve, procesi i l\u00ebpirjes siguron mb\u00ebshtetje t\u00eb shk\u00eblqyer p\u00ebr performanc\u00ebn dhe vitalitetin e deleve dhe dhive.\nVitaminat A, D dhe E t\u00eb tretshme n\u00eb yndyr\u00eb furnizohen n\u00eb m\u00ebnyr\u00eb t\u00eb sigurt nga SCHAUMANN, e cila \u00ebsht\u00eb ve\u00e7an\u00ebrisht e r\u00ebnd\u00ebsishme gjat\u00eb strehimit n\u00eb stall\u00eb gjat\u00eb dimrit.\n<\/h4>\n\n\n<\/div>\n<\/div>\n<\/div>\n","protected":false},"excerpt":{"rendered":"<p>MILLAPHOS LECKSCHALE ATG Kova l\u00ebpir\u00ebse t\u00eb mineralizuara me vitamina p\u00ebr delet p\u00ebr konsum t\u00eb lir\u00eb. P\u00ebr furnizimin e pavarur t\u00eb mineraleve dhe l\u00ebnd\u00ebve aktive n\u00eb stall\u00eb dhe n\u00eb kullot\u00eb: Plot\u00ebson racionet e ushqimit me t\u00eb gjith\u00eb mineralet dhe element\u00ebt gjurm\u00eb t\u00eb r\u00ebnd\u00ebsish\u00ebm, si dhe vitamina me disponueshm\u00ebri t\u00eb lart\u00eb. Me elemente organike AMINOTRACE mjaft t\u00eb [&hellip;]<\/p>\n","protected":false},"author":1,"featured_media":0,"parent":0,"menu_order":0,"comment_status":"closed","ping_status":"closed","template":"","meta":{"inline_featured_image":false,"footnotes":""},"class_list":["post-7993","page","type-page","status-publish","hentry"],"yoast_head":"<!-- This site is optimized with the Yoast SEO plugin v18.9 - https:\/\/yoast.com\/wordpress\/plugins\/seo\/ -->\n<title>MILLAPHOS LECKSCHALE ATG - Austria Praemix<\/title>\n<meta name=\"robots\" content=\"index, follow, max-snippet:-1, max-image-preview:large, max-video-preview:-1\" \/>\n<link rel=\"canonical\" href=\"https:\/\/ap.com.al\/?page_id=7993\" \/>\n<meta property=\"og:locale\" content=\"en_US\" \/>\n<meta property=\"og:type\" content=\"article\" \/>\n<meta property=\"og:title\" content=\"MILLAPHOS LECKSCHALE ATG - Austria Praemix\" \/>\n<meta property=\"og:description\" content=\"MILLAPHOS LECKSCHALE ATG Kova l\u00ebpir\u00ebse t\u00eb mineralizuara me vitamina p\u00ebr delet p\u00ebr konsum t\u00eb lir\u00eb. P\u00ebr furnizimin e pavarur t\u00eb mineraleve dhe l\u00ebnd\u00ebve aktive n\u00eb stall\u00eb dhe n\u00eb kullot\u00eb: Plot\u00ebson racionet e ushqimit me t\u00eb gjith\u00eb mineralet dhe element\u00ebt gjurm\u00eb t\u00eb r\u00ebnd\u00ebsish\u00ebm, si dhe vitamina me disponueshm\u00ebri t\u00eb lart\u00eb. Me elemente organike AMINOTRACE mjaft t\u00eb [&hellip;]\" \/>\n<meta property=\"og:url\" content=\"https:\/\/ap.com.al\/?page_id=7993\" \/>\n<meta property=\"og:site_name\" content=\"Austria Praemix\" \/>\n<meta property=\"article:publisher\" content=\"https:\/\/www.facebook.com\/austriapraemiks\/\" \/>\n<meta property=\"article:modified_time\" content=\"2022-05-31T12:55:38+00:00\" \/>\n<meta property=\"og:image\" content=\"https:\/\/ap.com.al\/wp-content\/uploads\/2022\/03\/Asset-50-1.png\" \/>\n<meta name=\"twitter:card\" content=\"summary_large_image\" \/>\n<meta name=\"twitter:label1\" content=\"Est. reading time\" \/>\n\t<meta name=\"twitter:data1\" content=\"1 minute\" \/>\n<script type=\"application\/ld+json\" class=\"yoast-schema-graph\">{\"@context\":\"https:\/\/schema.org\",\"@graph\":[{\"@type\":\"Organization\",\"@id\":\"https:\/\/ap.com.al\/#organization\",\"name\":\"Austria Preamix\",\"url\":\"https:\/\/ap.com.al\/\",\"sameAs\":[\"https:\/\/www.instagram.com\/austriapraemix\/\",\"https:\/\/www.facebook.com\/austriapraemiks\/\"],\"logo\":{\"@type\":\"ImageObject\",\"inLanguage\":\"en-US\",\"@id\":\"https:\/\/ap.com.al\/#\/schema\/logo\/image\/\",\"url\":\"https:\/\/ap.com.al\/wp-content\/uploads\/2022\/02\/AP-logo.png\",\"contentUrl\":\"https:\/\/ap.com.al\/wp-content\/uploads\/2022\/02\/AP-logo.png\",\"width\":3358,\"height\":1616,\"caption\":\"Austria Preamix\"},\"image\":{\"@id\":\"https:\/\/ap.com.al\/#\/schema\/logo\/image\/\"}},{\"@type\":\"WebSite\",\"@id\":\"https:\/\/ap.com.al\/#website\",\"url\":\"https:\/\/ap.com.al\/\",\"name\":\"Austria Praemix\",\"description\":\"\",\"publisher\":{\"@id\":\"https:\/\/ap.com.al\/#organization\"},\"potentialAction\":[{\"@type\":\"SearchAction\",\"target\":{\"@type\":\"EntryPoint\",\"urlTemplate\":\"https:\/\/ap.com.al\/?s={search_term_string}\"},\"query-input\":\"required name=search_term_string\"}],\"inLanguage\":\"en-US\"},{\"@type\":\"ImageObject\",\"inLanguage\":\"en-US\",\"@id\":\"https:\/\/ap.com.al\/?page_id=7993#primaryimage\",\"url\":\"https:\/\/ap.com.al\/wp-content\/uploads\/2022\/03\/Asset-50-1.png\",\"contentUrl\":\"https:\/\/ap.com.al\/wp-content\/uploads\/2022\/03\/Asset-50-1.png\",\"width\":355,\"height\":354},{\"@type\":\"WebPage\",\"@id\":\"https:\/\/ap.com.al\/?page_id=7993#webpage\",\"url\":\"https:\/\/ap.com.al\/?page_id=7993\",\"name\":\"MILLAPHOS LECKSCHALE ATG - Austria Praemix\",\"isPartOf\":{\"@id\":\"https:\/\/ap.com.al\/#website\"},\"primaryImageOfPage\":{\"@id\":\"https:\/\/ap.com.al\/?page_id=7993#primaryimage\"},\"datePublished\":\"2022-05-31T12:54:59+00:00\",\"dateModified\":\"2022-05-31T12:55:38+00:00\",\"breadcrumb\":{\"@id\":\"https:\/\/ap.com.al\/?page_id=7993#breadcrumb\"},\"inLanguage\":\"en-US\",\"potentialAction\":[{\"@type\":\"ReadAction\",\"target\":[\"https:\/\/ap.com.al\/?page_id=7993\"]}]},{\"@type\":\"BreadcrumbList\",\"@id\":\"https:\/\/ap.com.al\/?page_id=7993#breadcrumb\",\"itemListElement\":[{\"@type\":\"ListItem\",\"position\":1,\"name\":\"Home\",\"item\":\"https:\/\/ap.com.al\/\"},{\"@type\":\"ListItem\",\"position\":2,\"name\":\"MILLAPHOS LECKSCHALE ATG\"}]}]}<\/script>\n<!-- \/ Yoast SEO plugin. -->","yoast_head_json":{"title":"MILLAPHOS LECKSCHALE ATG - Austria Praemix","robots":{"index":"index","follow":"follow","max-snippet":"max-snippet:-1","max-image-preview":"max-image-preview:large","max-video-preview":"max-video-preview:-1"},"canonical":"https:\/\/ap.com.al\/?page_id=7993","og_locale":"en_US","og_type":"article","og_title":"MILLAPHOS LECKSCHALE ATG - Austria Praemix","og_description":"MILLAPHOS LECKSCHALE ATG Kova l\u00ebpir\u00ebse t\u00eb mineralizuara me vitamina p\u00ebr delet p\u00ebr konsum t\u00eb lir\u00eb. P\u00ebr furnizimin e pavarur t\u00eb mineraleve dhe l\u00ebnd\u00ebve aktive n\u00eb stall\u00eb dhe n\u00eb kullot\u00eb: Plot\u00ebson racionet e ushqimit me t\u00eb gjith\u00eb mineralet dhe element\u00ebt gjurm\u00eb t\u00eb r\u00ebnd\u00ebsish\u00ebm, si dhe vitamina me disponueshm\u00ebri t\u00eb lart\u00eb. Me elemente organike AMINOTRACE mjaft t\u00eb [&hellip;]","og_url":"https:\/\/ap.com.al\/?page_id=7993","og_site_name":"Austria Praemix","article_publisher":"https:\/\/www.facebook.com\/austriapraemiks\/","article_modified_time":"2022-05-31T12:55:38+00:00","og_image":[{"url":"https:\/\/ap.com.al\/wp-content\/uploads\/2022\/03\/Asset-50-1.png"}],"twitter_card":"summary_large_image","twitter_misc":{"Est. reading time":"1 minute"},"schema":{"@context":"https:\/\/schema.org","@graph":[{"@type":"Organization","@id":"https:\/\/ap.com.al\/#organization","name":"Austria Preamix","url":"https:\/\/ap.com.al\/","sameAs":["https:\/\/www.instagram.com\/austriapraemix\/","https:\/\/www.facebook.com\/austriapraemiks\/"],"logo":{"@type":"ImageObject","inLanguage":"en-US","@id":"https:\/\/ap.com.al\/#\/schema\/logo\/image\/","url":"https:\/\/ap.com.al\/wp-content\/uploads\/2022\/02\/AP-logo.png","contentUrl":"https:\/\/ap.com.al\/wp-content\/uploads\/2022\/02\/AP-logo.png","width":3358,"height":1616,"caption":"Austria Preamix"},"image":{"@id":"https:\/\/ap.com.al\/#\/schema\/logo\/image\/"}},{"@type":"WebSite","@id":"https:\/\/ap.com.al\/#website","url":"https:\/\/ap.com.al\/","name":"Austria Praemix","description":"","publisher":{"@id":"https:\/\/ap.com.al\/#organization"},"potentialAction":[{"@type":"SearchAction","target":{"@type":"EntryPoint","urlTemplate":"https:\/\/ap.com.al\/?s={search_term_string}"},"query-input":"required name=search_term_string"}],"inLanguage":"en-US"},{"@type":"ImageObject","inLanguage":"en-US","@id":"https:\/\/ap.com.al\/?page_id=7993#primaryimage","url":"https:\/\/ap.com.al\/wp-content\/uploads\/2022\/03\/Asset-50-1.png","contentUrl":"https:\/\/ap.com.al\/wp-content\/uploads\/2022\/03\/Asset-50-1.png","width":355,"height":354},{"@type":"WebPage","@id":"https:\/\/ap.com.al\/?page_id=7993#webpage","url":"https:\/\/ap.com.al\/?page_id=7993","name":"MILLAPHOS LECKSCHALE ATG - Austria Praemix","isPartOf":{"@id":"https:\/\/ap.com.al\/#website"},"primaryImageOfPage":{"@id":"https:\/\/ap.com.al\/?page_id=7993#primaryimage"},"datePublished":"2022-05-31T12:54:59+00:00","dateModified":"2022-05-31T12:55:38+00:00","breadcrumb":{"@id":"https:\/\/ap.com.al\/?page_id=7993#breadcrumb"},"inLanguage":"en-US","potentialAction":[{"@type":"ReadAction","target":["https:\/\/ap.com.al\/?page_id=7993"]}]},{"@type":"BreadcrumbList","@id":"https:\/\/ap.com.al\/?page_id=7993#breadcrumb","itemListElement":[{"@type":"ListItem","position":1,"name":"Home","item":"https:\/\/ap.com.al\/"},{"@type":"ListItem","position":2,"name":"MILLAPHOS LECKSCHALE ATG"}]}]}},"_links":{"self":[{"href":"https:\/\/ap.com.al\/index.php?rest_route=\/wp\/v2\/pages\/7993","targetHints":{"allow":["GET"]}}],"collection":[{"href":"https:\/\/ap.com.al\/index.php?rest_route=\/wp\/v2\/pages"}],"about":[{"href":"https:\/\/ap.com.al\/index.php?rest_route=\/wp\/v2\/types\/page"}],"author":[{"embeddable":true,"href":"https:\/\/ap.com.al\/index.php?rest_route=\/wp\/v2\/users\/1"}],"replies":[{"embeddable":true,"href":"https:\/\/ap.com.al\/index.php?rest_route=%2Fwp%2Fv2%2Fcomments&post=7993"}],"version-history":[{"count":3,"href":"https:\/\/ap.com.al\/index.php?rest_route=\/wp\/v2\/pages\/7993\/revisions"}],"predecessor-version":[{"id":7996,"href":"https:\/\/ap.com.al\/index.php?rest_route=\/wp\/v2\/pages\/7993\/revisions\/7996"}],"wp:attachment":[{"href":"https:\/\/ap.com.al\/index.php?rest_route=%2Fwp%2Fv2%2Fmedia&parent=7993"}],"curies":[{"name":"wp","href":"https:\/\/api.w.org\/{rel}","templated":true}]}}