{"id":8016,"date":"2022-05-31T14:42:06","date_gmt":"2022-05-31T14:42:06","guid":{"rendered":"https:\/\/ap.com.al\/?page_id=8016"},"modified":"2022-05-31T15:18:58","modified_gmt":"2022-05-31T15:18:58","slug":"tri-ovital-j-005","status":"publish","type":"page","link":"https:\/\/ap.com.al\/?page_id=8016","title":{"rendered":"TRI-OVITAL J 005"},"content":{"rendered":"\n<style>\n  #oniiii{\n    background-image:url(\"https:\/\/ap.com.al\/wp-content\/uploads\/2022\/05\/pula-36x364-1.jpeg\");\n    padding-bottom: 32%;\n    background-position:center center;\n    background-repeat: no-repeat;\n    background-size:cover;\n  }\n  <\/style>\n  <script src=\"https:\/\/code.jquery.com\/jquery-3.5.0.js\">\n<\/script>\n\n<div id=\"oniiii\"><\/div>\n \n<script>\n$( \"#oniiii\" ).insertBefore( \".container_wrap_first\" );\n<\/script>\n\n\n\n<div class=\"wp-block-columns\" id=\"containerr\">\n<div class=\"wp-block-column\">\n<div class=\"avia_textblock\" itemprop=\"text\"><h4 style=\"color:#005a8c;\n\">TRI-OVITAL J 005 <\/h4>\n<\/div>\n<\/div>\n<\/div>\n\n\n\n<div class=\"wp-block-columns\" id=\"containerr\">\n<div class=\"wp-block-column\">\n<div class=\"detail__certificates-item-icon\">\n<img decoding=\"async\" alt=\"TRI-OVITAL J 005 \" src=\"https:\/\/ap.com.al\/wp-content\/uploads\/2022\/05\/pic_gefluegel.png\">\n<\/div>\n<\/div>\n<\/div>\n\n\n\n<div class=\"wp-block-columns\" id=\"containerr\">\n<div class=\"wp-block-column\">\n<div class=\"blue_marker_list\">\n\n<h4 style=\"padding: 20px 0;\">Tri Ovital J 005 p\u00ebr zoga n\u00eb rritje.<br>Rritja e shpendit t\u00eb prodhimit me Ovital \n<\/h4>\n<p style=\"margin:unset;\">Produktet tona jan\u00eb t\u00eb pajisura me m\u00eb t\u00eb mir\u00ebn nga Schaumann, sjellin nj\u00eb furnizim optimal t\u00eb shpendit direkt mbas faz\u00ebs s\u00eb \u00e7eljes e deri n\u00eb momentin e skartimit t\u00eb tyre. T\u00eb pajisura me t\u00eb gjitha l\u00ebnd\u00ebt kryesore p\u00ebr nj\u00eb rendiment optimal dhe t\u00eb sigurt n\u00eb faz\u00ebn e prodhimit.\n<br>Grupi i produkteve OVITAL p\u00ebr kategorin\u00eb shpend\u00eb n\u00eb prodhim p\u00ebrmban natyrisht t\u00eb gjitha vitaminat dhe mikroelementet esenciale t\u00eb k\u00ebrkuara dhe t\u00eb nevojshme p\u00ebr kategorin\u00eb e tyre.\n\n<\/p>\n<\/div>\n\n\n\n<div class=\"blue_marker_list\">\n\n<h4 style=\"padding: 20px 0;\">M\u00ebnyr\u00eb e re p\u00ebr t\u00eb ushqyerit me produktet Ovital<\/h4>\n<p style=\"margin:unset;\">Premikset e grupit OVITAL jan\u00eb idejuar enkas p\u00ebr racione ushqimore me p\u00ebrmbajtje t\u00eb lart\u00eb n\u00eb mis\u00ebr mbi t\u00eb gjitha \u00ebsht\u00eb punuar n\u00eb sektorin e kat\u00ebr aminoacideve, Methionin, Threonin dhe Tryptophan. Aminoacidet jan\u00eb 100% t\u00eb asimilueshme dhe me dozim t\u00eb lart\u00eb n\u00eb p\u00ebrmbajtje  sigurojn\u00eb p\u00ebr nj\u00eb cil\u00ebsi dhe nj\u00eb burim optimal t\u00eb proteinik. \nBONVITAL stabilizon ndjesh\u00ebm tretshm\u00ebrin\u00eb dhe p\u00ebrmir\u00ebson rendimentin n\u00eb rritje n\u00eb m\u00ebnyr\u00eb t\u00eb natyrshme.\n\n\n<\/p>\n<\/div>\n\n\n\n<div class=\"blue_marker_list\">\n\n<h4 style=\"padding: 20px 0;\"> Produktet SCHAUMALAC jan\u00eb mbres\u00ebl\u00ebnse n\u00eb rritjen e shpendit  sepse:<\/h4>\n<ul style=\"list-style-type: square; \n\tpadding-left: 1em;\">\n<li>Konsumim dhe asimilimi i p\u00ebrkryer i ushqimit <\/li>\n<li>Rendimente i lart\u00eb n\u00eb prodhim n\u00eb t\u00eb gjitha kategorit\u00eb <\/li>\n<li>Siguri e plot\u00eb n\u00eb faz\u00ebn e rritjes<\/li>\n<li>Kursim n\u00eb koh\u00eb dhe n\u00eb vler\u00eb monetare  <\/li>\n<li>Shpend\u00eb vital t\u00eb sh\u00ebndetsh\u00ebm dhe nj\u00eb rritje e balancuar<\/li>\n\n<\/ul>\n<\/div>\n<\/div>\n<\/div>\n","protected":false},"excerpt":{"rendered":"<p>TRI-OVITAL J 005 Tri Ovital J 005 p\u00ebr zoga n\u00eb rritje.Rritja e shpendit t\u00eb prodhimit me Ovital Produktet tona jan\u00eb t\u00eb pajisura me m\u00eb t\u00eb mir\u00ebn nga Schaumann, sjellin nj\u00eb furnizim optimal t\u00eb shpendit direkt mbas faz\u00ebs s\u00eb \u00e7eljes e deri n\u00eb momentin e skartimit t\u00eb tyre. T\u00eb pajisura me t\u00eb gjitha l\u00ebnd\u00ebt kryesore p\u00ebr [&hellip;]<\/p>\n","protected":false},"author":1,"featured_media":0,"parent":0,"menu_order":0,"comment_status":"closed","ping_status":"closed","template":"","meta":{"inline_featured_image":false,"footnotes":""},"class_list":["post-8016","page","type-page","status-publish","hentry"],"yoast_head":"<!-- This site is optimized with the Yoast SEO plugin v18.9 - https:\/\/yoast.com\/wordpress\/plugins\/seo\/ -->\n<title>TRI-OVITAL J 005 - Austria Praemix<\/title>\n<meta name=\"robots\" content=\"index, follow, max-snippet:-1, max-image-preview:large, max-video-preview:-1\" \/>\n<link rel=\"canonical\" href=\"https:\/\/ap.com.al\/?page_id=8016\" \/>\n<meta property=\"og:locale\" content=\"en_US\" \/>\n<meta property=\"og:type\" content=\"article\" \/>\n<meta property=\"og:title\" content=\"TRI-OVITAL J 005 - Austria Praemix\" \/>\n<meta property=\"og:description\" content=\"TRI-OVITAL J 005 Tri Ovital J 005 p\u00ebr zoga n\u00eb rritje.Rritja e shpendit t\u00eb prodhimit me Ovital Produktet tona jan\u00eb t\u00eb pajisura me m\u00eb t\u00eb mir\u00ebn nga Schaumann, sjellin nj\u00eb furnizim optimal t\u00eb shpendit direkt mbas faz\u00ebs s\u00eb \u00e7eljes e deri n\u00eb momentin e skartimit t\u00eb tyre. T\u00eb pajisura me t\u00eb gjitha l\u00ebnd\u00ebt kryesore p\u00ebr [&hellip;]\" \/>\n<meta property=\"og:url\" content=\"https:\/\/ap.com.al\/?page_id=8016\" \/>\n<meta property=\"og:site_name\" content=\"Austria Praemix\" \/>\n<meta property=\"article:publisher\" content=\"https:\/\/www.facebook.com\/austriapraemiks\/\" \/>\n<meta property=\"article:modified_time\" content=\"2022-05-31T15:18:58+00:00\" \/>\n<meta property=\"og:image\" content=\"https:\/\/ap.com.al\/wp-content\/uploads\/2022\/05\/pic_gefluegel.png\" \/>\n<meta name=\"twitter:card\" content=\"summary_large_image\" \/>\n<meta name=\"twitter:label1\" content=\"Est. reading time\" \/>\n\t<meta name=\"twitter:data1\" content=\"2 minutes\" \/>\n<script type=\"application\/ld+json\" class=\"yoast-schema-graph\">{\"@context\":\"https:\/\/schema.org\",\"@graph\":[{\"@type\":\"Organization\",\"@id\":\"https:\/\/ap.com.al\/#organization\",\"name\":\"Austria Preamix\",\"url\":\"https:\/\/ap.com.al\/\",\"sameAs\":[\"https:\/\/www.instagram.com\/austriapraemix\/\",\"https:\/\/www.facebook.com\/austriapraemiks\/\"],\"logo\":{\"@type\":\"ImageObject\",\"inLanguage\":\"en-US\",\"@id\":\"https:\/\/ap.com.al\/#\/schema\/logo\/image\/\",\"url\":\"https:\/\/ap.com.al\/wp-content\/uploads\/2022\/02\/AP-logo.png\",\"contentUrl\":\"https:\/\/ap.com.al\/wp-content\/uploads\/2022\/02\/AP-logo.png\",\"width\":3358,\"height\":1616,\"caption\":\"Austria Preamix\"},\"image\":{\"@id\":\"https:\/\/ap.com.al\/#\/schema\/logo\/image\/\"}},{\"@type\":\"WebSite\",\"@id\":\"https:\/\/ap.com.al\/#website\",\"url\":\"https:\/\/ap.com.al\/\",\"name\":\"Austria Praemix\",\"description\":\"\",\"publisher\":{\"@id\":\"https:\/\/ap.com.al\/#organization\"},\"potentialAction\":[{\"@type\":\"SearchAction\",\"target\":{\"@type\":\"EntryPoint\",\"urlTemplate\":\"https:\/\/ap.com.al\/?s={search_term_string}\"},\"query-input\":\"required name=search_term_string\"}],\"inLanguage\":\"en-US\"},{\"@type\":\"ImageObject\",\"inLanguage\":\"en-US\",\"@id\":\"https:\/\/ap.com.al\/?page_id=8016#primaryimage\",\"url\":\"https:\/\/ap.com.al\/wp-content\/uploads\/2022\/05\/pic_gefluegel.png\",\"contentUrl\":\"https:\/\/ap.com.al\/wp-content\/uploads\/2022\/05\/pic_gefluegel.png\",\"width\":354,\"height\":353},{\"@type\":\"WebPage\",\"@id\":\"https:\/\/ap.com.al\/?page_id=8016#webpage\",\"url\":\"https:\/\/ap.com.al\/?page_id=8016\",\"name\":\"TRI-OVITAL J 005 - Austria Praemix\",\"isPartOf\":{\"@id\":\"https:\/\/ap.com.al\/#website\"},\"primaryImageOfPage\":{\"@id\":\"https:\/\/ap.com.al\/?page_id=8016#primaryimage\"},\"datePublished\":\"2022-05-31T14:42:06+00:00\",\"dateModified\":\"2022-05-31T15:18:58+00:00\",\"breadcrumb\":{\"@id\":\"https:\/\/ap.com.al\/?page_id=8016#breadcrumb\"},\"inLanguage\":\"en-US\",\"potentialAction\":[{\"@type\":\"ReadAction\",\"target\":[\"https:\/\/ap.com.al\/?page_id=8016\"]}]},{\"@type\":\"BreadcrumbList\",\"@id\":\"https:\/\/ap.com.al\/?page_id=8016#breadcrumb\",\"itemListElement\":[{\"@type\":\"ListItem\",\"position\":1,\"name\":\"Home\",\"item\":\"https:\/\/ap.com.al\/\"},{\"@type\":\"ListItem\",\"position\":2,\"name\":\"TRI-OVITAL J 005\"}]}]}<\/script>\n<!-- \/ Yoast SEO plugin. -->","yoast_head_json":{"title":"TRI-OVITAL J 005 - Austria Praemix","robots":{"index":"index","follow":"follow","max-snippet":"max-snippet:-1","max-image-preview":"max-image-preview:large","max-video-preview":"max-video-preview:-1"},"canonical":"https:\/\/ap.com.al\/?page_id=8016","og_locale":"en_US","og_type":"article","og_title":"TRI-OVITAL J 005 - Austria Praemix","og_description":"TRI-OVITAL J 005 Tri Ovital J 005 p\u00ebr zoga n\u00eb rritje.Rritja e shpendit t\u00eb prodhimit me Ovital Produktet tona jan\u00eb t\u00eb pajisura me m\u00eb t\u00eb mir\u00ebn nga Schaumann, sjellin nj\u00eb furnizim optimal t\u00eb shpendit direkt mbas faz\u00ebs s\u00eb \u00e7eljes e deri n\u00eb momentin e skartimit t\u00eb tyre. T\u00eb pajisura me t\u00eb gjitha l\u00ebnd\u00ebt kryesore p\u00ebr [&hellip;]","og_url":"https:\/\/ap.com.al\/?page_id=8016","og_site_name":"Austria Praemix","article_publisher":"https:\/\/www.facebook.com\/austriapraemiks\/","article_modified_time":"2022-05-31T15:18:58+00:00","og_image":[{"url":"https:\/\/ap.com.al\/wp-content\/uploads\/2022\/05\/pic_gefluegel.png"}],"twitter_card":"summary_large_image","twitter_misc":{"Est. reading time":"2 minutes"},"schema":{"@context":"https:\/\/schema.org","@graph":[{"@type":"Organization","@id":"https:\/\/ap.com.al\/#organization","name":"Austria Preamix","url":"https:\/\/ap.com.al\/","sameAs":["https:\/\/www.instagram.com\/austriapraemix\/","https:\/\/www.facebook.com\/austriapraemiks\/"],"logo":{"@type":"ImageObject","inLanguage":"en-US","@id":"https:\/\/ap.com.al\/#\/schema\/logo\/image\/","url":"https:\/\/ap.com.al\/wp-content\/uploads\/2022\/02\/AP-logo.png","contentUrl":"https:\/\/ap.com.al\/wp-content\/uploads\/2022\/02\/AP-logo.png","width":3358,"height":1616,"caption":"Austria Preamix"},"image":{"@id":"https:\/\/ap.com.al\/#\/schema\/logo\/image\/"}},{"@type":"WebSite","@id":"https:\/\/ap.com.al\/#website","url":"https:\/\/ap.com.al\/","name":"Austria Praemix","description":"","publisher":{"@id":"https:\/\/ap.com.al\/#organization"},"potentialAction":[{"@type":"SearchAction","target":{"@type":"EntryPoint","urlTemplate":"https:\/\/ap.com.al\/?s={search_term_string}"},"query-input":"required name=search_term_string"}],"inLanguage":"en-US"},{"@type":"ImageObject","inLanguage":"en-US","@id":"https:\/\/ap.com.al\/?page_id=8016#primaryimage","url":"https:\/\/ap.com.al\/wp-content\/uploads\/2022\/05\/pic_gefluegel.png","contentUrl":"https:\/\/ap.com.al\/wp-content\/uploads\/2022\/05\/pic_gefluegel.png","width":354,"height":353},{"@type":"WebPage","@id":"https:\/\/ap.com.al\/?page_id=8016#webpage","url":"https:\/\/ap.com.al\/?page_id=8016","name":"TRI-OVITAL J 005 - Austria Praemix","isPartOf":{"@id":"https:\/\/ap.com.al\/#website"},"primaryImageOfPage":{"@id":"https:\/\/ap.com.al\/?page_id=8016#primaryimage"},"datePublished":"2022-05-31T14:42:06+00:00","dateModified":"2022-05-31T15:18:58+00:00","breadcrumb":{"@id":"https:\/\/ap.com.al\/?page_id=8016#breadcrumb"},"inLanguage":"en-US","potentialAction":[{"@type":"ReadAction","target":["https:\/\/ap.com.al\/?page_id=8016"]}]},{"@type":"BreadcrumbList","@id":"https:\/\/ap.com.al\/?page_id=8016#breadcrumb","itemListElement":[{"@type":"ListItem","position":1,"name":"Home","item":"https:\/\/ap.com.al\/"},{"@type":"ListItem","position":2,"name":"TRI-OVITAL J 005"}]}]}},"_links":{"self":[{"href":"https:\/\/ap.com.al\/index.php?rest_route=\/wp\/v2\/pages\/8016","targetHints":{"allow":["GET"]}}],"collection":[{"href":"https:\/\/ap.com.al\/index.php?rest_route=\/wp\/v2\/pages"}],"about":[{"href":"https:\/\/ap.com.al\/index.php?rest_route=\/wp\/v2\/types\/page"}],"author":[{"embeddable":true,"href":"https:\/\/ap.com.al\/index.php?rest_route=\/wp\/v2\/users\/1"}],"replies":[{"embeddable":true,"href":"https:\/\/ap.com.al\/index.php?rest_route=%2Fwp%2Fv2%2Fcomments&post=8016"}],"version-history":[{"count":2,"href":"https:\/\/ap.com.al\/index.php?rest_route=\/wp\/v2\/pages\/8016\/revisions"}],"predecessor-version":[{"id":8037,"href":"https:\/\/ap.com.al\/index.php?rest_route=\/wp\/v2\/pages\/8016\/revisions\/8037"}],"wp:attachment":[{"href":"https:\/\/ap.com.al\/index.php?rest_route=%2Fwp%2Fv2%2Fmedia&parent=8016"}],"curies":[{"name":"wp","href":"https:\/\/api.w.org\/{rel}","templated":true}]}}