{"id":8018,"date":"2022-05-31T14:46:05","date_gmt":"2022-05-31T14:46:05","guid":{"rendered":"https:\/\/ap.com.al\/?page_id=8018"},"modified":"2022-05-31T15:19:32","modified_gmt":"2022-05-31T15:19:32","slug":"ovital-br-lh-2","status":"publish","type":"page","link":"https:\/\/ap.com.al\/?page_id=8018","title":{"rendered":"OVITAL BR LH 2"},"content":{"rendered":"\n<style>\n  #oniiii{\n    background-image:url(\"https:\/\/ap.com.al\/wp-content\/uploads\/2022\/05\/pula-36x364-1.jpeg\");\n    padding-bottom: 32%;\n    background-position:center center;\n    background-repeat: no-repeat;\n    background-size:cover;\n  }\n  <\/style>\n  <script src=\"https:\/\/code.jquery.com\/jquery-3.5.0.js\">\n<\/script>\n\n<div id=\"oniiii\"><\/div>\n \n<script>\n$( \"#oniiii\" ).insertBefore( \".container_wrap_first\" );\n<\/script>\n\n\n\n<div class=\"wp-block-columns\" id=\"containerr\">\n<div class=\"wp-block-column\">\n<div class=\"avia_textblock\" itemprop=\"text\"><h4 style=\"color:#005a8c;\n\">OVITAL BR LH 2 <\/h4>\n<\/div>\n<\/div>\n<\/div>\n\n\n\n<div class=\"wp-block-columns\" id=\"containerr\">\n<div class=\"wp-block-column\">\n<div class=\"detail__certificates-item-icon\">\n<img decoding=\"async\" alt=\"OVITAL BR LH 2 \" src=\"https:\/\/ap.com.al\/wp-content\/uploads\/2022\/05\/pic_gefluegel.png\">\n<\/div>\n<\/div>\n<\/div>\n\n\n\n<div class=\"wp-block-columns\" id=\"containerr\">\n<div class=\"wp-block-column\">\n<div class=\"blue_marker_list\">\n\n<h4 style=\"padding: 20px 0;\">Majm\u00ebrimi i Broilerit pa probleme\u2013\u00ebsht\u00eb e mundur?\n<\/h4>\n<p style=\"margin:unset;\">Nje produkt i garantuar dhe i sigurt, shum\u00eb i shijsh\u00ebm dhe me nj\u00eb tretshmeri maksimale. Nje premiks  i garantuar per fazen e dyte mbi 11- ditesh deri ne therje.\n\nProdukti jone Ovital BR LH 2  z\u00eb nj\u00eb posicion udheheqes ne qarqet profesionale. Ai perbehet nga komponente te perzgjedhur me kujdes me disponushmeri te larte dhe te shijshem.Duke perdorur kombinime te persosura dhe substanca aktive me vlera ushqimore te larta arrihet te krijohet nje tretshmeri e larte e garantuar.\n\n\n<\/p>\n<\/div>\n\n\n\n<div class=\"blue_marker_list\">\n\n<h4 style=\"padding: 20px 0;\">Cdo rrites shpendi  per majmeri  e ka te qarte qe, ekperienca, perkujdesja dhe puna e palodhur jane te domsdoshme per te patur nje fitim ne mjamerine e shpendit . <\/h4>\n<p style=\"margin:unset;\">Sukseset ne pune kerkojne nje pune te palodhur ne te ardhmen, dhe rezultatet e mira ndikojne ne sfida te reja. Eshte mire te dini qe ka nje partner per ju i cili eshte i besueshem me njohuri te shendosha n\u00eb k\u00ebt\u00eb sektor dhe me nje pervoje te gjate disavjecare ne sektorin e te ushqyerit te shpendit i cila na mbeshtet me keshillat e tyre efektive.\n\n\n<\/p>\n<\/div>\n<\/div>\n<\/div>\n","protected":false},"excerpt":{"rendered":"<p>OVITAL BR LH 2 Majm\u00ebrimi i Broilerit pa probleme\u2013\u00ebsht\u00eb e mundur? Nje produkt i garantuar dhe i sigurt, shum\u00eb i shijsh\u00ebm dhe me nj\u00eb tretshmeri maksimale. Nje premiks i garantuar per fazen e dyte mbi 11- ditesh deri ne therje. Produkti jone Ovital BR LH 2 z\u00eb nj\u00eb posicion udheheqes ne qarqet profesionale. Ai perbehet [&hellip;]<\/p>\n","protected":false},"author":1,"featured_media":0,"parent":0,"menu_order":0,"comment_status":"closed","ping_status":"closed","template":"","meta":{"inline_featured_image":false,"footnotes":""},"class_list":["post-8018","page","type-page","status-publish","hentry"],"yoast_head":"<!-- This site is optimized with the Yoast SEO plugin v18.9 - https:\/\/yoast.com\/wordpress\/plugins\/seo\/ -->\n<title>OVITAL BR LH 2 - Austria Praemix<\/title>\n<meta name=\"robots\" content=\"index, follow, max-snippet:-1, max-image-preview:large, max-video-preview:-1\" \/>\n<link rel=\"canonical\" href=\"https:\/\/ap.com.al\/?page_id=8018\" \/>\n<meta property=\"og:locale\" content=\"en_US\" \/>\n<meta property=\"og:type\" content=\"article\" \/>\n<meta property=\"og:title\" content=\"OVITAL BR LH 2 - Austria Praemix\" \/>\n<meta property=\"og:description\" content=\"OVITAL BR LH 2 Majm\u00ebrimi i Broilerit pa probleme\u2013\u00ebsht\u00eb e mundur? Nje produkt i garantuar dhe i sigurt, shum\u00eb i shijsh\u00ebm dhe me nj\u00eb tretshmeri maksimale. Nje premiks i garantuar per fazen e dyte mbi 11- ditesh deri ne therje. Produkti jone Ovital BR LH 2 z\u00eb nj\u00eb posicion udheheqes ne qarqet profesionale. Ai perbehet [&hellip;]\" \/>\n<meta property=\"og:url\" content=\"https:\/\/ap.com.al\/?page_id=8018\" \/>\n<meta property=\"og:site_name\" content=\"Austria Praemix\" \/>\n<meta property=\"article:publisher\" content=\"https:\/\/www.facebook.com\/austriapraemiks\/\" \/>\n<meta property=\"article:modified_time\" content=\"2022-05-31T15:19:32+00:00\" \/>\n<meta property=\"og:image\" content=\"https:\/\/ap.com.al\/wp-content\/uploads\/2022\/05\/pic_gefluegel.png\" \/>\n<meta name=\"twitter:card\" content=\"summary_large_image\" \/>\n<meta name=\"twitter:label1\" content=\"Est. reading time\" \/>\n\t<meta name=\"twitter:data1\" content=\"2 minutes\" \/>\n<script type=\"application\/ld+json\" class=\"yoast-schema-graph\">{\"@context\":\"https:\/\/schema.org\",\"@graph\":[{\"@type\":\"Organization\",\"@id\":\"https:\/\/ap.com.al\/#organization\",\"name\":\"Austria Preamix\",\"url\":\"https:\/\/ap.com.al\/\",\"sameAs\":[\"https:\/\/www.instagram.com\/austriapraemix\/\",\"https:\/\/www.facebook.com\/austriapraemiks\/\"],\"logo\":{\"@type\":\"ImageObject\",\"inLanguage\":\"en-US\",\"@id\":\"https:\/\/ap.com.al\/#\/schema\/logo\/image\/\",\"url\":\"https:\/\/ap.com.al\/wp-content\/uploads\/2022\/02\/AP-logo.png\",\"contentUrl\":\"https:\/\/ap.com.al\/wp-content\/uploads\/2022\/02\/AP-logo.png\",\"width\":3358,\"height\":1616,\"caption\":\"Austria Preamix\"},\"image\":{\"@id\":\"https:\/\/ap.com.al\/#\/schema\/logo\/image\/\"}},{\"@type\":\"WebSite\",\"@id\":\"https:\/\/ap.com.al\/#website\",\"url\":\"https:\/\/ap.com.al\/\",\"name\":\"Austria Praemix\",\"description\":\"\",\"publisher\":{\"@id\":\"https:\/\/ap.com.al\/#organization\"},\"potentialAction\":[{\"@type\":\"SearchAction\",\"target\":{\"@type\":\"EntryPoint\",\"urlTemplate\":\"https:\/\/ap.com.al\/?s={search_term_string}\"},\"query-input\":\"required name=search_term_string\"}],\"inLanguage\":\"en-US\"},{\"@type\":\"ImageObject\",\"inLanguage\":\"en-US\",\"@id\":\"https:\/\/ap.com.al\/?page_id=8018#primaryimage\",\"url\":\"https:\/\/ap.com.al\/wp-content\/uploads\/2022\/05\/pic_gefluegel.png\",\"contentUrl\":\"https:\/\/ap.com.al\/wp-content\/uploads\/2022\/05\/pic_gefluegel.png\",\"width\":354,\"height\":353},{\"@type\":\"WebPage\",\"@id\":\"https:\/\/ap.com.al\/?page_id=8018#webpage\",\"url\":\"https:\/\/ap.com.al\/?page_id=8018\",\"name\":\"OVITAL BR LH 2 - Austria Praemix\",\"isPartOf\":{\"@id\":\"https:\/\/ap.com.al\/#website\"},\"primaryImageOfPage\":{\"@id\":\"https:\/\/ap.com.al\/?page_id=8018#primaryimage\"},\"datePublished\":\"2022-05-31T14:46:05+00:00\",\"dateModified\":\"2022-05-31T15:19:32+00:00\",\"breadcrumb\":{\"@id\":\"https:\/\/ap.com.al\/?page_id=8018#breadcrumb\"},\"inLanguage\":\"en-US\",\"potentialAction\":[{\"@type\":\"ReadAction\",\"target\":[\"https:\/\/ap.com.al\/?page_id=8018\"]}]},{\"@type\":\"BreadcrumbList\",\"@id\":\"https:\/\/ap.com.al\/?page_id=8018#breadcrumb\",\"itemListElement\":[{\"@type\":\"ListItem\",\"position\":1,\"name\":\"Home\",\"item\":\"https:\/\/ap.com.al\/\"},{\"@type\":\"ListItem\",\"position\":2,\"name\":\"OVITAL BR LH 2\"}]}]}<\/script>\n<!-- \/ Yoast SEO plugin. -->","yoast_head_json":{"title":"OVITAL BR LH 2 - Austria Praemix","robots":{"index":"index","follow":"follow","max-snippet":"max-snippet:-1","max-image-preview":"max-image-preview:large","max-video-preview":"max-video-preview:-1"},"canonical":"https:\/\/ap.com.al\/?page_id=8018","og_locale":"en_US","og_type":"article","og_title":"OVITAL BR LH 2 - Austria Praemix","og_description":"OVITAL BR LH 2 Majm\u00ebrimi i Broilerit pa probleme\u2013\u00ebsht\u00eb e mundur? Nje produkt i garantuar dhe i sigurt, shum\u00eb i shijsh\u00ebm dhe me nj\u00eb tretshmeri maksimale. Nje premiks i garantuar per fazen e dyte mbi 11- ditesh deri ne therje. Produkti jone Ovital BR LH 2 z\u00eb nj\u00eb posicion udheheqes ne qarqet profesionale. Ai perbehet [&hellip;]","og_url":"https:\/\/ap.com.al\/?page_id=8018","og_site_name":"Austria Praemix","article_publisher":"https:\/\/www.facebook.com\/austriapraemiks\/","article_modified_time":"2022-05-31T15:19:32+00:00","og_image":[{"url":"https:\/\/ap.com.al\/wp-content\/uploads\/2022\/05\/pic_gefluegel.png"}],"twitter_card":"summary_large_image","twitter_misc":{"Est. reading time":"2 minutes"},"schema":{"@context":"https:\/\/schema.org","@graph":[{"@type":"Organization","@id":"https:\/\/ap.com.al\/#organization","name":"Austria Preamix","url":"https:\/\/ap.com.al\/","sameAs":["https:\/\/www.instagram.com\/austriapraemix\/","https:\/\/www.facebook.com\/austriapraemiks\/"],"logo":{"@type":"ImageObject","inLanguage":"en-US","@id":"https:\/\/ap.com.al\/#\/schema\/logo\/image\/","url":"https:\/\/ap.com.al\/wp-content\/uploads\/2022\/02\/AP-logo.png","contentUrl":"https:\/\/ap.com.al\/wp-content\/uploads\/2022\/02\/AP-logo.png","width":3358,"height":1616,"caption":"Austria Preamix"},"image":{"@id":"https:\/\/ap.com.al\/#\/schema\/logo\/image\/"}},{"@type":"WebSite","@id":"https:\/\/ap.com.al\/#website","url":"https:\/\/ap.com.al\/","name":"Austria Praemix","description":"","publisher":{"@id":"https:\/\/ap.com.al\/#organization"},"potentialAction":[{"@type":"SearchAction","target":{"@type":"EntryPoint","urlTemplate":"https:\/\/ap.com.al\/?s={search_term_string}"},"query-input":"required name=search_term_string"}],"inLanguage":"en-US"},{"@type":"ImageObject","inLanguage":"en-US","@id":"https:\/\/ap.com.al\/?page_id=8018#primaryimage","url":"https:\/\/ap.com.al\/wp-content\/uploads\/2022\/05\/pic_gefluegel.png","contentUrl":"https:\/\/ap.com.al\/wp-content\/uploads\/2022\/05\/pic_gefluegel.png","width":354,"height":353},{"@type":"WebPage","@id":"https:\/\/ap.com.al\/?page_id=8018#webpage","url":"https:\/\/ap.com.al\/?page_id=8018","name":"OVITAL BR LH 2 - Austria Praemix","isPartOf":{"@id":"https:\/\/ap.com.al\/#website"},"primaryImageOfPage":{"@id":"https:\/\/ap.com.al\/?page_id=8018#primaryimage"},"datePublished":"2022-05-31T14:46:05+00:00","dateModified":"2022-05-31T15:19:32+00:00","breadcrumb":{"@id":"https:\/\/ap.com.al\/?page_id=8018#breadcrumb"},"inLanguage":"en-US","potentialAction":[{"@type":"ReadAction","target":["https:\/\/ap.com.al\/?page_id=8018"]}]},{"@type":"BreadcrumbList","@id":"https:\/\/ap.com.al\/?page_id=8018#breadcrumb","itemListElement":[{"@type":"ListItem","position":1,"name":"Home","item":"https:\/\/ap.com.al\/"},{"@type":"ListItem","position":2,"name":"OVITAL BR LH 2"}]}]}},"_links":{"self":[{"href":"https:\/\/ap.com.al\/index.php?rest_route=\/wp\/v2\/pages\/8018","targetHints":{"allow":["GET"]}}],"collection":[{"href":"https:\/\/ap.com.al\/index.php?rest_route=\/wp\/v2\/pages"}],"about":[{"href":"https:\/\/ap.com.al\/index.php?rest_route=\/wp\/v2\/types\/page"}],"author":[{"embeddable":true,"href":"https:\/\/ap.com.al\/index.php?rest_route=\/wp\/v2\/users\/1"}],"replies":[{"embeddable":true,"href":"https:\/\/ap.com.al\/index.php?rest_route=%2Fwp%2Fv2%2Fcomments&post=8018"}],"version-history":[{"count":2,"href":"https:\/\/ap.com.al\/index.php?rest_route=\/wp\/v2\/pages\/8018\/revisions"}],"predecessor-version":[{"id":8038,"href":"https:\/\/ap.com.al\/index.php?rest_route=\/wp\/v2\/pages\/8018\/revisions\/8038"}],"wp:attachment":[{"href":"https:\/\/ap.com.al\/index.php?rest_route=%2Fwp%2Fv2%2Fmedia&parent=8018"}],"curies":[{"name":"wp","href":"https:\/\/api.w.org\/{rel}","templated":true}]}}