{"id":8023,"date":"2022-05-31T14:56:40","date_gmt":"2022-05-31T14:56:40","guid":{"rendered":"https:\/\/ap.com.al\/?page_id=8023"},"modified":"2022-05-31T15:20:02","modified_gmt":"2022-05-31T15:20:02","slug":"ovital-br-lh-1","status":"publish","type":"page","link":"https:\/\/ap.com.al\/?page_id=8023","title":{"rendered":"OVITAL BR LH 1"},"content":{"rendered":"\n<style>\n  #oniiii{\n    background-image:url(\"https:\/\/ap.com.al\/wp-content\/uploads\/2022\/05\/pula-36x364-1.jpeg\");\n    padding-bottom: 32%;\n    background-position:center center;\n    background-repeat: no-repeat;\n    background-size:cover;\n  }\n  <\/style>\n  <script src=\"https:\/\/code.jquery.com\/jquery-3.5.0.js\">\n<\/script>\n\n<div id=\"oniiii\"><\/div>\n \n<script>\n$( \"#oniiii\" ).insertBefore( \".container_wrap_first\" );\n<\/script>\n\n\n\n<div class=\"wp-block-columns\" id=\"containerr\">\n<div class=\"wp-block-column\">\n<div class=\"avia_textblock\" itemprop=\"text\"><h4 style=\"color:#005a8c;\n\">OVITAL BR LH 1 <\/h4>\n<\/div>\n<\/div>\n<\/div>\n\n\n\n<div class=\"wp-block-columns\" id=\"containerr\">\n<div class=\"wp-block-column\">\n<div class=\"detail__certificates-item-icon\">\n<img decoding=\"async\" alt=\"OVITAL BR LH 1 \" src=\"https:\/\/ap.com.al\/wp-content\/uploads\/2022\/05\/pic_gefluegel.png\">\n<\/div>\n<\/div>\n<\/div>\n\n\n\n<div class=\"wp-block-columns\" id=\"containerr\">\n<div class=\"wp-block-column\">\n<div class=\"blue_marker_list\">\n\n<h4 style=\"padding: 20px 0;\">Ushqim mineral p\u00ebr broilerat n\u00eb faz\u00ebn e par\u00eb t\u00eb majm\u00ebris\u00eb\n<\/h4>\n<p style=\"margin:unset;\">Kompletimi me t\u00eb gjith\u00eb l\u00ebnd\u00ebt ushqyese thelb\u00ebsore n\u00ebp\u00ebrmjet OVITAL BR LH 1 mb\u00ebshtet metabolizmin dhe ndihmon n\u00eb shfryt\u00ebzimin e potencialit t\u00eb rritjes.\n<\/p>\n<\/div>\n\n\n\n<div class=\"blue_marker_list\">\n\n<h4 style=\"padding: 20px 0;\">Vetit\u00eb:<\/h4>\n<ul style=\"list-style-type: square; \n\tpadding-left: 1em;\">\n<li>Furnizimi me lizin dhe metionin\u00eb p\u00ebr nj\u00eb rritje t\u00eb shpejt\u00eb n\u00eb fillimin e majm\u00ebris\u00eb.<\/li>\n<li>P\u00ebrmbajtja e lart\u00eb e vitaminave dhe p\u00ebrmbajtja e rregulluar e element\u00ebve gjurm\u00eb mb\u00ebshtesin sistemin imunitar dhe sigurojn\u00eb nj\u00eb gjendje t\u00eb lart\u00eb sh\u00ebndet\u00ebsore.<\/li>\n<li>Pajisjet me enzim\u00ebn fitaz\u00eb p\u00ebrmir\u00ebsojn\u00eb disponueshm\u00ebrin\u00eb e fosforit dhe, p\u00ebr rrjedhoj\u00eb, leht\u00ebsojn\u00eb metabolizmin.<\/li>\n\n<\/ul>\n<\/div>\n\n\n\n<div class=\"blue_marker_list\">\n\n<h4 style=\"padding: 20px 0;\">Rekomandimi i doz\u00ebs:<\/h4>\n<ul style=\"list-style-type: square; \n\tpadding-left: 1em;\">\n<li>OVITAL BR LH 1 \u00ebsht\u00eb p\u00ebrfshir\u00eb n\u00eb racionin p\u00ebr broilerat me 2,0 %.<\/li>\n\n\n<\/ul>\n<\/div>\n<\/div>\n<\/div>\n","protected":false},"excerpt":{"rendered":"<p>OVITAL BR LH 1 Ushqim mineral p\u00ebr broilerat n\u00eb faz\u00ebn e par\u00eb t\u00eb majm\u00ebris\u00eb Kompletimi me t\u00eb gjith\u00eb l\u00ebnd\u00ebt ushqyese thelb\u00ebsore n\u00ebp\u00ebrmjet OVITAL BR LH 1 mb\u00ebshtet metabolizmin dhe ndihmon n\u00eb shfryt\u00ebzimin e potencialit t\u00eb rritjes. Vetit\u00eb: Furnizimi me lizin dhe metionin\u00eb p\u00ebr nj\u00eb rritje t\u00eb shpejt\u00eb n\u00eb fillimin e majm\u00ebris\u00eb. P\u00ebrmbajtja e lart\u00eb e [&hellip;]<\/p>\n","protected":false},"author":1,"featured_media":0,"parent":0,"menu_order":0,"comment_status":"closed","ping_status":"closed","template":"","meta":{"inline_featured_image":false,"footnotes":""},"class_list":["post-8023","page","type-page","status-publish","hentry"],"yoast_head":"<!-- This site is optimized with the Yoast SEO plugin v18.9 - https:\/\/yoast.com\/wordpress\/plugins\/seo\/ -->\n<title>OVITAL BR LH 1 - Austria Praemix<\/title>\n<meta name=\"robots\" content=\"index, follow, max-snippet:-1, max-image-preview:large, max-video-preview:-1\" \/>\n<link rel=\"canonical\" href=\"https:\/\/ap.com.al\/?page_id=8023\" \/>\n<meta property=\"og:locale\" content=\"en_US\" \/>\n<meta property=\"og:type\" content=\"article\" \/>\n<meta property=\"og:title\" content=\"OVITAL BR LH 1 - Austria Praemix\" \/>\n<meta property=\"og:description\" content=\"OVITAL BR LH 1 Ushqim mineral p\u00ebr broilerat n\u00eb faz\u00ebn e par\u00eb t\u00eb majm\u00ebris\u00eb Kompletimi me t\u00eb gjith\u00eb l\u00ebnd\u00ebt ushqyese thelb\u00ebsore n\u00ebp\u00ebrmjet OVITAL BR LH 1 mb\u00ebshtet metabolizmin dhe ndihmon n\u00eb shfryt\u00ebzimin e potencialit t\u00eb rritjes. Vetit\u00eb: Furnizimi me lizin dhe metionin\u00eb p\u00ebr nj\u00eb rritje t\u00eb shpejt\u00eb n\u00eb fillimin e majm\u00ebris\u00eb. P\u00ebrmbajtja e lart\u00eb e [&hellip;]\" \/>\n<meta property=\"og:url\" content=\"https:\/\/ap.com.al\/?page_id=8023\" \/>\n<meta property=\"og:site_name\" content=\"Austria Praemix\" \/>\n<meta property=\"article:publisher\" content=\"https:\/\/www.facebook.com\/austriapraemiks\/\" \/>\n<meta property=\"article:modified_time\" content=\"2022-05-31T15:20:02+00:00\" \/>\n<meta property=\"og:image\" content=\"https:\/\/ap.com.al\/wp-content\/uploads\/2022\/05\/pic_gefluegel.png\" \/>\n<meta name=\"twitter:card\" content=\"summary_large_image\" \/>\n<meta name=\"twitter:label1\" content=\"Est. reading time\" \/>\n\t<meta name=\"twitter:data1\" content=\"1 minute\" \/>\n<script type=\"application\/ld+json\" class=\"yoast-schema-graph\">{\"@context\":\"https:\/\/schema.org\",\"@graph\":[{\"@type\":\"Organization\",\"@id\":\"https:\/\/ap.com.al\/#organization\",\"name\":\"Austria Preamix\",\"url\":\"https:\/\/ap.com.al\/\",\"sameAs\":[\"https:\/\/www.instagram.com\/austriapraemix\/\",\"https:\/\/www.facebook.com\/austriapraemiks\/\"],\"logo\":{\"@type\":\"ImageObject\",\"inLanguage\":\"en-US\",\"@id\":\"https:\/\/ap.com.al\/#\/schema\/logo\/image\/\",\"url\":\"https:\/\/ap.com.al\/wp-content\/uploads\/2022\/02\/AP-logo.png\",\"contentUrl\":\"https:\/\/ap.com.al\/wp-content\/uploads\/2022\/02\/AP-logo.png\",\"width\":3358,\"height\":1616,\"caption\":\"Austria Preamix\"},\"image\":{\"@id\":\"https:\/\/ap.com.al\/#\/schema\/logo\/image\/\"}},{\"@type\":\"WebSite\",\"@id\":\"https:\/\/ap.com.al\/#website\",\"url\":\"https:\/\/ap.com.al\/\",\"name\":\"Austria Praemix\",\"description\":\"\",\"publisher\":{\"@id\":\"https:\/\/ap.com.al\/#organization\"},\"potentialAction\":[{\"@type\":\"SearchAction\",\"target\":{\"@type\":\"EntryPoint\",\"urlTemplate\":\"https:\/\/ap.com.al\/?s={search_term_string}\"},\"query-input\":\"required name=search_term_string\"}],\"inLanguage\":\"en-US\"},{\"@type\":\"ImageObject\",\"inLanguage\":\"en-US\",\"@id\":\"https:\/\/ap.com.al\/?page_id=8023#primaryimage\",\"url\":\"https:\/\/ap.com.al\/wp-content\/uploads\/2022\/05\/pic_gefluegel.png\",\"contentUrl\":\"https:\/\/ap.com.al\/wp-content\/uploads\/2022\/05\/pic_gefluegel.png\",\"width\":354,\"height\":353},{\"@type\":\"WebPage\",\"@id\":\"https:\/\/ap.com.al\/?page_id=8023#webpage\",\"url\":\"https:\/\/ap.com.al\/?page_id=8023\",\"name\":\"OVITAL BR LH 1 - Austria Praemix\",\"isPartOf\":{\"@id\":\"https:\/\/ap.com.al\/#website\"},\"primaryImageOfPage\":{\"@id\":\"https:\/\/ap.com.al\/?page_id=8023#primaryimage\"},\"datePublished\":\"2022-05-31T14:56:40+00:00\",\"dateModified\":\"2022-05-31T15:20:02+00:00\",\"breadcrumb\":{\"@id\":\"https:\/\/ap.com.al\/?page_id=8023#breadcrumb\"},\"inLanguage\":\"en-US\",\"potentialAction\":[{\"@type\":\"ReadAction\",\"target\":[\"https:\/\/ap.com.al\/?page_id=8023\"]}]},{\"@type\":\"BreadcrumbList\",\"@id\":\"https:\/\/ap.com.al\/?page_id=8023#breadcrumb\",\"itemListElement\":[{\"@type\":\"ListItem\",\"position\":1,\"name\":\"Home\",\"item\":\"https:\/\/ap.com.al\/\"},{\"@type\":\"ListItem\",\"position\":2,\"name\":\"OVITAL BR LH 1\"}]}]}<\/script>\n<!-- \/ Yoast SEO plugin. -->","yoast_head_json":{"title":"OVITAL BR LH 1 - Austria Praemix","robots":{"index":"index","follow":"follow","max-snippet":"max-snippet:-1","max-image-preview":"max-image-preview:large","max-video-preview":"max-video-preview:-1"},"canonical":"https:\/\/ap.com.al\/?page_id=8023","og_locale":"en_US","og_type":"article","og_title":"OVITAL BR LH 1 - Austria Praemix","og_description":"OVITAL BR LH 1 Ushqim mineral p\u00ebr broilerat n\u00eb faz\u00ebn e par\u00eb t\u00eb majm\u00ebris\u00eb Kompletimi me t\u00eb gjith\u00eb l\u00ebnd\u00ebt ushqyese thelb\u00ebsore n\u00ebp\u00ebrmjet OVITAL BR LH 1 mb\u00ebshtet metabolizmin dhe ndihmon n\u00eb shfryt\u00ebzimin e potencialit t\u00eb rritjes. Vetit\u00eb: Furnizimi me lizin dhe metionin\u00eb p\u00ebr nj\u00eb rritje t\u00eb shpejt\u00eb n\u00eb fillimin e majm\u00ebris\u00eb. P\u00ebrmbajtja e lart\u00eb e [&hellip;]","og_url":"https:\/\/ap.com.al\/?page_id=8023","og_site_name":"Austria Praemix","article_publisher":"https:\/\/www.facebook.com\/austriapraemiks\/","article_modified_time":"2022-05-31T15:20:02+00:00","og_image":[{"url":"https:\/\/ap.com.al\/wp-content\/uploads\/2022\/05\/pic_gefluegel.png"}],"twitter_card":"summary_large_image","twitter_misc":{"Est. reading time":"1 minute"},"schema":{"@context":"https:\/\/schema.org","@graph":[{"@type":"Organization","@id":"https:\/\/ap.com.al\/#organization","name":"Austria Preamix","url":"https:\/\/ap.com.al\/","sameAs":["https:\/\/www.instagram.com\/austriapraemix\/","https:\/\/www.facebook.com\/austriapraemiks\/"],"logo":{"@type":"ImageObject","inLanguage":"en-US","@id":"https:\/\/ap.com.al\/#\/schema\/logo\/image\/","url":"https:\/\/ap.com.al\/wp-content\/uploads\/2022\/02\/AP-logo.png","contentUrl":"https:\/\/ap.com.al\/wp-content\/uploads\/2022\/02\/AP-logo.png","width":3358,"height":1616,"caption":"Austria Preamix"},"image":{"@id":"https:\/\/ap.com.al\/#\/schema\/logo\/image\/"}},{"@type":"WebSite","@id":"https:\/\/ap.com.al\/#website","url":"https:\/\/ap.com.al\/","name":"Austria Praemix","description":"","publisher":{"@id":"https:\/\/ap.com.al\/#organization"},"potentialAction":[{"@type":"SearchAction","target":{"@type":"EntryPoint","urlTemplate":"https:\/\/ap.com.al\/?s={search_term_string}"},"query-input":"required name=search_term_string"}],"inLanguage":"en-US"},{"@type":"ImageObject","inLanguage":"en-US","@id":"https:\/\/ap.com.al\/?page_id=8023#primaryimage","url":"https:\/\/ap.com.al\/wp-content\/uploads\/2022\/05\/pic_gefluegel.png","contentUrl":"https:\/\/ap.com.al\/wp-content\/uploads\/2022\/05\/pic_gefluegel.png","width":354,"height":353},{"@type":"WebPage","@id":"https:\/\/ap.com.al\/?page_id=8023#webpage","url":"https:\/\/ap.com.al\/?page_id=8023","name":"OVITAL BR LH 1 - Austria Praemix","isPartOf":{"@id":"https:\/\/ap.com.al\/#website"},"primaryImageOfPage":{"@id":"https:\/\/ap.com.al\/?page_id=8023#primaryimage"},"datePublished":"2022-05-31T14:56:40+00:00","dateModified":"2022-05-31T15:20:02+00:00","breadcrumb":{"@id":"https:\/\/ap.com.al\/?page_id=8023#breadcrumb"},"inLanguage":"en-US","potentialAction":[{"@type":"ReadAction","target":["https:\/\/ap.com.al\/?page_id=8023"]}]},{"@type":"BreadcrumbList","@id":"https:\/\/ap.com.al\/?page_id=8023#breadcrumb","itemListElement":[{"@type":"ListItem","position":1,"name":"Home","item":"https:\/\/ap.com.al\/"},{"@type":"ListItem","position":2,"name":"OVITAL BR LH 1"}]}]}},"_links":{"self":[{"href":"https:\/\/ap.com.al\/index.php?rest_route=\/wp\/v2\/pages\/8023","targetHints":{"allow":["GET"]}}],"collection":[{"href":"https:\/\/ap.com.al\/index.php?rest_route=\/wp\/v2\/pages"}],"about":[{"href":"https:\/\/ap.com.al\/index.php?rest_route=\/wp\/v2\/types\/page"}],"author":[{"embeddable":true,"href":"https:\/\/ap.com.al\/index.php?rest_route=\/wp\/v2\/users\/1"}],"replies":[{"embeddable":true,"href":"https:\/\/ap.com.al\/index.php?rest_route=%2Fwp%2Fv2%2Fcomments&post=8023"}],"version-history":[{"count":3,"href":"https:\/\/ap.com.al\/index.php?rest_route=\/wp\/v2\/pages\/8023\/revisions"}],"predecessor-version":[{"id":8039,"href":"https:\/\/ap.com.al\/index.php?rest_route=\/wp\/v2\/pages\/8023\/revisions\/8039"}],"wp:attachment":[{"href":"https:\/\/ap.com.al\/index.php?rest_route=%2Fwp%2Fv2%2Fmedia&parent=8023"}],"curies":[{"name":"wp","href":"https:\/\/api.w.org\/{rel}","templated":true}]}}