{"id":8080,"date":"2022-06-01T09:40:49","date_gmt":"2022-06-01T09:40:49","guid":{"rendered":"https:\/\/ap.com.al\/?page_id=8080"},"modified":"2024-10-04T10:15:57","modified_gmt":"2024-10-04T10:15:57","slug":"schauma-tx","status":"publish","type":"page","link":"https:\/\/ap.com.al\/?page_id=8080","title":{"rendered":"Schauma-Tx"},"content":{"rendered":"\n<style>\n  #oniiii{\n    background-image:url(\"https:\/\/ap.com.al\/wp-content\/uploads\/2022\/04\/pesturesandmeadows-scaled.jpg\");\n    padding-bottom: 32%;\n    background-position:center bottom;\n    background-repeat: no-repeat;\n    background-size:cover;\n  }\n  <\/style>\n  <script src=\"https:\/\/code.jquery.com\/jquery-3.5.0.js\">\n<\/script>\n\n<div id=\"oniiii\"><\/div>\n \n<script>\n$( \"#oniiii\" ).insertBefore( \".container_wrap_first\" );\n<\/script>\n\n\n\n<div class=\"wp-block-columns\" id=\"containerr\">\n<div class=\"wp-block-column\">\n<div class=\"avia_textblock\" itemprop=\"text\"><h4 style=\"color:#005a8c;\n\">Schauma-Tx <\/h4>\n<\/div>\n<\/div>\n<\/div>\n\n\n\n<div class=\"wp-block-columns\" id=\"containerr\">\n<div class=\"wp-block-column\">\n<div class=\"detail__certificates-item-icon\">\n<img decoding=\"async\" alt=\"Schauma-Tx\" src=\"https:\/\/ap.com.al\/wp-content\/uploads\/2022\/05\/oeko.png\">\n<\/div>\n<\/div>\n<\/div>\n\n\n\n<div class=\"wp-block-columns\" id=\"containerr\">\n<div class=\"wp-block-column\">\n<div class=\"blue_marker_list\">\n\n<h4 style=\"padding: 20px 0;\">Antimykotik p\u00ebr kafsh\u00ebt<\/h4>\n<ul style=\"list-style-type: square; \n\tpadding-left: 1em;\">\n<li>Nxit tretjen + m\u00eb pak diarre<\/li>\n<li>Kursen energji<\/li>\n<li>Stabilizon vlerat e gjakut<\/li>\n<li>Mb\u00ebshtet imunitetin<\/li>\n<\/ul>\n\n<\/div>\n\n\n\n<div class=\"blue_marker_list\">\n\n<h4 style=\"padding: 20px 0;\">N\u00eb stall\u00eb:<\/h4>\n<ul style=\"list-style-type: square; \n\tpadding-left: 1em;\">\n<li>M\u00eb pak er\u00eb<\/li>\n<li>Pleh i that\u00eb<\/li>\n<li>M\u00eb pak viroza<\/li>\n<li>P\u00ebrmir\u00ebson disponueshm\u00ebrin\u00eb e plehut organik dhe bim\u00ebve<\/li>\n\n<\/ul>\n<\/div>\n\n\n\n<div class =\"categories\">\n<div class=\"blue_marker_list\">\n\n<h4 style=\"padding: 20px 0;\">Gjedh \/ Vi\u00e7a<\/h4>\n<ul style=\"list-style-type: square; \n\tpadding-left: 1em;\">\n<li>Lop\u00eb qum\u00ebshtore: 100-200 g p\u00ebr kafsh\u00eb n\u00eb dit\u00eb<\/li>\n<li>Vi\u00e7a (20 &#8211; 40 kg): 20 g<\/li>\n\n<\/ul>\n<\/div>\n<div class=\"blue_marker_list\">\n\n<h4 style=\"padding: 20px 0;\">Derra<\/h4>\n<ul style=\"list-style-type: square; \n\tpadding-left: 1em;\">\n<li>Derrat: 5 kg p\u00ebr t ushqim <\/li>\n<li>Dosat: 5 kg p\u00ebr t ushqim <\/li>\n<li>Derra p\u00ebr majm\u00ebri: 4 &#8211; 6 kg p\u00ebr t ushqim<\/li>\n\n\n<\/ul>\n<\/div>\n<div class=\"blue_marker_list\">\n\n<h4 style=\"padding: 20px 0;\">Shpend\u00ebt<\/h4>\n<ul style=\"list-style-type: square; \n\tpadding-left: 1em;\">\n<li>3 &#8211; 5 kg p\u00ebr ushqim<\/li>\n<\/ul>\n<\/div>\n<\/div>\n\n\n\n<div class=\"blue_marker_list\">\n\n<h4 style=\"padding: 20px 0;\">P\u00ebrpar\u00ebsit\u00eb:<\/h4>\n<ul style=\"list-style-type: square; \n\tpadding-left: 1em;\">\n<li>Schauma-Tx mund t\u00eb p\u00ebrdoret n\u00eb t\u00eb gjitha ushqimet e kafsh\u00ebve. *<\/li>\n<li>Schauma-Tx nuk krijon lidhje me asnj\u00eb element ushqyes si vitamina, element\u00eb gjurm\u00eb, aminoacide etj.<\/li>\n<li>Schauma-Tx nuk shkakton nd\u00ebrveprime n\u00eb ushqim ose n\u00eb kafsh\u00eb.<\/li>\n<li>Schauma Tx nuk krijon nd\u00ebrveprime me asnj\u00eb Antibiotik.<\/li>\n\n<\/ul>\n<\/div>\n<\/div>\n<\/div>\n","protected":false},"excerpt":{"rendered":"<p>Schauma-Tx Antimykotik p\u00ebr kafsh\u00ebt Nxit tretjen + m\u00eb pak diarre Kursen energji Stabilizon vlerat e gjakut Mb\u00ebshtet imunitetin N\u00eb stall\u00eb: M\u00eb pak er\u00eb Pleh i that\u00eb M\u00eb pak viroza P\u00ebrmir\u00ebson disponueshm\u00ebrin\u00eb e plehut organik dhe bim\u00ebve Gjedh \/ Vi\u00e7a Lop\u00eb qum\u00ebshtore: 100-200 g p\u00ebr kafsh\u00eb n\u00eb dit\u00eb Vi\u00e7a (20 &#8211; 40 kg): 20 g Derra [&hellip;]<\/p>\n","protected":false},"author":1,"featured_media":0,"parent":0,"menu_order":0,"comment_status":"closed","ping_status":"closed","template":"","meta":{"inline_featured_image":false,"footnotes":""},"class_list":["post-8080","page","type-page","status-publish","hentry"],"yoast_head":"<!-- This site is optimized with the Yoast SEO plugin v18.9 - https:\/\/yoast.com\/wordpress\/plugins\/seo\/ -->\n<title>Schauma-Tx - Austria Praemix<\/title>\n<meta name=\"robots\" content=\"index, follow, max-snippet:-1, max-image-preview:large, max-video-preview:-1\" \/>\n<link rel=\"canonical\" href=\"https:\/\/ap.com.al\/?page_id=8080\" \/>\n<meta property=\"og:locale\" content=\"en_US\" \/>\n<meta property=\"og:type\" content=\"article\" \/>\n<meta property=\"og:title\" content=\"Schauma-Tx - Austria Praemix\" \/>\n<meta property=\"og:description\" content=\"Schauma-Tx Antimykotik p\u00ebr kafsh\u00ebt Nxit tretjen + m\u00eb pak diarre Kursen energji Stabilizon vlerat e gjakut Mb\u00ebshtet imunitetin N\u00eb stall\u00eb: M\u00eb pak er\u00eb Pleh i that\u00eb M\u00eb pak viroza P\u00ebrmir\u00ebson disponueshm\u00ebrin\u00eb e plehut organik dhe bim\u00ebve Gjedh \/ Vi\u00e7a Lop\u00eb qum\u00ebshtore: 100-200 g p\u00ebr kafsh\u00eb n\u00eb dit\u00eb Vi\u00e7a (20 &#8211; 40 kg): 20 g Derra [&hellip;]\" \/>\n<meta property=\"og:url\" content=\"https:\/\/ap.com.al\/?page_id=8080\" \/>\n<meta property=\"og:site_name\" content=\"Austria Praemix\" \/>\n<meta property=\"article:publisher\" content=\"https:\/\/www.facebook.com\/austriapraemiks\/\" \/>\n<meta property=\"article:modified_time\" content=\"2024-10-04T10:15:57+00:00\" \/>\n<meta property=\"og:image\" content=\"https:\/\/ap.com.al\/wp-content\/uploads\/2022\/05\/oeko.png\" \/>\n<meta name=\"twitter:card\" content=\"summary_large_image\" \/>\n<meta name=\"twitter:label1\" content=\"Est. reading time\" \/>\n\t<meta name=\"twitter:data1\" content=\"1 minute\" \/>\n<script type=\"application\/ld+json\" class=\"yoast-schema-graph\">{\"@context\":\"https:\/\/schema.org\",\"@graph\":[{\"@type\":\"Organization\",\"@id\":\"https:\/\/ap.com.al\/#organization\",\"name\":\"Austria Preamix\",\"url\":\"https:\/\/ap.com.al\/\",\"sameAs\":[\"https:\/\/www.instagram.com\/austriapraemix\/\",\"https:\/\/www.facebook.com\/austriapraemiks\/\"],\"logo\":{\"@type\":\"ImageObject\",\"inLanguage\":\"en-US\",\"@id\":\"https:\/\/ap.com.al\/#\/schema\/logo\/image\/\",\"url\":\"https:\/\/ap.com.al\/wp-content\/uploads\/2022\/02\/AP-logo.png\",\"contentUrl\":\"https:\/\/ap.com.al\/wp-content\/uploads\/2022\/02\/AP-logo.png\",\"width\":3358,\"height\":1616,\"caption\":\"Austria Preamix\"},\"image\":{\"@id\":\"https:\/\/ap.com.al\/#\/schema\/logo\/image\/\"}},{\"@type\":\"WebSite\",\"@id\":\"https:\/\/ap.com.al\/#website\",\"url\":\"https:\/\/ap.com.al\/\",\"name\":\"Austria Praemix\",\"description\":\"\",\"publisher\":{\"@id\":\"https:\/\/ap.com.al\/#organization\"},\"potentialAction\":[{\"@type\":\"SearchAction\",\"target\":{\"@type\":\"EntryPoint\",\"urlTemplate\":\"https:\/\/ap.com.al\/?s={search_term_string}\"},\"query-input\":\"required name=search_term_string\"}],\"inLanguage\":\"en-US\"},{\"@type\":\"ImageObject\",\"inLanguage\":\"en-US\",\"@id\":\"https:\/\/ap.com.al\/?page_id=8080#primaryimage\",\"url\":\"https:\/\/ap.com.al\/wp-content\/uploads\/2022\/05\/oeko.png\",\"contentUrl\":\"https:\/\/ap.com.al\/wp-content\/uploads\/2022\/05\/oeko.png\",\"width\":351,\"height\":351},{\"@type\":\"WebPage\",\"@id\":\"https:\/\/ap.com.al\/?page_id=8080#webpage\",\"url\":\"https:\/\/ap.com.al\/?page_id=8080\",\"name\":\"Schauma-Tx - Austria Praemix\",\"isPartOf\":{\"@id\":\"https:\/\/ap.com.al\/#website\"},\"primaryImageOfPage\":{\"@id\":\"https:\/\/ap.com.al\/?page_id=8080#primaryimage\"},\"datePublished\":\"2022-06-01T09:40:49+00:00\",\"dateModified\":\"2024-10-04T10:15:57+00:00\",\"breadcrumb\":{\"@id\":\"https:\/\/ap.com.al\/?page_id=8080#breadcrumb\"},\"inLanguage\":\"en-US\",\"potentialAction\":[{\"@type\":\"ReadAction\",\"target\":[\"https:\/\/ap.com.al\/?page_id=8080\"]}]},{\"@type\":\"BreadcrumbList\",\"@id\":\"https:\/\/ap.com.al\/?page_id=8080#breadcrumb\",\"itemListElement\":[{\"@type\":\"ListItem\",\"position\":1,\"name\":\"Home\",\"item\":\"https:\/\/ap.com.al\/\"},{\"@type\":\"ListItem\",\"position\":2,\"name\":\"Schauma-Tx\"}]}]}<\/script>\n<!-- \/ Yoast SEO plugin. -->","yoast_head_json":{"title":"Schauma-Tx - Austria Praemix","robots":{"index":"index","follow":"follow","max-snippet":"max-snippet:-1","max-image-preview":"max-image-preview:large","max-video-preview":"max-video-preview:-1"},"canonical":"https:\/\/ap.com.al\/?page_id=8080","og_locale":"en_US","og_type":"article","og_title":"Schauma-Tx - Austria Praemix","og_description":"Schauma-Tx Antimykotik p\u00ebr kafsh\u00ebt Nxit tretjen + m\u00eb pak diarre Kursen energji Stabilizon vlerat e gjakut Mb\u00ebshtet imunitetin N\u00eb stall\u00eb: M\u00eb pak er\u00eb Pleh i that\u00eb M\u00eb pak viroza P\u00ebrmir\u00ebson disponueshm\u00ebrin\u00eb e plehut organik dhe bim\u00ebve Gjedh \/ Vi\u00e7a Lop\u00eb qum\u00ebshtore: 100-200 g p\u00ebr kafsh\u00eb n\u00eb dit\u00eb Vi\u00e7a (20 &#8211; 40 kg): 20 g Derra [&hellip;]","og_url":"https:\/\/ap.com.al\/?page_id=8080","og_site_name":"Austria Praemix","article_publisher":"https:\/\/www.facebook.com\/austriapraemiks\/","article_modified_time":"2024-10-04T10:15:57+00:00","og_image":[{"url":"https:\/\/ap.com.al\/wp-content\/uploads\/2022\/05\/oeko.png"}],"twitter_card":"summary_large_image","twitter_misc":{"Est. reading time":"1 minute"},"schema":{"@context":"https:\/\/schema.org","@graph":[{"@type":"Organization","@id":"https:\/\/ap.com.al\/#organization","name":"Austria Preamix","url":"https:\/\/ap.com.al\/","sameAs":["https:\/\/www.instagram.com\/austriapraemix\/","https:\/\/www.facebook.com\/austriapraemiks\/"],"logo":{"@type":"ImageObject","inLanguage":"en-US","@id":"https:\/\/ap.com.al\/#\/schema\/logo\/image\/","url":"https:\/\/ap.com.al\/wp-content\/uploads\/2022\/02\/AP-logo.png","contentUrl":"https:\/\/ap.com.al\/wp-content\/uploads\/2022\/02\/AP-logo.png","width":3358,"height":1616,"caption":"Austria Preamix"},"image":{"@id":"https:\/\/ap.com.al\/#\/schema\/logo\/image\/"}},{"@type":"WebSite","@id":"https:\/\/ap.com.al\/#website","url":"https:\/\/ap.com.al\/","name":"Austria Praemix","description":"","publisher":{"@id":"https:\/\/ap.com.al\/#organization"},"potentialAction":[{"@type":"SearchAction","target":{"@type":"EntryPoint","urlTemplate":"https:\/\/ap.com.al\/?s={search_term_string}"},"query-input":"required name=search_term_string"}],"inLanguage":"en-US"},{"@type":"ImageObject","inLanguage":"en-US","@id":"https:\/\/ap.com.al\/?page_id=8080#primaryimage","url":"https:\/\/ap.com.al\/wp-content\/uploads\/2022\/05\/oeko.png","contentUrl":"https:\/\/ap.com.al\/wp-content\/uploads\/2022\/05\/oeko.png","width":351,"height":351},{"@type":"WebPage","@id":"https:\/\/ap.com.al\/?page_id=8080#webpage","url":"https:\/\/ap.com.al\/?page_id=8080","name":"Schauma-Tx - Austria Praemix","isPartOf":{"@id":"https:\/\/ap.com.al\/#website"},"primaryImageOfPage":{"@id":"https:\/\/ap.com.al\/?page_id=8080#primaryimage"},"datePublished":"2022-06-01T09:40:49+00:00","dateModified":"2024-10-04T10:15:57+00:00","breadcrumb":{"@id":"https:\/\/ap.com.al\/?page_id=8080#breadcrumb"},"inLanguage":"en-US","potentialAction":[{"@type":"ReadAction","target":["https:\/\/ap.com.al\/?page_id=8080"]}]},{"@type":"BreadcrumbList","@id":"https:\/\/ap.com.al\/?page_id=8080#breadcrumb","itemListElement":[{"@type":"ListItem","position":1,"name":"Home","item":"https:\/\/ap.com.al\/"},{"@type":"ListItem","position":2,"name":"Schauma-Tx"}]}]}},"_links":{"self":[{"href":"https:\/\/ap.com.al\/index.php?rest_route=\/wp\/v2\/pages\/8080","targetHints":{"allow":["GET"]}}],"collection":[{"href":"https:\/\/ap.com.al\/index.php?rest_route=\/wp\/v2\/pages"}],"about":[{"href":"https:\/\/ap.com.al\/index.php?rest_route=\/wp\/v2\/types\/page"}],"author":[{"embeddable":true,"href":"https:\/\/ap.com.al\/index.php?rest_route=\/wp\/v2\/users\/1"}],"replies":[{"embeddable":true,"href":"https:\/\/ap.com.al\/index.php?rest_route=%2Fwp%2Fv2%2Fcomments&post=8080"}],"version-history":[{"count":9,"href":"https:\/\/ap.com.al\/index.php?rest_route=\/wp\/v2\/pages\/8080\/revisions"}],"predecessor-version":[{"id":8753,"href":"https:\/\/ap.com.al\/index.php?rest_route=\/wp\/v2\/pages\/8080\/revisions\/8753"}],"wp:attachment":[{"href":"https:\/\/ap.com.al\/index.php?rest_route=%2Fwp%2Fv2%2Fmedia&parent=8080"}],"curies":[{"name":"wp","href":"https:\/\/api.w.org\/{rel}","templated":true}]}}