{"id":8101,"date":"2022-06-01T10:19:16","date_gmt":"2022-06-01T10:19:16","guid":{"rendered":"https:\/\/ap.com.al\/?page_id=8101"},"modified":"2023-05-10T05:54:58","modified_gmt":"2023-05-10T05:54:58","slug":"bonsilazh-plus","status":"publish","type":"page","link":"https:\/\/ap.com.al\/?page_id=8101","title":{"rendered":"BONSILAZH PLUS"},"content":{"rendered":"\n<style>\n  #oniiii{\n    background-image:url(\"https:\/\/ap.com.al\/wp-content\/uploads\/2022\/04\/pesturesandmeadows-scaled.jpg\");\n    padding-bottom: 32%;\n    background-position:center bottom;\n    background-repeat: no-repeat;\n    background-size:cover;\n  }\n  <\/style>\n  <script src=\"https:\/\/code.jquery.com\/jquery-3.5.0.js\">\n<\/script>\n\n<div id=\"oniiii\"><\/div>\n \n<script>\n$( \"#oniiii\" ).insertBefore( \".container_wrap_first\" );\n<\/script>\n\n\n\n<div class=\"wp-block-columns\" id=\"containerr\">\n<div class=\"wp-block-column\">\n<div class=\"avia_textblock\" itemprop=\"text\"><h4 style=\"color:#005a8c;\n\">BONSILAGE PLUS<\/h4>\n<\/div>\n<\/div>\n<\/div>\n\n\n\n<div class=\"wp-block-columns\" id=\"containerr\">\n<div class=\"wp-block-column\">\n<div class=\"detail__certificates-item-icon\">\n<img decoding=\"async\" alt=\"BONSILAGE PLUS\" src=\"https:\/\/ap.com.al\/wp-content\/uploads\/2022\/05\/oeko.png\">\n<\/div>\n<\/div>\n<\/div>\n\n\n\n<div class=\"wp-block-columns\" id=\"containerr\">\n<div class=\"wp-block-column\">\n<div class=\"blue_marker_list\">\n\n<h4 style=\"padding: 20px 0;\">Plusi n\u00eb stabilitet dhe energji<\/h4>\n<p style=\"margin:unset;\">Shtes\u00eb silazhi (homo-dhe heterofermentative) p\u00ebr gam\u00ebn e mesme\/t\u00eb lart\u00eb t\u00eb l\u00ebnd\u00ebs s\u00eb that\u00eb.\n <\/p>\n\n<\/div>\n\n\n\n<div class=\"blue_marker_list\">\n\n<h4 style=\"padding: 20px 0;\">P\u00ebrb\u00ebrja:<\/h4>\n<ul style=\"list-style-type: square; \n\tpadding-left: 1em;\">\n<li>L. plantarum<\/li>\n<li>P. pentosaceus<\/li>\n<li>L. rhamnosus<\/li>\n<li>L. brevis<\/li>\n<li>L. buchner<\/li>\n\n<\/ul>\n<\/div>\n\n\n\n<div class=\"blue_marker_list\">\n\n<h4 style=\"padding: 20px 0;\">Karakteristika:<\/h4>\n<ul style=\"list-style-type: square; \n\tpadding-left: 1em;\">\n<li>Min. 1 * 101 bakterie laktike \/g BONSILAGE PLUS<\/li>\n<li>P\u00ebrmir\u00ebson tretshm\u00ebrin\u00eb, si rezultat jep densitet m\u00eb t\u00eb lart\u00eb t\u00eb energjis\u00eb.<\/li>\n<li>Kontrolli i formimit  t\u00eb acidit acetik zvog\u00eblon problemet e ngrohjes.<\/li>\n<li>Cil\u00ebsi m\u00eb t\u00eb mir\u00eb t\u00eb proteinave t\u00eb pap\u00ebrpunuara<\/li>\n\n\n<\/ul>\n<\/div>\n\n\n\n<div class=\"blue_marker_list\">\n\n<h4 style=\"padding: 20px 0;\">Aplikimi:<\/h4>\n<ul style=\"list-style-type: square; \n\tpadding-left: 1em;\">\n<li>1 g PLUS BONSILAGE \/ ton materialit t\u00eb silazhuar,- 1 doz\u00eb e mjaftueshme p\u00ebr t\u00eb trajtuar 50 ton<\/li>\n\n<\/ul>\n<\/div>\n\n\n\n<div class=\"blue_marker_list\">\n\n<h4 style=\"padding: 20px 0;\">Fushat e p\u00ebrdorimit:<\/h4>\n<ul style=\"list-style-type: square; \n\tpadding-left: 1em;\">\n<li>Bar, t\u00ebrfil, jonxh\u00eb, thek\u00ebr i gjelb\u00ebr, l\u00ebnd\u00eb e that\u00eb 28-45%<\/li>\n\n<\/ul>\n<\/div>\n<\/div>\n<\/div>\n","protected":false},"excerpt":{"rendered":"<p>BONSILAGE PLUS Plusi n\u00eb stabilitet dhe energji Shtes\u00eb silazhi (homo-dhe heterofermentative) p\u00ebr gam\u00ebn e mesme\/t\u00eb lart\u00eb t\u00eb l\u00ebnd\u00ebs s\u00eb that\u00eb. P\u00ebrb\u00ebrja: L. plantarum P. pentosaceus L. rhamnosus L. brevis L. buchner Karakteristika: Min. 1 * 101 bakterie laktike \/g BONSILAGE PLUS P\u00ebrmir\u00ebson tretshm\u00ebrin\u00eb, si rezultat jep densitet m\u00eb t\u00eb lart\u00eb t\u00eb energjis\u00eb. Kontrolli i formimit [&hellip;]<\/p>\n","protected":false},"author":1,"featured_media":0,"parent":0,"menu_order":0,"comment_status":"closed","ping_status":"closed","template":"","meta":{"inline_featured_image":false,"footnotes":""},"class_list":["post-8101","page","type-page","status-publish","hentry"],"yoast_head":"<!-- This site is optimized with the Yoast SEO plugin v18.9 - https:\/\/yoast.com\/wordpress\/plugins\/seo\/ -->\n<title>BONSILAZH PLUS - Austria Praemix<\/title>\n<meta name=\"robots\" content=\"index, follow, max-snippet:-1, max-image-preview:large, max-video-preview:-1\" \/>\n<link rel=\"canonical\" href=\"https:\/\/ap.com.al\/?page_id=8101\" \/>\n<meta property=\"og:locale\" content=\"en_US\" \/>\n<meta property=\"og:type\" content=\"article\" \/>\n<meta property=\"og:title\" content=\"BONSILAZH PLUS - Austria Praemix\" \/>\n<meta property=\"og:description\" content=\"BONSILAGE PLUS Plusi n\u00eb stabilitet dhe energji Shtes\u00eb silazhi (homo-dhe heterofermentative) p\u00ebr gam\u00ebn e mesme\/t\u00eb lart\u00eb t\u00eb l\u00ebnd\u00ebs s\u00eb that\u00eb. P\u00ebrb\u00ebrja: L. plantarum P. pentosaceus L. rhamnosus L. brevis L. buchner Karakteristika: Min. 1 * 101 bakterie laktike \/g BONSILAGE PLUS P\u00ebrmir\u00ebson tretshm\u00ebrin\u00eb, si rezultat jep densitet m\u00eb t\u00eb lart\u00eb t\u00eb energjis\u00eb. Kontrolli i formimit [&hellip;]\" \/>\n<meta property=\"og:url\" content=\"https:\/\/ap.com.al\/?page_id=8101\" \/>\n<meta property=\"og:site_name\" content=\"Austria Praemix\" \/>\n<meta property=\"article:publisher\" content=\"https:\/\/www.facebook.com\/austriapraemiks\/\" \/>\n<meta property=\"article:modified_time\" content=\"2023-05-10T05:54:58+00:00\" \/>\n<meta property=\"og:image\" content=\"https:\/\/ap.com.al\/wp-content\/uploads\/2022\/05\/oeko.png\" \/>\n<meta name=\"twitter:card\" content=\"summary_large_image\" \/>\n<meta name=\"twitter:label1\" content=\"Est. reading time\" \/>\n\t<meta name=\"twitter:data1\" content=\"1 minute\" \/>\n<script type=\"application\/ld+json\" class=\"yoast-schema-graph\">{\"@context\":\"https:\/\/schema.org\",\"@graph\":[{\"@type\":\"Organization\",\"@id\":\"https:\/\/ap.com.al\/#organization\",\"name\":\"Austria Preamix\",\"url\":\"https:\/\/ap.com.al\/\",\"sameAs\":[\"https:\/\/www.instagram.com\/austriapraemix\/\",\"https:\/\/www.facebook.com\/austriapraemiks\/\"],\"logo\":{\"@type\":\"ImageObject\",\"inLanguage\":\"en-US\",\"@id\":\"https:\/\/ap.com.al\/#\/schema\/logo\/image\/\",\"url\":\"https:\/\/ap.com.al\/wp-content\/uploads\/2022\/02\/AP-logo.png\",\"contentUrl\":\"https:\/\/ap.com.al\/wp-content\/uploads\/2022\/02\/AP-logo.png\",\"width\":3358,\"height\":1616,\"caption\":\"Austria Preamix\"},\"image\":{\"@id\":\"https:\/\/ap.com.al\/#\/schema\/logo\/image\/\"}},{\"@type\":\"WebSite\",\"@id\":\"https:\/\/ap.com.al\/#website\",\"url\":\"https:\/\/ap.com.al\/\",\"name\":\"Austria Praemix\",\"description\":\"\",\"publisher\":{\"@id\":\"https:\/\/ap.com.al\/#organization\"},\"potentialAction\":[{\"@type\":\"SearchAction\",\"target\":{\"@type\":\"EntryPoint\",\"urlTemplate\":\"https:\/\/ap.com.al\/?s={search_term_string}\"},\"query-input\":\"required name=search_term_string\"}],\"inLanguage\":\"en-US\"},{\"@type\":\"ImageObject\",\"inLanguage\":\"en-US\",\"@id\":\"https:\/\/ap.com.al\/?page_id=8101#primaryimage\",\"url\":\"https:\/\/ap.com.al\/wp-content\/uploads\/2022\/05\/oeko.png\",\"contentUrl\":\"https:\/\/ap.com.al\/wp-content\/uploads\/2022\/05\/oeko.png\",\"width\":351,\"height\":351},{\"@type\":\"WebPage\",\"@id\":\"https:\/\/ap.com.al\/?page_id=8101#webpage\",\"url\":\"https:\/\/ap.com.al\/?page_id=8101\",\"name\":\"BONSILAZH PLUS - Austria Praemix\",\"isPartOf\":{\"@id\":\"https:\/\/ap.com.al\/#website\"},\"primaryImageOfPage\":{\"@id\":\"https:\/\/ap.com.al\/?page_id=8101#primaryimage\"},\"datePublished\":\"2022-06-01T10:19:16+00:00\",\"dateModified\":\"2023-05-10T05:54:58+00:00\",\"breadcrumb\":{\"@id\":\"https:\/\/ap.com.al\/?page_id=8101#breadcrumb\"},\"inLanguage\":\"en-US\",\"potentialAction\":[{\"@type\":\"ReadAction\",\"target\":[\"https:\/\/ap.com.al\/?page_id=8101\"]}]},{\"@type\":\"BreadcrumbList\",\"@id\":\"https:\/\/ap.com.al\/?page_id=8101#breadcrumb\",\"itemListElement\":[{\"@type\":\"ListItem\",\"position\":1,\"name\":\"Home\",\"item\":\"https:\/\/ap.com.al\/\"},{\"@type\":\"ListItem\",\"position\":2,\"name\":\"BONSILAZH PLUS\"}]}]}<\/script>\n<!-- \/ Yoast SEO plugin. -->","yoast_head_json":{"title":"BONSILAZH PLUS - Austria Praemix","robots":{"index":"index","follow":"follow","max-snippet":"max-snippet:-1","max-image-preview":"max-image-preview:large","max-video-preview":"max-video-preview:-1"},"canonical":"https:\/\/ap.com.al\/?page_id=8101","og_locale":"en_US","og_type":"article","og_title":"BONSILAZH PLUS - Austria Praemix","og_description":"BONSILAGE PLUS Plusi n\u00eb stabilitet dhe energji Shtes\u00eb silazhi (homo-dhe heterofermentative) p\u00ebr gam\u00ebn e mesme\/t\u00eb lart\u00eb t\u00eb l\u00ebnd\u00ebs s\u00eb that\u00eb. P\u00ebrb\u00ebrja: L. plantarum P. pentosaceus L. rhamnosus L. brevis L. buchner Karakteristika: Min. 1 * 101 bakterie laktike \/g BONSILAGE PLUS P\u00ebrmir\u00ebson tretshm\u00ebrin\u00eb, si rezultat jep densitet m\u00eb t\u00eb lart\u00eb t\u00eb energjis\u00eb. Kontrolli i formimit [&hellip;]","og_url":"https:\/\/ap.com.al\/?page_id=8101","og_site_name":"Austria Praemix","article_publisher":"https:\/\/www.facebook.com\/austriapraemiks\/","article_modified_time":"2023-05-10T05:54:58+00:00","og_image":[{"url":"https:\/\/ap.com.al\/wp-content\/uploads\/2022\/05\/oeko.png"}],"twitter_card":"summary_large_image","twitter_misc":{"Est. reading time":"1 minute"},"schema":{"@context":"https:\/\/schema.org","@graph":[{"@type":"Organization","@id":"https:\/\/ap.com.al\/#organization","name":"Austria Preamix","url":"https:\/\/ap.com.al\/","sameAs":["https:\/\/www.instagram.com\/austriapraemix\/","https:\/\/www.facebook.com\/austriapraemiks\/"],"logo":{"@type":"ImageObject","inLanguage":"en-US","@id":"https:\/\/ap.com.al\/#\/schema\/logo\/image\/","url":"https:\/\/ap.com.al\/wp-content\/uploads\/2022\/02\/AP-logo.png","contentUrl":"https:\/\/ap.com.al\/wp-content\/uploads\/2022\/02\/AP-logo.png","width":3358,"height":1616,"caption":"Austria Preamix"},"image":{"@id":"https:\/\/ap.com.al\/#\/schema\/logo\/image\/"}},{"@type":"WebSite","@id":"https:\/\/ap.com.al\/#website","url":"https:\/\/ap.com.al\/","name":"Austria Praemix","description":"","publisher":{"@id":"https:\/\/ap.com.al\/#organization"},"potentialAction":[{"@type":"SearchAction","target":{"@type":"EntryPoint","urlTemplate":"https:\/\/ap.com.al\/?s={search_term_string}"},"query-input":"required name=search_term_string"}],"inLanguage":"en-US"},{"@type":"ImageObject","inLanguage":"en-US","@id":"https:\/\/ap.com.al\/?page_id=8101#primaryimage","url":"https:\/\/ap.com.al\/wp-content\/uploads\/2022\/05\/oeko.png","contentUrl":"https:\/\/ap.com.al\/wp-content\/uploads\/2022\/05\/oeko.png","width":351,"height":351},{"@type":"WebPage","@id":"https:\/\/ap.com.al\/?page_id=8101#webpage","url":"https:\/\/ap.com.al\/?page_id=8101","name":"BONSILAZH PLUS - Austria Praemix","isPartOf":{"@id":"https:\/\/ap.com.al\/#website"},"primaryImageOfPage":{"@id":"https:\/\/ap.com.al\/?page_id=8101#primaryimage"},"datePublished":"2022-06-01T10:19:16+00:00","dateModified":"2023-05-10T05:54:58+00:00","breadcrumb":{"@id":"https:\/\/ap.com.al\/?page_id=8101#breadcrumb"},"inLanguage":"en-US","potentialAction":[{"@type":"ReadAction","target":["https:\/\/ap.com.al\/?page_id=8101"]}]},{"@type":"BreadcrumbList","@id":"https:\/\/ap.com.al\/?page_id=8101#breadcrumb","itemListElement":[{"@type":"ListItem","position":1,"name":"Home","item":"https:\/\/ap.com.al\/"},{"@type":"ListItem","position":2,"name":"BONSILAZH PLUS"}]}]}},"_links":{"self":[{"href":"https:\/\/ap.com.al\/index.php?rest_route=\/wp\/v2\/pages\/8101","targetHints":{"allow":["GET"]}}],"collection":[{"href":"https:\/\/ap.com.al\/index.php?rest_route=\/wp\/v2\/pages"}],"about":[{"href":"https:\/\/ap.com.al\/index.php?rest_route=\/wp\/v2\/types\/page"}],"author":[{"embeddable":true,"href":"https:\/\/ap.com.al\/index.php?rest_route=\/wp\/v2\/users\/1"}],"replies":[{"embeddable":true,"href":"https:\/\/ap.com.al\/index.php?rest_route=%2Fwp%2Fv2%2Fcomments&post=8101"}],"version-history":[{"count":4,"href":"https:\/\/ap.com.al\/index.php?rest_route=\/wp\/v2\/pages\/8101\/revisions"}],"predecessor-version":[{"id":8628,"href":"https:\/\/ap.com.al\/index.php?rest_route=\/wp\/v2\/pages\/8101\/revisions\/8628"}],"wp:attachment":[{"href":"https:\/\/ap.com.al\/index.php?rest_route=%2Fwp%2Fv2%2Fmedia&parent=8101"}],"curies":[{"name":"wp","href":"https:\/\/api.w.org\/{rel}","templated":true}]}}