{"id":8104,"date":"2022-06-01T10:36:40","date_gmt":"2022-06-01T10:36:40","guid":{"rendered":"https:\/\/ap.com.al\/?page_id=8104"},"modified":"2022-06-01T12:25:04","modified_gmt":"2022-06-01T12:25:04","slug":"schaumacid-clean-granulat","status":"publish","type":"page","link":"https:\/\/ap.com.al\/?page_id=8104","title":{"rendered":"SCHAUMACID CLEAN GRANULAT"},"content":{"rendered":"\n<style>\n  #oniiii{\n    background-image:url(\"https:\/\/ap.com.al\/wp-content\/uploads\/2022\/04\/pesturesandmeadows-scaled.jpg\");\n    padding-bottom: 32%;\n    background-position:center bottom;\n    background-repeat: no-repeat;\n    background-size:cover;\n  }\n  <\/style>\n  <script src=\"https:\/\/code.jquery.com\/jquery-3.5.0.js\">\n<\/script>\n\n<div id=\"oniiii\"><\/div>\n \n<script>\n$( \"#oniiii\" ).insertBefore( \".container_wrap_first\" );\n<\/script>\n\n\n\n<div class=\"wp-block-columns\" id=\"containerr\">\n<div class=\"wp-block-column\">\n<div class=\"avia_textblock\" itemprop=\"text\"><h4 style=\"color:#005a8c;\n\">SCHAUMACID CLEAN GRANULAT<\/h4>\n<\/div>\n<\/div>\n<\/div>\n\n\n\n<div class=\"wp-block-columns\" id=\"containerr\">\n<div class=\"wp-block-column\">\n<div class=\"detail__certificates-item-icon\">\n<img decoding=\"async\" alt=\"SCHAUMACID CLEAN GRANULAT \" src=\"https:\/\/ap.com.al\/wp-content\/uploads\/2022\/05\/oeko.png\">\n<\/div>\n<\/div>\n<\/div>\n\n\n\n<div class=\"wp-block-columns\" id=\"containerr\">\n<div class=\"wp-block-column\">\n<div class=\"blue_marker_list\">\n\n<h4 style=\"padding: 20px 0;\">An\u00ebt pozitive t\u00eb SCHAUMACID CLEAN GRANULAT:<\/h4>\n<ul style=\"list-style-type: square; \n\tpadding-left: 1em;\">\n<li>Pengim i sigurt i rritjes s\u00eb myqeve dhe i organizmave t\u00eb tjer\u00eb t\u00eb d\u00ebmsh\u00ebm <\/li>\n<li>Acidifikim i ushqimit t\u00eb l\u00ebngsh\u00ebm dhe nxitje n\u00eb tretjen e proteinave <\/li>\n<li>Nj\u00eb efekt i dalluesh\u00ebm n\u00eb rritjen e performanc\u00ebs <\/li>\n<li>Ndikim i sigurt n\u00ebp\u00ebrmjet nj\u00eb p\u00ebrqindje t\u00eb lart\u00eb t\u00eb acideve aktive <\/li>\n<li>Vlera e pH < 2<\/li>\n<li>M\u00eb pak korrosiv, material i but\u00eb, kund\u00ebrmim pak agresiv<\/li>\n<li>I parreziksh\u00ebm <\/li>\n<li>Madh\u00ebsia e thesit 30kg dhe 210kg<\/li>\n\n<\/ul>\n<\/div>\n\n\n\n<div class=\"blue_marker_list\">\n<h4 style=\"padding: 20px 0;\">Rekomandimet p\u00ebr p\u00ebrdorim:<\/h4>\n<ul style=\"list-style-type: square; \n\tpadding-left: 1em;\">\n<li>Stabilizimi i ushqimit t\u00eb l\u00ebngsh\u00ebm: 0,3\u20130,5 % <\/li>\n<li>Pastrues n\u00eb sistemet e ushqimit t\u00eb l\u00ebngsh\u00ebm: 1,0 %<\/li>\n<\/ul>\n<\/div>\n\n\n\n<div class=\"blue_marker_list\">\n<h4 style=\"padding: 20px 0;\">Higjena e ushqimit t\u00eb l\u00ebngsh\u00ebm(\u00c7DO DIT\u00cb):<\/h4>\n<ul style=\"list-style-type: square; \n\tpadding-left: 1em;\">\n<li>Larje e perditshme e  mureve t\u00eb kazanit (me dor\u00eb ose me nj\u00eb program larjeje).<\/li>\n<li>Sigurohu q\u00eb koritat pas \u00e7do vakti, p\u00ebrkat\u00ebsisht  pas \u00e7do ushqimi t\u00eb konsumuar jan\u00eb bosh. &#8594; Pjes\u00ebt e ngelura prishin ose ndikojn\u00eb n\u00eb marrjen e ushqimit n\u00eb vaktin tjet\u00ebr! <\/li>\n<li>T\u00eb ushqyerit e vazhduesh\u00ebm t\u00eb dosave: Shtimi me 0.1-0.3% SCHUMACID CLEAN \u00ebsht\u00eb nj\u00eb m\u00ebnyr\u00eb p\u00ebr t\u00eb mb\u00ebshtetur acidifikimin n\u00eb stomak dhe p\u00ebrmir\u00ebson sigurin\u00eb e shumave t\u00eb m\u00ebdha t\u00eb ushqimit.<\/li>\n\n<\/ul>\n<\/div>\n\n\n\n<div class=\"blue_marker_list\">\n<h4 style=\"padding: 20px 0;\">Higjena e ushqimit t\u00eb l\u00ebngsh\u00ebm(\u00c7DO JAV\u00cb):<\/h4>\n<ul style=\"list-style-type: square; \n\tpadding-left: 1em;\">\n<li>P\u00ebrzierja me 1% SCHAUMACID CLEAN <\/li>\n<li>SCHAUMACID CLEAN t\u00eb futet n\u00eb shum\u00ebn e mbetur pas t\u00eb ushqyerit, 15 minuta me pomp\u00eb, l\u00ebreni deri n\u00eb vaktin tjet\u00ebr, dhe vaktin tjet\u00ebr jepni sasin\u00eb tjet\u00ebr t\u00eb ushqimin s\u00eb bashku me acidet.<\/li>\n\n\n<\/ul>\n<\/div>\n\n\n\n<div class=\"blue_marker_list\">\n<h4 style=\"padding: 20px 0;\">Higjena e ushqimit t\u00eb l\u00ebngsh\u00ebm(\u00c7DO 6 MUAJ):<\/h4>\n<ul style=\"list-style-type: square; \n\tpadding-left: 1em;\">\n<li>Pastrimi alkalik: 15 minuta i l\u00ebm\u00eb t\u00eb qarkullojn\u00eb \u2013t\u00eb rrin\u00eb 5 or\u00eb\u2013 15 minuta t\u00eb qarkullojn\u00eb.\n<\/li>\n<li>Pastruesit Alkalin nuk duhen ushqyer.<\/li>\n<li>S\u00eb fundmi lani me uj\u00eb t\u00eb past\u00ebr sistemin. Doza varet nga produkti i p\u00ebrdorur.<\/li>\n\n\n\n<\/ul>\n<\/div>\n\n\n\n<div class=\"blue_marker_list\">\n<h4 style=\"padding: 20px 0;\">Higjena e ushqimit t\u00eb l\u00ebngsh\u00ebm(PAS PASTRIMIT THEMELOR):<\/h4>\n<ul style=\"list-style-type: square; \n\tpadding-left: 1em;\">\n<li>Nd\u00ebrtimi i nj\u00eb ndotje pozitive p\u00ebr sistemin: Futja n\u00eb sisteme mikrokulture n\u00eb m\u00ebnyr\u00eb artficiale. T\u00eb gjitha p\u00ebrzierjet e substancave minerale t\u00eb  SCHAUMANN jan\u00eb t\u00eb pajisura me BONVITAL  dhe kan\u00eb nj\u00eb ndikim pozitiv n\u00eb mikroflor\u00eb.\n<\/li>\n<li>P\u00ebrdorimi i 0.2% BONVITAL TOP p\u00ebr 3-4 dit\u00eb<\/li>\n<\/ul>\n<\/div>\n<\/div>\n<\/div>\n","protected":false},"excerpt":{"rendered":"<p>SCHAUMACID CLEAN GRANULAT An\u00ebt pozitive t\u00eb SCHAUMACID CLEAN GRANULAT: Pengim i sigurt i rritjes s\u00eb myqeve dhe i organizmave t\u00eb tjer\u00eb t\u00eb d\u00ebmsh\u00ebm Acidifikim i ushqimit t\u00eb l\u00ebngsh\u00ebm dhe nxitje n\u00eb tretjen e proteinave Nj\u00eb efekt i dalluesh\u00ebm n\u00eb rritjen e performanc\u00ebs Ndikim i sigurt n\u00ebp\u00ebrmjet nj\u00eb p\u00ebrqindje t\u00eb lart\u00eb t\u00eb acideve aktive Vlera e [&hellip;]<\/p>\n","protected":false},"author":1,"featured_media":0,"parent":0,"menu_order":0,"comment_status":"closed","ping_status":"closed","template":"","meta":{"inline_featured_image":false,"footnotes":""},"class_list":["post-8104","page","type-page","status-publish","hentry"],"yoast_head":"<!-- This site is optimized with the Yoast SEO plugin v18.9 - https:\/\/yoast.com\/wordpress\/plugins\/seo\/ -->\n<title>SCHAUMACID CLEAN GRANULAT - Austria Praemix<\/title>\n<meta name=\"robots\" content=\"index, follow, max-snippet:-1, max-image-preview:large, max-video-preview:-1\" \/>\n<link rel=\"canonical\" href=\"https:\/\/ap.com.al\/?page_id=8104\" \/>\n<meta property=\"og:locale\" content=\"en_US\" \/>\n<meta property=\"og:type\" content=\"article\" \/>\n<meta property=\"og:title\" content=\"SCHAUMACID CLEAN GRANULAT - Austria Praemix\" \/>\n<meta property=\"og:description\" content=\"SCHAUMACID CLEAN GRANULAT An\u00ebt pozitive t\u00eb SCHAUMACID CLEAN GRANULAT: Pengim i sigurt i rritjes s\u00eb myqeve dhe i organizmave t\u00eb tjer\u00eb t\u00eb d\u00ebmsh\u00ebm Acidifikim i ushqimit t\u00eb l\u00ebngsh\u00ebm dhe nxitje n\u00eb tretjen e proteinave Nj\u00eb efekt i dalluesh\u00ebm n\u00eb rritjen e performanc\u00ebs Ndikim i sigurt n\u00ebp\u00ebrmjet nj\u00eb p\u00ebrqindje t\u00eb lart\u00eb t\u00eb acideve aktive Vlera e [&hellip;]\" \/>\n<meta property=\"og:url\" content=\"https:\/\/ap.com.al\/?page_id=8104\" \/>\n<meta property=\"og:site_name\" content=\"Austria Praemix\" \/>\n<meta property=\"article:publisher\" content=\"https:\/\/www.facebook.com\/austriapraemiks\/\" \/>\n<meta property=\"article:modified_time\" content=\"2022-06-01T12:25:04+00:00\" \/>\n<meta property=\"og:image\" content=\"https:\/\/ap.com.al\/wp-content\/uploads\/2022\/05\/oeko.png\" \/>\n<meta name=\"twitter:card\" content=\"summary_large_image\" \/>\n<meta name=\"twitter:label1\" content=\"Est. reading time\" \/>\n\t<meta name=\"twitter:data1\" content=\"2 minutes\" \/>\n<script type=\"application\/ld+json\" class=\"yoast-schema-graph\">{\"@context\":\"https:\/\/schema.org\",\"@graph\":[{\"@type\":\"Organization\",\"@id\":\"https:\/\/ap.com.al\/#organization\",\"name\":\"Austria Preamix\",\"url\":\"https:\/\/ap.com.al\/\",\"sameAs\":[\"https:\/\/www.instagram.com\/austriapraemix\/\",\"https:\/\/www.facebook.com\/austriapraemiks\/\"],\"logo\":{\"@type\":\"ImageObject\",\"inLanguage\":\"en-US\",\"@id\":\"https:\/\/ap.com.al\/#\/schema\/logo\/image\/\",\"url\":\"https:\/\/ap.com.al\/wp-content\/uploads\/2022\/02\/AP-logo.png\",\"contentUrl\":\"https:\/\/ap.com.al\/wp-content\/uploads\/2022\/02\/AP-logo.png\",\"width\":3358,\"height\":1616,\"caption\":\"Austria Preamix\"},\"image\":{\"@id\":\"https:\/\/ap.com.al\/#\/schema\/logo\/image\/\"}},{\"@type\":\"WebSite\",\"@id\":\"https:\/\/ap.com.al\/#website\",\"url\":\"https:\/\/ap.com.al\/\",\"name\":\"Austria Praemix\",\"description\":\"\",\"publisher\":{\"@id\":\"https:\/\/ap.com.al\/#organization\"},\"potentialAction\":[{\"@type\":\"SearchAction\",\"target\":{\"@type\":\"EntryPoint\",\"urlTemplate\":\"https:\/\/ap.com.al\/?s={search_term_string}\"},\"query-input\":\"required name=search_term_string\"}],\"inLanguage\":\"en-US\"},{\"@type\":\"ImageObject\",\"inLanguage\":\"en-US\",\"@id\":\"https:\/\/ap.com.al\/?page_id=8104#primaryimage\",\"url\":\"https:\/\/ap.com.al\/wp-content\/uploads\/2022\/05\/oeko.png\",\"contentUrl\":\"https:\/\/ap.com.al\/wp-content\/uploads\/2022\/05\/oeko.png\",\"width\":351,\"height\":351},{\"@type\":\"WebPage\",\"@id\":\"https:\/\/ap.com.al\/?page_id=8104#webpage\",\"url\":\"https:\/\/ap.com.al\/?page_id=8104\",\"name\":\"SCHAUMACID CLEAN GRANULAT - Austria Praemix\",\"isPartOf\":{\"@id\":\"https:\/\/ap.com.al\/#website\"},\"primaryImageOfPage\":{\"@id\":\"https:\/\/ap.com.al\/?page_id=8104#primaryimage\"},\"datePublished\":\"2022-06-01T10:36:40+00:00\",\"dateModified\":\"2022-06-01T12:25:04+00:00\",\"breadcrumb\":{\"@id\":\"https:\/\/ap.com.al\/?page_id=8104#breadcrumb\"},\"inLanguage\":\"en-US\",\"potentialAction\":[{\"@type\":\"ReadAction\",\"target\":[\"https:\/\/ap.com.al\/?page_id=8104\"]}]},{\"@type\":\"BreadcrumbList\",\"@id\":\"https:\/\/ap.com.al\/?page_id=8104#breadcrumb\",\"itemListElement\":[{\"@type\":\"ListItem\",\"position\":1,\"name\":\"Home\",\"item\":\"https:\/\/ap.com.al\/\"},{\"@type\":\"ListItem\",\"position\":2,\"name\":\"SCHAUMACID CLEAN GRANULAT\"}]}]}<\/script>\n<!-- \/ Yoast SEO plugin. -->","yoast_head_json":{"title":"SCHAUMACID CLEAN GRANULAT - Austria Praemix","robots":{"index":"index","follow":"follow","max-snippet":"max-snippet:-1","max-image-preview":"max-image-preview:large","max-video-preview":"max-video-preview:-1"},"canonical":"https:\/\/ap.com.al\/?page_id=8104","og_locale":"en_US","og_type":"article","og_title":"SCHAUMACID CLEAN GRANULAT - Austria Praemix","og_description":"SCHAUMACID CLEAN GRANULAT An\u00ebt pozitive t\u00eb SCHAUMACID CLEAN GRANULAT: Pengim i sigurt i rritjes s\u00eb myqeve dhe i organizmave t\u00eb tjer\u00eb t\u00eb d\u00ebmsh\u00ebm Acidifikim i ushqimit t\u00eb l\u00ebngsh\u00ebm dhe nxitje n\u00eb tretjen e proteinave Nj\u00eb efekt i dalluesh\u00ebm n\u00eb rritjen e performanc\u00ebs Ndikim i sigurt n\u00ebp\u00ebrmjet nj\u00eb p\u00ebrqindje t\u00eb lart\u00eb t\u00eb acideve aktive Vlera e [&hellip;]","og_url":"https:\/\/ap.com.al\/?page_id=8104","og_site_name":"Austria Praemix","article_publisher":"https:\/\/www.facebook.com\/austriapraemiks\/","article_modified_time":"2022-06-01T12:25:04+00:00","og_image":[{"url":"https:\/\/ap.com.al\/wp-content\/uploads\/2022\/05\/oeko.png"}],"twitter_card":"summary_large_image","twitter_misc":{"Est. reading time":"2 minutes"},"schema":{"@context":"https:\/\/schema.org","@graph":[{"@type":"Organization","@id":"https:\/\/ap.com.al\/#organization","name":"Austria Preamix","url":"https:\/\/ap.com.al\/","sameAs":["https:\/\/www.instagram.com\/austriapraemix\/","https:\/\/www.facebook.com\/austriapraemiks\/"],"logo":{"@type":"ImageObject","inLanguage":"en-US","@id":"https:\/\/ap.com.al\/#\/schema\/logo\/image\/","url":"https:\/\/ap.com.al\/wp-content\/uploads\/2022\/02\/AP-logo.png","contentUrl":"https:\/\/ap.com.al\/wp-content\/uploads\/2022\/02\/AP-logo.png","width":3358,"height":1616,"caption":"Austria Preamix"},"image":{"@id":"https:\/\/ap.com.al\/#\/schema\/logo\/image\/"}},{"@type":"WebSite","@id":"https:\/\/ap.com.al\/#website","url":"https:\/\/ap.com.al\/","name":"Austria Praemix","description":"","publisher":{"@id":"https:\/\/ap.com.al\/#organization"},"potentialAction":[{"@type":"SearchAction","target":{"@type":"EntryPoint","urlTemplate":"https:\/\/ap.com.al\/?s={search_term_string}"},"query-input":"required name=search_term_string"}],"inLanguage":"en-US"},{"@type":"ImageObject","inLanguage":"en-US","@id":"https:\/\/ap.com.al\/?page_id=8104#primaryimage","url":"https:\/\/ap.com.al\/wp-content\/uploads\/2022\/05\/oeko.png","contentUrl":"https:\/\/ap.com.al\/wp-content\/uploads\/2022\/05\/oeko.png","width":351,"height":351},{"@type":"WebPage","@id":"https:\/\/ap.com.al\/?page_id=8104#webpage","url":"https:\/\/ap.com.al\/?page_id=8104","name":"SCHAUMACID CLEAN GRANULAT - Austria Praemix","isPartOf":{"@id":"https:\/\/ap.com.al\/#website"},"primaryImageOfPage":{"@id":"https:\/\/ap.com.al\/?page_id=8104#primaryimage"},"datePublished":"2022-06-01T10:36:40+00:00","dateModified":"2022-06-01T12:25:04+00:00","breadcrumb":{"@id":"https:\/\/ap.com.al\/?page_id=8104#breadcrumb"},"inLanguage":"en-US","potentialAction":[{"@type":"ReadAction","target":["https:\/\/ap.com.al\/?page_id=8104"]}]},{"@type":"BreadcrumbList","@id":"https:\/\/ap.com.al\/?page_id=8104#breadcrumb","itemListElement":[{"@type":"ListItem","position":1,"name":"Home","item":"https:\/\/ap.com.al\/"},{"@type":"ListItem","position":2,"name":"SCHAUMACID CLEAN GRANULAT"}]}]}},"_links":{"self":[{"href":"https:\/\/ap.com.al\/index.php?rest_route=\/wp\/v2\/pages\/8104","targetHints":{"allow":["GET"]}}],"collection":[{"href":"https:\/\/ap.com.al\/index.php?rest_route=\/wp\/v2\/pages"}],"about":[{"href":"https:\/\/ap.com.al\/index.php?rest_route=\/wp\/v2\/types\/page"}],"author":[{"embeddable":true,"href":"https:\/\/ap.com.al\/index.php?rest_route=\/wp\/v2\/users\/1"}],"replies":[{"embeddable":true,"href":"https:\/\/ap.com.al\/index.php?rest_route=%2Fwp%2Fv2%2Fcomments&post=8104"}],"version-history":[{"count":5,"href":"https:\/\/ap.com.al\/index.php?rest_route=\/wp\/v2\/pages\/8104\/revisions"}],"predecessor-version":[{"id":8138,"href":"https:\/\/ap.com.al\/index.php?rest_route=\/wp\/v2\/pages\/8104\/revisions\/8138"}],"wp:attachment":[{"href":"https:\/\/ap.com.al\/index.php?rest_route=%2Fwp%2Fv2%2Fmedia&parent=8104"}],"curies":[{"name":"wp","href":"https:\/\/api.w.org\/{rel}","templated":true}]}}