{"id":8111,"date":"2022-06-01T10:53:56","date_gmt":"2022-06-01T10:53:56","guid":{"rendered":"https:\/\/ap.com.al\/?page_id=8111"},"modified":"2022-06-01T11:02:56","modified_gmt":"2022-06-01T11:02:56","slug":"schauma-myco","status":"publish","type":"page","link":"https:\/\/ap.com.al\/?page_id=8111","title":{"rendered":"SCHAUMA MYCO"},"content":{"rendered":"\n<style>\n  #oniiii{\n    background-image:url(\"https:\/\/ap.com.al\/wp-content\/uploads\/2022\/04\/pesturesandmeadows-scaled.jpg\");\n    padding-bottom: 32%;\n    background-position:center bottom;\n    background-repeat: no-repeat;\n    background-size:cover;\n  }\n  <\/style>\n  <script src=\"https:\/\/code.jquery.com\/jquery-3.5.0.js\">\n<\/script>\n\n<div id=\"oniiii\"><\/div>\n \n<script>\n$( \"#oniiii\" ).insertBefore( \".container_wrap_first\" );\n<\/script>\n\n\n\n<div class=\"wp-block-columns\" id=\"containerr\">\n<div class=\"wp-block-column\">\n<div class=\"avia_textblock\" itemprop=\"text\"><h4 style=\"color:#005a8c;\n\">SCHAUMA MYCO<\/h4>\n<\/div>\n<\/div>\n<\/div>\n\n\n\n<div class=\"wp-block-columns\" id=\"containerr\">\n<div class=\"wp-block-column\">\n<div class=\"detail__certificates-item-icon\">\n<img decoding=\"async\" alt=\"SCHAUMA MYCO \" src=\"https:\/\/ap.com.al\/wp-content\/uploads\/2022\/05\/oeko.png\">\n<\/div>\n<\/div>\n<\/div>\n\n\n\n<div class=\"wp-block-columns\" id=\"containerr\">\n<div class=\"wp-block-column\">\n<div class=\"blue_marker_list\">\n\n<h4 style=\"padding: 20px 0;\">Ushqim plot\u00ebsues p\u00ebr t\u00eb gjitha kategorit\u00eb\n<br>Efektshm\u00ebria e produktit:\n<\/h4>\n<ul style=\"list-style-type: square; \n\tpadding-left: 1em;\">\n<li>Schauma MYCO p\u00ebrmban substanca t\u00eb p\u00ebrzgjedhura t\u00eb cilat lidhin\nmykotoksinat n\u00eb zorr\u00ebt e holla, duke e ndaluar absorbimin e k\u00ebtyre metabolit\u00ebve toksik.<\/li>\n<li>Vetit\u00eb fiziko-kimike  t\u00eb  Schauma  MYCO  pengojn\u00eb q\u00eb\nl\u00ebnd\u00ebt ushqyese t\u00eb tjera si (vitaminat dhe aminoacidet) t\u00eb mos lidhen.<\/li>\n<li>P\u00ebr shkak t\u00eb p\u00ebrmbajtjes t\u00eb lart\u00eb t\u00eb vitamin\u00ebs E dhe substancave t\u00eb tjera t\u00eb ve\u00e7anta, nxitet nj\u00eb system imun dhe nj\u00eb mikroflor\u00eb e sh\u00ebndetshme.<\/li>\n<li>Sh\u00ebndeti  dhe  ecuria  e  kafsh\u00ebve  do  t\u00eb  ket\u00eb  nj\u00eb  p\u00ebrmir\u00ebsim  t\u00eb ndjesh\u00ebm.<\/li>\n<\/ul>\n<\/div>\n\n\n\n<div class=\"blue_marker_list\">\n\n<h4 style=\"padding: 20px 0;\">P\u00ebrdorimi i produktit:<\/h4>\n<ul style=\"list-style-type: square; \n\tpadding-left: 1em;\">\n<li>N\u00eb probleme me p\u00ebrmbajtje t\u00eb myqeve fusarium, n\u00eb kushte jo t\u00eb mira magazinimi.<\/li>\n<li>N\u00eb kafsh\u00eb t\u00eb reja dhe mbarshtimi duhet t\u00eb p\u00ebrdoret Schauma MYCO\nvazhdimisht si mas\u00eb parandaluese.<\/li>\n<\/ul>\n<\/div>\n\n\n\n<div class=\"table1\">\n\n<h4 style=\"padding: 20px 0;\">Sasia dhe rekomandimi n\u00eb p\u00ebrdorim:<\/h4>\n<table>\n\n  <tr style=\"font-weight: bold;\">\n     <td> <\/td>\n    <td>DERRA\/SHPEND\u00cb<\/td>\n    <td>LOP\u00cb QUM\u00cbSHTI<\/td>\n    <td>VI\u00c7A MAJM\u00cbRIE<\/td>\n\n   \n  <\/tr>\n  <tr>\n    <td style=\"font-weight: bold;\">PARANDALUESE:<\/td>\n    <td>0,2% n\u00eb koncetrat<\/td>\n    <td>60 gr\/dit\u00eb<\/td>\n    <td>30 gr\/dit\u00eb<\/td>\n    \n  <\/tr>\n  <tr>\n     <td style=\"font-weight: bold;\"> KONTAMINIM:<\/td>\n    <td>0,4% n\u00eb koncetrat<\/td>\n    <td>100 gr\/dit\u00eb<\/td>\n    <td>60 gr\/dit\u00eb<\/td>\n   \n  <\/tr>\n \n<\/table>\n<\/div>\n<\/div>\n<\/div>\n","protected":false},"excerpt":{"rendered":"<p>SCHAUMA MYCO Ushqim plot\u00ebsues p\u00ebr t\u00eb gjitha kategorit\u00eb Efektshm\u00ebria e produktit: Schauma MYCO p\u00ebrmban substanca t\u00eb p\u00ebrzgjedhura t\u00eb cilat lidhin mykotoksinat n\u00eb zorr\u00ebt e holla, duke e ndaluar absorbimin e k\u00ebtyre metabolit\u00ebve toksik. Vetit\u00eb fiziko-kimike t\u00eb Schauma MYCO pengojn\u00eb q\u00eb l\u00ebnd\u00ebt ushqyese t\u00eb tjera si (vitaminat dhe aminoacidet) t\u00eb mos lidhen. P\u00ebr shkak t\u00eb p\u00ebrmbajtjes [&hellip;]<\/p>\n","protected":false},"author":1,"featured_media":0,"parent":0,"menu_order":0,"comment_status":"closed","ping_status":"closed","template":"","meta":{"inline_featured_image":false,"footnotes":""},"class_list":["post-8111","page","type-page","status-publish","hentry"],"yoast_head":"<!-- This site is optimized with the Yoast SEO plugin v18.9 - https:\/\/yoast.com\/wordpress\/plugins\/seo\/ -->\n<title>SCHAUMA MYCO - Austria Praemix<\/title>\n<meta name=\"robots\" content=\"index, follow, max-snippet:-1, max-image-preview:large, max-video-preview:-1\" \/>\n<link rel=\"canonical\" href=\"https:\/\/ap.com.al\/?page_id=8111\" \/>\n<meta property=\"og:locale\" content=\"en_US\" \/>\n<meta property=\"og:type\" content=\"article\" \/>\n<meta property=\"og:title\" content=\"SCHAUMA MYCO - Austria Praemix\" \/>\n<meta property=\"og:description\" content=\"SCHAUMA MYCO Ushqim plot\u00ebsues p\u00ebr t\u00eb gjitha kategorit\u00eb Efektshm\u00ebria e produktit: Schauma MYCO p\u00ebrmban substanca t\u00eb p\u00ebrzgjedhura t\u00eb cilat lidhin mykotoksinat n\u00eb zorr\u00ebt e holla, duke e ndaluar absorbimin e k\u00ebtyre metabolit\u00ebve toksik. Vetit\u00eb fiziko-kimike t\u00eb Schauma MYCO pengojn\u00eb q\u00eb l\u00ebnd\u00ebt ushqyese t\u00eb tjera si (vitaminat dhe aminoacidet) t\u00eb mos lidhen. P\u00ebr shkak t\u00eb p\u00ebrmbajtjes [&hellip;]\" \/>\n<meta property=\"og:url\" content=\"https:\/\/ap.com.al\/?page_id=8111\" \/>\n<meta property=\"og:site_name\" content=\"Austria Praemix\" \/>\n<meta property=\"article:publisher\" content=\"https:\/\/www.facebook.com\/austriapraemiks\/\" \/>\n<meta property=\"article:modified_time\" content=\"2022-06-01T11:02:56+00:00\" \/>\n<meta property=\"og:image\" content=\"https:\/\/ap.com.al\/wp-content\/uploads\/2022\/05\/oeko.png\" \/>\n<meta name=\"twitter:card\" content=\"summary_large_image\" \/>\n<meta name=\"twitter:label1\" content=\"Est. reading time\" \/>\n\t<meta name=\"twitter:data1\" content=\"1 minute\" \/>\n<script type=\"application\/ld+json\" class=\"yoast-schema-graph\">{\"@context\":\"https:\/\/schema.org\",\"@graph\":[{\"@type\":\"Organization\",\"@id\":\"https:\/\/ap.com.al\/#organization\",\"name\":\"Austria Preamix\",\"url\":\"https:\/\/ap.com.al\/\",\"sameAs\":[\"https:\/\/www.instagram.com\/austriapraemix\/\",\"https:\/\/www.facebook.com\/austriapraemiks\/\"],\"logo\":{\"@type\":\"ImageObject\",\"inLanguage\":\"en-US\",\"@id\":\"https:\/\/ap.com.al\/#\/schema\/logo\/image\/\",\"url\":\"https:\/\/ap.com.al\/wp-content\/uploads\/2022\/02\/AP-logo.png\",\"contentUrl\":\"https:\/\/ap.com.al\/wp-content\/uploads\/2022\/02\/AP-logo.png\",\"width\":3358,\"height\":1616,\"caption\":\"Austria Preamix\"},\"image\":{\"@id\":\"https:\/\/ap.com.al\/#\/schema\/logo\/image\/\"}},{\"@type\":\"WebSite\",\"@id\":\"https:\/\/ap.com.al\/#website\",\"url\":\"https:\/\/ap.com.al\/\",\"name\":\"Austria Praemix\",\"description\":\"\",\"publisher\":{\"@id\":\"https:\/\/ap.com.al\/#organization\"},\"potentialAction\":[{\"@type\":\"SearchAction\",\"target\":{\"@type\":\"EntryPoint\",\"urlTemplate\":\"https:\/\/ap.com.al\/?s={search_term_string}\"},\"query-input\":\"required name=search_term_string\"}],\"inLanguage\":\"en-US\"},{\"@type\":\"ImageObject\",\"inLanguage\":\"en-US\",\"@id\":\"https:\/\/ap.com.al\/?page_id=8111#primaryimage\",\"url\":\"https:\/\/ap.com.al\/wp-content\/uploads\/2022\/05\/oeko.png\",\"contentUrl\":\"https:\/\/ap.com.al\/wp-content\/uploads\/2022\/05\/oeko.png\",\"width\":351,\"height\":351},{\"@type\":\"WebPage\",\"@id\":\"https:\/\/ap.com.al\/?page_id=8111#webpage\",\"url\":\"https:\/\/ap.com.al\/?page_id=8111\",\"name\":\"SCHAUMA MYCO - Austria Praemix\",\"isPartOf\":{\"@id\":\"https:\/\/ap.com.al\/#website\"},\"primaryImageOfPage\":{\"@id\":\"https:\/\/ap.com.al\/?page_id=8111#primaryimage\"},\"datePublished\":\"2022-06-01T10:53:56+00:00\",\"dateModified\":\"2022-06-01T11:02:56+00:00\",\"breadcrumb\":{\"@id\":\"https:\/\/ap.com.al\/?page_id=8111#breadcrumb\"},\"inLanguage\":\"en-US\",\"potentialAction\":[{\"@type\":\"ReadAction\",\"target\":[\"https:\/\/ap.com.al\/?page_id=8111\"]}]},{\"@type\":\"BreadcrumbList\",\"@id\":\"https:\/\/ap.com.al\/?page_id=8111#breadcrumb\",\"itemListElement\":[{\"@type\":\"ListItem\",\"position\":1,\"name\":\"Home\",\"item\":\"https:\/\/ap.com.al\/\"},{\"@type\":\"ListItem\",\"position\":2,\"name\":\"SCHAUMA MYCO\"}]}]}<\/script>\n<!-- \/ Yoast SEO plugin. -->","yoast_head_json":{"title":"SCHAUMA MYCO - Austria Praemix","robots":{"index":"index","follow":"follow","max-snippet":"max-snippet:-1","max-image-preview":"max-image-preview:large","max-video-preview":"max-video-preview:-1"},"canonical":"https:\/\/ap.com.al\/?page_id=8111","og_locale":"en_US","og_type":"article","og_title":"SCHAUMA MYCO - Austria Praemix","og_description":"SCHAUMA MYCO Ushqim plot\u00ebsues p\u00ebr t\u00eb gjitha kategorit\u00eb Efektshm\u00ebria e produktit: Schauma MYCO p\u00ebrmban substanca t\u00eb p\u00ebrzgjedhura t\u00eb cilat lidhin mykotoksinat n\u00eb zorr\u00ebt e holla, duke e ndaluar absorbimin e k\u00ebtyre metabolit\u00ebve toksik. Vetit\u00eb fiziko-kimike t\u00eb Schauma MYCO pengojn\u00eb q\u00eb l\u00ebnd\u00ebt ushqyese t\u00eb tjera si (vitaminat dhe aminoacidet) t\u00eb mos lidhen. P\u00ebr shkak t\u00eb p\u00ebrmbajtjes [&hellip;]","og_url":"https:\/\/ap.com.al\/?page_id=8111","og_site_name":"Austria Praemix","article_publisher":"https:\/\/www.facebook.com\/austriapraemiks\/","article_modified_time":"2022-06-01T11:02:56+00:00","og_image":[{"url":"https:\/\/ap.com.al\/wp-content\/uploads\/2022\/05\/oeko.png"}],"twitter_card":"summary_large_image","twitter_misc":{"Est. reading time":"1 minute"},"schema":{"@context":"https:\/\/schema.org","@graph":[{"@type":"Organization","@id":"https:\/\/ap.com.al\/#organization","name":"Austria Preamix","url":"https:\/\/ap.com.al\/","sameAs":["https:\/\/www.instagram.com\/austriapraemix\/","https:\/\/www.facebook.com\/austriapraemiks\/"],"logo":{"@type":"ImageObject","inLanguage":"en-US","@id":"https:\/\/ap.com.al\/#\/schema\/logo\/image\/","url":"https:\/\/ap.com.al\/wp-content\/uploads\/2022\/02\/AP-logo.png","contentUrl":"https:\/\/ap.com.al\/wp-content\/uploads\/2022\/02\/AP-logo.png","width":3358,"height":1616,"caption":"Austria Preamix"},"image":{"@id":"https:\/\/ap.com.al\/#\/schema\/logo\/image\/"}},{"@type":"WebSite","@id":"https:\/\/ap.com.al\/#website","url":"https:\/\/ap.com.al\/","name":"Austria Praemix","description":"","publisher":{"@id":"https:\/\/ap.com.al\/#organization"},"potentialAction":[{"@type":"SearchAction","target":{"@type":"EntryPoint","urlTemplate":"https:\/\/ap.com.al\/?s={search_term_string}"},"query-input":"required name=search_term_string"}],"inLanguage":"en-US"},{"@type":"ImageObject","inLanguage":"en-US","@id":"https:\/\/ap.com.al\/?page_id=8111#primaryimage","url":"https:\/\/ap.com.al\/wp-content\/uploads\/2022\/05\/oeko.png","contentUrl":"https:\/\/ap.com.al\/wp-content\/uploads\/2022\/05\/oeko.png","width":351,"height":351},{"@type":"WebPage","@id":"https:\/\/ap.com.al\/?page_id=8111#webpage","url":"https:\/\/ap.com.al\/?page_id=8111","name":"SCHAUMA MYCO - Austria Praemix","isPartOf":{"@id":"https:\/\/ap.com.al\/#website"},"primaryImageOfPage":{"@id":"https:\/\/ap.com.al\/?page_id=8111#primaryimage"},"datePublished":"2022-06-01T10:53:56+00:00","dateModified":"2022-06-01T11:02:56+00:00","breadcrumb":{"@id":"https:\/\/ap.com.al\/?page_id=8111#breadcrumb"},"inLanguage":"en-US","potentialAction":[{"@type":"ReadAction","target":["https:\/\/ap.com.al\/?page_id=8111"]}]},{"@type":"BreadcrumbList","@id":"https:\/\/ap.com.al\/?page_id=8111#breadcrumb","itemListElement":[{"@type":"ListItem","position":1,"name":"Home","item":"https:\/\/ap.com.al\/"},{"@type":"ListItem","position":2,"name":"SCHAUMA MYCO"}]}]}},"_links":{"self":[{"href":"https:\/\/ap.com.al\/index.php?rest_route=\/wp\/v2\/pages\/8111","targetHints":{"allow":["GET"]}}],"collection":[{"href":"https:\/\/ap.com.al\/index.php?rest_route=\/wp\/v2\/pages"}],"about":[{"href":"https:\/\/ap.com.al\/index.php?rest_route=\/wp\/v2\/types\/page"}],"author":[{"embeddable":true,"href":"https:\/\/ap.com.al\/index.php?rest_route=\/wp\/v2\/users\/1"}],"replies":[{"embeddable":true,"href":"https:\/\/ap.com.al\/index.php?rest_route=%2Fwp%2Fv2%2Fcomments&post=8111"}],"version-history":[{"count":7,"href":"https:\/\/ap.com.al\/index.php?rest_route=\/wp\/v2\/pages\/8111\/revisions"}],"predecessor-version":[{"id":8125,"href":"https:\/\/ap.com.al\/index.php?rest_route=\/wp\/v2\/pages\/8111\/revisions\/8125"}],"wp:attachment":[{"href":"https:\/\/ap.com.al\/index.php?rest_route=%2Fwp%2Fv2%2Fmedia&parent=8111"}],"curies":[{"name":"wp","href":"https:\/\/api.w.org\/{rel}","templated":true}]}}