{"id":8127,"date":"2022-06-01T12:04:00","date_gmt":"2022-06-01T12:04:00","guid":{"rendered":"https:\/\/ap.com.al\/?page_id=8127"},"modified":"2022-06-01T12:07:17","modified_gmt":"2022-06-01T12:07:17","slug":"schaumacid-a-granulat","status":"publish","type":"page","link":"https:\/\/ap.com.al\/?page_id=8127","title":{"rendered":"SCHAUMACID A GRANULAT"},"content":{"rendered":"\n<style>\n  #oniiii{\n    background-image:url(\"https:\/\/ap.com.al\/wp-content\/uploads\/2022\/04\/pesturesandmeadows-scaled.jpg\");\n    padding-bottom: 32%;\n    background-position:center bottom;\n    background-repeat: no-repeat;\n    background-size:cover;\n  }\n  <\/style>\n  <script src=\"https:\/\/code.jquery.com\/jquery-3.5.0.js\">\n<\/script>\n\n<div id=\"oniiii\"><\/div>\n \n<script>\n$( \"#oniiii\" ).insertBefore( \".container_wrap_first\" );\n<\/script>\n\n\n\n<div class=\"wp-block-columns\" id=\"containerr\">\n<div class=\"wp-block-column\">\n<div class=\"avia_textblock\" itemprop=\"text\"><h4 style=\"color:#005a8c;\n\">SCHAUMACID A GRANULAT <\/h4>\n<\/div>\n<\/div>\n<\/div>\n\n\n\n<div class=\"wp-block-columns\" id=\"containerr\">\n<div class=\"wp-block-column\">\n<div class=\"detail__certificates-item-icon\">\n<img decoding=\"async\" alt=\"SCHAUMACID A GRANULAT \" src=\"https:\/\/ap.com.al\/wp-content\/uploads\/2022\/05\/oeko.png\">\n<\/div>\n<\/div>\n<\/div>\n\n\n\n<div class=\"wp-block-columns\" id=\"containerr\">\n<div class=\"wp-block-column\">\n<div class=\"blue_marker_list\">\n\n<h4 style=\"padding: 20px 0;\">R\u00ebnd\u00ebsi e ve\u00e7ant\u00eb i\u2018u vu kujdesit t\u00eb sh\u00ebndetit t\u00eb klientit dhe pranimit t\u00eb k\u00ebtyre produkteve nga kafsh\u00ebt. <\/h4>\n<p style=\"margin:unset\">N\u00eb k\u00ebt\u00eb m\u00ebnyr\u00eb kemi nj\u00eb gam\u00eb t\u00eb gjer\u00eb produktesh acide ushqimore n\u00eb form\u00eb t\u00eb puferuar, q\u00eb mund t\u00eb p\u00ebrdoren leht\u00ebsisht. Larmia e acideve SCHAUMANN karakterizohet nga m\u00ebnyra e gjer\u00eb e aplikimeve n\u00eb linj\u00ebn e derrit, gjedhit dhe shpendaris\u00eb si dhe nga m\u00ebnyra e larmishme e p\u00ebrdorimit, n\u00eb ushqim t\u00eb that\u00eb, p\u00ebr higjen\u00ebn e ushqimit t\u00eb l\u00ebngsh\u00ebm, n\u00eb linjat e ujit t\u00eb pijsh\u00ebm ose n\u00eb aplikimin e konservimit t\u00eb l\u00ebnd\u00ebve t\u00eb para (mis\u00ebr,grur\u00eb etj).\n<\/p>\n<p style=\" font-style: italic;\">SCHAUMACID A GRANULAT (LIKUID OSE GRANULAT)<\/p>\n\n\n<\/div>\n\n\n\n<div class=\"blue_marker_list\">\n\n<h4 style=\"padding: 20px 0;\">Siguri dhe performanc\u00eb aktive e gicave, dosave dhe e shpend\u00ebve.<\/h4>\n<ul style=\"list-style-type: square; \n\tpadding-left: 1em;\">\n<li>Mb\u00ebshtet aktivitetin e enzimave tret\u00ebse. Nga ky fakt p\u00ebrmir\u00ebsohet tretja e proteinave dhe e aminoacideve dhe p\u00ebrve\u00e7 k\u00ebsaj rritet disponueshm\u00ebria e p\u00ebrb\u00ebr\u00ebsve mineral dhe mikroelement\u00ebve.<\/li>\n<li>Reduktohet stresi n\u00eb metaboliz\u00ebm i shkaktuar p\u00ebrmes nj\u00eb sasie t\u00eb vog\u00ebl t\u00eb produkteve bakteriale metabolike t\u00eb tilla si \u00ebsht\u00eb amoniaku. N\u00eb t\u00eb kund\u00ebrt k\u00ebto produkte duhen neutralizuar dhe shkarkuar (duke p\u00ebrdorur energjin\u00eb).<\/li>\n<li>P\u00ebrmir\u00ebson statusin sh\u00ebndetsor t\u00eb kafsh\u00ebve, stabilizon sistemin tret\u00ebs dhe p\u00ebrmir\u00ebson performanc\u00ebn p\u00ebrmes furnizimit me energji dhe l\u00ebnd\u00eb ushqyese<\/li>\n<li>Acidi formik s\u00eb bashku me acidin laktik \u00ebsht\u00eb shum\u00eb ef\u00e7ient dhe aktiv n\u00eb tretje. P\u00ebrdorimi i acidit sorbik p\u00ebrforcon efektin antimikrobial t\u00eb SCHAUMACID A Granulat p\u00ebr hap\u00ebsir\u00eb t\u00eb gjer\u00eb t\u00eb pH. Prej k\u00ebsaj arrihet nj\u00eb ndalim i suksessh\u00ebm i bakteries E. Coli n\u00eb nj\u00eb vler\u00eb  pH deri n\u00eb 7.<\/li>\n<li>P\u00ebrmes nj\u00eb hartimi special arrihet edhe nj\u00eb p\u00ebrqindje e ul\u00ebt e  avullimit. P\u00ebrdorimi i acidit nuk \u00ebsht\u00eb i d\u00ebmsh\u00ebm dhe nuk ka ndikim tek puntor\u00ebt.<\/li>\n<\/ul>\n<\/div>\n<\/div>\n<\/div>\n","protected":false},"excerpt":{"rendered":"<p>SCHAUMACID A GRANULAT R\u00ebnd\u00ebsi e ve\u00e7ant\u00eb i\u2018u vu kujdesit t\u00eb sh\u00ebndetit t\u00eb klientit dhe pranimit t\u00eb k\u00ebtyre produkteve nga kafsh\u00ebt. N\u00eb k\u00ebt\u00eb m\u00ebnyr\u00eb kemi nj\u00eb gam\u00eb t\u00eb gjer\u00eb produktesh acide ushqimore n\u00eb form\u00eb t\u00eb puferuar, q\u00eb mund t\u00eb p\u00ebrdoren leht\u00ebsisht. Larmia e acideve SCHAUMANN karakterizohet nga m\u00ebnyra e gjer\u00eb e aplikimeve n\u00eb linj\u00ebn e derrit, [&hellip;]<\/p>\n","protected":false},"author":1,"featured_media":0,"parent":0,"menu_order":0,"comment_status":"closed","ping_status":"closed","template":"","meta":{"inline_featured_image":false,"footnotes":""},"class_list":["post-8127","page","type-page","status-publish","hentry"],"yoast_head":"<!-- This site is optimized with the Yoast SEO plugin v18.9 - https:\/\/yoast.com\/wordpress\/plugins\/seo\/ -->\n<title>SCHAUMACID A GRANULAT - Austria Praemix<\/title>\n<meta name=\"robots\" content=\"index, follow, max-snippet:-1, max-image-preview:large, max-video-preview:-1\" \/>\n<link rel=\"canonical\" href=\"https:\/\/ap.com.al\/?page_id=8127\" \/>\n<meta property=\"og:locale\" content=\"en_US\" \/>\n<meta property=\"og:type\" content=\"article\" \/>\n<meta property=\"og:title\" content=\"SCHAUMACID A GRANULAT - Austria Praemix\" \/>\n<meta property=\"og:description\" content=\"SCHAUMACID A GRANULAT R\u00ebnd\u00ebsi e ve\u00e7ant\u00eb i\u2018u vu kujdesit t\u00eb sh\u00ebndetit t\u00eb klientit dhe pranimit t\u00eb k\u00ebtyre produkteve nga kafsh\u00ebt. N\u00eb k\u00ebt\u00eb m\u00ebnyr\u00eb kemi nj\u00eb gam\u00eb t\u00eb gjer\u00eb produktesh acide ushqimore n\u00eb form\u00eb t\u00eb puferuar, q\u00eb mund t\u00eb p\u00ebrdoren leht\u00ebsisht. Larmia e acideve SCHAUMANN karakterizohet nga m\u00ebnyra e gjer\u00eb e aplikimeve n\u00eb linj\u00ebn e derrit, [&hellip;]\" \/>\n<meta property=\"og:url\" content=\"https:\/\/ap.com.al\/?page_id=8127\" \/>\n<meta property=\"og:site_name\" content=\"Austria Praemix\" \/>\n<meta property=\"article:publisher\" content=\"https:\/\/www.facebook.com\/austriapraemiks\/\" \/>\n<meta property=\"article:modified_time\" content=\"2022-06-01T12:07:17+00:00\" \/>\n<meta property=\"og:image\" content=\"https:\/\/ap.com.al\/wp-content\/uploads\/2022\/05\/oeko.png\" \/>\n<meta name=\"twitter:card\" content=\"summary_large_image\" \/>\n<meta name=\"twitter:label1\" content=\"Est. reading time\" \/>\n\t<meta name=\"twitter:data1\" content=\"2 minutes\" \/>\n<script type=\"application\/ld+json\" class=\"yoast-schema-graph\">{\"@context\":\"https:\/\/schema.org\",\"@graph\":[{\"@type\":\"Organization\",\"@id\":\"https:\/\/ap.com.al\/#organization\",\"name\":\"Austria Preamix\",\"url\":\"https:\/\/ap.com.al\/\",\"sameAs\":[\"https:\/\/www.instagram.com\/austriapraemix\/\",\"https:\/\/www.facebook.com\/austriapraemiks\/\"],\"logo\":{\"@type\":\"ImageObject\",\"inLanguage\":\"en-US\",\"@id\":\"https:\/\/ap.com.al\/#\/schema\/logo\/image\/\",\"url\":\"https:\/\/ap.com.al\/wp-content\/uploads\/2022\/02\/AP-logo.png\",\"contentUrl\":\"https:\/\/ap.com.al\/wp-content\/uploads\/2022\/02\/AP-logo.png\",\"width\":3358,\"height\":1616,\"caption\":\"Austria Preamix\"},\"image\":{\"@id\":\"https:\/\/ap.com.al\/#\/schema\/logo\/image\/\"}},{\"@type\":\"WebSite\",\"@id\":\"https:\/\/ap.com.al\/#website\",\"url\":\"https:\/\/ap.com.al\/\",\"name\":\"Austria Praemix\",\"description\":\"\",\"publisher\":{\"@id\":\"https:\/\/ap.com.al\/#organization\"},\"potentialAction\":[{\"@type\":\"SearchAction\",\"target\":{\"@type\":\"EntryPoint\",\"urlTemplate\":\"https:\/\/ap.com.al\/?s={search_term_string}\"},\"query-input\":\"required name=search_term_string\"}],\"inLanguage\":\"en-US\"},{\"@type\":\"ImageObject\",\"inLanguage\":\"en-US\",\"@id\":\"https:\/\/ap.com.al\/?page_id=8127#primaryimage\",\"url\":\"https:\/\/ap.com.al\/wp-content\/uploads\/2022\/05\/oeko.png\",\"contentUrl\":\"https:\/\/ap.com.al\/wp-content\/uploads\/2022\/05\/oeko.png\",\"width\":351,\"height\":351},{\"@type\":\"WebPage\",\"@id\":\"https:\/\/ap.com.al\/?page_id=8127#webpage\",\"url\":\"https:\/\/ap.com.al\/?page_id=8127\",\"name\":\"SCHAUMACID A GRANULAT - Austria Praemix\",\"isPartOf\":{\"@id\":\"https:\/\/ap.com.al\/#website\"},\"primaryImageOfPage\":{\"@id\":\"https:\/\/ap.com.al\/?page_id=8127#primaryimage\"},\"datePublished\":\"2022-06-01T12:04:00+00:00\",\"dateModified\":\"2022-06-01T12:07:17+00:00\",\"breadcrumb\":{\"@id\":\"https:\/\/ap.com.al\/?page_id=8127#breadcrumb\"},\"inLanguage\":\"en-US\",\"potentialAction\":[{\"@type\":\"ReadAction\",\"target\":[\"https:\/\/ap.com.al\/?page_id=8127\"]}]},{\"@type\":\"BreadcrumbList\",\"@id\":\"https:\/\/ap.com.al\/?page_id=8127#breadcrumb\",\"itemListElement\":[{\"@type\":\"ListItem\",\"position\":1,\"name\":\"Home\",\"item\":\"https:\/\/ap.com.al\/\"},{\"@type\":\"ListItem\",\"position\":2,\"name\":\"SCHAUMACID A GRANULAT\"}]}]}<\/script>\n<!-- \/ Yoast SEO plugin. -->","yoast_head_json":{"title":"SCHAUMACID A GRANULAT - Austria Praemix","robots":{"index":"index","follow":"follow","max-snippet":"max-snippet:-1","max-image-preview":"max-image-preview:large","max-video-preview":"max-video-preview:-1"},"canonical":"https:\/\/ap.com.al\/?page_id=8127","og_locale":"en_US","og_type":"article","og_title":"SCHAUMACID A GRANULAT - Austria Praemix","og_description":"SCHAUMACID A GRANULAT R\u00ebnd\u00ebsi e ve\u00e7ant\u00eb i\u2018u vu kujdesit t\u00eb sh\u00ebndetit t\u00eb klientit dhe pranimit t\u00eb k\u00ebtyre produkteve nga kafsh\u00ebt. N\u00eb k\u00ebt\u00eb m\u00ebnyr\u00eb kemi nj\u00eb gam\u00eb t\u00eb gjer\u00eb produktesh acide ushqimore n\u00eb form\u00eb t\u00eb puferuar, q\u00eb mund t\u00eb p\u00ebrdoren leht\u00ebsisht. Larmia e acideve SCHAUMANN karakterizohet nga m\u00ebnyra e gjer\u00eb e aplikimeve n\u00eb linj\u00ebn e derrit, [&hellip;]","og_url":"https:\/\/ap.com.al\/?page_id=8127","og_site_name":"Austria Praemix","article_publisher":"https:\/\/www.facebook.com\/austriapraemiks\/","article_modified_time":"2022-06-01T12:07:17+00:00","og_image":[{"url":"https:\/\/ap.com.al\/wp-content\/uploads\/2022\/05\/oeko.png"}],"twitter_card":"summary_large_image","twitter_misc":{"Est. reading time":"2 minutes"},"schema":{"@context":"https:\/\/schema.org","@graph":[{"@type":"Organization","@id":"https:\/\/ap.com.al\/#organization","name":"Austria Preamix","url":"https:\/\/ap.com.al\/","sameAs":["https:\/\/www.instagram.com\/austriapraemix\/","https:\/\/www.facebook.com\/austriapraemiks\/"],"logo":{"@type":"ImageObject","inLanguage":"en-US","@id":"https:\/\/ap.com.al\/#\/schema\/logo\/image\/","url":"https:\/\/ap.com.al\/wp-content\/uploads\/2022\/02\/AP-logo.png","contentUrl":"https:\/\/ap.com.al\/wp-content\/uploads\/2022\/02\/AP-logo.png","width":3358,"height":1616,"caption":"Austria Preamix"},"image":{"@id":"https:\/\/ap.com.al\/#\/schema\/logo\/image\/"}},{"@type":"WebSite","@id":"https:\/\/ap.com.al\/#website","url":"https:\/\/ap.com.al\/","name":"Austria Praemix","description":"","publisher":{"@id":"https:\/\/ap.com.al\/#organization"},"potentialAction":[{"@type":"SearchAction","target":{"@type":"EntryPoint","urlTemplate":"https:\/\/ap.com.al\/?s={search_term_string}"},"query-input":"required name=search_term_string"}],"inLanguage":"en-US"},{"@type":"ImageObject","inLanguage":"en-US","@id":"https:\/\/ap.com.al\/?page_id=8127#primaryimage","url":"https:\/\/ap.com.al\/wp-content\/uploads\/2022\/05\/oeko.png","contentUrl":"https:\/\/ap.com.al\/wp-content\/uploads\/2022\/05\/oeko.png","width":351,"height":351},{"@type":"WebPage","@id":"https:\/\/ap.com.al\/?page_id=8127#webpage","url":"https:\/\/ap.com.al\/?page_id=8127","name":"SCHAUMACID A GRANULAT - Austria Praemix","isPartOf":{"@id":"https:\/\/ap.com.al\/#website"},"primaryImageOfPage":{"@id":"https:\/\/ap.com.al\/?page_id=8127#primaryimage"},"datePublished":"2022-06-01T12:04:00+00:00","dateModified":"2022-06-01T12:07:17+00:00","breadcrumb":{"@id":"https:\/\/ap.com.al\/?page_id=8127#breadcrumb"},"inLanguage":"en-US","potentialAction":[{"@type":"ReadAction","target":["https:\/\/ap.com.al\/?page_id=8127"]}]},{"@type":"BreadcrumbList","@id":"https:\/\/ap.com.al\/?page_id=8127#breadcrumb","itemListElement":[{"@type":"ListItem","position":1,"name":"Home","item":"https:\/\/ap.com.al\/"},{"@type":"ListItem","position":2,"name":"SCHAUMACID A GRANULAT"}]}]}},"_links":{"self":[{"href":"https:\/\/ap.com.al\/index.php?rest_route=\/wp\/v2\/pages\/8127","targetHints":{"allow":["GET"]}}],"collection":[{"href":"https:\/\/ap.com.al\/index.php?rest_route=\/wp\/v2\/pages"}],"about":[{"href":"https:\/\/ap.com.al\/index.php?rest_route=\/wp\/v2\/types\/page"}],"author":[{"embeddable":true,"href":"https:\/\/ap.com.al\/index.php?rest_route=\/wp\/v2\/users\/1"}],"replies":[{"embeddable":true,"href":"https:\/\/ap.com.al\/index.php?rest_route=%2Fwp%2Fv2%2Fcomments&post=8127"}],"version-history":[{"count":5,"href":"https:\/\/ap.com.al\/index.php?rest_route=\/wp\/v2\/pages\/8127\/revisions"}],"predecessor-version":[{"id":8133,"href":"https:\/\/ap.com.al\/index.php?rest_route=\/wp\/v2\/pages\/8127\/revisions\/8133"}],"wp:attachment":[{"href":"https:\/\/ap.com.al\/index.php?rest_route=%2Fwp%2Fv2%2Fmedia&parent=8127"}],"curies":[{"name":"wp","href":"https:\/\/api.w.org\/{rel}","templated":true}]}}