{"id":8140,"date":"2022-06-01T12:59:51","date_gmt":"2022-06-01T12:59:51","guid":{"rendered":"https:\/\/ap.com.al\/?page_id=8140"},"modified":"2022-06-01T13:18:07","modified_gmt":"2022-06-01T13:18:07","slug":"ovilac-wa","status":"publish","type":"page","link":"https:\/\/ap.com.al\/?page_id=8140","title":{"rendered":"OVILAC WA"},"content":{"rendered":"\n<style>\n  #oniiii{\n    background-image:url(\"https:\/\/ap.com.al\/wp-content\/uploads\/2022\/04\/pesturesandmeadows-scaled.jpg\");\n    padding-bottom: 32%;\n    background-position:center bottom;\n    background-repeat: no-repeat;\n    background-size:cover;\n  }\n  <\/style>\n  <script src=\"https:\/\/code.jquery.com\/jquery-3.5.0.js\">\n<\/script>\n\n<div id=\"oniiii\"><\/div>\n \n<script>\n$( \"#oniiii\" ).insertBefore( \".container_wrap_first\" );\n<\/script>\n\n\n\n<div class=\"wp-block-columns\" id=\"containerr\">\n<div class=\"wp-block-column\">\n<div class=\"avia_textblock\" itemprop=\"text\"><h4 style=\"color:#005a8c;\n\">OVILAC WA <\/h4>\n<\/div>\n<\/div>\n<\/div>\n\n\n\n<div class=\"wp-block-columns\" id=\"containerr\">\n<div class=\"wp-block-column\">\n<div class=\"detail__certificates-item-icon\">\n<img decoding=\"async\" alt=\"OVILAC WA \" src=\"https:\/\/ap.com.al\/wp-content\/uploads\/2022\/05\/oeko.png\">\n<\/div>\n<\/div>\n<\/div>\n\n\n\n<div class=\"wp-block-columns\" id=\"containerr\">\n<div class=\"wp-block-column\">\n<div class=\"blue_marker_list\">\n\n<h4 style=\"padding: 20px 0;\">Suplementi p\u00ebr aplikim n\u00eb ujin e pijsh\u00ebm tek broileri dhe tek derrat e majm\u00ebris\u00eb.\n<br>P\u00ebrb\u00ebr\u00ebsit:\n<\/h4>\n<table>\n\n  <tr>\n    <td> 200.000 I.E. Vitamin D3<\/td>\n    <td>320.000 mg Vitamin E<\/td>\n   \n   \n  <\/tr>\n  <tr>\n    <td>3.300 x 109 KBE Bonvital<\/td>\n    <td>320.000 mg Vitamin C<\/td>\n    \n    \n  <\/tr>\n  \n\n<\/table>\n\n<\/div>\n\n\n\n<div class=\"blue_marker_list\">\n\n<h4 style=\"padding: 20px 0;\">P\u00ebrdorimi<\/h4>\n<ul style=\"list-style-type: square; \n\tpadding-left: 1em;\">\n<li>Mbrojtja e mukoz\u00ebs s\u00eb zorr\u00ebve duke krijuar nj\u00eb biofilm: Parandalimi ose reduktimi i  baktereve  patogjene n\u00eb zorr\u00eb n\u00ebp\u00ebrmjet s\u00eb cil\u00ebs arrihet stabilizimi dhe balancimi i natyrsh\u00ebm i pesh\u00ebs trupore.<\/li>\n<li>P\u00ebrmir\u00ebsimi i kapacitetit t\u00eb absorbimit<\/li>\n<li>Reduktimi i bakterive me aciditetit t\u00eb ndryshuesh\u00ebm n\u00ebp\u00ebrmjet reduktimit lokal t\u00eb pH n\u00eb zorr\u00eb.<\/li>\n<li>P\u00ebrdorimi i vitaminave p\u00ebr stabilizimin e metabolizmit<\/li>\n\n<\/ul>\n\n<\/div>\n\n\n\n<div class=\"blue_marker_list\">\n\n<h4 style=\"padding: 20px 0;\">Sasia q\u00eb  do merret:<\/h4>\n<ul style=\"list-style-type: square; \n\tpadding-left: 1em;\">\n<li>100 mg\/lit\u00ebr uj\u00eb<\/li>\n\n<\/ul>\n<\/div>\n\n\n\n<div class=\"blue_marker_list\">\n\n<h4 style=\"padding: 20px 0;\">Rezultati:<\/h4>\n<\/div>\n\n\n\n<div class=\"wp-block-columns\">\n<div class=\"wp-block-column\">\n<div class=\"blue_marker_list\">\n\n<h4 style=\"padding: 20px 0;\">Tek zogjt\u00eb:<\/h4>\n<ul style=\"list-style-type: square; \n\tpadding-left: 1em;\">\n<li>Rritje e p\u00ebrmir\u00ebsuar <\/li>\n<li>Konvertim ushqimi i p\u00ebrmir\u00ebsuar  <\/li>\n<li>Reduktimi i ndjeshm\u00ebris\u00eb ndaj stresit <\/li>\n<li>P\u00ebrforcim i sistemit imunitar <\/li>\n<li>Sh\u00ebndet i stabilizuar i zorr\u00ebve <\/li>\n<li>Doza 0,2 g\/lit\u00ebr<\/li>\n\n\n\n<\/ul>\n<\/div>\n\n<div class=\"blue_marker_list\">\n<h4 style=\"padding: 20px 0;\">N\u00eb mbar\u00ebshtimin  e dosave:<\/h4>\n<ul style=\"list-style-type: square; \n\tpadding-left: 1em;\">\n<li>M\u00eb shum\u00eb gica t\u00eb shk\u00ebputur <\/li>\n<li>Rritje e p\u00ebrmir\u00ebsuar e gicave<\/li>\n<li>Humbje t\u00eb reduktuara t\u00eb gicave <\/li>\n<li>M\u00eb pak r\u00ebnie n\u00eb pesh\u00eb gjat\u00eb laktacionit <\/li>\n<li>Reduktimi  i ndjesh\u00ebm i medikamenteve <\/li>\n<li>Doza 0,1 g\/lit\u00ebr<\/li>\n<\/ul>\n<\/div>\n\n<\/div>\n\n\n\n<div class=\"wp-block-column\">\n<div class=\"blue_marker_list\">\n<h4 style=\"padding: 20px 0;\">Te gicat:<\/h4>\n<ul style=\"list-style-type: square; \n\tpadding-left: 1em;\">\n<li>Shtes\u00eb ditore optimale <\/li>\n<li>Konvertim optimal ushqimi <\/li>\n<li>T\u00eb \u00e7on n\u00eb nj\u00eb p\u00ebrb\u00ebrje t\u00eb sh\u00ebndetshme t\u00eb mikroflor\u00ebs.<\/li>\n<li>Reduktim i bakterieve t\u00eb pad\u00ebshiruara E.Coli<\/li>\n<li>Rritja e  p\u00ebrfitimit nga majm\u00ebria <\/li>\n<li>Doza 0,4 g\/lit\u00ebr<\/li>\n<\/ul>\n<\/div>\n\n<div class=\"blue_marker_list\">\n<h4 style=\"padding: 20px 0;\"> Te derrat n\u00eb majm\u00ebri:<\/h4>\n<ul style=\"list-style-type: square; \n\tpadding-left: 1em;\">\n<li>P\u00ebrmir\u00ebson shtes\u00ebn ditore<\/li>\n<li>P\u00ebrmir\u00ebson konvertimin e ushqimit <\/li>\n<li>Stabilizon sh\u00ebndetin e kafsh\u00ebve <\/li>\n<li>Siguron performanc\u00eb t\u00eb lart\u00eb n\u00eb faz\u00ebn e majm\u00ebris\u00eb<\/li>\n<li>Doza 0,1 g\/lit\u00ebr<\/li>\n<\/ul>\n<\/div>\n<\/div>\n<\/div>\n<\/div>\n<\/div>\n","protected":false},"excerpt":{"rendered":"<p>OVILAC WA Suplementi p\u00ebr aplikim n\u00eb ujin e pijsh\u00ebm tek broileri dhe tek derrat e majm\u00ebris\u00eb. P\u00ebrb\u00ebr\u00ebsit: 200.000 I.E. Vitamin D3 320.000 mg Vitamin E 3.300 x 109 KBE Bonvital 320.000 mg Vitamin C P\u00ebrdorimi Mbrojtja e mukoz\u00ebs s\u00eb zorr\u00ebve duke krijuar nj\u00eb biofilm: Parandalimi ose reduktimi i baktereve patogjene n\u00eb zorr\u00eb n\u00ebp\u00ebrmjet s\u00eb cil\u00ebs [&hellip;]<\/p>\n","protected":false},"author":1,"featured_media":0,"parent":0,"menu_order":0,"comment_status":"closed","ping_status":"closed","template":"","meta":{"inline_featured_image":false,"footnotes":""},"class_list":["post-8140","page","type-page","status-publish","hentry"],"yoast_head":"<!-- This site is optimized with the Yoast SEO plugin v18.9 - https:\/\/yoast.com\/wordpress\/plugins\/seo\/ -->\n<title>OVILAC WA - Austria Praemix<\/title>\n<meta name=\"robots\" content=\"index, follow, max-snippet:-1, max-image-preview:large, max-video-preview:-1\" \/>\n<link rel=\"canonical\" href=\"https:\/\/ap.com.al\/?page_id=8140\" \/>\n<meta property=\"og:locale\" content=\"en_US\" \/>\n<meta property=\"og:type\" content=\"article\" \/>\n<meta property=\"og:title\" content=\"OVILAC WA - Austria Praemix\" \/>\n<meta property=\"og:description\" content=\"OVILAC WA Suplementi p\u00ebr aplikim n\u00eb ujin e pijsh\u00ebm tek broileri dhe tek derrat e majm\u00ebris\u00eb. P\u00ebrb\u00ebr\u00ebsit: 200.000 I.E. Vitamin D3 320.000 mg Vitamin E 3.300 x 109 KBE Bonvital 320.000 mg Vitamin C P\u00ebrdorimi Mbrojtja e mukoz\u00ebs s\u00eb zorr\u00ebve duke krijuar nj\u00eb biofilm: Parandalimi ose reduktimi i baktereve patogjene n\u00eb zorr\u00eb n\u00ebp\u00ebrmjet s\u00eb cil\u00ebs [&hellip;]\" \/>\n<meta property=\"og:url\" content=\"https:\/\/ap.com.al\/?page_id=8140\" \/>\n<meta property=\"og:site_name\" content=\"Austria Praemix\" \/>\n<meta property=\"article:publisher\" content=\"https:\/\/www.facebook.com\/austriapraemiks\/\" \/>\n<meta property=\"article:modified_time\" content=\"2022-06-01T13:18:07+00:00\" \/>\n<meta property=\"og:image\" content=\"https:\/\/ap.com.al\/wp-content\/uploads\/2022\/05\/oeko.png\" \/>\n<meta name=\"twitter:card\" content=\"summary_large_image\" \/>\n<meta name=\"twitter:label1\" content=\"Est. reading time\" \/>\n\t<meta name=\"twitter:data1\" content=\"2 minutes\" \/>\n<script type=\"application\/ld+json\" class=\"yoast-schema-graph\">{\"@context\":\"https:\/\/schema.org\",\"@graph\":[{\"@type\":\"Organization\",\"@id\":\"https:\/\/ap.com.al\/#organization\",\"name\":\"Austria Preamix\",\"url\":\"https:\/\/ap.com.al\/\",\"sameAs\":[\"https:\/\/www.instagram.com\/austriapraemix\/\",\"https:\/\/www.facebook.com\/austriapraemiks\/\"],\"logo\":{\"@type\":\"ImageObject\",\"inLanguage\":\"en-US\",\"@id\":\"https:\/\/ap.com.al\/#\/schema\/logo\/image\/\",\"url\":\"https:\/\/ap.com.al\/wp-content\/uploads\/2022\/02\/AP-logo.png\",\"contentUrl\":\"https:\/\/ap.com.al\/wp-content\/uploads\/2022\/02\/AP-logo.png\",\"width\":3358,\"height\":1616,\"caption\":\"Austria Preamix\"},\"image\":{\"@id\":\"https:\/\/ap.com.al\/#\/schema\/logo\/image\/\"}},{\"@type\":\"WebSite\",\"@id\":\"https:\/\/ap.com.al\/#website\",\"url\":\"https:\/\/ap.com.al\/\",\"name\":\"Austria Praemix\",\"description\":\"\",\"publisher\":{\"@id\":\"https:\/\/ap.com.al\/#organization\"},\"potentialAction\":[{\"@type\":\"SearchAction\",\"target\":{\"@type\":\"EntryPoint\",\"urlTemplate\":\"https:\/\/ap.com.al\/?s={search_term_string}\"},\"query-input\":\"required name=search_term_string\"}],\"inLanguage\":\"en-US\"},{\"@type\":\"ImageObject\",\"inLanguage\":\"en-US\",\"@id\":\"https:\/\/ap.com.al\/?page_id=8140#primaryimage\",\"url\":\"https:\/\/ap.com.al\/wp-content\/uploads\/2022\/05\/oeko.png\",\"contentUrl\":\"https:\/\/ap.com.al\/wp-content\/uploads\/2022\/05\/oeko.png\",\"width\":351,\"height\":351},{\"@type\":\"WebPage\",\"@id\":\"https:\/\/ap.com.al\/?page_id=8140#webpage\",\"url\":\"https:\/\/ap.com.al\/?page_id=8140\",\"name\":\"OVILAC WA - Austria Praemix\",\"isPartOf\":{\"@id\":\"https:\/\/ap.com.al\/#website\"},\"primaryImageOfPage\":{\"@id\":\"https:\/\/ap.com.al\/?page_id=8140#primaryimage\"},\"datePublished\":\"2022-06-01T12:59:51+00:00\",\"dateModified\":\"2022-06-01T13:18:07+00:00\",\"breadcrumb\":{\"@id\":\"https:\/\/ap.com.al\/?page_id=8140#breadcrumb\"},\"inLanguage\":\"en-US\",\"potentialAction\":[{\"@type\":\"ReadAction\",\"target\":[\"https:\/\/ap.com.al\/?page_id=8140\"]}]},{\"@type\":\"BreadcrumbList\",\"@id\":\"https:\/\/ap.com.al\/?page_id=8140#breadcrumb\",\"itemListElement\":[{\"@type\":\"ListItem\",\"position\":1,\"name\":\"Home\",\"item\":\"https:\/\/ap.com.al\/\"},{\"@type\":\"ListItem\",\"position\":2,\"name\":\"OVILAC WA\"}]}]}<\/script>\n<!-- \/ Yoast SEO plugin. -->","yoast_head_json":{"title":"OVILAC WA - Austria Praemix","robots":{"index":"index","follow":"follow","max-snippet":"max-snippet:-1","max-image-preview":"max-image-preview:large","max-video-preview":"max-video-preview:-1"},"canonical":"https:\/\/ap.com.al\/?page_id=8140","og_locale":"en_US","og_type":"article","og_title":"OVILAC WA - Austria Praemix","og_description":"OVILAC WA Suplementi p\u00ebr aplikim n\u00eb ujin e pijsh\u00ebm tek broileri dhe tek derrat e majm\u00ebris\u00eb. P\u00ebrb\u00ebr\u00ebsit: 200.000 I.E. Vitamin D3 320.000 mg Vitamin E 3.300 x 109 KBE Bonvital 320.000 mg Vitamin C P\u00ebrdorimi Mbrojtja e mukoz\u00ebs s\u00eb zorr\u00ebve duke krijuar nj\u00eb biofilm: Parandalimi ose reduktimi i baktereve patogjene n\u00eb zorr\u00eb n\u00ebp\u00ebrmjet s\u00eb cil\u00ebs [&hellip;]","og_url":"https:\/\/ap.com.al\/?page_id=8140","og_site_name":"Austria Praemix","article_publisher":"https:\/\/www.facebook.com\/austriapraemiks\/","article_modified_time":"2022-06-01T13:18:07+00:00","og_image":[{"url":"https:\/\/ap.com.al\/wp-content\/uploads\/2022\/05\/oeko.png"}],"twitter_card":"summary_large_image","twitter_misc":{"Est. reading time":"2 minutes"},"schema":{"@context":"https:\/\/schema.org","@graph":[{"@type":"Organization","@id":"https:\/\/ap.com.al\/#organization","name":"Austria Preamix","url":"https:\/\/ap.com.al\/","sameAs":["https:\/\/www.instagram.com\/austriapraemix\/","https:\/\/www.facebook.com\/austriapraemiks\/"],"logo":{"@type":"ImageObject","inLanguage":"en-US","@id":"https:\/\/ap.com.al\/#\/schema\/logo\/image\/","url":"https:\/\/ap.com.al\/wp-content\/uploads\/2022\/02\/AP-logo.png","contentUrl":"https:\/\/ap.com.al\/wp-content\/uploads\/2022\/02\/AP-logo.png","width":3358,"height":1616,"caption":"Austria Preamix"},"image":{"@id":"https:\/\/ap.com.al\/#\/schema\/logo\/image\/"}},{"@type":"WebSite","@id":"https:\/\/ap.com.al\/#website","url":"https:\/\/ap.com.al\/","name":"Austria Praemix","description":"","publisher":{"@id":"https:\/\/ap.com.al\/#organization"},"potentialAction":[{"@type":"SearchAction","target":{"@type":"EntryPoint","urlTemplate":"https:\/\/ap.com.al\/?s={search_term_string}"},"query-input":"required name=search_term_string"}],"inLanguage":"en-US"},{"@type":"ImageObject","inLanguage":"en-US","@id":"https:\/\/ap.com.al\/?page_id=8140#primaryimage","url":"https:\/\/ap.com.al\/wp-content\/uploads\/2022\/05\/oeko.png","contentUrl":"https:\/\/ap.com.al\/wp-content\/uploads\/2022\/05\/oeko.png","width":351,"height":351},{"@type":"WebPage","@id":"https:\/\/ap.com.al\/?page_id=8140#webpage","url":"https:\/\/ap.com.al\/?page_id=8140","name":"OVILAC WA - Austria Praemix","isPartOf":{"@id":"https:\/\/ap.com.al\/#website"},"primaryImageOfPage":{"@id":"https:\/\/ap.com.al\/?page_id=8140#primaryimage"},"datePublished":"2022-06-01T12:59:51+00:00","dateModified":"2022-06-01T13:18:07+00:00","breadcrumb":{"@id":"https:\/\/ap.com.al\/?page_id=8140#breadcrumb"},"inLanguage":"en-US","potentialAction":[{"@type":"ReadAction","target":["https:\/\/ap.com.al\/?page_id=8140"]}]},{"@type":"BreadcrumbList","@id":"https:\/\/ap.com.al\/?page_id=8140#breadcrumb","itemListElement":[{"@type":"ListItem","position":1,"name":"Home","item":"https:\/\/ap.com.al\/"},{"@type":"ListItem","position":2,"name":"OVILAC WA"}]}]}},"_links":{"self":[{"href":"https:\/\/ap.com.al\/index.php?rest_route=\/wp\/v2\/pages\/8140","targetHints":{"allow":["GET"]}}],"collection":[{"href":"https:\/\/ap.com.al\/index.php?rest_route=\/wp\/v2\/pages"}],"about":[{"href":"https:\/\/ap.com.al\/index.php?rest_route=\/wp\/v2\/types\/page"}],"author":[{"embeddable":true,"href":"https:\/\/ap.com.al\/index.php?rest_route=\/wp\/v2\/users\/1"}],"replies":[{"embeddable":true,"href":"https:\/\/ap.com.al\/index.php?rest_route=%2Fwp%2Fv2%2Fcomments&post=8140"}],"version-history":[{"count":3,"href":"https:\/\/ap.com.al\/index.php?rest_route=\/wp\/v2\/pages\/8140\/revisions"}],"predecessor-version":[{"id":8150,"href":"https:\/\/ap.com.al\/index.php?rest_route=\/wp\/v2\/pages\/8140\/revisions\/8150"}],"wp:attachment":[{"href":"https:\/\/ap.com.al\/index.php?rest_route=%2Fwp%2Fv2%2Fmedia&parent=8140"}],"curies":[{"name":"wp","href":"https:\/\/api.w.org\/{rel}","templated":true}]}}