{"id":8151,"date":"2022-06-01T13:33:19","date_gmt":"2022-06-01T13:33:19","guid":{"rendered":"https:\/\/ap.com.al\/?page_id=8151"},"modified":"2022-06-01T13:34:12","modified_gmt":"2022-06-01T13:34:12","slug":"bonsilage-forte","status":"publish","type":"page","link":"https:\/\/ap.com.al\/?page_id=8151","title":{"rendered":"BONSILAGE FORTE"},"content":{"rendered":"\n<p><\/p>\n\n\n\n<style>\n  #oniiii{\n    background-image:url(\"https:\/\/ap.com.al\/wp-content\/uploads\/2022\/04\/pesturesandmeadows-scaled.jpg\");\n    padding-bottom: 32%;\n    background-position:center bottom;\n    background-repeat: no-repeat;\n    background-size:cover;\n  }\n  <\/style>\n  <script src=\"https:\/\/code.jquery.com\/jquery-3.5.0.js\">\n<\/script>\n\n<div id=\"oniiii\"><\/div>\n \n<script>\n$( \"#oniiii\" ).insertBefore( \".container_wrap_first\" );\n<\/script>\n\n\n\n<div class=\"wp-block-columns\" id=\"containerr\">\n<div class=\"wp-block-column\">\n<div class=\"avia_textblock\" itemprop=\"text\"><h4 style=\"color:#005a8c;\n\">BONSILAGE FORTE(i l\u00ebngsh\u00ebm dhe granulat)<\/h4>\n<\/div>\n<\/div>\n<\/div>\n\n\n\n<div class=\"wp-block-columns\" id=\"containerr\">\n<div class=\"wp-block-column\">\n<div class=\"detail__certificates-item-icon\">\n<img decoding=\"async\" alt=\"BONSILAGE FORTE\" src=\"https:\/\/ap.com.al\/wp-content\/uploads\/2022\/05\/oeko.png\">\n<\/div>\n<\/div>\n<\/div>\n\n\n\n<div class=\"wp-block-columns\" id=\"containerr\">\n<div class=\"wp-block-column\">\n<div class=\"blue_marker_list\">\n\n<p style=\"font-style: italic;\">Aditiv silazhi (homofermentativ) me frenim t\u00eb drejtp\u00ebrdrejt\u00eb t\u00eb Clostriduim n\u00eb diapazonin m\u00eb t\u00eb ul\u00ebt t\u00eb l\u00ebnd\u00ebs s\u00eb that\u00eb.<\/h>\n<\/div>\n\n\n\n<div class=\"wp-block-columns\">\n<div class=\"wp-block-column\">\n<div class=\"blue_marker_list\">\n\n<h4 style=\"padding: 20px 0;\">Karakteristikat:<\/h4>\n<ul style=\"list-style-type: square; \n\tpadding-left: 1em;\">\n<li>P. acidilaktici<\/li>\n<li>L. paracasei<\/li>\n<li>Lc. lactis<\/li>\n<li>min. 1,25* 1011 baktere acid laktik\/g BONSILAGE FORTE<\/li>\n\n<\/ul>\n<\/div>\n\n\n<\/div>\n\n\n\n<div class=\"wp-block-column\">\n<div class=\"blue_marker_list\">\n<h4 style=\"padding: 20px 0;\">Rekomandim p\u00ebr p\u00ebrdorim:<\/h4>\n<ul style=\"list-style-type: square; \n\tpadding-left: 1em;\">\n<li>Dozimi: 2 g BONSILAGE FORTE\/t mas\u00eb p\u00ebr silazhim <\/li>\n<li>1 doz\u00eb e mjaftueshme p\u00ebr t\u00eb trajtuar 50 t<\/li>\n<li>P\u00ebrdorim me thek\u00ebr: 23 &#8211; 35 % l\u00ebnd\u00eb e that\u00eb<\/li>\n<li>P\u00ebrdorim i bar\u00ebrave t\u00eb tjer\u00eb: 22-30 % <\/li>\n<li>P\u00ebrdorimi me bar t\u00ebrfili: 25-30 % l\u00ebnd\u00eb e that\u00eb<\/li>\n<li>P\u00ebrdorimi me jonxh\u00ebn: 25-35 % <\/li>\n<\/ul>\n<\/div>\n\n\n<\/div>\n<\/div>\n\n\n\n<div class=\"wp-block-columns\">\n<div class=\"wp-block-column\">\n<div class=\"blue_marker_list\">\n<h4 style=\"padding: 20px 0;\">Efektet:<\/h4>\n<ul style=\"list-style-type: square; \n\tpadding-left: 1em;\">\n<li>Produkt special p\u00ebr silazhet e lag\u00ebshta <\/li>\n<li>P\u00ebrdor t\u00eb gjith\u00eb spektrin e karbohidrateve, duke siguruar reduktim t\u00eb q\u00ebndruesh\u00ebm dhe t\u00eb p\u00ebrhersh\u00ebm t\u00eb pH<\/li>\n<li>Bllokon drejtp\u00ebrdrejt klostridiet, duke shmangur k\u00ebshtu d\u00ebshtimet e fermentimit<\/li>\n<li>Mbron nga shp\u00ebrb\u00ebrja e tep\u00ebrt e proteinave bimore<\/li>\n\n<\/ul>\n<\/div>\n<\/div>\n\n\n\n<div class=\"wp-block-column\">\n<div class=\"blue_marker_list\">\n<h4 style=\"padding: 20px 0;\"> Periudha minimale e ruajtjes<\/h4>\n<ul style=\"list-style-type: square; \n\tpadding-left: 1em;\">\n<li>3 jav\u00eb<\/li>\n<\/ul>\n<\/div>\n<\/div>\n<\/div>\n<\/div>\n<\/div>\n","protected":false},"excerpt":{"rendered":"<p>BONSILAGE FORTE(i l\u00ebngsh\u00ebm dhe granulat) Aditiv silazhi (homofermentativ) me frenim t\u00eb drejtp\u00ebrdrejt\u00eb t\u00eb Clostriduim n\u00eb diapazonin m\u00eb t\u00eb ul\u00ebt t\u00eb l\u00ebnd\u00ebs s\u00eb that\u00eb. Karakteristikat: P. acidilaktici L. paracasei Lc. lactis min. 1,25* 1011 baktere acid laktik\/g BONSILAGE FORTE Rekomandim p\u00ebr p\u00ebrdorim: Dozimi: 2 g BONSILAGE FORTE\/t mas\u00eb p\u00ebr silazhim 1 doz\u00eb e mjaftueshme p\u00ebr t\u00eb [&hellip;]<\/p>\n","protected":false},"author":1,"featured_media":0,"parent":0,"menu_order":0,"comment_status":"closed","ping_status":"closed","template":"","meta":{"inline_featured_image":false,"footnotes":""},"class_list":["post-8151","page","type-page","status-publish","hentry"],"yoast_head":"<!-- This site is optimized with the Yoast SEO plugin v18.9 - https:\/\/yoast.com\/wordpress\/plugins\/seo\/ -->\n<title>BONSILAGE FORTE - Austria Praemix<\/title>\n<meta name=\"robots\" content=\"index, follow, max-snippet:-1, max-image-preview:large, max-video-preview:-1\" \/>\n<link rel=\"canonical\" href=\"https:\/\/ap.com.al\/?page_id=8151\" \/>\n<meta property=\"og:locale\" content=\"en_US\" \/>\n<meta property=\"og:type\" content=\"article\" \/>\n<meta property=\"og:title\" content=\"BONSILAGE FORTE - Austria Praemix\" \/>\n<meta property=\"og:description\" content=\"BONSILAGE FORTE(i l\u00ebngsh\u00ebm dhe granulat) Aditiv silazhi (homofermentativ) me frenim t\u00eb drejtp\u00ebrdrejt\u00eb t\u00eb Clostriduim n\u00eb diapazonin m\u00eb t\u00eb ul\u00ebt t\u00eb l\u00ebnd\u00ebs s\u00eb that\u00eb. Karakteristikat: P. acidilaktici L. paracasei Lc. lactis min. 1,25* 1011 baktere acid laktik\/g BONSILAGE FORTE Rekomandim p\u00ebr p\u00ebrdorim: Dozimi: 2 g BONSILAGE FORTE\/t mas\u00eb p\u00ebr silazhim 1 doz\u00eb e mjaftueshme p\u00ebr t\u00eb [&hellip;]\" \/>\n<meta property=\"og:url\" content=\"https:\/\/ap.com.al\/?page_id=8151\" \/>\n<meta property=\"og:site_name\" content=\"Austria Praemix\" \/>\n<meta property=\"article:publisher\" content=\"https:\/\/www.facebook.com\/austriapraemiks\/\" \/>\n<meta property=\"article:modified_time\" content=\"2022-06-01T13:34:12+00:00\" \/>\n<meta property=\"og:image\" content=\"https:\/\/ap.com.al\/wp-content\/uploads\/2022\/05\/oeko.png\" \/>\n<meta name=\"twitter:card\" content=\"summary_large_image\" \/>\n<meta name=\"twitter:label1\" content=\"Est. reading time\" \/>\n\t<meta name=\"twitter:data1\" content=\"1 minute\" \/>\n<script type=\"application\/ld+json\" class=\"yoast-schema-graph\">{\"@context\":\"https:\/\/schema.org\",\"@graph\":[{\"@type\":\"Organization\",\"@id\":\"https:\/\/ap.com.al\/#organization\",\"name\":\"Austria Preamix\",\"url\":\"https:\/\/ap.com.al\/\",\"sameAs\":[\"https:\/\/www.instagram.com\/austriapraemix\/\",\"https:\/\/www.facebook.com\/austriapraemiks\/\"],\"logo\":{\"@type\":\"ImageObject\",\"inLanguage\":\"en-US\",\"@id\":\"https:\/\/ap.com.al\/#\/schema\/logo\/image\/\",\"url\":\"https:\/\/ap.com.al\/wp-content\/uploads\/2022\/02\/AP-logo.png\",\"contentUrl\":\"https:\/\/ap.com.al\/wp-content\/uploads\/2022\/02\/AP-logo.png\",\"width\":3358,\"height\":1616,\"caption\":\"Austria Preamix\"},\"image\":{\"@id\":\"https:\/\/ap.com.al\/#\/schema\/logo\/image\/\"}},{\"@type\":\"WebSite\",\"@id\":\"https:\/\/ap.com.al\/#website\",\"url\":\"https:\/\/ap.com.al\/\",\"name\":\"Austria Praemix\",\"description\":\"\",\"publisher\":{\"@id\":\"https:\/\/ap.com.al\/#organization\"},\"potentialAction\":[{\"@type\":\"SearchAction\",\"target\":{\"@type\":\"EntryPoint\",\"urlTemplate\":\"https:\/\/ap.com.al\/?s={search_term_string}\"},\"query-input\":\"required name=search_term_string\"}],\"inLanguage\":\"en-US\"},{\"@type\":\"ImageObject\",\"inLanguage\":\"en-US\",\"@id\":\"https:\/\/ap.com.al\/?page_id=8151#primaryimage\",\"url\":\"https:\/\/ap.com.al\/wp-content\/uploads\/2022\/05\/oeko.png\",\"contentUrl\":\"https:\/\/ap.com.al\/wp-content\/uploads\/2022\/05\/oeko.png\",\"width\":351,\"height\":351},{\"@type\":\"WebPage\",\"@id\":\"https:\/\/ap.com.al\/?page_id=8151#webpage\",\"url\":\"https:\/\/ap.com.al\/?page_id=8151\",\"name\":\"BONSILAGE FORTE - Austria Praemix\",\"isPartOf\":{\"@id\":\"https:\/\/ap.com.al\/#website\"},\"primaryImageOfPage\":{\"@id\":\"https:\/\/ap.com.al\/?page_id=8151#primaryimage\"},\"datePublished\":\"2022-06-01T13:33:19+00:00\",\"dateModified\":\"2022-06-01T13:34:12+00:00\",\"breadcrumb\":{\"@id\":\"https:\/\/ap.com.al\/?page_id=8151#breadcrumb\"},\"inLanguage\":\"en-US\",\"potentialAction\":[{\"@type\":\"ReadAction\",\"target\":[\"https:\/\/ap.com.al\/?page_id=8151\"]}]},{\"@type\":\"BreadcrumbList\",\"@id\":\"https:\/\/ap.com.al\/?page_id=8151#breadcrumb\",\"itemListElement\":[{\"@type\":\"ListItem\",\"position\":1,\"name\":\"Home\",\"item\":\"https:\/\/ap.com.al\/\"},{\"@type\":\"ListItem\",\"position\":2,\"name\":\"BONSILAGE FORTE\"}]}]}<\/script>\n<!-- \/ Yoast SEO plugin. -->","yoast_head_json":{"title":"BONSILAGE FORTE - Austria Praemix","robots":{"index":"index","follow":"follow","max-snippet":"max-snippet:-1","max-image-preview":"max-image-preview:large","max-video-preview":"max-video-preview:-1"},"canonical":"https:\/\/ap.com.al\/?page_id=8151","og_locale":"en_US","og_type":"article","og_title":"BONSILAGE FORTE - Austria Praemix","og_description":"BONSILAGE FORTE(i l\u00ebngsh\u00ebm dhe granulat) Aditiv silazhi (homofermentativ) me frenim t\u00eb drejtp\u00ebrdrejt\u00eb t\u00eb Clostriduim n\u00eb diapazonin m\u00eb t\u00eb ul\u00ebt t\u00eb l\u00ebnd\u00ebs s\u00eb that\u00eb. Karakteristikat: P. acidilaktici L. paracasei Lc. lactis min. 1,25* 1011 baktere acid laktik\/g BONSILAGE FORTE Rekomandim p\u00ebr p\u00ebrdorim: Dozimi: 2 g BONSILAGE FORTE\/t mas\u00eb p\u00ebr silazhim 1 doz\u00eb e mjaftueshme p\u00ebr t\u00eb [&hellip;]","og_url":"https:\/\/ap.com.al\/?page_id=8151","og_site_name":"Austria Praemix","article_publisher":"https:\/\/www.facebook.com\/austriapraemiks\/","article_modified_time":"2022-06-01T13:34:12+00:00","og_image":[{"url":"https:\/\/ap.com.al\/wp-content\/uploads\/2022\/05\/oeko.png"}],"twitter_card":"summary_large_image","twitter_misc":{"Est. reading time":"1 minute"},"schema":{"@context":"https:\/\/schema.org","@graph":[{"@type":"Organization","@id":"https:\/\/ap.com.al\/#organization","name":"Austria Preamix","url":"https:\/\/ap.com.al\/","sameAs":["https:\/\/www.instagram.com\/austriapraemix\/","https:\/\/www.facebook.com\/austriapraemiks\/"],"logo":{"@type":"ImageObject","inLanguage":"en-US","@id":"https:\/\/ap.com.al\/#\/schema\/logo\/image\/","url":"https:\/\/ap.com.al\/wp-content\/uploads\/2022\/02\/AP-logo.png","contentUrl":"https:\/\/ap.com.al\/wp-content\/uploads\/2022\/02\/AP-logo.png","width":3358,"height":1616,"caption":"Austria Preamix"},"image":{"@id":"https:\/\/ap.com.al\/#\/schema\/logo\/image\/"}},{"@type":"WebSite","@id":"https:\/\/ap.com.al\/#website","url":"https:\/\/ap.com.al\/","name":"Austria Praemix","description":"","publisher":{"@id":"https:\/\/ap.com.al\/#organization"},"potentialAction":[{"@type":"SearchAction","target":{"@type":"EntryPoint","urlTemplate":"https:\/\/ap.com.al\/?s={search_term_string}"},"query-input":"required name=search_term_string"}],"inLanguage":"en-US"},{"@type":"ImageObject","inLanguage":"en-US","@id":"https:\/\/ap.com.al\/?page_id=8151#primaryimage","url":"https:\/\/ap.com.al\/wp-content\/uploads\/2022\/05\/oeko.png","contentUrl":"https:\/\/ap.com.al\/wp-content\/uploads\/2022\/05\/oeko.png","width":351,"height":351},{"@type":"WebPage","@id":"https:\/\/ap.com.al\/?page_id=8151#webpage","url":"https:\/\/ap.com.al\/?page_id=8151","name":"BONSILAGE FORTE - Austria Praemix","isPartOf":{"@id":"https:\/\/ap.com.al\/#website"},"primaryImageOfPage":{"@id":"https:\/\/ap.com.al\/?page_id=8151#primaryimage"},"datePublished":"2022-06-01T13:33:19+00:00","dateModified":"2022-06-01T13:34:12+00:00","breadcrumb":{"@id":"https:\/\/ap.com.al\/?page_id=8151#breadcrumb"},"inLanguage":"en-US","potentialAction":[{"@type":"ReadAction","target":["https:\/\/ap.com.al\/?page_id=8151"]}]},{"@type":"BreadcrumbList","@id":"https:\/\/ap.com.al\/?page_id=8151#breadcrumb","itemListElement":[{"@type":"ListItem","position":1,"name":"Home","item":"https:\/\/ap.com.al\/"},{"@type":"ListItem","position":2,"name":"BONSILAGE FORTE"}]}]}},"_links":{"self":[{"href":"https:\/\/ap.com.al\/index.php?rest_route=\/wp\/v2\/pages\/8151","targetHints":{"allow":["GET"]}}],"collection":[{"href":"https:\/\/ap.com.al\/index.php?rest_route=\/wp\/v2\/pages"}],"about":[{"href":"https:\/\/ap.com.al\/index.php?rest_route=\/wp\/v2\/types\/page"}],"author":[{"embeddable":true,"href":"https:\/\/ap.com.al\/index.php?rest_route=\/wp\/v2\/users\/1"}],"replies":[{"embeddable":true,"href":"https:\/\/ap.com.al\/index.php?rest_route=%2Fwp%2Fv2%2Fcomments&post=8151"}],"version-history":[{"count":2,"href":"https:\/\/ap.com.al\/index.php?rest_route=\/wp\/v2\/pages\/8151\/revisions"}],"predecessor-version":[{"id":8153,"href":"https:\/\/ap.com.al\/index.php?rest_route=\/wp\/v2\/pages\/8151\/revisions\/8153"}],"wp:attachment":[{"href":"https:\/\/ap.com.al\/index.php?rest_route=%2Fwp%2Fv2%2Fmedia&parent=8151"}],"curies":[{"name":"wp","href":"https:\/\/api.w.org\/{rel}","templated":true}]}}