{"id":8154,"date":"2022-06-01T13:43:28","date_gmt":"2022-06-01T13:43:28","guid":{"rendered":"https:\/\/ap.com.al\/?page_id=8154"},"modified":"2022-06-01T13:45:42","modified_gmt":"2022-06-01T13:45:42","slug":"bonsilage-alfa","status":"publish","type":"page","link":"https:\/\/ap.com.al\/?page_id=8154","title":{"rendered":"BONSILAGE ALFA"},"content":{"rendered":"\n<p><\/p>\n\n\n\n<style>\n  #oniiii{\n    background-image:url(\"https:\/\/ap.com.al\/wp-content\/uploads\/2022\/04\/pesturesandmeadows-scaled.jpg\");\n    padding-bottom: 32%;\n    background-position:center bottom;\n    background-repeat: no-repeat;\n    background-size:cover;\n  }\n  <\/style>\n  <script src=\"https:\/\/code.jquery.com\/jquery-3.5.0.js\">\n<\/script>\n\n<div id=\"oniiii\"><\/div>\n \n<script>\n$( \"#oniiii\" ).insertBefore( \".container_wrap_first\" );\n<\/script>\n\n\n\n<div class=\"wp-block-columns\" id=\"containerr\">\n<div class=\"wp-block-column\">\n<div class=\"avia_textblock\" itemprop=\"text\"><h4 style=\"color:#005a8c;\n\">BONSILAGE ALFA (liquid) <\/h4>\n<\/div>\n<\/div>\n<\/div>\n\n\n\n<div class=\"wp-block-columns\" id=\"containerr\">\n<div class=\"wp-block-column\">\n<div class=\"detail__certificates-item-icon\">\n<img decoding=\"async\" alt=\"BONSILAGE ALFA (liquid) \" src=\"https:\/\/ap.com.al\/wp-content\/uploads\/2022\/05\/oeko.png\">\n<\/div>\n<\/div>\n<\/div>\n\n\n\n<div class=\"wp-block-columns\" id=\"containerr\">\n<div class=\"wp-block-column\">\n<div class=\"blue_marker_list\">\n\n<p style=\"font-style: italic;\">Aditiv silazhi (homo- dhe heterofermentues) p\u00ebr luzernin dhe barin e t\u00ebrfilit\n<\/p><\/div>\n\n\n\n<div class=\"wp-block-columns\">\n<div class=\"wp-block-column\">\n<div class=\"blue_marker_list\">\n\n<h4 style=\"padding: 20px 0;\">Karakteristikat:<\/h4>\n<ul style=\"list-style-type: square; \n\tpadding-left: 1em;\">\n<li>L. paracasei<\/li>\n<li>L. plantarum<\/li>\n<li>Lc. lactis<\/li>\n<li>L. buchneri<\/li>\n<li>min. 1,25* 1011 baktere acid laktik \/g ALFA BONSILAGE<\/li>\n\n<\/ul>\n<\/div>\n<\/div>\n\n\n\n<div class=\"wp-block-column\">\n<div class=\"blue_marker_list\">\n<h4 style=\"padding: 20px 0;\">Efektet:<\/h4>\n<ul style=\"list-style-type: square; \n\tpadding-left: 1em;\">\n<li>Reduktimi i shpejt\u00eb dhe i p\u00ebrhersh\u00ebm i pH-s\u00eb p\u00ebr shkak t\u00eb fruktanit shp\u00ebrb\u00ebjn\u00eb bakteret e acidit laktik sidomos n\u00eb kushtet e v\u00ebshtira t\u00eb silazhimit t\u00eb Luzernit dhe barit t\u00eb t\u00ebrfilit<\/li>\n<li>frenimi i drejtp\u00ebrdrejt\u00eb i Klostridias<\/li>\n<li>mbrojtje e proteinave<\/li>\n<li>q\u00ebndrueshm\u00ebri m\u00eb e mir\u00eb aerobe p\u00ebr shkak t\u00eb shk\u00ebputjes s\u00eb moderuar t\u00eb acidit acetik<\/li>\n\n<\/ul>\n<\/div>\n<\/div>\n<\/div>\n\n\n\n<div class=\"wp-block-columns\">\n<div class=\"wp-block-column\">\n<div class=\"blue_marker_list\">\n<h4 style=\"padding: 20px 0;\">Rekomandim p\u00ebrdorimi:<\/h4>\n<ul style=\"list-style-type: square; \n\tpadding-left: 1em;\">\n<li>Dozimi: 2 g BONSILAGE ALFA\/t mas\u00eb p\u00ebr silazhim<\/li>\n<li>1 doz\u00eb e mjaftueshme p\u00ebr t\u00eb trajtuar 50 t<\/li>\n<li>Zona e perdorimit: silazh i luzernit dhe barit t\u00eb t\u00ebrfilit me 30-45 % l\u00ebnd\u00eb e that\u00eb<\/li>\n\n\n<\/ul>\n<\/div>\n<\/div>\n\n\n\n<div class=\"wp-block-column\">\n<div class=\"blue_marker_list\">\n<h4 style=\"padding: 20px 0;\"> Periudha minimale e ruajtjes<\/h4>\n<ul style=\"list-style-type: square; \n\tpadding-left: 1em;\">\n<li>8 jav\u00eb<\/li>\n<\/ul>\n<\/div>\n<\/div>\n<\/div>\n<\/div>\n<\/div>\n","protected":false},"excerpt":{"rendered":"<p>BONSILAGE ALFA (liquid) Aditiv silazhi (homo- dhe heterofermentues) p\u00ebr luzernin dhe barin e t\u00ebrfilit Karakteristikat: L. paracasei L. plantarum Lc. lactis L. buchneri min. 1,25* 1011 baktere acid laktik \/g ALFA BONSILAGE Efektet: Reduktimi i shpejt\u00eb dhe i p\u00ebrhersh\u00ebm i pH-s\u00eb p\u00ebr shkak t\u00eb fruktanit shp\u00ebrb\u00ebjn\u00eb bakteret e acidit laktik sidomos n\u00eb kushtet e v\u00ebshtira [&hellip;]<\/p>\n","protected":false},"author":1,"featured_media":0,"parent":0,"menu_order":0,"comment_status":"closed","ping_status":"closed","template":"","meta":{"inline_featured_image":false,"footnotes":""},"class_list":["post-8154","page","type-page","status-publish","hentry"],"yoast_head":"<!-- This site is optimized with the Yoast SEO plugin v18.9 - https:\/\/yoast.com\/wordpress\/plugins\/seo\/ -->\n<title>BONSILAGE ALFA - Austria Praemix<\/title>\n<meta name=\"robots\" content=\"index, follow, max-snippet:-1, max-image-preview:large, max-video-preview:-1\" \/>\n<link rel=\"canonical\" href=\"https:\/\/ap.com.al\/?page_id=8154\" \/>\n<meta property=\"og:locale\" content=\"en_US\" \/>\n<meta property=\"og:type\" content=\"article\" \/>\n<meta property=\"og:title\" content=\"BONSILAGE ALFA - Austria Praemix\" \/>\n<meta property=\"og:description\" content=\"BONSILAGE ALFA (liquid) Aditiv silazhi (homo- dhe heterofermentues) p\u00ebr luzernin dhe barin e t\u00ebrfilit Karakteristikat: L. paracasei L. plantarum Lc. lactis L. buchneri min. 1,25* 1011 baktere acid laktik \/g ALFA BONSILAGE Efektet: Reduktimi i shpejt\u00eb dhe i p\u00ebrhersh\u00ebm i pH-s\u00eb p\u00ebr shkak t\u00eb fruktanit shp\u00ebrb\u00ebjn\u00eb bakteret e acidit laktik sidomos n\u00eb kushtet e v\u00ebshtira [&hellip;]\" \/>\n<meta property=\"og:url\" content=\"https:\/\/ap.com.al\/?page_id=8154\" \/>\n<meta property=\"og:site_name\" content=\"Austria Praemix\" \/>\n<meta property=\"article:publisher\" content=\"https:\/\/www.facebook.com\/austriapraemiks\/\" \/>\n<meta property=\"article:modified_time\" content=\"2022-06-01T13:45:42+00:00\" \/>\n<meta property=\"og:image\" content=\"https:\/\/ap.com.al\/wp-content\/uploads\/2022\/05\/oeko.png\" \/>\n<meta name=\"twitter:card\" content=\"summary_large_image\" \/>\n<meta name=\"twitter:label1\" content=\"Est. reading time\" \/>\n\t<meta name=\"twitter:data1\" content=\"1 minute\" \/>\n<script type=\"application\/ld+json\" class=\"yoast-schema-graph\">{\"@context\":\"https:\/\/schema.org\",\"@graph\":[{\"@type\":\"Organization\",\"@id\":\"https:\/\/ap.com.al\/#organization\",\"name\":\"Austria Preamix\",\"url\":\"https:\/\/ap.com.al\/\",\"sameAs\":[\"https:\/\/www.instagram.com\/austriapraemix\/\",\"https:\/\/www.facebook.com\/austriapraemiks\/\"],\"logo\":{\"@type\":\"ImageObject\",\"inLanguage\":\"en-US\",\"@id\":\"https:\/\/ap.com.al\/#\/schema\/logo\/image\/\",\"url\":\"https:\/\/ap.com.al\/wp-content\/uploads\/2022\/02\/AP-logo.png\",\"contentUrl\":\"https:\/\/ap.com.al\/wp-content\/uploads\/2022\/02\/AP-logo.png\",\"width\":3358,\"height\":1616,\"caption\":\"Austria Preamix\"},\"image\":{\"@id\":\"https:\/\/ap.com.al\/#\/schema\/logo\/image\/\"}},{\"@type\":\"WebSite\",\"@id\":\"https:\/\/ap.com.al\/#website\",\"url\":\"https:\/\/ap.com.al\/\",\"name\":\"Austria Praemix\",\"description\":\"\",\"publisher\":{\"@id\":\"https:\/\/ap.com.al\/#organization\"},\"potentialAction\":[{\"@type\":\"SearchAction\",\"target\":{\"@type\":\"EntryPoint\",\"urlTemplate\":\"https:\/\/ap.com.al\/?s={search_term_string}\"},\"query-input\":\"required name=search_term_string\"}],\"inLanguage\":\"en-US\"},{\"@type\":\"ImageObject\",\"inLanguage\":\"en-US\",\"@id\":\"https:\/\/ap.com.al\/?page_id=8154#primaryimage\",\"url\":\"https:\/\/ap.com.al\/wp-content\/uploads\/2022\/05\/oeko.png\",\"contentUrl\":\"https:\/\/ap.com.al\/wp-content\/uploads\/2022\/05\/oeko.png\",\"width\":351,\"height\":351},{\"@type\":\"WebPage\",\"@id\":\"https:\/\/ap.com.al\/?page_id=8154#webpage\",\"url\":\"https:\/\/ap.com.al\/?page_id=8154\",\"name\":\"BONSILAGE ALFA - Austria Praemix\",\"isPartOf\":{\"@id\":\"https:\/\/ap.com.al\/#website\"},\"primaryImageOfPage\":{\"@id\":\"https:\/\/ap.com.al\/?page_id=8154#primaryimage\"},\"datePublished\":\"2022-06-01T13:43:28+00:00\",\"dateModified\":\"2022-06-01T13:45:42+00:00\",\"breadcrumb\":{\"@id\":\"https:\/\/ap.com.al\/?page_id=8154#breadcrumb\"},\"inLanguage\":\"en-US\",\"potentialAction\":[{\"@type\":\"ReadAction\",\"target\":[\"https:\/\/ap.com.al\/?page_id=8154\"]}]},{\"@type\":\"BreadcrumbList\",\"@id\":\"https:\/\/ap.com.al\/?page_id=8154#breadcrumb\",\"itemListElement\":[{\"@type\":\"ListItem\",\"position\":1,\"name\":\"Home\",\"item\":\"https:\/\/ap.com.al\/\"},{\"@type\":\"ListItem\",\"position\":2,\"name\":\"BONSILAGE ALFA\"}]}]}<\/script>\n<!-- \/ Yoast SEO plugin. -->","yoast_head_json":{"title":"BONSILAGE ALFA - Austria Praemix","robots":{"index":"index","follow":"follow","max-snippet":"max-snippet:-1","max-image-preview":"max-image-preview:large","max-video-preview":"max-video-preview:-1"},"canonical":"https:\/\/ap.com.al\/?page_id=8154","og_locale":"en_US","og_type":"article","og_title":"BONSILAGE ALFA - Austria Praemix","og_description":"BONSILAGE ALFA (liquid) Aditiv silazhi (homo- dhe heterofermentues) p\u00ebr luzernin dhe barin e t\u00ebrfilit Karakteristikat: L. paracasei L. plantarum Lc. lactis L. buchneri min. 1,25* 1011 baktere acid laktik \/g ALFA BONSILAGE Efektet: Reduktimi i shpejt\u00eb dhe i p\u00ebrhersh\u00ebm i pH-s\u00eb p\u00ebr shkak t\u00eb fruktanit shp\u00ebrb\u00ebjn\u00eb bakteret e acidit laktik sidomos n\u00eb kushtet e v\u00ebshtira [&hellip;]","og_url":"https:\/\/ap.com.al\/?page_id=8154","og_site_name":"Austria Praemix","article_publisher":"https:\/\/www.facebook.com\/austriapraemiks\/","article_modified_time":"2022-06-01T13:45:42+00:00","og_image":[{"url":"https:\/\/ap.com.al\/wp-content\/uploads\/2022\/05\/oeko.png"}],"twitter_card":"summary_large_image","twitter_misc":{"Est. reading time":"1 minute"},"schema":{"@context":"https:\/\/schema.org","@graph":[{"@type":"Organization","@id":"https:\/\/ap.com.al\/#organization","name":"Austria Preamix","url":"https:\/\/ap.com.al\/","sameAs":["https:\/\/www.instagram.com\/austriapraemix\/","https:\/\/www.facebook.com\/austriapraemiks\/"],"logo":{"@type":"ImageObject","inLanguage":"en-US","@id":"https:\/\/ap.com.al\/#\/schema\/logo\/image\/","url":"https:\/\/ap.com.al\/wp-content\/uploads\/2022\/02\/AP-logo.png","contentUrl":"https:\/\/ap.com.al\/wp-content\/uploads\/2022\/02\/AP-logo.png","width":3358,"height":1616,"caption":"Austria Preamix"},"image":{"@id":"https:\/\/ap.com.al\/#\/schema\/logo\/image\/"}},{"@type":"WebSite","@id":"https:\/\/ap.com.al\/#website","url":"https:\/\/ap.com.al\/","name":"Austria Praemix","description":"","publisher":{"@id":"https:\/\/ap.com.al\/#organization"},"potentialAction":[{"@type":"SearchAction","target":{"@type":"EntryPoint","urlTemplate":"https:\/\/ap.com.al\/?s={search_term_string}"},"query-input":"required name=search_term_string"}],"inLanguage":"en-US"},{"@type":"ImageObject","inLanguage":"en-US","@id":"https:\/\/ap.com.al\/?page_id=8154#primaryimage","url":"https:\/\/ap.com.al\/wp-content\/uploads\/2022\/05\/oeko.png","contentUrl":"https:\/\/ap.com.al\/wp-content\/uploads\/2022\/05\/oeko.png","width":351,"height":351},{"@type":"WebPage","@id":"https:\/\/ap.com.al\/?page_id=8154#webpage","url":"https:\/\/ap.com.al\/?page_id=8154","name":"BONSILAGE ALFA - Austria Praemix","isPartOf":{"@id":"https:\/\/ap.com.al\/#website"},"primaryImageOfPage":{"@id":"https:\/\/ap.com.al\/?page_id=8154#primaryimage"},"datePublished":"2022-06-01T13:43:28+00:00","dateModified":"2022-06-01T13:45:42+00:00","breadcrumb":{"@id":"https:\/\/ap.com.al\/?page_id=8154#breadcrumb"},"inLanguage":"en-US","potentialAction":[{"@type":"ReadAction","target":["https:\/\/ap.com.al\/?page_id=8154"]}]},{"@type":"BreadcrumbList","@id":"https:\/\/ap.com.al\/?page_id=8154#breadcrumb","itemListElement":[{"@type":"ListItem","position":1,"name":"Home","item":"https:\/\/ap.com.al\/"},{"@type":"ListItem","position":2,"name":"BONSILAGE ALFA"}]}]}},"_links":{"self":[{"href":"https:\/\/ap.com.al\/index.php?rest_route=\/wp\/v2\/pages\/8154","targetHints":{"allow":["GET"]}}],"collection":[{"href":"https:\/\/ap.com.al\/index.php?rest_route=\/wp\/v2\/pages"}],"about":[{"href":"https:\/\/ap.com.al\/index.php?rest_route=\/wp\/v2\/types\/page"}],"author":[{"embeddable":true,"href":"https:\/\/ap.com.al\/index.php?rest_route=\/wp\/v2\/users\/1"}],"replies":[{"embeddable":true,"href":"https:\/\/ap.com.al\/index.php?rest_route=%2Fwp%2Fv2%2Fcomments&post=8154"}],"version-history":[{"count":1,"href":"https:\/\/ap.com.al\/index.php?rest_route=\/wp\/v2\/pages\/8154\/revisions"}],"predecessor-version":[{"id":8155,"href":"https:\/\/ap.com.al\/index.php?rest_route=\/wp\/v2\/pages\/8154\/revisions\/8155"}],"wp:attachment":[{"href":"https:\/\/ap.com.al\/index.php?rest_route=%2Fwp%2Fv2%2Fmedia&parent=8154"}],"curies":[{"name":"wp","href":"https:\/\/api.w.org\/{rel}","templated":true}]}}