{"id":8162,"date":"2022-06-01T14:12:32","date_gmt":"2022-06-01T14:12:32","guid":{"rendered":"https:\/\/ap.com.al\/?page_id=8162"},"modified":"2022-06-01T14:12:33","modified_gmt":"2022-06-01T14:12:33","slug":"denkamilk","status":"publish","type":"page","link":"https:\/\/ap.com.al\/?page_id=8162","title":{"rendered":"DENKAMILK"},"content":{"rendered":"\n<style>\n  #oniiii{\n    background-image:url(\"https:\/\/ap.com.al\/wp-content\/uploads\/2022\/01\/Kuehe.jpg\");\n    padding-bottom: 32%;\n    background-position:center bottom;\n    background-repeat: no-repeat;\n    background-size:cover;\n  }\n  <\/style>\n  <script src=\"https:\/\/code.jquery.com\/jquery-3.5.0.js\">\n<\/script>\n\n<div id=\"oniiii\"><\/div>\n \n<script>\n$( \"#oniiii\" ).insertBefore( \".container_wrap_first\" );\n<\/script>\n\n\n\n<div class=\"wp-block-columns\" id=\"containerr\">\n<div class=\"wp-block-column\">\n<div class=\"avia_textblock\" itemprop=\"text\"><h4 style=\"color:#005a8c;\n\">SCHAUMACID MONO GRANULAT <\/h4>\n<\/div>\n<\/div>\n<\/div>\n\n\n\n<div class=\"wp-block-columns\" id=\"containerr\">\n<div class=\"wp-block-column\">\n<div class=\"detail__certificates-item-icon\">\n<img decoding=\"async\" alt=\"SCHAUMACID MONO GRANULAT\" src=\"https:\/\/ap.com.al\/wp-content\/uploads\/2022\/03\/Asset-51-1.png\">\n<\/div>\n<\/div>\n<\/div>\n\n\n\n<div class=\"wp-block-columns\" id=\"containerr\">\n<div class=\"wp-block-column\">\n<div class=\"blue_marker_list\">\n\n<p style=\"font-style: italic;\">Z\u00ebvend\u00ebsuesi i qum\u00ebshtit Denkamilk Prime \u00ebsht\u00eb nj\u00eb z\u00ebvend\u00ebsues qum\u00ebshti optimal p\u00ebr ritme m\u00eb t\u00eb larta t\u00eb ushqyerjes dhe i p\u00ebrshtatsh\u00ebm p\u00ebr t\u00eb ushqyerit n\u00eb dim\u00ebr n\u00eb klimat ekstreme.\n<\/p><\/div>\n\n\n\n<div class=\"blue_marker_list\">\n\n<h4 style=\"padding: 20px 0;\">P\u00ebrmir\u00ebsim i gjendjes me Denkamilk Prime:<\/h4>\n<ul style=\"list-style-type: square; \n\tpadding-left: 1em;\">\n<li>Maksimizimi i profilit t\u00eb acideve yndyrore: P\u00ebrmban Tributirat, Nivele t\u00eb ngritura t\u00eb vajit t\u00eb kokosit\n<\/li>\n<li>Paketa p\u00ebrfundimtare e siguris\u00eb: Probiotik\u00ebt, Vajra esencial\u00eb, Acidet organike\n<\/li>\n<\/ul>\n\n\n<\/div>\n\n\n\n<div class=\"blue_marker_list\">\n\n<h4 style=\"padding: 20px 0;\">Z\u00ebvend\u00ebsuesit e qum\u00ebshtit t\u00eb Denkamilk karakterizohen nga:<\/h4>\n<ul style=\"list-style-type: square; \n\tpadding-left: 1em;\">\n<li>Standarde t\u00eb q\u00ebndrueshme t\u00eb cil\u00ebsis\u00eb m\u00eb t\u00eb lart\u00eb<\/li>\n<li>Niveli i shk\u00eblqyer i energjis\u00eb s\u00eb metabolizueshme<\/li>\n<li>Rritja e tretshm\u00ebris\u00eb s\u00eb proteinave duke p\u00ebrdorur p\u00ebrb\u00ebr\u00ebs t\u00eb cil\u00ebsis\u00eb s\u00eb lart\u00eb dhe nivel t\u00eb ul\u00ebt t\u00eb hirit<\/li>\n<li>Profili unik i acideve yndyrore p\u00ebr performanc\u00eb dhe sh\u00ebndet<\/li>\n<li>Shije e shk\u00eblqyer<\/li>\n<\/ul>\n<\/div>\n<\/div>\n<\/div>\n","protected":false},"excerpt":{"rendered":"<p>SCHAUMACID MONO GRANULAT Z\u00ebvend\u00ebsuesi i qum\u00ebshtit Denkamilk Prime \u00ebsht\u00eb nj\u00eb z\u00ebvend\u00ebsues qum\u00ebshti optimal p\u00ebr ritme m\u00eb t\u00eb larta t\u00eb ushqyerjes dhe i p\u00ebrshtatsh\u00ebm p\u00ebr t\u00eb ushqyerit n\u00eb dim\u00ebr n\u00eb klimat ekstreme. P\u00ebrmir\u00ebsim i gjendjes me Denkamilk Prime: Maksimizimi i profilit t\u00eb acideve yndyrore: P\u00ebrmban Tributirat, Nivele t\u00eb ngritura t\u00eb vajit t\u00eb kokosit Paketa p\u00ebrfundimtare e [&hellip;]<\/p>\n","protected":false},"author":1,"featured_media":0,"parent":0,"menu_order":0,"comment_status":"closed","ping_status":"closed","template":"","meta":{"inline_featured_image":false,"footnotes":""},"class_list":["post-8162","page","type-page","status-publish","hentry"],"yoast_head":"<!-- This site is optimized with the Yoast SEO plugin v18.9 - https:\/\/yoast.com\/wordpress\/plugins\/seo\/ -->\n<title>DENKAMILK - Austria Praemix<\/title>\n<meta name=\"robots\" content=\"index, follow, max-snippet:-1, max-image-preview:large, max-video-preview:-1\" \/>\n<link rel=\"canonical\" href=\"https:\/\/ap.com.al\/?page_id=8162\" \/>\n<meta property=\"og:locale\" content=\"en_US\" \/>\n<meta property=\"og:type\" content=\"article\" \/>\n<meta property=\"og:title\" content=\"DENKAMILK - Austria Praemix\" \/>\n<meta property=\"og:description\" content=\"SCHAUMACID MONO GRANULAT Z\u00ebvend\u00ebsuesi i qum\u00ebshtit Denkamilk Prime \u00ebsht\u00eb nj\u00eb z\u00ebvend\u00ebsues qum\u00ebshti optimal p\u00ebr ritme m\u00eb t\u00eb larta t\u00eb ushqyerjes dhe i p\u00ebrshtatsh\u00ebm p\u00ebr t\u00eb ushqyerit n\u00eb dim\u00ebr n\u00eb klimat ekstreme. P\u00ebrmir\u00ebsim i gjendjes me Denkamilk Prime: Maksimizimi i profilit t\u00eb acideve yndyrore: P\u00ebrmban Tributirat, Nivele t\u00eb ngritura t\u00eb vajit t\u00eb kokosit Paketa p\u00ebrfundimtare e [&hellip;]\" \/>\n<meta property=\"og:url\" content=\"https:\/\/ap.com.al\/?page_id=8162\" \/>\n<meta property=\"og:site_name\" content=\"Austria Praemix\" \/>\n<meta property=\"article:publisher\" content=\"https:\/\/www.facebook.com\/austriapraemiks\/\" \/>\n<meta property=\"article:modified_time\" content=\"2022-06-01T14:12:33+00:00\" \/>\n<meta property=\"og:image\" content=\"https:\/\/ap.com.al\/wp-content\/uploads\/2022\/03\/Asset-51-1.png\" \/>\n<meta name=\"twitter:card\" content=\"summary_large_image\" \/>\n<meta name=\"twitter:label1\" content=\"Est. reading time\" \/>\n\t<meta name=\"twitter:data1\" content=\"1 minute\" \/>\n<script type=\"application\/ld+json\" class=\"yoast-schema-graph\">{\"@context\":\"https:\/\/schema.org\",\"@graph\":[{\"@type\":\"Organization\",\"@id\":\"https:\/\/ap.com.al\/#organization\",\"name\":\"Austria Preamix\",\"url\":\"https:\/\/ap.com.al\/\",\"sameAs\":[\"https:\/\/www.instagram.com\/austriapraemix\/\",\"https:\/\/www.facebook.com\/austriapraemiks\/\"],\"logo\":{\"@type\":\"ImageObject\",\"inLanguage\":\"en-US\",\"@id\":\"https:\/\/ap.com.al\/#\/schema\/logo\/image\/\",\"url\":\"https:\/\/ap.com.al\/wp-content\/uploads\/2022\/02\/AP-logo.png\",\"contentUrl\":\"https:\/\/ap.com.al\/wp-content\/uploads\/2022\/02\/AP-logo.png\",\"width\":3358,\"height\":1616,\"caption\":\"Austria Preamix\"},\"image\":{\"@id\":\"https:\/\/ap.com.al\/#\/schema\/logo\/image\/\"}},{\"@type\":\"WebSite\",\"@id\":\"https:\/\/ap.com.al\/#website\",\"url\":\"https:\/\/ap.com.al\/\",\"name\":\"Austria Praemix\",\"description\":\"\",\"publisher\":{\"@id\":\"https:\/\/ap.com.al\/#organization\"},\"potentialAction\":[{\"@type\":\"SearchAction\",\"target\":{\"@type\":\"EntryPoint\",\"urlTemplate\":\"https:\/\/ap.com.al\/?s={search_term_string}\"},\"query-input\":\"required name=search_term_string\"}],\"inLanguage\":\"en-US\"},{\"@type\":\"ImageObject\",\"inLanguage\":\"en-US\",\"@id\":\"https:\/\/ap.com.al\/?page_id=8162#primaryimage\",\"url\":\"https:\/\/ap.com.al\/wp-content\/uploads\/2022\/03\/Asset-51-1.png\",\"contentUrl\":\"https:\/\/ap.com.al\/wp-content\/uploads\/2022\/03\/Asset-51-1.png\",\"width\":355,\"height\":354},{\"@type\":\"WebPage\",\"@id\":\"https:\/\/ap.com.al\/?page_id=8162#webpage\",\"url\":\"https:\/\/ap.com.al\/?page_id=8162\",\"name\":\"DENKAMILK - Austria Praemix\",\"isPartOf\":{\"@id\":\"https:\/\/ap.com.al\/#website\"},\"primaryImageOfPage\":{\"@id\":\"https:\/\/ap.com.al\/?page_id=8162#primaryimage\"},\"datePublished\":\"2022-06-01T14:12:32+00:00\",\"dateModified\":\"2022-06-01T14:12:33+00:00\",\"breadcrumb\":{\"@id\":\"https:\/\/ap.com.al\/?page_id=8162#breadcrumb\"},\"inLanguage\":\"en-US\",\"potentialAction\":[{\"@type\":\"ReadAction\",\"target\":[\"https:\/\/ap.com.al\/?page_id=8162\"]}]},{\"@type\":\"BreadcrumbList\",\"@id\":\"https:\/\/ap.com.al\/?page_id=8162#breadcrumb\",\"itemListElement\":[{\"@type\":\"ListItem\",\"position\":1,\"name\":\"Home\",\"item\":\"https:\/\/ap.com.al\/\"},{\"@type\":\"ListItem\",\"position\":2,\"name\":\"DENKAMILK\"}]}]}<\/script>\n<!-- \/ Yoast SEO plugin. -->","yoast_head_json":{"title":"DENKAMILK - Austria Praemix","robots":{"index":"index","follow":"follow","max-snippet":"max-snippet:-1","max-image-preview":"max-image-preview:large","max-video-preview":"max-video-preview:-1"},"canonical":"https:\/\/ap.com.al\/?page_id=8162","og_locale":"en_US","og_type":"article","og_title":"DENKAMILK - Austria Praemix","og_description":"SCHAUMACID MONO GRANULAT Z\u00ebvend\u00ebsuesi i qum\u00ebshtit Denkamilk Prime \u00ebsht\u00eb nj\u00eb z\u00ebvend\u00ebsues qum\u00ebshti optimal p\u00ebr ritme m\u00eb t\u00eb larta t\u00eb ushqyerjes dhe i p\u00ebrshtatsh\u00ebm p\u00ebr t\u00eb ushqyerit n\u00eb dim\u00ebr n\u00eb klimat ekstreme. P\u00ebrmir\u00ebsim i gjendjes me Denkamilk Prime: Maksimizimi i profilit t\u00eb acideve yndyrore: P\u00ebrmban Tributirat, Nivele t\u00eb ngritura t\u00eb vajit t\u00eb kokosit Paketa p\u00ebrfundimtare e [&hellip;]","og_url":"https:\/\/ap.com.al\/?page_id=8162","og_site_name":"Austria Praemix","article_publisher":"https:\/\/www.facebook.com\/austriapraemiks\/","article_modified_time":"2022-06-01T14:12:33+00:00","og_image":[{"url":"https:\/\/ap.com.al\/wp-content\/uploads\/2022\/03\/Asset-51-1.png"}],"twitter_card":"summary_large_image","twitter_misc":{"Est. reading time":"1 minute"},"schema":{"@context":"https:\/\/schema.org","@graph":[{"@type":"Organization","@id":"https:\/\/ap.com.al\/#organization","name":"Austria Preamix","url":"https:\/\/ap.com.al\/","sameAs":["https:\/\/www.instagram.com\/austriapraemix\/","https:\/\/www.facebook.com\/austriapraemiks\/"],"logo":{"@type":"ImageObject","inLanguage":"en-US","@id":"https:\/\/ap.com.al\/#\/schema\/logo\/image\/","url":"https:\/\/ap.com.al\/wp-content\/uploads\/2022\/02\/AP-logo.png","contentUrl":"https:\/\/ap.com.al\/wp-content\/uploads\/2022\/02\/AP-logo.png","width":3358,"height":1616,"caption":"Austria Preamix"},"image":{"@id":"https:\/\/ap.com.al\/#\/schema\/logo\/image\/"}},{"@type":"WebSite","@id":"https:\/\/ap.com.al\/#website","url":"https:\/\/ap.com.al\/","name":"Austria Praemix","description":"","publisher":{"@id":"https:\/\/ap.com.al\/#organization"},"potentialAction":[{"@type":"SearchAction","target":{"@type":"EntryPoint","urlTemplate":"https:\/\/ap.com.al\/?s={search_term_string}"},"query-input":"required name=search_term_string"}],"inLanguage":"en-US"},{"@type":"ImageObject","inLanguage":"en-US","@id":"https:\/\/ap.com.al\/?page_id=8162#primaryimage","url":"https:\/\/ap.com.al\/wp-content\/uploads\/2022\/03\/Asset-51-1.png","contentUrl":"https:\/\/ap.com.al\/wp-content\/uploads\/2022\/03\/Asset-51-1.png","width":355,"height":354},{"@type":"WebPage","@id":"https:\/\/ap.com.al\/?page_id=8162#webpage","url":"https:\/\/ap.com.al\/?page_id=8162","name":"DENKAMILK - Austria Praemix","isPartOf":{"@id":"https:\/\/ap.com.al\/#website"},"primaryImageOfPage":{"@id":"https:\/\/ap.com.al\/?page_id=8162#primaryimage"},"datePublished":"2022-06-01T14:12:32+00:00","dateModified":"2022-06-01T14:12:33+00:00","breadcrumb":{"@id":"https:\/\/ap.com.al\/?page_id=8162#breadcrumb"},"inLanguage":"en-US","potentialAction":[{"@type":"ReadAction","target":["https:\/\/ap.com.al\/?page_id=8162"]}]},{"@type":"BreadcrumbList","@id":"https:\/\/ap.com.al\/?page_id=8162#breadcrumb","itemListElement":[{"@type":"ListItem","position":1,"name":"Home","item":"https:\/\/ap.com.al\/"},{"@type":"ListItem","position":2,"name":"DENKAMILK"}]}]}},"_links":{"self":[{"href":"https:\/\/ap.com.al\/index.php?rest_route=\/wp\/v2\/pages\/8162","targetHints":{"allow":["GET"]}}],"collection":[{"href":"https:\/\/ap.com.al\/index.php?rest_route=\/wp\/v2\/pages"}],"about":[{"href":"https:\/\/ap.com.al\/index.php?rest_route=\/wp\/v2\/types\/page"}],"author":[{"embeddable":true,"href":"https:\/\/ap.com.al\/index.php?rest_route=\/wp\/v2\/users\/1"}],"replies":[{"embeddable":true,"href":"https:\/\/ap.com.al\/index.php?rest_route=%2Fwp%2Fv2%2Fcomments&post=8162"}],"version-history":[{"count":1,"href":"https:\/\/ap.com.al\/index.php?rest_route=\/wp\/v2\/pages\/8162\/revisions"}],"predecessor-version":[{"id":8164,"href":"https:\/\/ap.com.al\/index.php?rest_route=\/wp\/v2\/pages\/8162\/revisions\/8164"}],"wp:attachment":[{"href":"https:\/\/ap.com.al\/index.php?rest_route=%2Fwp%2Fv2%2Fmedia&parent=8162"}],"curies":[{"name":"wp","href":"https:\/\/api.w.org\/{rel}","templated":true}]}}