{"id":8190,"date":"2022-06-01T15:12:55","date_gmt":"2022-06-01T15:12:55","guid":{"rendered":"https:\/\/ap.com.al\/?page_id=8190"},"modified":"2022-06-01T15:12:56","modified_gmt":"2022-06-01T15:12:56","slug":"bigarol-cream-vanilla-ipe","status":"publish","type":"page","link":"https:\/\/ap.com.al\/?page_id=8190","title":{"rendered":"BIGAROL Cream-Vanilla IPE"},"content":{"rendered":"\n<style>\n  #oniiii{\n    background-image:url(\"https:\/\/ap.com.al\/wp-content\/uploads\/2022\/01\/Kuehe.jpg\");\n    padding-bottom: 32%;\n    background-position:center bottom;\n    background-repeat: no-repeat;\n    background-size:cover;\n  }\n  <\/style>\n  <script src=\"https:\/\/code.jquery.com\/jquery-3.5.0.js\">\n<\/script>\n\n<div id=\"oniiii\"><\/div>\n \n<script>\n$( \"#oniiii\" ).insertBefore( \".container_wrap_first\" );\n<\/script>\n\n\n\n<div class=\"wp-block-columns\" id=\"containerr\">\n<div class=\"wp-block-column\">\n<div class=\"avia_textblock\" itemprop=\"text\"><h4 style=\"color:#005a8c;\n\">BIGAROL Cream-Vanilla IPE <\/h4>\n<\/div>\n<\/div>\n<\/div>\n\n\n\n<div class=\"wp-block-columns\" id=\"containerr\">\n<div class=\"wp-block-column\">\n<div class=\"detail__certificates-item-icon\">\n<img decoding=\"async\" alt=\"BIGAROL Cream-Vanilla IPE\" src=\"https:\/\/ap.com.al\/wp-content\/uploads\/2022\/03\/Asset-51-1.png\">\n<\/div>\n<\/div>\n<\/div>\n\n\n\n<div class=\"wp-block-columns\" id=\"containerr\">\n<div class=\"wp-block-column\">\n<div class=\"blue_marker_list\">\n\n<p style=\"font-style: italic;\">BIGAROL Cream-Vanilla IPE \u00ebsht\u00eb projektuar p\u00ebr t\u00eb rritur shijen dhe arom\u00ebn e ushqimit mineral p\u00ebr gjedh\u00eb dhe t\u00eb ushqimit p\u00ebr derra.\n<br>BIGAROL Cream-Vanilla IPE \u00ebsht\u00eb pjes\u00eb e gam\u00ebs s\u00eb fundit t\u00eb aromave pluhur t\u00eb enkapsuluara.\n<\/p><\/div>\n\n\n\n<div class=\"blue_marker_list\">\n\n<h4 style=\"padding: 20px 0;\">Forma, me veti m\u00eb t\u00eb p\u00ebrmir\u00ebsuara n\u00eb krahasim me aromatizuesit standard pluhur karakterizohet nga parametrat e m\u00ebposht\u00ebm:<\/h4>\n<ul style=\"list-style-type: square; \n\tpadding-left: 1em;\">\n<li>Mbajtja e nj\u00eb profili t\u00eb q\u00ebndruesh\u00ebm t\u00eb shijes\n<\/li>\n<li>Mbrojtje kund\u00ebr p\u00ebrb\u00ebr\u00ebsve agresiv\u00eb t\u00eb ushqimit\n<\/li>\n<li>Optimizimi i stabilitetit afatgjat\u00eb aromatik t\u00eb shtrir\u00eb me +30%\n<\/li>\n<\/ul>\n\n\n<\/div>\n<\/div>\n<\/div>\n","protected":false},"excerpt":{"rendered":"<p>BIGAROL Cream-Vanilla IPE BIGAROL Cream-Vanilla IPE \u00ebsht\u00eb projektuar p\u00ebr t\u00eb rritur shijen dhe arom\u00ebn e ushqimit mineral p\u00ebr gjedh\u00eb dhe t\u00eb ushqimit p\u00ebr derra. BIGAROL Cream-Vanilla IPE \u00ebsht\u00eb pjes\u00eb e gam\u00ebs s\u00eb fundit t\u00eb aromave pluhur t\u00eb enkapsuluara. Forma, me veti m\u00eb t\u00eb p\u00ebrmir\u00ebsuara n\u00eb krahasim me aromatizuesit standard pluhur karakterizohet nga parametrat e m\u00ebposht\u00ebm: [&hellip;]<\/p>\n","protected":false},"author":1,"featured_media":0,"parent":0,"menu_order":0,"comment_status":"closed","ping_status":"closed","template":"","meta":{"inline_featured_image":false,"footnotes":""},"class_list":["post-8190","page","type-page","status-publish","hentry"],"yoast_head":"<!-- This site is optimized with the Yoast SEO plugin v18.9 - https:\/\/yoast.com\/wordpress\/plugins\/seo\/ -->\n<title>BIGAROL Cream-Vanilla IPE - Austria Praemix<\/title>\n<meta name=\"robots\" content=\"index, follow, max-snippet:-1, max-image-preview:large, max-video-preview:-1\" \/>\n<link rel=\"canonical\" href=\"https:\/\/ap.com.al\/?page_id=8190\" \/>\n<meta property=\"og:locale\" content=\"en_US\" \/>\n<meta property=\"og:type\" content=\"article\" \/>\n<meta property=\"og:title\" content=\"BIGAROL Cream-Vanilla IPE - Austria Praemix\" \/>\n<meta property=\"og:description\" content=\"BIGAROL Cream-Vanilla IPE BIGAROL Cream-Vanilla IPE \u00ebsht\u00eb projektuar p\u00ebr t\u00eb rritur shijen dhe arom\u00ebn e ushqimit mineral p\u00ebr gjedh\u00eb dhe t\u00eb ushqimit p\u00ebr derra. BIGAROL Cream-Vanilla IPE \u00ebsht\u00eb pjes\u00eb e gam\u00ebs s\u00eb fundit t\u00eb aromave pluhur t\u00eb enkapsuluara. Forma, me veti m\u00eb t\u00eb p\u00ebrmir\u00ebsuara n\u00eb krahasim me aromatizuesit standard pluhur karakterizohet nga parametrat e m\u00ebposht\u00ebm: [&hellip;]\" \/>\n<meta property=\"og:url\" content=\"https:\/\/ap.com.al\/?page_id=8190\" \/>\n<meta property=\"og:site_name\" content=\"Austria Praemix\" \/>\n<meta property=\"article:publisher\" content=\"https:\/\/www.facebook.com\/austriapraemiks\/\" \/>\n<meta property=\"article:modified_time\" content=\"2022-06-01T15:12:56+00:00\" \/>\n<meta property=\"og:image\" content=\"https:\/\/ap.com.al\/wp-content\/uploads\/2022\/03\/Asset-51-1.png\" \/>\n<meta name=\"twitter:card\" content=\"summary_large_image\" \/>\n<meta name=\"twitter:label1\" content=\"Est. reading time\" \/>\n\t<meta name=\"twitter:data1\" content=\"1 minute\" \/>\n<script type=\"application\/ld+json\" class=\"yoast-schema-graph\">{\"@context\":\"https:\/\/schema.org\",\"@graph\":[{\"@type\":\"Organization\",\"@id\":\"https:\/\/ap.com.al\/#organization\",\"name\":\"Austria Preamix\",\"url\":\"https:\/\/ap.com.al\/\",\"sameAs\":[\"https:\/\/www.instagram.com\/austriapraemix\/\",\"https:\/\/www.facebook.com\/austriapraemiks\/\"],\"logo\":{\"@type\":\"ImageObject\",\"inLanguage\":\"en-US\",\"@id\":\"https:\/\/ap.com.al\/#\/schema\/logo\/image\/\",\"url\":\"https:\/\/ap.com.al\/wp-content\/uploads\/2022\/02\/AP-logo.png\",\"contentUrl\":\"https:\/\/ap.com.al\/wp-content\/uploads\/2022\/02\/AP-logo.png\",\"width\":3358,\"height\":1616,\"caption\":\"Austria Preamix\"},\"image\":{\"@id\":\"https:\/\/ap.com.al\/#\/schema\/logo\/image\/\"}},{\"@type\":\"WebSite\",\"@id\":\"https:\/\/ap.com.al\/#website\",\"url\":\"https:\/\/ap.com.al\/\",\"name\":\"Austria Praemix\",\"description\":\"\",\"publisher\":{\"@id\":\"https:\/\/ap.com.al\/#organization\"},\"potentialAction\":[{\"@type\":\"SearchAction\",\"target\":{\"@type\":\"EntryPoint\",\"urlTemplate\":\"https:\/\/ap.com.al\/?s={search_term_string}\"},\"query-input\":\"required name=search_term_string\"}],\"inLanguage\":\"en-US\"},{\"@type\":\"ImageObject\",\"inLanguage\":\"en-US\",\"@id\":\"https:\/\/ap.com.al\/?page_id=8190#primaryimage\",\"url\":\"https:\/\/ap.com.al\/wp-content\/uploads\/2022\/03\/Asset-51-1.png\",\"contentUrl\":\"https:\/\/ap.com.al\/wp-content\/uploads\/2022\/03\/Asset-51-1.png\",\"width\":355,\"height\":354},{\"@type\":\"WebPage\",\"@id\":\"https:\/\/ap.com.al\/?page_id=8190#webpage\",\"url\":\"https:\/\/ap.com.al\/?page_id=8190\",\"name\":\"BIGAROL Cream-Vanilla IPE - Austria Praemix\",\"isPartOf\":{\"@id\":\"https:\/\/ap.com.al\/#website\"},\"primaryImageOfPage\":{\"@id\":\"https:\/\/ap.com.al\/?page_id=8190#primaryimage\"},\"datePublished\":\"2022-06-01T15:12:55+00:00\",\"dateModified\":\"2022-06-01T15:12:56+00:00\",\"breadcrumb\":{\"@id\":\"https:\/\/ap.com.al\/?page_id=8190#breadcrumb\"},\"inLanguage\":\"en-US\",\"potentialAction\":[{\"@type\":\"ReadAction\",\"target\":[\"https:\/\/ap.com.al\/?page_id=8190\"]}]},{\"@type\":\"BreadcrumbList\",\"@id\":\"https:\/\/ap.com.al\/?page_id=8190#breadcrumb\",\"itemListElement\":[{\"@type\":\"ListItem\",\"position\":1,\"name\":\"Home\",\"item\":\"https:\/\/ap.com.al\/\"},{\"@type\":\"ListItem\",\"position\":2,\"name\":\"BIGAROL Cream-Vanilla IPE\"}]}]}<\/script>\n<!-- \/ Yoast SEO plugin. -->","yoast_head_json":{"title":"BIGAROL Cream-Vanilla IPE - Austria Praemix","robots":{"index":"index","follow":"follow","max-snippet":"max-snippet:-1","max-image-preview":"max-image-preview:large","max-video-preview":"max-video-preview:-1"},"canonical":"https:\/\/ap.com.al\/?page_id=8190","og_locale":"en_US","og_type":"article","og_title":"BIGAROL Cream-Vanilla IPE - Austria Praemix","og_description":"BIGAROL Cream-Vanilla IPE BIGAROL Cream-Vanilla IPE \u00ebsht\u00eb projektuar p\u00ebr t\u00eb rritur shijen dhe arom\u00ebn e ushqimit mineral p\u00ebr gjedh\u00eb dhe t\u00eb ushqimit p\u00ebr derra. BIGAROL Cream-Vanilla IPE \u00ebsht\u00eb pjes\u00eb e gam\u00ebs s\u00eb fundit t\u00eb aromave pluhur t\u00eb enkapsuluara. Forma, me veti m\u00eb t\u00eb p\u00ebrmir\u00ebsuara n\u00eb krahasim me aromatizuesit standard pluhur karakterizohet nga parametrat e m\u00ebposht\u00ebm: [&hellip;]","og_url":"https:\/\/ap.com.al\/?page_id=8190","og_site_name":"Austria Praemix","article_publisher":"https:\/\/www.facebook.com\/austriapraemiks\/","article_modified_time":"2022-06-01T15:12:56+00:00","og_image":[{"url":"https:\/\/ap.com.al\/wp-content\/uploads\/2022\/03\/Asset-51-1.png"}],"twitter_card":"summary_large_image","twitter_misc":{"Est. reading time":"1 minute"},"schema":{"@context":"https:\/\/schema.org","@graph":[{"@type":"Organization","@id":"https:\/\/ap.com.al\/#organization","name":"Austria Preamix","url":"https:\/\/ap.com.al\/","sameAs":["https:\/\/www.instagram.com\/austriapraemix\/","https:\/\/www.facebook.com\/austriapraemiks\/"],"logo":{"@type":"ImageObject","inLanguage":"en-US","@id":"https:\/\/ap.com.al\/#\/schema\/logo\/image\/","url":"https:\/\/ap.com.al\/wp-content\/uploads\/2022\/02\/AP-logo.png","contentUrl":"https:\/\/ap.com.al\/wp-content\/uploads\/2022\/02\/AP-logo.png","width":3358,"height":1616,"caption":"Austria Preamix"},"image":{"@id":"https:\/\/ap.com.al\/#\/schema\/logo\/image\/"}},{"@type":"WebSite","@id":"https:\/\/ap.com.al\/#website","url":"https:\/\/ap.com.al\/","name":"Austria Praemix","description":"","publisher":{"@id":"https:\/\/ap.com.al\/#organization"},"potentialAction":[{"@type":"SearchAction","target":{"@type":"EntryPoint","urlTemplate":"https:\/\/ap.com.al\/?s={search_term_string}"},"query-input":"required name=search_term_string"}],"inLanguage":"en-US"},{"@type":"ImageObject","inLanguage":"en-US","@id":"https:\/\/ap.com.al\/?page_id=8190#primaryimage","url":"https:\/\/ap.com.al\/wp-content\/uploads\/2022\/03\/Asset-51-1.png","contentUrl":"https:\/\/ap.com.al\/wp-content\/uploads\/2022\/03\/Asset-51-1.png","width":355,"height":354},{"@type":"WebPage","@id":"https:\/\/ap.com.al\/?page_id=8190#webpage","url":"https:\/\/ap.com.al\/?page_id=8190","name":"BIGAROL Cream-Vanilla IPE - Austria Praemix","isPartOf":{"@id":"https:\/\/ap.com.al\/#website"},"primaryImageOfPage":{"@id":"https:\/\/ap.com.al\/?page_id=8190#primaryimage"},"datePublished":"2022-06-01T15:12:55+00:00","dateModified":"2022-06-01T15:12:56+00:00","breadcrumb":{"@id":"https:\/\/ap.com.al\/?page_id=8190#breadcrumb"},"inLanguage":"en-US","potentialAction":[{"@type":"ReadAction","target":["https:\/\/ap.com.al\/?page_id=8190"]}]},{"@type":"BreadcrumbList","@id":"https:\/\/ap.com.al\/?page_id=8190#breadcrumb","itemListElement":[{"@type":"ListItem","position":1,"name":"Home","item":"https:\/\/ap.com.al\/"},{"@type":"ListItem","position":2,"name":"BIGAROL Cream-Vanilla IPE"}]}]}},"_links":{"self":[{"href":"https:\/\/ap.com.al\/index.php?rest_route=\/wp\/v2\/pages\/8190","targetHints":{"allow":["GET"]}}],"collection":[{"href":"https:\/\/ap.com.al\/index.php?rest_route=\/wp\/v2\/pages"}],"about":[{"href":"https:\/\/ap.com.al\/index.php?rest_route=\/wp\/v2\/types\/page"}],"author":[{"embeddable":true,"href":"https:\/\/ap.com.al\/index.php?rest_route=\/wp\/v2\/users\/1"}],"replies":[{"embeddable":true,"href":"https:\/\/ap.com.al\/index.php?rest_route=%2Fwp%2Fv2%2Fcomments&post=8190"}],"version-history":[{"count":1,"href":"https:\/\/ap.com.al\/index.php?rest_route=\/wp\/v2\/pages\/8190\/revisions"}],"predecessor-version":[{"id":8191,"href":"https:\/\/ap.com.al\/index.php?rest_route=\/wp\/v2\/pages\/8190\/revisions\/8191"}],"wp:attachment":[{"href":"https:\/\/ap.com.al\/index.php?rest_route=%2Fwp%2Fv2%2Fmedia&parent=8190"}],"curies":[{"name":"wp","href":"https:\/\/api.w.org\/{rel}","templated":true}]}}