{"id":8526,"date":"2023-02-10T11:11:11","date_gmt":"2023-02-10T11:11:11","guid":{"rendered":"https:\/\/ap.com.al\/?page_id=8526"},"modified":"2023-02-14T08:26:22","modified_gmt":"2023-02-14T08:26:22","slug":"schaumasan-basis","status":"publish","type":"page","link":"https:\/\/ap.com.al\/?page_id=8526","title":{"rendered":"SCHAUMASAN Basis"},"content":{"rendered":"\n<style>\n  #oniiii{\n    background-image:url(\"https:\/\/ap.com.al\/wp-content\/uploads\/2022\/05\/pula-36x364-1.jpeg\");\n    padding-bottom: 32%;\n    background-position:center center;\n    background-repeat: no-repeat;\n    background-size:cover;\n  }\n  <\/style>\n  <script src=\"https:\/\/code.jquery.com\/jquery-3.5.0.js\">\n<\/script>\n\n<div id=\"oniiii\"><\/div>\n \n<script>\n$( \"#oniiii\" ).insertBefore( \".container_wrap_first\" );\n<\/script>\n\n\n\n<div class=\"wp-block-columns\" id=\"containerr\">\n<div class=\"wp-block-column\">\n<div class=\"avia_textblock\" itemprop=\"text\"><h4 style=\"color:#005a8c;\n\">SCHAUMASAN Basis<\/h4>\n<\/div>\n<\/div>\n<\/div>\n\n\n\n<div class=\"wp-block-columns\" id=\"containerr\">\n<div class=\"wp-block-column\">\n<div class=\"detail__certificates-item-icon\">\n<img decoding=\"async\" alt=\"SCHAUMASAN Basis\" src=\"https:\/\/ap.com.al\/wp-content\/uploads\/2022\/05\/pic_gefluegel.png\">\n<\/div>\n<\/div>\n<\/div>\n\n\n\n<div class=\"wp-block-columns\" id=\"containerr\">\n<div class=\"wp-block-column\">\n<div class=\"blue_marker_list\">\n\n<h4 style=\"padding: 20px 0;\">Substancat aktive t\u00eb SCHAUMASAN BASIS:<\/h4>\n<ul style=\"list-style-type: square; \n\tpadding-left: 1em;\">\n<li>CERAGEL: Lidh toksinat, ka nj\u00eb efekt frenues t\u00eb mikrobeve, stabilizon flor\u00ebn e zorr\u00ebve<\/li>\n<li>SCHAUMA-TX dhe Bentonite: Lidh toksinat<\/li>\n<\/ul>\n<\/div>\n\n\n\n<div class=\"blue_marker_list\">\n\n<h4 style=\"padding: 20px 0;\">Benefitet dhe m\u00ebnyra e veprimit:\n<\/h4>\n<p style=\"margin:unset;\">Kombinon lidh\u00ebsit inorganik\u00eb (bentonit, klinoptilolit) dhe organik\u00eb (CERAGEL).<br>\nN\u00eb k\u00ebt\u00eb m\u00ebnyr\u00eb, mund t\u00eb merren parasysh vetit\u00eb e ndryshme t\u00eb mykotoksinave t\u00eb ndryshme me afinitetet e tyre specifike lidh\u00ebse. Lidh\u00ebsit inorganik\u00eb t\u00eb toksinave (pluhurat e shk\u00ebmbinjve si bentoniti ose klinoptiloliti) bllokojn\u00eb toksinat n\u00eb sip\u00ebrfaqen e tyre poroze, t\u00eb ngjashme me nj\u00eb kafaz.<br>\nMykotoksinat e sheshta si ergot alkaloidet ose aflatoksinat mund t\u00eb p\u00ebrthithen mjaft mir\u00eb. Zearalenoni me pesh\u00eb m\u00eb t\u00eb madhe nuk p\u00ebrshtatet aq mir\u00eb, por p\u00ebrs\u00ebri mund t\u00eb p\u00ebrthithet mir\u00eb.<br>\nDON, nga ana tjet\u00ebr, ka nj\u00eb form\u00eb mjaft kubike dhe k\u00ebshtu v\u00ebshtir\u00eb se mund t\u00eb &#8220;kapet&#8221; nga lidh\u00ebsit inorganik\u00eb. K\u00ebtu hyn CERAGEL, i cili, si nj\u00eb lidh\u00ebs organik, ka veti t\u00eb tjera lidh\u00ebse si ngjitja n\u00eb sip\u00ebrfaqe ose p\u00ebrthithja n\u00eb qeliz\u00eb. Si rezultat, ekspozimi i kafsh\u00ebve ndaj DON mund t\u00eb reduktohet ndjesh\u00ebm.<br>\nPrandaj, SCHAUMASAN Basis \u00ebsht\u00eb shum\u00eb i p\u00ebrshtatsh\u00ebm p\u00ebr mbrojtjen e p\u00ebrgjithshme t\u00eb shpend\u00ebve. Simptomat m\u00eb t\u00eb zakonshme si dob\u00ebsimi i sistemit imunitar, diarreja, reduktimi i performanc\u00ebs s\u00eb shtrimit dhe shkalla e \u00e7eljes mund t\u00eb luftohen n\u00eb m\u00ebnyr\u00eb efektive.\n\n<\/p>\n<\/div>\n\n\n\n<div class=\"blue_marker_list\">\n\n<h4 style=\"padding: 20px 0;\">Dozimi:<\/h4>\n<ul style=\"list-style-type: square; \n\tpadding-left: 1em;\">\n<li>SCHAUMASAN BASIS p\u00ebrfshihet n\u00eb racionin ditor p\u00ebr shpend\u00ebt n\u00eb var\u00ebsi t\u00eb situat\u00ebs (stresuese) me 0,2-0,5 %.<\/li>\n\n\n<\/ul>\n<\/div>\n\n\n\n\n\n<div class=\"wp-block-columns\">\n<div class=\"wp-block-column\">\n<figure class=\"wp-block-image size-full\"><img loading=\"lazy\" decoding=\"async\" width=\"518\" height=\"407\" src=\"https:\/\/ap.com.al\/wp-content\/uploads\/2023\/02\/charter-2.png\" alt=\"\" class=\"wp-image-8574\" srcset=\"https:\/\/ap.com.al\/wp-content\/uploads\/2023\/02\/charter-2.png 518w, https:\/\/ap.com.al\/wp-content\/uploads\/2023\/02\/charter-2-300x236.png 300w, https:\/\/ap.com.al\/wp-content\/uploads\/2023\/02\/charter-2-450x354.png 450w\" sizes=\"auto, (max-width: 518px) 100vw, 518px\" \/><\/figure>\n<\/div>\n\n\n\n<div class=\"wp-block-column\">\n<figure class=\"wp-block-image size-full is-resized\"><img loading=\"lazy\" decoding=\"async\" src=\"https:\/\/ap.com.al\/wp-content\/uploads\/2023\/02\/Alfatx-chart-701x407-1.png\" alt=\"\" class=\"wp-image-8578\" width=\"701\" height=\"407\" srcset=\"https:\/\/ap.com.al\/wp-content\/uploads\/2023\/02\/Alfatx-chart-701x407-1.png 701w, https:\/\/ap.com.al\/wp-content\/uploads\/2023\/02\/Alfatx-chart-701x407-1-300x174.png 300w, https:\/\/ap.com.al\/wp-content\/uploads\/2023\/02\/Alfatx-chart-701x407-1-450x261.png 450w\" sizes=\"auto, (max-width: 701px) 100vw, 701px\" \/><\/figure>\n<\/div>\n<\/div>\n<\/div>\n<\/div>\n","protected":false},"excerpt":{"rendered":"<p>SCHAUMASAN Basis Substancat aktive t\u00eb SCHAUMASAN BASIS: CERAGEL: Lidh toksinat, ka nj\u00eb efekt frenues t\u00eb mikrobeve, stabilizon flor\u00ebn e zorr\u00ebve SCHAUMA-TX dhe Bentonite: Lidh toksinat Benefitet dhe m\u00ebnyra e veprimit: Kombinon lidh\u00ebsit inorganik\u00eb (bentonit, klinoptilolit) dhe organik\u00eb (CERAGEL). N\u00eb k\u00ebt\u00eb m\u00ebnyr\u00eb, mund t\u00eb merren parasysh vetit\u00eb e ndryshme t\u00eb mykotoksinave t\u00eb ndryshme me afinitetet e [&hellip;]<\/p>\n","protected":false},"author":1,"featured_media":0,"parent":0,"menu_order":0,"comment_status":"closed","ping_status":"closed","template":"","meta":{"inline_featured_image":false,"footnotes":""},"class_list":["post-8526","page","type-page","status-publish","hentry"],"yoast_head":"<!-- This site is optimized with the Yoast SEO plugin v18.9 - https:\/\/yoast.com\/wordpress\/plugins\/seo\/ -->\n<title>SCHAUMASAN Basis - Austria Praemix<\/title>\n<meta name=\"robots\" content=\"index, follow, max-snippet:-1, max-image-preview:large, max-video-preview:-1\" \/>\n<link rel=\"canonical\" href=\"https:\/\/ap.com.al\/?page_id=8526\" \/>\n<meta property=\"og:locale\" content=\"en_US\" \/>\n<meta property=\"og:type\" content=\"article\" \/>\n<meta property=\"og:title\" content=\"SCHAUMASAN Basis - Austria Praemix\" \/>\n<meta property=\"og:description\" content=\"SCHAUMASAN Basis Substancat aktive t\u00eb SCHAUMASAN BASIS: CERAGEL: Lidh toksinat, ka nj\u00eb efekt frenues t\u00eb mikrobeve, stabilizon flor\u00ebn e zorr\u00ebve SCHAUMA-TX dhe Bentonite: Lidh toksinat Benefitet dhe m\u00ebnyra e veprimit: Kombinon lidh\u00ebsit inorganik\u00eb (bentonit, klinoptilolit) dhe organik\u00eb (CERAGEL). N\u00eb k\u00ebt\u00eb m\u00ebnyr\u00eb, mund t\u00eb merren parasysh vetit\u00eb e ndryshme t\u00eb mykotoksinave t\u00eb ndryshme me afinitetet e [&hellip;]\" \/>\n<meta property=\"og:url\" content=\"https:\/\/ap.com.al\/?page_id=8526\" \/>\n<meta property=\"og:site_name\" content=\"Austria Praemix\" \/>\n<meta property=\"article:publisher\" content=\"https:\/\/www.facebook.com\/austriapraemiks\/\" \/>\n<meta property=\"article:modified_time\" content=\"2023-02-14T08:26:22+00:00\" \/>\n<meta property=\"og:image\" content=\"https:\/\/ap.com.al\/wp-content\/uploads\/2022\/05\/pic_gefluegel.png\" \/>\n<meta name=\"twitter:card\" content=\"summary_large_image\" \/>\n<meta name=\"twitter:label1\" content=\"Est. reading time\" \/>\n\t<meta name=\"twitter:data1\" content=\"2 minutes\" \/>\n<script type=\"application\/ld+json\" class=\"yoast-schema-graph\">{\"@context\":\"https:\/\/schema.org\",\"@graph\":[{\"@type\":\"Organization\",\"@id\":\"https:\/\/ap.com.al\/#organization\",\"name\":\"Austria Preamix\",\"url\":\"https:\/\/ap.com.al\/\",\"sameAs\":[\"https:\/\/www.instagram.com\/austriapraemix\/\",\"https:\/\/www.facebook.com\/austriapraemiks\/\"],\"logo\":{\"@type\":\"ImageObject\",\"inLanguage\":\"en-US\",\"@id\":\"https:\/\/ap.com.al\/#\/schema\/logo\/image\/\",\"url\":\"https:\/\/ap.com.al\/wp-content\/uploads\/2022\/02\/AP-logo.png\",\"contentUrl\":\"https:\/\/ap.com.al\/wp-content\/uploads\/2022\/02\/AP-logo.png\",\"width\":3358,\"height\":1616,\"caption\":\"Austria Preamix\"},\"image\":{\"@id\":\"https:\/\/ap.com.al\/#\/schema\/logo\/image\/\"}},{\"@type\":\"WebSite\",\"@id\":\"https:\/\/ap.com.al\/#website\",\"url\":\"https:\/\/ap.com.al\/\",\"name\":\"Austria Praemix\",\"description\":\"\",\"publisher\":{\"@id\":\"https:\/\/ap.com.al\/#organization\"},\"potentialAction\":[{\"@type\":\"SearchAction\",\"target\":{\"@type\":\"EntryPoint\",\"urlTemplate\":\"https:\/\/ap.com.al\/?s={search_term_string}\"},\"query-input\":\"required name=search_term_string\"}],\"inLanguage\":\"en-US\"},{\"@type\":\"ImageObject\",\"inLanguage\":\"en-US\",\"@id\":\"https:\/\/ap.com.al\/?page_id=8526#primaryimage\",\"url\":\"https:\/\/ap.com.al\/wp-content\/uploads\/2022\/05\/pic_gefluegel.png\",\"contentUrl\":\"https:\/\/ap.com.al\/wp-content\/uploads\/2022\/05\/pic_gefluegel.png\",\"width\":354,\"height\":353},{\"@type\":\"WebPage\",\"@id\":\"https:\/\/ap.com.al\/?page_id=8526#webpage\",\"url\":\"https:\/\/ap.com.al\/?page_id=8526\",\"name\":\"SCHAUMASAN Basis - Austria Praemix\",\"isPartOf\":{\"@id\":\"https:\/\/ap.com.al\/#website\"},\"primaryImageOfPage\":{\"@id\":\"https:\/\/ap.com.al\/?page_id=8526#primaryimage\"},\"datePublished\":\"2023-02-10T11:11:11+00:00\",\"dateModified\":\"2023-02-14T08:26:22+00:00\",\"breadcrumb\":{\"@id\":\"https:\/\/ap.com.al\/?page_id=8526#breadcrumb\"},\"inLanguage\":\"en-US\",\"potentialAction\":[{\"@type\":\"ReadAction\",\"target\":[\"https:\/\/ap.com.al\/?page_id=8526\"]}]},{\"@type\":\"BreadcrumbList\",\"@id\":\"https:\/\/ap.com.al\/?page_id=8526#breadcrumb\",\"itemListElement\":[{\"@type\":\"ListItem\",\"position\":1,\"name\":\"Home\",\"item\":\"https:\/\/ap.com.al\/\"},{\"@type\":\"ListItem\",\"position\":2,\"name\":\"SCHAUMASAN Basis\"}]}]}<\/script>\n<!-- \/ Yoast SEO plugin. -->","yoast_head_json":{"title":"SCHAUMASAN Basis - Austria Praemix","robots":{"index":"index","follow":"follow","max-snippet":"max-snippet:-1","max-image-preview":"max-image-preview:large","max-video-preview":"max-video-preview:-1"},"canonical":"https:\/\/ap.com.al\/?page_id=8526","og_locale":"en_US","og_type":"article","og_title":"SCHAUMASAN Basis - Austria Praemix","og_description":"SCHAUMASAN Basis Substancat aktive t\u00eb SCHAUMASAN BASIS: CERAGEL: Lidh toksinat, ka nj\u00eb efekt frenues t\u00eb mikrobeve, stabilizon flor\u00ebn e zorr\u00ebve SCHAUMA-TX dhe Bentonite: Lidh toksinat Benefitet dhe m\u00ebnyra e veprimit: Kombinon lidh\u00ebsit inorganik\u00eb (bentonit, klinoptilolit) dhe organik\u00eb (CERAGEL). N\u00eb k\u00ebt\u00eb m\u00ebnyr\u00eb, mund t\u00eb merren parasysh vetit\u00eb e ndryshme t\u00eb mykotoksinave t\u00eb ndryshme me afinitetet e [&hellip;]","og_url":"https:\/\/ap.com.al\/?page_id=8526","og_site_name":"Austria Praemix","article_publisher":"https:\/\/www.facebook.com\/austriapraemiks\/","article_modified_time":"2023-02-14T08:26:22+00:00","og_image":[{"url":"https:\/\/ap.com.al\/wp-content\/uploads\/2022\/05\/pic_gefluegel.png"}],"twitter_card":"summary_large_image","twitter_misc":{"Est. reading time":"2 minutes"},"schema":{"@context":"https:\/\/schema.org","@graph":[{"@type":"Organization","@id":"https:\/\/ap.com.al\/#organization","name":"Austria Preamix","url":"https:\/\/ap.com.al\/","sameAs":["https:\/\/www.instagram.com\/austriapraemix\/","https:\/\/www.facebook.com\/austriapraemiks\/"],"logo":{"@type":"ImageObject","inLanguage":"en-US","@id":"https:\/\/ap.com.al\/#\/schema\/logo\/image\/","url":"https:\/\/ap.com.al\/wp-content\/uploads\/2022\/02\/AP-logo.png","contentUrl":"https:\/\/ap.com.al\/wp-content\/uploads\/2022\/02\/AP-logo.png","width":3358,"height":1616,"caption":"Austria Preamix"},"image":{"@id":"https:\/\/ap.com.al\/#\/schema\/logo\/image\/"}},{"@type":"WebSite","@id":"https:\/\/ap.com.al\/#website","url":"https:\/\/ap.com.al\/","name":"Austria Praemix","description":"","publisher":{"@id":"https:\/\/ap.com.al\/#organization"},"potentialAction":[{"@type":"SearchAction","target":{"@type":"EntryPoint","urlTemplate":"https:\/\/ap.com.al\/?s={search_term_string}"},"query-input":"required name=search_term_string"}],"inLanguage":"en-US"},{"@type":"ImageObject","inLanguage":"en-US","@id":"https:\/\/ap.com.al\/?page_id=8526#primaryimage","url":"https:\/\/ap.com.al\/wp-content\/uploads\/2022\/05\/pic_gefluegel.png","contentUrl":"https:\/\/ap.com.al\/wp-content\/uploads\/2022\/05\/pic_gefluegel.png","width":354,"height":353},{"@type":"WebPage","@id":"https:\/\/ap.com.al\/?page_id=8526#webpage","url":"https:\/\/ap.com.al\/?page_id=8526","name":"SCHAUMASAN Basis - Austria Praemix","isPartOf":{"@id":"https:\/\/ap.com.al\/#website"},"primaryImageOfPage":{"@id":"https:\/\/ap.com.al\/?page_id=8526#primaryimage"},"datePublished":"2023-02-10T11:11:11+00:00","dateModified":"2023-02-14T08:26:22+00:00","breadcrumb":{"@id":"https:\/\/ap.com.al\/?page_id=8526#breadcrumb"},"inLanguage":"en-US","potentialAction":[{"@type":"ReadAction","target":["https:\/\/ap.com.al\/?page_id=8526"]}]},{"@type":"BreadcrumbList","@id":"https:\/\/ap.com.al\/?page_id=8526#breadcrumb","itemListElement":[{"@type":"ListItem","position":1,"name":"Home","item":"https:\/\/ap.com.al\/"},{"@type":"ListItem","position":2,"name":"SCHAUMASAN Basis"}]}]}},"_links":{"self":[{"href":"https:\/\/ap.com.al\/index.php?rest_route=\/wp\/v2\/pages\/8526","targetHints":{"allow":["GET"]}}],"collection":[{"href":"https:\/\/ap.com.al\/index.php?rest_route=\/wp\/v2\/pages"}],"about":[{"href":"https:\/\/ap.com.al\/index.php?rest_route=\/wp\/v2\/types\/page"}],"author":[{"embeddable":true,"href":"https:\/\/ap.com.al\/index.php?rest_route=\/wp\/v2\/users\/1"}],"replies":[{"embeddable":true,"href":"https:\/\/ap.com.al\/index.php?rest_route=%2Fwp%2Fv2%2Fcomments&post=8526"}],"version-history":[{"count":41,"href":"https:\/\/ap.com.al\/index.php?rest_route=\/wp\/v2\/pages\/8526\/revisions"}],"predecessor-version":[{"id":8587,"href":"https:\/\/ap.com.al\/index.php?rest_route=\/wp\/v2\/pages\/8526\/revisions\/8587"}],"wp:attachment":[{"href":"https:\/\/ap.com.al\/index.php?rest_route=%2Fwp%2Fv2%2Fmedia&parent=8526"}],"curies":[{"name":"wp","href":"https:\/\/api.w.org\/{rel}","templated":true}]}}