{"id":8784,"date":"2025-02-28T10:40:38","date_gmt":"2025-02-28T10:40:38","guid":{"rendered":"https:\/\/ap.com.al\/?page_id=8784"},"modified":"2025-03-10T11:56:25","modified_gmt":"2025-03-10T11:56:25","slug":"efikasiteti-ekonomik-i-prodhimit-te-qumeshtit","status":"publish","type":"page","link":"https:\/\/ap.com.al\/?page_id=8784","title":{"rendered":"Efikasiteti ekonomik i prodhimit t\u00eb qum\u00ebshtit"},"content":{"rendered":"\n<style>\n  #oniiii{\n    background-image:url(\"https:\/\/ap.com.al\/wp-content\/uploads\/2022\/01\/Kuehe.jpg\");\n    padding-bottom: 32%;\n    background-position:center center;\n    background-repeat: no-repeat;\n    background-size:cover;\n  }\n  <\/style>\n  <script src=\"https:\/\/code.jquery.com\/jquery-3.5.0.js\">\n<\/script>\n\n<div id=\"oniiii\"><\/div>\n \n<script>\n$( \"#oniiii\" ).insertBefore( \".container_wrap_first\" );\n<\/script>\n\n\n\n<div class=\"wp-block-columns\" id=\"containerr\">\n<div class=\"wp-block-column\">\n<div class=\"avia_textblock\" itemprop=\"text\"><h4 style=\"color:#005a8c;\n\">Efikasiteti ekonomik i prodhimit t\u00eb qum\u00ebshtit<\/h4>\n<p align=\"right\">\n   P\u00ebrpunuar nga Klevis Xhardja\n<\/p>\n<\/div>\n<\/div>\n<\/div>\n\n\n\n<div class=\"wp-block-columns\" id=\"containerr\">\n<div class=\"wp-block-column\">\n<div class=\"detail__certificates-item-icon\">\n<img decoding=\"async\" alt=\"Icon RINDAMAST UNI\" src=\"https:\/\/ap.com.al\/wp-content\/uploads\/2022\/03\/Asset-51-1.png\">\n<\/div>\n<\/div>\n<\/div>\n\n\n\n<div class=\"wp-block-columns\" id=\"containerr\">\n<div class=\"wp-block-column\">\n<div class=\"blue_marker_list\">\n<p align=\"justify\">Rritja e efikasitetit ekonomik t\u00eb prodhimit t\u00eb qum\u00ebshtit k\u00ebrkon konsiderat\u00eb t\u00eb kujdesshme. Shum\u00eb prodhues t\u00eb qum\u00ebshtit jan\u00eb t\u00eb shqet\u00ebsuar p\u00ebr uljen e \u00e7mimit t\u00eb qum\u00ebshtit. Ku duhet t\u00eb fokusohen p\u00ebrpjekjet e ferm\u00ebs suaj p\u00ebr mbar\u00ebshtim n\u00eb prodhimin e qum\u00ebshtit dhe\/ose mishit? P\u00ebrgjigjja e k\u00ebtyre sfidave k\u00ebrkon nj\u00eb qasje specifike t\u00eb kompanis\u00eb dhe jo nj\u00eb qasje t\u00eb p\u00ebrgjithshme. N\u00eb seksionet q\u00eb vijojn\u00eb, do t\u00eb ofrojm\u00eb disa k\u00ebndv\u00ebshtrime p\u00ebr t\u2019ju ndihmuar t\u00eb hartoni strategjin\u00eb tuaj.<\/p>\n<\/div>\n\n\n\n<div class=\"blue_marker_list\">\n<h4 style=\"padding-top: 20px;\">Faktori i kostos p\u00ebr ushqimin baz\u00eb<\/h4>\n\n<p align=\"justify\">Me 27% t\u00eb kostove totale, ushqimi baz\u00eb p\u00ebrfaq\u00ebson pjes\u00ebn m\u00eb t\u00eb madhe t\u00eb shpenzimeve (Tab. 1). Megjith\u00ebse \u00ebsht\u00eb e mundur t\u00eb reduktohen k\u00ebto kosto, detyra kryesore e foragjereve mbetet plot\u00ebsimi i nevojave t\u00eb rip\u00ebrtyp\u00ebsve p\u00ebr fibra t\u00eb strukturuara. Proceset n\u00eb stomakun e bag\u00ebtive duhet t\u00eb jen\u00eb t\u00eb organizuara n\u00eb m\u00ebnyr\u00eb q\u00eb t\u00eb sigurohet nj\u00eb konsum i lart\u00eb i ushqimit baz\u00eb, t\u00eb parandalohet acidifikimi i tepruar i rumenit (acidoza) dhe t\u00eb favorizohet nj\u00eb p\u00ebrb\u00ebrje optimale e qum\u00ebshtit (yndyr\u00eb, proteina).\nFaktor\u00eb t\u00eb till\u00eb si prodhimi i foragjereve t\u00eb p\u00ebrshtatshme p\u00ebr kushtet e zon\u00ebs, intensiteti i pleh\u00ebrimit, koha e korrjes, zgjedhja e varieteteve sipas numrit FAO, si dhe metodat e vjeljes dhe ruajtjes, ndikojn\u00eb ndjesh\u00ebm n\u00eb kostot e energjis\u00eb s\u00eb marr\u00eb nga foragjeret. Prandaj, planifikimi i mir\u00eb i prodhimit t\u00eb foragjereve ka nj\u00eb rol ky\u00e7 n\u00eb optimizimin e kostove t\u00eb prodhimit.<\/p>\n\n<h4 style=\"padding-top: 20px;\">Tab. 1: Struktura e kostos p\u00ebrmes prodhimit t\u00eb qum\u00ebshtit<\/h4>\n<\/div>\n\n\n\n<figure class=\"wp-block-image size-full\"><img loading=\"lazy\" decoding=\"async\" width=\"486\" height=\"121\" src=\"https:\/\/ap.com.al\/wp-content\/uploads\/2025\/02\/tab.1.png\" alt=\"\" class=\"wp-image-8785\" srcset=\"https:\/\/ap.com.al\/wp-content\/uploads\/2025\/02\/tab.1.png 486w, https:\/\/ap.com.al\/wp-content\/uploads\/2025\/02\/tab.1-300x75.png 300w, https:\/\/ap.com.al\/wp-content\/uploads\/2025\/02\/tab.1-450x112.png 450w\" sizes=\"auto, (max-width: 486px) 100vw, 486px\" \/><\/figure>\n\n\n\n<div class=\"blue_marker_list\">\n<p align=\"justify\">Me teknologjin\u00eb e mir\u00eb t\u00eb prodhimit, imazhi i m\u00ebposht\u00ebm krijohet kur krahasohen kostot baz\u00eb t\u00eb ushqimit duke p\u00ebrdorur t\u00eb nj\u00ebjt\u00ebn p\u00ebrmbajtje energjetike (Tab. 2): 6,9 MJ misri dhe silazhi i barit kushton af\u00ebrsisht 25 euro me 0,26 euro, nga ana tjet\u00ebr, kushton 0,35 euro, q\u00eb p\u00ebr k\u00ebt\u00eb arsye duhet t\u00eb p\u00ebrdoret me t\u00eb nj\u00ebjtin \u00e7mim. P\u00ebrve\u00e7 n\u00ebse \u00ebsht\u00eb burimi i vet\u00ebm i ushqimit baz\u00eb (p\u00ebr shembull, n\u00eb zonat kodrinore). Kur b\u00ebhet fjal\u00eb p\u00ebr racionin e duhur p\u00ebr rip\u00ebrtyp\u00ebsit, ka kufizime n\u00eb p\u00ebrdorimin e far\u00ebs foragjere, pavar\u00ebsisht nga fakti se k\u00ebtu performon mjaft mir\u00eb si p\u00ebrfaq\u00ebsues i t\u00eb korrave.<\/p>\n<h4 style=\"padding-top: 20px;\">Merrni n\u00ebn kontroll ngarkes\u00ebn e pun\u00ebs<\/h4>\n<p align=\"justify\">Kostot e pun\u00ebs n\u00eb pun\u00ebsimin me kontrat\u00eb dhe bizneset familjare mund t\u00eb kontrollohen vet\u00ebm p\u00ebr efi\u00e7enc\u00ebn e pun\u00ebs, e cila \u00ebsht\u00eb me nj\u00eb kosto m\u00eb t\u00eb lart\u00eb. P\u00ebrmir\u00ebsimi i ambienteve t\u00eb pun\u00ebs, fitimi i koh\u00ebs s\u00eb pun\u00ebs ose hap\u00ebsir\u00ebs s\u00eb lir\u00eb gjithashtu mund t\u00eb ndihmojn\u00eb.<\/p>\n<h4 style=\"padding-top: 20px;\">Kostot e rimbushjes s\u00eb inventarit<\/h4>\n<p align=\"justify\">Rimbushja e inventarit, q\u00eb p\u00ebrb\u00ebn 17% t\u00eb kostove, ka nj\u00eb ndikim t\u00eb vog\u00ebl n\u00eb marzhin e kontributit, kryesisht p\u00ebr shkak t\u00eb jet\u00ebgjat\u00ebsis\u00eb s\u00eb dobishme, sh\u00ebndetit, pjelloris\u00eb dhe progresit vjetor t\u00eb mbar\u00ebshtimit.<\/p>\n<h4 style=\"padding-top: 20px;\">P\u00ebrdorimi i synuar i ushqimit t\u00eb performanc\u00ebs s\u00eb qum\u00ebshtit<\/h4>\n<p align=\"justify\">Kostot e ushqimit t\u00eb koncentratit dhe rendimenti i qum\u00ebshtit jan\u00eb tregues t\u00eb r\u00ebnd\u00ebsish\u00ebm ekonomik\u00eb q\u00eb duhen konsideruar gjithmon\u00eb n\u00eb kontekst. P\u00ebrparimi n\u00eb nivelet e performanc\u00ebs prej 6000 kg qum\u00ebsht\/lop\u00eb\/vit deri n\u00eb mbi 7000 kg qum\u00ebsht\/lop\u00eb\/vit jan\u00eb parakushtet p\u00ebr prodhim t\u00eb p\u00ebrhersh\u00ebm fitimprur\u00ebs t\u00eb qum\u00ebshtit (Tab. 4).<\/p>\n<h4 style=\"padding-top: 20px;\">Tab. 2: Marzhi i kontributit p\u00ebr rendimentin e diferencuar t\u00eb qum\u00ebshtit<\/h4>\n\n<\/div>\n\n\n\n<figure class=\"wp-block-image size-full\"><img loading=\"lazy\" decoding=\"async\" width=\"420\" height=\"175\" src=\"https:\/\/ap.com.al\/wp-content\/uploads\/2025\/02\/tab.2.png\" alt=\"\" class=\"wp-image-8792\" srcset=\"https:\/\/ap.com.al\/wp-content\/uploads\/2025\/02\/tab.2.png 420w, https:\/\/ap.com.al\/wp-content\/uploads\/2025\/02\/tab.2-300x125.png 300w\" sizes=\"auto, (max-width: 420px) 100vw, 420px\" \/><\/figure>\n\n\n\n<div class=\"blue_marker_list\">\n<h4 style=\"padding-top: 20px;\">Graf. 3: P\u00ebrshtatja e t\u00eb ushqyerit me rendimentin e qum\u00ebshtit (kurset e laktacionit)<\/h4>\n<\/div>\n\n\n\n<figure class=\"wp-block-image size-full\"><img loading=\"lazy\" decoding=\"async\" width=\"508\" height=\"283\" src=\"https:\/\/ap.com.al\/wp-content\/uploads\/2025\/02\/graf.3.png\" alt=\"\" class=\"wp-image-8793\" srcset=\"https:\/\/ap.com.al\/wp-content\/uploads\/2025\/02\/graf.3.png 508w, https:\/\/ap.com.al\/wp-content\/uploads\/2025\/02\/graf.3-300x167.png 300w, https:\/\/ap.com.al\/wp-content\/uploads\/2025\/02\/graf.3-450x251.png 450w\" sizes=\"auto, (max-width: 508px) 100vw, 508px\" \/><\/figure>\n\n\n\n<div class=\"blue_marker_list\">\n<p align=\"justify\">P\u00ebr t\u00eb arritur rendimente ditore t\u00eb qum\u00ebshtit prej 35-40 kg, raporti optimal i ushqimit baz\u00eb: ushqimi koncentrat \u00ebsht\u00eb thelb\u00ebsor, me densitet m\u00eb t\u00eb lart\u00eb energjie q\u00eb leht\u00ebson kulmin e laktacionit dhe parandalon thartir\u00ebn e rumenit.<\/p>\n\n<h4 style=\"padding-top: 20px;\">Tab. 4: T\u00eb dh\u00ebna fiziologjike t\u00eb racioneve me ushqim t\u00eb performanc\u00ebs t\u00eb densiteteve t\u00eb ndryshme t\u00eb energjis\u00eb<\/h4>\n<\/div>\n\n\n\n<figure class=\"wp-block-image size-full\"><img loading=\"lazy\" decoding=\"async\" width=\"494\" height=\"131\" src=\"https:\/\/ap.com.al\/wp-content\/uploads\/2025\/02\/tab.4.png\" alt=\"\" class=\"wp-image-8797\" srcset=\"https:\/\/ap.com.al\/wp-content\/uploads\/2025\/02\/tab.4.png 494w, https:\/\/ap.com.al\/wp-content\/uploads\/2025\/02\/tab.4-300x80.png 300w, https:\/\/ap.com.al\/wp-content\/uploads\/2025\/02\/tab.4-450x119.png 450w\" sizes=\"auto, (max-width: 494px) 100vw, 494px\" \/><\/figure>\n\n\n\n<div class=\"blue_marker_list\">\n<h4 style=\"padding-top: 20px;\">Llogaritja e prodhimit t\u00eb qum\u00ebshtit<\/h4>\n<ul style=\"list-style-type: square; \n\tpadding-left: 1em;\">\n<li>Jan\u00eb marr\u00eb n\u00eb konsiderat\u00eb zhvendosja e foragjereve dhe 9.5% fibra bruto e strukturuar.<\/li>\n<li>Ushqimi me performanc\u00eb t\u00eb lart\u00eb energjetike (gruri, miell soj\u00eb, 3% Rindamin 2000 Type LF) \u00e7on n\u00eb kostot m\u00eb t\u00eb ul\u00ebta t\u00eb prodhimit t\u00eb qum\u00ebshtit.<\/li>\n<\/ul>\n<h4 style=\"padding-top: 20px;\">P\u00ebrmir\u00ebsimi i Performanc\u00ebs s\u00eb Efi\u00e7ienc\u00ebs s\u00eb Energjis\u00eb<\/h4>\n<ul style=\"list-style-type: square; \n\tpadding-left: 1em;\">\n<li>Efikasiteti i prodhimit t\u00eb energjis\u00eb \u00ebsht\u00eb p\u00ebrmir\u00ebsuar ndjesh\u00ebm n\u00eb nivelin IV, pavar\u00ebsisht prodhimit t\u00eb vazhduesh\u00ebm t\u00eb disa substancave fizike dhe kimike.<\/li>\n<li>Nivelet e energjis\u00eb rriten n\u00eb m\u00ebnyr\u00eb progresive p\u00ebr t\u00eb rritur performanc\u00ebn e baz\u00ebs.<\/li>\n<li>Ekonomia bot\u00ebrore dhe burimet bot\u00ebrore jan\u00eb rritur p\u00ebr t\u00eb p\u00ebrmbushur standardet m\u00eb t\u00eb larta p\u00ebr efikasitetin e energjis\u00eb.<\/li>\n<li>Kostoja e p\u00ebrmir\u00ebsimit \u00ebsht\u00eb ulur ndjesh\u00ebm.<\/li>\n<\/ul>\n<\/div>\n\n\n\n<div class=\"blue_marker_list\">\n<h4>Kostot e ushqimit t\u00eb performanc\u00ebs s\u00eb qum\u00ebshtit<\/h4>\n<ul style=\"list-style-type: square; \n\tpadding-left: 1em;\">\n<li>Ushqimi i gatsh\u00ebm i nivelit II t\u00eb energjis\u00eb kushton 46\u20ac, nd\u00ebrsa ushqimi baz\u00eb kushton 22\u20ac.<\/li>\n<li>Ushqimi i performanc\u00ebs s\u00eb qum\u00ebshtit me nivel IV t\u00eb energjis\u00eb kushton 46\u20ac.<\/li>\n<li>Niveli i energjis\u00eb IV promovon marrjen e p\u00ebrmir\u00ebsuar t\u00eb foragjereve dhe \u00ebsht\u00eb me kosto efektive dhe fiziologjikisht t\u00eb arsyeshme.<\/li><\/ul>\n\n<h4 style=\"padding-top: 20px;\">\u00c7far\u00eb roli luan \u00e7mimi i vi\u00e7ave?<\/h4>\n<ul style=\"list-style-type: square; \n\tpadding-left: 1em;\">\n<li>Rentabiliteti i qum\u00ebshtit dhe \u00e7mimi i vi\u00e7ave<\/li>\n<li>Veprimet strategjike mund t\u00eb rrisin rentabilitetin e qum\u00ebshtit.<\/li>\n<li> Kryq\u00ebzimi tregtar me demat e vi\u00e7it dhe tufa e p\u00ebrmir\u00ebsuar mund t\u00eb rris\u00eb rendimentin e vi\u00e7it.<\/li>\n<li>Rritja e kullotave p\u00ebr majm\u00ebri \u00ebsht\u00eb e dobishme.<\/li>\n<li>\u00c7mimet m\u00eb t\u00eb larta t\u00eb vi\u00e7it kompensojn\u00eb problemet e prodhimit t\u00eb qum\u00ebshtit, por jo t\u00eb q\u00ebndrueshme p\u00ebr prodhim afatgjat\u00eb me kosto efektive.<\/li><\/ul>\n\n<h4 style=\"padding-top: 20px;\">Sh\u00ebrbimet e ushqyerjes<\/h4>\n<ul style=\"list-style-type: square; \n\tpadding-left: 1em;\">\n<li>\u00c7mimi i qum\u00ebshtit dhe marketingu n\u00eb bujq\u00ebsin\u00eb e qum\u00ebshtit<\/li>\n<li>\u00c7mimet e qum\u00ebshtit p\u00ebrcaktohen nga mund\u00ebsit\u00eb e marketingut dhe past\u00ebrtia.<\/li>\n<li>Rendimenti vjetor p\u00ebr lop\u00eb \u00ebsht\u00eb kritik p\u00ebr llogaritjen e marzheve t\u00eb kontributit.<\/li>\n<li>Nj\u00eb tuf\u00eb me performanc\u00eb t\u00eb lart\u00eb, respektimi i kuotave t\u00eb qum\u00ebshtit t\u00eb qum\u00ebshtit dhe nj\u00eb qasje efikase e t\u00eb ushqyerit rrisin marzhet e kontributit.<\/li>\n<li>Kjo rezulton n\u00eb rritjen e p\u00ebrfitimit t\u00eb qum\u00ebshtit.<\/li>\n<\/ul>\n<\/div>\n<\/div>\n<\/div>\n","protected":false},"excerpt":{"rendered":"<p>Efikasiteti ekonomik i prodhimit t\u00eb qum\u00ebshtit P\u00ebrpunuar nga Klevis Xhardja Rritja e efikasitetit ekonomik t\u00eb prodhimit t\u00eb qum\u00ebshtit k\u00ebrkon konsiderat\u00eb t\u00eb kujdesshme. Shum\u00eb prodhues t\u00eb qum\u00ebshtit jan\u00eb t\u00eb shqet\u00ebsuar p\u00ebr uljen e \u00e7mimit t\u00eb qum\u00ebshtit. Ku duhet t\u00eb fokusohen p\u00ebrpjekjet e ferm\u00ebs suaj p\u00ebr mbar\u00ebshtim n\u00eb prodhimin e qum\u00ebshtit dhe\/ose mishit? P\u00ebrgjigjja e k\u00ebtyre sfidave [&hellip;]<\/p>\n","protected":false},"author":2,"featured_media":0,"parent":0,"menu_order":0,"comment_status":"closed","ping_status":"closed","template":"","meta":{"inline_featured_image":false,"footnotes":""},"class_list":["post-8784","page","type-page","status-publish","hentry"],"yoast_head":"<!-- This site is optimized with the Yoast SEO plugin v18.9 - https:\/\/yoast.com\/wordpress\/plugins\/seo\/ -->\n<title>Efikasiteti ekonomik i prodhimit t\u00eb qum\u00ebshtit - Austria Praemix<\/title>\n<meta name=\"robots\" content=\"index, follow, max-snippet:-1, max-image-preview:large, max-video-preview:-1\" \/>\n<link rel=\"canonical\" href=\"https:\/\/ap.com.al\/?page_id=8784\" \/>\n<meta property=\"og:locale\" content=\"en_US\" \/>\n<meta property=\"og:type\" content=\"article\" \/>\n<meta property=\"og:title\" content=\"Efikasiteti ekonomik i prodhimit t\u00eb qum\u00ebshtit - Austria Praemix\" \/>\n<meta property=\"og:description\" content=\"Efikasiteti ekonomik i prodhimit t\u00eb qum\u00ebshtit P\u00ebrpunuar nga Klevis Xhardja Rritja e efikasitetit ekonomik t\u00eb prodhimit t\u00eb qum\u00ebshtit k\u00ebrkon konsiderat\u00eb t\u00eb kujdesshme. Shum\u00eb prodhues t\u00eb qum\u00ebshtit jan\u00eb t\u00eb shqet\u00ebsuar p\u00ebr uljen e \u00e7mimit t\u00eb qum\u00ebshtit. Ku duhet t\u00eb fokusohen p\u00ebrpjekjet e ferm\u00ebs suaj p\u00ebr mbar\u00ebshtim n\u00eb prodhimin e qum\u00ebshtit dhe\/ose mishit? P\u00ebrgjigjja e k\u00ebtyre sfidave [&hellip;]\" \/>\n<meta property=\"og:url\" content=\"https:\/\/ap.com.al\/?page_id=8784\" \/>\n<meta property=\"og:site_name\" content=\"Austria Praemix\" \/>\n<meta property=\"article:publisher\" content=\"https:\/\/www.facebook.com\/austriapraemiks\/\" \/>\n<meta property=\"article:modified_time\" content=\"2025-03-10T11:56:25+00:00\" \/>\n<meta property=\"og:image\" content=\"https:\/\/ap.com.al\/wp-content\/uploads\/2022\/03\/Asset-51-1.png\" \/>\n<meta name=\"twitter:card\" content=\"summary_large_image\" \/>\n<meta name=\"twitter:label1\" content=\"Est. reading time\" \/>\n\t<meta name=\"twitter:data1\" content=\"1 minute\" \/>\n<script type=\"application\/ld+json\" class=\"yoast-schema-graph\">{\"@context\":\"https:\/\/schema.org\",\"@graph\":[{\"@type\":\"Organization\",\"@id\":\"https:\/\/ap.com.al\/#organization\",\"name\":\"Austria Preamix\",\"url\":\"https:\/\/ap.com.al\/\",\"sameAs\":[\"https:\/\/www.instagram.com\/austriapraemix\/\",\"https:\/\/www.facebook.com\/austriapraemiks\/\"],\"logo\":{\"@type\":\"ImageObject\",\"inLanguage\":\"en-US\",\"@id\":\"https:\/\/ap.com.al\/#\/schema\/logo\/image\/\",\"url\":\"https:\/\/ap.com.al\/wp-content\/uploads\/2022\/02\/AP-logo.png\",\"contentUrl\":\"https:\/\/ap.com.al\/wp-content\/uploads\/2022\/02\/AP-logo.png\",\"width\":3358,\"height\":1616,\"caption\":\"Austria Preamix\"},\"image\":{\"@id\":\"https:\/\/ap.com.al\/#\/schema\/logo\/image\/\"}},{\"@type\":\"WebSite\",\"@id\":\"https:\/\/ap.com.al\/#website\",\"url\":\"https:\/\/ap.com.al\/\",\"name\":\"Austria Praemix\",\"description\":\"\",\"publisher\":{\"@id\":\"https:\/\/ap.com.al\/#organization\"},\"potentialAction\":[{\"@type\":\"SearchAction\",\"target\":{\"@type\":\"EntryPoint\",\"urlTemplate\":\"https:\/\/ap.com.al\/?s={search_term_string}\"},\"query-input\":\"required name=search_term_string\"}],\"inLanguage\":\"en-US\"},{\"@type\":\"ImageObject\",\"inLanguage\":\"en-US\",\"@id\":\"https:\/\/ap.com.al\/?page_id=8784#primaryimage\",\"url\":\"https:\/\/ap.com.al\/wp-content\/uploads\/2022\/03\/Asset-51-1.png\",\"contentUrl\":\"https:\/\/ap.com.al\/wp-content\/uploads\/2022\/03\/Asset-51-1.png\",\"width\":355,\"height\":354},{\"@type\":\"WebPage\",\"@id\":\"https:\/\/ap.com.al\/?page_id=8784#webpage\",\"url\":\"https:\/\/ap.com.al\/?page_id=8784\",\"name\":\"Efikasiteti ekonomik i prodhimit t\u00eb qum\u00ebshtit - Austria Praemix\",\"isPartOf\":{\"@id\":\"https:\/\/ap.com.al\/#website\"},\"primaryImageOfPage\":{\"@id\":\"https:\/\/ap.com.al\/?page_id=8784#primaryimage\"},\"datePublished\":\"2025-02-28T10:40:38+00:00\",\"dateModified\":\"2025-03-10T11:56:25+00:00\",\"breadcrumb\":{\"@id\":\"https:\/\/ap.com.al\/?page_id=8784#breadcrumb\"},\"inLanguage\":\"en-US\",\"potentialAction\":[{\"@type\":\"ReadAction\",\"target\":[\"https:\/\/ap.com.al\/?page_id=8784\"]}]},{\"@type\":\"BreadcrumbList\",\"@id\":\"https:\/\/ap.com.al\/?page_id=8784#breadcrumb\",\"itemListElement\":[{\"@type\":\"ListItem\",\"position\":1,\"name\":\"Home\",\"item\":\"https:\/\/ap.com.al\/\"},{\"@type\":\"ListItem\",\"position\":2,\"name\":\"Efikasiteti ekonomik i prodhimit t\u00eb qum\u00ebshtit\"}]}]}<\/script>\n<!-- \/ Yoast SEO plugin. -->","yoast_head_json":{"title":"Efikasiteti ekonomik i prodhimit t\u00eb qum\u00ebshtit - Austria Praemix","robots":{"index":"index","follow":"follow","max-snippet":"max-snippet:-1","max-image-preview":"max-image-preview:large","max-video-preview":"max-video-preview:-1"},"canonical":"https:\/\/ap.com.al\/?page_id=8784","og_locale":"en_US","og_type":"article","og_title":"Efikasiteti ekonomik i prodhimit t\u00eb qum\u00ebshtit - Austria Praemix","og_description":"Efikasiteti ekonomik i prodhimit t\u00eb qum\u00ebshtit P\u00ebrpunuar nga Klevis Xhardja Rritja e efikasitetit ekonomik t\u00eb prodhimit t\u00eb qum\u00ebshtit k\u00ebrkon konsiderat\u00eb t\u00eb kujdesshme. Shum\u00eb prodhues t\u00eb qum\u00ebshtit jan\u00eb t\u00eb shqet\u00ebsuar p\u00ebr uljen e \u00e7mimit t\u00eb qum\u00ebshtit. Ku duhet t\u00eb fokusohen p\u00ebrpjekjet e ferm\u00ebs suaj p\u00ebr mbar\u00ebshtim n\u00eb prodhimin e qum\u00ebshtit dhe\/ose mishit? P\u00ebrgjigjja e k\u00ebtyre sfidave [&hellip;]","og_url":"https:\/\/ap.com.al\/?page_id=8784","og_site_name":"Austria Praemix","article_publisher":"https:\/\/www.facebook.com\/austriapraemiks\/","article_modified_time":"2025-03-10T11:56:25+00:00","og_image":[{"url":"https:\/\/ap.com.al\/wp-content\/uploads\/2022\/03\/Asset-51-1.png"}],"twitter_card":"summary_large_image","twitter_misc":{"Est. reading time":"1 minute"},"schema":{"@context":"https:\/\/schema.org","@graph":[{"@type":"Organization","@id":"https:\/\/ap.com.al\/#organization","name":"Austria Preamix","url":"https:\/\/ap.com.al\/","sameAs":["https:\/\/www.instagram.com\/austriapraemix\/","https:\/\/www.facebook.com\/austriapraemiks\/"],"logo":{"@type":"ImageObject","inLanguage":"en-US","@id":"https:\/\/ap.com.al\/#\/schema\/logo\/image\/","url":"https:\/\/ap.com.al\/wp-content\/uploads\/2022\/02\/AP-logo.png","contentUrl":"https:\/\/ap.com.al\/wp-content\/uploads\/2022\/02\/AP-logo.png","width":3358,"height":1616,"caption":"Austria Preamix"},"image":{"@id":"https:\/\/ap.com.al\/#\/schema\/logo\/image\/"}},{"@type":"WebSite","@id":"https:\/\/ap.com.al\/#website","url":"https:\/\/ap.com.al\/","name":"Austria Praemix","description":"","publisher":{"@id":"https:\/\/ap.com.al\/#organization"},"potentialAction":[{"@type":"SearchAction","target":{"@type":"EntryPoint","urlTemplate":"https:\/\/ap.com.al\/?s={search_term_string}"},"query-input":"required name=search_term_string"}],"inLanguage":"en-US"},{"@type":"ImageObject","inLanguage":"en-US","@id":"https:\/\/ap.com.al\/?page_id=8784#primaryimage","url":"https:\/\/ap.com.al\/wp-content\/uploads\/2022\/03\/Asset-51-1.png","contentUrl":"https:\/\/ap.com.al\/wp-content\/uploads\/2022\/03\/Asset-51-1.png","width":355,"height":354},{"@type":"WebPage","@id":"https:\/\/ap.com.al\/?page_id=8784#webpage","url":"https:\/\/ap.com.al\/?page_id=8784","name":"Efikasiteti ekonomik i prodhimit t\u00eb qum\u00ebshtit - Austria Praemix","isPartOf":{"@id":"https:\/\/ap.com.al\/#website"},"primaryImageOfPage":{"@id":"https:\/\/ap.com.al\/?page_id=8784#primaryimage"},"datePublished":"2025-02-28T10:40:38+00:00","dateModified":"2025-03-10T11:56:25+00:00","breadcrumb":{"@id":"https:\/\/ap.com.al\/?page_id=8784#breadcrumb"},"inLanguage":"en-US","potentialAction":[{"@type":"ReadAction","target":["https:\/\/ap.com.al\/?page_id=8784"]}]},{"@type":"BreadcrumbList","@id":"https:\/\/ap.com.al\/?page_id=8784#breadcrumb","itemListElement":[{"@type":"ListItem","position":1,"name":"Home","item":"https:\/\/ap.com.al\/"},{"@type":"ListItem","position":2,"name":"Efikasiteti ekonomik i prodhimit t\u00eb qum\u00ebshtit"}]}]}},"_links":{"self":[{"href":"https:\/\/ap.com.al\/index.php?rest_route=\/wp\/v2\/pages\/8784","targetHints":{"allow":["GET"]}}],"collection":[{"href":"https:\/\/ap.com.al\/index.php?rest_route=\/wp\/v2\/pages"}],"about":[{"href":"https:\/\/ap.com.al\/index.php?rest_route=\/wp\/v2\/types\/page"}],"author":[{"embeddable":true,"href":"https:\/\/ap.com.al\/index.php?rest_route=\/wp\/v2\/users\/2"}],"replies":[{"embeddable":true,"href":"https:\/\/ap.com.al\/index.php?rest_route=%2Fwp%2Fv2%2Fcomments&post=8784"}],"version-history":[{"count":25,"href":"https:\/\/ap.com.al\/index.php?rest_route=\/wp\/v2\/pages\/8784\/revisions"}],"predecessor-version":[{"id":8838,"href":"https:\/\/ap.com.al\/index.php?rest_route=\/wp\/v2\/pages\/8784\/revisions\/8838"}],"wp:attachment":[{"href":"https:\/\/ap.com.al\/index.php?rest_route=%2Fwp%2Fv2%2Fmedia&parent=8784"}],"curies":[{"name":"wp","href":"https:\/\/api.w.org\/{rel}","templated":true}]}}