{"id":8808,"date":"2025-03-10T09:28:58","date_gmt":"2025-03-10T09:28:58","guid":{"rendered":"https:\/\/ap.com.al\/?page_id=8808"},"modified":"2025-03-10T12:05:15","modified_gmt":"2025-03-10T12:05:15","slug":"identifikimi-i-rezervave-dhe-rritja-e-suksesit-ekonomik-permes-optimizimit","status":"publish","type":"page","link":"https:\/\/ap.com.al\/?page_id=8808","title":{"rendered":"Identifikimi i rezervave dhe rritja e suksesit ekonomik p\u00ebrmes optimizimit"},"content":{"rendered":"\n<style>\n  #oniiii{\n    background-image:url(\"https:\/\/ap.com.al\/wp-content\/uploads\/2022\/01\/Kuehe.jpg\");\n    padding-bottom: 32%;\n    background-position:center center;\n    background-repeat: no-repeat;\n    background-size:cover;\n  }\n  <\/style>\n  <script src=\"https:\/\/code.jquery.com\/jquery-3.5.0.js\">\n<\/script>\n\n<div id=\"oniiii\"><\/div>\n \n<script>\n$( \"#oniiii\" ).insertBefore( \".container_wrap_first\" );\n<\/script>\n\n\n\n<div class=\"wp-block-columns\" id=\"containerr\">\n<div class=\"wp-block-column\">\n<div class=\"avia_textblock\" itemprop=\"text\"><h4 style=\"color:#005a8c;\n\">Identifikimi i rezervave dhe rritja e suksesit ekonomik p\u00ebrmes optimizimit<\/h4>\n<p align=\"right\">\n   P\u00ebrpunuar nga Klevis Xhardja\n<\/p>\n<\/div>\n<\/div>\n<\/div>\n\n\n\n<div class=\"wp-block-columns\" id=\"containerr\">\n<div class=\"wp-block-column\">\n<div class=\"detail__certificates-item-icon\">\n<img decoding=\"async\" alt=\"Icon RINDAMAST UNI\" src=\"https:\/\/ap.com.al\/wp-content\/uploads\/2022\/03\/Asset-51-1.png\">\n<\/div>\n<\/div>\n<\/div>\n\n\n\n<div class=\"wp-block-columns\" id=\"containerr\">\n<div class=\"wp-block-column\">\n<div class=\"blue_marker_list\">\n<p align=\"justify\">Optimizimi i praktikave n\u00eb fermat tuaja \u00ebsht\u00eb \u00e7el\u00ebsi p\u00ebr rritjen e suksesit ekonomik n\u00eb blegtori. Shpesh, mund\u00ebsit\u00eb p\u00ebr rritje t\u00eb t\u00eb ardhurave q\u00ebndrojn\u00eb n\u00eb detaje t\u00eb vogla, t\u00eb cilat mund t&#8217;i keni anashkaluar. Analiza e rezultateve nga grupet e pun\u00ebs tregon se shum\u00eb ferma qum\u00ebshtore kan\u00eb ende hap\u00ebsira p\u00ebr p\u00ebrmir\u00ebsim.<\/p>\n<\/div>\n\n\n\n<div class=\"blue_marker_list\">\n<h4 style=\"padding-top: 20px;\">Identifikoni rezervat e pashfryt\u00ebzuara<\/h4>\n\n<p align=\"justify\">Para s\u00eb gjithash, p\u00ebrqendrohuni n\u00eb identifikimin e rezervave t\u00eb pashfryt\u00ebzuara. Edhe ndryshime t\u00eb vogla mund t\u00eb rezultojn\u00eb n\u00eb rritje t\u00eb t\u00eb ardhurave, pa investime t\u00eb m\u00ebdha. Disa nga fushat ku mund t\u00eb p\u00ebrq\u00ebndroheni: <\/p>\n\n<ul style=\"list-style-type: square; \n\tpadding-left: 1em;\">\n<li>Rritja e rendimentit pa kosto shtes\u00eb: P\u00ebrdorni t\u00eb gjitha mund\u00ebsit\u00eb p\u00ebr t\u00eb rritur rendimentin e qum\u00ebshtit pa rritur kostot.<\/li>\n<li>Optimizimi i cil\u00ebsis\u00eb s\u00eb qum\u00ebshtit: P\u00ebrmir\u00ebsoni cil\u00ebsin\u00eb e qum\u00ebshtit duke ulur numrin e qelizave somatike dhe mikrobeve; dhe rritur p\u00ebrmbajtjen e proteinave.<\/li>\n<li>Fertilitet optimal: Sigurohuni q\u00eb lop\u00ebt t\u00eb ken\u00eb interval pjelljeje 365 dit\u00eb ose m\u00eb pak.<\/li>\n<li>T\u00eb ardhura nga shitja dhe mbar\u00ebshtimi: Rritni t\u00eb ardhurat nga shitja, therja dhe mbar\u00ebshtimi i lop\u00ebve.<\/li>\n<li>Rritja e vi\u00e7ave dhe remontit: Optimizoni rritjen e vi\u00e7ave dhe remontit p\u00ebr shtim t\u00eb lart\u00eb ditor n\u00eb pesh\u00eb dhe pjellje t\u00eb hershme.<\/li>\n<\/ul>\n<\/div>\n\n\n\n<div class=\"blue_marker_list\">\n<h4 style=\"padding-top: 20px;\">Rritja e prodhimit t\u00eb qum\u00ebshtit<\/h4>\n\n<p align=\"justify\">Nj\u00eb tjet\u00ebr mas\u00eb e r\u00ebnd\u00ebsishme \u00ebsht\u00eb rritja e prodhimit t\u00eb qum\u00ebshtit. Krahasuar me investimet e m\u00ebdha, kjo k\u00ebrkon investime m\u00eb t\u00eb ul\u00ebta. P\u00ebr t\u00eb rritur prodhimin e qum\u00ebshtit, kushtojini v\u00ebmendje faktor\u00ebve q\u00eb ndikojn\u00eb te lopa: <\/p>\n<ul style=\"list-style-type: square; \n\tpadding-left: 1em;\">\n<li>Racion i balancuar dhe i p\u00ebrshtatur: Sigurohuni q\u00eb lop\u00ebt t\u00eb ken\u00eb nj\u00eb racion t\u00eb balancuar dhe t\u00eb p\u00ebrshtatur.<\/li>\n<li>Komoditeti optimal i lop\u00ebs: Siguroni hap\u00ebsir\u00eb t\u00eb mjaftueshme, ventilim t\u00eb mir\u00eb, shtrat t\u00eb past\u00ebr dhe t\u00eb that\u00eb, dhe qasje n\u00eb uj\u00eb t\u00eb fresk\u00ebt.<\/li>\n<li>Menaxhim i avancuar: P\u00ebrdorni programe kompjuterike, mbani t\u00eb dh\u00ebna t\u00eb sakta dhe ofroni trajnim t\u00eb rregullt p\u00ebr stafin.<\/li> <\/ul>\n<h4 style=\"padding-top: 20px;\">Kursimi i Shpenzimeve<\/h4>\n<br>Analiza tregon se ka nj\u00eb ndryshim t\u00eb r\u00ebnd\u00ebsish\u00ebm n\u00eb kostot direkte midis fermave. Fermat me performanc\u00eb t\u00eb lart\u00eb prodhojn\u00eb nj\u00eb lit\u00ebr qum\u00ebsht p\u00ebr 15.4 cent, nd\u00ebrsa fermat me performanc\u00eb t\u00eb ul\u00ebt p\u00ebr 19.6 cent. Identifikoni dhe reduktoni shpenzimet e panevojshme p\u00ebr t\u00eb rritur fitimet. Duke u fokusuar n\u00eb k\u00ebto fusha, ju mund t\u00eb rrisni ndjesh\u00ebm suksesin ekonomik t\u00eb ferm\u00ebs suaj. Mos harroni, edhe ndryshime t\u00eb vogla mund t\u00eb b\u00ebjn\u00eb  diferenc\u00ebn.\n<\/ul>\n<\/div>\n\n\n\n<figure class=\"wp-block-image size-full is-resized\"><img loading=\"lazy\" decoding=\"async\" width=\"504\" height=\"268\" src=\"https:\/\/ap.com.al\/wp-content\/uploads\/2025\/03\/image-2.png\" alt=\"\" class=\"wp-image-8820\" style=\"width:598px;height:auto\" srcset=\"https:\/\/ap.com.al\/wp-content\/uploads\/2025\/03\/image-2.png 504w, https:\/\/ap.com.al\/wp-content\/uploads\/2025\/03\/image-2-300x160.png 300w, https:\/\/ap.com.al\/wp-content\/uploads\/2025\/03\/image-2-450x239.png 450w\" sizes=\"auto, (max-width: 504px) 100vw, 504px\" \/><\/figure>\n\n\n\n<div class=\"blue_marker_list\">\n<br>P\u00ebr t\u00eb rritur fitimet, duhet t\u00eb menaxhojm\u00eb kostot me kujdes. Dy faktor\u00eb kryesor\u00eb jan\u00eb: z\u00ebvend\u00ebsimi i tuf\u00ebs dhe koncentrati:\n\n<h4 style=\"padding-top: 20px;\">Z\u00ebvend\u00ebsimi i tuf\u00ebs: Investim n\u00eb sh\u00ebndet<\/h4>\n<br>Shpesh n\u00ebnvler\u00ebsohet, por sh\u00ebndeti dhe jet\u00ebgjat\u00ebsia e lop\u00ebve ndikojn\u00eb shum\u00eb. Nj\u00eb tuf\u00eb e sh\u00ebndetshme ul nevoj\u00ebn p\u00ebr z\u00ebvend\u00ebsime t\u00eb shpeshta.\n<h4 style=\"padding-top: 20px;\">Koncentrati: Gjeni balanc\u00ebn<\/h4>\n<br>Koncentrati p\u00ebrmir\u00ebson prodhimin, por mos u mb\u00ebshtetni vet\u00ebm tek ai. Nj\u00eb ushqim baz\u00eb i mir\u00eb \u00ebsht\u00eb thelb\u00ebsor. Sidomos n\u00eb fund t\u00eb laktacionit, mos jepni m\u00eb shum\u00eb koncentrat se sa duhet.\n<\/div>\n\n\n\n<figure class=\"wp-block-image size-full is-resized\"><img loading=\"lazy\" decoding=\"async\" width=\"557\" height=\"315\" src=\"https:\/\/ap.com.al\/wp-content\/uploads\/2025\/03\/image-1.png\" alt=\"\" class=\"wp-image-8818\" style=\"width:610px;height:auto\" srcset=\"https:\/\/ap.com.al\/wp-content\/uploads\/2025\/03\/image-1.png 557w, https:\/\/ap.com.al\/wp-content\/uploads\/2025\/03\/image-1-300x170.png 300w, https:\/\/ap.com.al\/wp-content\/uploads\/2025\/03\/image-1-450x254.png 450w\" sizes=\"auto, (max-width: 557px) 100vw, 557px\" \/><\/figure>\n\n\n\n<div class=\"blue_marker_list\">\n<h4 style=\"padding-top: 20px;\">Zhvillimi i biznesit<\/h4>\n<p align=\"justify\">Zgjerimi i ferm\u00ebs: Planifikoni me kujdes\nZgjerimi i ferm\u00ebs s\u00eb qum\u00ebshtit k\u00ebrkon investime t\u00eb m\u00ebdha. Vler\u00ebsoni me kujdes kostot dhe siguroni financimin e nevojsh\u00ebm. Tufat m\u00eb t\u00eb m\u00ebdha k\u00ebrkojn\u00eb m\u00eb shum\u00eb pun\u00eb, sigurohuni q\u00eb t\u00eb keni kapacitetin e duhur.\nPerformanca e lart\u00eb \u00ebsht\u00eb thelb\u00ebsore. Nj\u00eb sasi m\u00eb e madhe qum\u00ebshti p\u00ebr lop\u00eb rrit fitimet. Fermat e lop\u00ebve t\u00eb qum\u00ebshtit me rendiment t\u00eb lart\u00eb kan\u00eb nj\u00eb fitim prej 697-eurosh m\u00eb shum\u00eb se ato me rendiment m\u00eb t\u00eb ul\u00ebt.<\/p>\n<p align=\"justify\">P\u00ebrgatituni p\u00ebr t\u00eb ardhmen\nVendosni synime t\u00eb qarta p\u00ebr t\u00eb ardhmen e ferm\u00ebs suaj. Zhvilloni nj\u00eb strategji t\u00eb qart\u00eb, n\u00eb vend q\u00eb t\u00eb mb\u00ebshteteni vet\u00ebm n\u00eb zgjidhje t\u00eb p\u00ebrkohshme. Fermat e suksesshme mbajn\u00eb parasysh fitimin n\u00eb \u00e7do planifikim.\nZgjerimi i ferm\u00ebs mund t\u00eb jet\u00eb nj\u00eb investim i men\u00e7ur. Planifikoni me kujdes dhe fokusohuni n\u00eb performanc\u00ebn e lart\u00eb.<\/p>\n<\/div>\n<\/div>\n<\/div>\n","protected":false},"excerpt":{"rendered":"<p>Identifikimi i rezervave dhe rritja e suksesit ekonomik p\u00ebrmes optimizimit P\u00ebrpunuar nga Klevis Xhardja Optimizimi i praktikave n\u00eb fermat tuaja \u00ebsht\u00eb \u00e7el\u00ebsi p\u00ebr rritjen e suksesit ekonomik n\u00eb blegtori. Shpesh, mund\u00ebsit\u00eb p\u00ebr rritje t\u00eb t\u00eb ardhurave q\u00ebndrojn\u00eb n\u00eb detaje t\u00eb vogla, t\u00eb cilat mund t&#8217;i keni anashkaluar. Analiza e rezultateve nga grupet e pun\u00ebs tregon [&hellip;]<\/p>\n","protected":false},"author":2,"featured_media":0,"parent":0,"menu_order":0,"comment_status":"closed","ping_status":"closed","template":"","meta":{"inline_featured_image":false,"footnotes":""},"class_list":["post-8808","page","type-page","status-publish","hentry"],"yoast_head":"<!-- This site is optimized with the Yoast SEO plugin v18.9 - https:\/\/yoast.com\/wordpress\/plugins\/seo\/ -->\n<title>Identifikimi i rezervave dhe rritja e suksesit ekonomik p\u00ebrmes optimizimit - Austria Praemix<\/title>\n<meta name=\"robots\" content=\"index, follow, max-snippet:-1, max-image-preview:large, max-video-preview:-1\" \/>\n<link rel=\"canonical\" href=\"https:\/\/ap.com.al\/?page_id=8808\" \/>\n<meta property=\"og:locale\" content=\"en_US\" \/>\n<meta property=\"og:type\" content=\"article\" \/>\n<meta property=\"og:title\" content=\"Identifikimi i rezervave dhe rritja e suksesit ekonomik p\u00ebrmes optimizimit - Austria Praemix\" \/>\n<meta property=\"og:description\" content=\"Identifikimi i rezervave dhe rritja e suksesit ekonomik p\u00ebrmes optimizimit P\u00ebrpunuar nga Klevis Xhardja Optimizimi i praktikave n\u00eb fermat tuaja \u00ebsht\u00eb \u00e7el\u00ebsi p\u00ebr rritjen e suksesit ekonomik n\u00eb blegtori. Shpesh, mund\u00ebsit\u00eb p\u00ebr rritje t\u00eb t\u00eb ardhurave q\u00ebndrojn\u00eb n\u00eb detaje t\u00eb vogla, t\u00eb cilat mund t&#8217;i keni anashkaluar. Analiza e rezultateve nga grupet e pun\u00ebs tregon [&hellip;]\" \/>\n<meta property=\"og:url\" content=\"https:\/\/ap.com.al\/?page_id=8808\" \/>\n<meta property=\"og:site_name\" content=\"Austria Praemix\" \/>\n<meta property=\"article:publisher\" content=\"https:\/\/www.facebook.com\/austriapraemiks\/\" \/>\n<meta property=\"article:modified_time\" content=\"2025-03-10T12:05:15+00:00\" \/>\n<meta property=\"og:image\" content=\"https:\/\/ap.com.al\/wp-content\/uploads\/2022\/03\/Asset-51-1.png\" \/>\n<meta name=\"twitter:card\" content=\"summary_large_image\" \/>\n<meta name=\"twitter:label1\" content=\"Est. reading time\" \/>\n\t<meta name=\"twitter:data1\" content=\"1 minute\" \/>\n<script type=\"application\/ld+json\" class=\"yoast-schema-graph\">{\"@context\":\"https:\/\/schema.org\",\"@graph\":[{\"@type\":\"Organization\",\"@id\":\"https:\/\/ap.com.al\/#organization\",\"name\":\"Austria Preamix\",\"url\":\"https:\/\/ap.com.al\/\",\"sameAs\":[\"https:\/\/www.instagram.com\/austriapraemix\/\",\"https:\/\/www.facebook.com\/austriapraemiks\/\"],\"logo\":{\"@type\":\"ImageObject\",\"inLanguage\":\"en-US\",\"@id\":\"https:\/\/ap.com.al\/#\/schema\/logo\/image\/\",\"url\":\"https:\/\/ap.com.al\/wp-content\/uploads\/2022\/02\/AP-logo.png\",\"contentUrl\":\"https:\/\/ap.com.al\/wp-content\/uploads\/2022\/02\/AP-logo.png\",\"width\":3358,\"height\":1616,\"caption\":\"Austria Preamix\"},\"image\":{\"@id\":\"https:\/\/ap.com.al\/#\/schema\/logo\/image\/\"}},{\"@type\":\"WebSite\",\"@id\":\"https:\/\/ap.com.al\/#website\",\"url\":\"https:\/\/ap.com.al\/\",\"name\":\"Austria Praemix\",\"description\":\"\",\"publisher\":{\"@id\":\"https:\/\/ap.com.al\/#organization\"},\"potentialAction\":[{\"@type\":\"SearchAction\",\"target\":{\"@type\":\"EntryPoint\",\"urlTemplate\":\"https:\/\/ap.com.al\/?s={search_term_string}\"},\"query-input\":\"required name=search_term_string\"}],\"inLanguage\":\"en-US\"},{\"@type\":\"ImageObject\",\"inLanguage\":\"en-US\",\"@id\":\"https:\/\/ap.com.al\/?page_id=8808#primaryimage\",\"url\":\"https:\/\/ap.com.al\/wp-content\/uploads\/2022\/03\/Asset-51-1.png\",\"contentUrl\":\"https:\/\/ap.com.al\/wp-content\/uploads\/2022\/03\/Asset-51-1.png\",\"width\":355,\"height\":354},{\"@type\":\"WebPage\",\"@id\":\"https:\/\/ap.com.al\/?page_id=8808#webpage\",\"url\":\"https:\/\/ap.com.al\/?page_id=8808\",\"name\":\"Identifikimi i rezervave dhe rritja e suksesit ekonomik p\u00ebrmes optimizimit - Austria Praemix\",\"isPartOf\":{\"@id\":\"https:\/\/ap.com.al\/#website\"},\"primaryImageOfPage\":{\"@id\":\"https:\/\/ap.com.al\/?page_id=8808#primaryimage\"},\"datePublished\":\"2025-03-10T09:28:58+00:00\",\"dateModified\":\"2025-03-10T12:05:15+00:00\",\"breadcrumb\":{\"@id\":\"https:\/\/ap.com.al\/?page_id=8808#breadcrumb\"},\"inLanguage\":\"en-US\",\"potentialAction\":[{\"@type\":\"ReadAction\",\"target\":[\"https:\/\/ap.com.al\/?page_id=8808\"]}]},{\"@type\":\"BreadcrumbList\",\"@id\":\"https:\/\/ap.com.al\/?page_id=8808#breadcrumb\",\"itemListElement\":[{\"@type\":\"ListItem\",\"position\":1,\"name\":\"Home\",\"item\":\"https:\/\/ap.com.al\/\"},{\"@type\":\"ListItem\",\"position\":2,\"name\":\"Identifikimi i rezervave dhe rritja e suksesit ekonomik p\u00ebrmes optimizimit\"}]}]}<\/script>\n<!-- \/ Yoast SEO plugin. -->","yoast_head_json":{"title":"Identifikimi i rezervave dhe rritja e suksesit ekonomik p\u00ebrmes optimizimit - Austria Praemix","robots":{"index":"index","follow":"follow","max-snippet":"max-snippet:-1","max-image-preview":"max-image-preview:large","max-video-preview":"max-video-preview:-1"},"canonical":"https:\/\/ap.com.al\/?page_id=8808","og_locale":"en_US","og_type":"article","og_title":"Identifikimi i rezervave dhe rritja e suksesit ekonomik p\u00ebrmes optimizimit - Austria Praemix","og_description":"Identifikimi i rezervave dhe rritja e suksesit ekonomik p\u00ebrmes optimizimit P\u00ebrpunuar nga Klevis Xhardja Optimizimi i praktikave n\u00eb fermat tuaja \u00ebsht\u00eb \u00e7el\u00ebsi p\u00ebr rritjen e suksesit ekonomik n\u00eb blegtori. Shpesh, mund\u00ebsit\u00eb p\u00ebr rritje t\u00eb t\u00eb ardhurave q\u00ebndrojn\u00eb n\u00eb detaje t\u00eb vogla, t\u00eb cilat mund t&#8217;i keni anashkaluar. Analiza e rezultateve nga grupet e pun\u00ebs tregon [&hellip;]","og_url":"https:\/\/ap.com.al\/?page_id=8808","og_site_name":"Austria Praemix","article_publisher":"https:\/\/www.facebook.com\/austriapraemiks\/","article_modified_time":"2025-03-10T12:05:15+00:00","og_image":[{"url":"https:\/\/ap.com.al\/wp-content\/uploads\/2022\/03\/Asset-51-1.png"}],"twitter_card":"summary_large_image","twitter_misc":{"Est. reading time":"1 minute"},"schema":{"@context":"https:\/\/schema.org","@graph":[{"@type":"Organization","@id":"https:\/\/ap.com.al\/#organization","name":"Austria Preamix","url":"https:\/\/ap.com.al\/","sameAs":["https:\/\/www.instagram.com\/austriapraemix\/","https:\/\/www.facebook.com\/austriapraemiks\/"],"logo":{"@type":"ImageObject","inLanguage":"en-US","@id":"https:\/\/ap.com.al\/#\/schema\/logo\/image\/","url":"https:\/\/ap.com.al\/wp-content\/uploads\/2022\/02\/AP-logo.png","contentUrl":"https:\/\/ap.com.al\/wp-content\/uploads\/2022\/02\/AP-logo.png","width":3358,"height":1616,"caption":"Austria Preamix"},"image":{"@id":"https:\/\/ap.com.al\/#\/schema\/logo\/image\/"}},{"@type":"WebSite","@id":"https:\/\/ap.com.al\/#website","url":"https:\/\/ap.com.al\/","name":"Austria Praemix","description":"","publisher":{"@id":"https:\/\/ap.com.al\/#organization"},"potentialAction":[{"@type":"SearchAction","target":{"@type":"EntryPoint","urlTemplate":"https:\/\/ap.com.al\/?s={search_term_string}"},"query-input":"required name=search_term_string"}],"inLanguage":"en-US"},{"@type":"ImageObject","inLanguage":"en-US","@id":"https:\/\/ap.com.al\/?page_id=8808#primaryimage","url":"https:\/\/ap.com.al\/wp-content\/uploads\/2022\/03\/Asset-51-1.png","contentUrl":"https:\/\/ap.com.al\/wp-content\/uploads\/2022\/03\/Asset-51-1.png","width":355,"height":354},{"@type":"WebPage","@id":"https:\/\/ap.com.al\/?page_id=8808#webpage","url":"https:\/\/ap.com.al\/?page_id=8808","name":"Identifikimi i rezervave dhe rritja e suksesit ekonomik p\u00ebrmes optimizimit - Austria Praemix","isPartOf":{"@id":"https:\/\/ap.com.al\/#website"},"primaryImageOfPage":{"@id":"https:\/\/ap.com.al\/?page_id=8808#primaryimage"},"datePublished":"2025-03-10T09:28:58+00:00","dateModified":"2025-03-10T12:05:15+00:00","breadcrumb":{"@id":"https:\/\/ap.com.al\/?page_id=8808#breadcrumb"},"inLanguage":"en-US","potentialAction":[{"@type":"ReadAction","target":["https:\/\/ap.com.al\/?page_id=8808"]}]},{"@type":"BreadcrumbList","@id":"https:\/\/ap.com.al\/?page_id=8808#breadcrumb","itemListElement":[{"@type":"ListItem","position":1,"name":"Home","item":"https:\/\/ap.com.al\/"},{"@type":"ListItem","position":2,"name":"Identifikimi i rezervave dhe rritja e suksesit ekonomik p\u00ebrmes optimizimit"}]}]}},"_links":{"self":[{"href":"https:\/\/ap.com.al\/index.php?rest_route=\/wp\/v2\/pages\/8808","targetHints":{"allow":["GET"]}}],"collection":[{"href":"https:\/\/ap.com.al\/index.php?rest_route=\/wp\/v2\/pages"}],"about":[{"href":"https:\/\/ap.com.al\/index.php?rest_route=\/wp\/v2\/types\/page"}],"author":[{"embeddable":true,"href":"https:\/\/ap.com.al\/index.php?rest_route=\/wp\/v2\/users\/2"}],"replies":[{"embeddable":true,"href":"https:\/\/ap.com.al\/index.php?rest_route=%2Fwp%2Fv2%2Fcomments&post=8808"}],"version-history":[{"count":23,"href":"https:\/\/ap.com.al\/index.php?rest_route=\/wp\/v2\/pages\/8808\/revisions"}],"predecessor-version":[{"id":8849,"href":"https:\/\/ap.com.al\/index.php?rest_route=\/wp\/v2\/pages\/8808\/revisions\/8849"}],"wp:attachment":[{"href":"https:\/\/ap.com.al\/index.php?rest_route=%2Fwp%2Fv2%2Fmedia&parent=8808"}],"curies":[{"name":"wp","href":"https:\/\/api.w.org\/{rel}","templated":true}]}}