{"id":8851,"date":"2025-03-17T09:15:13","date_gmt":"2025-03-17T09:15:13","guid":{"rendered":"https:\/\/ap.com.al\/?page_id=8851"},"modified":"2025-04-07T09:41:24","modified_gmt":"2025-04-07T09:41:24","slug":"keshilla-te-vlefshme-per-prodhimin-maksimal-te-qumeshtit-ne-fermat-e-ripertypesve","status":"publish","type":"page","link":"https:\/\/ap.com.al\/?page_id=8851","title":{"rendered":"K\u00ebshilla t\u00eb vlefshme p\u00ebr prodhimin maksimal t\u00eb qum\u00ebshtit n\u00eb fermat e rip\u00ebrtyp\u00ebsve"},"content":{"rendered":"\n<style>\n  #oniiii{\n    background-image:url(\"https:\/\/ap.com.al\/wp-content\/uploads\/2022\/01\/Kuehe.jpg\");\n    padding-bottom: 32%;\n    background-position:center center;\n    background-repeat: no-repeat;\n    background-size:cover;\n  }\n  <\/style>\n  <script src=\"https:\/\/code.jquery.com\/jquery-3.5.0.js\">\n<\/script>\n\n<div id=\"oniiii\"><\/div>\n \n<script>\n$( \"#oniiii\" ).insertBefore( \".container_wrap_first\" );\n<\/script>\n\n\n\n<div class=\"wp-block-columns\" id=\"containerr\">\n<div class=\"wp-block-column\">\n<div class=\"avia_textblock\" itemprop=\"text\"><h4 style=\"color:#005a8c;\n\">K\u00ebshilla t\u00eb vlefshme p\u00ebr prodhimin maksimal t\u00eb qum\u00ebshtit n\u00eb fermat e rip\u00ebrtyp\u00ebsve<\/h4>\n<p align=\"right\">\n   P\u00ebrpunuar nga Klevis Xhardja\n<\/p>\n<\/div>\n<\/div>\n<\/div>\n\n\n\n<div class=\"wp-block-columns\" id=\"containerr\">\n<div class=\"wp-block-column\">\n<div class=\"detail__certificates-item-icon\">\n<img decoding=\"async\" alt=\"Icon RINDAMAST UNI\" src=\"https:\/\/ap.com.al\/wp-content\/uploads\/2022\/03\/Asset-51-1.png\">\n<\/div>\n<\/div>\n<\/div>\n\n\n\n<div class=\"wp-block-columns\" id=\"containerr\">\n<div class=\"wp-block-column\">\n<div class=\"blue_marker_list\">\n<p align=\"justify\">Me rritjen e prodhimit t\u00eb energjis\u00eb nga biomasa (gjenerimi i energjis\u00eb nga l\u00ebnd\u00eb organike), burimet e karbohidrateve n\u00eb dietat e rip\u00ebrtyp\u00ebsve po b\u00ebhen m\u00eb t\u00eb pakta dhe m\u00eb t\u00eb shtrenjta. Kjo paraqet sfida n\u00eb formulimin e racioneve efektive p\u00ebr t\u00eb optimizuar prodhimin e qum\u00ebshtit, duke marr\u00eb parasysh rritjen e kostove t\u00eb ushqimit.\nP\u00ebr t\u00eb eksploruar mund\u00ebsit\u00eb, duhet t\u00eb vler\u00ebsohen faktor\u00ebt specifik\u00eb t\u00eb ferm\u00ebs, si hap\u00ebsira e disponueshme dhe kushtet e ambientit.\nN\u00eb planifikimin e racioneve, duhet t\u00eb fokusohemi n\u00eb efikasitetin e prodhimit t\u00eb qum\u00ebshtit (shfryt\u00ebzimi optimal i l\u00ebnd\u00ebve ushqyese), p\u00ebrdorimin e sip\u00ebrfaqes dhe kapaciteteve (prodhimi optimal i foragjereve, ulja e kostove t\u00eb blerjes) dhe formulimin efikas t\u00eb racioneve (p\u00ebrdorimi i n\u00ebnprodukteve me kosto t\u00eb ul\u00ebt).\n<\/p>\n<\/div>\n\n\n\n<div class=\"blue_marker_list\">\n<h4 style=\"padding-top: 20px;\">Shfryt\u00ebzimi dhe efikasiteti i l\u00ebnd\u00ebve ushqyese<\/h4>\n\n<p align=\"justify\">P\u00ebrdorimi i nj\u00eb mikseri (mishelatori) ushqimi lejon matjen e sakt\u00eb t\u00eb sasis\u00eb totale t\u00eb ushqimit t\u00eb konsumuar. Regjistrimi elektronik i sasive t\u00eb peshuara mund\u00ebson analiz\u00ebn e t\u00eb dh\u00ebnave p\u00ebrmes kompjuterit. Matja e rregullt e l\u00ebnd\u00ebs s\u00eb that\u00eb n\u00eb racion (1-2 her\u00eb n\u00eb jav\u00eb, n\u00eb var\u00ebsi t\u00eb heterogjenitetit (shum\u00ebllojshm\u00ebris\u00eb) t\u00eb p\u00ebrb\u00ebr\u00ebsve t\u00eb foragjereve) \u00ebsht\u00eb thelb\u00ebsore. Duke pjestuar prodhimin e qum\u00ebshtit me marrjen e l\u00ebnd\u00ebs s\u00eb that\u00eb, fitohet sasia e qum\u00ebshtit t\u00eb prodhuar p\u00ebr kg l\u00ebnd\u00eb t\u00eb that\u00eb, duke na dh\u00ebn\u00eb nj\u00eb tregues t\u00eb efikasitetit t\u00eb ushqimit. <\/p>\n<p align=\"justify\">Efikasiteti i ushqimit ndikohet nga faktor\u00eb si faza e laktacionit dhe niveli i prodhimit. Studimet e H\u00fclsenberger tregojn\u00eb nj\u00eb lidhje lineare midis efikasitetit t\u00eb ushqimit dhe prodhimit t\u00eb qum\u00ebshtit n\u00eb nj\u00eb gam\u00eb t\u00eb gjer\u00eb t\u00eb konsumit mesatar t\u00eb ushqimit p\u00ebr t\u00eb gjith\u00eb tuf\u00ebn. <\/p>\n<p align=\"justify\">P\u00ebr nj\u00eb prodhim prej 25 kg qum\u00ebsht, duhet t\u00eb arrihet nj\u00eb efikasitet prej 1.36 kg qum\u00ebsht p\u00ebr kg l\u00ebnd\u00eb t\u00eb that\u00eb, nd\u00ebrsa p\u00ebr 35 kg qum\u00ebsht, efikasiteti duhet t\u00eb jet\u00eb 1.68 kg qum\u00ebsht p\u00ebr kg l\u00ebnd\u00eb t\u00eb that\u00eb. Figura 1 ilustron ecurin\u00eb e efikasitetit gjat\u00eb laktacionit n\u00eb tuf\u00ebn H\u00fclsenberger. Me rritjen e \u00e7mimeve t\u00eb ushqimit, k\u00ebta faktor\u00eb duhet t\u00eb marrin nj\u00eb r\u00ebnd\u00ebsi t\u00eb ve\u00e7ant\u00eb n\u00eb formulimin e racioneve.\nN\u00eb fund t\u00eb fundit, masa e suksesit \u00ebsht\u00eb sasia e qum\u00ebshtit t\u00eb prodhuar p\u00ebr nj\u00ebsi ushqimi. Konsulenca e ushqimit Schaumann ofron koncepte t\u00eb p\u00ebrshtatura p\u00ebr \u00e7do ferm\u00eb, duke marr\u00eb parasysh specifikat e saj.\n <\/p>\n<h4 style=\"padding-top: 20px;\">Fig. 1: Efikasiteti i ushqimit dhe ekuilibri i energjis\u00eb gjat\u00eb laktacionit<\/h4>\n<\/div>\n\n\n\n<figure class=\"wp-block-image size-full\"><img loading=\"lazy\" decoding=\"async\" width=\"825\" height=\"439\" src=\"https:\/\/ap.com.al\/wp-content\/uploads\/2025\/03\/image-3.png\" alt=\"\" class=\"wp-image-8853\" srcset=\"https:\/\/ap.com.al\/wp-content\/uploads\/2025\/03\/image-3.png 825w, https:\/\/ap.com.al\/wp-content\/uploads\/2025\/03\/image-3-300x160.png 300w, https:\/\/ap.com.al\/wp-content\/uploads\/2025\/03\/image-3-768x409.png 768w, https:\/\/ap.com.al\/wp-content\/uploads\/2025\/03\/image-3-705x375.png 705w, https:\/\/ap.com.al\/wp-content\/uploads\/2025\/03\/image-3-450x239.png 450w\" sizes=\"auto, (max-width: 825px) 100vw, 825px\" \/><\/figure>\n\n\n\n<div class=\"blue_marker_list\">\n<h4 style=\"padding-top: 20px;\">Fig. 2: Ndryshimi i silazhit t\u00eb barit nga fusha n\u00eb lug<\/h4>\n<\/div>\n\n\n\n<figure class=\"wp-block-image size-full is-resized\"><img loading=\"lazy\" decoding=\"async\" width=\"568\" height=\"367\" src=\"https:\/\/ap.com.al\/wp-content\/uploads\/2025\/03\/grafart.png\" alt=\"\" class=\"wp-image-8855\" style=\"width:840px;height:auto\" srcset=\"https:\/\/ap.com.al\/wp-content\/uploads\/2025\/03\/grafart.png 568w, https:\/\/ap.com.al\/wp-content\/uploads\/2025\/03\/grafart-300x194.png 300w, https:\/\/ap.com.al\/wp-content\/uploads\/2025\/03\/grafart-450x291.png 450w\" sizes=\"auto, (max-width: 568px) 100vw, 568px\" \/><\/figure>\n\n\n\n<div class=\"blue_marker_list\">\n<ul style=\"list-style-type: square; \n\tpadding-left: 1em;\">\n<li>Ushqimi baz\u00eb i lop\u00ebve qum\u00ebshtore <\/li>\n<li>Optimizimi i racionit p\u00ebr rip\u00ebrtyp\u00ebsit<\/li>\n<li>Roli i foragjereve t\u00eb tretshme n\u00eb racionin e lop\u00ebve qum\u00ebshtore<\/li>\n<\/ul>\n<p align=\"justify\">N\u00eb praktik\u00ebn veterinare t\u00eb menaxhimit t\u00eb ushqimit t\u00eb lop\u00ebve qum\u00ebshtore, p\u00ebrdorimi i foragjereve shum\u00eb t\u00eb tretshme luan nj\u00eb rol ky\u00e7. Kjo strategji lejon reduktimin e p\u00ebrmbajtjes s\u00eb koncentratit n\u00eb racion n\u00eb m\u00eb pak se 40%, edhe n\u00eb rastet e lop\u00ebve me rendiment t\u00eb lart\u00eb qum\u00ebshti. Nj\u00eb racion i till\u00eb jo vet\u00ebm q\u00eb \u00ebsht\u00eb ekonomikisht i favorsh\u00ebm, por gjithashtu plot\u00ebson k\u00ebrkesat fiziologjike t\u00eb rip\u00ebrtyp\u00ebsve, duke siguruar nj\u00eb tretje t\u00eb sh\u00ebndetshme dhe maksimizimin e prodhimit t\u00eb qum\u00ebshtit.<\/p>\n\n<h4 style=\"padding-top: 20px;\">Menaxhimi i tok\u00ebs dhe cil\u00ebsia e silazhit<\/h4>\n<p align=\"justify\">Optimizimi i p\u00ebrdorimit t\u00eb sip\u00ebrfaqes s\u00eb tok\u00ebs \u00ebsht\u00eb thelb\u00ebsor, ve\u00e7an\u00ebrisht n\u00eb menaxhimin intensiv t\u00eb kullotave. Rritja e p\u00ebrdorimit t\u00eb silazhit t\u00eb barit n\u00eb racion k\u00ebrkon monitorimin dhe p\u00ebrmir\u00ebsimin e tretshm\u00ebris\u00eb s\u00eb tij p\u00ebr t\u00eb ruajtur nj\u00eb rendiment t\u00eb q\u00ebndruesh\u00ebm t\u00eb qum\u00ebshtit. Kultivimi i kulturave foragjere mund t\u00eb fitoj\u00eb nj\u00eb r\u00ebnd\u00ebsi m\u00eb t\u00eb madhe n\u00eb prodhimin e qum\u00ebshtit n\u00eb t\u00eb ardhmen, p\u00ebr shkak t\u00eb p\u00ebrdorimit m\u00eb efikas t\u00eb tok\u00ebs.<\/p>\n<h4 style=\"padding-top: 20px;\">Prodhimi i silazhit me cil\u00ebsi t\u00eb lart\u00eb<\/h4>\n<p align=\"justify\">P\u00ebr t\u00eb siguruar foragjere t\u00eb cil\u00ebsis\u00eb s\u00eb lart\u00eb, \u00ebsht\u00eb e domosdoshme t\u00eb zbatohet nj\u00eb menaxhim modern i silazhit, duke minimizuar humbjet. Foragjeret shum\u00eb t\u00eb tretshme jan\u00eb m\u00eb t\u00eb prirura ndaj prishjes, dhe humbjet e energjis\u00eb nga fusha n\u00eb grazhd mund t\u00eb jen\u00eb duksh\u00ebm m\u00eb t\u00eb larta krahasuar me foragjeret nga zona t\u00eb menaxhuara n\u00eb m\u00ebnyr\u00eb ekstensive.<\/p>\n<h4 style=\"padding-top: 20px;\">Roli i silazhit t\u00eb p\u00ebrshtatur p\u00ebr ushqimin baz\u00eb<\/h4>\n<p align=\"justify\">Silazhi i p\u00ebrshtatur p\u00ebr ushqimin baz\u00eb luan nj\u00eb rol gjithnj\u00eb e m\u00eb t\u00eb r\u00ebnd\u00ebsish\u00ebm n\u00eb sigurimin q\u00eb energjia e marr\u00eb nga fusha t\u00eb p\u00ebrfundoj\u00eb n\u00eb grazhd. Konsulent\u00ebt veterinar\u00eb t\u00eb Schaumann ofrojn\u00eb koncepte profesionale p\u00ebr menaxhimin efikas t\u00eb silazhit. Programi Bonsilage, me zgjidhjet e tij specifike p\u00ebr t\u00eb gjitha substratet, mund\u00ebson kontrollin optimal t\u00eb procesit t\u00eb silazhimit. (shih Figur\u00ebn 3).<\/p>\n<h4 style=\"padding-top: 20px;\">Optimizimi i performanc\u00ebs s\u00eb racionit n\u00eb kushtet e kostos s\u00eb lart\u00eb t\u00eb ushqimit<\/h4>\n<p align=\"justify\">N\u00eb kontekstin e rritjes s\u00eb vazhdueshme t\u00eb \u00e7mimeve t\u00eb ushqimit, \u00ebsht\u00eb e domosdoshme q\u00eb prodhuesit e qum\u00ebshtit t\u00eb adoptojn\u00eb strategji t\u00eb avancuara t\u00eb menaxhimit t\u00eb ushqimit p\u00ebr t\u00eb maksimizuar performanc\u00ebn e tuf\u00ebs s\u00eb tyre. P\u00ebr t\u00eb arritur k\u00ebt\u00eb, \u00ebsht\u00eb e nevojshme t\u00eb:<\/p>\n<ul style=\"list-style-type: square; \n\tpadding-left: 1em;\">\n<li>P\u00ebrmir\u00ebsohet cil\u00ebsia e racionit: T\u00eb fokusohemi n\u00eb p\u00ebrdorimin e p\u00ebrb\u00ebr\u00ebsve me vler\u00eb t\u00eb lart\u00eb ushqyese dhe t\u00eb optimizojm\u00eb tretshm\u00ebrin\u00eb e l\u00ebnd\u00ebve ushqyese p\u00ebr t\u00eb rritur efikasitetin e konvertimit t\u00eb ushqimit n\u00eb qum\u00ebsht.<\/li>\n<li>Minimizohen humbjet: T\u00eb zbatohen praktika t\u00eb menaxhimit t\u00eb ushqimit q\u00eb reduktojn\u00eb humbjet gjat\u00eb ruajtjes, p\u00ebrpunimit dhe shp\u00ebrndarjes s\u00eb ushqimit.<\/li>\n<li>Optimizimi i p\u00ebrdorimit t\u00eb burimeve: T\u00eb shfryt\u00ebzohet n\u00eb m\u00ebnyr\u00eb efikase zona e disponueshme p\u00ebr prodhimin e foragjereve dhe t\u00eb optimizohen kullotat p\u00ebr t\u00eb siguruar nj\u00eb furnizim t\u00eb q\u00ebndruesh\u00ebm me ushqim t\u00eb gjelb\u00ebr.<\/li>\n<li>Rimendimi i hartimit dhe kontrollit t\u00eb racioneve: T\u00eb zbatohen protokolle t\u00eb avancuara t\u00eb formulimit t\u00eb racioneve, duke marr\u00eb parasysh nevojat specifike t\u00eb tuf\u00ebs n\u00eb faza t\u00eb ndryshme t\u00eb laktacionit dhe t\u00eb monitorohet vazhdimisht p\u00ebrgjigjia e tuf\u00ebs ndaj racionit t\u00eb dh\u00ebn\u00eb.<\/li>\n<\/ul>\n<h4 style=\"padding-top: 20px;\">Konsultimi me Specialist\u00ebt Veteriner\u00eb t\u00eb Austria Praemix <\/h4>\n<p align=\"justify\">Austria Praemix n\u00ebp\u00ebrmjet programeve Schaumann ofron koncepte inovative dhe zgjidhje t\u00eb personalizuara p\u00ebr t\u00eb ndihmuar prodhuesit e qum\u00ebshtit t\u00eb arrijn\u00eb nj\u00eb prodhim fitimprur\u00ebs edhe n\u00eb kushtet e kostove t\u00eb larta t\u00eb ushqimit.<\/p>\n<h4 style=\"padding-top: 20px;\">Konsultohuni me nj\u00eb k\u00ebshillues t\u00eb Austria Praemix p\u00ebr t\u00eb zhvilluar nj\u00eb strategji t\u00eb optimizuar t\u00eb menaxhimit t\u00eb ushqimit p\u00ebr tuf\u00ebn tuaj.<\/h4>\n<\/div>\n\n\n\n<figure class=\"wp-block-image size-full is-resized\"><img loading=\"lazy\" decoding=\"async\" width=\"591\" height=\"240\" src=\"https:\/\/ap.com.al\/wp-content\/uploads\/2025\/03\/tabbon.png\" alt=\"\" class=\"wp-image-8856\" style=\"width:839px;height:auto\" srcset=\"https:\/\/ap.com.al\/wp-content\/uploads\/2025\/03\/tabbon.png 591w, https:\/\/ap.com.al\/wp-content\/uploads\/2025\/03\/tabbon-300x122.png 300w, https:\/\/ap.com.al\/wp-content\/uploads\/2025\/03\/tabbon-450x183.png 450w\" sizes=\"auto, (max-width: 591px) 100vw, 591px\" \/><\/figure>\n<\/div>\n<\/div>\n","protected":false},"excerpt":{"rendered":"<p>K\u00ebshilla t\u00eb vlefshme p\u00ebr prodhimin maksimal t\u00eb qum\u00ebshtit n\u00eb fermat e rip\u00ebrtyp\u00ebsve P\u00ebrpunuar nga Klevis Xhardja Me rritjen e prodhimit t\u00eb energjis\u00eb nga biomasa (gjenerimi i energjis\u00eb nga l\u00ebnd\u00eb organike), burimet e karbohidrateve n\u00eb dietat e rip\u00ebrtyp\u00ebsve po b\u00ebhen m\u00eb t\u00eb pakta dhe m\u00eb t\u00eb shtrenjta. Kjo paraqet sfida n\u00eb formulimin e racioneve efektive p\u00ebr [&hellip;]<\/p>\n","protected":false},"author":2,"featured_media":0,"parent":0,"menu_order":0,"comment_status":"closed","ping_status":"closed","template":"","meta":{"inline_featured_image":false,"footnotes":""},"class_list":["post-8851","page","type-page","status-publish","hentry"],"yoast_head":"<!-- This site is optimized with the Yoast SEO plugin v18.9 - https:\/\/yoast.com\/wordpress\/plugins\/seo\/ -->\n<title>K\u00ebshilla t\u00eb vlefshme p\u00ebr prodhimin maksimal t\u00eb qum\u00ebshtit n\u00eb fermat e rip\u00ebrtyp\u00ebsve - Austria Praemix<\/title>\n<meta name=\"robots\" content=\"index, follow, max-snippet:-1, max-image-preview:large, max-video-preview:-1\" \/>\n<link rel=\"canonical\" href=\"https:\/\/ap.com.al\/?page_id=8851\" \/>\n<meta property=\"og:locale\" content=\"en_US\" \/>\n<meta property=\"og:type\" content=\"article\" \/>\n<meta property=\"og:title\" content=\"K\u00ebshilla t\u00eb vlefshme p\u00ebr prodhimin maksimal t\u00eb qum\u00ebshtit n\u00eb fermat e rip\u00ebrtyp\u00ebsve - Austria Praemix\" \/>\n<meta property=\"og:description\" content=\"K\u00ebshilla t\u00eb vlefshme p\u00ebr prodhimin maksimal t\u00eb qum\u00ebshtit n\u00eb fermat e rip\u00ebrtyp\u00ebsve P\u00ebrpunuar nga Klevis Xhardja Me rritjen e prodhimit t\u00eb energjis\u00eb nga biomasa (gjenerimi i energjis\u00eb nga l\u00ebnd\u00eb organike), burimet e karbohidrateve n\u00eb dietat e rip\u00ebrtyp\u00ebsve po b\u00ebhen m\u00eb t\u00eb pakta dhe m\u00eb t\u00eb shtrenjta. Kjo paraqet sfida n\u00eb formulimin e racioneve efektive p\u00ebr [&hellip;]\" \/>\n<meta property=\"og:url\" content=\"https:\/\/ap.com.al\/?page_id=8851\" \/>\n<meta property=\"og:site_name\" content=\"Austria Praemix\" \/>\n<meta property=\"article:publisher\" content=\"https:\/\/www.facebook.com\/austriapraemiks\/\" \/>\n<meta property=\"article:modified_time\" content=\"2025-04-07T09:41:24+00:00\" \/>\n<meta property=\"og:image\" content=\"https:\/\/ap.com.al\/wp-content\/uploads\/2022\/03\/Asset-51-1.png\" \/>\n<meta name=\"twitter:card\" content=\"summary_large_image\" \/>\n<meta name=\"twitter:label1\" content=\"Est. reading time\" \/>\n\t<meta name=\"twitter:data1\" content=\"1 minute\" \/>\n<script type=\"application\/ld+json\" class=\"yoast-schema-graph\">{\"@context\":\"https:\/\/schema.org\",\"@graph\":[{\"@type\":\"Organization\",\"@id\":\"https:\/\/ap.com.al\/#organization\",\"name\":\"Austria Preamix\",\"url\":\"https:\/\/ap.com.al\/\",\"sameAs\":[\"https:\/\/www.instagram.com\/austriapraemix\/\",\"https:\/\/www.facebook.com\/austriapraemiks\/\"],\"logo\":{\"@type\":\"ImageObject\",\"inLanguage\":\"en-US\",\"@id\":\"https:\/\/ap.com.al\/#\/schema\/logo\/image\/\",\"url\":\"https:\/\/ap.com.al\/wp-content\/uploads\/2022\/02\/AP-logo.png\",\"contentUrl\":\"https:\/\/ap.com.al\/wp-content\/uploads\/2022\/02\/AP-logo.png\",\"width\":3358,\"height\":1616,\"caption\":\"Austria Preamix\"},\"image\":{\"@id\":\"https:\/\/ap.com.al\/#\/schema\/logo\/image\/\"}},{\"@type\":\"WebSite\",\"@id\":\"https:\/\/ap.com.al\/#website\",\"url\":\"https:\/\/ap.com.al\/\",\"name\":\"Austria Praemix\",\"description\":\"\",\"publisher\":{\"@id\":\"https:\/\/ap.com.al\/#organization\"},\"potentialAction\":[{\"@type\":\"SearchAction\",\"target\":{\"@type\":\"EntryPoint\",\"urlTemplate\":\"https:\/\/ap.com.al\/?s={search_term_string}\"},\"query-input\":\"required name=search_term_string\"}],\"inLanguage\":\"en-US\"},{\"@type\":\"ImageObject\",\"inLanguage\":\"en-US\",\"@id\":\"https:\/\/ap.com.al\/?page_id=8851#primaryimage\",\"url\":\"https:\/\/ap.com.al\/wp-content\/uploads\/2022\/03\/Asset-51-1.png\",\"contentUrl\":\"https:\/\/ap.com.al\/wp-content\/uploads\/2022\/03\/Asset-51-1.png\",\"width\":355,\"height\":354},{\"@type\":\"WebPage\",\"@id\":\"https:\/\/ap.com.al\/?page_id=8851#webpage\",\"url\":\"https:\/\/ap.com.al\/?page_id=8851\",\"name\":\"K\u00ebshilla t\u00eb vlefshme p\u00ebr prodhimin maksimal t\u00eb qum\u00ebshtit n\u00eb fermat e rip\u00ebrtyp\u00ebsve - Austria Praemix\",\"isPartOf\":{\"@id\":\"https:\/\/ap.com.al\/#website\"},\"primaryImageOfPage\":{\"@id\":\"https:\/\/ap.com.al\/?page_id=8851#primaryimage\"},\"datePublished\":\"2025-03-17T09:15:13+00:00\",\"dateModified\":\"2025-04-07T09:41:24+00:00\",\"breadcrumb\":{\"@id\":\"https:\/\/ap.com.al\/?page_id=8851#breadcrumb\"},\"inLanguage\":\"en-US\",\"potentialAction\":[{\"@type\":\"ReadAction\",\"target\":[\"https:\/\/ap.com.al\/?page_id=8851\"]}]},{\"@type\":\"BreadcrumbList\",\"@id\":\"https:\/\/ap.com.al\/?page_id=8851#breadcrumb\",\"itemListElement\":[{\"@type\":\"ListItem\",\"position\":1,\"name\":\"Home\",\"item\":\"https:\/\/ap.com.al\/\"},{\"@type\":\"ListItem\",\"position\":2,\"name\":\"K\u00ebshilla t\u00eb vlefshme p\u00ebr prodhimin maksimal t\u00eb qum\u00ebshtit n\u00eb fermat e rip\u00ebrtyp\u00ebsve\"}]}]}<\/script>\n<!-- \/ Yoast SEO plugin. -->","yoast_head_json":{"title":"K\u00ebshilla t\u00eb vlefshme p\u00ebr prodhimin maksimal t\u00eb qum\u00ebshtit n\u00eb fermat e rip\u00ebrtyp\u00ebsve - Austria Praemix","robots":{"index":"index","follow":"follow","max-snippet":"max-snippet:-1","max-image-preview":"max-image-preview:large","max-video-preview":"max-video-preview:-1"},"canonical":"https:\/\/ap.com.al\/?page_id=8851","og_locale":"en_US","og_type":"article","og_title":"K\u00ebshilla t\u00eb vlefshme p\u00ebr prodhimin maksimal t\u00eb qum\u00ebshtit n\u00eb fermat e rip\u00ebrtyp\u00ebsve - Austria Praemix","og_description":"K\u00ebshilla t\u00eb vlefshme p\u00ebr prodhimin maksimal t\u00eb qum\u00ebshtit n\u00eb fermat e rip\u00ebrtyp\u00ebsve P\u00ebrpunuar nga Klevis Xhardja Me rritjen e prodhimit t\u00eb energjis\u00eb nga biomasa (gjenerimi i energjis\u00eb nga l\u00ebnd\u00eb organike), burimet e karbohidrateve n\u00eb dietat e rip\u00ebrtyp\u00ebsve po b\u00ebhen m\u00eb t\u00eb pakta dhe m\u00eb t\u00eb shtrenjta. Kjo paraqet sfida n\u00eb formulimin e racioneve efektive p\u00ebr [&hellip;]","og_url":"https:\/\/ap.com.al\/?page_id=8851","og_site_name":"Austria Praemix","article_publisher":"https:\/\/www.facebook.com\/austriapraemiks\/","article_modified_time":"2025-04-07T09:41:24+00:00","og_image":[{"url":"https:\/\/ap.com.al\/wp-content\/uploads\/2022\/03\/Asset-51-1.png"}],"twitter_card":"summary_large_image","twitter_misc":{"Est. reading time":"1 minute"},"schema":{"@context":"https:\/\/schema.org","@graph":[{"@type":"Organization","@id":"https:\/\/ap.com.al\/#organization","name":"Austria Preamix","url":"https:\/\/ap.com.al\/","sameAs":["https:\/\/www.instagram.com\/austriapraemix\/","https:\/\/www.facebook.com\/austriapraemiks\/"],"logo":{"@type":"ImageObject","inLanguage":"en-US","@id":"https:\/\/ap.com.al\/#\/schema\/logo\/image\/","url":"https:\/\/ap.com.al\/wp-content\/uploads\/2022\/02\/AP-logo.png","contentUrl":"https:\/\/ap.com.al\/wp-content\/uploads\/2022\/02\/AP-logo.png","width":3358,"height":1616,"caption":"Austria Preamix"},"image":{"@id":"https:\/\/ap.com.al\/#\/schema\/logo\/image\/"}},{"@type":"WebSite","@id":"https:\/\/ap.com.al\/#website","url":"https:\/\/ap.com.al\/","name":"Austria Praemix","description":"","publisher":{"@id":"https:\/\/ap.com.al\/#organization"},"potentialAction":[{"@type":"SearchAction","target":{"@type":"EntryPoint","urlTemplate":"https:\/\/ap.com.al\/?s={search_term_string}"},"query-input":"required name=search_term_string"}],"inLanguage":"en-US"},{"@type":"ImageObject","inLanguage":"en-US","@id":"https:\/\/ap.com.al\/?page_id=8851#primaryimage","url":"https:\/\/ap.com.al\/wp-content\/uploads\/2022\/03\/Asset-51-1.png","contentUrl":"https:\/\/ap.com.al\/wp-content\/uploads\/2022\/03\/Asset-51-1.png","width":355,"height":354},{"@type":"WebPage","@id":"https:\/\/ap.com.al\/?page_id=8851#webpage","url":"https:\/\/ap.com.al\/?page_id=8851","name":"K\u00ebshilla t\u00eb vlefshme p\u00ebr prodhimin maksimal t\u00eb qum\u00ebshtit n\u00eb fermat e rip\u00ebrtyp\u00ebsve - Austria Praemix","isPartOf":{"@id":"https:\/\/ap.com.al\/#website"},"primaryImageOfPage":{"@id":"https:\/\/ap.com.al\/?page_id=8851#primaryimage"},"datePublished":"2025-03-17T09:15:13+00:00","dateModified":"2025-04-07T09:41:24+00:00","breadcrumb":{"@id":"https:\/\/ap.com.al\/?page_id=8851#breadcrumb"},"inLanguage":"en-US","potentialAction":[{"@type":"ReadAction","target":["https:\/\/ap.com.al\/?page_id=8851"]}]},{"@type":"BreadcrumbList","@id":"https:\/\/ap.com.al\/?page_id=8851#breadcrumb","itemListElement":[{"@type":"ListItem","position":1,"name":"Home","item":"https:\/\/ap.com.al\/"},{"@type":"ListItem","position":2,"name":"K\u00ebshilla t\u00eb vlefshme p\u00ebr prodhimin maksimal t\u00eb qum\u00ebshtit n\u00eb fermat e rip\u00ebrtyp\u00ebsve"}]}]}},"_links":{"self":[{"href":"https:\/\/ap.com.al\/index.php?rest_route=\/wp\/v2\/pages\/8851","targetHints":{"allow":["GET"]}}],"collection":[{"href":"https:\/\/ap.com.al\/index.php?rest_route=\/wp\/v2\/pages"}],"about":[{"href":"https:\/\/ap.com.al\/index.php?rest_route=\/wp\/v2\/types\/page"}],"author":[{"embeddable":true,"href":"https:\/\/ap.com.al\/index.php?rest_route=\/wp\/v2\/users\/2"}],"replies":[{"embeddable":true,"href":"https:\/\/ap.com.al\/index.php?rest_route=%2Fwp%2Fv2%2Fcomments&post=8851"}],"version-history":[{"count":3,"href":"https:\/\/ap.com.al\/index.php?rest_route=\/wp\/v2\/pages\/8851\/revisions"}],"predecessor-version":[{"id":8904,"href":"https:\/\/ap.com.al\/index.php?rest_route=\/wp\/v2\/pages\/8851\/revisions\/8904"}],"wp:attachment":[{"href":"https:\/\/ap.com.al\/index.php?rest_route=%2Fwp%2Fv2%2Fmedia&parent=8851"}],"curies":[{"name":"wp","href":"https:\/\/api.w.org\/{rel}","templated":true}]}}