{"id":8900,"date":"2025-04-07T11:00:36","date_gmt":"2025-04-07T11:00:36","guid":{"rendered":"https:\/\/ap.com.al\/?page_id=8900"},"modified":"2025-04-07T11:55:33","modified_gmt":"2025-04-07T11:55:33","slug":"monitorimi-i-ushqyerjes-se-lopeve-qumeshtore-nepermjet-analizes-se-qumeshtit","status":"publish","type":"page","link":"https:\/\/ap.com.al\/?page_id=8900","title":{"rendered":"Monitorimi i ushqyerjes s\u00eb lop\u00ebve qum\u00ebshtore n\u00ebp\u00ebrmjet Analiz\u00ebs s\u00eb Qum\u00ebshtit"},"content":{"rendered":"\n<style>\n  #oniiii{\n    background-image:url(\"https:\/\/ap.com.al\/wp-content\/uploads\/2022\/01\/Kuehe.jpg\");\n    padding-bottom: 32%;\n    background-position:center center;\n    background-repeat: no-repeat;\n    background-size:cover;\n  }\n  <\/style>\n  <script src=\"https:\/\/code.jquery.com\/jquery-3.5.0.js\">\n<\/script>\n\n<div id=\"oniiii\"><\/div>\n \n<script>\n$( \"#oniiii\" ).insertBefore( \".container_wrap_first\" );\n<\/script>\n\n\n\n<div class=\"wp-block-columns\" id=\"containerr\">\n<div class=\"wp-block-column\">\n<div class=\"avia_textblock\" itemprop=\"text\"><h4 style=\"color:#005a8c;\n\">Monitorimi i ushqyerjes s\u00eb lop\u00ebve qum\u00ebshtore n\u00ebp\u00ebrmjet Analiz\u00ebs s\u00eb Qum\u00ebshtit <\/h4>\n<p align=\"right\">\n   P\u00ebrpunuar nga Klevis Xhardja\n<\/p>\n<\/div>\n<\/div>\n<\/div>\n\n\n\n<div class=\"wp-block-columns\" id=\"containerr\">\n<div class=\"wp-block-column\">\n<div class=\"detail__certificates-item-icon\">\n<img decoding=\"async\" alt=\"Icon RINDAMAST UNI\" src=\"https:\/\/ap.com.al\/wp-content\/uploads\/2022\/03\/Asset-51-1.png\">\n<\/div>\n<\/div>\n<\/div>\n\n\n\n<div class=\"wp-block-columns\" id=\"containerr\">\n<div class=\"wp-block-column\">\n<div class=\"blue_marker_list\">\n<p align=\"justify\">Analiza mujore e qum\u00ebshtit \u00ebsht\u00eb nj\u00eb mjet i domosdosh\u00ebm n\u00eb menaxhimin modern t\u00eb ushqyerjes s\u00eb lop\u00ebve qum\u00ebshtore. Ajo ofron informacion t\u00eb vlefsh\u00ebm mbi rendimentin dhe p\u00ebrb\u00ebrjen e qum\u00ebshtit. Duke qen\u00eb se nivelet e parametrave t\u00eb analizuar ndikohen drejtp\u00ebrdrejt nga furnizimi me l\u00ebnd\u00eb ushqyese, kjo analiz\u00eb sh\u00ebrben si nj\u00eb tregues i besuesh\u00ebm p\u00ebr vler\u00ebsimin e efikasitetit t\u00eb regjimit ushqimor. Veterineri, n\u00eb bashk\u00ebpunim me blegtorin, mund t\u00eb monitoroj\u00eb sh\u00ebndetin e tuf\u00ebs n\u00eb m\u00ebnyr\u00eb t\u00eb personalizuar, bazuar n\u00eb k\u00ebto rezultate. Informacioni i paraqitur m\u00eb posht\u00eb, i marr\u00eb nga tre shembuj tipik\u00eb t\u00eb analiz\u00ebs s\u00eb qum\u00ebshtit n\u00eb faza t\u00eb ndryshme t\u00eb laktacionit (shih ilustrimin), shpjegon m\u00eb tej k\u00ebt\u00eb koncept.\n<\/p>\n<\/div>\n\n\n\n<figure class=\"wp-block-image size-full is-resized\"><img loading=\"lazy\" decoding=\"async\" width=\"660\" height=\"221\" src=\"https:\/\/ap.com.al\/wp-content\/uploads\/2025\/04\/image.png\" alt=\"\" class=\"wp-image-8901\" style=\"width:840px;height:auto\" srcset=\"https:\/\/ap.com.al\/wp-content\/uploads\/2025\/04\/image.png 660w, https:\/\/ap.com.al\/wp-content\/uploads\/2025\/04\/image-300x100.png 300w, https:\/\/ap.com.al\/wp-content\/uploads\/2025\/04\/image-450x151.png 450w\" sizes=\"auto, (max-width: 660px) 100vw, 660px\" \/><\/figure>\n\n\n\n<div class=\"blue_marker_list\">\n<p align=\"justify\">P\u00ebrmbajtja e lart\u00eb e yndyr\u00ebs dhe e ul\u00ebt e proteinave n\u00eb fillim t\u00eb laktacionit jan\u00eb shpesh rezultat i deficitit energjetik. Konsumi i l\u00ebnd\u00ebs s\u00eb that\u00eb arrin kulmin rreth 6 jav\u00eb pas fillimit t\u00eb laktacionit. Lopa kompenson deficitin energjetik duke mobilizuar rezervat trupore, duke rritur p\u00ebrmbajtjen e yndyr\u00ebs n\u00eb qum\u00ebsht. Megjithat\u00eb, pavar\u00ebsisht furnizimit me proteina, sinteza e proteinave mikrobike n\u00eb rumen varet nga furnizimi me energji. <\/p>\n<p align=\"justify\">Kjo situat\u00eb predispozon p\u00ebr acetonemi, nj\u00eb \u00e7rregullim metabolik. N\u00eb format e buta, konsumi i l\u00ebnd\u00ebs s\u00eb that\u00eb mund t\u00eb ulet leht\u00eb, nd\u00ebrsa p\u00ebrmbajtja e yndyr\u00ebs mbetet e lart\u00eb dhe ajo e proteinave e ul\u00ebt. N\u00eb acetonemin\u00eb akute, v\u00ebrehet r\u00ebnie e ndjeshme e prodhimit t\u00eb qum\u00ebshtit dhe rritje e p\u00ebrb\u00ebr\u00ebsve t\u00eb qum\u00ebshtit n\u00eb nivele jofiziologjike. <\/p>\n\n<h4 style=\"padding-top: 20px;\">Fig. 1: Lop\u00eb t\u00eb sh\u00ebndetshme si rezultat i ushqyerjes s\u00eb duhur<\/h4>\n<\/div>\n\n\n\n<figure class=\"wp-block-image size-full is-resized\"><img loading=\"lazy\" decoding=\"async\" width=\"409\" height=\"295\" src=\"https:\/\/ap.com.al\/wp-content\/uploads\/2025\/04\/image-1.png\" alt=\"\" class=\"wp-image-8902\" style=\"width:426px;height:auto\" srcset=\"https:\/\/ap.com.al\/wp-content\/uploads\/2025\/04\/image-1.png 409w, https:\/\/ap.com.al\/wp-content\/uploads\/2025\/04\/image-1-300x216.png 300w\" sizes=\"auto, (max-width: 409px) 100vw, 409px\" \/><\/figure>\n\n\n\n<div class=\"blue_marker_list\">\n<p align=\"justify\">Acetonemia gjithmon\u00eb zvog\u00eblon performanc\u00ebn dhe fertilitetin &#8211; pavar\u00ebsisht nga forma. Prandaj, duhet t\u00eb kryhen t\u00eb gjitha masat parandaluese t\u00eb ushqyerjes.<\/p>\n<h4 style=\"padding-top: 20px;\">Ushqyerja para pjelljes (Periudha e Tranzicionit)<\/h4>\n<p align=\"justify\">N\u00eb thelb, lopa nuk duhet t\u00eb jet\u00eb shum\u00eb e sh\u00ebndosh\u00eb kur b\u00ebhet fjal\u00eb p\u00ebr laktacion. Kjo do t\u00eb thot\u00eb: Kontrolloni furnizimin baz\u00eb t\u00eb ushqimit. Furnizimi duhet t\u00eb mbuloj\u00eb mesatarisht rreth 5 kg qum\u00ebsht, p\u00ebrve\u00e7 k\u00ebrkesave t\u00eb mir\u00ebmbajtjes p\u00ebr energji dhe proteina deri n\u00eb tre jav\u00eb para pjelljes.<\/p>\n<p align=\"justify\">Tre jav\u00eb para pjelljes fillon t\u00eb ushqyerit me drith\u00ebra dhe Rindavit 2000 Type VK. N\u00eb k\u00ebt\u00eb m\u00ebnyr\u00eb, rumeni p\u00ebrgatitet p\u00ebr ndryshimin e ushqimit dhe Rindavit 2000 Type VK siguron plot\u00ebsimin e nevojsh\u00ebm t\u00eb t\u00eb gjitha p\u00ebrb\u00ebr\u00ebsve aktiv\u00eb. K\u00ebshtu, metabolizmi i lop\u00ebs p\u00ebrshtatet n\u00eb m\u00ebnyr\u00eb optimale ndaj k\u00ebrkesave t\u00eb larta pas pjelljes.<\/p>\n\n<h4 style=\"padding-top: 20px;\">Ushqyerja pas pjelljes (Laktacioni i Hersh\u00ebm)<\/h4>\n<p align=\"justify\">P\u00ebrqindja e foragjereve n\u00eb racionin total nuk duhet t\u00eb bjer\u00eb n\u00ebn 45% (bazuar n\u00eb l\u00ebnd\u00ebn e that\u00eb). Prandaj, rritja e ushqimit te koncentruar duhet t\u00eb b\u00ebhet me shum\u00eb kujdes dhe t\u00eb arrij\u00eb maksimumin e saj vet\u00ebm nga java e 4-t\u00eb deri n\u00eb 5-t\u00eb e laktacionit. Duhet t\u00eb kuptohet q\u00eb duhet t\u00eb jepet vet\u00ebm ushqimi baz\u00eb dhe i koncentruar m\u00eb i mir\u00eb, i pasur me energji. P\u00ebr m\u00eb tep\u00ebr, ve\u00e7an\u00ebrisht n\u00eb rastet e rendimentit t\u00eb lart\u00eb t\u00eb qum\u00ebshtit dhe rrjedhimisht sasive t\u00eb larta t\u00eb p\u00ebrdorura, ushqimi i koncentruar duhet t\u00eb shp\u00ebrndahet n\u00eb disa doza n\u00eb dit\u00eb n\u00eb m\u00ebnyr\u00eb q\u00eb t\u00eb parandalohet nj\u00eb r\u00ebnie e vler\u00ebs s\u00eb pH n\u00eb rumen dhe, si rezultat, nj\u00eb reduktim i marrjes s\u00eb ushqimit dhe rreziku i acetonemis\u00eb.<\/p>\n<p align=\"justify\">P\u00ebr lop\u00eb q\u00eb tejkalojn\u00eb 30 kg qum\u00ebsht, \u00ebsht\u00eb e nevojshme t\u00eb mbyllet hendeku q\u00eb rezulton n\u00eb furnizimin me p\u00ebrb\u00ebr\u00ebs aktiv\u00eb ose me nj\u00eb shtim t\u00eb synuar prej 150 deri n\u00eb 200 g Rindavit 2000 Extra n\u00eb racionin total ose duke p\u00ebrdorur 4% Rindavit 2000 LF-special n\u00eb ushqimin e koncentruar (t\u00eb pakt\u00ebn me nj\u00eb doz\u00eb ditore prej 6 kg). Kjo n\u00eb m\u00ebnyr\u00eb efektive parandalon acetonemin\u00eb dhe nxit gatishm\u00ebrin\u00eb p\u00ebr t\u00eb prodhuar.<\/p>\n\n<h4 style=\"padding-top: 20px;\">Monitorimi i Ushqyerjes s\u00eb Lop\u00ebve Qum\u00ebshtore gjat\u00eb Vazhdim\u00ebsis\u00eb s\u00eb Laktacionit<\/h4>\n\n<\/div>\n\n\n\n<figure class=\"wp-block-image size-full is-resized\"><img loading=\"lazy\" decoding=\"async\" width=\"683\" height=\"223\" src=\"https:\/\/ap.com.al\/wp-content\/uploads\/2025\/04\/image-2.png\" alt=\"\" class=\"wp-image-8906\" style=\"width:840px;height:auto\" srcset=\"https:\/\/ap.com.al\/wp-content\/uploads\/2025\/04\/image-2.png 683w, https:\/\/ap.com.al\/wp-content\/uploads\/2025\/04\/image-2-300x98.png 300w, https:\/\/ap.com.al\/wp-content\/uploads\/2025\/04\/image-2-450x147.png 450w\" sizes=\"auto, (max-width: 683px) 100vw, 683px\" \/><\/figure>\n\n\n\n<div class=\"blue_marker_list\">\n<p align=\"justify\">Ecuria e m\u00ebtejshme e laktacionit karakterizohet nga nj\u00eb r\u00ebnie fiziologjike e rendimentit t\u00eb qum\u00ebshtit, e shoq\u00ebruar me rritje t\u00eb p\u00ebrqendrimit t\u00eb p\u00ebrb\u00ebr\u00ebsve t\u00eb qum\u00ebshtit. Ky shembull paraqet nj\u00eb p\u00ebrmbajtje t\u00eb mir\u00eb proteinash, por nj\u00eb p\u00ebrmbajtje shum\u00eb t\u00eb ul\u00ebt yndyre n\u00eb dit\u00ebn e 130 t\u00eb laktacionit. Nj\u00eb racion i pabalancuar predispozon p\u00ebr acidoz\u00eb ruminale. Marrja e fibrave t\u00eb pap\u00ebrpunuara t\u00eb strukturuara \u00ebsht\u00eb shum\u00eb e ul\u00ebt, duke reduktuar prodhimin e acidit acetik n\u00eb rumen, nj\u00eb prekursor kryesor i sintez\u00ebs s\u00eb yndyr\u00ebs s\u00eb qum\u00ebshtit.<\/p>\n<h4 style=\"padding-top: 20px;\">Etiologjia (Shkaqet):<\/h4>\n<ul style=\"list-style-type: square; \n\tpadding-left: 1em;\">\n<li>Furnizim i tep\u00ebrt me koncentrat (>3 kg p\u00ebr vakt): Sidomos gjat\u00eb mjeljes. Kjo \u00e7on n\u00eb ulje t\u00eb marrjes s\u00eb ushqimit baz\u00eb dhe fibrave t\u00eb pap\u00ebrpunuara, duke favorizuar acidoz\u00ebn ruminale subakute (SARA). Shp\u00ebrndarja e koncentrates n\u00eb vakte t\u00eb shpeshta mund t\u00eb jet\u00eb e dobishme. <\/li>\n<li>Furnizim i kufizuar i ushqimit baz\u00eb: Kjo situat\u00eb pengon marrjen e mjaftueshme t\u00eb fibrave.<\/li>\n<\/ul>\n<h4 style=\"padding-top: 20px;\">Skeda 1: Interpretimi i Rezultateve t\u00eb Kontrollit t\u00eb Qum\u00ebshtit t\u00eb Lop\u00ebve n\u00eb Faza t\u00eb Ndryshme t\u00eb Laktacionit<\/h4>\n<h4 style=\"padding-top: 20px;\">Tabela e Rezultateve t\u00eb Qum\u00ebshtit:<\/h4>\n<\/div>\n\n\n\n<figure class=\"wp-block-image size-full is-resized\"><img loading=\"lazy\" decoding=\"async\" width=\"648\" height=\"314\" src=\"https:\/\/ap.com.al\/wp-content\/uploads\/2025\/04\/image-3.png\" alt=\"\" class=\"wp-image-8907\" style=\"width:840px;height:auto\" srcset=\"https:\/\/ap.com.al\/wp-content\/uploads\/2025\/04\/image-3.png 648w, https:\/\/ap.com.al\/wp-content\/uploads\/2025\/04\/image-3-300x145.png 300w, https:\/\/ap.com.al\/wp-content\/uploads\/2025\/04\/image-3-450x218.png 450w\" sizes=\"auto, (max-width: 648px) 100vw, 648px\" \/><\/figure>\n\n\n\n<div class=\"blue_marker_list\">\n<ul style=\"list-style-type: square; \n\tpadding-left: 1em;\">\n<li>Lopa 1 (Dita 25 e laktacionit): Prodhimi i lart\u00eb i qum\u00ebshtit shoq\u00ebrohet me p\u00ebrqindje t\u00eb lart\u00eb yndyre dhe t\u00eb ul\u00ebt proteine, duke sugjeruar mobilizim t\u00eb yndyr\u00ebs trupore dhe rrezik p\u00ebr ketoz\u00eb. Numri i lart\u00eb i qelizave somatike mund t\u00eb jet\u00eb tregues i mastitit subklinik. <\/li>\n<li>Lopa 2 (Dita 130 e laktacionit): Prodhimi i qum\u00ebshtit n\u00eb r\u00ebnie, me p\u00ebrb\u00ebrje normale t\u00eb proteinave dhe laktoz\u00ebs. P\u00ebrqindja e ul\u00ebt e yndyr\u00ebs mund t\u00eb jet\u00eb rezultat i SARA (acidoz\u00ebs ruminale subakute). <\/li>\n<li>Lopa 3 (Dita 260 e laktacionit): Prodhimi i qum\u00ebshtit n\u00eb r\u00ebnie t\u00eb theksuar, me p\u00ebrb\u00ebrje t\u00eb lart\u00eb t\u00eb yndyr\u00ebs dhe proteinave, duke treguar faz\u00ebn e fundit t\u00eb laktacionit. Numri i qelizave somatike \u00ebsht\u00eb brenda kufijve normal\u00eb.<\/li>\n<li>Sigurimi i qasjes s\u00eb vazhdueshme n\u00eb ushqim baz\u00eb: Racion i p\u00ebrshtatsh\u00ebm p\u00ebr funksionin ruminal. <\/li>\n<li>Vler\u00ebsimi i marrjes dhe performanc\u00ebs s\u00eb foragjereve: P\u00ebrcakton kufirin e rendimentit t\u00eb qum\u00ebshtit p\u00ebr shp\u00ebrndarjen e ushqimit t\u00eb koncentruar. <\/li>\n<li>Parandalimi i acidoz\u00ebs ruminale (SARA): Mbrojtje nga ulja e marrjes s\u00eb ushqimit, performanc\u00ebs dhe fertilitetit. <\/li>\n<\/ul>\n\n\n\n<figure class=\"wp-block-image size-full is-resized\"><img loading=\"lazy\" decoding=\"async\" width=\"500\" height=\"130\" src=\"https:\/\/ap.com.al\/wp-content\/uploads\/2025\/04\/image-4.png\" alt=\"\" class=\"wp-image-8909\" style=\"width:765px;height:auto\" srcset=\"https:\/\/ap.com.al\/wp-content\/uploads\/2025\/04\/image-4.png 500w, https:\/\/ap.com.al\/wp-content\/uploads\/2025\/04\/image-4-300x78.png 300w, https:\/\/ap.com.al\/wp-content\/uploads\/2025\/04\/image-4-495x130.png 495w, https:\/\/ap.com.al\/wp-content\/uploads\/2025\/04\/image-4-450x117.png 450w\" sizes=\"auto, (max-width: 500px) 100vw, 500px\" \/><\/figure>\n\n\n\n<div class=\"blue_marker_list\">\n\n<p align=\"justify\">N\u00eb faz\u00ebn e von\u00eb t\u00eb laktacionit, p\u00ebrdorimi i ushqimit t\u00eb koncentruar duhet t\u00eb p\u00ebrshtatet sakt\u00ebsisht me k\u00ebrkesat e lop\u00ebs, pasi ekziston rreziku i mbifurnizimit me energji p\u00ebr shkak t\u00eb prodhimit t\u00eb ul\u00ebt t\u00eb qum\u00ebshtit. N\u00eb shembullin ton\u00eb, p\u00ebrmbajtja e lart\u00eb e yndyr\u00ebs dhe proteinave tregon nj\u00eb furnizim t\u00eb tep\u00ebrt me energji.<\/p>\n\n<p align=\"justify\">13 kg qum\u00ebsht mund t\u00eb arrihet &#8211; ve\u00e7an\u00ebrisht me ushqim baz\u00eb me cil\u00ebsi shum\u00eb t\u00eb mir\u00eb &#8211; pa ushqim shtes\u00eb t\u00eb koncentruar. Nj\u00eb furnizim i tep\u00ebrt me energji \u00e7on n\u00eb depozitime m\u00eb t\u00eb larta t\u00eb yndyr\u00ebs trupore. Problemet e m\u00ebvonshme b\u00ebhen t\u00eb dukshme vet\u00ebm pas pjelljes n\u00eb form\u00ebn e placent\u00ebs s\u00eb mbajtur, \u00e7rregullimeve t\u00eb fertilitetit dhe acetonemis\u00eb.<\/p>\n\n<h4 style=\"padding-top: 20px;\">Sh\u00ebndeti i Gj\u00ebndr\u00ebs Mamare<\/h4>\n\n<p align=\"justify\">Duhet t\u00eb p\u00ebrfshihen gjithashtu kontrollet e numrit t\u00eb qelizave somatike dhe p\u00ebrmbajtjes s\u00eb laktoz\u00ebs. Qum\u00ebshti i nj\u00eb lope t\u00eb sh\u00ebndetshme p\u00ebrmban nga 20,000 deri n\u00eb 50,000 qeliza somatike p\u00ebr ml qum\u00ebsht.<\/p>\n<p align=\"justify\">\u00c7rregullimet metabolike dhe mungesa e p\u00ebrb\u00ebr\u00ebsve aktiv\u00eb mund t\u00eb dob\u00ebsojn\u00eb indin e gj\u00ebndr\u00ebs mamare dhe t\u00eb nxisin inflamacionin (mastit). Indi i gj\u00ebndr\u00ebs mamare \u00ebsht\u00eb ve\u00e7an\u00ebrisht i ndjesh\u00ebm n\u00eb fillim (ndryshimi metabolik) dhe drejt fundit t\u00eb laktacionit (stresi). Ky tregon n\u00eb shembullin ton\u00eb me num\u00ebrimin e qelizave somatike prej 350,000 dhe 425,000\/ml qum\u00ebsht. Nj\u00eb p\u00ebrmbajtje shtes\u00eb paksa e reduktuar e laktoz\u00ebs tregon gjithashtu nj\u00eb infeksion. P\u00ebrmbajtja e laktoz\u00ebs reduktohet ndjesh\u00ebm n\u00eb rastet e mastitit.<\/p>\n<p align=\"justify\">N\u00eb fillim t\u00eb laktacionit, furnizimi me vitamin\u00eb A, beta-karoten, vitamin\u00eb E dhe selen duhet t\u00eb sigurohet n\u00ebp\u00ebrmjet Rindavit 2000 Type Extra ose Rindavit 2000 Type LF-special n\u00ebp\u00ebrmjet ushqimit te koncentruar. Vitaminat e sip\u00ebrp\u00ebrmendura dhe mikroelementi selenium plot\u00ebsojn\u00eb nj\u00ebra-tjetr\u00ebn n\u00eb efektet e tyre dhe rrisin gatishm\u00ebrin\u00eb mbrojt\u00ebse t\u00eb indit t\u00eb gj\u00ebndr\u00ebs mamare.<\/p>\n<p align=\"justify\">Studimet tregojn\u00eb se rendimenti i qum\u00ebshtit zvog\u00eblohet edhe n\u00eb rastet e mastitit subklinik, pra mbi 250,000 qeliza somatike p\u00ebr ml qum\u00ebsht. N\u00eb k\u00ebt\u00eb drejtim, n\u00eb rast t\u00eb rritjes s\u00eb numrit t\u00eb qelizave somatike, p\u00ebrve\u00e7 teknik\u00ebs s\u00eb mjeljes dhe higjien\u00ebs s\u00eb mjeljes, duhet t\u00eb kontrollohet edhe ushqyerja.<\/p>\n<p align=\"justify\">P\u00ebrb\u00ebr\u00ebsit e qum\u00ebshtit jan\u00eb nj\u00eb tregues i r\u00ebnd\u00ebsish\u00ebm p\u00ebr furnizimin e lop\u00ebs qum\u00ebshtore me energji, l\u00ebnd\u00eb ushqyese dhe p\u00ebrb\u00ebr\u00ebs aktiv\u00eb dhe p\u00ebr suksesin e t\u00eb ushqyerit. Vler\u00ebsimi i sakt\u00eb i rezultateve t\u00eb kontrollit mujor rrit performanc\u00ebn dhe pjellorin\u00eb e tuf\u00ebs.\n<\/p>\n<\/div>\n<\/div>\n<\/div>\n\n\n\n<p><\/p>\n","protected":false},"excerpt":{"rendered":"<p>Monitorimi i ushqyerjes s\u00eb lop\u00ebve qum\u00ebshtore n\u00ebp\u00ebrmjet Analiz\u00ebs s\u00eb Qum\u00ebshtit P\u00ebrpunuar nga Klevis Xhardja Analiza mujore e qum\u00ebshtit \u00ebsht\u00eb nj\u00eb mjet i domosdosh\u00ebm n\u00eb menaxhimin modern t\u00eb ushqyerjes s\u00eb lop\u00ebve qum\u00ebshtore. Ajo ofron informacion t\u00eb vlefsh\u00ebm mbi rendimentin dhe p\u00ebrb\u00ebrjen e qum\u00ebshtit. Duke qen\u00eb se nivelet e parametrave t\u00eb analizuar ndikohen drejtp\u00ebrdrejt nga furnizimi me [&hellip;]<\/p>\n","protected":false},"author":2,"featured_media":0,"parent":0,"menu_order":0,"comment_status":"closed","ping_status":"closed","template":"","meta":{"inline_featured_image":false,"footnotes":""},"class_list":["post-8900","page","type-page","status-publish","hentry"],"yoast_head":"<!-- This site is optimized with the Yoast SEO plugin v18.9 - https:\/\/yoast.com\/wordpress\/plugins\/seo\/ -->\n<title>Monitorimi i ushqyerjes s\u00eb lop\u00ebve qum\u00ebshtore n\u00ebp\u00ebrmjet Analiz\u00ebs s\u00eb Qum\u00ebshtit - Austria Praemix<\/title>\n<meta name=\"robots\" content=\"index, follow, max-snippet:-1, max-image-preview:large, max-video-preview:-1\" \/>\n<link rel=\"canonical\" href=\"https:\/\/ap.com.al\/?page_id=8900\" \/>\n<meta property=\"og:locale\" content=\"en_US\" \/>\n<meta property=\"og:type\" content=\"article\" \/>\n<meta property=\"og:title\" content=\"Monitorimi i ushqyerjes s\u00eb lop\u00ebve qum\u00ebshtore n\u00ebp\u00ebrmjet Analiz\u00ebs s\u00eb Qum\u00ebshtit - Austria Praemix\" \/>\n<meta property=\"og:description\" content=\"Monitorimi i ushqyerjes s\u00eb lop\u00ebve qum\u00ebshtore n\u00ebp\u00ebrmjet Analiz\u00ebs s\u00eb Qum\u00ebshtit P\u00ebrpunuar nga Klevis Xhardja Analiza mujore e qum\u00ebshtit \u00ebsht\u00eb nj\u00eb mjet i domosdosh\u00ebm n\u00eb menaxhimin modern t\u00eb ushqyerjes s\u00eb lop\u00ebve qum\u00ebshtore. Ajo ofron informacion t\u00eb vlefsh\u00ebm mbi rendimentin dhe p\u00ebrb\u00ebrjen e qum\u00ebshtit. Duke qen\u00eb se nivelet e parametrave t\u00eb analizuar ndikohen drejtp\u00ebrdrejt nga furnizimi me [&hellip;]\" \/>\n<meta property=\"og:url\" content=\"https:\/\/ap.com.al\/?page_id=8900\" \/>\n<meta property=\"og:site_name\" content=\"Austria Praemix\" \/>\n<meta property=\"article:publisher\" content=\"https:\/\/www.facebook.com\/austriapraemiks\/\" \/>\n<meta property=\"article:modified_time\" content=\"2025-04-07T11:55:33+00:00\" \/>\n<meta property=\"og:image\" content=\"https:\/\/ap.com.al\/wp-content\/uploads\/2022\/03\/Asset-51-1.png\" \/>\n<meta name=\"twitter:card\" content=\"summary_large_image\" \/>\n<meta name=\"twitter:label1\" content=\"Est. reading time\" \/>\n\t<meta name=\"twitter:data1\" content=\"1 minute\" \/>\n<script type=\"application\/ld+json\" class=\"yoast-schema-graph\">{\"@context\":\"https:\/\/schema.org\",\"@graph\":[{\"@type\":\"Organization\",\"@id\":\"https:\/\/ap.com.al\/#organization\",\"name\":\"Austria Preamix\",\"url\":\"https:\/\/ap.com.al\/\",\"sameAs\":[\"https:\/\/www.instagram.com\/austriapraemix\/\",\"https:\/\/www.facebook.com\/austriapraemiks\/\"],\"logo\":{\"@type\":\"ImageObject\",\"inLanguage\":\"en-US\",\"@id\":\"https:\/\/ap.com.al\/#\/schema\/logo\/image\/\",\"url\":\"https:\/\/ap.com.al\/wp-content\/uploads\/2022\/02\/AP-logo.png\",\"contentUrl\":\"https:\/\/ap.com.al\/wp-content\/uploads\/2022\/02\/AP-logo.png\",\"width\":3358,\"height\":1616,\"caption\":\"Austria Preamix\"},\"image\":{\"@id\":\"https:\/\/ap.com.al\/#\/schema\/logo\/image\/\"}},{\"@type\":\"WebSite\",\"@id\":\"https:\/\/ap.com.al\/#website\",\"url\":\"https:\/\/ap.com.al\/\",\"name\":\"Austria Praemix\",\"description\":\"\",\"publisher\":{\"@id\":\"https:\/\/ap.com.al\/#organization\"},\"potentialAction\":[{\"@type\":\"SearchAction\",\"target\":{\"@type\":\"EntryPoint\",\"urlTemplate\":\"https:\/\/ap.com.al\/?s={search_term_string}\"},\"query-input\":\"required name=search_term_string\"}],\"inLanguage\":\"en-US\"},{\"@type\":\"ImageObject\",\"inLanguage\":\"en-US\",\"@id\":\"https:\/\/ap.com.al\/?page_id=8900#primaryimage\",\"url\":\"https:\/\/ap.com.al\/wp-content\/uploads\/2022\/03\/Asset-51-1.png\",\"contentUrl\":\"https:\/\/ap.com.al\/wp-content\/uploads\/2022\/03\/Asset-51-1.png\",\"width\":355,\"height\":354},{\"@type\":\"WebPage\",\"@id\":\"https:\/\/ap.com.al\/?page_id=8900#webpage\",\"url\":\"https:\/\/ap.com.al\/?page_id=8900\",\"name\":\"Monitorimi i ushqyerjes s\u00eb lop\u00ebve qum\u00ebshtore n\u00ebp\u00ebrmjet Analiz\u00ebs s\u00eb Qum\u00ebshtit - Austria Praemix\",\"isPartOf\":{\"@id\":\"https:\/\/ap.com.al\/#website\"},\"primaryImageOfPage\":{\"@id\":\"https:\/\/ap.com.al\/?page_id=8900#primaryimage\"},\"datePublished\":\"2025-04-07T11:00:36+00:00\",\"dateModified\":\"2025-04-07T11:55:33+00:00\",\"breadcrumb\":{\"@id\":\"https:\/\/ap.com.al\/?page_id=8900#breadcrumb\"},\"inLanguage\":\"en-US\",\"potentialAction\":[{\"@type\":\"ReadAction\",\"target\":[\"https:\/\/ap.com.al\/?page_id=8900\"]}]},{\"@type\":\"BreadcrumbList\",\"@id\":\"https:\/\/ap.com.al\/?page_id=8900#breadcrumb\",\"itemListElement\":[{\"@type\":\"ListItem\",\"position\":1,\"name\":\"Home\",\"item\":\"https:\/\/ap.com.al\/\"},{\"@type\":\"ListItem\",\"position\":2,\"name\":\"Monitorimi i ushqyerjes s\u00eb lop\u00ebve qum\u00ebshtore n\u00ebp\u00ebrmjet Analiz\u00ebs s\u00eb Qum\u00ebshtit\"}]}]}<\/script>\n<!-- \/ Yoast SEO plugin. -->","yoast_head_json":{"title":"Monitorimi i ushqyerjes s\u00eb lop\u00ebve qum\u00ebshtore n\u00ebp\u00ebrmjet Analiz\u00ebs s\u00eb Qum\u00ebshtit - Austria Praemix","robots":{"index":"index","follow":"follow","max-snippet":"max-snippet:-1","max-image-preview":"max-image-preview:large","max-video-preview":"max-video-preview:-1"},"canonical":"https:\/\/ap.com.al\/?page_id=8900","og_locale":"en_US","og_type":"article","og_title":"Monitorimi i ushqyerjes s\u00eb lop\u00ebve qum\u00ebshtore n\u00ebp\u00ebrmjet Analiz\u00ebs s\u00eb Qum\u00ebshtit - Austria Praemix","og_description":"Monitorimi i ushqyerjes s\u00eb lop\u00ebve qum\u00ebshtore n\u00ebp\u00ebrmjet Analiz\u00ebs s\u00eb Qum\u00ebshtit P\u00ebrpunuar nga Klevis Xhardja Analiza mujore e qum\u00ebshtit \u00ebsht\u00eb nj\u00eb mjet i domosdosh\u00ebm n\u00eb menaxhimin modern t\u00eb ushqyerjes s\u00eb lop\u00ebve qum\u00ebshtore. Ajo ofron informacion t\u00eb vlefsh\u00ebm mbi rendimentin dhe p\u00ebrb\u00ebrjen e qum\u00ebshtit. Duke qen\u00eb se nivelet e parametrave t\u00eb analizuar ndikohen drejtp\u00ebrdrejt nga furnizimi me [&hellip;]","og_url":"https:\/\/ap.com.al\/?page_id=8900","og_site_name":"Austria Praemix","article_publisher":"https:\/\/www.facebook.com\/austriapraemiks\/","article_modified_time":"2025-04-07T11:55:33+00:00","og_image":[{"url":"https:\/\/ap.com.al\/wp-content\/uploads\/2022\/03\/Asset-51-1.png"}],"twitter_card":"summary_large_image","twitter_misc":{"Est. reading time":"1 minute"},"schema":{"@context":"https:\/\/schema.org","@graph":[{"@type":"Organization","@id":"https:\/\/ap.com.al\/#organization","name":"Austria Preamix","url":"https:\/\/ap.com.al\/","sameAs":["https:\/\/www.instagram.com\/austriapraemix\/","https:\/\/www.facebook.com\/austriapraemiks\/"],"logo":{"@type":"ImageObject","inLanguage":"en-US","@id":"https:\/\/ap.com.al\/#\/schema\/logo\/image\/","url":"https:\/\/ap.com.al\/wp-content\/uploads\/2022\/02\/AP-logo.png","contentUrl":"https:\/\/ap.com.al\/wp-content\/uploads\/2022\/02\/AP-logo.png","width":3358,"height":1616,"caption":"Austria Preamix"},"image":{"@id":"https:\/\/ap.com.al\/#\/schema\/logo\/image\/"}},{"@type":"WebSite","@id":"https:\/\/ap.com.al\/#website","url":"https:\/\/ap.com.al\/","name":"Austria Praemix","description":"","publisher":{"@id":"https:\/\/ap.com.al\/#organization"},"potentialAction":[{"@type":"SearchAction","target":{"@type":"EntryPoint","urlTemplate":"https:\/\/ap.com.al\/?s={search_term_string}"},"query-input":"required name=search_term_string"}],"inLanguage":"en-US"},{"@type":"ImageObject","inLanguage":"en-US","@id":"https:\/\/ap.com.al\/?page_id=8900#primaryimage","url":"https:\/\/ap.com.al\/wp-content\/uploads\/2022\/03\/Asset-51-1.png","contentUrl":"https:\/\/ap.com.al\/wp-content\/uploads\/2022\/03\/Asset-51-1.png","width":355,"height":354},{"@type":"WebPage","@id":"https:\/\/ap.com.al\/?page_id=8900#webpage","url":"https:\/\/ap.com.al\/?page_id=8900","name":"Monitorimi i ushqyerjes s\u00eb lop\u00ebve qum\u00ebshtore n\u00ebp\u00ebrmjet Analiz\u00ebs s\u00eb Qum\u00ebshtit - Austria Praemix","isPartOf":{"@id":"https:\/\/ap.com.al\/#website"},"primaryImageOfPage":{"@id":"https:\/\/ap.com.al\/?page_id=8900#primaryimage"},"datePublished":"2025-04-07T11:00:36+00:00","dateModified":"2025-04-07T11:55:33+00:00","breadcrumb":{"@id":"https:\/\/ap.com.al\/?page_id=8900#breadcrumb"},"inLanguage":"en-US","potentialAction":[{"@type":"ReadAction","target":["https:\/\/ap.com.al\/?page_id=8900"]}]},{"@type":"BreadcrumbList","@id":"https:\/\/ap.com.al\/?page_id=8900#breadcrumb","itemListElement":[{"@type":"ListItem","position":1,"name":"Home","item":"https:\/\/ap.com.al\/"},{"@type":"ListItem","position":2,"name":"Monitorimi i ushqyerjes s\u00eb lop\u00ebve qum\u00ebshtore n\u00ebp\u00ebrmjet Analiz\u00ebs s\u00eb Qum\u00ebshtit"}]}]}},"_links":{"self":[{"href":"https:\/\/ap.com.al\/index.php?rest_route=\/wp\/v2\/pages\/8900","targetHints":{"allow":["GET"]}}],"collection":[{"href":"https:\/\/ap.com.al\/index.php?rest_route=\/wp\/v2\/pages"}],"about":[{"href":"https:\/\/ap.com.al\/index.php?rest_route=\/wp\/v2\/types\/page"}],"author":[{"embeddable":true,"href":"https:\/\/ap.com.al\/index.php?rest_route=\/wp\/v2\/users\/2"}],"replies":[{"embeddable":true,"href":"https:\/\/ap.com.al\/index.php?rest_route=%2Fwp%2Fv2%2Fcomments&post=8900"}],"version-history":[{"count":12,"href":"https:\/\/ap.com.al\/index.php?rest_route=\/wp\/v2\/pages\/8900\/revisions"}],"predecessor-version":[{"id":8925,"href":"https:\/\/ap.com.al\/index.php?rest_route=\/wp\/v2\/pages\/8900\/revisions\/8925"}],"wp:attachment":[{"href":"https:\/\/ap.com.al\/index.php?rest_route=%2Fwp%2Fv2%2Fmedia&parent=8900"}],"curies":[{"name":"wp","href":"https:\/\/api.w.org\/{rel}","templated":true}]}}