{"id":9035,"date":"2025-05-02T12:14:41","date_gmt":"2025-05-02T12:14:41","guid":{"rendered":"https:\/\/ap.com.al\/?page_id=9035"},"modified":"2025-05-02T12:14:42","modified_gmt":"2025-05-02T12:14:42","slug":"ndihma-gjate-lindjes-dhe-teknika-me-kujdestari-te-ndare","status":"publish","type":"page","link":"https:\/\/ap.com.al\/?page_id=9035","title":{"rendered":"Ndihma gjat\u00eb lindjes dhe teknika me kujdestari t\u00eb ndar\u00eb"},"content":{"rendered":"\n<p><\/p>\n\n\n\n<p><\/p>\n\n\n\n<style>\n  #oniiii{\n    background-image:url(\"https:\/\/ap.com.al\/wp-content\/uploads\/2025\/05\/Artikull-7.png\");\n    padding-bottom: 32%;\n    background-position:center left;\n    background-repeat: no-repeat;\n    background-size:cover;\n  }\n  <\/style>\n  <script src=\"https:\/\/code.jquery.com\/jquery-3.5.0.js\">\n<\/script>\n\n<div id=\"oniiii\"><\/div>\n \n<script>\n$( \"#oniiii\" ).insertBefore( \".container_wrap_first\" );\n<\/script>\n\n\n\n<div class=\"wp-block-columns\" id=\"containerr\">\n<div class=\"wp-block-column\">\n<div class=\"avia_textblock\" itemprop=\"text\"><h4 style=\"color:#005a8c;\n\">Ndihma gjat\u00eb lindjes dhe teknika me kujdestari t\u00eb ndar\u00eb<\/h4>\n<p align=\"right\">\n   P\u00ebrpunuar nga Kristian Maka\n<\/p>\n<\/div>\n<\/div>\n<\/div>\n\n\n\n<div class=\"wp-block-columns\" id=\"containerr\">\n<div class=\"wp-block-column\">\n<div class=\"detail__certificates-item-icon\">\n<img decoding=\"async\" alt=\"SCHAUMALAC M 70 \" src=\"https:\/\/ap.com.al\/wp-content\/uploads\/2022\/03\/Asset-54-1.png\">\n<\/div>\n<\/div>\n<\/div>\n\n\n\n<div class=\"wp-block-columns\" id=\"containerr\">\n<div class=\"wp-block-column\">\n<div class=\"blue_marker_list\">\n<h4 style=\"padding-top: 20px;\">Rritja e gicave:<\/h4>\n<p align=\"justify\">Asgj\u00eb nuk \u00ebsht\u00eb aq e r\u00ebnd\u00ebsishme p\u00ebr gicin e porsalindur sesa marrja e shpejt\u00eb e kolostrumit nga dosa. Monitorimi i lindjeve nuk duhet t\u00eb jet\u00eb standard vet\u00ebm gjat\u00eb dit\u00ebs. Or\u00ebt e para t\u00eb jet\u00ebs s\u00eb gicit jan\u00eb t\u00eb r\u00ebnd\u00ebsishme per mbar\u00ebvajtjen e rritjes s\u00eb gicit.\nNga Karolin Humer<\/p>\n<p align=\"justify\">Kulloshtra \u00ebsht\u00eb m\u00eb shum\u00eb se thjesht nj\u00eb burim ushqimi i p\u00ebrshtatur p\u00ebr tretjen dhe metabolizmin e gicit. Gicat lindin pa antitrupa dhe p\u00ebr k\u00ebt\u00eb arsye varen nga sasia dhe cil\u00ebsia e tyre n\u00eb kullosht\u00ebr. Sasia e kulloshtr\u00ebs \u00ebsht\u00eb zakonisht 3,3 deri n\u00eb 4,4 litra. 300 gram p\u00ebr gic \u00ebsht\u00eb optimale, pak m\u00eb pak se 200 minimumi. Gicat e lindur m\u00eb par\u00eb kan\u00eb avantazhin se jan\u00eb n\u00eb gjendje t\u00eb thithin m\u00eb shum\u00eb antitrupa sesa t\u00eb lindurit e fundit, t\u00eb cil\u00ebt kan\u00eb nj\u00eb sistem imunitar m\u00eb pak t\u00eb q\u00ebndruesh\u00ebm dhe jan\u00eb m\u00eb t\u00eb prirur ndaj s\u00ebmundjeve.<\/p>\n<\/div>\n\n\n\n<div class=\"blue_marker_list\">\n<h4 style=\"padding-top: 20px;\">Teknika me kujdestari t\u00eb ndar\u00eb<\/h4>\n\n<p align=\"justify\">P\u00ebr t\u00eb siguruar marrje t\u00eb mjaftueshme t\u00eb kulloshtr\u00ebs edhe p\u00ebr k\u00ebta gica, mund t\u00eb p\u00ebrdoret e ashtuquajtura &#8220;Teknika me kujdestari t\u00eb ndar\u00eb&#8221;. Gjasht\u00eb deri n\u00eb tet\u00eb gicat e par\u00eb mbahen p\u00ebr rreth nj\u00eb deri n\u00eb dy or\u00eb pasi kan\u00eb pir\u00eb dy her\u00eb. Kjo l\u00eb m\u00eb shum\u00eb kullosht\u00ebr dhe hap\u00ebsir\u00eb \u200b\u200bn\u00eb gji p\u00ebr gicat q\u00eb lindin m\u00eb von\u00eb. P\u00ebrve\u00e7 sasis\u00eb, koh\u00ebzgjatja midis lindjes dhe marrjes s\u00eb par\u00eb t\u00eb kulloshtr\u00ebs \u00ebsht\u00eb gjithashtu vendimtare p\u00ebr mbijetes\u00ebn e gicave. N\u00ebse marrja e par\u00eb e qum\u00ebshtit zgjat shum\u00eb, ato pak rezerva energjetike me t\u00eb cilat lind gici shpenzohen shpejt. Ekziston edhe rreziku i humbjes s\u00eb nxeht\u00ebsis\u00eb dhe p\u00ebrfundimisht, ngordhjes. N\u00ebse zgjat m\u00eb shum\u00eb se 30 minuta, humbjet rriten me shpejt\u00ebsi deri n\u00eb 20%. Dh\u00ebnia e kulloshtr\u00ebs me biberon nj\u00eb ose dy her\u00eb mund t\u00eb ndihmoj\u00eb. Me nj\u00eb doz\u00eb t\u00eb vetme, humbja m\u00eb e madhe, ve\u00e7an\u00ebrisht te gicat n\u00ebn pesh\u00eb, mund t\u00eb ndalet. N\u00ebse jepet dy her\u00eb, shkalla e humbjes mund edhe t\u00eb reduktohet, gj\u00eb q\u00eb tregon r\u00ebnd\u00ebsin\u00eb e monitorimit t\u00eb lindjeve.<\/p>\n<h4 style=\"padding-top: 20px;\">Cil\u00ebsia e kulloshtr\u00ebs <\/h4>\n\n<p align=\"justify\">Dosat e vjetra kan\u00eb m\u00eb shum\u00eb kontakt me lloje t\u00eb ndryshme patogjen\u00ebsh sesa dosat e reja. Kjo reflektohet n\u00eb cil\u00ebsin\u00eb e kulloshtr\u00ebs. Kulloshtra e dosave t\u00eb vjetra p\u00ebrmban m\u00eb shum\u00eb antitrupa se ajo e t\u00eb rejave. Kjo shpjegon gjithashtu prirje ndaj simptomave diarreike t\u00eb gicave t\u00eb dosave t\u00eb reja. Vaksinimi i dosave para lindjes mund t\u00eb parandoj\u00eb k\u00ebt\u00eb efekt. Antitrupat e formuar m\u00eb pas gjenden n\u00eb kullosht\u00ebr. Faktor tjet\u00ebr q\u00eb ndikon n\u00eb sasin\u00eb dhe cil\u00ebsin\u00eb e kulloshtr\u00ebs \u00ebsht\u00eb gjenetika. N\u00ebse dosa humbet shum\u00eb yndyr\u00eb n\u00eb dy jav\u00ebt e fundit para lindjes, p\u00ebrmbajtja e proteinave dhe p\u00ebrq\u00ebndrimi i antitrupave n\u00eb kullosht\u00ebr ulet.<\/p>\n\n<h4 style=\"padding-top: 20px;\">Kujdesi n\u00eb lindje<\/h4>\n\n<p align=\"justify\">Rendimenti m\u00eb i ul\u00ebt i qum\u00ebshtit n\u00eb pjelljet e m\u00ebvonshme   vihet re tek ato dosa, gjiri i t\u00eb cilave nuk \u00ebsht\u00eb thithur sa duhet n\u00eb pjelljen e par\u00eb. Dosat e reja duhet t\u00eb rritin sa m\u00eb shum\u00eb gica t\u00eb jet\u00eb e mundur p\u00ebr sa i p\u00ebrket rendimentit t\u00eb qum\u00ebshtit. Numri i thithave funksional\u00eb \u00ebsht\u00eb thelb\u00ebsor p\u00ebr suksesin e mbar\u00ebshtimit dhe riinseminimin e dos\u00ebs. Dosat e reja duhet t\u00eb ken\u00eb t\u00eb pakt\u00ebn tet\u00eb thitha n\u00eb secil\u00ebn an\u00eb p\u00ebr t&#8217;u kujdesur maksimalisht p\u00ebr t\u00eb sapolindurit. <\/p>\n\n<h4 style=\"padding-top: 20px;\">Ndihma gjat\u00eb lindjes<\/h4>\n\n<p align=\"justify\">Kujdestari duhet t\u00eb nd\u00ebrhyj\u00eb n\u00eb rast t\u00eb lindjeve me vones\u00eb, t\u00eb parandaloj\u00eb mbytjen e gicave t\u00eb lindur me placent\u00eb, t&#8217;i f\u00ebrkoj\u00eb gicat q\u00eb t\u00eb thahen, t\u00eb shkurtoj\u00eb kordonin e k\u00ebrthiz\u00ebs, n\u00ebse \u00ebsht\u00eb e nevojshme, t\u00eb dezinfektoj\u00eb k\u00ebrthiz\u00ebn me jod, t\u00eb siguroj\u00eb furnizimin me kullosht\u00ebr dhe n\u00ebse \u00ebsht\u00eb e nevojshme, t\u00eb vendos\u00eb gicat te gjiri. Raporti i ngordhshm\u00ebris\u00eb mund t\u00eb reduktohet me 40 deri n\u00eb 50% n\u00eb baz\u00eb t\u00eb ekzaminimeve n\u00eb praktik\u00eb. N\u00eb rrjedh\u00ebn e m\u00ebtejshme, humbjet e gicave para shk\u00ebputjes nga gjiri me lindje t\u00eb mbik\u00ebqyrura u reduktuan me 0.9 dhe 9.7% krahasuar me ato t\u00eb pambik\u00ebqyrura. Monitorimi i lindjes gjat\u00eb 24h duhet t\u00eb jet\u00eb standard. Stresi dhe shqet\u00ebsimi gjat\u00eb dhe pas lindjes mund t\u00eb jen\u00eb &#8220;bllokues t\u00eb qum\u00ebshtit&#8221;, sepse hormoni i stresit pengon lirimin e oksitocin\u00ebs. \u00cbsht\u00eb e domosdoshme nj\u00eb faz\u00eb e mjaftueshme e integrimit t\u00eb dosave t\u00eb reja q\u00eb m\u00ebsohen me njer\u00ebzit. Hulumtimet e m\u00ebparshme sugjerojn\u00eb se pesha e t\u00eb sapolindurve stimulon prodhimin e qum\u00ebshtit. N\u00eb k\u00ebt\u00eb kontekst, \u00ebsht\u00eb e r\u00ebnd\u00ebsishme t\u00eb sigurohet q\u00eb dosat t\u00eb ken\u00eb nj\u00eb furnizim t\u00eb mjaftuesh\u00ebm me energji n\u00eb t\u00eb tret\u00ebn e fundit t\u00eb barsm\u00ebris\u00eb dhe para lindjes, pasi rritja m\u00eb e madhe e gicave ndodh gjat\u00eb k\u00ebsaj periudhe. <\/p>\n<\/div>\n<\/div>\n<\/div>\n\n\n\n<p><\/p>\n","protected":false},"excerpt":{"rendered":"<p>Ndihma gjat\u00eb lindjes dhe teknika me kujdestari t\u00eb ndar\u00eb P\u00ebrpunuar nga Kristian Maka Rritja e gicave: Asgj\u00eb nuk \u00ebsht\u00eb aq e r\u00ebnd\u00ebsishme p\u00ebr gicin e porsalindur sesa marrja e shpejt\u00eb e kolostrumit nga dosa. Monitorimi i lindjeve nuk duhet t\u00eb jet\u00eb standard vet\u00ebm gjat\u00eb dit\u00ebs. Or\u00ebt e para t\u00eb jet\u00ebs s\u00eb gicit jan\u00eb t\u00eb r\u00ebnd\u00ebsishme [&hellip;]<\/p>\n","protected":false},"author":2,"featured_media":0,"parent":0,"menu_order":0,"comment_status":"closed","ping_status":"closed","template":"","meta":{"inline_featured_image":false,"footnotes":""},"class_list":["post-9035","page","type-page","status-publish","hentry"],"yoast_head":"<!-- This site is optimized with the Yoast SEO plugin v18.9 - https:\/\/yoast.com\/wordpress\/plugins\/seo\/ -->\n<title>Ndihma gjat\u00eb lindjes dhe teknika me kujdestari t\u00eb ndar\u00eb - Austria Praemix<\/title>\n<meta name=\"robots\" content=\"index, follow, max-snippet:-1, max-image-preview:large, max-video-preview:-1\" \/>\n<link rel=\"canonical\" href=\"https:\/\/ap.com.al\/?page_id=9035\" \/>\n<meta property=\"og:locale\" content=\"en_US\" \/>\n<meta property=\"og:type\" content=\"article\" \/>\n<meta property=\"og:title\" content=\"Ndihma gjat\u00eb lindjes dhe teknika me kujdestari t\u00eb ndar\u00eb - Austria Praemix\" \/>\n<meta property=\"og:description\" content=\"Ndihma gjat\u00eb lindjes dhe teknika me kujdestari t\u00eb ndar\u00eb P\u00ebrpunuar nga Kristian Maka Rritja e gicave: Asgj\u00eb nuk \u00ebsht\u00eb aq e r\u00ebnd\u00ebsishme p\u00ebr gicin e porsalindur sesa marrja e shpejt\u00eb e kolostrumit nga dosa. Monitorimi i lindjeve nuk duhet t\u00eb jet\u00eb standard vet\u00ebm gjat\u00eb dit\u00ebs. Or\u00ebt e para t\u00eb jet\u00ebs s\u00eb gicit jan\u00eb t\u00eb r\u00ebnd\u00ebsishme [&hellip;]\" \/>\n<meta property=\"og:url\" content=\"https:\/\/ap.com.al\/?page_id=9035\" \/>\n<meta property=\"og:site_name\" content=\"Austria Praemix\" \/>\n<meta property=\"article:publisher\" content=\"https:\/\/www.facebook.com\/austriapraemiks\/\" \/>\n<meta property=\"article:modified_time\" content=\"2025-05-02T12:14:42+00:00\" \/>\n<meta property=\"og:image\" content=\"https:\/\/ap.com.al\/wp-content\/uploads\/2022\/03\/Asset-54-1.png\" \/>\n<meta name=\"twitter:card\" content=\"summary_large_image\" \/>\n<meta name=\"twitter:label1\" content=\"Est. reading time\" \/>\n\t<meta name=\"twitter:data1\" content=\"1 minute\" \/>\n<script type=\"application\/ld+json\" class=\"yoast-schema-graph\">{\"@context\":\"https:\/\/schema.org\",\"@graph\":[{\"@type\":\"Organization\",\"@id\":\"https:\/\/ap.com.al\/#organization\",\"name\":\"Austria Preamix\",\"url\":\"https:\/\/ap.com.al\/\",\"sameAs\":[\"https:\/\/www.instagram.com\/austriapraemix\/\",\"https:\/\/www.facebook.com\/austriapraemiks\/\"],\"logo\":{\"@type\":\"ImageObject\",\"inLanguage\":\"en-US\",\"@id\":\"https:\/\/ap.com.al\/#\/schema\/logo\/image\/\",\"url\":\"https:\/\/ap.com.al\/wp-content\/uploads\/2022\/02\/AP-logo.png\",\"contentUrl\":\"https:\/\/ap.com.al\/wp-content\/uploads\/2022\/02\/AP-logo.png\",\"width\":3358,\"height\":1616,\"caption\":\"Austria Preamix\"},\"image\":{\"@id\":\"https:\/\/ap.com.al\/#\/schema\/logo\/image\/\"}},{\"@type\":\"WebSite\",\"@id\":\"https:\/\/ap.com.al\/#website\",\"url\":\"https:\/\/ap.com.al\/\",\"name\":\"Austria Praemix\",\"description\":\"\",\"publisher\":{\"@id\":\"https:\/\/ap.com.al\/#organization\"},\"potentialAction\":[{\"@type\":\"SearchAction\",\"target\":{\"@type\":\"EntryPoint\",\"urlTemplate\":\"https:\/\/ap.com.al\/?s={search_term_string}\"},\"query-input\":\"required name=search_term_string\"}],\"inLanguage\":\"en-US\"},{\"@type\":\"ImageObject\",\"inLanguage\":\"en-US\",\"@id\":\"https:\/\/ap.com.al\/?page_id=9035#primaryimage\",\"url\":\"https:\/\/ap.com.al\/wp-content\/uploads\/2022\/03\/Asset-54-1.png\",\"contentUrl\":\"https:\/\/ap.com.al\/wp-content\/uploads\/2022\/03\/Asset-54-1.png\",\"width\":355,\"height\":354},{\"@type\":\"WebPage\",\"@id\":\"https:\/\/ap.com.al\/?page_id=9035#webpage\",\"url\":\"https:\/\/ap.com.al\/?page_id=9035\",\"name\":\"Ndihma gjat\u00eb lindjes dhe teknika me kujdestari t\u00eb ndar\u00eb - Austria Praemix\",\"isPartOf\":{\"@id\":\"https:\/\/ap.com.al\/#website\"},\"primaryImageOfPage\":{\"@id\":\"https:\/\/ap.com.al\/?page_id=9035#primaryimage\"},\"datePublished\":\"2025-05-02T12:14:41+00:00\",\"dateModified\":\"2025-05-02T12:14:42+00:00\",\"breadcrumb\":{\"@id\":\"https:\/\/ap.com.al\/?page_id=9035#breadcrumb\"},\"inLanguage\":\"en-US\",\"potentialAction\":[{\"@type\":\"ReadAction\",\"target\":[\"https:\/\/ap.com.al\/?page_id=9035\"]}]},{\"@type\":\"BreadcrumbList\",\"@id\":\"https:\/\/ap.com.al\/?page_id=9035#breadcrumb\",\"itemListElement\":[{\"@type\":\"ListItem\",\"position\":1,\"name\":\"Home\",\"item\":\"https:\/\/ap.com.al\/\"},{\"@type\":\"ListItem\",\"position\":2,\"name\":\"Ndihma gjat\u00eb lindjes dhe teknika me kujdestari t\u00eb ndar\u00eb\"}]}]}<\/script>\n<!-- \/ Yoast SEO plugin. -->","yoast_head_json":{"title":"Ndihma gjat\u00eb lindjes dhe teknika me kujdestari t\u00eb ndar\u00eb - Austria Praemix","robots":{"index":"index","follow":"follow","max-snippet":"max-snippet:-1","max-image-preview":"max-image-preview:large","max-video-preview":"max-video-preview:-1"},"canonical":"https:\/\/ap.com.al\/?page_id=9035","og_locale":"en_US","og_type":"article","og_title":"Ndihma gjat\u00eb lindjes dhe teknika me kujdestari t\u00eb ndar\u00eb - Austria Praemix","og_description":"Ndihma gjat\u00eb lindjes dhe teknika me kujdestari t\u00eb ndar\u00eb P\u00ebrpunuar nga Kristian Maka Rritja e gicave: Asgj\u00eb nuk \u00ebsht\u00eb aq e r\u00ebnd\u00ebsishme p\u00ebr gicin e porsalindur sesa marrja e shpejt\u00eb e kolostrumit nga dosa. Monitorimi i lindjeve nuk duhet t\u00eb jet\u00eb standard vet\u00ebm gjat\u00eb dit\u00ebs. Or\u00ebt e para t\u00eb jet\u00ebs s\u00eb gicit jan\u00eb t\u00eb r\u00ebnd\u00ebsishme [&hellip;]","og_url":"https:\/\/ap.com.al\/?page_id=9035","og_site_name":"Austria Praemix","article_publisher":"https:\/\/www.facebook.com\/austriapraemiks\/","article_modified_time":"2025-05-02T12:14:42+00:00","og_image":[{"url":"https:\/\/ap.com.al\/wp-content\/uploads\/2022\/03\/Asset-54-1.png"}],"twitter_card":"summary_large_image","twitter_misc":{"Est. reading time":"1 minute"},"schema":{"@context":"https:\/\/schema.org","@graph":[{"@type":"Organization","@id":"https:\/\/ap.com.al\/#organization","name":"Austria Preamix","url":"https:\/\/ap.com.al\/","sameAs":["https:\/\/www.instagram.com\/austriapraemix\/","https:\/\/www.facebook.com\/austriapraemiks\/"],"logo":{"@type":"ImageObject","inLanguage":"en-US","@id":"https:\/\/ap.com.al\/#\/schema\/logo\/image\/","url":"https:\/\/ap.com.al\/wp-content\/uploads\/2022\/02\/AP-logo.png","contentUrl":"https:\/\/ap.com.al\/wp-content\/uploads\/2022\/02\/AP-logo.png","width":3358,"height":1616,"caption":"Austria Preamix"},"image":{"@id":"https:\/\/ap.com.al\/#\/schema\/logo\/image\/"}},{"@type":"WebSite","@id":"https:\/\/ap.com.al\/#website","url":"https:\/\/ap.com.al\/","name":"Austria Praemix","description":"","publisher":{"@id":"https:\/\/ap.com.al\/#organization"},"potentialAction":[{"@type":"SearchAction","target":{"@type":"EntryPoint","urlTemplate":"https:\/\/ap.com.al\/?s={search_term_string}"},"query-input":"required name=search_term_string"}],"inLanguage":"en-US"},{"@type":"ImageObject","inLanguage":"en-US","@id":"https:\/\/ap.com.al\/?page_id=9035#primaryimage","url":"https:\/\/ap.com.al\/wp-content\/uploads\/2022\/03\/Asset-54-1.png","contentUrl":"https:\/\/ap.com.al\/wp-content\/uploads\/2022\/03\/Asset-54-1.png","width":355,"height":354},{"@type":"WebPage","@id":"https:\/\/ap.com.al\/?page_id=9035#webpage","url":"https:\/\/ap.com.al\/?page_id=9035","name":"Ndihma gjat\u00eb lindjes dhe teknika me kujdestari t\u00eb ndar\u00eb - Austria Praemix","isPartOf":{"@id":"https:\/\/ap.com.al\/#website"},"primaryImageOfPage":{"@id":"https:\/\/ap.com.al\/?page_id=9035#primaryimage"},"datePublished":"2025-05-02T12:14:41+00:00","dateModified":"2025-05-02T12:14:42+00:00","breadcrumb":{"@id":"https:\/\/ap.com.al\/?page_id=9035#breadcrumb"},"inLanguage":"en-US","potentialAction":[{"@type":"ReadAction","target":["https:\/\/ap.com.al\/?page_id=9035"]}]},{"@type":"BreadcrumbList","@id":"https:\/\/ap.com.al\/?page_id=9035#breadcrumb","itemListElement":[{"@type":"ListItem","position":1,"name":"Home","item":"https:\/\/ap.com.al\/"},{"@type":"ListItem","position":2,"name":"Ndihma gjat\u00eb lindjes dhe teknika me kujdestari t\u00eb ndar\u00eb"}]}]}},"_links":{"self":[{"href":"https:\/\/ap.com.al\/index.php?rest_route=\/wp\/v2\/pages\/9035","targetHints":{"allow":["GET"]}}],"collection":[{"href":"https:\/\/ap.com.al\/index.php?rest_route=\/wp\/v2\/pages"}],"about":[{"href":"https:\/\/ap.com.al\/index.php?rest_route=\/wp\/v2\/types\/page"}],"author":[{"embeddable":true,"href":"https:\/\/ap.com.al\/index.php?rest_route=\/wp\/v2\/users\/2"}],"replies":[{"embeddable":true,"href":"https:\/\/ap.com.al\/index.php?rest_route=%2Fwp%2Fv2%2Fcomments&post=9035"}],"version-history":[{"count":3,"href":"https:\/\/ap.com.al\/index.php?rest_route=\/wp\/v2\/pages\/9035\/revisions"}],"predecessor-version":[{"id":9038,"href":"https:\/\/ap.com.al\/index.php?rest_route=\/wp\/v2\/pages\/9035\/revisions\/9038"}],"wp:attachment":[{"href":"https:\/\/ap.com.al\/index.php?rest_route=%2Fwp%2Fv2%2Fmedia&parent=9035"}],"curies":[{"name":"wp","href":"https:\/\/api.w.org\/{rel}","templated":true}]}}