{"id":9077,"date":"2025-05-22T09:03:01","date_gmt":"2025-05-22T09:03:01","guid":{"rendered":"https:\/\/ap.com.al\/?page_id=9077"},"modified":"2025-05-22T09:03:02","modified_gmt":"2025-05-22T09:03:02","slug":"zbatimi-sistematik-i-strategjive-te-suksesshme","status":"publish","type":"page","link":"https:\/\/ap.com.al\/?page_id=9077","title":{"rendered":"Zbatimi sistematik i strategjive t\u00eb suksesshme"},"content":{"rendered":"\n<p><\/p>\n\n\n\n<p><\/p>\n\n\n\n<style>\n  #oniiii{\n    background-image:url(\"https:\/\/ap.com.al\/wp-content\/uploads\/2025\/05\/Artikull-11.png\");\n    padding-bottom: 32%;\n    background-position:center left;\n    background-repeat: no-repeat;\n    background-size:cover;\n  }\n  <\/style>\n  <script src=\"https:\/\/code.jquery.com\/jquery-3.5.0.js\">\n<\/script>\n\n<div id=\"oniiii\"><\/div>\n \n<script>\n$( \"#oniiii\" ).insertBefore( \".container_wrap_first\" );\n<\/script>\n\n\n\n<div class=\"wp-block-columns\" id=\"containerr\">\n<div class=\"wp-block-column\">\n<div class=\"avia_textblock\" itemprop=\"text\"><h4 style=\"color:#005a8c;\n\">Zbatimi sistematik i strategjive t\u00eb suksesshme<\/h4>\n<p align=\"right\">\n   P\u00ebrpunuar nga Klevis Xhardja\n<\/p>\n<\/div>\n<\/div>\n<\/div>\n\n\n\n<div class=\"wp-block-columns\" id=\"containerr\">\n<div class=\"wp-block-column\">\n<div class=\"detail__certificates-item-icon\">\n<img decoding=\"async\" alt=\"SCHAUMALAC M 70 \" src=\"https:\/\/ap.com.al\/wp-content\/uploads\/2022\/03\/Asset-54-1.png\">\n<\/div>\n<\/div>\n<\/div>\n\n\n\n<div class=\"wp-block-columns\" id=\"containerr\">\n<div class=\"wp-block-column\">\n<div class=\"blue_marker_list\">\n<p align=\"justify\">Performanca e mir\u00eb dhe e q\u00ebndrueshme \u00ebsht\u00eb nj\u00eb parakusht themelor p\u00ebr ekonomin\u00eb optimale n\u00eb stall\u00ebn e derrave. Fermer\u00ebt q\u00eb mund t\u00eb ofrojn\u00eb nj\u00eb cil\u00ebsi produkti t\u00eb p\u00ebrcaktuar qart\u00eb me koston m\u00eb t\u00eb ul\u00ebt do t\u00eb vazhdojn\u00eb t\u00eb ken\u00eb mund\u00ebsit\u00eb m\u00eb t\u00eb m\u00ebdha t\u00eb shitjes dhe rritjes n\u00eb nj\u00eb konkurrenc\u00eb gjithnj\u00eb e m\u00eb globale.\n<\/p>\n<p align=\"justify\">Potenciali i performanc\u00ebs s\u00eb origjin\u00ebs s\u00eb derrave \u00ebsht\u00eb p\u00ebrmir\u00ebsuar vazhdimisht gjat\u00eb viteve t\u00eb fundit. P\u00ebr shembull, n\u00eb nj\u00eb raport t\u00eb Dhom\u00ebs s\u00eb Bujq\u00ebsis\u00eb n\u00eb Nordrhein-Westfalia, \u00ebsht\u00eb llogaritur nj\u00eb rritje n\u00eb numrin e gicave t\u00eb lindur gjall\u00eb prej rreth 0.1 gic p\u00ebr dos\u00eb n\u00eb vit nga viti 2010 deri n\u00eb vitin 2020. N\u00ebse ky zhvillim do t\u00eb vazhdoj\u00eb n\u00eb vitet n\u00eb vijim, prognoza \u00ebsht\u00eb: mesatarisht m\u00eb shum\u00eb se 22 gica t\u00eb ndar\u00eb nga gjiri p\u00ebr dos\u00eb n\u00eb vit p\u00ebr t\u00eb gjitha fermat q\u00eb rrisin dosa.\n<\/p>\n<p align=\"justify\">Fermat kryesore tashm\u00eb po e arrijn\u00eb k\u00ebt\u00eb nivel ose e kan\u00eb tejkaluar prej koh\u00ebsh. N\u00eb t\u00eb ardhmen do t\u00eb ket\u00eb gjithashtu performanca shum\u00eb t\u00eb jasht\u00ebzakonshme me t\u00eb pakt\u00ebn p\u00ebrkoh\u00ebsisht m\u00eb shum\u00eb se 25 gica t\u00eb ndar\u00eb nga gjiri p\u00ebr dos\u00eb n\u00eb vit. Fitime ditore prej m\u00eb shum\u00eb se 800 g mesatarisht p\u00ebr t\u00eb gjitha fermat parashikohen p\u00ebr fermat e majm\u00ebris\u00eb nga viti 2024.\n<\/p>\n<p align=\"justify\">Objektivat e p\u00ebrcaktuara n\u00eb Figur\u00ebn 1 k\u00ebrkojn\u00eb nj\u00eb optimizim sistematik t\u00eb mbar\u00ebshtimit t\u00eb dosave, gicave dhe derrave p\u00ebr majm\u00ebri. K\u00ebtu, nd\u00ebr t\u00eb tjera, duhet p\u00ebrmendur p\u00ebrzgjedhja dhe p\u00ebrdorimi i synuar i nj\u00eb origjine specifike derri, p\u00ebrmir\u00ebsimi i kushteve t\u00eb strehimit dhe higjien\u00ebs n\u00eb stall\u00eb dhe ushqimi i bazuar n\u00eb performanc\u00eb.\n<\/p>\n<h4 style=\"padding-top: 20px;\">Dosat me performanc\u00eb m\u00eb t\u00eb lart\u00eb<\/h4>\n<p align=\"justify\">N\u00eb fillim t\u00eb prodhimit t\u00eb suksessh\u00ebm t\u00eb derrit q\u00ebndron ushqyerja e bazuar n\u00eb nevoj\u00ebn e dosave dhe t\u00eb t\u00eb vegj\u00eblve t\u00eb tyre. Shumica e origjin\u00ebs s\u00eb dosave jo vet\u00ebm q\u00eb kan\u00eb nj\u00eb prirje t\u00eb shk\u00eblqyer p\u00ebr performanc\u00eb t\u00eb lart\u00eb t\u00eb pjelloris\u00eb, por edhe p\u00ebr prodhimin e derrave t\u00eb therjes me pak yndyr\u00eb.<\/p>\n<p align=\"justify\">Rrjedhimisht, pasoja e duhur \u00ebsht\u00eb ushqyerja e dosave n\u00eb baz\u00eb t\u00eb nevojave n\u00eb m\u00ebnyr\u00eb rigoroze sipas faz\u00ebs s\u00eb performanc\u00ebs s\u00eb tyre. Sepse vet\u00eb dosat nuk kan\u00eb m\u00eb rezerva t\u00eb m\u00ebdha yndyre nga t\u00eb cilat mund t\u00eb marrin gjat\u00eb fazave me performanc\u00eb t\u00eb lart\u00eb, si\u00e7 \u00ebsht\u00eb periudha e laktacionit. Humbjet e substancave deri n\u00eb maksimum 10% gjat\u00eb periudh\u00ebs s\u00eb laktacionit jan\u00eb p\u00ebrdorur dhe p\u00ebrdoren si orientim.<\/p>\n\n<p align=\"justify\">Humbjet m\u00eb t\u00eb larta t\u00eb pesh\u00ebs shkaktojn\u00eb stres t\u00eb konsideruesh\u00ebm metabolik dhe n\u00eb p\u00ebrgjith\u00ebsi performanc\u00eb m\u00eb t\u00eb dob\u00ebt t\u00eb fertilitetit, ve\u00e7an\u00ebrisht te dosat e reja dhe dosat q\u00eb lindin p\u00ebr her\u00eb t\u00eb par\u00eb. P\u00ebr t\u00eb shmangur humbjen e tep\u00ebrt t\u00eb pesh\u00ebs gjat\u00eb laktacionit, rekomandohen masat e m\u00ebposhtme t\u00eb ushqyerjes:<\/p>\n<ul style=\"list-style-type: square; \n\tpadding-left: 1em;\">\n<li>Rritja e densitetit t\u00eb energjis\u00eb n\u00eb ushqim, ve\u00e7an\u00ebrisht n\u00eb temperaturat e larta t\u00eb stall\u00ebs (korrespondon me nj\u00eb furnizim me energji t\u00eb mjaftuesh\u00ebm p\u00ebr 0.5 gic m\u00eb shum\u00eb)<\/li>\n<li>Ushqyerja n\u00eb koh\u00eb e derrave dhe zvog\u00eblimi i koh\u00ebs s\u00eb thithjes s\u00eb gjirit (korrespondon me nj\u00eb furnizim energjie t\u00eb mjaftuesh\u00ebm p\u00ebr 0.5 gic m\u00eb shum\u00eb)<\/li>\n<li>Marrja e ushqimit t\u00eb rritur me 10% (ekuivalente me nj\u00eb marrje energjie t\u00eb mjaftueshme p\u00ebr 1-1.5 gic m\u00eb shum\u00eb).<\/li>\n<\/ul>\n<p align=\"justify\">Kjo p\u00ebrcakton qart\u00eb r\u00ebnd\u00ebsin\u00eb e marrjes s\u00eb ushqimit, pavar\u00ebsisht nga p\u00ebrmbajtja e energjis\u00eb. N\u00eb figur\u00ebn 2 jan\u00eb p\u00ebrmbledhur masat m\u00eb t\u00eb r\u00ebnd\u00ebsishme p\u00ebr marrjen e lart\u00eb t\u00eb ushqimit gjat\u00eb laktacionit. Temperatura optimale e ambientit dhe gjendja e t\u00eb ushqyerit n\u00eb rritjen e dosave t\u00eb reja dhe n\u00eb periudh\u00ebn e shtatz\u00ebnis\u00eb kan\u00eb nj\u00eb ndikim vendimtar n\u00eb marrjen e ushqimit.<\/p>\n\n<p align=\"justify\">Rendimentet e larta t\u00eb qum\u00ebshtit dhe parandalimi i s\u00ebmundjeve MMA k\u00ebrkojn\u00eb gjithashtu konsumim t\u00eb lart\u00eb t\u00eb ujit. Prandaj, duhet t\u00eb jepet uj\u00eb shtes\u00eb gjat\u00eb lindjes dhe gjithashtu m\u00eb pas &#8211; p\u00ebrve\u00e7 furnizimit p\u00ebrmes pijes.<\/p>\n<\/div>\n\n\n\n<figure class=\"wp-block-image size-full is-resized\"><img loading=\"lazy\" decoding=\"async\" width=\"375\" height=\"350\" src=\"https:\/\/ap.com.al\/wp-content\/uploads\/2025\/05\/image-11.png\" alt=\"\" class=\"wp-image-9078\" style=\"width:497px;height:auto\" srcset=\"https:\/\/ap.com.al\/wp-content\/uploads\/2025\/05\/image-11.png 375w, https:\/\/ap.com.al\/wp-content\/uploads\/2025\/05\/image-11-300x280.png 300w\" sizes=\"auto, (max-width: 375px) 100vw, 375px\" \/><\/figure>\n\n\n\n<figure class=\"wp-block-image size-full is-resized\"><img loading=\"lazy\" decoding=\"async\" width=\"423\" height=\"182\" src=\"https:\/\/ap.com.al\/wp-content\/uploads\/2025\/05\/image-12.png\" alt=\"\" class=\"wp-image-9079\" style=\"width:493px;height:auto\" srcset=\"https:\/\/ap.com.al\/wp-content\/uploads\/2025\/05\/image-12.png 423w, https:\/\/ap.com.al\/wp-content\/uploads\/2025\/05\/image-12-300x129.png 300w\" sizes=\"auto, (max-width: 423px) 100vw, 423px\" \/><\/figure>\n\n\n\n<figure class=\"wp-block-image size-full is-resized\"><img loading=\"lazy\" decoding=\"async\" width=\"660\" height=\"410\" src=\"https:\/\/ap.com.al\/wp-content\/uploads\/2025\/05\/image-14.png\" alt=\"\" class=\"wp-image-9081\" style=\"width:776px;height:auto\" srcset=\"https:\/\/ap.com.al\/wp-content\/uploads\/2025\/05\/image-14.png 660w, https:\/\/ap.com.al\/wp-content\/uploads\/2025\/05\/image-14-300x186.png 300w, https:\/\/ap.com.al\/wp-content\/uploads\/2025\/05\/image-14-450x280.png 450w\" sizes=\"auto, (max-width: 660px) 100vw, 660px\" \/><\/figure>\n\n\n\n<div class=\"blue_marker_list\">\n<p align=\"justify\">Meqen\u00ebse kjo \u00ebsht\u00eb m\u00ebnyra m\u00eb e mir\u00eb p\u00ebr t\u00eb parandaluar infeksionet gjithnj\u00eb k\u00ebrc\u00ebnuese t\u00eb traktit urinar, shum\u00eb fermer\u00eb dosash po mendojn\u00eb t\u00eb kalojn\u00eb n\u00eb ushqim t\u00eb l\u00ebngsh\u00ebm nd\u00ebrsa numri i dosave t\u00eb tyre rritet, ve\u00e7an\u00ebrisht p\u00ebr dosat n\u00eb laktacion. Sidoqoft\u00eb, nj\u00eb parakusht i domosdosh\u00ebm p\u00ebr k\u00ebt\u00eb \u00ebsht\u00eb ushqimi i p\u00ebrsosur higjienik. Kjo \u00ebsht\u00eb e vetmja m\u00ebnyr\u00eb q\u00eb ushqimi i l\u00ebngsh\u00ebm t\u00eb jet\u00eb gjithashtu i dobish\u00ebm p\u00ebr dosat.<\/p>\n<h4 style=\"padding-top: 20px;\">Rritja e sigurt e gicave<\/h4>\n<p align=\"justify\">Kur ndahen nga gjiri pas 3 deri n\u00eb 4 jav\u00eb laktacioni, gicat kalojn\u00eb gradualisht nga nj\u00eb diet\u00eb e bazuar kryesisht n\u00eb qum\u00ebshtin e dos\u00ebs n\u00eb nj\u00eb diet\u00eb me sasi n\u00eb rritje t\u00eb l\u00ebnd\u00ebve ushqyese bimore. N\u00eb jav\u00ebn e fundit t\u00eb ushqyerjes me gji, rekomandohet nj\u00eb para-nis\u00ebs shtes\u00eb, p\u00ebr t\u00eb arritur aktivizimin e enzimave. Duhet t\u00eb ofrohet gjithmon\u00eb uj\u00eb p\u00ebr nj\u00eb marrje t\u00eb ushqimit pa probleme.<\/p>\n\n<p align=\"justify\">Pas ndarjes nga gjiri, ushqimi duhet t\u00eb merret parasysh sipas situat\u00ebs s\u00eb re, sepse gici nuk mund t\u00eb thith\u00eb m\u00eb qum\u00ebshtin dhe i mungojn\u00eb l\u00ebnd\u00ebt ushqyese t\u00eb r\u00ebnd\u00ebsishme. Kjo vlen ve\u00e7an\u00ebrisht p\u00ebr laktoz\u00ebn dhe protein\u00ebn e qum\u00ebshtit shum\u00eb t\u00eb tretshme. Vendimtare p\u00ebr ndarjen e suksesshme nga gjiri \u00ebsht\u00eb q\u00eb gicat ta marrin ushqimin e ri sa m\u00eb shpejt q\u00eb t\u00eb jet\u00eb e mundur, n\u00eb m\u00ebnyr\u00eb q\u00eb t\u00eb shmanget nj\u00eb konsum tep\u00ebr i lart\u00eb i ushqimit pas periudh\u00ebs s\u00eb uris\u00eb me \u00e7rregullime t\u00eb m\u00ebvonshme t\u00eb tretjes. P\u00ebrb\u00ebr\u00ebsit e shijsh\u00ebm dhe shum\u00eb t\u00eb tretsh\u00ebm t\u00eb ushqimit stimulojn\u00eb marrjen e hershme t\u00eb ushqimit t\u00eb that\u00eb dhe sigurojn\u00eb nj\u00eb kalim t\u00eb shpejt\u00eb nga p\u00ebrzierja e qum\u00ebshtit n\u00eb ushqimin e rritjes. Masa t\u00eb tjera p\u00ebr optimizimin e p\u00ebrzierjeve t\u00eb gicave tregohen n\u00eb figur\u00ebn 3.<\/p>\n\n<p align=\"justify\">Probiotik\u00ebt dhe prebiotik\u00ebt shum\u00eb efektiv\u00eb rekomandohen si nj\u00eb shtes\u00eb ushqimore p\u00ebr t\u00eb ndikuar pozitivisht n\u00eb proceset e tretjes. Eksperimente t\u00eb shumta kan\u00eb treguar se p\u00ebrdorimi i duhur i probiotik\u00ebve dhe prebiotik\u00ebve, acideve dhe aditiv\u00ebve fitogjen\u00eb t\u00eb ushqimit mund\u00ebson performanc\u00eb m\u00eb t\u00eb mir\u00eb. Kjo do t\u00eb thot\u00eb se p\u00ebrmir\u00ebsuesit e performanc\u00ebs antibiotike mund t\u00eb shp\u00ebrndahen n\u00eb mas\u00eb t\u00eb madhe. P\u00ebrve\u00e7 furnizimit me l\u00ebnd\u00eb ushqyese t\u00eb tretshme n\u00eb baz\u00eb t\u00eb nevojave dhe p\u00ebrdorimit t\u00eb duhur t\u00eb aditiv\u00ebve t\u00eb ushqimit, nj\u00eb nivel i lart\u00eb i higjien\u00ebs n\u00eb ushqim dhe ujin e pijsh\u00ebm \u00ebsht\u00eb thelb\u00ebsor p\u00ebr rritjen e suksesshme t\u00eb derrave. Vlerat orientuese p\u00ebr vler\u00ebsimin e higjien\u00ebs s\u00eb ushqimit dhe ujit t\u00eb pijsh\u00ebm mund t\u00eb p\u00ebrdoren (t\u00eb disponueshme nga redaktor\u00ebt sipas k\u00ebrkes\u00ebs).<\/p>\n<\/div>\n\n\n\n<figure class=\"wp-block-image size-full is-resized\"><img loading=\"lazy\" decoding=\"async\" width=\"422\" height=\"216\" src=\"https:\/\/ap.com.al\/wp-content\/uploads\/2025\/05\/image-15.png\" alt=\"\" class=\"wp-image-9082\" style=\"width:508px;height:auto\" srcset=\"https:\/\/ap.com.al\/wp-content\/uploads\/2025\/05\/image-15.png 422w, https:\/\/ap.com.al\/wp-content\/uploads\/2025\/05\/image-15-300x154.png 300w\" sizes=\"auto, (max-width: 422px) 100vw, 422px\" \/><\/figure>\n<\/div>\n<\/div>\n\n\n\n<p><\/p>\n","protected":false},"excerpt":{"rendered":"<p>Zbatimi sistematik i strategjive t\u00eb suksesshme P\u00ebrpunuar nga Klevis Xhardja Performanca e mir\u00eb dhe e q\u00ebndrueshme \u00ebsht\u00eb nj\u00eb parakusht themelor p\u00ebr ekonomin\u00eb optimale n\u00eb stall\u00ebn e derrave. Fermer\u00ebt q\u00eb mund t\u00eb ofrojn\u00eb nj\u00eb cil\u00ebsi produkti t\u00eb p\u00ebrcaktuar qart\u00eb me koston m\u00eb t\u00eb ul\u00ebt do t\u00eb vazhdojn\u00eb t\u00eb ken\u00eb mund\u00ebsit\u00eb m\u00eb t\u00eb m\u00ebdha t\u00eb shitjes dhe [&hellip;]<\/p>\n","protected":false},"author":2,"featured_media":0,"parent":0,"menu_order":0,"comment_status":"closed","ping_status":"closed","template":"","meta":{"inline_featured_image":false,"footnotes":""},"class_list":["post-9077","page","type-page","status-publish","hentry"],"yoast_head":"<!-- This site is optimized with the Yoast SEO plugin v18.9 - https:\/\/yoast.com\/wordpress\/plugins\/seo\/ -->\n<title>Zbatimi sistematik i strategjive t\u00eb suksesshme - Austria Praemix<\/title>\n<meta name=\"robots\" content=\"index, follow, max-snippet:-1, max-image-preview:large, max-video-preview:-1\" \/>\n<link rel=\"canonical\" href=\"https:\/\/ap.com.al\/?page_id=9077\" \/>\n<meta property=\"og:locale\" content=\"en_US\" \/>\n<meta property=\"og:type\" content=\"article\" \/>\n<meta property=\"og:title\" content=\"Zbatimi sistematik i strategjive t\u00eb suksesshme - Austria Praemix\" \/>\n<meta property=\"og:description\" content=\"Zbatimi sistematik i strategjive t\u00eb suksesshme P\u00ebrpunuar nga Klevis Xhardja Performanca e mir\u00eb dhe e q\u00ebndrueshme \u00ebsht\u00eb nj\u00eb parakusht themelor p\u00ebr ekonomin\u00eb optimale n\u00eb stall\u00ebn e derrave. Fermer\u00ebt q\u00eb mund t\u00eb ofrojn\u00eb nj\u00eb cil\u00ebsi produkti t\u00eb p\u00ebrcaktuar qart\u00eb me koston m\u00eb t\u00eb ul\u00ebt do t\u00eb vazhdojn\u00eb t\u00eb ken\u00eb mund\u00ebsit\u00eb m\u00eb t\u00eb m\u00ebdha t\u00eb shitjes dhe [&hellip;]\" \/>\n<meta property=\"og:url\" content=\"https:\/\/ap.com.al\/?page_id=9077\" \/>\n<meta property=\"og:site_name\" content=\"Austria Praemix\" \/>\n<meta property=\"article:publisher\" content=\"https:\/\/www.facebook.com\/austriapraemiks\/\" \/>\n<meta property=\"article:modified_time\" content=\"2025-05-22T09:03:02+00:00\" \/>\n<meta property=\"og:image\" content=\"https:\/\/ap.com.al\/wp-content\/uploads\/2022\/03\/Asset-54-1.png\" \/>\n<meta name=\"twitter:card\" content=\"summary_large_image\" \/>\n<meta name=\"twitter:label1\" content=\"Est. reading time\" \/>\n\t<meta name=\"twitter:data1\" content=\"1 minute\" \/>\n<script type=\"application\/ld+json\" class=\"yoast-schema-graph\">{\"@context\":\"https:\/\/schema.org\",\"@graph\":[{\"@type\":\"Organization\",\"@id\":\"https:\/\/ap.com.al\/#organization\",\"name\":\"Austria Preamix\",\"url\":\"https:\/\/ap.com.al\/\",\"sameAs\":[\"https:\/\/www.instagram.com\/austriapraemix\/\",\"https:\/\/www.facebook.com\/austriapraemiks\/\"],\"logo\":{\"@type\":\"ImageObject\",\"inLanguage\":\"en-US\",\"@id\":\"https:\/\/ap.com.al\/#\/schema\/logo\/image\/\",\"url\":\"https:\/\/ap.com.al\/wp-content\/uploads\/2022\/02\/AP-logo.png\",\"contentUrl\":\"https:\/\/ap.com.al\/wp-content\/uploads\/2022\/02\/AP-logo.png\",\"width\":3358,\"height\":1616,\"caption\":\"Austria Preamix\"},\"image\":{\"@id\":\"https:\/\/ap.com.al\/#\/schema\/logo\/image\/\"}},{\"@type\":\"WebSite\",\"@id\":\"https:\/\/ap.com.al\/#website\",\"url\":\"https:\/\/ap.com.al\/\",\"name\":\"Austria Praemix\",\"description\":\"\",\"publisher\":{\"@id\":\"https:\/\/ap.com.al\/#organization\"},\"potentialAction\":[{\"@type\":\"SearchAction\",\"target\":{\"@type\":\"EntryPoint\",\"urlTemplate\":\"https:\/\/ap.com.al\/?s={search_term_string}\"},\"query-input\":\"required name=search_term_string\"}],\"inLanguage\":\"en-US\"},{\"@type\":\"ImageObject\",\"inLanguage\":\"en-US\",\"@id\":\"https:\/\/ap.com.al\/?page_id=9077#primaryimage\",\"url\":\"https:\/\/ap.com.al\/wp-content\/uploads\/2022\/03\/Asset-54-1.png\",\"contentUrl\":\"https:\/\/ap.com.al\/wp-content\/uploads\/2022\/03\/Asset-54-1.png\",\"width\":355,\"height\":354},{\"@type\":\"WebPage\",\"@id\":\"https:\/\/ap.com.al\/?page_id=9077#webpage\",\"url\":\"https:\/\/ap.com.al\/?page_id=9077\",\"name\":\"Zbatimi sistematik i strategjive t\u00eb suksesshme - Austria Praemix\",\"isPartOf\":{\"@id\":\"https:\/\/ap.com.al\/#website\"},\"primaryImageOfPage\":{\"@id\":\"https:\/\/ap.com.al\/?page_id=9077#primaryimage\"},\"datePublished\":\"2025-05-22T09:03:01+00:00\",\"dateModified\":\"2025-05-22T09:03:02+00:00\",\"breadcrumb\":{\"@id\":\"https:\/\/ap.com.al\/?page_id=9077#breadcrumb\"},\"inLanguage\":\"en-US\",\"potentialAction\":[{\"@type\":\"ReadAction\",\"target\":[\"https:\/\/ap.com.al\/?page_id=9077\"]}]},{\"@type\":\"BreadcrumbList\",\"@id\":\"https:\/\/ap.com.al\/?page_id=9077#breadcrumb\",\"itemListElement\":[{\"@type\":\"ListItem\",\"position\":1,\"name\":\"Home\",\"item\":\"https:\/\/ap.com.al\/\"},{\"@type\":\"ListItem\",\"position\":2,\"name\":\"Zbatimi sistematik i strategjive t\u00eb suksesshme\"}]}]}<\/script>\n<!-- \/ Yoast SEO plugin. -->","yoast_head_json":{"title":"Zbatimi sistematik i strategjive t\u00eb suksesshme - Austria Praemix","robots":{"index":"index","follow":"follow","max-snippet":"max-snippet:-1","max-image-preview":"max-image-preview:large","max-video-preview":"max-video-preview:-1"},"canonical":"https:\/\/ap.com.al\/?page_id=9077","og_locale":"en_US","og_type":"article","og_title":"Zbatimi sistematik i strategjive t\u00eb suksesshme - Austria Praemix","og_description":"Zbatimi sistematik i strategjive t\u00eb suksesshme P\u00ebrpunuar nga Klevis Xhardja Performanca e mir\u00eb dhe e q\u00ebndrueshme \u00ebsht\u00eb nj\u00eb parakusht themelor p\u00ebr ekonomin\u00eb optimale n\u00eb stall\u00ebn e derrave. Fermer\u00ebt q\u00eb mund t\u00eb ofrojn\u00eb nj\u00eb cil\u00ebsi produkti t\u00eb p\u00ebrcaktuar qart\u00eb me koston m\u00eb t\u00eb ul\u00ebt do t\u00eb vazhdojn\u00eb t\u00eb ken\u00eb mund\u00ebsit\u00eb m\u00eb t\u00eb m\u00ebdha t\u00eb shitjes dhe [&hellip;]","og_url":"https:\/\/ap.com.al\/?page_id=9077","og_site_name":"Austria Praemix","article_publisher":"https:\/\/www.facebook.com\/austriapraemiks\/","article_modified_time":"2025-05-22T09:03:02+00:00","og_image":[{"url":"https:\/\/ap.com.al\/wp-content\/uploads\/2022\/03\/Asset-54-1.png"}],"twitter_card":"summary_large_image","twitter_misc":{"Est. reading time":"1 minute"},"schema":{"@context":"https:\/\/schema.org","@graph":[{"@type":"Organization","@id":"https:\/\/ap.com.al\/#organization","name":"Austria Preamix","url":"https:\/\/ap.com.al\/","sameAs":["https:\/\/www.instagram.com\/austriapraemix\/","https:\/\/www.facebook.com\/austriapraemiks\/"],"logo":{"@type":"ImageObject","inLanguage":"en-US","@id":"https:\/\/ap.com.al\/#\/schema\/logo\/image\/","url":"https:\/\/ap.com.al\/wp-content\/uploads\/2022\/02\/AP-logo.png","contentUrl":"https:\/\/ap.com.al\/wp-content\/uploads\/2022\/02\/AP-logo.png","width":3358,"height":1616,"caption":"Austria Preamix"},"image":{"@id":"https:\/\/ap.com.al\/#\/schema\/logo\/image\/"}},{"@type":"WebSite","@id":"https:\/\/ap.com.al\/#website","url":"https:\/\/ap.com.al\/","name":"Austria Praemix","description":"","publisher":{"@id":"https:\/\/ap.com.al\/#organization"},"potentialAction":[{"@type":"SearchAction","target":{"@type":"EntryPoint","urlTemplate":"https:\/\/ap.com.al\/?s={search_term_string}"},"query-input":"required name=search_term_string"}],"inLanguage":"en-US"},{"@type":"ImageObject","inLanguage":"en-US","@id":"https:\/\/ap.com.al\/?page_id=9077#primaryimage","url":"https:\/\/ap.com.al\/wp-content\/uploads\/2022\/03\/Asset-54-1.png","contentUrl":"https:\/\/ap.com.al\/wp-content\/uploads\/2022\/03\/Asset-54-1.png","width":355,"height":354},{"@type":"WebPage","@id":"https:\/\/ap.com.al\/?page_id=9077#webpage","url":"https:\/\/ap.com.al\/?page_id=9077","name":"Zbatimi sistematik i strategjive t\u00eb suksesshme - Austria Praemix","isPartOf":{"@id":"https:\/\/ap.com.al\/#website"},"primaryImageOfPage":{"@id":"https:\/\/ap.com.al\/?page_id=9077#primaryimage"},"datePublished":"2025-05-22T09:03:01+00:00","dateModified":"2025-05-22T09:03:02+00:00","breadcrumb":{"@id":"https:\/\/ap.com.al\/?page_id=9077#breadcrumb"},"inLanguage":"en-US","potentialAction":[{"@type":"ReadAction","target":["https:\/\/ap.com.al\/?page_id=9077"]}]},{"@type":"BreadcrumbList","@id":"https:\/\/ap.com.al\/?page_id=9077#breadcrumb","itemListElement":[{"@type":"ListItem","position":1,"name":"Home","item":"https:\/\/ap.com.al\/"},{"@type":"ListItem","position":2,"name":"Zbatimi sistematik i strategjive t\u00eb suksesshme"}]}]}},"_links":{"self":[{"href":"https:\/\/ap.com.al\/index.php?rest_route=\/wp\/v2\/pages\/9077","targetHints":{"allow":["GET"]}}],"collection":[{"href":"https:\/\/ap.com.al\/index.php?rest_route=\/wp\/v2\/pages"}],"about":[{"href":"https:\/\/ap.com.al\/index.php?rest_route=\/wp\/v2\/types\/page"}],"author":[{"embeddable":true,"href":"https:\/\/ap.com.al\/index.php?rest_route=\/wp\/v2\/users\/2"}],"replies":[{"embeddable":true,"href":"https:\/\/ap.com.al\/index.php?rest_route=%2Fwp%2Fv2%2Fcomments&post=9077"}],"version-history":[{"count":2,"href":"https:\/\/ap.com.al\/index.php?rest_route=\/wp\/v2\/pages\/9077\/revisions"}],"predecessor-version":[{"id":9085,"href":"https:\/\/ap.com.al\/index.php?rest_route=\/wp\/v2\/pages\/9077\/revisions\/9085"}],"wp:attachment":[{"href":"https:\/\/ap.com.al\/index.php?rest_route=%2Fwp%2Fv2%2Fmedia&parent=9077"}],"curies":[{"name":"wp","href":"https:\/\/api.w.org\/{rel}","templated":true}]}}