{"id":9118,"date":"2025-05-28T11:42:30","date_gmt":"2025-05-28T11:42:30","guid":{"rendered":"https:\/\/ap.com.al\/?page_id=9118"},"modified":"2025-05-28T11:42:31","modified_gmt":"2025-05-28T11:42:31","slug":"performance-optimale-majmerie-dhe-therjeje-schaumalac","status":"publish","type":"page","link":"https:\/\/ap.com.al\/?page_id=9118","title":{"rendered":"PERFORMANC\u00cb OPTIMALE MAJM\u00cbRIE DHE THERJEJE-SchaumaLac"},"content":{"rendered":"\n<p><\/p>\n\n\n\n<p><\/p>\n\n\n\n<style>\n  #oniiii{\n    background-image:url(\"https:\/\/ap.com.al\/wp-content\/uploads\/2025\/05\/Artikull-13.png\");\n    padding-bottom: 32%;\n    background-position:center left;\n    background-repeat: no-repeat;\n    background-size:cover;\n  }\n  <\/style>\n  <script src=\"https:\/\/code.jquery.com\/jquery-3.5.0.js\">\n<\/script>\n\n<div id=\"oniiii\"><\/div>\n \n<script>\n$( \"#oniiii\" ).insertBefore( \".container_wrap_first\" );\n<\/script>\n\n\n\n<div class=\"wp-block-columns\" id=\"containerr\">\n<div class=\"wp-block-column\">\n<div class=\"avia_textblock\" itemprop=\"text\"><h4 style=\"color:#005a8c;\n\">PERFORMANC\u00cb OPTIMALE MAJM\u00cbRIE DHE THERJEJE-SchaumaLac<\/h4>\n<p align=\"right\">\n   P\u00ebrpunuar nga Klevis Xhardja\n<\/p>\n<\/div>\n<\/div>\n<\/div>\n\n\n\n<div class=\"wp-block-columns\" id=\"containerr\">\n<div class=\"wp-block-column\">\n<div class=\"detail__certificates-item-icon\">\n<img decoding=\"async\" alt=\"SCHAUMALAC M 70 \" src=\"https:\/\/ap.com.al\/wp-content\/uploads\/2022\/03\/Asset-54-1.png\">\n<\/div>\n<\/div>\n<\/div>\n\n\n\n<div class=\"wp-block-columns\" id=\"containerr\">\n<div class=\"wp-block-column\">\n<figure class=\"wp-block-image size-full is-resized\"><img loading=\"lazy\" decoding=\"async\" width=\"788\" height=\"610\" src=\"https:\/\/ap.com.al\/wp-content\/uploads\/2025\/05\/image-20.png\" alt=\"\" class=\"wp-image-9119\" style=\"width:840px;height:auto\" srcset=\"https:\/\/ap.com.al\/wp-content\/uploads\/2025\/05\/image-20.png 788w, https:\/\/ap.com.al\/wp-content\/uploads\/2025\/05\/image-20-300x232.png 300w, https:\/\/ap.com.al\/wp-content\/uploads\/2025\/05\/image-20-768x595.png 768w, https:\/\/ap.com.al\/wp-content\/uploads\/2025\/05\/image-20-705x546.png 705w, https:\/\/ap.com.al\/wp-content\/uploads\/2025\/05\/image-20-450x348.png 450w\" sizes=\"auto, (max-width: 788px) 100vw, 788px\" \/><\/figure>\n\n\n\n<div class=\"blue_marker_list\">\n<p align=\"justify\">Miratimi n\u00eb nivel t\u00eb BE-s\u00eb i probiotikut t\u00eb ri Bonvital nxiti zhvillimin e produkteve t\u00eb specializuara p\u00ebr strategji t\u00eb ndryshme t\u00eb majm\u00ebris\u00eb. Kjo k\u00ebrkoi optimizimin e t\u00eb gjith\u00eb p\u00ebrb\u00ebr\u00ebsve, duke marr\u00eb parasysh rregulloret e reja ligjore p\u00ebr ushqimin e kafsh\u00ebve. Nj\u00eb v\u00ebmendje e ve\u00e7ant\u00eb iu kushtua nd\u00ebrveprimeve dhe antagonizmave midis p\u00ebrb\u00ebr\u00ebsve, sepse si\u00e7 tregoi nj\u00eb seri e gjer\u00eb testesh, raportet e sakta t\u00eb p\u00ebrb\u00ebr\u00ebsve jan\u00eb m\u00eb t\u00eb r\u00ebnd\u00ebsishme se sasit\u00eb absolute individuale.\n<\/p>\n<h4 style=\"padding-top: 20px;\">Fokusi te pranueshm\u00ebria e konsumatorit<\/h4>\n<p align=\"justify\">Me synimin p\u00ebr t\u00eb reduktuar ngarkes\u00ebn metabolike, b\u00ebhet nj\u00eb plot\u00ebsim i p\u00ebrshtatur me aminoacidet thelb\u00ebsore lizin\u00eb, metionin\u00eb dhe treonin\u00eb. Furnizimi i optimizuar me proteina siguron baz\u00ebn p\u00ebr formimin intensiv t\u00eb mishit. Furnizimi me vitamina mund\u00ebson performanc\u00eb t\u00eb lart\u00eb t\u00eb rritjes dhe siguron sh\u00ebndetin e derrave t\u00eb majm\u00ebris\u00eb. P\u00ebr nj\u00eb furnizim t\u00eb optimizuar me fosfor, mund t\u00eb p\u00ebrdoren produkte t\u00eb ndryshme speciale, n\u00eb var\u00ebsi t\u00eb baz\u00ebs s\u00eb ushqimit (drith\u00ebra ose mis\u00ebr). P\u00ebrdorimi konsekuent i Bonvital, n\u00eb kombinim me acidet ushqimore Schaumann, lejon nj\u00eb ushqim probiotik q\u00eb nga dita e par\u00eb e jet\u00ebs deri n\u00eb therje. K\u00ebshtu, Schaumann arrin t\u00eb ofroj\u00eb nj\u00eb alternativ\u00eb ndaj p\u00ebrdorimit t\u00eb nxit\u00ebsve t\u00eb performanc\u00ebs antibiotike, shum\u00eb koh\u00eb p\u00ebrpara se t\u00eb hyjn\u00eb n\u00eb fuqi kufizimet ligjore p\u00ebr ushqimin e kafsh\u00ebve. Pik\u00ebrisht n\u00eb koh\u00ebn e r\u00ebnies s\u00eb \u00e7mimeve dhe marzheve t\u00eb ngushta, \u00ebsht\u00eb jasht\u00ebzakonisht e r\u00ebnd\u00ebsishme t\u00eb prodhohet mish me pranimin m\u00eb t\u00eb lart\u00eb t\u00eb konsumatorit. Derra t\u00eb sh\u00ebndetsh\u00ebm, t\u00eb rritur n\u00eb m\u00ebnyr\u00eb probiotike, rriten shpejt dhe jan\u00eb fitimprur\u00ebs n\u00eb prodhim.\n<\/p>\n<h4 style=\"padding-top: 20px;\">Rezultatet kryesore nga H\u00fclsenberg<\/h4>\n<p align=\"justify\">N\u00eb teste t\u00eb sakta n\u00eb qendr\u00ebn k\u00ebrkimore H\u00fclsenberg, 40 derra u ndan\u00eb n\u00eb secilin grup prove, gjysma femra dhe gjysma derra t\u00eb kastruar. N\u00eb fillim t\u00eb prov\u00ebs, kafsh\u00ebt peshonin 29 kg. Ata u ushqyen me p\u00ebrzierje t\u00eb pasura me drith\u00ebra me grur\u00eb, elb dhe shrot soje (Fig. 1). Grupi i kontrollit mori Phosphoral VE, i cili \u00ebsht\u00eb i provuar n\u00eb praktik\u00eb, nd\u00ebrsa racioni i grupit t\u00eb prov\u00ebs p\u00ebrmbante SchaumaLac VM 80 t\u00eb ri. Kontrolli i pesh\u00ebs u krye kur kafsh\u00ebt arrit\u00ebn rreth 60 kg.\n<\/p>\n<\/div>\n\n\n\n<figure class=\"wp-block-image size-full is-resized\"><img loading=\"lazy\" decoding=\"async\" width=\"388\" height=\"361\" src=\"https:\/\/ap.com.al\/wp-content\/uploads\/2025\/05\/image-21.png\" alt=\"\" class=\"wp-image-9120\" style=\"width:432px;height:auto\" srcset=\"https:\/\/ap.com.al\/wp-content\/uploads\/2025\/05\/image-21.png 388w, https:\/\/ap.com.al\/wp-content\/uploads\/2025\/05\/image-21-300x279.png 300w\" sizes=\"auto, (max-width: 388px) 100vw, 388px\" \/><\/figure>\n\n\n\n<div class=\"blue_marker_list\">\n<p align=\"justify\">Nd\u00ebrsa t\u00eb dy grupet kishin shfryt\u00ebzim pothuajse t\u00eb nj\u00ebjt\u00eb t\u00eb ushqimit, derrat e grupit SchaumaLac shfaq\u00ebn nj\u00eb rritje m\u00eb t\u00eb mir\u00eb t\u00eb pesh\u00ebs ditore. N\u00eb nj\u00eb nivel t\u00eb lart\u00eb t\u00eb p\u00ebrgjithsh\u00ebm t\u00eb majm\u00ebris\u00eb, SchaumaLac VM 80 i ridizajnuar mund\u00ebsoi nj\u00eb rritje t\u00eb konsiderueshme prej 3,5% (Fig 2).<\/p>\n<\/div>\n\n\n\n<figure class=\"wp-block-image size-full is-resized\"><img loading=\"lazy\" decoding=\"async\" width=\"405\" height=\"257\" src=\"https:\/\/ap.com.al\/wp-content\/uploads\/2025\/05\/image-23.png\" alt=\"\" class=\"wp-image-9122\" style=\"width:531px;height:auto\" srcset=\"https:\/\/ap.com.al\/wp-content\/uploads\/2025\/05\/image-23.png 405w, https:\/\/ap.com.al\/wp-content\/uploads\/2025\/05\/image-23-300x190.png 300w\" sizes=\"auto, (max-width: 405px) 100vw, 405px\" \/><\/figure>\n\n\n\n<div class=\"blue_marker_list\">\n<p align=\"justify\">Prova u vazhdua n\u00eb zon\u00ebn e majm\u00ebris\u00eb s\u00eb mesme dhe t\u00eb fundit me p\u00ebrzierje t\u00eb ndryshuara. Ushqimi i grupit t\u00eb prov\u00ebs p\u00ebrmbante tani SchaumaLac M 70 t\u00eb ri, nd\u00ebrsa grupi i kontrollit mori Phosphoral VE, si\u00e7 praktikohet zakonisht.\n<\/p>\n<p align=\"justify\">Pas p\u00ebrfundimit t\u00eb majm\u00ebris\u00eb, n\u00eb kushte t\u00eb tjera identike, edhe n\u00eb pjes\u00ebn e dyt\u00eb t\u00eb matjes u pa ep\u00ebrsia e linj\u00ebs SchaumaLac me nj\u00eb p\u00ebrmir\u00ebsim prej 2% t\u00eb shtimit t\u00eb p\u00ebrditsh\u00ebm n\u00eb pesh\u00eb (Fig. 3). N\u00eb parametrat e cil\u00ebsis\u00eb s\u00eb mishit nuk u konstatuan dallime midis grupeve krahasuese.\n<\/p>\n<\/div>\n\n\n\n<figure class=\"wp-block-image size-full is-resized\"><img loading=\"lazy\" decoding=\"async\" width=\"379\" height=\"254\" src=\"https:\/\/ap.com.al\/wp-content\/uploads\/2025\/05\/image-24.png\" alt=\"\" class=\"wp-image-9123\" style=\"width:451px;height:auto\" srcset=\"https:\/\/ap.com.al\/wp-content\/uploads\/2025\/05\/image-24.png 379w, https:\/\/ap.com.al\/wp-content\/uploads\/2025\/05\/image-24-300x201.png 300w\" sizes=\"auto, (max-width: 379px) 100vw, 379px\" \/><\/figure>\n<\/div>\n<\/div>\n\n\n\n<p><\/p>\n","protected":false},"excerpt":{"rendered":"<p>PERFORMANC\u00cb OPTIMALE MAJM\u00cbRIE DHE THERJEJE-SchaumaLac P\u00ebrpunuar nga Klevis Xhardja Miratimi n\u00eb nivel t\u00eb BE-s\u00eb i probiotikut t\u00eb ri Bonvital nxiti zhvillimin e produkteve t\u00eb specializuara p\u00ebr strategji t\u00eb ndryshme t\u00eb majm\u00ebris\u00eb. Kjo k\u00ebrkoi optimizimin e t\u00eb gjith\u00eb p\u00ebrb\u00ebr\u00ebsve, duke marr\u00eb parasysh rregulloret e reja ligjore p\u00ebr ushqimin e kafsh\u00ebve. Nj\u00eb v\u00ebmendje e ve\u00e7ant\u00eb iu kushtua [&hellip;]<\/p>\n","protected":false},"author":2,"featured_media":0,"parent":0,"menu_order":0,"comment_status":"closed","ping_status":"closed","template":"","meta":{"inline_featured_image":false,"footnotes":""},"class_list":["post-9118","page","type-page","status-publish","hentry"],"yoast_head":"<!-- This site is optimized with the Yoast SEO plugin v18.9 - https:\/\/yoast.com\/wordpress\/plugins\/seo\/ -->\n<title>PERFORMANC\u00cb OPTIMALE MAJM\u00cbRIE DHE THERJEJE-SchaumaLac - Austria Praemix<\/title>\n<meta name=\"robots\" content=\"index, follow, max-snippet:-1, max-image-preview:large, max-video-preview:-1\" \/>\n<link rel=\"canonical\" href=\"https:\/\/ap.com.al\/?page_id=9118\" \/>\n<meta property=\"og:locale\" content=\"en_US\" \/>\n<meta property=\"og:type\" content=\"article\" \/>\n<meta property=\"og:title\" content=\"PERFORMANC\u00cb OPTIMALE MAJM\u00cbRIE DHE THERJEJE-SchaumaLac - Austria Praemix\" \/>\n<meta property=\"og:description\" content=\"PERFORMANC\u00cb OPTIMALE MAJM\u00cbRIE DHE THERJEJE-SchaumaLac P\u00ebrpunuar nga Klevis Xhardja Miratimi n\u00eb nivel t\u00eb BE-s\u00eb i probiotikut t\u00eb ri Bonvital nxiti zhvillimin e produkteve t\u00eb specializuara p\u00ebr strategji t\u00eb ndryshme t\u00eb majm\u00ebris\u00eb. Kjo k\u00ebrkoi optimizimin e t\u00eb gjith\u00eb p\u00ebrb\u00ebr\u00ebsve, duke marr\u00eb parasysh rregulloret e reja ligjore p\u00ebr ushqimin e kafsh\u00ebve. Nj\u00eb v\u00ebmendje e ve\u00e7ant\u00eb iu kushtua [&hellip;]\" \/>\n<meta property=\"og:url\" content=\"https:\/\/ap.com.al\/?page_id=9118\" \/>\n<meta property=\"og:site_name\" content=\"Austria Praemix\" \/>\n<meta property=\"article:publisher\" content=\"https:\/\/www.facebook.com\/austriapraemiks\/\" \/>\n<meta property=\"article:modified_time\" content=\"2025-05-28T11:42:31+00:00\" \/>\n<meta property=\"og:image\" content=\"https:\/\/ap.com.al\/wp-content\/uploads\/2022\/03\/Asset-54-1.png\" \/>\n<meta name=\"twitter:card\" content=\"summary_large_image\" \/>\n<meta name=\"twitter:label1\" content=\"Est. reading time\" \/>\n\t<meta name=\"twitter:data1\" content=\"1 minute\" \/>\n<script type=\"application\/ld+json\" class=\"yoast-schema-graph\">{\"@context\":\"https:\/\/schema.org\",\"@graph\":[{\"@type\":\"Organization\",\"@id\":\"https:\/\/ap.com.al\/#organization\",\"name\":\"Austria Preamix\",\"url\":\"https:\/\/ap.com.al\/\",\"sameAs\":[\"https:\/\/www.instagram.com\/austriapraemix\/\",\"https:\/\/www.facebook.com\/austriapraemiks\/\"],\"logo\":{\"@type\":\"ImageObject\",\"inLanguage\":\"en-US\",\"@id\":\"https:\/\/ap.com.al\/#\/schema\/logo\/image\/\",\"url\":\"https:\/\/ap.com.al\/wp-content\/uploads\/2022\/02\/AP-logo.png\",\"contentUrl\":\"https:\/\/ap.com.al\/wp-content\/uploads\/2022\/02\/AP-logo.png\",\"width\":3358,\"height\":1616,\"caption\":\"Austria Preamix\"},\"image\":{\"@id\":\"https:\/\/ap.com.al\/#\/schema\/logo\/image\/\"}},{\"@type\":\"WebSite\",\"@id\":\"https:\/\/ap.com.al\/#website\",\"url\":\"https:\/\/ap.com.al\/\",\"name\":\"Austria Praemix\",\"description\":\"\",\"publisher\":{\"@id\":\"https:\/\/ap.com.al\/#organization\"},\"potentialAction\":[{\"@type\":\"SearchAction\",\"target\":{\"@type\":\"EntryPoint\",\"urlTemplate\":\"https:\/\/ap.com.al\/?s={search_term_string}\"},\"query-input\":\"required name=search_term_string\"}],\"inLanguage\":\"en-US\"},{\"@type\":\"ImageObject\",\"inLanguage\":\"en-US\",\"@id\":\"https:\/\/ap.com.al\/?page_id=9118#primaryimage\",\"url\":\"https:\/\/ap.com.al\/wp-content\/uploads\/2022\/03\/Asset-54-1.png\",\"contentUrl\":\"https:\/\/ap.com.al\/wp-content\/uploads\/2022\/03\/Asset-54-1.png\",\"width\":355,\"height\":354},{\"@type\":\"WebPage\",\"@id\":\"https:\/\/ap.com.al\/?page_id=9118#webpage\",\"url\":\"https:\/\/ap.com.al\/?page_id=9118\",\"name\":\"PERFORMANC\u00cb OPTIMALE MAJM\u00cbRIE DHE THERJEJE-SchaumaLac - Austria Praemix\",\"isPartOf\":{\"@id\":\"https:\/\/ap.com.al\/#website\"},\"primaryImageOfPage\":{\"@id\":\"https:\/\/ap.com.al\/?page_id=9118#primaryimage\"},\"datePublished\":\"2025-05-28T11:42:30+00:00\",\"dateModified\":\"2025-05-28T11:42:31+00:00\",\"breadcrumb\":{\"@id\":\"https:\/\/ap.com.al\/?page_id=9118#breadcrumb\"},\"inLanguage\":\"en-US\",\"potentialAction\":[{\"@type\":\"ReadAction\",\"target\":[\"https:\/\/ap.com.al\/?page_id=9118\"]}]},{\"@type\":\"BreadcrumbList\",\"@id\":\"https:\/\/ap.com.al\/?page_id=9118#breadcrumb\",\"itemListElement\":[{\"@type\":\"ListItem\",\"position\":1,\"name\":\"Home\",\"item\":\"https:\/\/ap.com.al\/\"},{\"@type\":\"ListItem\",\"position\":2,\"name\":\"PERFORMANC\u00cb OPTIMALE MAJM\u00cbRIE DHE THERJEJE-SchaumaLac\"}]}]}<\/script>\n<!-- \/ Yoast SEO plugin. -->","yoast_head_json":{"title":"PERFORMANC\u00cb OPTIMALE MAJM\u00cbRIE DHE THERJEJE-SchaumaLac - Austria Praemix","robots":{"index":"index","follow":"follow","max-snippet":"max-snippet:-1","max-image-preview":"max-image-preview:large","max-video-preview":"max-video-preview:-1"},"canonical":"https:\/\/ap.com.al\/?page_id=9118","og_locale":"en_US","og_type":"article","og_title":"PERFORMANC\u00cb OPTIMALE MAJM\u00cbRIE DHE THERJEJE-SchaumaLac - Austria Praemix","og_description":"PERFORMANC\u00cb OPTIMALE MAJM\u00cbRIE DHE THERJEJE-SchaumaLac P\u00ebrpunuar nga Klevis Xhardja Miratimi n\u00eb nivel t\u00eb BE-s\u00eb i probiotikut t\u00eb ri Bonvital nxiti zhvillimin e produkteve t\u00eb specializuara p\u00ebr strategji t\u00eb ndryshme t\u00eb majm\u00ebris\u00eb. Kjo k\u00ebrkoi optimizimin e t\u00eb gjith\u00eb p\u00ebrb\u00ebr\u00ebsve, duke marr\u00eb parasysh rregulloret e reja ligjore p\u00ebr ushqimin e kafsh\u00ebve. Nj\u00eb v\u00ebmendje e ve\u00e7ant\u00eb iu kushtua [&hellip;]","og_url":"https:\/\/ap.com.al\/?page_id=9118","og_site_name":"Austria Praemix","article_publisher":"https:\/\/www.facebook.com\/austriapraemiks\/","article_modified_time":"2025-05-28T11:42:31+00:00","og_image":[{"url":"https:\/\/ap.com.al\/wp-content\/uploads\/2022\/03\/Asset-54-1.png"}],"twitter_card":"summary_large_image","twitter_misc":{"Est. reading time":"1 minute"},"schema":{"@context":"https:\/\/schema.org","@graph":[{"@type":"Organization","@id":"https:\/\/ap.com.al\/#organization","name":"Austria Preamix","url":"https:\/\/ap.com.al\/","sameAs":["https:\/\/www.instagram.com\/austriapraemix\/","https:\/\/www.facebook.com\/austriapraemiks\/"],"logo":{"@type":"ImageObject","inLanguage":"en-US","@id":"https:\/\/ap.com.al\/#\/schema\/logo\/image\/","url":"https:\/\/ap.com.al\/wp-content\/uploads\/2022\/02\/AP-logo.png","contentUrl":"https:\/\/ap.com.al\/wp-content\/uploads\/2022\/02\/AP-logo.png","width":3358,"height":1616,"caption":"Austria Preamix"},"image":{"@id":"https:\/\/ap.com.al\/#\/schema\/logo\/image\/"}},{"@type":"WebSite","@id":"https:\/\/ap.com.al\/#website","url":"https:\/\/ap.com.al\/","name":"Austria Praemix","description":"","publisher":{"@id":"https:\/\/ap.com.al\/#organization"},"potentialAction":[{"@type":"SearchAction","target":{"@type":"EntryPoint","urlTemplate":"https:\/\/ap.com.al\/?s={search_term_string}"},"query-input":"required name=search_term_string"}],"inLanguage":"en-US"},{"@type":"ImageObject","inLanguage":"en-US","@id":"https:\/\/ap.com.al\/?page_id=9118#primaryimage","url":"https:\/\/ap.com.al\/wp-content\/uploads\/2022\/03\/Asset-54-1.png","contentUrl":"https:\/\/ap.com.al\/wp-content\/uploads\/2022\/03\/Asset-54-1.png","width":355,"height":354},{"@type":"WebPage","@id":"https:\/\/ap.com.al\/?page_id=9118#webpage","url":"https:\/\/ap.com.al\/?page_id=9118","name":"PERFORMANC\u00cb OPTIMALE MAJM\u00cbRIE DHE THERJEJE-SchaumaLac - Austria Praemix","isPartOf":{"@id":"https:\/\/ap.com.al\/#website"},"primaryImageOfPage":{"@id":"https:\/\/ap.com.al\/?page_id=9118#primaryimage"},"datePublished":"2025-05-28T11:42:30+00:00","dateModified":"2025-05-28T11:42:31+00:00","breadcrumb":{"@id":"https:\/\/ap.com.al\/?page_id=9118#breadcrumb"},"inLanguage":"en-US","potentialAction":[{"@type":"ReadAction","target":["https:\/\/ap.com.al\/?page_id=9118"]}]},{"@type":"BreadcrumbList","@id":"https:\/\/ap.com.al\/?page_id=9118#breadcrumb","itemListElement":[{"@type":"ListItem","position":1,"name":"Home","item":"https:\/\/ap.com.al\/"},{"@type":"ListItem","position":2,"name":"PERFORMANC\u00cb OPTIMALE MAJM\u00cbRIE DHE THERJEJE-SchaumaLac"}]}]}},"_links":{"self":[{"href":"https:\/\/ap.com.al\/index.php?rest_route=\/wp\/v2\/pages\/9118","targetHints":{"allow":["GET"]}}],"collection":[{"href":"https:\/\/ap.com.al\/index.php?rest_route=\/wp\/v2\/pages"}],"about":[{"href":"https:\/\/ap.com.al\/index.php?rest_route=\/wp\/v2\/types\/page"}],"author":[{"embeddable":true,"href":"https:\/\/ap.com.al\/index.php?rest_route=\/wp\/v2\/users\/2"}],"replies":[{"embeddable":true,"href":"https:\/\/ap.com.al\/index.php?rest_route=%2Fwp%2Fv2%2Fcomments&post=9118"}],"version-history":[{"count":3,"href":"https:\/\/ap.com.al\/index.php?rest_route=\/wp\/v2\/pages\/9118\/revisions"}],"predecessor-version":[{"id":9127,"href":"https:\/\/ap.com.al\/index.php?rest_route=\/wp\/v2\/pages\/9118\/revisions\/9127"}],"wp:attachment":[{"href":"https:\/\/ap.com.al\/index.php?rest_route=%2Fwp%2Fv2%2Fmedia&parent=9118"}],"curies":[{"name":"wp","href":"https:\/\/api.w.org\/{rel}","templated":true}]}}