{"id":9190,"date":"2025-06-04T11:51:35","date_gmt":"2025-06-04T11:51:35","guid":{"rendered":"https:\/\/ap.com.al\/?page_id=9190"},"modified":"2025-06-04T11:55:18","modified_gmt":"2025-06-04T11:55:18","slug":"biosiguria-ne-fermat-e-derrave-masa-efektive-per-nderprerjen-e-zinxhireve-te-infeksionit","status":"publish","type":"page","link":"https:\/\/ap.com.al\/?page_id=9190","title":{"rendered":"Biosiguria n\u00eb fermat e derrave \u2013 masa efektive p\u00ebr nd\u00ebrprerjen e zinxhir\u00ebve t\u00eb infeksionit"},"content":{"rendered":"\n<p><\/p>\n\n\n\n<p><\/p>\n\n\n\n<style>\n  #oniiii{\n    background-image:url(\"https:\/\/ap.com.al\/wp-content\/uploads\/2025\/06\/Artikull-15.png\");\n    padding-bottom: 32%;\n    background-position:center left;\n    background-repeat: no-repeat;\n    background-size:cover;\n  }\n  <\/style>\n  <script src=\"https:\/\/code.jquery.com\/jquery-3.5.0.js\">\n<\/script>\n\n<div id=\"oniiii\"><\/div>\n \n<script>\n$( \"#oniiii\" ).insertBefore( \".container_wrap_first\" );\n<\/script>\n\n\n\n<div class=\"wp-block-columns\" id=\"containerr\">\n<div class=\"wp-block-column\">\n<div class=\"avia_textblock\" itemprop=\"text\"><h4 style=\"color:#005a8c;\n\">Biosiguria n\u00eb fermat e derrave \u2013 masa efektive p\u00ebr nd\u00ebrprerjen e zinxhir\u00ebve t\u00eb infeksionit<\/h4>\n<p align=\"right\">\n   P\u00ebrpunuar nga Klevis Xhardja\n<\/p>\n<\/div>\n<\/div>\n<\/div>\n\n\n\n<div class=\"wp-block-columns\" id=\"containerr\">\n<div class=\"wp-block-column\">\n<div class=\"detail__certificates-item-icon\">\n<img decoding=\"async\" alt=\"SCHAUMALAC M 70 \" src=\"https:\/\/ap.com.al\/wp-content\/uploads\/2022\/03\/Asset-54-1.png\">\n<\/div>\n<\/div>\n<\/div>\n\n\n\n<div class=\"wp-block-columns\" id=\"containerr\">\n<div class=\"wp-block-column\">\n<figure class=\"wp-block-image size-full\"><img loading=\"lazy\" decoding=\"async\" width=\"903\" height=\"577\" src=\"https:\/\/ap.com.al\/wp-content\/uploads\/2025\/06\/image.png\" alt=\"\" class=\"wp-image-9191\" srcset=\"https:\/\/ap.com.al\/wp-content\/uploads\/2025\/06\/image.png 903w, https:\/\/ap.com.al\/wp-content\/uploads\/2025\/06\/image-300x192.png 300w, https:\/\/ap.com.al\/wp-content\/uploads\/2025\/06\/image-768x491.png 768w, https:\/\/ap.com.al\/wp-content\/uploads\/2025\/06\/image-705x450.png 705w, https:\/\/ap.com.al\/wp-content\/uploads\/2025\/06\/image-450x288.png 450w\" sizes=\"auto, (max-width: 903px) 100vw, 903px\" \/><\/figure>\n\n\n\n<div class=\"blue_marker_list\">\n<p align=\"justify\" style=\"margin-bottom: 0;\">Shpesh nuk \u00ebsht\u00eb e leht\u00eb t\u00eb zbatohet n\u00eb m\u00ebnyr\u00eb konsekuente ndarja &#8220;e zez\u00eb dhe e bardh\u00eb&#8221; dhe t\u00eb nd\u00ebrpriten n\u00eb m\u00ebnyr\u00eb efektive zinxhir\u00ebt e infeksionit, sidomos n\u00eb komplekset blegtorale me shum\u00eb punonj\u00ebs. K\u00ebshillat e m\u00ebposhtme ndihmojn\u00eb n\u00eb k\u00ebt\u00eb drejtim.\n<\/p>\n<p align=\"justify\" style=\"margin-bottom: 0;\">Patogjen\u00ebt mund t\u00eb futen leht\u00ebsisht n\u00eb ferm\u00eb. Si mjedisi, ashtu edhe kafsh\u00ebt e infektuara mund t\u00eb shkaktojn\u00eb (ri)infeksione me patogjen\u00eb. P\u00ebr t\u00eb nd\u00ebrprer\u00eb n\u00eb m\u00ebnyr\u00eb efektive zinxhir\u00ebt e infeksionit, t\u00eb gjith\u00eb punonj\u00ebsit duhet t\u00eb zbatojn\u00eb pa p\u00ebrjashtim ndarjen &#8220;e zez\u00eb dhe e bardh\u00eb&#8221; kur hyjn\u00eb n\u00eb stall\u00eb. Hapat e m\u00ebposht\u00ebm ndihmojn\u00eb p\u00ebr t\u00eb arritur nj\u00eb nivel t\u00eb lart\u00eb t\u00eb biosiguris\u00eb \u2013 edhe n\u00eb fermat me shum\u00eb punonj\u00ebs.\n<\/p>\n<p align=\"justify\" style=\"margin-bottom: 0;\">Patogjen\u00ebt e s\u00ebmundjeve t\u00eb kafsh\u00ebve jan\u00eb n\u00eb gjendje t\u00eb p\u00ebrhapen shpejt n\u00eb distanca t\u00eb gjata. Nj\u00eb rajon me dend\u00ebsi t\u00eb lart\u00eb t\u00eb kafsh\u00ebve \u00ebsht\u00eb i ekspozuar ndaj nj\u00eb presioni m\u00eb t\u00eb lart\u00eb t\u00eb emetimit sesa nj\u00eb rajon me nj\u00eb num\u00ebr t\u00eb vog\u00ebl t\u00eb tyre. Hyrja dhe dalja duhet t\u00eb b\u00ebhen m\u00eb s\u00eb miri n\u00ebp\u00ebrmjet rrug\u00ebve t\u00eb ndryshme. Nj\u00eb mbrojtje n\u00ebp\u00ebrmjet nj\u00eb gardhi ose shkurreje mbron gjithashtu ferm\u00ebn nga automjetet e huaja. Gjat\u00eb nd\u00ebrrimit t\u00eb vendndodhjes, automjetet dhe pajisjet duhet t\u00eb pastrohen dhe dezinfektohen n\u00eb m\u00ebnyr\u00ebn e duhur.\n<p style=\"margin-top: 0;\"><span style=\"font-weight: bold; color: #000000;\">K\u00ebshill\u00eb:<\/span> Sh\u00ebnoni qart\u00eb hyrjen dhe daljen e ferm\u00ebs dhe caktoni vende parkimi.\n<\/p>\n<h4 style=\"padding-top: 20px;\">Shmangia e vendeve t\u00eb lag\u00ebshta n\u00eb ferm\u00eb<\/h4>\n<p align=\"justify\" style=\"margin-bottom: 0;\">Edhe toka p\u00ebrreth nd\u00ebrtes\u00ebs s\u00eb stall\u00ebs ndikon ndoshta n\u00eb sh\u00ebndetin e kafsh\u00ebve n\u00eb stall\u00eb. K\u00ebshillohet q\u00eb uji i larjes t\u00eb grumbullohet dhe t\u00eb mos q\u00ebndroj\u00eb n\u00eb sip\u00ebrfaqen p\u00ebrpara nd\u00ebrtes\u00ebs. Kjo parandalon q\u00eb automjetet ose personat t\u00eb bartin p\u00ebrs\u00ebri n\u00eb stall\u00eb patogjen\u00ebt q\u00eb jan\u00eb larguar m\u00eb her\u00ebt. Pellgjet p\u00ebrb\u00ebjn\u00eb rrezik infeksioni edhe gjat\u00eb periudhave t\u00eb gjata reshjesh. Prandaj, duhet t\u00eb siguroheni q\u00eb sip\u00ebrfaqet pran\u00eb nd\u00ebrtesave t\u00eb thahen shpejt dhe t\u00eb mos lejohet q\u00eb uji t\u00eb ngelet n\u00eb to.\n<p style=\"margin-top: 0;\"><span style=\"font-weight: bold; color: #000000;\">K\u00ebshill\u00eb:<\/span> Mbajeni bim\u00ebsin\u00eb t\u00eb shkurt\u00ebr, mbushni pellgjet dhe g\u00eblqerosni sip\u00ebrfaqet p\u00ebrreth sipas nevoj\u00ebs.\n<\/p>\n<h4 style=\"padding-top: 20px;\">Zbatimi i higjien\u00ebs s\u00eb personelit<\/h4>\n<p align=\"justify\" style=\"margin-bottom: 0;\">Hyrjet higjienike funksionale, si dhe dokumentimi dhe kufizimi i qarkullimit t\u00eb personave, parandalojn\u00eb transmetimin e s\u00ebmundjeve nga vizitor\u00ebt dhe punonj\u00ebsit. Pastrimi dhe dezinfektimi i plot\u00eb i duarve jan\u00eb masa t\u00eb thjeshta, por thelb\u00ebsore p\u00ebr fermer\u00ebt dhe punonj\u00ebsit e tyre. Pastrimi dhe dezinfektimi i duhur k\u00ebrkon koh\u00eb dhe v\u00ebmendje \u2013 nuk duhet t\u00eb harrohen zonat midis gisht\u00ebrinjve, thonjt\u00eb dhe ve\u00e7an\u00ebrisht gishti i madh, i cili p\u00ebrdoret vazhdimisht. Dorezat ofrojn\u00eb nj\u00eb mbrojtje t\u00eb shtuar. Or\u00ebt dhe bizhuterit\u00eb duhet t\u00eb lihen n\u00eb dhom\u00ebn e zhveshjes dhe thonjt\u00eb t\u00eb mbahen t\u00eb shkurt\u00ebr.\n<\/p>\n<h4 style=\"padding-top: 20px;\">Nj\u00eb v\u00ebshtrim i shpejt\u00eb<\/h4>\n<ul style=\"list-style-type: square; padding-left: 1em; margin-bottom: 0;\">\n<li>P\u00ebr t\u00eb nd\u00ebrprer\u00eb n\u00eb m\u00ebnyr\u00eb efektive zinxhir\u00ebt e infeksionit, t\u00eb gjith\u00eb punonj\u00ebsit duhet t\u00eb zbatojn\u00eb n\u00eb m\u00ebnyr\u00eb konsekuente ndarjen &#8220;e zez\u00eb dhe e bardh\u00eb&#8221; kur hyjn\u00eb n\u00eb stall\u00eb.<\/li>\n<li>Sasi t\u00eb m\u00ebdha ndotjesh organike n\u00eb vaskat dezinfektuese p\u00ebr \u00e7izmet mund t\u00eb ndikojn\u00eb n\u00eb efektivitetin e dezinfektuesit.<\/li>\n<li>Duhet t\u00eb siguroheni q\u00eb t\u00eb mos ket\u00eb vende t\u00ebrheq\u00ebse folezimi p\u00ebr brejt\u00ebsit n\u00eb stall\u00eb, si qoshet e fshehura apo mbetje ushqimore posht\u00eb silos\u00ebve.<\/li>\n<li>Kontrollet, si marrja e mostrave apo dokumentimi, ndihmojn\u00eb n\u00eb mbajtjen e nj\u00eb niveli t\u00eb lart\u00eb higjiene p\u00ebr \u00e7do punonj\u00ebs.<\/li>\n<\/ul>\n<p style=\"margin-top: 0;\"><span style=\"font-weight: bold; color: #000000;\">K\u00ebshill\u00eb:<\/span> Merrni seriozisht dokumentimin e vizitave n\u00eb stall\u00eb dhe aplikoni nj\u00eb periudh\u00eb izolimi 48-or\u00ebshe p\u00ebr vizitor\u00ebt e jasht\u00ebm p\u00ebrpara hyrjes n\u00eb ferm\u00eb.\n<\/p>\n<h4 style=\"padding-top: 20px;\">Mir\u00ebmbajtja e rregullt e vaskave dezinfektuese<\/h4>\n<p align=\"justify\" style=\"margin-bottom: 0;\">Kur vaskat p\u00ebrmbajn\u00eb sasi t\u00eb m\u00ebdha ndotjesh organike, efektiviteti i dezinfektuesve zvog\u00eblohet. K\u00ebshillohet q\u00eb vaskat t\u00eb rifreskohen t\u00eb pakt\u00ebn nj\u00eb her\u00eb n\u00eb jav\u00eb dhe \u00e7izmet t\u00eb pastrohen paraprakisht me uj\u00eb ose fur\u00e7\u00eb.\n<p style=\"margin-top: 0;\"><span style=\"font-weight: bold; color: #000000;\">K\u00ebshill\u00eb:<\/span> Vendosni nj\u00eb flet\u00eb t\u00eb laminuar mbi vaskat, ku t\u00eb sh\u00ebnohet data e fundit e rifreskimit t\u00eb solucionit.\n<\/p>\n<h4 style=\"padding-top: 20px;\">P\u00ebrdorimi i materialeve t\u00eb ve\u00e7anta p\u00ebr \u00e7do zon\u00eb pune<\/h4>\n<p align=\"justify\" style=\"margin-bottom: 0;\">Nd\u00ebrrimi i \u00e7izmeve para dhe pas hyrjes n\u00eb stall\u00eb \u00ebsht\u00eb mas\u00eb shum\u00eb efektive. Rekomandohet p\u00ebrdorimi i rrobave, \u00e7izmeve dhe pajisjeve t\u00eb ve\u00e7anta p\u00ebr \u00e7do stall\u00eb apo zon\u00eb pune. Nj\u00eb barrier\u00eb fizike (p.sh., nj\u00eb stol ose nj\u00eb shirit n\u00eb dysheme) ndihmon p\u00ebr t\u00eb organizuar m\u00eb mir\u00eb ndarjen higjienike n\u00eb rrjedh\u00ebn e p\u00ebrditshme t\u00eb pun\u00ebs. \u00c7izmet dhe pajisjet duhet t\u00eb pastrohen dhe dezinfektohen p\u00ebrpara se t\u00eb rip\u00ebrdoren.<\/p>\n\n<h4 style=\"padding-top: 20px;\">Parandalimi konsekuent i kafsh\u00ebve t\u00eb egra dhe d\u00ebmtuesve<\/h4>\n<p align=\"justify\" style=\"margin-bottom: 0;\">Zogjt\u00eb e eg\u00ebr mund t\u00eb fusin patogjen\u00eb si salmonela apo viruse influencash. P\u00ebrdorimi i rrjetave ose telave me gjemba mund t\u00eb parandaloj\u00eb folezimin n\u00ebn \u00e7ati.\n\nBrejt\u00ebsit jan\u00eb gjithashtu bart\u00ebs t\u00eb mundsh\u00ebm t\u00eb patogjen\u00ebve. Parandaloni krijimin e foleve t\u00eb tyre duke eliminuar vendet e fshehta dhe duke mbajtur past\u00ebr zonat posht\u00eb silos\u00ebve.\n\nBrumbujt mund t\u00eb p\u00ebrhapin patogjen\u00eb bakterial\u00eb (si salmonela, E. coli), viral\u00eb (influenca) dhe parazit\u00eb (kokcidia). Kontrolli me kurthe ngjit\u00ebse ndihmon n\u00eb nd\u00ebrhyrjen e hershme.\nSi nj\u00eb mas\u00eb parandaluese, k\u00ebshillohet gjithashtu q\u00eb t\u00eb mbyllen plasaritjet dhe nyjet e zgjerimit n\u00eb mure dhe tavane.\n<p style=\"margin-top: 0;\"><span style=\"font-weight: bold; color: #000000;\">K\u00ebshill\u00eb:<\/span> Caktoni nj\u00eb person p\u00ebrgjegj\u00ebs q\u00eb t\u00eb kontrolloj\u00eb rregullisht piketat kund\u00ebr brejt\u00ebsve dhe t\u00eb kujdeset p\u00ebr rifreskimin e materialeve t\u00eb vendosura brenda tyre.\n<\/p>\n<\/div>\n<\/div>\n<\/div>\n\n\n\n<p><\/p>\n","protected":false},"excerpt":{"rendered":"<p>Biosiguria n\u00eb fermat e derrave \u2013 masa efektive p\u00ebr nd\u00ebrprerjen e zinxhir\u00ebve t\u00eb infeksionit P\u00ebrpunuar nga Klevis Xhardja Shpesh nuk \u00ebsht\u00eb e leht\u00eb t\u00eb zbatohet n\u00eb m\u00ebnyr\u00eb konsekuente ndarja &#8220;e zez\u00eb dhe e bardh\u00eb&#8221; dhe t\u00eb nd\u00ebrpriten n\u00eb m\u00ebnyr\u00eb efektive zinxhir\u00ebt e infeksionit, sidomos n\u00eb komplekset blegtorale me shum\u00eb punonj\u00ebs. K\u00ebshillat e m\u00ebposhtme ndihmojn\u00eb n\u00eb [&hellip;]<\/p>\n","protected":false},"author":2,"featured_media":0,"parent":0,"menu_order":0,"comment_status":"closed","ping_status":"closed","template":"","meta":{"inline_featured_image":false,"footnotes":""},"class_list":["post-9190","page","type-page","status-publish","hentry"],"yoast_head":"<!-- This site is optimized with the Yoast SEO plugin v18.9 - https:\/\/yoast.com\/wordpress\/plugins\/seo\/ -->\n<title>Biosiguria n\u00eb fermat e derrave \u2013 masa efektive p\u00ebr nd\u00ebrprerjen e zinxhir\u00ebve t\u00eb infeksionit - Austria Praemix<\/title>\n<meta name=\"robots\" content=\"index, follow, max-snippet:-1, max-image-preview:large, max-video-preview:-1\" \/>\n<link rel=\"canonical\" href=\"https:\/\/ap.com.al\/?page_id=9190\" \/>\n<meta property=\"og:locale\" content=\"en_US\" \/>\n<meta property=\"og:type\" content=\"article\" \/>\n<meta property=\"og:title\" content=\"Biosiguria n\u00eb fermat e derrave \u2013 masa efektive p\u00ebr nd\u00ebrprerjen e zinxhir\u00ebve t\u00eb infeksionit - Austria Praemix\" \/>\n<meta property=\"og:description\" content=\"Biosiguria n\u00eb fermat e derrave \u2013 masa efektive p\u00ebr nd\u00ebrprerjen e zinxhir\u00ebve t\u00eb infeksionit P\u00ebrpunuar nga Klevis Xhardja Shpesh nuk \u00ebsht\u00eb e leht\u00eb t\u00eb zbatohet n\u00eb m\u00ebnyr\u00eb konsekuente ndarja &#8220;e zez\u00eb dhe e bardh\u00eb&#8221; dhe t\u00eb nd\u00ebrpriten n\u00eb m\u00ebnyr\u00eb efektive zinxhir\u00ebt e infeksionit, sidomos n\u00eb komplekset blegtorale me shum\u00eb punonj\u00ebs. K\u00ebshillat e m\u00ebposhtme ndihmojn\u00eb n\u00eb [&hellip;]\" \/>\n<meta property=\"og:url\" content=\"https:\/\/ap.com.al\/?page_id=9190\" \/>\n<meta property=\"og:site_name\" content=\"Austria Praemix\" \/>\n<meta property=\"article:publisher\" content=\"https:\/\/www.facebook.com\/austriapraemiks\/\" \/>\n<meta property=\"article:modified_time\" content=\"2025-06-04T11:55:18+00:00\" \/>\n<meta property=\"og:image\" content=\"https:\/\/ap.com.al\/wp-content\/uploads\/2022\/03\/Asset-54-1.png\" \/>\n<meta name=\"twitter:card\" content=\"summary_large_image\" \/>\n<meta name=\"twitter:label1\" content=\"Est. reading time\" \/>\n\t<meta name=\"twitter:data1\" content=\"1 minute\" \/>\n<script type=\"application\/ld+json\" class=\"yoast-schema-graph\">{\"@context\":\"https:\/\/schema.org\",\"@graph\":[{\"@type\":\"Organization\",\"@id\":\"https:\/\/ap.com.al\/#organization\",\"name\":\"Austria Preamix\",\"url\":\"https:\/\/ap.com.al\/\",\"sameAs\":[\"https:\/\/www.instagram.com\/austriapraemix\/\",\"https:\/\/www.facebook.com\/austriapraemiks\/\"],\"logo\":{\"@type\":\"ImageObject\",\"inLanguage\":\"en-US\",\"@id\":\"https:\/\/ap.com.al\/#\/schema\/logo\/image\/\",\"url\":\"https:\/\/ap.com.al\/wp-content\/uploads\/2022\/02\/AP-logo.png\",\"contentUrl\":\"https:\/\/ap.com.al\/wp-content\/uploads\/2022\/02\/AP-logo.png\",\"width\":3358,\"height\":1616,\"caption\":\"Austria Preamix\"},\"image\":{\"@id\":\"https:\/\/ap.com.al\/#\/schema\/logo\/image\/\"}},{\"@type\":\"WebSite\",\"@id\":\"https:\/\/ap.com.al\/#website\",\"url\":\"https:\/\/ap.com.al\/\",\"name\":\"Austria Praemix\",\"description\":\"\",\"publisher\":{\"@id\":\"https:\/\/ap.com.al\/#organization\"},\"potentialAction\":[{\"@type\":\"SearchAction\",\"target\":{\"@type\":\"EntryPoint\",\"urlTemplate\":\"https:\/\/ap.com.al\/?s={search_term_string}\"},\"query-input\":\"required name=search_term_string\"}],\"inLanguage\":\"en-US\"},{\"@type\":\"ImageObject\",\"inLanguage\":\"en-US\",\"@id\":\"https:\/\/ap.com.al\/?page_id=9190#primaryimage\",\"url\":\"https:\/\/ap.com.al\/wp-content\/uploads\/2022\/03\/Asset-54-1.png\",\"contentUrl\":\"https:\/\/ap.com.al\/wp-content\/uploads\/2022\/03\/Asset-54-1.png\",\"width\":355,\"height\":354},{\"@type\":\"WebPage\",\"@id\":\"https:\/\/ap.com.al\/?page_id=9190#webpage\",\"url\":\"https:\/\/ap.com.al\/?page_id=9190\",\"name\":\"Biosiguria n\u00eb fermat e derrave \u2013 masa efektive p\u00ebr nd\u00ebrprerjen e zinxhir\u00ebve t\u00eb infeksionit - Austria Praemix\",\"isPartOf\":{\"@id\":\"https:\/\/ap.com.al\/#website\"},\"primaryImageOfPage\":{\"@id\":\"https:\/\/ap.com.al\/?page_id=9190#primaryimage\"},\"datePublished\":\"2025-06-04T11:51:35+00:00\",\"dateModified\":\"2025-06-04T11:55:18+00:00\",\"breadcrumb\":{\"@id\":\"https:\/\/ap.com.al\/?page_id=9190#breadcrumb\"},\"inLanguage\":\"en-US\",\"potentialAction\":[{\"@type\":\"ReadAction\",\"target\":[\"https:\/\/ap.com.al\/?page_id=9190\"]}]},{\"@type\":\"BreadcrumbList\",\"@id\":\"https:\/\/ap.com.al\/?page_id=9190#breadcrumb\",\"itemListElement\":[{\"@type\":\"ListItem\",\"position\":1,\"name\":\"Home\",\"item\":\"https:\/\/ap.com.al\/\"},{\"@type\":\"ListItem\",\"position\":2,\"name\":\"Biosiguria n\u00eb fermat e derrave \u2013 masa efektive p\u00ebr nd\u00ebrprerjen e zinxhir\u00ebve t\u00eb infeksionit\"}]}]}<\/script>\n<!-- \/ Yoast SEO plugin. -->","yoast_head_json":{"title":"Biosiguria n\u00eb fermat e derrave \u2013 masa efektive p\u00ebr nd\u00ebrprerjen e zinxhir\u00ebve t\u00eb infeksionit - Austria Praemix","robots":{"index":"index","follow":"follow","max-snippet":"max-snippet:-1","max-image-preview":"max-image-preview:large","max-video-preview":"max-video-preview:-1"},"canonical":"https:\/\/ap.com.al\/?page_id=9190","og_locale":"en_US","og_type":"article","og_title":"Biosiguria n\u00eb fermat e derrave \u2013 masa efektive p\u00ebr nd\u00ebrprerjen e zinxhir\u00ebve t\u00eb infeksionit - Austria Praemix","og_description":"Biosiguria n\u00eb fermat e derrave \u2013 masa efektive p\u00ebr nd\u00ebrprerjen e zinxhir\u00ebve t\u00eb infeksionit P\u00ebrpunuar nga Klevis Xhardja Shpesh nuk \u00ebsht\u00eb e leht\u00eb t\u00eb zbatohet n\u00eb m\u00ebnyr\u00eb konsekuente ndarja &#8220;e zez\u00eb dhe e bardh\u00eb&#8221; dhe t\u00eb nd\u00ebrpriten n\u00eb m\u00ebnyr\u00eb efektive zinxhir\u00ebt e infeksionit, sidomos n\u00eb komplekset blegtorale me shum\u00eb punonj\u00ebs. K\u00ebshillat e m\u00ebposhtme ndihmojn\u00eb n\u00eb [&hellip;]","og_url":"https:\/\/ap.com.al\/?page_id=9190","og_site_name":"Austria Praemix","article_publisher":"https:\/\/www.facebook.com\/austriapraemiks\/","article_modified_time":"2025-06-04T11:55:18+00:00","og_image":[{"url":"https:\/\/ap.com.al\/wp-content\/uploads\/2022\/03\/Asset-54-1.png"}],"twitter_card":"summary_large_image","twitter_misc":{"Est. reading time":"1 minute"},"schema":{"@context":"https:\/\/schema.org","@graph":[{"@type":"Organization","@id":"https:\/\/ap.com.al\/#organization","name":"Austria Preamix","url":"https:\/\/ap.com.al\/","sameAs":["https:\/\/www.instagram.com\/austriapraemix\/","https:\/\/www.facebook.com\/austriapraemiks\/"],"logo":{"@type":"ImageObject","inLanguage":"en-US","@id":"https:\/\/ap.com.al\/#\/schema\/logo\/image\/","url":"https:\/\/ap.com.al\/wp-content\/uploads\/2022\/02\/AP-logo.png","contentUrl":"https:\/\/ap.com.al\/wp-content\/uploads\/2022\/02\/AP-logo.png","width":3358,"height":1616,"caption":"Austria Preamix"},"image":{"@id":"https:\/\/ap.com.al\/#\/schema\/logo\/image\/"}},{"@type":"WebSite","@id":"https:\/\/ap.com.al\/#website","url":"https:\/\/ap.com.al\/","name":"Austria Praemix","description":"","publisher":{"@id":"https:\/\/ap.com.al\/#organization"},"potentialAction":[{"@type":"SearchAction","target":{"@type":"EntryPoint","urlTemplate":"https:\/\/ap.com.al\/?s={search_term_string}"},"query-input":"required name=search_term_string"}],"inLanguage":"en-US"},{"@type":"ImageObject","inLanguage":"en-US","@id":"https:\/\/ap.com.al\/?page_id=9190#primaryimage","url":"https:\/\/ap.com.al\/wp-content\/uploads\/2022\/03\/Asset-54-1.png","contentUrl":"https:\/\/ap.com.al\/wp-content\/uploads\/2022\/03\/Asset-54-1.png","width":355,"height":354},{"@type":"WebPage","@id":"https:\/\/ap.com.al\/?page_id=9190#webpage","url":"https:\/\/ap.com.al\/?page_id=9190","name":"Biosiguria n\u00eb fermat e derrave \u2013 masa efektive p\u00ebr nd\u00ebrprerjen e zinxhir\u00ebve t\u00eb infeksionit - Austria Praemix","isPartOf":{"@id":"https:\/\/ap.com.al\/#website"},"primaryImageOfPage":{"@id":"https:\/\/ap.com.al\/?page_id=9190#primaryimage"},"datePublished":"2025-06-04T11:51:35+00:00","dateModified":"2025-06-04T11:55:18+00:00","breadcrumb":{"@id":"https:\/\/ap.com.al\/?page_id=9190#breadcrumb"},"inLanguage":"en-US","potentialAction":[{"@type":"ReadAction","target":["https:\/\/ap.com.al\/?page_id=9190"]}]},{"@type":"BreadcrumbList","@id":"https:\/\/ap.com.al\/?page_id=9190#breadcrumb","itemListElement":[{"@type":"ListItem","position":1,"name":"Home","item":"https:\/\/ap.com.al\/"},{"@type":"ListItem","position":2,"name":"Biosiguria n\u00eb fermat e derrave \u2013 masa efektive p\u00ebr nd\u00ebrprerjen e zinxhir\u00ebve t\u00eb infeksionit"}]}]}},"_links":{"self":[{"href":"https:\/\/ap.com.al\/index.php?rest_route=\/wp\/v2\/pages\/9190","targetHints":{"allow":["GET"]}}],"collection":[{"href":"https:\/\/ap.com.al\/index.php?rest_route=\/wp\/v2\/pages"}],"about":[{"href":"https:\/\/ap.com.al\/index.php?rest_route=\/wp\/v2\/types\/page"}],"author":[{"embeddable":true,"href":"https:\/\/ap.com.al\/index.php?rest_route=\/wp\/v2\/users\/2"}],"replies":[{"embeddable":true,"href":"https:\/\/ap.com.al\/index.php?rest_route=%2Fwp%2Fv2%2Fcomments&post=9190"}],"version-history":[{"count":25,"href":"https:\/\/ap.com.al\/index.php?rest_route=\/wp\/v2\/pages\/9190\/revisions"}],"predecessor-version":[{"id":9217,"href":"https:\/\/ap.com.al\/index.php?rest_route=\/wp\/v2\/pages\/9190\/revisions\/9217"}],"wp:attachment":[{"href":"https:\/\/ap.com.al\/index.php?rest_route=%2Fwp%2Fv2%2Fmedia&parent=9190"}],"curies":[{"name":"wp","href":"https:\/\/api.w.org\/{rel}","templated":true}]}}