{"id":9220,"date":"2025-06-05T12:06:22","date_gmt":"2025-06-05T12:06:22","guid":{"rendered":"https:\/\/ap.com.al\/?page_id=9220"},"modified":"2025-06-05T12:06:22","modified_gmt":"2025-06-05T12:06:22","slug":"permiresimi-i-rendimenteve-dhe-shfrytezimi-i-potencialeve-gjenetik","status":"publish","type":"page","link":"https:\/\/ap.com.al\/?page_id=9220","title":{"rendered":"P\u00ebrmir\u00ebsimi i rendimenteve dhe shfryt\u00ebzimi i potencialeve gjenetik"},"content":{"rendered":"\n<style>\n  #oniiii{\n    background-image:url(\"https:\/\/ap.com.al\/wp-content\/uploads\/2025\/06\/Artikull-16.png\");\n    padding-bottom: 32%;\n    background-position:center center;\n    background-repeat: no-repeat;\n    background-size:cover;\n  }\n  <\/style>\n  <script src=\"https:\/\/code.jquery.com\/jquery-3.5.0.js\">\n<\/script>\n\n<div id=\"oniiii\"><\/div>\n \n<script>\n$( \"#oniiii\" ).insertBefore( \".container_wrap_first\" );\n<\/script>\n\n\n\n<div class=\"wp-block-columns\" id=\"containerr\">\n<div class=\"wp-block-column\">\n<div class=\"avia_textblock\" itemprop=\"text\"><h4 style=\"color:#005a8c;\n\">P\u00ebrmir\u00ebsimi i rendimenteve dhe shfryt\u00ebzimi i potencialeve gjenetike: Rruga drejt 7,000 litrave qum\u00ebsht dhe m\u00eb shum\u00eb<\/h4>\n<p align=\"right\">\n   P\u00ebrpunuar nga Klevis Xhardja\n<\/p>\n<\/div>\n<\/div>\n<\/div>\n\n\n\n<div class=\"wp-block-columns\" id=\"containerr\">\n<div class=\"wp-block-column\">\n<div class=\"detail__certificates-item-icon\">\n<img decoding=\"async\" alt=\"Icon RINDAMAST UNI\" src=\"https:\/\/ap.com.al\/wp-content\/uploads\/2022\/03\/Asset-51-1.png\">\n<\/div>\n<\/div>\n<\/div>\n\n\n\n<div class=\"wp-block-columns\" id=\"containerr\">\n<div class=\"wp-block-column\">\n<div class=\"blue_marker_list\">\n<h4 style=\"padding-top: 20px;\">Hyrje:<\/h4>\n<p align=\"justify\">N\u00eb sfid\u00ebn e vazhdueshme t\u00eb bujq\u00ebsis\u00eb moderne, rritja e rendimentit t\u00eb qum\u00ebshtit mbetet nj\u00eb objektiv par\u00ebsor p\u00ebr fermer\u00ebt. Me p\u00ebrparimet e konsiderueshme n\u00eb mbar\u00ebshtimin e kafsh\u00ebve dhe menaxhimin e tufave, rendimentet mesatare kan\u00eb arritur nivele t\u00eb larta, duke shpesh kaluar shifr\u00ebn e 8,000 litrave qum\u00ebsht p\u00ebr lop\u00eb. Megjithat\u00eb, p\u00ebr t\u00eb shfryt\u00ebzuar potencialin e plot\u00eb gjenetik t\u00eb k\u00ebtyre kafsh\u00ebve, \u00ebsht\u00eb thelb\u00ebsore t\u00eb optimizojm\u00eb ushqimin dhe konservimin e foragjereve. Ky artikull synon t\u00eb ofroj\u00eb nj\u00eb udh\u00ebzues t\u00eb detajuar p\u00ebr fermer\u00ebt shqiptar\u00eb, duke shpjeguar teknikat dhe strategjit\u00eb m\u00eb efektive p\u00ebr t\u00eb rritur rendimentin e qum\u00ebshtit n\u00ebp\u00ebrmjet menaxhimit t\u00eb duhur t\u00eb foragjereve.\n<\/p>\n<h4 style=\"padding-top: 20px;\">R\u00ebnd\u00ebsia e koh\u00ebs s\u00eb korrjes dhe cil\u00ebsis\u00eb s\u00eb silazhit:<\/h4>\n<ul style=\"list-style-type: square; padding-left: 1em; margin-bottom: 0;\">\n<li>Koha e korrjes: Faktor vendimtar p\u00ebr rendimentin:<\/li>\n<br= margin-bottom: 0;\">o Koha e korrjes s\u00eb foragjereve luan nj\u00eb rol kritik n\u00eb p\u00ebrcaktimin e rendimentit t\u00eb qum\u00ebshtit. Vonesat n\u00eb korrje mund t\u00eb rezultojn\u00eb n\u00eb humbje t\u00eb konsiderueshme t\u00eb prodhimit, pasi foragjeret humbasin vler\u00ebn e tyre ushqyese me kalimin e koh\u00ebs.<\/br>\n<br=margin-bottom: 0;>o\tKorrja e hershme, ve\u00e7an\u00ebrisht e kos\u00ebs s\u00eb par\u00eb, siguron foragjere me cil\u00ebsi t\u00eb lart\u00eb, t\u00eb pasura me energji dhe t\u00eb ul\u00ebta n\u00eb celuloz\u00eb. Kjo \u00ebsht\u00eb thelb\u00ebsore p\u00ebr t\u00eb p\u00ebrmbushur nevojat ushqyese t\u00eb lop\u00ebve me rendiment t\u00eb lart\u00eb.<\/br>\n<br=margin-bottom: 0;>o\tNj\u00eb vones\u00eb prej vet\u00ebm disa dit\u00ebsh, mund t\u00eb sjell\u00eb nj\u00eb ulje t\u00eb ndjeshme te vlerave ushqyese t\u00eb kullot\u00ebs.<\/br>\n<li>Cil\u00ebsia e silazhit: Themeli i ushqimit cil\u00ebsor: <\/li>\n<br=margin-bottom: 0;>o\tSilazhi cil\u00ebsor, me p\u00ebrmbajtje t\u00eb ul\u00ebt celuloze, \u00ebsht\u00eb thelb\u00ebsor p\u00ebr t\u00eb mb\u00ebshtetur prodhimin e lart\u00eb t\u00eb qum\u00ebshtit.<\/br>\n<br=margin-bottom: 0;>o\tTeknika e duhur e konservimit, duke p\u00ebrfshir\u00eb prerjen e shkurt\u00ebr t\u00eb kasht\u00ebs dhe ngjeshjen optimale, maksimizon vler\u00ebn ushqyese t\u00eb silazhit dhe parandalon humbjet e energjis\u00eb.<\/br>\n<br=margin-bottom: 0;>o\tNj\u00eb silazh i p\u00ebrgatitur n\u00eb m\u00ebnyr\u00eb t\u00eb duhur, rrit tretshm\u00ebrin\u00eb e ushqimit, dhe si pasoj\u00eb rrit ndjesh\u00ebm prodhimin e qum\u00ebshtit.<\/br>\n<\/ul>\n<h4 style=\"padding-top: 20px;\">Misri i silazhuar: Burim i pasur energjie:<\/h4>\n<ul style=\"list-style-type: square; padding-left: 1em; margin-bottom: 0;\">\n<li>Prerja e lart\u00eb e kallamishteve: Maksimizimi i vler\u00ebs energjetike: <\/li>\n<br=margin-bottom: 0;>o\tPrerja e lart\u00eb e kallamishteve t\u00eb misrit, duke p\u00ebrfshir\u00eb ko\u00e7an\u00ebt, siguron nj\u00eb burim t\u00eb pasur energjie p\u00ebr lop\u00ebt.<\/br>\n<br=margin-bottom: 0;>o\tEksperimentet kan\u00eb treguar se kjo teknik\u00eb rrit ndjesh\u00ebm vler\u00ebn ushqyese t\u00eb silazhit t\u00eb misrit, duke siguruar nj\u00eb ushqim t\u00eb pasur me energji p\u00ebr lop\u00ebt.<\/br>\n<br=margin-bottom: 0;>o\tP\u00ebrfshirja e ko\u00e7anit n\u00eb silazh, rrit n\u00eb m\u00ebnyr\u00eb t\u00eb konsiderueshme vlerat energjetike.<\/br>\n<li>Zgjedhja e llojit t\u00eb misrit: Optimizimi i cil\u00ebsis\u00eb: <\/li>\n<br=margin-bottom: 0;>o\tZgjedhja e llojeve t\u00eb misrit me kokrra dhe bosht t\u00eb holl\u00eb mund t\u00eb optimizoj\u00eb m\u00eb tej vler\u00ebn energjetike t\u00eb silazhit.<\/br>\n<br=margin-bottom: 0;>o\tLlojet e misrit me bosht t\u00eb holl\u00eb, rrisin nivelin e energjis\u00eb, dhe ndihmojn\u00eb n\u00eb nj\u00eb ngjeshje m\u00eb t\u00eb mir\u00eb t\u00eb silazhit.<\/br>\n<\/ul>\n<h4 style=\"padding-top: 20px;\">Ngjeshja dhe izolimi optimal: Parandalojn\u00eb humbjet:<\/h4>\n<ul style=\"list-style-type: square; padding-left: 1em; margin-bottom: 0;\">\n<li>Ngjeshja e duhur: Sigurimi i fermentimit t\u00eb sh\u00ebndetsh\u00ebm:  <\/li>\n<br=margin-bottom: 0;>o\tNgjeshja e duhur e silazhit \u00ebsht\u00eb thelb\u00ebsore p\u00ebr t\u00eb parandaluar humbjet e energjis\u00eb dhe p\u00ebr t\u00eb siguruar nj\u00eb fermentim t\u00eb sh\u00ebndetsh\u00ebm.<\/br>\n<br=margin-bottom: 0;>o\tP\u00ebrdorimi i rrulave t\u00eb r\u00ebnda dhe gomave t\u00eb ngushta rrit efikasitetin e ngjeshjes, duke siguruar nj\u00eb silazh t\u00eb cil\u00ebsis\u00eb s\u00eb lart\u00eb.<\/br>\n<br=margin-bottom: 0;>o\tNj\u00eb ngjeshje e duhur, b\u00ebn t\u00eb mundur eleminimin e oksigjenit, dhe si pasoj\u00eb parandalon shfaqjen e mykut, dhe kalb\u00ebzimin e silazhit.<\/br>\n<li>Prerja e shkurt\u00ebr e kasht\u00ebs: P\u00ebrmir\u00ebsimi i tretjes:  <\/li>\n<br=margin-bottom: 0;>o\tPrerja sa m\u00eb e shkurt\u00ebr e kasht\u00ebs rrit cil\u00ebsin\u00eb e silazhit dhe e b\u00ebn m\u00eb t\u00eb leht\u00eb tretjen nga kafsha.<\/br>\n<br=margin-bottom: 0;>o\tMakinerit\u00eb moderne t\u00eb silazhimit mund\u00ebsojn\u00eb prerje t\u00eb shkurtra dhe t\u00eb nj\u00ebtrajtshme, duke siguruar nj\u00eb silazh me cil\u00ebsi optimale.<\/br>\n<br=margin-bottom: 0;>o\tKashta e cop\u00ebtuar n\u00eb copa t\u00eb shkurtra, rrit sip\u00ebrfaqen e fermentimit, dhe si pasoj\u00eb rrit cil\u00ebsin\u00eb e silazhit.<\/br>\n<\/ul>\n<h4 style=\"padding-top: 20px;\">P\u00ebrmbledhje dhe rekomandime:<\/h4>\n<ul style=\"list-style-type: square; padding-left: 1em; margin-bottom: 0;\">\n<li>P\u00ebr t\u00eb arritur rendimente t\u00eb larta t\u00eb qum\u00ebshtit, fermer\u00ebt duhet t\u00eb p\u00ebrqendrohen n\u00eb optimizimin e ushqimit voluminoz. <\/li>\n<li>Koha e duhur e korrjes, silazhi cil\u00ebsor dhe ngjeshja optimale jan\u00eb faktor\u00eb ky\u00e7 n\u00eb k\u00ebt\u00eb proces. <\/li>\n<li>Zgjedhja e llojeve t\u00eb misrit me kokrra dhe prerja e lart\u00eb e kallamishteve rrisin vler\u00ebn ushqyese t\u00eb silazhit t\u00eb misrit.<\/li>\n<li>P\u00ebrdorimi i produkteve tona, t\u00eb cilat jan\u00eb t\u00eb testuara dhe t\u00eb nj\u00eb cil\u00ebsie t\u00eb lart\u00eb, do t\u00eb ndihmoj\u00eb n\u00eb rritjen e ndjeshme t\u00eb prodhimit t\u00eb qum\u00ebshtit.<\/li>\n<li>Ne ju ftojm\u00eb t\u00eb na kontaktoni, q\u00eb t\u00eb ju ofrojm\u00eb konsulta t\u00eb specializuara, p\u00ebr t\u00eb rritur sa m\u00eb shum\u00eb prodhimin tuaj.<\/li>\n<\/div>\n<\/div>\n<\/div>\n\n\n\n<p><\/p>\n","protected":false},"excerpt":{"rendered":"<p>P\u00ebrmir\u00ebsimi i rendimenteve dhe shfryt\u00ebzimi i potencialeve gjenetike: Rruga drejt 7,000 litrave qum\u00ebsht dhe m\u00eb shum\u00eb P\u00ebrpunuar nga Klevis Xhardja Hyrje: N\u00eb sfid\u00ebn e vazhdueshme t\u00eb bujq\u00ebsis\u00eb moderne, rritja e rendimentit t\u00eb qum\u00ebshtit mbetet nj\u00eb objektiv par\u00ebsor p\u00ebr fermer\u00ebt. Me p\u00ebrparimet e konsiderueshme n\u00eb mbar\u00ebshtimin e kafsh\u00ebve dhe menaxhimin e tufave, rendimentet mesatare kan\u00eb arritur [&hellip;]<\/p>\n","protected":false},"author":2,"featured_media":0,"parent":0,"menu_order":0,"comment_status":"closed","ping_status":"closed","template":"","meta":{"inline_featured_image":false,"footnotes":""},"class_list":["post-9220","page","type-page","status-publish","hentry"],"yoast_head":"<!-- This site is optimized with the Yoast SEO plugin v18.9 - https:\/\/yoast.com\/wordpress\/plugins\/seo\/ -->\n<title>P\u00ebrmir\u00ebsimi i rendimenteve dhe shfryt\u00ebzimi i potencialeve gjenetik - Austria Praemix<\/title>\n<meta name=\"robots\" content=\"index, follow, max-snippet:-1, max-image-preview:large, max-video-preview:-1\" \/>\n<link rel=\"canonical\" href=\"https:\/\/ap.com.al\/?page_id=9220\" \/>\n<meta property=\"og:locale\" content=\"en_US\" \/>\n<meta property=\"og:type\" content=\"article\" \/>\n<meta property=\"og:title\" content=\"P\u00ebrmir\u00ebsimi i rendimenteve dhe shfryt\u00ebzimi i potencialeve gjenetik - Austria Praemix\" \/>\n<meta property=\"og:description\" content=\"P\u00ebrmir\u00ebsimi i rendimenteve dhe shfryt\u00ebzimi i potencialeve gjenetike: Rruga drejt 7,000 litrave qum\u00ebsht dhe m\u00eb shum\u00eb P\u00ebrpunuar nga Klevis Xhardja Hyrje: N\u00eb sfid\u00ebn e vazhdueshme t\u00eb bujq\u00ebsis\u00eb moderne, rritja e rendimentit t\u00eb qum\u00ebshtit mbetet nj\u00eb objektiv par\u00ebsor p\u00ebr fermer\u00ebt. Me p\u00ebrparimet e konsiderueshme n\u00eb mbar\u00ebshtimin e kafsh\u00ebve dhe menaxhimin e tufave, rendimentet mesatare kan\u00eb arritur [&hellip;]\" \/>\n<meta property=\"og:url\" content=\"https:\/\/ap.com.al\/?page_id=9220\" \/>\n<meta property=\"og:site_name\" content=\"Austria Praemix\" \/>\n<meta property=\"article:publisher\" content=\"https:\/\/www.facebook.com\/austriapraemiks\/\" \/>\n<meta property=\"og:image\" content=\"https:\/\/ap.com.al\/wp-content\/uploads\/2022\/03\/Asset-51-1.png\" \/>\n<meta name=\"twitter:card\" content=\"summary_large_image\" \/>\n<meta name=\"twitter:label1\" content=\"Est. reading time\" \/>\n\t<meta name=\"twitter:data1\" content=\"1 minute\" \/>\n<script type=\"application\/ld+json\" class=\"yoast-schema-graph\">{\"@context\":\"https:\/\/schema.org\",\"@graph\":[{\"@type\":\"Organization\",\"@id\":\"https:\/\/ap.com.al\/#organization\",\"name\":\"Austria Preamix\",\"url\":\"https:\/\/ap.com.al\/\",\"sameAs\":[\"https:\/\/www.instagram.com\/austriapraemix\/\",\"https:\/\/www.facebook.com\/austriapraemiks\/\"],\"logo\":{\"@type\":\"ImageObject\",\"inLanguage\":\"en-US\",\"@id\":\"https:\/\/ap.com.al\/#\/schema\/logo\/image\/\",\"url\":\"https:\/\/ap.com.al\/wp-content\/uploads\/2022\/02\/AP-logo.png\",\"contentUrl\":\"https:\/\/ap.com.al\/wp-content\/uploads\/2022\/02\/AP-logo.png\",\"width\":3358,\"height\":1616,\"caption\":\"Austria Preamix\"},\"image\":{\"@id\":\"https:\/\/ap.com.al\/#\/schema\/logo\/image\/\"}},{\"@type\":\"WebSite\",\"@id\":\"https:\/\/ap.com.al\/#website\",\"url\":\"https:\/\/ap.com.al\/\",\"name\":\"Austria Praemix\",\"description\":\"\",\"publisher\":{\"@id\":\"https:\/\/ap.com.al\/#organization\"},\"potentialAction\":[{\"@type\":\"SearchAction\",\"target\":{\"@type\":\"EntryPoint\",\"urlTemplate\":\"https:\/\/ap.com.al\/?s={search_term_string}\"},\"query-input\":\"required name=search_term_string\"}],\"inLanguage\":\"en-US\"},{\"@type\":\"ImageObject\",\"inLanguage\":\"en-US\",\"@id\":\"https:\/\/ap.com.al\/?page_id=9220#primaryimage\",\"url\":\"https:\/\/ap.com.al\/wp-content\/uploads\/2022\/03\/Asset-51-1.png\",\"contentUrl\":\"https:\/\/ap.com.al\/wp-content\/uploads\/2022\/03\/Asset-51-1.png\",\"width\":355,\"height\":354},{\"@type\":\"WebPage\",\"@id\":\"https:\/\/ap.com.al\/?page_id=9220#webpage\",\"url\":\"https:\/\/ap.com.al\/?page_id=9220\",\"name\":\"P\u00ebrmir\u00ebsimi i rendimenteve dhe shfryt\u00ebzimi i potencialeve gjenetik - Austria Praemix\",\"isPartOf\":{\"@id\":\"https:\/\/ap.com.al\/#website\"},\"primaryImageOfPage\":{\"@id\":\"https:\/\/ap.com.al\/?page_id=9220#primaryimage\"},\"datePublished\":\"2025-06-05T12:06:22+00:00\",\"dateModified\":\"2025-06-05T12:06:22+00:00\",\"breadcrumb\":{\"@id\":\"https:\/\/ap.com.al\/?page_id=9220#breadcrumb\"},\"inLanguage\":\"en-US\",\"potentialAction\":[{\"@type\":\"ReadAction\",\"target\":[\"https:\/\/ap.com.al\/?page_id=9220\"]}]},{\"@type\":\"BreadcrumbList\",\"@id\":\"https:\/\/ap.com.al\/?page_id=9220#breadcrumb\",\"itemListElement\":[{\"@type\":\"ListItem\",\"position\":1,\"name\":\"Home\",\"item\":\"https:\/\/ap.com.al\/\"},{\"@type\":\"ListItem\",\"position\":2,\"name\":\"P\u00ebrmir\u00ebsimi i rendimenteve dhe shfryt\u00ebzimi i potencialeve gjenetik\"}]}]}<\/script>\n<!-- \/ Yoast SEO plugin. -->","yoast_head_json":{"title":"P\u00ebrmir\u00ebsimi i rendimenteve dhe shfryt\u00ebzimi i potencialeve gjenetik - Austria Praemix","robots":{"index":"index","follow":"follow","max-snippet":"max-snippet:-1","max-image-preview":"max-image-preview:large","max-video-preview":"max-video-preview:-1"},"canonical":"https:\/\/ap.com.al\/?page_id=9220","og_locale":"en_US","og_type":"article","og_title":"P\u00ebrmir\u00ebsimi i rendimenteve dhe shfryt\u00ebzimi i potencialeve gjenetik - Austria Praemix","og_description":"P\u00ebrmir\u00ebsimi i rendimenteve dhe shfryt\u00ebzimi i potencialeve gjenetike: Rruga drejt 7,000 litrave qum\u00ebsht dhe m\u00eb shum\u00eb P\u00ebrpunuar nga Klevis Xhardja Hyrje: N\u00eb sfid\u00ebn e vazhdueshme t\u00eb bujq\u00ebsis\u00eb moderne, rritja e rendimentit t\u00eb qum\u00ebshtit mbetet nj\u00eb objektiv par\u00ebsor p\u00ebr fermer\u00ebt. Me p\u00ebrparimet e konsiderueshme n\u00eb mbar\u00ebshtimin e kafsh\u00ebve dhe menaxhimin e tufave, rendimentet mesatare kan\u00eb arritur [&hellip;]","og_url":"https:\/\/ap.com.al\/?page_id=9220","og_site_name":"Austria Praemix","article_publisher":"https:\/\/www.facebook.com\/austriapraemiks\/","og_image":[{"url":"https:\/\/ap.com.al\/wp-content\/uploads\/2022\/03\/Asset-51-1.png"}],"twitter_card":"summary_large_image","twitter_misc":{"Est. reading time":"1 minute"},"schema":{"@context":"https:\/\/schema.org","@graph":[{"@type":"Organization","@id":"https:\/\/ap.com.al\/#organization","name":"Austria Preamix","url":"https:\/\/ap.com.al\/","sameAs":["https:\/\/www.instagram.com\/austriapraemix\/","https:\/\/www.facebook.com\/austriapraemiks\/"],"logo":{"@type":"ImageObject","inLanguage":"en-US","@id":"https:\/\/ap.com.al\/#\/schema\/logo\/image\/","url":"https:\/\/ap.com.al\/wp-content\/uploads\/2022\/02\/AP-logo.png","contentUrl":"https:\/\/ap.com.al\/wp-content\/uploads\/2022\/02\/AP-logo.png","width":3358,"height":1616,"caption":"Austria Preamix"},"image":{"@id":"https:\/\/ap.com.al\/#\/schema\/logo\/image\/"}},{"@type":"WebSite","@id":"https:\/\/ap.com.al\/#website","url":"https:\/\/ap.com.al\/","name":"Austria Praemix","description":"","publisher":{"@id":"https:\/\/ap.com.al\/#organization"},"potentialAction":[{"@type":"SearchAction","target":{"@type":"EntryPoint","urlTemplate":"https:\/\/ap.com.al\/?s={search_term_string}"},"query-input":"required name=search_term_string"}],"inLanguage":"en-US"},{"@type":"ImageObject","inLanguage":"en-US","@id":"https:\/\/ap.com.al\/?page_id=9220#primaryimage","url":"https:\/\/ap.com.al\/wp-content\/uploads\/2022\/03\/Asset-51-1.png","contentUrl":"https:\/\/ap.com.al\/wp-content\/uploads\/2022\/03\/Asset-51-1.png","width":355,"height":354},{"@type":"WebPage","@id":"https:\/\/ap.com.al\/?page_id=9220#webpage","url":"https:\/\/ap.com.al\/?page_id=9220","name":"P\u00ebrmir\u00ebsimi i rendimenteve dhe shfryt\u00ebzimi i potencialeve gjenetik - Austria Praemix","isPartOf":{"@id":"https:\/\/ap.com.al\/#website"},"primaryImageOfPage":{"@id":"https:\/\/ap.com.al\/?page_id=9220#primaryimage"},"datePublished":"2025-06-05T12:06:22+00:00","dateModified":"2025-06-05T12:06:22+00:00","breadcrumb":{"@id":"https:\/\/ap.com.al\/?page_id=9220#breadcrumb"},"inLanguage":"en-US","potentialAction":[{"@type":"ReadAction","target":["https:\/\/ap.com.al\/?page_id=9220"]}]},{"@type":"BreadcrumbList","@id":"https:\/\/ap.com.al\/?page_id=9220#breadcrumb","itemListElement":[{"@type":"ListItem","position":1,"name":"Home","item":"https:\/\/ap.com.al\/"},{"@type":"ListItem","position":2,"name":"P\u00ebrmir\u00ebsimi i rendimenteve dhe shfryt\u00ebzimi i potencialeve gjenetik"}]}]}},"_links":{"self":[{"href":"https:\/\/ap.com.al\/index.php?rest_route=\/wp\/v2\/pages\/9220","targetHints":{"allow":["GET"]}}],"collection":[{"href":"https:\/\/ap.com.al\/index.php?rest_route=\/wp\/v2\/pages"}],"about":[{"href":"https:\/\/ap.com.al\/index.php?rest_route=\/wp\/v2\/types\/page"}],"author":[{"embeddable":true,"href":"https:\/\/ap.com.al\/index.php?rest_route=\/wp\/v2\/users\/2"}],"replies":[{"embeddable":true,"href":"https:\/\/ap.com.al\/index.php?rest_route=%2Fwp%2Fv2%2Fcomments&post=9220"}],"version-history":[{"count":17,"href":"https:\/\/ap.com.al\/index.php?rest_route=\/wp\/v2\/pages\/9220\/revisions"}],"predecessor-version":[{"id":9239,"href":"https:\/\/ap.com.al\/index.php?rest_route=\/wp\/v2\/pages\/9220\/revisions\/9239"}],"wp:attachment":[{"href":"https:\/\/ap.com.al\/index.php?rest_route=%2Fwp%2Fv2%2Fmedia&parent=9220"}],"curies":[{"name":"wp","href":"https:\/\/api.w.org\/{rel}","templated":true}]}}