{"id":9241,"date":"2025-06-11T12:36:18","date_gmt":"2025-06-11T12:36:18","guid":{"rendered":"https:\/\/ap.com.al\/?page_id=9241"},"modified":"2025-06-11T12:38:06","modified_gmt":"2025-06-11T12:38:06","slug":"gica-te-shendetshem-dhe-vitale-me-schaumalac-energietrunk","status":"publish","type":"page","link":"https:\/\/ap.com.al\/?page_id=9241","title":{"rendered":"Gica t\u00eb sh\u00ebndetsh\u00ebm dhe vital\u00eb me SchaumaLac Energietrunk"},"content":{"rendered":"\n<p><\/p>\n\n\n\n<p><\/p>\n\n\n\n<style>\n  #oniiii{\n    background-image:url(\"https:\/\/ap.com.al\/wp-content\/uploads\/2025\/06\/Artikull-17.png\");\n    padding-bottom: 32%;\n    background-position:center left;\n    background-repeat: no-repeat;\n    background-size:cover;\n  }\n  <\/style>\n  <script src=\"https:\/\/code.jquery.com\/jquery-3.5.0.js\">\n<\/script>\n\n<div id=\"oniiii\"><\/div>\n \n<script>\n$( \"#oniiii\" ).insertBefore( \".container_wrap_first\" );\n<\/script>\n\n\n\n<div class=\"wp-block-columns\" id=\"containerr\">\n<div class=\"wp-block-column\">\n<div class=\"avia_textblock\" itemprop=\"text\"><h4 style=\"color:#005a8c;\n\">Gica t\u00eb sh\u00ebndetsh\u00ebm dhe vital\u00eb me SchaumaLac Energietrunk<\/h4>\n<p align=\"right\">\n   P\u00ebrpunuar nga Klevis Xhardja\n<\/p>\n<\/div>\n<\/div>\n<\/div>\n\n\n\n<div class=\"wp-block-columns\" id=\"containerr\">\n<div class=\"wp-block-column\">\n<div class=\"detail__certificates-item-icon\">\n<img decoding=\"async\" alt=\"SCHAUMALAC M 70 \" src=\"https:\/\/ap.com.al\/wp-content\/uploads\/2022\/03\/Asset-54-1.png\">\n<\/div>\n<\/div>\n<\/div>\n\n\n\n<div class=\"wp-block-columns\" id=\"containerr\">\n<div class=\"wp-block-column\">\n<figure class=\"wp-block-image size-full is-resized\"><img loading=\"lazy\" decoding=\"async\" width=\"717\" height=\"483\" src=\"https:\/\/ap.com.al\/wp-content\/uploads\/2025\/06\/image-1.png\" alt=\"\" class=\"wp-image-9242\" style=\"width:840px;height:auto\" srcset=\"https:\/\/ap.com.al\/wp-content\/uploads\/2025\/06\/image-1.png 717w, https:\/\/ap.com.al\/wp-content\/uploads\/2025\/06\/image-1-300x202.png 300w, https:\/\/ap.com.al\/wp-content\/uploads\/2025\/06\/image-1-705x475.png 705w, https:\/\/ap.com.al\/wp-content\/uploads\/2025\/06\/image-1-450x303.png 450w\" sizes=\"auto, (max-width: 717px) 100vw, 717px\" \/><\/figure>\n\n\n\n<div class=\"blue_marker_list\">\n<p align=\"justify\" style=\"margin-bottom: 0;\">Performanca e lart\u00eb e kafsh\u00ebve k\u00ebrkon nj\u00eb sistem tret\u00ebs t\u00eb q\u00ebndruesh\u00ebm dhe funksional. Megjithat\u00eb, jo gjithmon\u00eb gjith\u00e7ka shkon sipas pritshm\u00ebrive. Shkaqet e diarres\u00eb \u2013 sidomos te gicat e vegj\u00ebl \u2013 jan\u00eb t\u00eb shumta, po aq sa edhe patogjen\u00ebt q\u00eb e shkaktojn\u00eb.\n<\/p>\n<p align=\"justify\" style=\"margin-bottom: 0;\">Nj\u00eb fakt mbetet i p\u00ebrbashk\u00ebt n\u00eb \u00e7do rast t\u00eb diarres\u00eb: humbja masive e l\u00ebngjeve dhe mineraleve, e cila dob\u00ebson m\u00eb tej kafsh\u00ebt q\u00eb tashm\u00eb jan\u00eb n\u00eb gjendje t\u00eb brisht\u00eb sh\u00ebndet\u00ebsore. Shpesh, nuk \u00ebsht\u00eb infeksioni q\u00eb shkakton humbjen e gicave t\u00eb vegj\u00ebl, por pasojat e tij \u2013 si dehidratimi dhe mungesa e energjis\u00eb. N\u00eb k\u00ebto raste, furnizimi i shpejt\u00eb me uj\u00eb dhe elektrolite mund t\u00eb jet\u00eb jetik.\n<\/p>\n\n<h4 style=\"padding-top: 20px;\">Elektrolitet \u2013 \u00e7far\u00eb jan\u00eb?<\/h4>\n<p align=\"justify\" style=\"margin-bottom: 0;\">Me termin \u201celektrolite\u201d n\u00ebnkuptohen zakonisht substanca q\u00eb, kur treten n\u00eb uj\u00eb, mund t\u00eb p\u00ebrcjellin rrym\u00eb elektrike. K\u00ebtu p\u00ebrfshihen krip\u00ebrat, acidet dhe bazat. N\u00eb nj\u00eb kuptim m\u00eb t\u00eb ngusht\u00eb, elektrolitet i referohen joneve t\u00eb r\u00ebnd\u00ebsishme p\u00ebr metabolizmin e kafsh\u00ebve, si natriumi (Na\u207a), kaliumi (K\u207a), kloruri (Cl\u207b) dhe bikarbonati (HCO\u2083\u207b). Gjithashtu, nj\u00eb rol t\u00eb r\u00ebnd\u00ebsish\u00ebm luajn\u00eb edhe kalciumi (Ca\u00b2\u207a) dhe magnezi (Mg\u00b2\u207a). Shenjat pozitive (+) dhe negative (\u2212) tregojn\u00eb ngarkes\u00ebn elektrike t\u00eb k\u00ebtyre grimcave.\n<\/p>\n<p align=\"justify\" style=\"margin-bottom: 0;\">Elektrolitet jan\u00eb thelb\u00ebsore p\u00ebr funksionimin normal t\u00eb t\u00eb gjitha proceseve jet\u00ebsore. Ato veprojn\u00eb mbi parimin q\u00eb uji l\u00ebviz gjithmon\u00eb nga nj\u00eb zon\u00eb me p\u00ebrqendrim m\u00eb t\u00eb ul\u00ebt drejt nj\u00eb zone me p\u00ebrqendrim m\u00eb t\u00eb lart\u00eb. P\u00ebrmes k\u00ebtij mekanizmi, organizmi, p\u00ebr shembull, rregullon marrjen e ujit nga zorra: natriumi &#8220;pompohet&#8221; nga zorra n\u00eb qeliza p\u00ebrmes konsumimit t\u00eb energjis\u00eb, dhe si reagim, uji l\u00ebviz p\u00ebr t\u00eb baraspeshuar p\u00ebrqendrimin m\u00eb t\u00eb lart\u00eb t\u00eb krip\u00ebrave brenda qelizave.\n<\/p>\n<h4 style=\"padding-top: 20px;\">\u00c7rregullimet n\u00eb balanc\u00ebn e elektroliteve<\/h4>\n<p align=\"justify\" style=\"margin-bottom: 0;\">N\u00eb organizmin e kafsh\u00ebve t\u00eb sh\u00ebndetshme, nivelet e elektroliteve mbahen t\u00eb q\u00ebndrueshme dhe brenda nj\u00eb diapazoni shum\u00eb t\u00eb kufizuar. Ky balancim b\u00ebhet kryesisht nga veshkat, t\u00eb cilat filtrojn\u00eb gjakun dhe p\u00ebrpunojn\u00eb l\u00ebngjet trupore duke larguar tepricat ose duke ruajtur ato elektrolite q\u00eb trupi ka nevoj\u00eb, p\u00ebr t\u00eb siguruar funksionimin normal t\u00eb organeve dhe proceseve t\u00eb ndryshme metabolike. N\u00ebse shfaqet diarreja, kjo balanc\u00eb prishet. P\u00ebr t\u2019u \u00e7liruar nga toksinat bakteriale q\u00eb prodhohen nga disa patogjen\u00eb si E. coli apo Clostridiet, elektrolitet (sidomos kloruri Cl- dhe bikarbonati HCO3-) sekretohen n\u00eb sasi m\u00eb t\u00eb madhe n\u00eb zorr\u00eb. Uji ndjek elektrolitet, duke b\u00ebr\u00eb q\u00eb p\u00ebrmbajtja e zorr\u00ebve t\u00eb b\u00ebhet m\u00eb e l\u00ebngshme. Gjithashtu, rezorptimi i ujit n\u00eb zorr\u00eb ulet sepse fijezoret e zorr\u00ebve d\u00ebmtohen nga patogjen\u00ebt q\u00eb shkaktojn\u00eb diarren\u00eb.\n<\/p>\n<\/p>\n<h4 style=\"padding-top: 20px;\">Acidoza gjat\u00eb diarres\u00eb<\/h4>\n<p align=\"justify\" style=\"margin-bottom: 0;\">Humbja e bikarbonatit q\u00eb \u00ebsht\u00eb nj\u00eb substanc\u00eb bazike, shkakton nj\u00eb p\u00ebrmbysje n\u00eb balanc\u00ebn acid-baz\u00eb t\u00eb organizmit, q\u00eb quhet acidoz\u00eb metabolike. Organizmi reagon me nj\u00eb frym\u00ebmarrje m\u00eb t\u00eb shpejt\u00eb dhe m\u00eb t\u00eb thell\u00eb dhe tensioni i gjakut bie. Kafsh\u00ebt duken t\u00eb lodhura dhe t\u00eb d\u00ebshp\u00ebruara; n\u00eb rastet ekstreme, acidoza mund t\u00eb \u00e7oj\u00eb deri n\u00eb vdekje. P\u00ebr k\u00ebt\u00eb arsye, \u00ebsht\u00eb shum\u00eb e r\u00ebnd\u00ebsishme q\u00eb t\u00eb sigurohet shpejt furnizimi me l\u00ebngje, energji t\u00eb leht\u00eb t\u00eb tretshme (si sheqeri i rrushit) dhe substanca q\u00eb tamponojn\u00eb aciditetin.\n<\/p>\n<h4 style=\"padding-top: 20px;\">Zgjidhja me SchaumaLac Energietrunk<\/h4>\n<p align=\"justify\" style=\"margin-bottom: 0;\">P\u00ebrdorimi i SchaumaLac Energietrunk ndihmon shum\u00eb n\u00eb leht\u00ebsimin e simptomave t\u00eb diarres\u00eb. Kompensimi i humbjes s\u00eb l\u00ebngjeve ndihmon n\u00eb rikuperimin m\u00eb t\u00eb shpejt\u00eb t\u00eb organizmit. Cil\u00ebsia e produktit bazohet n\u00eb p\u00ebrmbajtjen e lart\u00eb t\u00eb energjis\u00eb dhe elektroliteve cil\u00ebsore. P\u00ebr m\u00eb tep\u00ebr, p\u00ebrb\u00ebr\u00ebs t\u00eb ve\u00e7ant\u00eb si Bonvital, vitaminat E dhe C, si dhe karbohidratet me efekt prebiotik, ndikojn\u00eb pozitivisht n\u00eb funksionin e zorr\u00ebve dhe n\u00eb rezistenc\u00ebn e kafsh\u00ebve.<\/p>\n\n<h4 style=\"padding-top: 20px;\">Kur t\u00eb ofrohen elektrolitet?<\/h4>\n<p align=\"justify\" style=\"margin-bottom: 0;\">SchaumaLac Energietrunk nuk \u00ebsht\u00eb vet\u00ebm p\u00ebr p\u00ebrdorim gjat\u00eb diarres\u00eb akute. Ai \u00ebsht\u00eb i dobish\u00ebm edhe n\u00eb periudha stresi, si pas transportit t\u00eb gjat\u00eb, gjat\u00eb shk\u00ebputjes nga gjiri apo zhvendosjes s\u00eb kafsh\u00ebve, ku ndikimi pozitiv n\u00eb metaboliz\u00ebm \u00ebsht\u00eb i duksh\u00ebm. Gjithashtu, n\u00eb rastet e diarres\u00eb s\u00eb hershme te t\u00eb porsalindurit, p\u00ebrdorimi i k\u00ebsaj pijeje ka dh\u00ebn\u00eb rezultate t\u00eb mira, pasi edhe t\u00eb porsalindurit pin\u00eb sasi t\u00eb konsiderueshme l\u00ebngu kur u ofrohet.<\/p>\n<h4 style=\"padding-top: 20px;\">Elektrolite p\u00ebr dos\u00ebn<\/h4>\n<p align=\"justify\" style=\"margin-bottom: 0;\">Largimi i placent\u00ebs dhe l\u00ebngut amniotik gjat\u00eb lindjes sjell humbje t\u00eb m\u00ebdha t\u00eb l\u00ebngjeve dhe elektroliteve p\u00ebr dos\u00ebn. Megjith\u00ebse uji i konsumuar rikthen l\u00ebngjet, mineralet e humbura z\u00ebvend\u00ebsohen gradualisht p\u00ebrmes ushqimit. Duke i dh\u00ebn\u00eb SchaumaLac Energietrunk menj\u00ebher\u00eb pas lindjes, balanca e elektroliteve p\u00ebr dos\u00ebn kompensohet q\u00eb n\u00eb fillim t\u00eb periudh\u00ebs s\u00eb laktacionit, duke p\u00ebrmir\u00ebsuar marrjen e ushqimit dhe prodhimin e qum\u00ebshtit.<\/p>\n<h4 style=\"padding-top: 20px;\">Uj\u00eb edhe p\u00ebr t\u00eb porsalindurit?<\/h4>\n<p align=\"justify\" style=\"margin-bottom: 0;\">Konsumi mesatar i ujit nga t\u00eb porsalindurit varet shum\u00eb nga temperatura e ambientit. N\u00eb temperatur\u00eb 20 \u00b0C dhe 28 \u00b0C, uji i marr\u00eb rritet gjat\u00eb dit\u00ebve t\u00eb para t\u00eb jet\u00ebs, duke siguruar hidratim t\u00eb nevojsh\u00ebm p\u00ebr sh\u00ebndetin dhe zhvillimin e tyre.<\/p>\n<\/div>\n\n\n\n<figure class=\"wp-block-image size-full is-resized\"><img loading=\"lazy\" decoding=\"async\" width=\"562\" height=\"337\" src=\"https:\/\/ap.com.al\/wp-content\/uploads\/2025\/06\/image-2.png\" alt=\"\" class=\"wp-image-9243\" style=\"width:620px;height:auto\" srcset=\"https:\/\/ap.com.al\/wp-content\/uploads\/2025\/06\/image-2.png 562w, https:\/\/ap.com.al\/wp-content\/uploads\/2025\/06\/image-2-300x180.png 300w, https:\/\/ap.com.al\/wp-content\/uploads\/2025\/06\/image-2-450x270.png 450w\" sizes=\"auto, (max-width: 562px) 100vw, 562px\" \/><\/figure>\n\n\n\n<div class=\"blue_marker_list\">\n<h4 style=\"padding-top: 20px;\">P\u00ebrfundim<\/h4>\n<p align=\"justify\" style=\"margin-bottom: 0;\">SchaumaLac Energietrunk ndihmon n\u00eb leht\u00ebsimin e simptomave shoq\u00ebruese t\u00eb diarres\u00eb te t\u00eb porsalindurit, n\u00eb nj\u00eb m\u00ebnyr\u00eb t\u00eb thjesht\u00eb dhe efektive. Gjithashtu, administrimi i k\u00ebtij produkti te dosa pas lindjes sjell p\u00ebrfitime t\u00eb qarta n\u00eb performanc\u00ebn e saj. SchaumaLac Energietrunk p\u00ebrb\u00ebn nj\u00eb element ky\u00e7 p\u00ebr nj\u00eb rritje t\u00eb sh\u00ebndetshme t\u00eb t\u00eb porsalindurve dhe p\u00ebr nj\u00eb prodhimtari m\u00eb t\u00eb q\u00ebndrueshme dhe fitimprur\u00ebse n\u00eb ferm\u00eb.<\/p>\n<\/div>\n<\/div>\n<\/div>\n\n\n\n<p><\/p>\n","protected":false},"excerpt":{"rendered":"<p>Gica t\u00eb sh\u00ebndetsh\u00ebm dhe vital\u00eb me SchaumaLac Energietrunk P\u00ebrpunuar nga Klevis Xhardja Performanca e lart\u00eb e kafsh\u00ebve k\u00ebrkon nj\u00eb sistem tret\u00ebs t\u00eb q\u00ebndruesh\u00ebm dhe funksional. Megjithat\u00eb, jo gjithmon\u00eb gjith\u00e7ka shkon sipas pritshm\u00ebrive. Shkaqet e diarres\u00eb \u2013 sidomos te gicat e vegj\u00ebl \u2013 jan\u00eb t\u00eb shumta, po aq sa edhe patogjen\u00ebt q\u00eb e shkaktojn\u00eb. Nj\u00eb fakt [&hellip;]<\/p>\n","protected":false},"author":2,"featured_media":0,"parent":0,"menu_order":0,"comment_status":"closed","ping_status":"closed","template":"","meta":{"inline_featured_image":false,"footnotes":""},"class_list":["post-9241","page","type-page","status-publish","hentry"],"yoast_head":"<!-- This site is optimized with the Yoast SEO plugin v18.9 - https:\/\/yoast.com\/wordpress\/plugins\/seo\/ -->\n<title>Gica t\u00eb sh\u00ebndetsh\u00ebm dhe vital\u00eb me SchaumaLac Energietrunk - Austria Praemix<\/title>\n<meta name=\"robots\" content=\"index, follow, max-snippet:-1, max-image-preview:large, max-video-preview:-1\" \/>\n<link rel=\"canonical\" href=\"https:\/\/ap.com.al\/?page_id=9241\" \/>\n<meta property=\"og:locale\" content=\"en_US\" \/>\n<meta property=\"og:type\" content=\"article\" \/>\n<meta property=\"og:title\" content=\"Gica t\u00eb sh\u00ebndetsh\u00ebm dhe vital\u00eb me SchaumaLac Energietrunk - Austria Praemix\" \/>\n<meta property=\"og:description\" content=\"Gica t\u00eb sh\u00ebndetsh\u00ebm dhe vital\u00eb me SchaumaLac Energietrunk P\u00ebrpunuar nga Klevis Xhardja Performanca e lart\u00eb e kafsh\u00ebve k\u00ebrkon nj\u00eb sistem tret\u00ebs t\u00eb q\u00ebndruesh\u00ebm dhe funksional. Megjithat\u00eb, jo gjithmon\u00eb gjith\u00e7ka shkon sipas pritshm\u00ebrive. Shkaqet e diarres\u00eb \u2013 sidomos te gicat e vegj\u00ebl \u2013 jan\u00eb t\u00eb shumta, po aq sa edhe patogjen\u00ebt q\u00eb e shkaktojn\u00eb. Nj\u00eb fakt [&hellip;]\" \/>\n<meta property=\"og:url\" content=\"https:\/\/ap.com.al\/?page_id=9241\" \/>\n<meta property=\"og:site_name\" content=\"Austria Praemix\" \/>\n<meta property=\"article:publisher\" content=\"https:\/\/www.facebook.com\/austriapraemiks\/\" \/>\n<meta property=\"article:modified_time\" content=\"2025-06-11T12:38:06+00:00\" \/>\n<meta property=\"og:image\" content=\"https:\/\/ap.com.al\/wp-content\/uploads\/2022\/03\/Asset-54-1.png\" \/>\n<meta name=\"twitter:card\" content=\"summary_large_image\" \/>\n<meta name=\"twitter:label1\" content=\"Est. reading time\" \/>\n\t<meta name=\"twitter:data1\" content=\"1 minute\" \/>\n<script type=\"application\/ld+json\" class=\"yoast-schema-graph\">{\"@context\":\"https:\/\/schema.org\",\"@graph\":[{\"@type\":\"Organization\",\"@id\":\"https:\/\/ap.com.al\/#organization\",\"name\":\"Austria Preamix\",\"url\":\"https:\/\/ap.com.al\/\",\"sameAs\":[\"https:\/\/www.instagram.com\/austriapraemix\/\",\"https:\/\/www.facebook.com\/austriapraemiks\/\"],\"logo\":{\"@type\":\"ImageObject\",\"inLanguage\":\"en-US\",\"@id\":\"https:\/\/ap.com.al\/#\/schema\/logo\/image\/\",\"url\":\"https:\/\/ap.com.al\/wp-content\/uploads\/2022\/02\/AP-logo.png\",\"contentUrl\":\"https:\/\/ap.com.al\/wp-content\/uploads\/2022\/02\/AP-logo.png\",\"width\":3358,\"height\":1616,\"caption\":\"Austria Preamix\"},\"image\":{\"@id\":\"https:\/\/ap.com.al\/#\/schema\/logo\/image\/\"}},{\"@type\":\"WebSite\",\"@id\":\"https:\/\/ap.com.al\/#website\",\"url\":\"https:\/\/ap.com.al\/\",\"name\":\"Austria Praemix\",\"description\":\"\",\"publisher\":{\"@id\":\"https:\/\/ap.com.al\/#organization\"},\"potentialAction\":[{\"@type\":\"SearchAction\",\"target\":{\"@type\":\"EntryPoint\",\"urlTemplate\":\"https:\/\/ap.com.al\/?s={search_term_string}\"},\"query-input\":\"required name=search_term_string\"}],\"inLanguage\":\"en-US\"},{\"@type\":\"ImageObject\",\"inLanguage\":\"en-US\",\"@id\":\"https:\/\/ap.com.al\/?page_id=9241#primaryimage\",\"url\":\"https:\/\/ap.com.al\/wp-content\/uploads\/2022\/03\/Asset-54-1.png\",\"contentUrl\":\"https:\/\/ap.com.al\/wp-content\/uploads\/2022\/03\/Asset-54-1.png\",\"width\":355,\"height\":354},{\"@type\":\"WebPage\",\"@id\":\"https:\/\/ap.com.al\/?page_id=9241#webpage\",\"url\":\"https:\/\/ap.com.al\/?page_id=9241\",\"name\":\"Gica t\u00eb sh\u00ebndetsh\u00ebm dhe vital\u00eb me SchaumaLac Energietrunk - Austria Praemix\",\"isPartOf\":{\"@id\":\"https:\/\/ap.com.al\/#website\"},\"primaryImageOfPage\":{\"@id\":\"https:\/\/ap.com.al\/?page_id=9241#primaryimage\"},\"datePublished\":\"2025-06-11T12:36:18+00:00\",\"dateModified\":\"2025-06-11T12:38:06+00:00\",\"breadcrumb\":{\"@id\":\"https:\/\/ap.com.al\/?page_id=9241#breadcrumb\"},\"inLanguage\":\"en-US\",\"potentialAction\":[{\"@type\":\"ReadAction\",\"target\":[\"https:\/\/ap.com.al\/?page_id=9241\"]}]},{\"@type\":\"BreadcrumbList\",\"@id\":\"https:\/\/ap.com.al\/?page_id=9241#breadcrumb\",\"itemListElement\":[{\"@type\":\"ListItem\",\"position\":1,\"name\":\"Home\",\"item\":\"https:\/\/ap.com.al\/\"},{\"@type\":\"ListItem\",\"position\":2,\"name\":\"Gica t\u00eb sh\u00ebndetsh\u00ebm dhe vital\u00eb me SchaumaLac Energietrunk\"}]}]}<\/script>\n<!-- \/ Yoast SEO plugin. -->","yoast_head_json":{"title":"Gica t\u00eb sh\u00ebndetsh\u00ebm dhe vital\u00eb me SchaumaLac Energietrunk - Austria Praemix","robots":{"index":"index","follow":"follow","max-snippet":"max-snippet:-1","max-image-preview":"max-image-preview:large","max-video-preview":"max-video-preview:-1"},"canonical":"https:\/\/ap.com.al\/?page_id=9241","og_locale":"en_US","og_type":"article","og_title":"Gica t\u00eb sh\u00ebndetsh\u00ebm dhe vital\u00eb me SchaumaLac Energietrunk - Austria Praemix","og_description":"Gica t\u00eb sh\u00ebndetsh\u00ebm dhe vital\u00eb me SchaumaLac Energietrunk P\u00ebrpunuar nga Klevis Xhardja Performanca e lart\u00eb e kafsh\u00ebve k\u00ebrkon nj\u00eb sistem tret\u00ebs t\u00eb q\u00ebndruesh\u00ebm dhe funksional. Megjithat\u00eb, jo gjithmon\u00eb gjith\u00e7ka shkon sipas pritshm\u00ebrive. Shkaqet e diarres\u00eb \u2013 sidomos te gicat e vegj\u00ebl \u2013 jan\u00eb t\u00eb shumta, po aq sa edhe patogjen\u00ebt q\u00eb e shkaktojn\u00eb. Nj\u00eb fakt [&hellip;]","og_url":"https:\/\/ap.com.al\/?page_id=9241","og_site_name":"Austria Praemix","article_publisher":"https:\/\/www.facebook.com\/austriapraemiks\/","article_modified_time":"2025-06-11T12:38:06+00:00","og_image":[{"url":"https:\/\/ap.com.al\/wp-content\/uploads\/2022\/03\/Asset-54-1.png"}],"twitter_card":"summary_large_image","twitter_misc":{"Est. reading time":"1 minute"},"schema":{"@context":"https:\/\/schema.org","@graph":[{"@type":"Organization","@id":"https:\/\/ap.com.al\/#organization","name":"Austria Preamix","url":"https:\/\/ap.com.al\/","sameAs":["https:\/\/www.instagram.com\/austriapraemix\/","https:\/\/www.facebook.com\/austriapraemiks\/"],"logo":{"@type":"ImageObject","inLanguage":"en-US","@id":"https:\/\/ap.com.al\/#\/schema\/logo\/image\/","url":"https:\/\/ap.com.al\/wp-content\/uploads\/2022\/02\/AP-logo.png","contentUrl":"https:\/\/ap.com.al\/wp-content\/uploads\/2022\/02\/AP-logo.png","width":3358,"height":1616,"caption":"Austria Preamix"},"image":{"@id":"https:\/\/ap.com.al\/#\/schema\/logo\/image\/"}},{"@type":"WebSite","@id":"https:\/\/ap.com.al\/#website","url":"https:\/\/ap.com.al\/","name":"Austria Praemix","description":"","publisher":{"@id":"https:\/\/ap.com.al\/#organization"},"potentialAction":[{"@type":"SearchAction","target":{"@type":"EntryPoint","urlTemplate":"https:\/\/ap.com.al\/?s={search_term_string}"},"query-input":"required name=search_term_string"}],"inLanguage":"en-US"},{"@type":"ImageObject","inLanguage":"en-US","@id":"https:\/\/ap.com.al\/?page_id=9241#primaryimage","url":"https:\/\/ap.com.al\/wp-content\/uploads\/2022\/03\/Asset-54-1.png","contentUrl":"https:\/\/ap.com.al\/wp-content\/uploads\/2022\/03\/Asset-54-1.png","width":355,"height":354},{"@type":"WebPage","@id":"https:\/\/ap.com.al\/?page_id=9241#webpage","url":"https:\/\/ap.com.al\/?page_id=9241","name":"Gica t\u00eb sh\u00ebndetsh\u00ebm dhe vital\u00eb me SchaumaLac Energietrunk - Austria Praemix","isPartOf":{"@id":"https:\/\/ap.com.al\/#website"},"primaryImageOfPage":{"@id":"https:\/\/ap.com.al\/?page_id=9241#primaryimage"},"datePublished":"2025-06-11T12:36:18+00:00","dateModified":"2025-06-11T12:38:06+00:00","breadcrumb":{"@id":"https:\/\/ap.com.al\/?page_id=9241#breadcrumb"},"inLanguage":"en-US","potentialAction":[{"@type":"ReadAction","target":["https:\/\/ap.com.al\/?page_id=9241"]}]},{"@type":"BreadcrumbList","@id":"https:\/\/ap.com.al\/?page_id=9241#breadcrumb","itemListElement":[{"@type":"ListItem","position":1,"name":"Home","item":"https:\/\/ap.com.al\/"},{"@type":"ListItem","position":2,"name":"Gica t\u00eb sh\u00ebndetsh\u00ebm dhe vital\u00eb me SchaumaLac Energietrunk"}]}]}},"_links":{"self":[{"href":"https:\/\/ap.com.al\/index.php?rest_route=\/wp\/v2\/pages\/9241","targetHints":{"allow":["GET"]}}],"collection":[{"href":"https:\/\/ap.com.al\/index.php?rest_route=\/wp\/v2\/pages"}],"about":[{"href":"https:\/\/ap.com.al\/index.php?rest_route=\/wp\/v2\/types\/page"}],"author":[{"embeddable":true,"href":"https:\/\/ap.com.al\/index.php?rest_route=\/wp\/v2\/users\/2"}],"replies":[{"embeddable":true,"href":"https:\/\/ap.com.al\/index.php?rest_route=%2Fwp%2Fv2%2Fcomments&post=9241"}],"version-history":[{"count":4,"href":"https:\/\/ap.com.al\/index.php?rest_route=\/wp\/v2\/pages\/9241\/revisions"}],"predecessor-version":[{"id":9250,"href":"https:\/\/ap.com.al\/index.php?rest_route=\/wp\/v2\/pages\/9241\/revisions\/9250"}],"wp:attachment":[{"href":"https:\/\/ap.com.al\/index.php?rest_route=%2Fwp%2Fv2%2Fmedia&parent=9241"}],"curies":[{"name":"wp","href":"https:\/\/api.w.org\/{rel}","templated":true}]}}