{"id":9252,"date":"2025-06-13T10:54:04","date_gmt":"2025-06-13T10:54:04","guid":{"rendered":"https:\/\/ap.com.al\/?page_id=9252"},"modified":"2025-06-13T11:02:43","modified_gmt":"2025-06-13T11:02:43","slug":"silazhi-themeli-i-ushqimit-cilesor-per-bagetine-zgjidhni-produktin-e-duhur-per-rezultate-optimale","status":"publish","type":"page","link":"https:\/\/ap.com.al\/?page_id=9252","title":{"rendered":"SILAZHI: THEMELI I USHQIMIT CIL\u00cbSOR P\u00cbR BAG\u00cbTIN\u00cb \u2013 ZGJIDHNI PRODUKTIN E DUHUR P\u00cbR REZULTATE OPTIMALE"},"content":{"rendered":"\n<style>\n  #oniiii{\n    background-image:url(\"https:\/\/ap.com.al\/wp-content\/uploads\/2025\/06\/Artikull-18.png\");\n    padding-bottom: 32%;\n    background-position:center center;\n    background-repeat: no-repeat;\n    background-size:cover;\n  }\n  <\/style>\n  <script src=\"https:\/\/code.jquery.com\/jquery-3.5.0.js\">\n<\/script>\n\n<div id=\"oniiii\"><\/div>\n \n<script>\n$( \"#oniiii\" ).insertBefore( \".container_wrap_first\" );\n<\/script>\n\n\n\n<div class=\"wp-block-columns\" id=\"containerr\">\n<div class=\"wp-block-column\">\n<div class=\"avia_textblock\" itemprop=\"text\"><h4 style=\"color:#005a8c;\n\">SILAZHI: THEMELI I USHQIMIT CIL\u00cbSOR P\u00cbR BAG\u00cbTIN\u00cb \u2013 ZGJIDHNI PRODUKTIN E DUHUR P\u00cbR REZULTATE OPTIMALE<\/h4>\n<p align=\"right\">\n   P\u00ebrpunuar nga Klevis Xhardja\n<\/p>\n<\/div>\n<\/div>\n<\/div>\n\n\n\n<div class=\"wp-block-columns\" id=\"containerr\">\n<div class=\"wp-block-column\">\n<div class=\"detail__certificates-item-icon\">\n<img decoding=\"async\" alt=\"Icon RINDAMAST UNI\" src=\"https:\/\/ap.com.al\/wp-content\/uploads\/2022\/03\/Asset-51-1.png\">\n<\/div>\n<\/div>\n<\/div>\n\n\n\n<div class=\"wp-block-columns\" id=\"containerr\">\n<div class=\"wp-block-column\">\n<div class=\"blue_marker_list\">\n<p align=\"justify\">Silazhi nuk \u00ebsht\u00eb thjesht nj\u00eb m\u00ebnyr\u00eb p\u00ebr t\u00eb ruajtur ushqimin; \u00ebsht\u00eb nj\u00eb proces biokimik kompleks q\u00eb transformon bim\u00ebt e korrura n\u00eb nj\u00eb ushqim t\u00eb q\u00ebndruesh\u00ebm dhe t\u00eb pasur p\u00ebr bag\u00ebtin\u00eb. Suksesi i k\u00ebtij procesi varet nga kontrolli i fermentimit \u2013 dhe k\u00ebtu, aditiv\u00ebt tan\u00eb luajn\u00eb nj\u00eb rol thelb\u00ebsor.\n<\/p>\n<h4 style=\"padding-top: 20px;\">Thellimi n\u00eb procesin e silazhimit:<\/h4>\n<ul style=\"list-style-type: square; padding-left: 1em; margin-bottom: 0;\">\n<li>Fermentimi anaerobik:<\/li>\n<br= margin-bottom: 0;\">o Bakteret e acidit laktik shnd\u00ebrrojn\u00eb sheqernat n\u00eb acid laktik, duke ulur pH-in dhe duke krijuar nj\u00eb mjedis t\u00eb pafavorsh\u00ebm p\u00ebr mikroorganizmat e d\u00ebmsh\u00ebm.<\/br>\n<br=margin-bottom: 0;>o Ky proces k\u00ebrkon munges\u00eb t\u00eb plot\u00eb oksigjeni, ndaj ngjeshja dhe mbulimi i duhur i silazhit jan\u00eb thelb\u00ebsore p\u00ebr suksesin.<\/br>\n<li>Roli i pH-it:<\/li>\n<br=margin-bottom: 0;>o\tNj\u00eb pH i ul\u00ebt (zakonisht midis 3.8 dhe 4.2) pengon rritjen e klostridieve dhe majave, duke siguruar stabilitetin e silazhit.<\/br>\n<br=margin-bottom: 0;>o\tLloje t\u00eb ndryshme bim\u00ebsh kan\u00eb nivele t\u00eb ndryshme sheqernash dhe substancash tamponuese, t\u00eb cilat ndikojn\u00eb n\u00eb shpejt\u00ebsin\u00eb e uljes s\u00eb pH-it.<\/br>\n<li>Mikroorganizmat e d\u00ebmsh\u00ebm:<\/li>\n<br=margin-bottom: 0;>o\tKlostridia: Baktere q\u00eb prodhojn\u00eb acid butirik, duke ulur vler\u00ebn ushqyese dhe duke shkaktuar probleme sh\u00ebndet\u00ebsore te bag\u00ebtia.<\/br>\n<br=margin-bottom: 0;>o\tMajat: Mikroorganizma q\u00eb zhvillohen n\u00eb prani t\u00eb oksigjenit, duke shkaktuar ngrohje dhe humbje t\u00eb l\u00ebnd\u00ebve ushqyese.<\/br>\n <\/ul>\n<h4 style=\"padding-top: 20px;\">Produktet tona: zgjidhje t\u00eb personalizuara p\u00ebr \u00e7do situat\u00eb:<\/h4>\n<ul style=\"list-style-type: square; padding-left: 1em; margin-bottom: 0;\">\n<li>Bonsilage Mais:<\/li>\n<br=margin-bottom: 0;>o\tOptimizon fermentimin n\u00eb silazhe me p\u00ebrmbajtje t\u00eb lart\u00eb niseshteje, duke siguruar nj\u00eb ulje t\u00eb shpejt\u00eb t\u00eb pH-it dhe stabilitet afatgjat\u00eb.<\/br>\n<li>Bonsilage Speed M:  <\/li>\n<br=margin-bottom: 0;>o\tIdeal p\u00ebr situata ku silazhi duhet t\u00eb hapet shpejt ose ka rrezik t\u00eb ekspozimit ndaj oksigjenit.<\/br>\n<br=margin-bottom: 0;>o\tLactobacillus diolivorans, siguron prodhim t\u00eb lart\u00eb t\u00eb acidit acetik dhe p\u00ebr nj\u00eb koh\u00eb t\u00eb shkurt\u00ebr.<\/br>\n<li>Bonsilage Fit M: <\/li>\n<br=margin-bottom: 0;>o P\u00ebrmir\u00ebson stabilitetin aerobik dhe vler\u00ebn ushqyese t\u00eb silazheve t\u00eb thata, duke rritur prodhimin e acidit acetik dhe propilen glikolit.<\/br>\n<li>Bonsilage Fit G:  <\/li>\n<br=margin-bottom: 0;>o\tI p\u00ebrshtatur p\u00ebr bar\u00ebra t\u00eb kultivuara me p\u00ebrmbajtje t\u00eb lart\u00eb sheqeri, duke garantuar fermentim efikas dhe q\u00ebndrueshm\u00ebri t\u00eb lart\u00eb.<\/br>\n<li>Bonsilage Forte:<\/li>\n<br=margin-bottom: 0;>o\tMbron silazhet e lag\u00ebshta nga klostridia, duke siguruar nj\u00eb ulje t\u00eb shpejt\u00eb t\u00eb pH-it dhe nj\u00eb silazh t\u00eb sh\u00ebndetsh\u00ebm.<\/br>\n<li>Bonsilage Alfa:<\/li>\n<br=margin-bottom: 0;>o\tOfron mbrojtje t\u00eb dyfisht\u00eb kund\u00ebr klostridia dhe majave, duke siguruar nj\u00eb silazh t\u00eb q\u00ebndruesh\u00ebm dhe ushqyes.<\/br>\n<li>Bonsilage Plus:<\/li>\n<br=margin-bottom: 0;>o\tZgjidhje e gjithanshme p\u00ebr silazhe t\u00eb thata, me efikasitet t\u00eb lart\u00eb n\u00eb ruajtje dhe p\u00ebrmir\u00ebsim t\u00eb cil\u00ebsis\u00eb ushqyese.<\/br>\n<\/ul>\n<h4 style=\"padding-top: 20px;\">Praktika m\u00eb t\u00eb mira p\u00ebr silazhim t\u00eb suksessh\u00ebm:<\/h4>\n<ul style=\"list-style-type: square; padding-left: 1em; margin-bottom: 0;\">\n<li>Ngjeshja optimale: Eliminon oksigjenin dhe siguron fermentim anaerobik.<\/li>\n<li>Mbulimi i menj\u00ebhersh\u00ebm: Parandalon rritjen e majave dhe humbjen e l\u00ebnd\u00ebve ushqyese.<\/li>\n<li>Monitorimi i pH-it: Siguron q\u00eb fermentimi t\u00eb jet\u00eb n\u00eb rrug\u00ebn e duhur.<\/li>\n<li>Shkalla e ushqimit: Nj\u00eb shkall\u00eb e p\u00ebrshtatshme e ushqimit ndihmon n\u00eb ruajtjen e freskis\u00eb s\u00eb silazhit dhe parandalon ngrohjen.<\/li>\n<li>Analiza e silazhit: Analiza e parametrave t\u00eb silazhit, tregon cil\u00ebsin\u00eb e silazhit dhe ndihmon fermerin n\u00eb p\u00ebrmir\u00ebsimin e procesit.<\/li>\n<\/ul>\n<p align=\"justify\">Duke kombinuar produktet tona cil\u00ebsore me praktikat e mira t\u00eb silazhimit, ju mund t\u00eb siguroni nj\u00eb ushqim t\u00eb sh\u00ebndetsh\u00ebm dhe t\u00eb pasur me l\u00ebnd\u00eb ushqyese p\u00ebr bag\u00ebtin\u00eb tuaj, duke rritur produktivitetin dhe rentabilitetin e ferm\u00ebs suaj.\n<\/p>\n<\/div>\n<\/div>\n<\/div>\n\n\n\n<p><\/p>\n","protected":false},"excerpt":{"rendered":"<p>SILAZHI: THEMELI I USHQIMIT CIL\u00cbSOR P\u00cbR BAG\u00cbTIN\u00cb \u2013 ZGJIDHNI PRODUKTIN E DUHUR P\u00cbR REZULTATE OPTIMALE P\u00ebrpunuar nga Klevis Xhardja Silazhi nuk \u00ebsht\u00eb thjesht nj\u00eb m\u00ebnyr\u00eb p\u00ebr t\u00eb ruajtur ushqimin; \u00ebsht\u00eb nj\u00eb proces biokimik kompleks q\u00eb transformon bim\u00ebt e korrura n\u00eb nj\u00eb ushqim t\u00eb q\u00ebndruesh\u00ebm dhe t\u00eb pasur p\u00ebr bag\u00ebtin\u00eb. Suksesi i k\u00ebtij procesi varet nga [&hellip;]<\/p>\n","protected":false},"author":2,"featured_media":0,"parent":0,"menu_order":0,"comment_status":"closed","ping_status":"closed","template":"","meta":{"inline_featured_image":false,"footnotes":""},"class_list":["post-9252","page","type-page","status-publish","hentry"],"yoast_head":"<!-- This site is optimized with the Yoast SEO plugin v18.9 - https:\/\/yoast.com\/wordpress\/plugins\/seo\/ -->\n<title>SILAZHI: THEMELI I USHQIMIT CIL\u00cbSOR P\u00cbR BAG\u00cbTIN\u00cb \u2013 ZGJIDHNI PRODUKTIN E DUHUR P\u00cbR REZULTATE OPTIMALE - Austria Praemix<\/title>\n<meta name=\"robots\" content=\"index, follow, max-snippet:-1, max-image-preview:large, max-video-preview:-1\" \/>\n<link rel=\"canonical\" href=\"https:\/\/ap.com.al\/?page_id=9252\" \/>\n<meta property=\"og:locale\" content=\"en_US\" \/>\n<meta property=\"og:type\" content=\"article\" \/>\n<meta property=\"og:title\" content=\"SILAZHI: THEMELI I USHQIMIT CIL\u00cbSOR P\u00cbR BAG\u00cbTIN\u00cb \u2013 ZGJIDHNI PRODUKTIN E DUHUR P\u00cbR REZULTATE OPTIMALE - Austria Praemix\" \/>\n<meta property=\"og:description\" content=\"SILAZHI: THEMELI I USHQIMIT CIL\u00cbSOR P\u00cbR BAG\u00cbTIN\u00cb \u2013 ZGJIDHNI PRODUKTIN E DUHUR P\u00cbR REZULTATE OPTIMALE P\u00ebrpunuar nga Klevis Xhardja Silazhi nuk \u00ebsht\u00eb thjesht nj\u00eb m\u00ebnyr\u00eb p\u00ebr t\u00eb ruajtur ushqimin; \u00ebsht\u00eb nj\u00eb proces biokimik kompleks q\u00eb transformon bim\u00ebt e korrura n\u00eb nj\u00eb ushqim t\u00eb q\u00ebndruesh\u00ebm dhe t\u00eb pasur p\u00ebr bag\u00ebtin\u00eb. Suksesi i k\u00ebtij procesi varet nga [&hellip;]\" \/>\n<meta property=\"og:url\" content=\"https:\/\/ap.com.al\/?page_id=9252\" \/>\n<meta property=\"og:site_name\" content=\"Austria Praemix\" \/>\n<meta property=\"article:publisher\" content=\"https:\/\/www.facebook.com\/austriapraemiks\/\" \/>\n<meta property=\"article:modified_time\" content=\"2025-06-13T11:02:43+00:00\" \/>\n<meta property=\"og:image\" content=\"https:\/\/ap.com.al\/wp-content\/uploads\/2022\/03\/Asset-51-1.png\" \/>\n<meta name=\"twitter:card\" content=\"summary_large_image\" \/>\n<meta name=\"twitter:label1\" content=\"Est. reading time\" \/>\n\t<meta name=\"twitter:data1\" content=\"1 minute\" \/>\n<script type=\"application\/ld+json\" class=\"yoast-schema-graph\">{\"@context\":\"https:\/\/schema.org\",\"@graph\":[{\"@type\":\"Organization\",\"@id\":\"https:\/\/ap.com.al\/#organization\",\"name\":\"Austria Preamix\",\"url\":\"https:\/\/ap.com.al\/\",\"sameAs\":[\"https:\/\/www.instagram.com\/austriapraemix\/\",\"https:\/\/www.facebook.com\/austriapraemiks\/\"],\"logo\":{\"@type\":\"ImageObject\",\"inLanguage\":\"en-US\",\"@id\":\"https:\/\/ap.com.al\/#\/schema\/logo\/image\/\",\"url\":\"https:\/\/ap.com.al\/wp-content\/uploads\/2022\/02\/AP-logo.png\",\"contentUrl\":\"https:\/\/ap.com.al\/wp-content\/uploads\/2022\/02\/AP-logo.png\",\"width\":3358,\"height\":1616,\"caption\":\"Austria Preamix\"},\"image\":{\"@id\":\"https:\/\/ap.com.al\/#\/schema\/logo\/image\/\"}},{\"@type\":\"WebSite\",\"@id\":\"https:\/\/ap.com.al\/#website\",\"url\":\"https:\/\/ap.com.al\/\",\"name\":\"Austria Praemix\",\"description\":\"\",\"publisher\":{\"@id\":\"https:\/\/ap.com.al\/#organization\"},\"potentialAction\":[{\"@type\":\"SearchAction\",\"target\":{\"@type\":\"EntryPoint\",\"urlTemplate\":\"https:\/\/ap.com.al\/?s={search_term_string}\"},\"query-input\":\"required name=search_term_string\"}],\"inLanguage\":\"en-US\"},{\"@type\":\"ImageObject\",\"inLanguage\":\"en-US\",\"@id\":\"https:\/\/ap.com.al\/?page_id=9252#primaryimage\",\"url\":\"https:\/\/ap.com.al\/wp-content\/uploads\/2022\/03\/Asset-51-1.png\",\"contentUrl\":\"https:\/\/ap.com.al\/wp-content\/uploads\/2022\/03\/Asset-51-1.png\",\"width\":355,\"height\":354},{\"@type\":\"WebPage\",\"@id\":\"https:\/\/ap.com.al\/?page_id=9252#webpage\",\"url\":\"https:\/\/ap.com.al\/?page_id=9252\",\"name\":\"SILAZHI: THEMELI I USHQIMIT CIL\u00cbSOR P\u00cbR BAG\u00cbTIN\u00cb \u2013 ZGJIDHNI PRODUKTIN E DUHUR P\u00cbR REZULTATE OPTIMALE - Austria Praemix\",\"isPartOf\":{\"@id\":\"https:\/\/ap.com.al\/#website\"},\"primaryImageOfPage\":{\"@id\":\"https:\/\/ap.com.al\/?page_id=9252#primaryimage\"},\"datePublished\":\"2025-06-13T10:54:04+00:00\",\"dateModified\":\"2025-06-13T11:02:43+00:00\",\"breadcrumb\":{\"@id\":\"https:\/\/ap.com.al\/?page_id=9252#breadcrumb\"},\"inLanguage\":\"en-US\",\"potentialAction\":[{\"@type\":\"ReadAction\",\"target\":[\"https:\/\/ap.com.al\/?page_id=9252\"]}]},{\"@type\":\"BreadcrumbList\",\"@id\":\"https:\/\/ap.com.al\/?page_id=9252#breadcrumb\",\"itemListElement\":[{\"@type\":\"ListItem\",\"position\":1,\"name\":\"Home\",\"item\":\"https:\/\/ap.com.al\/\"},{\"@type\":\"ListItem\",\"position\":2,\"name\":\"SILAZHI: THEMELI I USHQIMIT CIL\u00cbSOR P\u00cbR BAG\u00cbTIN\u00cb \u2013 ZGJIDHNI PRODUKTIN E DUHUR P\u00cbR REZULTATE OPTIMALE\"}]}]}<\/script>\n<!-- \/ Yoast SEO plugin. -->","yoast_head_json":{"title":"SILAZHI: THEMELI I USHQIMIT CIL\u00cbSOR P\u00cbR BAG\u00cbTIN\u00cb \u2013 ZGJIDHNI PRODUKTIN E DUHUR P\u00cbR REZULTATE OPTIMALE - Austria Praemix","robots":{"index":"index","follow":"follow","max-snippet":"max-snippet:-1","max-image-preview":"max-image-preview:large","max-video-preview":"max-video-preview:-1"},"canonical":"https:\/\/ap.com.al\/?page_id=9252","og_locale":"en_US","og_type":"article","og_title":"SILAZHI: THEMELI I USHQIMIT CIL\u00cbSOR P\u00cbR BAG\u00cbTIN\u00cb \u2013 ZGJIDHNI PRODUKTIN E DUHUR P\u00cbR REZULTATE OPTIMALE - Austria Praemix","og_description":"SILAZHI: THEMELI I USHQIMIT CIL\u00cbSOR P\u00cbR BAG\u00cbTIN\u00cb \u2013 ZGJIDHNI PRODUKTIN E DUHUR P\u00cbR REZULTATE OPTIMALE P\u00ebrpunuar nga Klevis Xhardja Silazhi nuk \u00ebsht\u00eb thjesht nj\u00eb m\u00ebnyr\u00eb p\u00ebr t\u00eb ruajtur ushqimin; \u00ebsht\u00eb nj\u00eb proces biokimik kompleks q\u00eb transformon bim\u00ebt e korrura n\u00eb nj\u00eb ushqim t\u00eb q\u00ebndruesh\u00ebm dhe t\u00eb pasur p\u00ebr bag\u00ebtin\u00eb. Suksesi i k\u00ebtij procesi varet nga [&hellip;]","og_url":"https:\/\/ap.com.al\/?page_id=9252","og_site_name":"Austria Praemix","article_publisher":"https:\/\/www.facebook.com\/austriapraemiks\/","article_modified_time":"2025-06-13T11:02:43+00:00","og_image":[{"url":"https:\/\/ap.com.al\/wp-content\/uploads\/2022\/03\/Asset-51-1.png"}],"twitter_card":"summary_large_image","twitter_misc":{"Est. reading time":"1 minute"},"schema":{"@context":"https:\/\/schema.org","@graph":[{"@type":"Organization","@id":"https:\/\/ap.com.al\/#organization","name":"Austria Preamix","url":"https:\/\/ap.com.al\/","sameAs":["https:\/\/www.instagram.com\/austriapraemix\/","https:\/\/www.facebook.com\/austriapraemiks\/"],"logo":{"@type":"ImageObject","inLanguage":"en-US","@id":"https:\/\/ap.com.al\/#\/schema\/logo\/image\/","url":"https:\/\/ap.com.al\/wp-content\/uploads\/2022\/02\/AP-logo.png","contentUrl":"https:\/\/ap.com.al\/wp-content\/uploads\/2022\/02\/AP-logo.png","width":3358,"height":1616,"caption":"Austria Preamix"},"image":{"@id":"https:\/\/ap.com.al\/#\/schema\/logo\/image\/"}},{"@type":"WebSite","@id":"https:\/\/ap.com.al\/#website","url":"https:\/\/ap.com.al\/","name":"Austria Praemix","description":"","publisher":{"@id":"https:\/\/ap.com.al\/#organization"},"potentialAction":[{"@type":"SearchAction","target":{"@type":"EntryPoint","urlTemplate":"https:\/\/ap.com.al\/?s={search_term_string}"},"query-input":"required name=search_term_string"}],"inLanguage":"en-US"},{"@type":"ImageObject","inLanguage":"en-US","@id":"https:\/\/ap.com.al\/?page_id=9252#primaryimage","url":"https:\/\/ap.com.al\/wp-content\/uploads\/2022\/03\/Asset-51-1.png","contentUrl":"https:\/\/ap.com.al\/wp-content\/uploads\/2022\/03\/Asset-51-1.png","width":355,"height":354},{"@type":"WebPage","@id":"https:\/\/ap.com.al\/?page_id=9252#webpage","url":"https:\/\/ap.com.al\/?page_id=9252","name":"SILAZHI: THEMELI I USHQIMIT CIL\u00cbSOR P\u00cbR BAG\u00cbTIN\u00cb \u2013 ZGJIDHNI PRODUKTIN E DUHUR P\u00cbR REZULTATE OPTIMALE - Austria Praemix","isPartOf":{"@id":"https:\/\/ap.com.al\/#website"},"primaryImageOfPage":{"@id":"https:\/\/ap.com.al\/?page_id=9252#primaryimage"},"datePublished":"2025-06-13T10:54:04+00:00","dateModified":"2025-06-13T11:02:43+00:00","breadcrumb":{"@id":"https:\/\/ap.com.al\/?page_id=9252#breadcrumb"},"inLanguage":"en-US","potentialAction":[{"@type":"ReadAction","target":["https:\/\/ap.com.al\/?page_id=9252"]}]},{"@type":"BreadcrumbList","@id":"https:\/\/ap.com.al\/?page_id=9252#breadcrumb","itemListElement":[{"@type":"ListItem","position":1,"name":"Home","item":"https:\/\/ap.com.al\/"},{"@type":"ListItem","position":2,"name":"SILAZHI: THEMELI I USHQIMIT CIL\u00cbSOR P\u00cbR BAG\u00cbTIN\u00cb \u2013 ZGJIDHNI PRODUKTIN E DUHUR P\u00cbR REZULTATE OPTIMALE"}]}]}},"_links":{"self":[{"href":"https:\/\/ap.com.al\/index.php?rest_route=\/wp\/v2\/pages\/9252","targetHints":{"allow":["GET"]}}],"collection":[{"href":"https:\/\/ap.com.al\/index.php?rest_route=\/wp\/v2\/pages"}],"about":[{"href":"https:\/\/ap.com.al\/index.php?rest_route=\/wp\/v2\/types\/page"}],"author":[{"embeddable":true,"href":"https:\/\/ap.com.al\/index.php?rest_route=\/wp\/v2\/users\/2"}],"replies":[{"embeddable":true,"href":"https:\/\/ap.com.al\/index.php?rest_route=%2Fwp%2Fv2%2Fcomments&post=9252"}],"version-history":[{"count":6,"href":"https:\/\/ap.com.al\/index.php?rest_route=\/wp\/v2\/pages\/9252\/revisions"}],"predecessor-version":[{"id":9261,"href":"https:\/\/ap.com.al\/index.php?rest_route=\/wp\/v2\/pages\/9252\/revisions\/9261"}],"wp:attachment":[{"href":"https:\/\/ap.com.al\/index.php?rest_route=%2Fwp%2Fv2%2Fmedia&parent=9252"}],"curies":[{"name":"wp","href":"https:\/\/api.w.org\/{rel}","templated":true}]}}