{"id":9264,"date":"2025-06-16T08:43:32","date_gmt":"2025-06-16T08:43:32","guid":{"rendered":"https:\/\/ap.com.al\/?page_id=9264"},"modified":"2025-06-16T08:58:36","modified_gmt":"2025-06-16T08:58:36","slug":"summer-vital","status":"publish","type":"page","link":"https:\/\/ap.com.al\/?page_id=9264","title":{"rendered":"SUMMER VITAL"},"content":{"rendered":"\n<style>\n  #oniiii{\n    background-image:url(\"https:\/\/ap.com.al\/wp-content\/uploads\/2022\/01\/Kuehe.jpg\");\n    padding-bottom: 32%;\n    background-position:center center;\n    background-repeat: no-repeat;\n    background-size:cover;\n  }\n  <\/style>\n  <script src=\"https:\/\/code.jquery.com\/jquery-3.5.0.js\">\n<\/script>\n\n<div id=\"oniiii\"><\/div>\n \n<script>\n$( \"#oniiii\" ).insertBefore( \".container_wrap_first\" );\n<\/script>\n\n\n\n<div class=\"wp-block-columns\" id=\"containerr\">\n<div class=\"wp-block-column\">\n<div class=\"avia_textblock\" itemprop=\"text\"><h4 style=\"color:#005a8c;\n\">SUMMER VITAL<\/h4>\n<\/div>\n<\/div>\n<\/div>\n\n\n\n<div class=\"wp-block-columns\" id=\"containerr\">\n<div class=\"wp-block-column\">\n<div class=\"detail__certificates-item-icon\">\n<img decoding=\"async\" alt=\"SCHAUMASIL TMR GL\" src=\"https:\/\/ap.com.al\/wp-content\/uploads\/2022\/03\/Asset-51-1.png\">\n<\/div>\n<\/div>\n<\/div>\n\n\n\n<div class=\"wp-block-columns\" id=\"containerr\">\n<div class=\"wp-block-column\">\n<div class=\"blue_list\">\n<h4>MB\u00cbSHTETJE P\u00cbR LOP\u00cbT E QUM\u00cbSHTIT GJAT\u00cb DIT\u00cbVE T\u00cb NXEHTA T\u00cb VER\u00cbS<\/h4>\n<\/div>\n\n\n\n<div class=\"blue_marker_list\">\n<br>TEMPERATURAT E LARTA SHKAKTOJN\u00cb TE LOP\u00cbT STRES NGA NXEHT\u00cbSIA, DUKE NDIKUAR NEGATIVISHT N\u00cb SH\u00cbNDETIN DHE PRODHIMTARIN\u00cb E TYRE. P\u00cbRMES P\u00cbRB\u00cbR\u00cbSVE T\u00cb P\u00cbRZGJEDHUR ME KUJDES, SUMMER VITAL OFRON NJ\u00cb MB\u00cbSHTETJE T\u00cb SYNUAR.\n<\/br>\n<h4>P\u00ebrb\u00ebr\u00ebsit:<\/h4>\n<ul style=\"list-style-type: square; \n\tpadding-left: 1em;\">\n<li>Burime aminoacidesh p\u00ebr t\u00eb kompensuar marrjen e reduktuar t\u00eb ushqimit<\/li>\n<li>Bufers dhe p\u00ebrb\u00ebr\u00ebs me veprim alkalin.<\/li>\n<li>Antioksidant\u00eb natyral\u00eb dhe aditiv\u00eb<\/li>\n<li>Ndikim n\u00eb fermentimin e rumenit me q\u00ebllim rritjen e p\u00ebrthithjes s\u00eb l\u00ebnd\u00ebve ushqyese<\/li><\/ul>\n<h4>Aminoacide t\u00eb shtuara p\u00ebr k\u00ebrkesa t\u00eb rritura ushqyese<\/h4>\n<ul style=\"list-style-type: square; \n\tpadding-left: 1em;\">\n<li>Ndikon n\u00eb fermentimin e rumenit dhe metabolizmin e yndyr\u00ebs<\/li>\n<li>N\u00eb rastet e konsumit t\u00eb reduktuar t\u00eb ushqimit, plot\u00ebson boshll\u00ebqet\/mungesat ushqyese<\/li>\n<li>Forcon p\u00ebrgjigjen imunitare<\/li>\n<\/ul>\n<h4>Bufers dhe p\u00ebrb\u00ebr\u00ebs me veprim alkalin<\/h4>\n<ul style=\"list-style-type: square; \n\tpadding-left: 1em;\">\n<li>Kombinim i substancave rregulluese t\u00eb pH-it me veprim t\u00eb shpejt\u00eb dhe t\u00eb zgjatur<\/li>\n<li>Ul rrezikun e acidoz\u00ebs n\u00eb rumen<\/li>\n<li>Stabilizon pH-n\u00eb n\u00eb rumen dhe gjak<\/li>\n<li>Rregullon balanc\u00ebn DCAB dhe mb\u00ebshtet tretjen e fibrave<\/li>\n<\/ul>\n<h4>Ndikim n\u00eb fermentimin e rumenit<\/h4>\n<ul style=\"list-style-type: square; \n\tpadding-left: 1em;\">\n<li>\u00c7liron l\u00ebnd\u00eb ushqyese t\u00eb lidhura n\u00eb muret qelizore (energji &#038; proteina)<\/li>\n<li>Mb\u00ebshtet shp\u00ebrb\u00ebrjen e fibrave<\/li>\n<li>P\u00ebrmir\u00ebson shfryt\u00ebzimin e ushqimeve nga ferma<\/li>\n<\/ul>\n<h4>Antioksidant\u00eb natyral\u00eb dhe aditiv\u00eb p\u00ebr t\u00eb mb\u00ebshtetur reagimin metabolik ndaj stresit t\u00eb nxeht\u00ebsis\u00eb<\/h4>\n<ul style=\"list-style-type: square; \n\tpadding-left: 1em;\">\n<li>Nd\u00ebrmjet\u00ebson p\u00ebrgjigjen e receptor\u00ebve specifik\u00eb n\u00eb nivelin e zorr\u00ebve p\u00ebr t\u00eb ndikuar n\u00eb termorregullimin<\/li>\n<li>Mb\u00ebshtet metabolizmin normal n\u00eb temperatura t\u00eb larta<\/li>\n<li>Ndikon n\u00eb rregullimin e energjis\u00eb p\u00ebrmes insulin\u00ebs dhe glukoz\u00ebs<\/li>\n<\/ul>\n<h4>Rekomandime t\u00eb t\u00eb ushqyerit<\/h4>\n<ul style=\"list-style-type: square; \n\tpadding-left: 1em;\">\n<li>Vet\u00ebm p\u00ebr lop\u00ebt n\u00eb laktacion, jo p\u00ebr lop\u00ebt n\u00eb tharje!<\/li>\n<li>N\u00eb var\u00ebsi t\u00eb prodhimit: 150 &#8211; 250 g p\u00ebr kafsh\u00eb n\u00eb dit\u00eb<\/li>\n<\/ul>\n<\/div>\n<\/div>\n<\/div>\n","protected":false},"excerpt":{"rendered":"<p>SUMMER VITAL MB\u00cbSHTETJE P\u00cbR LOP\u00cbT E QUM\u00cbSHTIT GJAT\u00cb DIT\u00cbVE T\u00cb NXEHTA T\u00cb VER\u00cbS TEMPERATURAT E LARTA SHKAKTOJN\u00cb TE LOP\u00cbT STRES NGA NXEHT\u00cbSIA, DUKE NDIKUAR NEGATIVISHT N\u00cb SH\u00cbNDETIN DHE PRODHIMTARIN\u00cb E TYRE. P\u00cbRMES P\u00cbRB\u00cbR\u00cbSVE T\u00cb P\u00cbRZGJEDHUR ME KUJDES, SUMMER VITAL OFRON NJ\u00cb MB\u00cbSHTETJE T\u00cb SYNUAR. P\u00ebrb\u00ebr\u00ebsit: Burime aminoacidesh p\u00ebr t\u00eb kompensuar marrjen e reduktuar t\u00eb ushqimit [&hellip;]<\/p>\n","protected":false},"author":2,"featured_media":0,"parent":0,"menu_order":0,"comment_status":"closed","ping_status":"closed","template":"","meta":{"inline_featured_image":false,"footnotes":""},"class_list":["post-9264","page","type-page","status-publish","hentry"],"yoast_head":"<!-- This site is optimized with the Yoast SEO plugin v18.9 - https:\/\/yoast.com\/wordpress\/plugins\/seo\/ -->\n<title>SUMMER VITAL - Austria Praemix<\/title>\n<meta name=\"robots\" content=\"index, follow, max-snippet:-1, max-image-preview:large, max-video-preview:-1\" \/>\n<link rel=\"canonical\" href=\"https:\/\/ap.com.al\/?page_id=9264\" \/>\n<meta property=\"og:locale\" content=\"en_US\" \/>\n<meta property=\"og:type\" content=\"article\" \/>\n<meta property=\"og:title\" content=\"SUMMER VITAL - Austria Praemix\" \/>\n<meta property=\"og:description\" content=\"SUMMER VITAL MB\u00cbSHTETJE P\u00cbR LOP\u00cbT E QUM\u00cbSHTIT GJAT\u00cb DIT\u00cbVE T\u00cb NXEHTA T\u00cb VER\u00cbS TEMPERATURAT E LARTA SHKAKTOJN\u00cb TE LOP\u00cbT STRES NGA NXEHT\u00cbSIA, DUKE NDIKUAR NEGATIVISHT N\u00cb SH\u00cbNDETIN DHE PRODHIMTARIN\u00cb E TYRE. P\u00cbRMES P\u00cbRB\u00cbR\u00cbSVE T\u00cb P\u00cbRZGJEDHUR ME KUJDES, SUMMER VITAL OFRON NJ\u00cb MB\u00cbSHTETJE T\u00cb SYNUAR. P\u00ebrb\u00ebr\u00ebsit: Burime aminoacidesh p\u00ebr t\u00eb kompensuar marrjen e reduktuar t\u00eb ushqimit [&hellip;]\" \/>\n<meta property=\"og:url\" content=\"https:\/\/ap.com.al\/?page_id=9264\" \/>\n<meta property=\"og:site_name\" content=\"Austria Praemix\" \/>\n<meta property=\"article:publisher\" content=\"https:\/\/www.facebook.com\/austriapraemiks\/\" \/>\n<meta property=\"article:modified_time\" content=\"2025-06-16T08:58:36+00:00\" \/>\n<meta property=\"og:image\" content=\"https:\/\/ap.com.al\/wp-content\/uploads\/2022\/03\/Asset-51-1.png\" \/>\n<meta name=\"twitter:card\" content=\"summary_large_image\" \/>\n<meta name=\"twitter:label1\" content=\"Est. reading time\" \/>\n\t<meta name=\"twitter:data1\" content=\"1 minute\" \/>\n<script type=\"application\/ld+json\" class=\"yoast-schema-graph\">{\"@context\":\"https:\/\/schema.org\",\"@graph\":[{\"@type\":\"Organization\",\"@id\":\"https:\/\/ap.com.al\/#organization\",\"name\":\"Austria Preamix\",\"url\":\"https:\/\/ap.com.al\/\",\"sameAs\":[\"https:\/\/www.instagram.com\/austriapraemix\/\",\"https:\/\/www.facebook.com\/austriapraemiks\/\"],\"logo\":{\"@type\":\"ImageObject\",\"inLanguage\":\"en-US\",\"@id\":\"https:\/\/ap.com.al\/#\/schema\/logo\/image\/\",\"url\":\"https:\/\/ap.com.al\/wp-content\/uploads\/2022\/02\/AP-logo.png\",\"contentUrl\":\"https:\/\/ap.com.al\/wp-content\/uploads\/2022\/02\/AP-logo.png\",\"width\":3358,\"height\":1616,\"caption\":\"Austria Preamix\"},\"image\":{\"@id\":\"https:\/\/ap.com.al\/#\/schema\/logo\/image\/\"}},{\"@type\":\"WebSite\",\"@id\":\"https:\/\/ap.com.al\/#website\",\"url\":\"https:\/\/ap.com.al\/\",\"name\":\"Austria Praemix\",\"description\":\"\",\"publisher\":{\"@id\":\"https:\/\/ap.com.al\/#organization\"},\"potentialAction\":[{\"@type\":\"SearchAction\",\"target\":{\"@type\":\"EntryPoint\",\"urlTemplate\":\"https:\/\/ap.com.al\/?s={search_term_string}\"},\"query-input\":\"required name=search_term_string\"}],\"inLanguage\":\"en-US\"},{\"@type\":\"ImageObject\",\"inLanguage\":\"en-US\",\"@id\":\"https:\/\/ap.com.al\/?page_id=9264#primaryimage\",\"url\":\"https:\/\/ap.com.al\/wp-content\/uploads\/2022\/03\/Asset-51-1.png\",\"contentUrl\":\"https:\/\/ap.com.al\/wp-content\/uploads\/2022\/03\/Asset-51-1.png\",\"width\":355,\"height\":354},{\"@type\":\"WebPage\",\"@id\":\"https:\/\/ap.com.al\/?page_id=9264#webpage\",\"url\":\"https:\/\/ap.com.al\/?page_id=9264\",\"name\":\"SUMMER VITAL - Austria Praemix\",\"isPartOf\":{\"@id\":\"https:\/\/ap.com.al\/#website\"},\"primaryImageOfPage\":{\"@id\":\"https:\/\/ap.com.al\/?page_id=9264#primaryimage\"},\"datePublished\":\"2025-06-16T08:43:32+00:00\",\"dateModified\":\"2025-06-16T08:58:36+00:00\",\"breadcrumb\":{\"@id\":\"https:\/\/ap.com.al\/?page_id=9264#breadcrumb\"},\"inLanguage\":\"en-US\",\"potentialAction\":[{\"@type\":\"ReadAction\",\"target\":[\"https:\/\/ap.com.al\/?page_id=9264\"]}]},{\"@type\":\"BreadcrumbList\",\"@id\":\"https:\/\/ap.com.al\/?page_id=9264#breadcrumb\",\"itemListElement\":[{\"@type\":\"ListItem\",\"position\":1,\"name\":\"Home\",\"item\":\"https:\/\/ap.com.al\/\"},{\"@type\":\"ListItem\",\"position\":2,\"name\":\"SUMMER VITAL\"}]}]}<\/script>\n<!-- \/ Yoast SEO plugin. -->","yoast_head_json":{"title":"SUMMER VITAL - Austria Praemix","robots":{"index":"index","follow":"follow","max-snippet":"max-snippet:-1","max-image-preview":"max-image-preview:large","max-video-preview":"max-video-preview:-1"},"canonical":"https:\/\/ap.com.al\/?page_id=9264","og_locale":"en_US","og_type":"article","og_title":"SUMMER VITAL - Austria Praemix","og_description":"SUMMER VITAL MB\u00cbSHTETJE P\u00cbR LOP\u00cbT E QUM\u00cbSHTIT GJAT\u00cb DIT\u00cbVE T\u00cb NXEHTA T\u00cb VER\u00cbS TEMPERATURAT E LARTA SHKAKTOJN\u00cb TE LOP\u00cbT STRES NGA NXEHT\u00cbSIA, DUKE NDIKUAR NEGATIVISHT N\u00cb SH\u00cbNDETIN DHE PRODHIMTARIN\u00cb E TYRE. P\u00cbRMES P\u00cbRB\u00cbR\u00cbSVE T\u00cb P\u00cbRZGJEDHUR ME KUJDES, SUMMER VITAL OFRON NJ\u00cb MB\u00cbSHTETJE T\u00cb SYNUAR. P\u00ebrb\u00ebr\u00ebsit: Burime aminoacidesh p\u00ebr t\u00eb kompensuar marrjen e reduktuar t\u00eb ushqimit [&hellip;]","og_url":"https:\/\/ap.com.al\/?page_id=9264","og_site_name":"Austria Praemix","article_publisher":"https:\/\/www.facebook.com\/austriapraemiks\/","article_modified_time":"2025-06-16T08:58:36+00:00","og_image":[{"url":"https:\/\/ap.com.al\/wp-content\/uploads\/2022\/03\/Asset-51-1.png"}],"twitter_card":"summary_large_image","twitter_misc":{"Est. reading time":"1 minute"},"schema":{"@context":"https:\/\/schema.org","@graph":[{"@type":"Organization","@id":"https:\/\/ap.com.al\/#organization","name":"Austria Preamix","url":"https:\/\/ap.com.al\/","sameAs":["https:\/\/www.instagram.com\/austriapraemix\/","https:\/\/www.facebook.com\/austriapraemiks\/"],"logo":{"@type":"ImageObject","inLanguage":"en-US","@id":"https:\/\/ap.com.al\/#\/schema\/logo\/image\/","url":"https:\/\/ap.com.al\/wp-content\/uploads\/2022\/02\/AP-logo.png","contentUrl":"https:\/\/ap.com.al\/wp-content\/uploads\/2022\/02\/AP-logo.png","width":3358,"height":1616,"caption":"Austria Preamix"},"image":{"@id":"https:\/\/ap.com.al\/#\/schema\/logo\/image\/"}},{"@type":"WebSite","@id":"https:\/\/ap.com.al\/#website","url":"https:\/\/ap.com.al\/","name":"Austria Praemix","description":"","publisher":{"@id":"https:\/\/ap.com.al\/#organization"},"potentialAction":[{"@type":"SearchAction","target":{"@type":"EntryPoint","urlTemplate":"https:\/\/ap.com.al\/?s={search_term_string}"},"query-input":"required name=search_term_string"}],"inLanguage":"en-US"},{"@type":"ImageObject","inLanguage":"en-US","@id":"https:\/\/ap.com.al\/?page_id=9264#primaryimage","url":"https:\/\/ap.com.al\/wp-content\/uploads\/2022\/03\/Asset-51-1.png","contentUrl":"https:\/\/ap.com.al\/wp-content\/uploads\/2022\/03\/Asset-51-1.png","width":355,"height":354},{"@type":"WebPage","@id":"https:\/\/ap.com.al\/?page_id=9264#webpage","url":"https:\/\/ap.com.al\/?page_id=9264","name":"SUMMER VITAL - Austria Praemix","isPartOf":{"@id":"https:\/\/ap.com.al\/#website"},"primaryImageOfPage":{"@id":"https:\/\/ap.com.al\/?page_id=9264#primaryimage"},"datePublished":"2025-06-16T08:43:32+00:00","dateModified":"2025-06-16T08:58:36+00:00","breadcrumb":{"@id":"https:\/\/ap.com.al\/?page_id=9264#breadcrumb"},"inLanguage":"en-US","potentialAction":[{"@type":"ReadAction","target":["https:\/\/ap.com.al\/?page_id=9264"]}]},{"@type":"BreadcrumbList","@id":"https:\/\/ap.com.al\/?page_id=9264#breadcrumb","itemListElement":[{"@type":"ListItem","position":1,"name":"Home","item":"https:\/\/ap.com.al\/"},{"@type":"ListItem","position":2,"name":"SUMMER VITAL"}]}]}},"_links":{"self":[{"href":"https:\/\/ap.com.al\/index.php?rest_route=\/wp\/v2\/pages\/9264","targetHints":{"allow":["GET"]}}],"collection":[{"href":"https:\/\/ap.com.al\/index.php?rest_route=\/wp\/v2\/pages"}],"about":[{"href":"https:\/\/ap.com.al\/index.php?rest_route=\/wp\/v2\/types\/page"}],"author":[{"embeddable":true,"href":"https:\/\/ap.com.al\/index.php?rest_route=\/wp\/v2\/users\/2"}],"replies":[{"embeddable":true,"href":"https:\/\/ap.com.al\/index.php?rest_route=%2Fwp%2Fv2%2Fcomments&post=9264"}],"version-history":[{"count":3,"href":"https:\/\/ap.com.al\/index.php?rest_route=\/wp\/v2\/pages\/9264\/revisions"}],"predecessor-version":[{"id":9270,"href":"https:\/\/ap.com.al\/index.php?rest_route=\/wp\/v2\/pages\/9264\/revisions\/9270"}],"wp:attachment":[{"href":"https:\/\/ap.com.al\/index.php?rest_route=%2Fwp%2Fv2%2Fmedia&parent=9264"}],"curies":[{"name":"wp","href":"https:\/\/api.w.org\/{rel}","templated":true}]}}