{"id":9271,"date":"2025-06-18T08:11:59","date_gmt":"2025-06-18T08:11:59","guid":{"rendered":"https:\/\/ap.com.al\/?page_id=9271"},"modified":"2025-06-18T12:38:03","modified_gmt":"2025-06-18T12:38:03","slug":"ndihme-gicat-e-mi-nuk-po-rriten","status":"publish","type":"page","link":"https:\/\/ap.com.al\/?page_id=9271","title":{"rendered":"Ndihm\u00eb! Gicat e mi nuk po rriten!"},"content":{"rendered":"\n<p><\/p>\n\n\n\n<p><\/p>\n\n\n\n<style>\n  #oniiii{\n    background-image:url(\"https:\/\/ap.com.al\/wp-content\/uploads\/2025\/06\/Artikull-19.png\");\n    padding-bottom: 32%;\n    background-position:center left;\n    background-repeat: no-repeat;\n    background-size:cover;\n  }\n  <\/style>\n  <script src=\"https:\/\/code.jquery.com\/jquery-3.5.0.js\">\n<\/script>\n\n<div id=\"oniiii\"><\/div>\n \n<script>\n$( \"#oniiii\" ).insertBefore( \".container_wrap_first\" );\n<\/script>\n\n\n\n<div class=\"wp-block-columns\" id=\"containerr\">\n<div class=\"wp-block-column\">\n<div class=\"avia_textblock\" itemprop=\"text\"><h4 style=\"color:#005a8c;\n\">Ndihm\u00eb! Gicat e mi nuk po rriten!<\/h4>\n<p align=\"right\">\n   P\u00ebrpunuar nga Klevis Xhardja\n<\/p>\n<\/div>\n<\/div>\n<\/div>\n\n\n\n<div class=\"wp-block-columns\" id=\"containerr\">\n<div class=\"wp-block-column\">\n<div class=\"detail__certificates-item-icon\">\n<img decoding=\"async\" alt=\"SCHAUMALAC M 70 \" src=\"https:\/\/ap.com.al\/wp-content\/uploads\/2022\/03\/Asset-54-1.png\">\n<\/div>\n<\/div>\n<\/div>\n\n\n\n<div class=\"wp-block-columns\" id=\"containerr\">\n<div class=\"wp-block-column\">\n<figure class=\"wp-block-image size-full is-resized\"><img loading=\"lazy\" decoding=\"async\" width=\"527\" height=\"380\" src=\"https:\/\/ap.com.al\/wp-content\/uploads\/2025\/06\/image-3.png\" alt=\"\" class=\"wp-image-9272\" style=\"width:671px;height:auto\" srcset=\"https:\/\/ap.com.al\/wp-content\/uploads\/2025\/06\/image-3.png 527w, https:\/\/ap.com.al\/wp-content\/uploads\/2025\/06\/image-3-300x216.png 300w, https:\/\/ap.com.al\/wp-content\/uploads\/2025\/06\/image-3-450x324.png 450w\" sizes=\"auto, (max-width: 527px) 100vw, 527px\" \/><\/figure>\n\n\n\n<div class=\"blue_marker_list\">\n<h4 style=\"padding-top: 20px;\">Pse gicat nuk po rriten m\u00eb si m\u00eb par\u00eb?<\/h4>\n<p align=\"justify\" style=\"margin-bottom: 0;\">Si veteriner, gjithnj\u00eb e m\u00eb shpesh gjat\u00eb vitit t\u00eb kaluar m\u00eb \u00ebsht\u00eb b\u00ebr\u00eb pyetja: &#8220;Pse gicat nuk po rriten si m\u00eb par\u00eb?&#8221;. P\u00ebr fat t\u00eb keq, kjo nuk \u00ebsht\u00eb nj\u00eb pyetje q\u00eb mund t\u00eb marr\u00eb p\u00ebrgjigje vet\u00ebm me nj\u00eb fjali. Koh\u00ebt e fundit, disa faktor\u00eb baz\u00eb n\u00eb blegtori kan\u00eb ndryshuar, duke e b\u00ebr\u00eb m\u00eb t\u00eb v\u00ebshtir\u00eb jo vet\u00ebm rritjen, por edhe majm\u00ebrimin e gicave. Tufat jan\u00eb b\u00ebr\u00eb m\u00eb t\u00eb m\u00ebdha, nd\u00ebrsa format e reja organizative t\u00eb prodhimit ndikojn\u00eb drejtp\u00ebrdrejt n\u00eb prodhimin e gicave.\n<\/p>\n<p align=\"justify\" style=\"margin-bottom: 0;\">Disa prej ndryshimeve kryesore jan\u00eb:<\/p>\n<ul style=\"list-style-type: square; padding-left: 1em; margin-bottom: 0;\">\n<li>Komponent\u00ebt ushqimor\u00eb me cil\u00ebsi t\u00eb lart\u00eb ndonj\u00ebher\u00eb nuk jan\u00eb m\u00eb t\u00eb disponuesh\u00ebm.<\/li>\n<li>\u00cbsht\u00eb ndaluar ose \u00ebsht\u00eb hequr dor\u00eb vullnetarisht nga p\u00ebrmir\u00ebsuesit e performanc\u00ebs.<\/li>\n<li>Jan\u00eb futur terma t\u00eb rinj, si \u201cdisbakterioza\u201d, q\u00eb thjesht p\u00ebrshkruajn\u00eb \u00e7ekuilibrin e flor\u00ebs s\u00eb zorr\u00ebve p\u00ebr arsye ende t\u00eb paqarta.<\/li><\/ul>\n\n<p align=\"justify\" style=\"margin-bottom: 0;\">Me heqjen e p\u00ebrmir\u00ebsuesve t\u00eb performanc\u00ebs me baz\u00eb antibiotik\u00ebsh, \u00ebsht\u00eb rritur numri i mikrobeve q\u00eb mendonim se i kishim n\u00ebn kontroll. Kjo vihet re sidomos n\u00eb sfer\u00ebn e infeksioneve t\u00eb zorr\u00ebve, ku mikrobet &#8220;e vjetra&#8221; po shfaqen s\u00ebrish, por me forma t\u00eb reja.<\/p>\n\n<h4 style=\"padding-top: 20px;\">Dizenteria e derrit<\/h4>\n<p align=\"justify\" style=\"margin-bottom: 0;\">Patogjeni i dizenteris\u00eb s\u00eb derrit, Brachyspira hyodysenteriae, \u00ebsht\u00eb gjithnj\u00eb e m\u00eb i pranish\u00ebm dhe tashm\u00eb po shfaqet n\u00eb faza gjithnj\u00eb e m\u00eb t\u00eb hershme t\u00eb jet\u00ebs (gicat 30-40 kg). Prania e patogjenit nuk shkakton domosdoshm\u00ebrisht shp\u00ebrthim s\u00ebmundjeje \u2013 faktor\u00ebt mjedisor\u00eb dhe stresi jan\u00eb ata q\u00eb ndikojn\u00eb drejtp\u00ebrdrejt n\u00eb shfaqjen klinike. Zakonisht preket vet\u00ebm nj\u00eb pjes\u00eb e tuf\u00ebs. Kafsh\u00ebt shfaqen t\u00eb pangopura, mund t\u00eb ken\u00eb diarre me ngjyr\u00eb fillimisht t\u00eb verdh\u00eb e m\u00eb pas gri ose me gjak (jo gjithmon\u00eb e dukshme). V\u00ebrehet r\u00ebnie n\u00eb performanc\u00eb, trullosje dhe vdekje n\u00eb raste akute. Trajtimi k\u00ebrkon koh\u00eb dhe shpesh \u00ebsht\u00eb i v\u00ebshtir\u00eb. Patogjeni zakonisht nuk eliminohet plot\u00ebsisht vet\u00ebm me antibiotik\u00eb. Dy preparatet m\u00eb t\u00eb p\u00ebrdorura jan\u00eb Tiamutin dhe Econor. Ky i fundit nuk ka qen\u00eb i disponuesh\u00ebm p\u00ebr nj\u00eb koh\u00eb p\u00ebr shkak t\u00eb \u00e7\u00ebshtjeve t\u00eb miratimit. Trajtimi duhet t\u00eb zgjas\u00eb t\u00eb pakt\u00ebn 14 dit\u00eb. N\u00ebse, pavar\u00ebsisht trajtimit, s\u00ebmundja shp\u00ebrthen s\u00ebrish, ka gjasa q\u00eb patogjeni nuk \u00ebsht\u00eb eliminuar. Ai q\u00ebndron n\u00eb kafsh\u00ebt mbart\u00ebse dhe n\u00eb mjedis (stall\u00eb, lluc\u00eb). Prandaj, krahas trajtimit me antibiotik\u00eb, masat higjienike dhe dezinfektuese jan\u00eb t\u00eb domosdoshme. Kujdes: Kur p\u00ebrdoret Tiamutin apo Econor, ushqimi nuk duhet t\u00eb p\u00ebrmbaj\u00eb p\u00ebrmir\u00ebsuesin e performanc\u00ebs salinomycin sodium!<\/p>\n<h4 style=\"padding-top: 20px;\">Enteropatia proliferative (PPE)<\/h4>\n<p align=\"justify\" style=\"margin-bottom: 0;\">Ngjash\u00ebm me dizenterin\u00eb, PPE (ose PIA n\u00eb form\u00ebn kronike) shfaqet si n\u00eb form\u00eb akute ashtu edhe kronike. Shpesh ndodh q\u00eb kafsha ushqehet normalisht dhe m\u00eb pas ngordh papritur. N\u00eb autopsi gjendet gjak i shumt\u00eb n\u00eb zorr\u00eb. Forma kronike shkakton r\u00ebnie n\u00eb performanc\u00ebn e majm\u00ebris\u00eb. S\u00ebmundja shp\u00ebrthen kur bashkohen faktor\u00eb si klima e pafavorshme, stresi dhe patogjen\u00eb t\u00eb tjer\u00eb. P\u00ebr t\u00eb pasur sukses n\u00eb luftimin e saj, p\u00ebrve\u00e7 trajtimit, k\u00ebrkohet p\u00ebrmir\u00ebsim i kushteve t\u00eb mjedisit dhe menaxhimit.<\/p>\n\n<h4 style=\"padding-top: 20px;\">Problemet gjat\u00eb shk\u00ebputjes nga gjiri<\/h4>\n<p align=\"justify\" style=\"margin-bottom: 0;\">Sot kemi m\u00eb shum\u00eb probleme gjat\u00eb shk\u00ebputjes s\u00eb gicave nga gjiri. \u00c7do ferm\u00eb duhet t\u00eb analizoj\u00eb situat\u00ebn e saj specifike. Rregulloret e reja ligjore, si Ligji p\u00ebr Kontrollin e Barnave Veterinare, kan\u00eb krijuar nj\u00eb realitet t\u00eb ri dhe m\u00eb t\u00eb kufizuar. Menaxhimi i shk\u00ebputjes nga gjiri duhet t\u00eb jet\u00eb i detajuar dhe i analizuar p\u00ebr t\u00eb gjetur zgjidhje efektive.<\/p>\n<h4 style=\"padding-top: 20px;\">Infeksionet e rrug\u00ebve t\u00eb frym\u00ebmarrjes<\/h4>\n<p align=\"justify\" style=\"margin-bottom: 0;\">PRRS \u00ebsht\u00eb tashm\u00eb nj\u00eb problem i njohur. Tani q\u00eb n\u00eb Austri jan\u00eb miratuar si vaksina e gjall\u00eb, ashtu edhe ajo e inaktivizuar, kemi filluar t\u00eb fitojm\u00eb eksperienc\u00eb. Por jo \u00e7do problem n\u00eb rrug\u00ebt e frym\u00ebmarrjes \u00ebsht\u00eb PRRS. Para se t\u00eb vendoset p\u00ebr vaksinim, nevojitet diagnostikim i sakt\u00eb nga veterineri p\u00ebr t\u00eb vler\u00ebsuar n\u00ebse dhe ku \u00ebsht\u00eb i pranish\u00ebm virusi n\u00eb tuf\u00eb. Vet\u00ebm at\u00ebher\u00eb mund t\u00eb p\u00ebrcaktohet nj\u00eb program vaksinimi efektiv.<\/p>\n\n<h4 style=\"padding-top: 20px;\">Circoviruset<\/h4>\n<p align=\"justify\" style=\"margin-bottom: 0;\">Infeksionet me circovirus jan\u00eb aktualisht nd\u00ebr problemet m\u00eb t\u00eb p\u00ebrfolura. Thuajse \u00e7do gic q\u00eb nuk rritet, pretendohet se ka circovirus. Megjithat\u00eb, k\u00ebta patogjen\u00eb nuk jan\u00eb t\u00eb rinj \u2013 jan\u00eb zbuluar m\u00eb shum\u00eb se 10 vjet m\u00eb par\u00eb. Pamja tipike e nj\u00eb gici t\u00eb infektuar me circovirus \u00ebsht\u00eb kjo: kafsha ha, por nuk rritet. Kockat jan\u00eb shum\u00eb t\u00eb dukshme, por ajo nuk ngordh dhe nuk reagon ndaj antibiotik\u00ebve. Circoviruset dob\u00ebsojn\u00eb sistemin imunitar, duke e b\u00ebr\u00eb kafsh\u00ebn m\u00eb t\u00eb prekshme ndaj s\u00ebmundjeve t\u00eb tjera, si PRRS, streptokoket, mikoplazma apo infeksionet e zorr\u00ebve. Nuk ekziston vaksin\u00eb p\u00ebr circovirusin. Antibiotik\u00ebt mund t\u00eb ndihmojn\u00eb vet\u00ebm ndaj patogjen\u00ebve dyt\u00ebsor\u00eb, jo ndaj vet\u00eb virusit.<\/p>\n\n<h4 style=\"padding-top: 20px;\">Parandalimi para trajtimit!<\/h4>\n<p align=\"justify\" style=\"margin-bottom: 0;\">Zgjidhja afatgjat\u00eb nuk \u00ebsht\u00eb trajtimi, por parandalimi: p\u00ebrmir\u00ebsimi i higjien\u00ebs n\u00eb ferm\u00eb, optimizimi i ushqimit, dezinfektimi i mjedisit, ulja e stresit. Menaxhimi luan rol thelb\u00ebsor. Gicat problematik\u00eb duhet t\u00eb identifikohen dhe trajtohen q\u00eb n\u00eb or\u00ebt e para. Grupimi i gabuar i kafsh\u00ebve t\u00eb s\u00ebmura me t\u00eb sh\u00ebndetshmet mund t\u00eb ket\u00eb pasoja fatale. P\u00ebrmir\u00ebsimi i menaxhimit dhe higjien\u00ebs k\u00ebrkon nj\u00eb analiz\u00eb t\u00eb detajuar dhe bashk\u00ebpunim t\u00eb ngusht\u00eb mes fermer\u00ebve, veteriner\u00ebve dhe k\u00ebshilltar\u00ebve. Sh\u00ebrbimi i Sh\u00ebndetit t\u00eb Kafsh\u00ebve &#8220;Neu&#8221; ka vendosur si synim q\u00eb t\u00eb k\u00ebshilloj\u00eb fermer\u00ebt dhe t\u00eb kujdeset p\u00ebr tufat, me q\u00ebllim minimizimin e p\u00ebrdorimit t\u00eb barnave veterinare dhe d\u00ebmtimeve t\u00eb lidhura me to n\u00eb blegtori. Ne t\u00eb gjith\u00eb jemi n\u00eb pritje t\u00eb zbatimit t\u00eb rregullores s\u00eb TGD dhe jemi optimist\u00eb q\u00eb n\u00eb t\u00eb ardhmen gicat tan\u00eb do t\u00eb rriten s\u00ebrish si m\u00eb par\u00eb!<\/p>\n<\/div>\n<\/div>\n<\/div>\n\n\n\n<p><\/p>\n","protected":false},"excerpt":{"rendered":"<p>Ndihm\u00eb! Gicat e mi nuk po rriten! P\u00ebrpunuar nga Klevis Xhardja Pse gicat nuk po rriten m\u00eb si m\u00eb par\u00eb? Si veteriner, gjithnj\u00eb e m\u00eb shpesh gjat\u00eb vitit t\u00eb kaluar m\u00eb \u00ebsht\u00eb b\u00ebr\u00eb pyetja: &#8220;Pse gicat nuk po rriten si m\u00eb par\u00eb?&#8221;. P\u00ebr fat t\u00eb keq, kjo nuk \u00ebsht\u00eb nj\u00eb pyetje q\u00eb mund t\u00eb marr\u00eb [&hellip;]<\/p>\n","protected":false},"author":2,"featured_media":0,"parent":0,"menu_order":0,"comment_status":"closed","ping_status":"closed","template":"","meta":{"inline_featured_image":false,"footnotes":""},"class_list":["post-9271","page","type-page","status-publish","hentry"],"yoast_head":"<!-- This site is optimized with the Yoast SEO plugin v18.9 - https:\/\/yoast.com\/wordpress\/plugins\/seo\/ -->\n<title>Ndihm\u00eb! Gicat e mi nuk po rriten! - Austria Praemix<\/title>\n<meta name=\"robots\" content=\"index, follow, max-snippet:-1, max-image-preview:large, max-video-preview:-1\" \/>\n<link rel=\"canonical\" href=\"https:\/\/ap.com.al\/?page_id=9271\" \/>\n<meta property=\"og:locale\" content=\"en_US\" \/>\n<meta property=\"og:type\" content=\"article\" \/>\n<meta property=\"og:title\" content=\"Ndihm\u00eb! Gicat e mi nuk po rriten! - Austria Praemix\" \/>\n<meta property=\"og:description\" content=\"Ndihm\u00eb! Gicat e mi nuk po rriten! P\u00ebrpunuar nga Klevis Xhardja Pse gicat nuk po rriten m\u00eb si m\u00eb par\u00eb? Si veteriner, gjithnj\u00eb e m\u00eb shpesh gjat\u00eb vitit t\u00eb kaluar m\u00eb \u00ebsht\u00eb b\u00ebr\u00eb pyetja: &#8220;Pse gicat nuk po rriten si m\u00eb par\u00eb?&#8221;. P\u00ebr fat t\u00eb keq, kjo nuk \u00ebsht\u00eb nj\u00eb pyetje q\u00eb mund t\u00eb marr\u00eb [&hellip;]\" \/>\n<meta property=\"og:url\" content=\"https:\/\/ap.com.al\/?page_id=9271\" \/>\n<meta property=\"og:site_name\" content=\"Austria Praemix\" \/>\n<meta property=\"article:publisher\" content=\"https:\/\/www.facebook.com\/austriapraemiks\/\" \/>\n<meta property=\"article:modified_time\" content=\"2025-06-18T12:38:03+00:00\" \/>\n<meta property=\"og:image\" content=\"https:\/\/ap.com.al\/wp-content\/uploads\/2022\/03\/Asset-54-1.png\" \/>\n<meta name=\"twitter:card\" content=\"summary_large_image\" \/>\n<meta name=\"twitter:label1\" content=\"Est. reading time\" \/>\n\t<meta name=\"twitter:data1\" content=\"1 minute\" \/>\n<script type=\"application\/ld+json\" class=\"yoast-schema-graph\">{\"@context\":\"https:\/\/schema.org\",\"@graph\":[{\"@type\":\"Organization\",\"@id\":\"https:\/\/ap.com.al\/#organization\",\"name\":\"Austria Preamix\",\"url\":\"https:\/\/ap.com.al\/\",\"sameAs\":[\"https:\/\/www.instagram.com\/austriapraemix\/\",\"https:\/\/www.facebook.com\/austriapraemiks\/\"],\"logo\":{\"@type\":\"ImageObject\",\"inLanguage\":\"en-US\",\"@id\":\"https:\/\/ap.com.al\/#\/schema\/logo\/image\/\",\"url\":\"https:\/\/ap.com.al\/wp-content\/uploads\/2022\/02\/AP-logo.png\",\"contentUrl\":\"https:\/\/ap.com.al\/wp-content\/uploads\/2022\/02\/AP-logo.png\",\"width\":3358,\"height\":1616,\"caption\":\"Austria Preamix\"},\"image\":{\"@id\":\"https:\/\/ap.com.al\/#\/schema\/logo\/image\/\"}},{\"@type\":\"WebSite\",\"@id\":\"https:\/\/ap.com.al\/#website\",\"url\":\"https:\/\/ap.com.al\/\",\"name\":\"Austria Praemix\",\"description\":\"\",\"publisher\":{\"@id\":\"https:\/\/ap.com.al\/#organization\"},\"potentialAction\":[{\"@type\":\"SearchAction\",\"target\":{\"@type\":\"EntryPoint\",\"urlTemplate\":\"https:\/\/ap.com.al\/?s={search_term_string}\"},\"query-input\":\"required name=search_term_string\"}],\"inLanguage\":\"en-US\"},{\"@type\":\"ImageObject\",\"inLanguage\":\"en-US\",\"@id\":\"https:\/\/ap.com.al\/?page_id=9271#primaryimage\",\"url\":\"https:\/\/ap.com.al\/wp-content\/uploads\/2022\/03\/Asset-54-1.png\",\"contentUrl\":\"https:\/\/ap.com.al\/wp-content\/uploads\/2022\/03\/Asset-54-1.png\",\"width\":355,\"height\":354},{\"@type\":\"WebPage\",\"@id\":\"https:\/\/ap.com.al\/?page_id=9271#webpage\",\"url\":\"https:\/\/ap.com.al\/?page_id=9271\",\"name\":\"Ndihm\u00eb! Gicat e mi nuk po rriten! - Austria Praemix\",\"isPartOf\":{\"@id\":\"https:\/\/ap.com.al\/#website\"},\"primaryImageOfPage\":{\"@id\":\"https:\/\/ap.com.al\/?page_id=9271#primaryimage\"},\"datePublished\":\"2025-06-18T08:11:59+00:00\",\"dateModified\":\"2025-06-18T12:38:03+00:00\",\"breadcrumb\":{\"@id\":\"https:\/\/ap.com.al\/?page_id=9271#breadcrumb\"},\"inLanguage\":\"en-US\",\"potentialAction\":[{\"@type\":\"ReadAction\",\"target\":[\"https:\/\/ap.com.al\/?page_id=9271\"]}]},{\"@type\":\"BreadcrumbList\",\"@id\":\"https:\/\/ap.com.al\/?page_id=9271#breadcrumb\",\"itemListElement\":[{\"@type\":\"ListItem\",\"position\":1,\"name\":\"Home\",\"item\":\"https:\/\/ap.com.al\/\"},{\"@type\":\"ListItem\",\"position\":2,\"name\":\"Ndihm\u00eb! Gicat e mi nuk po rriten!\"}]}]}<\/script>\n<!-- \/ Yoast SEO plugin. -->","yoast_head_json":{"title":"Ndihm\u00eb! Gicat e mi nuk po rriten! - Austria Praemix","robots":{"index":"index","follow":"follow","max-snippet":"max-snippet:-1","max-image-preview":"max-image-preview:large","max-video-preview":"max-video-preview:-1"},"canonical":"https:\/\/ap.com.al\/?page_id=9271","og_locale":"en_US","og_type":"article","og_title":"Ndihm\u00eb! Gicat e mi nuk po rriten! - Austria Praemix","og_description":"Ndihm\u00eb! Gicat e mi nuk po rriten! P\u00ebrpunuar nga Klevis Xhardja Pse gicat nuk po rriten m\u00eb si m\u00eb par\u00eb? Si veteriner, gjithnj\u00eb e m\u00eb shpesh gjat\u00eb vitit t\u00eb kaluar m\u00eb \u00ebsht\u00eb b\u00ebr\u00eb pyetja: &#8220;Pse gicat nuk po rriten si m\u00eb par\u00eb?&#8221;. P\u00ebr fat t\u00eb keq, kjo nuk \u00ebsht\u00eb nj\u00eb pyetje q\u00eb mund t\u00eb marr\u00eb [&hellip;]","og_url":"https:\/\/ap.com.al\/?page_id=9271","og_site_name":"Austria Praemix","article_publisher":"https:\/\/www.facebook.com\/austriapraemiks\/","article_modified_time":"2025-06-18T12:38:03+00:00","og_image":[{"url":"https:\/\/ap.com.al\/wp-content\/uploads\/2022\/03\/Asset-54-1.png"}],"twitter_card":"summary_large_image","twitter_misc":{"Est. reading time":"1 minute"},"schema":{"@context":"https:\/\/schema.org","@graph":[{"@type":"Organization","@id":"https:\/\/ap.com.al\/#organization","name":"Austria Preamix","url":"https:\/\/ap.com.al\/","sameAs":["https:\/\/www.instagram.com\/austriapraemix\/","https:\/\/www.facebook.com\/austriapraemiks\/"],"logo":{"@type":"ImageObject","inLanguage":"en-US","@id":"https:\/\/ap.com.al\/#\/schema\/logo\/image\/","url":"https:\/\/ap.com.al\/wp-content\/uploads\/2022\/02\/AP-logo.png","contentUrl":"https:\/\/ap.com.al\/wp-content\/uploads\/2022\/02\/AP-logo.png","width":3358,"height":1616,"caption":"Austria Preamix"},"image":{"@id":"https:\/\/ap.com.al\/#\/schema\/logo\/image\/"}},{"@type":"WebSite","@id":"https:\/\/ap.com.al\/#website","url":"https:\/\/ap.com.al\/","name":"Austria Praemix","description":"","publisher":{"@id":"https:\/\/ap.com.al\/#organization"},"potentialAction":[{"@type":"SearchAction","target":{"@type":"EntryPoint","urlTemplate":"https:\/\/ap.com.al\/?s={search_term_string}"},"query-input":"required name=search_term_string"}],"inLanguage":"en-US"},{"@type":"ImageObject","inLanguage":"en-US","@id":"https:\/\/ap.com.al\/?page_id=9271#primaryimage","url":"https:\/\/ap.com.al\/wp-content\/uploads\/2022\/03\/Asset-54-1.png","contentUrl":"https:\/\/ap.com.al\/wp-content\/uploads\/2022\/03\/Asset-54-1.png","width":355,"height":354},{"@type":"WebPage","@id":"https:\/\/ap.com.al\/?page_id=9271#webpage","url":"https:\/\/ap.com.al\/?page_id=9271","name":"Ndihm\u00eb! Gicat e mi nuk po rriten! - Austria Praemix","isPartOf":{"@id":"https:\/\/ap.com.al\/#website"},"primaryImageOfPage":{"@id":"https:\/\/ap.com.al\/?page_id=9271#primaryimage"},"datePublished":"2025-06-18T08:11:59+00:00","dateModified":"2025-06-18T12:38:03+00:00","breadcrumb":{"@id":"https:\/\/ap.com.al\/?page_id=9271#breadcrumb"},"inLanguage":"en-US","potentialAction":[{"@type":"ReadAction","target":["https:\/\/ap.com.al\/?page_id=9271"]}]},{"@type":"BreadcrumbList","@id":"https:\/\/ap.com.al\/?page_id=9271#breadcrumb","itemListElement":[{"@type":"ListItem","position":1,"name":"Home","item":"https:\/\/ap.com.al\/"},{"@type":"ListItem","position":2,"name":"Ndihm\u00eb! Gicat e mi nuk po rriten!"}]}]}},"_links":{"self":[{"href":"https:\/\/ap.com.al\/index.php?rest_route=\/wp\/v2\/pages\/9271","targetHints":{"allow":["GET"]}}],"collection":[{"href":"https:\/\/ap.com.al\/index.php?rest_route=\/wp\/v2\/pages"}],"about":[{"href":"https:\/\/ap.com.al\/index.php?rest_route=\/wp\/v2\/types\/page"}],"author":[{"embeddable":true,"href":"https:\/\/ap.com.al\/index.php?rest_route=\/wp\/v2\/users\/2"}],"replies":[{"embeddable":true,"href":"https:\/\/ap.com.al\/index.php?rest_route=%2Fwp%2Fv2%2Fcomments&post=9271"}],"version-history":[{"count":7,"href":"https:\/\/ap.com.al\/index.php?rest_route=\/wp\/v2\/pages\/9271\/revisions"}],"predecessor-version":[{"id":9282,"href":"https:\/\/ap.com.al\/index.php?rest_route=\/wp\/v2\/pages\/9271\/revisions\/9282"}],"wp:attachment":[{"href":"https:\/\/ap.com.al\/index.php?rest_route=%2Fwp%2Fv2%2Fmedia&parent=9271"}],"curies":[{"name":"wp","href":"https:\/\/api.w.org\/{rel}","templated":true}]}}