{"id":9316,"date":"2025-06-27T09:04:11","date_gmt":"2025-06-27T09:04:11","guid":{"rendered":"https:\/\/ap.com.al\/?page_id=9316"},"modified":"2025-06-27T09:11:04","modified_gmt":"2025-06-27T09:11:04","slug":"sa-me-shpejt-aq-me-mire","status":"publish","type":"page","link":"https:\/\/ap.com.al\/?page_id=9316","title":{"rendered":"SA M\u00cb SHPEJT, AQ M\u00cb MIR\u00cb"},"content":{"rendered":"\n<style>\n  #oniiii{\n    background-image:url(\"https:\/\/ap.com.al\/wp-content\/uploads\/2025\/06\/Artikull-22.png\");\n    padding-bottom: 32%;\n    background-position:center center;\n    background-repeat: no-repeat;\n    background-size:cover;\n  }\n  <\/style>\n  <script src=\"https:\/\/code.jquery.com\/jquery-3.5.0.js\">\n<\/script>\n\n<div id=\"oniiii\"><\/div>\n \n<script>\n$( \"#oniiii\" ).insertBefore( \".container_wrap_first\" );\n<\/script>\n\n\n\n<div class=\"wp-block-columns\" id=\"containerr\">\n<div class=\"wp-block-column\">\n<div class=\"avia_textblock\" itemprop=\"text\"><h4 style=\"color:#005a8c;\n\">SA M\u00cb SHPEJT, AQ M\u00cb MIR\u00cb<\/h4>\n<p align=\"right\">\n   P\u00ebrpunuar nga Klevis Xhardja\n<\/p>\n<\/div>\n<\/div>\n<\/div>\n\n\n\n<div class=\"wp-block-columns\" id=\"containerr\">\n<div class=\"wp-block-column\">\n<div class=\"detail__certificates-item-icon\">\n<img decoding=\"async\" alt=\"Icon RINDAMAST UNI\" src=\"https:\/\/ap.com.al\/wp-content\/uploads\/2022\/03\/Asset-51-1.png\">\n<\/div>\n<\/div>\n<\/div>\n\n\n\n<div class=\"wp-block-columns\" id=\"containerr\">\n<div class=\"wp-block-column\">\n<div class=\"blue_marker_list\">\n<h4 style=\"padding-top: 20px;\">Kontrolli i mizave:<\/h4>\n<p align=\"justify\">Me rritjen e temperaturave, mizat rishfaqen n\u00eb stall\u00eb dhe mund t\u00eb shkaktojn\u00eb probleme t\u00eb r\u00ebnd\u00ebsishme: shqet\u00ebsim, rrezik infeksioni dhe humbje t\u00eb prodhimtaris\u00eb. Kontrolli i hersh\u00ebm dhe i synuar i mizave minimizon k\u00ebto humbje. M\u00eb shqet\u00ebsuesja \u00ebsht\u00eb se ato transmetojn\u00eb viruse, baktere dhe patogjen\u00eb t\u00eb tjer\u00eb, duke ndotur muret, ndri\u00e7imin dhe pajisjet. P\u00ebrve\u00e7 k\u00ebsaj, mizat ndikojn\u00eb negativisht edhe n\u00eb prodhimin e qum\u00ebshtit dhe mishit t\u00eb gjedh\u00ebve dhe t\u00eb derrave. N\u00eb p\u00ebrgjith\u00ebsi, mizat jan\u00eb t\u00eb bezdisshme si p\u00ebr kafsh\u00ebt, ashtu edhe p\u00ebr fermer\u00ebt dhe komunitetin p\u00ebrreth.\nN\u00eb zon\u00ebn ton\u00eb gjeografike, ve\u00e7an\u00ebrisht t\u00eb bezdisshme jan\u00eb miza e sht\u00ebpis\u00eb dhe miza kafshuese e vi\u00e7ave. Kjo e fundit ushqehet me gjak dhe gjendet m\u00eb shpesh n\u00eb mbetjet e ushqimit si san\u00eb ose silazh sesa n\u00eb pleh. Larvat e miz\u00ebs s\u00eb plehut mund t\u00eb b\u00ebhen gjithashtu nj\u00eb problem gjat\u00eb ver\u00ebs.\nMeqen\u00ebse zhvillimi i nj\u00eb brezi t\u00eb ri mizash zgjat vet\u00ebm 10-15 dit\u00eb n\u00eb pranver\u00eb, kontrolli i hersh\u00ebm \u00ebsht\u00eb thelb\u00ebsor. Sa m\u00eb shpejt t\u00eb fillojn\u00eb masat e kontrollit, aq m\u00eb i madh \u00ebsht\u00eb suksesi. P\u00ebrve\u00e7 zonave t\u00eb plehut, vendet e zakonshme t\u00eb shumimit p\u00ebrfshijn\u00eb zonat rreth venddepozitimeve t\u00eb plehut organik dhe llumit. Me ngrohjen e motit, problemi i mizave p\u00ebrkeq\u00ebsohet n\u00eb k\u00ebto vende.\nKontrolli i mizave t\u00eb rritura \u00ebsht\u00eb i r\u00ebnd\u00ebsish\u00ebm, por trajton vet\u00ebm simptomat. Nj\u00eb miz\u00eb fem\u00ebr e sht\u00ebpis\u00eb l\u00ebshon 400-700 vez\u00eb gjat\u00eb jet\u00ebs s\u00eb saj t\u00eb shkurt\u00ebr. Brenda 12 or\u00ebve, vez\u00ebt \u00e7elin n\u00eb larva. K\u00ebto larva pup\u00ebzojn\u00eb dhe pas 3-7 dit\u00ebsh shnd\u00ebrrohen n\u00eb miza t\u00eb rritura. N\u00eb rajonet e ngrohta, mund t\u00eb ket\u00eb m\u00eb shum\u00eb se dhjet\u00eb breza n\u00eb vit.\nVet\u00ebm duke parandaluar zhvillimin e vez\u00ebve dhe larvave, problemi mund t\u00eb trajtohet n\u00eb rr\u00ebnj\u00eb dhe numri i mizave mund t\u00eb zvog\u00eblohet n\u00eb t\u00eb ardhmen. Prandaj, duhen marr\u00eb masa t\u00eb nj\u00ebkohshme kund\u00ebr mizave t\u00eb rritura dhe larvave.\n<\/p>\n\n<h4 style=\"padding-top: 20px;\">Masat higjienike:<\/h4>\n<p align=\"justify\">Masa m\u00eb e thjesht\u00eb \u00ebsht\u00eb heqja e rregullt e plehut, si pastrimi i rregullt i stallave ose kullimi javor i kanaleve t\u00eb plehut p\u00ebr t\u00eb parandaluar formimin e shtresave t\u00eb ngjeshura t\u00eb plehut. Kjo p\u00ebrfshin pastrimin e zonave rreth shtyllave, ndarjeve t\u00eb stallave dhe rreth en\u00ebve pir\u00ebse ose ushqyesve automatik\u00eb, ku mizat preferojn\u00eb t\u00eb shumohen. Po ashtu, jasht\u00ebqitjet n\u00eb t\u00eb \u00e7arat e mureve jan\u00eb vende t\u00eb zakonshme p\u00ebr vendosjen e vez\u00ebve.\n\nVentilimi i mir\u00eb i stall\u00ebs ndihmon n\u00eb largimin e mizave, por duhet t\u00eb shmanget ekspozimi i kafsh\u00ebve ndaj rrymave t\u00eb forta t\u00eb ajrit. P\u00ebrve\u00e7 pastrimit t\u00eb kalimeve dhe ushqyesve, \u00ebsht\u00eb e r\u00ebnd\u00ebsishme t\u00eb trajtohen larvat p\u00ebr t\u00eb nd\u00ebrprer\u00eb ciklin e zhvillimit t\u00eb mizave.\nRreth 90% e mizave n\u00eb nj\u00eb ferm\u00eb qum\u00ebshtore zhvillohen n\u00eb zon\u00ebn e vi\u00e7ave. Prandaj, shfaqja e larvave n\u00eb shtresat e thella dhe t\u00eb lag\u00ebshta, vendi kryesor i shumimit, duhet t\u00eb kontrollohet.\nLarvicidet parandalojn\u00eb shnd\u00ebrrimin e larvave duke penguar formimin e kitin\u00ebs dhe jan\u00eb efektive kund\u00ebr t\u00eb gjitha llojeve t\u00eb larvave t\u00eb mizave. Gjat\u00eb p\u00ebrdorimit t\u00eb produkteve, sigurohuni q\u00eb ato t\u00eb arrijn\u00eb n\u00eb zonat e shumimit t\u00eb mizave. \u00cbsht\u00eb e r\u00ebnd\u00ebsishme t\u00eb ndryshoni rregullisht grupin e p\u00ebrb\u00ebr\u00ebsve aktiv\u00eb p\u00ebr t\u00eb shmangur zhvillimin e rezistenc\u00ebs nga mizat. N\u00eb var\u00ebsi t\u00eb motit, trajtimi parandalues duhet t\u00eb kryhet n\u00eb fund t\u00eb prillit ose n\u00eb fillim t\u00eb majit, kur larvat jan\u00eb ende n\u00eb faz\u00ebn e par\u00eb ose t\u00eb dyt\u00eb. N\u00eb zonat e plehut t\u00eb ngurt\u00eb dhe zonat e tjera t\u00eb mbar\u00ebshtimit, preferohet aplikimi i l\u00ebngsh\u00ebm.\n<\/p>\n\n<h4 style=\"padding-top: 20px;\">T\u00ebrheqja dhe asgjesimi:<\/h4>\n<p align=\"justify\">Si mas\u00eb shtes\u00eb p\u00ebr kontrollin e larvave, duhet t\u00eb p\u00ebrdoret parimi i &#8220;t\u00ebrheqjes dhe asgjesimit&#8221;. P\u00ebrdorimi i produkteve t\u00eb tilla rekomandohet ve\u00e7an\u00ebrisht n\u00eb zon\u00ebn e dritareve, tubave t\u00eb qum\u00ebshtit, ndarjeve t\u00eb stallave dhe shtyllave, ku mizat preferojn\u00eb t\u00eb q\u00ebndrojn\u00eb. Granulat e karremit, q\u00eb p\u00ebrmbajn\u00eb sheqer si baz\u00eb bart\u00ebse dhe nj\u00eb t\u00ebrheq\u00ebs seksual, mund t\u00eb vendosen n\u00eb k\u00ebto zona.\nRepelent\u00ebt e mizave gjithashtu mund t\u00eb p\u00ebrdoren si granula karremi. Kujdes: Produktet kund\u00ebr mizave duhet t\u00eb mbahen larg f\u00ebmij\u00ebve dhe kafsh\u00ebve sht\u00ebpiake!\n<\/p>\n<\/div>\n<\/div>\n<\/div>\n\n\n\n<p><\/p>\n","protected":false},"excerpt":{"rendered":"<p>SA M\u00cb SHPEJT, AQ M\u00cb MIR\u00cb P\u00ebrpunuar nga Klevis Xhardja Kontrolli i mizave: Me rritjen e temperaturave, mizat rishfaqen n\u00eb stall\u00eb dhe mund t\u00eb shkaktojn\u00eb probleme t\u00eb r\u00ebnd\u00ebsishme: shqet\u00ebsim, rrezik infeksioni dhe humbje t\u00eb prodhimtaris\u00eb. Kontrolli i hersh\u00ebm dhe i synuar i mizave minimizon k\u00ebto humbje. M\u00eb shqet\u00ebsuesja \u00ebsht\u00eb se ato transmetojn\u00eb viruse, baktere dhe [&hellip;]<\/p>\n","protected":false},"author":2,"featured_media":0,"parent":0,"menu_order":0,"comment_status":"closed","ping_status":"closed","template":"","meta":{"inline_featured_image":false,"footnotes":""},"class_list":["post-9316","page","type-page","status-publish","hentry"],"yoast_head":"<!-- This site is optimized with the Yoast SEO plugin v18.9 - https:\/\/yoast.com\/wordpress\/plugins\/seo\/ -->\n<title>SA M\u00cb SHPEJT, AQ M\u00cb MIR\u00cb - Austria Praemix<\/title>\n<meta name=\"robots\" content=\"index, follow, max-snippet:-1, max-image-preview:large, max-video-preview:-1\" \/>\n<link rel=\"canonical\" href=\"https:\/\/ap.com.al\/?page_id=9316\" \/>\n<meta property=\"og:locale\" content=\"en_US\" \/>\n<meta property=\"og:type\" content=\"article\" \/>\n<meta property=\"og:title\" content=\"SA M\u00cb SHPEJT, AQ M\u00cb MIR\u00cb - Austria Praemix\" \/>\n<meta property=\"og:description\" content=\"SA M\u00cb SHPEJT, AQ M\u00cb MIR\u00cb P\u00ebrpunuar nga Klevis Xhardja Kontrolli i mizave: Me rritjen e temperaturave, mizat rishfaqen n\u00eb stall\u00eb dhe mund t\u00eb shkaktojn\u00eb probleme t\u00eb r\u00ebnd\u00ebsishme: shqet\u00ebsim, rrezik infeksioni dhe humbje t\u00eb prodhimtaris\u00eb. Kontrolli i hersh\u00ebm dhe i synuar i mizave minimizon k\u00ebto humbje. M\u00eb shqet\u00ebsuesja \u00ebsht\u00eb se ato transmetojn\u00eb viruse, baktere dhe [&hellip;]\" \/>\n<meta property=\"og:url\" content=\"https:\/\/ap.com.al\/?page_id=9316\" \/>\n<meta property=\"og:site_name\" content=\"Austria Praemix\" \/>\n<meta property=\"article:publisher\" content=\"https:\/\/www.facebook.com\/austriapraemiks\/\" \/>\n<meta property=\"article:modified_time\" content=\"2025-06-27T09:11:04+00:00\" \/>\n<meta property=\"og:image\" content=\"https:\/\/ap.com.al\/wp-content\/uploads\/2022\/03\/Asset-51-1.png\" \/>\n<meta name=\"twitter:card\" content=\"summary_large_image\" \/>\n<meta name=\"twitter:label1\" content=\"Est. reading time\" \/>\n\t<meta name=\"twitter:data1\" content=\"1 minute\" \/>\n<script type=\"application\/ld+json\" class=\"yoast-schema-graph\">{\"@context\":\"https:\/\/schema.org\",\"@graph\":[{\"@type\":\"Organization\",\"@id\":\"https:\/\/ap.com.al\/#organization\",\"name\":\"Austria Preamix\",\"url\":\"https:\/\/ap.com.al\/\",\"sameAs\":[\"https:\/\/www.instagram.com\/austriapraemix\/\",\"https:\/\/www.facebook.com\/austriapraemiks\/\"],\"logo\":{\"@type\":\"ImageObject\",\"inLanguage\":\"en-US\",\"@id\":\"https:\/\/ap.com.al\/#\/schema\/logo\/image\/\",\"url\":\"https:\/\/ap.com.al\/wp-content\/uploads\/2022\/02\/AP-logo.png\",\"contentUrl\":\"https:\/\/ap.com.al\/wp-content\/uploads\/2022\/02\/AP-logo.png\",\"width\":3358,\"height\":1616,\"caption\":\"Austria Preamix\"},\"image\":{\"@id\":\"https:\/\/ap.com.al\/#\/schema\/logo\/image\/\"}},{\"@type\":\"WebSite\",\"@id\":\"https:\/\/ap.com.al\/#website\",\"url\":\"https:\/\/ap.com.al\/\",\"name\":\"Austria Praemix\",\"description\":\"\",\"publisher\":{\"@id\":\"https:\/\/ap.com.al\/#organization\"},\"potentialAction\":[{\"@type\":\"SearchAction\",\"target\":{\"@type\":\"EntryPoint\",\"urlTemplate\":\"https:\/\/ap.com.al\/?s={search_term_string}\"},\"query-input\":\"required name=search_term_string\"}],\"inLanguage\":\"en-US\"},{\"@type\":\"ImageObject\",\"inLanguage\":\"en-US\",\"@id\":\"https:\/\/ap.com.al\/?page_id=9316#primaryimage\",\"url\":\"https:\/\/ap.com.al\/wp-content\/uploads\/2022\/03\/Asset-51-1.png\",\"contentUrl\":\"https:\/\/ap.com.al\/wp-content\/uploads\/2022\/03\/Asset-51-1.png\",\"width\":355,\"height\":354},{\"@type\":\"WebPage\",\"@id\":\"https:\/\/ap.com.al\/?page_id=9316#webpage\",\"url\":\"https:\/\/ap.com.al\/?page_id=9316\",\"name\":\"SA M\u00cb SHPEJT, AQ M\u00cb MIR\u00cb - Austria Praemix\",\"isPartOf\":{\"@id\":\"https:\/\/ap.com.al\/#website\"},\"primaryImageOfPage\":{\"@id\":\"https:\/\/ap.com.al\/?page_id=9316#primaryimage\"},\"datePublished\":\"2025-06-27T09:04:11+00:00\",\"dateModified\":\"2025-06-27T09:11:04+00:00\",\"breadcrumb\":{\"@id\":\"https:\/\/ap.com.al\/?page_id=9316#breadcrumb\"},\"inLanguage\":\"en-US\",\"potentialAction\":[{\"@type\":\"ReadAction\",\"target\":[\"https:\/\/ap.com.al\/?page_id=9316\"]}]},{\"@type\":\"BreadcrumbList\",\"@id\":\"https:\/\/ap.com.al\/?page_id=9316#breadcrumb\",\"itemListElement\":[{\"@type\":\"ListItem\",\"position\":1,\"name\":\"Home\",\"item\":\"https:\/\/ap.com.al\/\"},{\"@type\":\"ListItem\",\"position\":2,\"name\":\"SA M\u00cb SHPEJT, AQ M\u00cb MIR\u00cb\"}]}]}<\/script>\n<!-- \/ Yoast SEO plugin. -->","yoast_head_json":{"title":"SA M\u00cb SHPEJT, AQ M\u00cb MIR\u00cb - Austria Praemix","robots":{"index":"index","follow":"follow","max-snippet":"max-snippet:-1","max-image-preview":"max-image-preview:large","max-video-preview":"max-video-preview:-1"},"canonical":"https:\/\/ap.com.al\/?page_id=9316","og_locale":"en_US","og_type":"article","og_title":"SA M\u00cb SHPEJT, AQ M\u00cb MIR\u00cb - Austria Praemix","og_description":"SA M\u00cb SHPEJT, AQ M\u00cb MIR\u00cb P\u00ebrpunuar nga Klevis Xhardja Kontrolli i mizave: Me rritjen e temperaturave, mizat rishfaqen n\u00eb stall\u00eb dhe mund t\u00eb shkaktojn\u00eb probleme t\u00eb r\u00ebnd\u00ebsishme: shqet\u00ebsim, rrezik infeksioni dhe humbje t\u00eb prodhimtaris\u00eb. Kontrolli i hersh\u00ebm dhe i synuar i mizave minimizon k\u00ebto humbje. M\u00eb shqet\u00ebsuesja \u00ebsht\u00eb se ato transmetojn\u00eb viruse, baktere dhe [&hellip;]","og_url":"https:\/\/ap.com.al\/?page_id=9316","og_site_name":"Austria Praemix","article_publisher":"https:\/\/www.facebook.com\/austriapraemiks\/","article_modified_time":"2025-06-27T09:11:04+00:00","og_image":[{"url":"https:\/\/ap.com.al\/wp-content\/uploads\/2022\/03\/Asset-51-1.png"}],"twitter_card":"summary_large_image","twitter_misc":{"Est. reading time":"1 minute"},"schema":{"@context":"https:\/\/schema.org","@graph":[{"@type":"Organization","@id":"https:\/\/ap.com.al\/#organization","name":"Austria Preamix","url":"https:\/\/ap.com.al\/","sameAs":["https:\/\/www.instagram.com\/austriapraemix\/","https:\/\/www.facebook.com\/austriapraemiks\/"],"logo":{"@type":"ImageObject","inLanguage":"en-US","@id":"https:\/\/ap.com.al\/#\/schema\/logo\/image\/","url":"https:\/\/ap.com.al\/wp-content\/uploads\/2022\/02\/AP-logo.png","contentUrl":"https:\/\/ap.com.al\/wp-content\/uploads\/2022\/02\/AP-logo.png","width":3358,"height":1616,"caption":"Austria Preamix"},"image":{"@id":"https:\/\/ap.com.al\/#\/schema\/logo\/image\/"}},{"@type":"WebSite","@id":"https:\/\/ap.com.al\/#website","url":"https:\/\/ap.com.al\/","name":"Austria Praemix","description":"","publisher":{"@id":"https:\/\/ap.com.al\/#organization"},"potentialAction":[{"@type":"SearchAction","target":{"@type":"EntryPoint","urlTemplate":"https:\/\/ap.com.al\/?s={search_term_string}"},"query-input":"required name=search_term_string"}],"inLanguage":"en-US"},{"@type":"ImageObject","inLanguage":"en-US","@id":"https:\/\/ap.com.al\/?page_id=9316#primaryimage","url":"https:\/\/ap.com.al\/wp-content\/uploads\/2022\/03\/Asset-51-1.png","contentUrl":"https:\/\/ap.com.al\/wp-content\/uploads\/2022\/03\/Asset-51-1.png","width":355,"height":354},{"@type":"WebPage","@id":"https:\/\/ap.com.al\/?page_id=9316#webpage","url":"https:\/\/ap.com.al\/?page_id=9316","name":"SA M\u00cb SHPEJT, AQ M\u00cb MIR\u00cb - Austria Praemix","isPartOf":{"@id":"https:\/\/ap.com.al\/#website"},"primaryImageOfPage":{"@id":"https:\/\/ap.com.al\/?page_id=9316#primaryimage"},"datePublished":"2025-06-27T09:04:11+00:00","dateModified":"2025-06-27T09:11:04+00:00","breadcrumb":{"@id":"https:\/\/ap.com.al\/?page_id=9316#breadcrumb"},"inLanguage":"en-US","potentialAction":[{"@type":"ReadAction","target":["https:\/\/ap.com.al\/?page_id=9316"]}]},{"@type":"BreadcrumbList","@id":"https:\/\/ap.com.al\/?page_id=9316#breadcrumb","itemListElement":[{"@type":"ListItem","position":1,"name":"Home","item":"https:\/\/ap.com.al\/"},{"@type":"ListItem","position":2,"name":"SA M\u00cb SHPEJT, AQ M\u00cb MIR\u00cb"}]}]}},"_links":{"self":[{"href":"https:\/\/ap.com.al\/index.php?rest_route=\/wp\/v2\/pages\/9316","targetHints":{"allow":["GET"]}}],"collection":[{"href":"https:\/\/ap.com.al\/index.php?rest_route=\/wp\/v2\/pages"}],"about":[{"href":"https:\/\/ap.com.al\/index.php?rest_route=\/wp\/v2\/types\/page"}],"author":[{"embeddable":true,"href":"https:\/\/ap.com.al\/index.php?rest_route=\/wp\/v2\/users\/2"}],"replies":[{"embeddable":true,"href":"https:\/\/ap.com.al\/index.php?rest_route=%2Fwp%2Fv2%2Fcomments&post=9316"}],"version-history":[{"count":3,"href":"https:\/\/ap.com.al\/index.php?rest_route=\/wp\/v2\/pages\/9316\/revisions"}],"predecessor-version":[{"id":9321,"href":"https:\/\/ap.com.al\/index.php?rest_route=\/wp\/v2\/pages\/9316\/revisions\/9321"}],"wp:attachment":[{"href":"https:\/\/ap.com.al\/index.php?rest_route=%2Fwp%2Fv2%2Fmedia&parent=9316"}],"curies":[{"name":"wp","href":"https:\/\/api.w.org\/{rel}","templated":true}]}}