{"id":9326,"date":"2025-07-01T07:20:52","date_gmt":"2025-07-01T07:20:52","guid":{"rendered":"https:\/\/ap.com.al\/?page_id=9326"},"modified":"2025-07-01T08:34:11","modified_gmt":"2025-07-01T08:34:11","slug":"boncrop-solid","status":"publish","type":"page","link":"https:\/\/ap.com.al\/?page_id=9326","title":{"rendered":"BONCROP SOLID"},"content":{"rendered":"\n<p><\/p>\n\n\n\n<style>\n  #oniiii{\n    background-image:url(\"https:\/\/ap.com.al\/wp-content\/uploads\/2025\/06\/Biostimulanzien-in-der-Landwirtschaft.webp\");\n    padding-bottom: 32%;\n    background-position:center bottom;\n    background-repeat: no-repeat;\n    background-size:cover;\n  }\n  <\/style>\n  <script src=\"https:\/\/code.jquery.com\/jquery-3.5.0.js\">\n<\/script>\n\n<div id=\"oniiii\"><\/div>\n \n<script>\n$( \"#oniiii\" ).insertBefore( \".container_wrap_first\" );\n<\/script>\n\n\n\n<div class=\"wp-block-columns\" id=\"containerr\">\n<div class=\"wp-block-column\">\n<div class=\"avia_textblock\" itemprop=\"text\"><h4 style=\"color:#005a8c;\n\">BONCROP SOLID<\/h4>\n<\/div>\n<\/div>\n<\/div>\n\n\n\n<div class=\"wp-block-columns\" id=\"containerr\">\n<div class=\"wp-block-column\">\n<div class=\"detail__certificates-item-icon\">\n<img decoding=\"async\" alt=\"BONSILAGE FORTE\" src=\"https:\/\/ap.com.al\/wp-content\/uploads\/2022\/05\/oeko.png\">\n<\/div>\n<\/div>\n<\/div>\n\n\n\n<div class=\"wp-block-columns\" id=\"containerr\">\n<div class=\"wp-block-column\">\n<div class=\"wp-block-columns\">\n<div class=\"wp-block-column\">\n<div class=\"blue_marker_list\">\n<p align=\"justify\" style=\"margin-bottom: 0; margin-top: 0\">Biostimulant i granuluar p\u00ebr rritje t\u00eb fuqishme<\/p>\n<p align=\"justify\" style=\"margin-bottom: 0; margin-top: 0\">Nj\u00eb kombinim i shk\u00eblqyer: p\u00ebrb\u00ebr\u00ebs aktiv\u00eb t\u00eb vlefsh\u00ebm nga algat + mikroelement\u00eb ushqyes + lloj i ve\u00e7ant\u00eb i Trichoderma = boncrop solid.\n\nTrichoderma dhe alga kafe Ascophyllum nodosum \u2013 nd\u00ebrveprimi i k\u00ebtyre dy p\u00ebrb\u00ebr\u00ebsve t\u00eb koordinuar posa\u00e7\u00ebrisht optimizon disponueshm\u00ebrin\u00eb dhe p\u00ebrthithjen e l\u00ebnd\u00ebve ushqyese nga bim\u00ebt e reja, nxit q\u00ebndrueshm\u00ebrin\u00eb dhe k\u00ebshtu rrit toleranc\u00ebn ndaj stresit n\u00eb faz\u00ebn e hershme. Kjo reflektohet n\u00eb nj\u00eb zhvillim m\u00eb t\u00eb mir\u00eb t\u00eb rr\u00ebnj\u00ebve, m\u00eb pak simptoma stresi dhe kallinj t\u00eb mbushur m\u00eb mir\u00eb \u2013 pa dyshim, rendimenti do t\u00eb t\u00eb fal\u00ebnderoj\u00eb!<\/p>\n<h4 style=\"padding: 20px 0;\">Biostimulant, i granuluar<\/h4>\n<ul style=\"list-style-type: square; \n\tpadding-left: 1em;\">\n<li>Forma e produktit: Formul\u00eb e granuluar<\/li>\n<li>Paketimi: Thas\u00eb t\u00eb m\u00ebdhenj 1.000 kg<\/li>\n<li>Aplikimi: Teknik\u00eb standarde n\u00ebn-rr\u00ebnjore<\/li>\n<li>Doza e aplikimit: 125 kg\/ha<\/li>\n<li>P\u00ebrb\u00ebr\u00ebsit: Ekstrakt i alg\u00ebs Ascophyllum nodosum, Trichoderma, mikroelement\u00eb bor dhe zink<\/li>\n<\/ul>\n<\/div>\n<\/div>\n\n\n\n<div class=\"wp-block-column\">\n<figure class=\"wp-block-image size-full is-resized\"><img loading=\"lazy\" decoding=\"async\" width=\"1000\" height=\"1000\" src=\"https:\/\/ap.com.al\/wp-content\/uploads\/2025\/07\/de_illu_boncrop_Big_Bag_1064x1064_700px.webp\" alt=\"\" class=\"wp-image-9384\" style=\"width:398px;height:auto\" srcset=\"https:\/\/ap.com.al\/wp-content\/uploads\/2025\/07\/de_illu_boncrop_Big_Bag_1064x1064_700px.webp 1000w, https:\/\/ap.com.al\/wp-content\/uploads\/2025\/07\/de_illu_boncrop_Big_Bag_1064x1064_700px-300x300.webp 300w, https:\/\/ap.com.al\/wp-content\/uploads\/2025\/07\/de_illu_boncrop_Big_Bag_1064x1064_700px-80x80.webp 80w, https:\/\/ap.com.al\/wp-content\/uploads\/2025\/07\/de_illu_boncrop_Big_Bag_1064x1064_700px-768x768.webp 768w, https:\/\/ap.com.al\/wp-content\/uploads\/2025\/07\/de_illu_boncrop_Big_Bag_1064x1064_700px-36x36.webp 36w, https:\/\/ap.com.al\/wp-content\/uploads\/2025\/07\/de_illu_boncrop_Big_Bag_1064x1064_700px-180x180.webp 180w, https:\/\/ap.com.al\/wp-content\/uploads\/2025\/07\/de_illu_boncrop_Big_Bag_1064x1064_700px-705x705.webp 705w, https:\/\/ap.com.al\/wp-content\/uploads\/2025\/07\/de_illu_boncrop_Big_Bag_1064x1064_700px-120x120.webp 120w, https:\/\/ap.com.al\/wp-content\/uploads\/2025\/07\/de_illu_boncrop_Big_Bag_1064x1064_700px-450x450.webp 450w\" sizes=\"auto, (max-width: 1000px) 100vw, 1000px\" \/><\/figure>\n<\/div>\n<\/div>\n\n\n\n<div class=\"wp-block-columns\">\n<div class=\"wp-block-column\">\n<div class=\"wp-block-columns\">\n<div class=\"wp-block-column\" style=\"flex-basis:100%\">\n<div class=\"wp-block-group\">\n<figure class=\"wp-block-image size-full is-resized\"><img loading=\"lazy\" decoding=\"async\" width=\"900\" height=\"600\" src=\"https:\/\/ap.com.al\/wp-content\/uploads\/2025\/07\/Maisaussaat_boncrop_solid.webp\" alt=\"\" class=\"wp-image-9385\" style=\"width:630px;height:auto\" srcset=\"https:\/\/ap.com.al\/wp-content\/uploads\/2025\/07\/Maisaussaat_boncrop_solid.webp 900w, https:\/\/ap.com.al\/wp-content\/uploads\/2025\/07\/Maisaussaat_boncrop_solid-300x200.webp 300w, https:\/\/ap.com.al\/wp-content\/uploads\/2025\/07\/Maisaussaat_boncrop_solid-768x512.webp 768w, https:\/\/ap.com.al\/wp-content\/uploads\/2025\/07\/Maisaussaat_boncrop_solid-705x470.webp 705w, https:\/\/ap.com.al\/wp-content\/uploads\/2025\/07\/Maisaussaat_boncrop_solid-450x300.webp 450w\" sizes=\"auto, (max-width: 900px) 100vw, 900px\" \/><\/figure>\n\n\n\n<div class=\"wp-block-columns\">\n<div class=\"wp-block-column\"><\/div>\n\n\n\n<div class=\"wp-block-column\"><\/div>\n<\/div>\n<\/div>\n<\/div>\n<\/div>\n<\/div>\n\n\n\n<div class=\"wp-block-column\">\n<div class=\"blue_marker_list\">\n<h4 style=\"padding: 20px 0;\">Fertilizimi klasik n\u00ebn-rr\u00ebnjor me boncrop solid mund t\u00eb p\u00ebrdoret pa kufizime n\u00eb rajonet me fertilizim t\u00eb mjaftuesh\u00ebm organik dhe me p\u00ebrmbajtje t\u00eb lart\u00eb t\u00eb fosforit n\u00eb tok\u00eb (nga niveli C e lart).<\/h4>\n<h4 style=\"padding: 20px 0;\">Maksimumi i fuqis\u00eb s\u00eb bim\u00ebs \u2013 p\u00ebrdorim i leht\u00eb, rendiment m\u00eb i lart\u00eb<\/h4>\n<ul style=\"list-style-type: square; \n\tpadding-left: 1em;\">\n<li>Mbirritje e shpejt\u00eb &#038; rritje e fort\u00eb e rr\u00ebnj\u00ebve \u2013 nxit zhvillimin efikas t\u00eb bim\u00ebs q\u00eb n\u00eb fillim dhe p\u00ebrmir\u00ebson p\u00ebrthithjen e fosforit.<\/li>\n<li>Rrit rezistenc\u00ebn \u2013 p\u00ebrmir\u00ebson toleranc\u00ebn ndaj t\u00eb ftohtit dhe forcon mbrojtjen natyrore t\u00eb bim\u00ebs.<\/li>\n<li>Rendiment m\u00eb i lart\u00eb \u2013 mb\u00ebshtet rritjen e q\u00ebndrueshme t\u00eb bim\u00ebs dhe optimizon p\u00ebrthithjen e l\u00ebnd\u00ebve ushqyese p\u00ebr rendiment m\u00eb t\u00eb mir\u00eb.<\/li>\n<li>Aplikim i leht\u00eb &#038; efikas \u2013 form\u00eb granuli me shp\u00ebrndarje t\u00eb lart\u00eb, pluhur minimal dhe paketim praktik n\u00eb thas\u00eb t\u00eb m\u00ebdhenj.<\/li>\n<li>P\u00ebrb\u00ebr\u00ebs me cil\u00ebsi t\u00eb lart\u00eb \u2013 p\u00ebrmban ekstraktin nga algat kafe Ascophyllum nodosum, Trichoderma dhe mikroelement\u00ebt bor dhe zink.<\/li>\n<li>Integrim optimal n\u00eb ferm\u00eb \u2013 pa ngarkes\u00eb n\u00eb bilanc dhe aplikim direkt si fertilizim n\u00ebn-rr\u00ebnjor (n\u00eb mis\u00ebr) ose me shp\u00ebrndar\u00ebs fertilizues (p\u00ebr drith\u00ebra dhe kullota) n\u00eb nj\u00eb operacion t\u00eb vet\u00ebm.<\/li><\/ul>\n<\/div>\n<\/div>\n<\/div>\n\n\n\n<div class=\"wp-block-columns\">\n<div class=\"wp-block-column\">\n<div class=\"blue_marker_list\">\n<h4 style=\"padding: 20px 0;\">Lloji ekskluziv Trichoderma<\/h4>\n<p align=\"justify\" style=\"margin-bottom: 0; margin-top: 0\">Trichoderma \u00ebsht\u00eb nj\u00eb k\u00ebrpudh\u00eb q\u00eb gjendet natyrsh\u00ebm n\u00eb tok\u00eb. I p\u00ebrket grupit t\u00eb k\u00ebrpudhave tubulare dhe riprodhohet n\u00eb zon\u00ebn e rr\u00ebnj\u00ebve t\u00eb imta t\u00eb bim\u00ebve. N\u00eb shk\u00ebmbim me produktet metabolike t\u00eb bim\u00ebs, Trichoderma prodhon enzima dhe hormone t\u00eb dobishme p\u00ebr bim\u00ebt.\n\nKy lloj jo vet\u00ebm q\u00eb ka efekt pozitiv te bim\u00ebt, por p\u00ebrmir\u00ebson gjithashtu pjellorin\u00eb e tok\u00ebs dhe aktivitetin mikrobial. Kjo sjell nj\u00eb zhvillim m\u00eb t\u00eb theksuar t\u00eb rr\u00ebnj\u00ebve, duke p\u00ebrmir\u00ebsuar p\u00ebrthithjen e l\u00ebnd\u00ebve ushqyese dhe ujit. N\u00eb t\u00eb nj\u00ebjt\u00ebn koh\u00eb, reduktohet edhe stresi abiotik i shkaktuar nga faktor\u00eb t\u00eb jasht\u00ebm si that\u00ebsira, p\u00ebrmbytja, nxeht\u00ebsia apo i ftohti.\n\nP\u00ebr efekt optimal, k\u00ebrpudha duhet t\u00eb p\u00ebrdoret n\u00eb tok\u00eb q\u00eb n\u00eb fazat m\u00eb t\u00eb hershme t\u00eb zhvillimit t\u00eb bim\u00ebs \u2013 prandaj boncrop solid \u00ebsht\u00eb ideal p\u00ebr t\u2019u p\u00ebrdorur gjat\u00eb mbjelljes!\n\nLloji i patentuar i Trichoderma i p\u00ebrdorur vjen nga k\u00ebrkimet shkencore \u2013 dhe \u00ebsht\u00eb unik.<\/p>\n\n<\/div>\n<\/div>\n<\/div>\n\n\n\n<div class=\"wp-block-columns\">\n<div class=\"wp-block-column\">\n<div class=\"blue_marker_list\">\n<h4 style=\"padding: 10px 0; \">Aplikimi<\/h4>\n<ul style=\"list-style-type: square; padding-left: 1em; margin-bottom: 0;\">\n<li>Mis\u00ebr: gjat\u00eb mbjelljes s\u00eb misrit<\/li>\n<li>Drith\u00ebra &#038; kullota: para mbjelljes \/ n\u00eb fillim t\u00eb vegjetacionit<\/li>\n<p align=\"justify\" style=\"margin-bottom: 0; margin-top: 0\">Aplikimi n\u00eb mis\u00ebr kryhet si nj\u00eb fertilizim klasik n\u00ebn-rr\u00ebnjor nj\u00ebkoh\u00ebsisht me mbjelljen. Fertilizimi n\u00ebn-rr\u00ebnjor lejon aplikimin e p\u00ebrb\u00ebr\u00ebsve aktiv\u00eb shum\u00eb af\u00ebr bim\u00ebve t\u00eb reja. N\u00eb krahasim me fertilizuesit tradicional\u00eb n\u00ebn-rr\u00ebnjor\u00eb, boncrop nuk p\u00ebrb\u00ebn rrezik p\u00ebr fidan\u00ebt dhe mund t\u00eb aplikohet direkt mbi far\u00ebn. Megjithat\u00eb, n\u00eb var\u00ebsi t\u00eb teknik\u00ebs, mund t\u00eb p\u00ebrdoret edhe pozicionimi standard (5 cm n\u00eb an\u00eb dhe 5 cm m\u00eb posht\u00eb se rreshti i far\u00ebs).<\/p>\n<div class=\"avia-button-wrap avia-button-left  avia-builder-el-7  el_after_av_textblock  avia-builder-el-last \"><a href=\"https:\/\/ap.com.al\/wp-content\/uploads\/2025\/07\/boncrop_broschuere.pdf\" target=\"_blank\" class=\"avia-button   avia-icon_select-no avia-color-theme-color avia-size-large avia-position-left \" rel=\"noopener\"><span class=\"avia_iconbox_title\">Lexo m\u00eb shum\u00eb<\/span><\/a><\/div>\n        <\/div>\n<\/div>\n<\/div>\n<\/div>\n<\/div>\n","protected":false},"excerpt":{"rendered":"<p>BONCROP SOLID Biostimulant i granuluar p\u00ebr rritje t\u00eb fuqishme Nj\u00eb kombinim i shk\u00eblqyer: p\u00ebrb\u00ebr\u00ebs aktiv\u00eb t\u00eb vlefsh\u00ebm nga algat + mikroelement\u00eb ushqyes + lloj i ve\u00e7ant\u00eb i Trichoderma = boncrop solid. Trichoderma dhe alga kafe Ascophyllum nodosum \u2013 nd\u00ebrveprimi i k\u00ebtyre dy p\u00ebrb\u00ebr\u00ebsve t\u00eb koordinuar posa\u00e7\u00ebrisht optimizon disponueshm\u00ebrin\u00eb dhe p\u00ebrthithjen e l\u00ebnd\u00ebve ushqyese nga bim\u00ebt [&hellip;]<\/p>\n","protected":false},"author":2,"featured_media":0,"parent":0,"menu_order":0,"comment_status":"closed","ping_status":"closed","template":"","meta":{"inline_featured_image":false,"footnotes":""},"class_list":["post-9326","page","type-page","status-publish","hentry"],"yoast_head":"<!-- This site is optimized with the Yoast SEO plugin v18.9 - https:\/\/yoast.com\/wordpress\/plugins\/seo\/ -->\n<title>BONCROP SOLID - Austria Praemix<\/title>\n<meta name=\"robots\" content=\"index, follow, max-snippet:-1, max-image-preview:large, max-video-preview:-1\" \/>\n<link rel=\"canonical\" href=\"https:\/\/ap.com.al\/?page_id=9326\" \/>\n<meta property=\"og:locale\" content=\"en_US\" \/>\n<meta property=\"og:type\" content=\"article\" \/>\n<meta property=\"og:title\" content=\"BONCROP SOLID - Austria Praemix\" \/>\n<meta property=\"og:description\" content=\"BONCROP SOLID Biostimulant i granuluar p\u00ebr rritje t\u00eb fuqishme Nj\u00eb kombinim i shk\u00eblqyer: p\u00ebrb\u00ebr\u00ebs aktiv\u00eb t\u00eb vlefsh\u00ebm nga algat + mikroelement\u00eb ushqyes + lloj i ve\u00e7ant\u00eb i Trichoderma = boncrop solid. Trichoderma dhe alga kafe Ascophyllum nodosum \u2013 nd\u00ebrveprimi i k\u00ebtyre dy p\u00ebrb\u00ebr\u00ebsve t\u00eb koordinuar posa\u00e7\u00ebrisht optimizon disponueshm\u00ebrin\u00eb dhe p\u00ebrthithjen e l\u00ebnd\u00ebve ushqyese nga bim\u00ebt [&hellip;]\" \/>\n<meta property=\"og:url\" content=\"https:\/\/ap.com.al\/?page_id=9326\" \/>\n<meta property=\"og:site_name\" content=\"Austria Praemix\" \/>\n<meta property=\"article:publisher\" content=\"https:\/\/www.facebook.com\/austriapraemiks\/\" \/>\n<meta property=\"article:modified_time\" content=\"2025-07-01T08:34:11+00:00\" \/>\n<meta property=\"og:image\" content=\"https:\/\/ap.com.al\/wp-content\/uploads\/2022\/05\/oeko.png\" \/>\n<meta name=\"twitter:card\" content=\"summary_large_image\" \/>\n<meta name=\"twitter:label1\" content=\"Est. reading time\" \/>\n\t<meta name=\"twitter:data1\" content=\"1 minute\" \/>\n<script type=\"application\/ld+json\" class=\"yoast-schema-graph\">{\"@context\":\"https:\/\/schema.org\",\"@graph\":[{\"@type\":\"Organization\",\"@id\":\"https:\/\/ap.com.al\/#organization\",\"name\":\"Austria Preamix\",\"url\":\"https:\/\/ap.com.al\/\",\"sameAs\":[\"https:\/\/www.instagram.com\/austriapraemix\/\",\"https:\/\/www.facebook.com\/austriapraemiks\/\"],\"logo\":{\"@type\":\"ImageObject\",\"inLanguage\":\"en-US\",\"@id\":\"https:\/\/ap.com.al\/#\/schema\/logo\/image\/\",\"url\":\"https:\/\/ap.com.al\/wp-content\/uploads\/2022\/02\/AP-logo.png\",\"contentUrl\":\"https:\/\/ap.com.al\/wp-content\/uploads\/2022\/02\/AP-logo.png\",\"width\":3358,\"height\":1616,\"caption\":\"Austria Preamix\"},\"image\":{\"@id\":\"https:\/\/ap.com.al\/#\/schema\/logo\/image\/\"}},{\"@type\":\"WebSite\",\"@id\":\"https:\/\/ap.com.al\/#website\",\"url\":\"https:\/\/ap.com.al\/\",\"name\":\"Austria Praemix\",\"description\":\"\",\"publisher\":{\"@id\":\"https:\/\/ap.com.al\/#organization\"},\"potentialAction\":[{\"@type\":\"SearchAction\",\"target\":{\"@type\":\"EntryPoint\",\"urlTemplate\":\"https:\/\/ap.com.al\/?s={search_term_string}\"},\"query-input\":\"required name=search_term_string\"}],\"inLanguage\":\"en-US\"},{\"@type\":\"ImageObject\",\"inLanguage\":\"en-US\",\"@id\":\"https:\/\/ap.com.al\/?page_id=9326#primaryimage\",\"url\":\"https:\/\/ap.com.al\/wp-content\/uploads\/2022\/05\/oeko.png\",\"contentUrl\":\"https:\/\/ap.com.al\/wp-content\/uploads\/2022\/05\/oeko.png\",\"width\":351,\"height\":351},{\"@type\":\"WebPage\",\"@id\":\"https:\/\/ap.com.al\/?page_id=9326#webpage\",\"url\":\"https:\/\/ap.com.al\/?page_id=9326\",\"name\":\"BONCROP SOLID - Austria Praemix\",\"isPartOf\":{\"@id\":\"https:\/\/ap.com.al\/#website\"},\"primaryImageOfPage\":{\"@id\":\"https:\/\/ap.com.al\/?page_id=9326#primaryimage\"},\"datePublished\":\"2025-07-01T07:20:52+00:00\",\"dateModified\":\"2025-07-01T08:34:11+00:00\",\"breadcrumb\":{\"@id\":\"https:\/\/ap.com.al\/?page_id=9326#breadcrumb\"},\"inLanguage\":\"en-US\",\"potentialAction\":[{\"@type\":\"ReadAction\",\"target\":[\"https:\/\/ap.com.al\/?page_id=9326\"]}]},{\"@type\":\"BreadcrumbList\",\"@id\":\"https:\/\/ap.com.al\/?page_id=9326#breadcrumb\",\"itemListElement\":[{\"@type\":\"ListItem\",\"position\":1,\"name\":\"Home\",\"item\":\"https:\/\/ap.com.al\/\"},{\"@type\":\"ListItem\",\"position\":2,\"name\":\"BONCROP SOLID\"}]}]}<\/script>\n<!-- \/ Yoast SEO plugin. -->","yoast_head_json":{"title":"BONCROP SOLID - Austria Praemix","robots":{"index":"index","follow":"follow","max-snippet":"max-snippet:-1","max-image-preview":"max-image-preview:large","max-video-preview":"max-video-preview:-1"},"canonical":"https:\/\/ap.com.al\/?page_id=9326","og_locale":"en_US","og_type":"article","og_title":"BONCROP SOLID - Austria Praemix","og_description":"BONCROP SOLID Biostimulant i granuluar p\u00ebr rritje t\u00eb fuqishme Nj\u00eb kombinim i shk\u00eblqyer: p\u00ebrb\u00ebr\u00ebs aktiv\u00eb t\u00eb vlefsh\u00ebm nga algat + mikroelement\u00eb ushqyes + lloj i ve\u00e7ant\u00eb i Trichoderma = boncrop solid. Trichoderma dhe alga kafe Ascophyllum nodosum \u2013 nd\u00ebrveprimi i k\u00ebtyre dy p\u00ebrb\u00ebr\u00ebsve t\u00eb koordinuar posa\u00e7\u00ebrisht optimizon disponueshm\u00ebrin\u00eb dhe p\u00ebrthithjen e l\u00ebnd\u00ebve ushqyese nga bim\u00ebt [&hellip;]","og_url":"https:\/\/ap.com.al\/?page_id=9326","og_site_name":"Austria Praemix","article_publisher":"https:\/\/www.facebook.com\/austriapraemiks\/","article_modified_time":"2025-07-01T08:34:11+00:00","og_image":[{"url":"https:\/\/ap.com.al\/wp-content\/uploads\/2022\/05\/oeko.png"}],"twitter_card":"summary_large_image","twitter_misc":{"Est. reading time":"1 minute"},"schema":{"@context":"https:\/\/schema.org","@graph":[{"@type":"Organization","@id":"https:\/\/ap.com.al\/#organization","name":"Austria Preamix","url":"https:\/\/ap.com.al\/","sameAs":["https:\/\/www.instagram.com\/austriapraemix\/","https:\/\/www.facebook.com\/austriapraemiks\/"],"logo":{"@type":"ImageObject","inLanguage":"en-US","@id":"https:\/\/ap.com.al\/#\/schema\/logo\/image\/","url":"https:\/\/ap.com.al\/wp-content\/uploads\/2022\/02\/AP-logo.png","contentUrl":"https:\/\/ap.com.al\/wp-content\/uploads\/2022\/02\/AP-logo.png","width":3358,"height":1616,"caption":"Austria Preamix"},"image":{"@id":"https:\/\/ap.com.al\/#\/schema\/logo\/image\/"}},{"@type":"WebSite","@id":"https:\/\/ap.com.al\/#website","url":"https:\/\/ap.com.al\/","name":"Austria Praemix","description":"","publisher":{"@id":"https:\/\/ap.com.al\/#organization"},"potentialAction":[{"@type":"SearchAction","target":{"@type":"EntryPoint","urlTemplate":"https:\/\/ap.com.al\/?s={search_term_string}"},"query-input":"required name=search_term_string"}],"inLanguage":"en-US"},{"@type":"ImageObject","inLanguage":"en-US","@id":"https:\/\/ap.com.al\/?page_id=9326#primaryimage","url":"https:\/\/ap.com.al\/wp-content\/uploads\/2022\/05\/oeko.png","contentUrl":"https:\/\/ap.com.al\/wp-content\/uploads\/2022\/05\/oeko.png","width":351,"height":351},{"@type":"WebPage","@id":"https:\/\/ap.com.al\/?page_id=9326#webpage","url":"https:\/\/ap.com.al\/?page_id=9326","name":"BONCROP SOLID - Austria Praemix","isPartOf":{"@id":"https:\/\/ap.com.al\/#website"},"primaryImageOfPage":{"@id":"https:\/\/ap.com.al\/?page_id=9326#primaryimage"},"datePublished":"2025-07-01T07:20:52+00:00","dateModified":"2025-07-01T08:34:11+00:00","breadcrumb":{"@id":"https:\/\/ap.com.al\/?page_id=9326#breadcrumb"},"inLanguage":"en-US","potentialAction":[{"@type":"ReadAction","target":["https:\/\/ap.com.al\/?page_id=9326"]}]},{"@type":"BreadcrumbList","@id":"https:\/\/ap.com.al\/?page_id=9326#breadcrumb","itemListElement":[{"@type":"ListItem","position":1,"name":"Home","item":"https:\/\/ap.com.al\/"},{"@type":"ListItem","position":2,"name":"BONCROP SOLID"}]}]}},"_links":{"self":[{"href":"https:\/\/ap.com.al\/index.php?rest_route=\/wp\/v2\/pages\/9326","targetHints":{"allow":["GET"]}}],"collection":[{"href":"https:\/\/ap.com.al\/index.php?rest_route=\/wp\/v2\/pages"}],"about":[{"href":"https:\/\/ap.com.al\/index.php?rest_route=\/wp\/v2\/types\/page"}],"author":[{"embeddable":true,"href":"https:\/\/ap.com.al\/index.php?rest_route=\/wp\/v2\/users\/2"}],"replies":[{"embeddable":true,"href":"https:\/\/ap.com.al\/index.php?rest_route=%2Fwp%2Fv2%2Fcomments&post=9326"}],"version-history":[{"count":63,"href":"https:\/\/ap.com.al\/index.php?rest_route=\/wp\/v2\/pages\/9326\/revisions"}],"predecessor-version":[{"id":9408,"href":"https:\/\/ap.com.al\/index.php?rest_route=\/wp\/v2\/pages\/9326\/revisions\/9408"}],"wp:attachment":[{"href":"https:\/\/ap.com.al\/index.php?rest_route=%2Fwp%2Fv2%2Fmedia&parent=9326"}],"curies":[{"name":"wp","href":"https:\/\/api.w.org\/{rel}","templated":true}]}}